{"id":15031,"date":"2023-04-13T10:10:50","date_gmt":"2023-04-13T10:10:50","guid":{"rendered":"https:\/\/staging.bioswing.ee\/toode\/560-iq\/"},"modified":"2024-11-26T14:08:01","modified_gmt":"2024-11-26T14:08:01","slug":"560-iq","status":"publish","type":"product","link":"https:\/\/staging.bioswing.ee\/da\/toode\/560-iq\/","title":{"rendered":"BIOSWING 560 iQ"},"content":{"rendered":"<h3>BIOSWING 560 iQ<\/h3>\n<ul>\n<li>Ergonomisk kontorstol med ortop\u00e6disk effekt<\/li>\n<li>Integreret, adaptiv 3D s\u00e6dmekanisme<\/li>\n<li>Syntetisk mekanisme med individuel v\u00e6gtjustering (samt finjustering)<\/li>\n<li>3D arml\u00e6n for multifunktionel justering, der passer til forskellige arbejdspositioner<\/li>\n<li>Individuel s\u00e6devinkeljustering med gasfjeder, kontinuerligt justerbar<\/li>\n<li>Yderligere b\u00e6kkenstabilisator<\/li>\n<li>Siddedybden kan justeres for at passe til benl\u00e6ngden<\/li>\n<li>Rygl\u00e6n med justerbar h\u00f8jde, desuden med l\u00e6ndest\u00f8tte med individuelt justerbar kurve<\/li>\n<li>3D nakkest\u00f8tte med kontinuerlig justering af h\u00f8jde, dybde og h\u00e6ldning<\/li>\n<li>Rygst\u00f8ttens h\u00f8jde: 60 cm<\/li>\n<li>Stofbetr\u00e6k: Step, forskellige farver<\/li>\n<li>Stjernebase: Aluminium, poleret<\/li>\n<\/ul>\n<p><iframe title=\"YouTube video player\" src=\"https:\/\/www.youtube.com\/embed\/K0Ht8x3OJnU\" width=\"100%\" height=\"450\" frameborder=\"0\" allowfullscreen=\"allowfullscreen\"><\/iframe><\/p>\n<p><iframe title=\"YouTube video player\" src=\"https:\/\/www.youtube.com\/embed\/RdAkGYfQRU0?si=iZjPFPN7BfNfVNQH\" width=\"100%\" height=\"450\" frameborder=\"0\" allowfullscreen=\"allowfullscreen\"><\/iframe><\/p>\n","protected":false},"excerpt":{"rendered":"<h4>At kunne justere din kontorstol s\u00e5 den passer pr\u00e6cist til dine personlige dimensioner betyder, at du kan forblive sundere og mere motiveret under l\u00e6ngerevarende siddestillinger.<\/h4>\n<p>Det er vigtigt, at stolen tager h\u00f8jde for din<strong> individuelle anatomi <\/strong>og giver tilstr\u00e6kkelige muligheder for \u00e6ndringer og justeringer.<\/p>\n<p>De vigtigste muligheder pr\u00e6senteres nedenfor.<\/p>\n<h4>En kontorstol fra BIOSWING 5-serien giver maksimalt bev\u00e6gelse.<\/h4>\n<p>Takket v\u00e6re de integrerede teknologier reagerer 5-serien ikke kun p\u00e5 hver bev\u00e6gelse fra brugeren, men tilpasser sig ogs\u00e5 hver holdning, der indtages i l\u00f8bet af en lang dag. For efter alt: <strong>den bedste holdning er altid den n\u00e6ste<\/strong>.<\/p>\n<p>Aktiv bev\u00e6gelse kombineret med en opretst\u00e5ende holdning er godt for rygs\u00f8jlen. Med den<strong> individuelt justerbare s\u00e6devinkelsjustering<\/strong> kan du tilpasse vinklen p\u00e5 enhver model fra 5-serien, s\u00e5 den passer perfekt til dine behov, s\u00e5 din rygs\u00f8jle bevarer sin naturlige<strong> S-form<\/strong> takket v\u00e6re din b\u00e6kkenjustering.<\/p>\n<p><img decoding=\"async\" class=\"alignnone wp-image-916\" src=\"https:\/\/staging.bioswing.ee\/wp-content\/uploads\/2023\/04\/pdf.png\" alt=\"pdf\" width=\"19\" height=\"20\"> <a href=\"https:\/\/staging.bioswing.ee\/wp-content\/uploads\/2023\/04\/produktblatt_560_v02_EN.pdf\" target=\"_blank\" rel=\"noopener\">Download Product Sheet (PDF)<\/a><\/p>\n","protected":false},"featured_media":15032,"template":"","meta":[],"product_brand":[],"product_cat":[635],"product_tag":[],"class_list":{"0":"post-15031","1":"product","2":"type-product","3":"status-publish","4":"has-post-thumbnail","6":"product_cat-ledelse-da","8":"first","9":"instock","10":"sale","11":"taxable","12":"shipping-taxable","13":"purchasable","14":"product-type-variable","15":"has-default-attributes"},"yoast_head":"<!-- This site is optimized with the Yoast SEO plugin v27.1.1 - https:\/\/yoast.com\/product\/yoast-seo-wordpress\/ -->\n<title>BIOSWING 560 iQ - BIOSWING<\/title>\n<meta name=\"robots\" content=\"noindex, follow, max-snippet:-1, max-image-preview:large, max-video-preview:-1\" \/>\n<meta property=\"og:locale\" content=\"da_DK\" \/>\n<meta property=\"og:type\" content=\"article\" \/>\n<meta property=\"og:title\" content=\"BIOSWING 560 iQ - BIOSWING\" \/>\n<meta property=\"og:description\" content=\"At kunne justere din kontorstol s\u00e5 den passer pr\u00e6cist til dine personlige dimensioner betyder, at du kan forblive sundere og mere motiveret under l\u00e6ngerevarende siddestillinger. Det er vigtigt, at stolen tager h\u00f8jde for din individuelle anatomi og giver tilstr\u00e6kkelige muligheder for \u00e6ndringer og justeringer. De vigtigste muligheder pr\u00e6senteres nedenfor. En kontorstol fra BIOSWING 5-serien giver maksimalt bev\u00e6gelse. Takket v\u00e6re de integrerede teknologier reagerer 5-serien ikke kun p\u00e5 hver bev\u00e6gelse fra brugeren, men tilpasser sig ogs\u00e5 hver holdning, der indtages i l\u00f8bet af en lang dag. For efter alt: den bedste holdning er altid den n\u00e6ste. Aktiv bev\u00e6gelse kombineret med en opretst\u00e5ende holdning er godt for rygs\u00f8jlen. Med den individuelt justerbare s\u00e6devinkelsjustering kan du tilpasse vinklen p\u00e5 enhver model fra 5-serien, s\u00e5 den passer perfekt til dine behov, s\u00e5 din rygs\u00f8jle bevarer sin naturlige S-form takket v\u00e6re din b\u00e6kkenjustering.  Download Product Sheet (PDF)\" \/>\n<meta property=\"og:url\" content=\"https:\/\/staging.bioswing.ee\/da\/toode\/560-iq\/\" \/>\n<meta property=\"og:site_name\" content=\"BIOSWING\" \/>\n<meta property=\"article:modified_time\" content=\"2024-11-26T14:08:01+00:00\" \/>\n<meta property=\"og:image\" content=\"https:\/\/bioswing.ee\/wp-content\/uploads\/2023\/04\/560_IQ.jpg\" \/>\n\t<meta property=\"og:image:width\" content=\"1874\" \/>\n\t<meta property=\"og:image:height\" content=\"2500\" \/>\n\t<meta property=\"og:image:type\" content=\"image\/jpeg\" \/>\n<meta name=\"twitter:card\" content=\"summary_large_image\" \/>\n<meta name=\"twitter:label1\" content=\"Estimeret l\u00e6setid\" \/>\n\t<meta name=\"twitter:data1\" content=\"1 minut\" \/>\n<script type=\"application\/ld+json\" class=\"yoast-schema-graph\">{\"@context\":\"https:\/\/schema.org\",\"@graph\":[{\"@type\":\"WebPage\",\"@id\":\"https:\/\/staging.bioswing.ee\/da\/toode\/560-iq\/\",\"url\":\"https:\/\/staging.bioswing.ee\/da\/toode\/560-iq\/\",\"name\":\"BIOSWING 560 iQ - BIOSWING\",\"isPartOf\":{\"@id\":\"https:\/\/staging.bioswing.ee\/da\/#website\"},\"primaryImageOfPage\":{\"@id\":\"https:\/\/staging.bioswing.ee\/da\/toode\/560-iq\/#primaryimage\"},\"image\":{\"@id\":\"https:\/\/staging.bioswing.ee\/da\/toode\/560-iq\/#primaryimage\"},\"thumbnailUrl\":\"https:\/\/staging.bioswing.ee\/wp-content\/uploads\/2023\/04\/560_IQ.jpg\",\"datePublished\":\"2023-04-13T10:10:50+00:00\",\"dateModified\":\"2024-11-26T14:08:01+00:00\",\"breadcrumb\":{\"@id\":\"https:\/\/staging.bioswing.ee\/da\/toode\/560-iq\/#breadcrumb\"},\"inLanguage\":\"da-DK\",\"potentialAction\":[{\"@type\":\"ReadAction\",\"target\":[\"https:\/\/staging.bioswing.ee\/da\/toode\/560-iq\/\"]}]},{\"@type\":\"ImageObject\",\"inLanguage\":\"da-DK\",\"@id\":\"https:\/\/staging.bioswing.ee\/da\/toode\/560-iq\/#primaryimage\",\"url\":\"https:\/\/staging.bioswing.ee\/wp-content\/uploads\/2023\/04\/560_IQ.jpg\",\"contentUrl\":\"https:\/\/staging.bioswing.ee\/wp-content\/uploads\/2023\/04\/560_IQ.jpg\",\"width\":1874,\"height\":2500},{\"@type\":\"BreadcrumbList\",\"@id\":\"https:\/\/staging.bioswing.ee\/da\/toode\/560-iq\/#breadcrumb\",\"itemListElement\":[{\"@type\":\"ListItem\",\"position\":1,\"name\":\"Home\",\"item\":\"https:\/\/bioswing.ee\/da\/\"},{\"@type\":\"ListItem\",\"position\":2,\"name\":\"SHOP\",\"item\":\"https:\/\/bioswing.ee\/da\/shop\/\"},{\"@type\":\"ListItem\",\"position\":3,\"name\":\"BIOSWING 560 iQ\"}]},{\"@type\":\"WebSite\",\"@id\":\"https:\/\/staging.bioswing.ee\/da\/#website\",\"url\":\"https:\/\/staging.bioswing.ee\/da\/\",\"name\":\"BIOSWING\",\"description\":\"Smart solutions for healthy sitting\",\"publisher\":{\"@id\":\"https:\/\/staging.bioswing.ee\/da\/#organization\"},\"potentialAction\":[{\"@type\":\"SearchAction\",\"target\":{\"@type\":\"EntryPoint\",\"urlTemplate\":\"https:\/\/staging.bioswing.ee\/da\/?s={search_term_string}\"},\"query-input\":{\"@type\":\"PropertyValueSpecification\",\"valueRequired\":true,\"valueName\":\"search_term_string\"}}],\"inLanguage\":\"da-DK\"},{\"@type\":\"Organization\",\"@id\":\"https:\/\/staging.bioswing.ee\/da\/#organization\",\"name\":\"BIOSWING\",\"url\":\"https:\/\/staging.bioswing.ee\/da\/\",\"logo\":{\"@type\":\"ImageObject\",\"inLanguage\":\"da-DK\",\"@id\":\"https:\/\/staging.bioswing.ee\/da\/#\/schema\/logo\/image\/\",\"url\":\"https:\/\/staging.bioswing.ee\/wp-content\/uploads\/2023\/04\/logo_web.png\",\"contentUrl\":\"https:\/\/staging.bioswing.ee\/wp-content\/uploads\/2023\/04\/logo_web.png\",\"width\":140,\"height\":122,\"caption\":\"BIOSWING\"},\"image\":{\"@id\":\"https:\/\/staging.bioswing.ee\/da\/#\/schema\/logo\/image\/\"}}]}<\/script>\n<!-- \/ Yoast SEO plugin. -->","yoast_head_json":{"title":"BIOSWING 560 iQ - BIOSWING","robots":{"index":"noindex","follow":"follow","max-snippet":"max-snippet:-1","max-image-preview":"max-image-preview:large","max-video-preview":"max-video-preview:-1"},"og_locale":"da_DK","og_type":"article","og_title":"BIOSWING 560 iQ - BIOSWING","og_description":"At kunne justere din kontorstol s\u00e5 den passer pr\u00e6cist til dine personlige dimensioner betyder, at du kan forblive sundere og mere motiveret under l\u00e6ngerevarende siddestillinger. Det er vigtigt, at stolen tager h\u00f8jde for din individuelle anatomi og giver tilstr\u00e6kkelige muligheder for \u00e6ndringer og justeringer. De vigtigste muligheder pr\u00e6senteres nedenfor. En kontorstol fra BIOSWING 5-serien giver maksimalt bev\u00e6gelse. Takket v\u00e6re de integrerede teknologier reagerer 5-serien ikke kun p\u00e5 hver bev\u00e6gelse fra brugeren, men tilpasser sig ogs\u00e5 hver holdning, der indtages i l\u00f8bet af en lang dag. For efter alt: den bedste holdning er altid den n\u00e6ste. Aktiv bev\u00e6gelse kombineret med en opretst\u00e5ende holdning er godt for rygs\u00f8jlen. Med den individuelt justerbare s\u00e6devinkelsjustering kan du tilpasse vinklen p\u00e5 enhver model fra 5-serien, s\u00e5 den passer perfekt til dine behov, s\u00e5 din rygs\u00f8jle bevarer sin naturlige S-form takket v\u00e6re din b\u00e6kkenjustering.  Download Product Sheet (PDF)","og_url":"https:\/\/staging.bioswing.ee\/da\/toode\/560-iq\/","og_site_name":"BIOSWING","article_modified_time":"2024-11-26T14:08:01+00:00","og_image":[{"width":1874,"height":2500,"url":"https:\/\/bioswing.ee\/wp-content\/uploads\/2023\/04\/560_IQ.jpg","type":"image\/jpeg"}],"twitter_card":"summary_large_image","twitter_misc":{"Estimeret l\u00e6setid":"1 minut"},"schema":{"@context":"https:\/\/schema.org","@graph":[{"@type":"WebPage","@id":"https:\/\/staging.bioswing.ee\/da\/toode\/560-iq\/","url":"https:\/\/staging.bioswing.ee\/da\/toode\/560-iq\/","name":"BIOSWING 560 iQ - BIOSWING","isPartOf":{"@id":"https:\/\/staging.bioswing.ee\/da\/#website"},"primaryImageOfPage":{"@id":"https:\/\/staging.bioswing.ee\/da\/toode\/560-iq\/#primaryimage"},"image":{"@id":"https:\/\/staging.bioswing.ee\/da\/toode\/560-iq\/#primaryimage"},"thumbnailUrl":"https:\/\/staging.bioswing.ee\/wp-content\/uploads\/2023\/04\/560_IQ.jpg","datePublished":"2023-04-13T10:10:50+00:00","dateModified":"2024-11-26T14:08:01+00:00","breadcrumb":{"@id":"https:\/\/staging.bioswing.ee\/da\/toode\/560-iq\/#breadcrumb"},"inLanguage":"da-DK","potentialAction":[{"@type":"ReadAction","target":["https:\/\/staging.bioswing.ee\/da\/toode\/560-iq\/"]}]},{"@type":"ImageObject","inLanguage":"da-DK","@id":"https:\/\/staging.bioswing.ee\/da\/toode\/560-iq\/#primaryimage","url":"https:\/\/staging.bioswing.ee\/wp-content\/uploads\/2023\/04\/560_IQ.jpg","contentUrl":"https:\/\/staging.bioswing.ee\/wp-content\/uploads\/2023\/04\/560_IQ.jpg","width":1874,"height":2500},{"@type":"BreadcrumbList","@id":"https:\/\/staging.bioswing.ee\/da\/toode\/560-iq\/#breadcrumb","itemListElement":[{"@type":"ListItem","position":1,"name":"Home","item":"https:\/\/bioswing.ee\/da\/"},{"@type":"ListItem","position":2,"name":"SHOP","item":"https:\/\/bioswing.ee\/da\/shop\/"},{"@type":"ListItem","position":3,"name":"BIOSWING 560 iQ"}]},{"@type":"WebSite","@id":"https:\/\/staging.bioswing.ee\/da\/#website","url":"https:\/\/staging.bioswing.ee\/da\/","name":"BIOSWING","description":"Smart solutions for healthy sitting","publisher":{"@id":"https:\/\/staging.bioswing.ee\/da\/#organization"},"potentialAction":[{"@type":"SearchAction","target":{"@type":"EntryPoint","urlTemplate":"https:\/\/staging.bioswing.ee\/da\/?s={search_term_string}"},"query-input":{"@type":"PropertyValueSpecification","valueRequired":true,"valueName":"search_term_string"}}],"inLanguage":"da-DK"},{"@type":"Organization","@id":"https:\/\/staging.bioswing.ee\/da\/#organization","name":"BIOSWING","url":"https:\/\/staging.bioswing.ee\/da\/","logo":{"@type":"ImageObject","inLanguage":"da-DK","@id":"https:\/\/staging.bioswing.ee\/da\/#\/schema\/logo\/image\/","url":"https:\/\/staging.bioswing.ee\/wp-content\/uploads\/2023\/04\/logo_web.png","contentUrl":"https:\/\/staging.bioswing.ee\/wp-content\/uploads\/2023\/04\/logo_web.png","width":140,"height":122,"caption":"BIOSWING"},"image":{"@id":"https:\/\/staging.bioswing.ee\/da\/#\/schema\/logo\/image\/"}}]}},"_links":{"self":[{"href":"https:\/\/staging.bioswing.ee\/da\/wp-json\/wp\/v2\/product\/15031","targetHints":{"allow":["GET"]}}],"collection":[{"href":"https:\/\/staging.bioswing.ee\/da\/wp-json\/wp\/v2\/product"}],"about":[{"href":"https:\/\/staging.bioswing.ee\/da\/wp-json\/wp\/v2\/types\/product"}],"wp:featuredmedia":[{"embeddable":true,"href":"https:\/\/staging.bioswing.ee\/da\/wp-json\/wp\/v2\/media\/15032"}],"wp:attachment":[{"href":"https:\/\/staging.bioswing.ee\/da\/wp-json\/wp\/v2\/media?parent=15031"}],"wp:term":[{"taxonomy":"product_brand","embeddable":true,"href":"https:\/\/staging.bioswing.ee\/da\/wp-json\/wp\/v2\/product_brand?post=15031"},{"taxonomy":"product_cat","embeddable":true,"href":"https:\/\/staging.bioswing.ee\/da\/wp-json\/wp\/v2\/product_cat?post=15031"},{"taxonomy":"product_tag","embeddable":true,"href":"https:\/\/staging.bioswing.ee\/da\/wp-json\/wp\/v2\/product_tag?post=15031"}],"curies":[{"name":"wp","href":"https:\/\/api.w.org\/{rel}","templated":true}]}}