{"id":15607,"date":"2024-11-21T08:23:24","date_gmt":"2024-11-21T08:23:24","guid":{"rendered":"https:\/\/staging.bioswing.ee\/toode\/bioswing-propriomed-1\/"},"modified":"2024-11-28T11:45:17","modified_gmt":"2024-11-28T11:45:17","slug":"bioswing-propriomed-1","status":"publish","type":"product","link":"https:\/\/staging.bioswing.ee\/da\/toode\/bioswing-propriomed-1\/","title":{"rendered":"BIOSWING\u00ae Propriomed\u00ae 1"},"content":{"rendered":"","protected":false},"excerpt":{"rendered":"<p><strong>BIOSWING Propriomed<sup>\u00ae <\/sup>1 <\/strong>(gul) er 190 cm lang og har to kontinuerligt justerbare frekvensregulatorer p\u00e5 hver side. Den terapeutiske begynder-svingstav d\u00e6kker de frekvenser, der er relevante for de fleste patienter i neuro-ortop\u00e6disk rehabilitering med sit frekvensspektrum p\u00e5 3,0 til 4,0 Hz.<\/p>\n<ul>\n<li>H\u00e5ndtag\/D\u00e6mpningselementer: Sort\/Gr\u00e5 Desmopan\u00ae<\/li>\n<li>Svingtr\u00e5d: S\u00f8lv, flere gange raffineret fjederst\u00e5l<\/li>\n<li>Svingtr\u00e5dens l\u00e6ngde: 190 cm<\/li>\n<li>Endeh\u00e6tter\/Frekvensregulator: Sort PU<\/li>\n<li>Leveres i et skruel\u00e5g-beskyttelsesr\u00f8r med instruktioner<\/li>\n<\/ul>\n","protected":false},"featured_media":15608,"template":"","meta":[],"product_brand":[],"product_cat":[838],"product_tag":[],"class_list":{"0":"post-15607","1":"product","2":"type-product","3":"status-publish","4":"has-post-thumbnail","6":"product_cat-propriomed-da","8":"first","9":"instock","10":"taxable","11":"shipping-taxable","12":"purchasable","13":"product-type-simple"},"yoast_head":"<!-- This site is optimized with the Yoast SEO plugin v27.1.1 - https:\/\/yoast.com\/product\/yoast-seo-wordpress\/ -->\n<title>BIOSWING\u00ae Propriomed\u00ae 1 - BIOSWING<\/title>\n<meta name=\"robots\" content=\"noindex, follow, max-snippet:-1, max-image-preview:large, max-video-preview:-1\" \/>\n<meta property=\"og:locale\" content=\"da_DK\" \/>\n<meta property=\"og:type\" content=\"article\" \/>\n<meta property=\"og:title\" content=\"BIOSWING\u00ae Propriomed\u00ae 1 - BIOSWING\" \/>\n<meta property=\"og:description\" content=\"BIOSWING Propriomed\u00ae 1 (gul) er 190 cm lang og har to kontinuerligt justerbare frekvensregulatorer p\u00e5 hver side. Den terapeutiske begynder-svingstav d\u00e6kker de frekvenser, der er relevante for de fleste patienter i neuro-ortop\u00e6disk rehabilitering med sit frekvensspektrum p\u00e5 3,0 til 4,0 Hz.  H\u00e5ndtag\/D\u00e6mpningselementer: Sort\/Gr\u00e5 Desmopan\u00ae  Svingtr\u00e5d: S\u00f8lv, flere gange raffineret fjederst\u00e5l  Svingtr\u00e5dens l\u00e6ngde: 190 cm  Endeh\u00e6tter\/Frekvensregulator: Sort PU  Leveres i et skruel\u00e5g-beskyttelsesr\u00f8r med instruktioner\" \/>\n<meta property=\"og:url\" content=\"https:\/\/staging.bioswing.ee\/da\/toode\/bioswing-propriomed-1\/\" \/>\n<meta property=\"og:site_name\" content=\"BIOSWING\" \/>\n<meta property=\"article:modified_time\" content=\"2024-11-28T11:45:17+00:00\" \/>\n<meta property=\"og:image\" content=\"https:\/\/bioswing.ee\/wp-content\/uploads\/2024\/11\/propriomed1.jpg\" \/>\n\t<meta property=\"og:image:width\" content=\"1500\" \/>\n\t<meta property=\"og:image:height\" content=\"2000\" \/>\n\t<meta property=\"og:image:type\" content=\"image\/jpeg\" \/>\n<meta name=\"twitter:card\" content=\"summary_large_image\" \/>\n<script type=\"application\/ld+json\" class=\"yoast-schema-graph\">{\"@context\":\"https:\/\/schema.org\",\"@graph\":[{\"@type\":\"WebPage\",\"@id\":\"https:\/\/staging.bioswing.ee\/da\/toode\/bioswing-propriomed-1\/\",\"url\":\"https:\/\/staging.bioswing.ee\/da\/toode\/bioswing-propriomed-1\/\",\"name\":\"BIOSWING\u00ae Propriomed\u00ae 1 - BIOSWING\",\"isPartOf\":{\"@id\":\"https:\/\/staging.bioswing.ee\/da\/#website\"},\"primaryImageOfPage\":{\"@id\":\"https:\/\/staging.bioswing.ee\/da\/toode\/bioswing-propriomed-1\/#primaryimage\"},\"image\":{\"@id\":\"https:\/\/staging.bioswing.ee\/da\/toode\/bioswing-propriomed-1\/#primaryimage\"},\"thumbnailUrl\":\"https:\/\/staging.bioswing.ee\/wp-content\/uploads\/2024\/11\/propriomed1.jpg\",\"datePublished\":\"2024-11-21T08:23:24+00:00\",\"dateModified\":\"2024-11-28T11:45:17+00:00\",\"breadcrumb\":{\"@id\":\"https:\/\/staging.bioswing.ee\/da\/toode\/bioswing-propriomed-1\/#breadcrumb\"},\"inLanguage\":\"da-DK\",\"potentialAction\":[{\"@type\":\"ReadAction\",\"target\":[\"https:\/\/staging.bioswing.ee\/da\/toode\/bioswing-propriomed-1\/\"]}]},{\"@type\":\"ImageObject\",\"inLanguage\":\"da-DK\",\"@id\":\"https:\/\/staging.bioswing.ee\/da\/toode\/bioswing-propriomed-1\/#primaryimage\",\"url\":\"https:\/\/staging.bioswing.ee\/wp-content\/uploads\/2024\/11\/propriomed1.jpg\",\"contentUrl\":\"https:\/\/staging.bioswing.ee\/wp-content\/uploads\/2024\/11\/propriomed1.jpg\",\"width\":1500,\"height\":2000},{\"@type\":\"BreadcrumbList\",\"@id\":\"https:\/\/staging.bioswing.ee\/da\/toode\/bioswing-propriomed-1\/#breadcrumb\",\"itemListElement\":[{\"@type\":\"ListItem\",\"position\":1,\"name\":\"Home\",\"item\":\"https:\/\/bioswing.ee\/da\/\"},{\"@type\":\"ListItem\",\"position\":2,\"name\":\"SHOP\",\"item\":\"https:\/\/bioswing.ee\/da\/shop\/\"},{\"@type\":\"ListItem\",\"position\":3,\"name\":\"BIOSWING\u00ae Propriomed\u00ae 1\"}]},{\"@type\":\"WebSite\",\"@id\":\"https:\/\/staging.bioswing.ee\/da\/#website\",\"url\":\"https:\/\/staging.bioswing.ee\/da\/\",\"name\":\"BIOSWING\",\"description\":\"Smart solutions for healthy sitting\",\"publisher\":{\"@id\":\"https:\/\/staging.bioswing.ee\/da\/#organization\"},\"potentialAction\":[{\"@type\":\"SearchAction\",\"target\":{\"@type\":\"EntryPoint\",\"urlTemplate\":\"https:\/\/staging.bioswing.ee\/da\/?s={search_term_string}\"},\"query-input\":{\"@type\":\"PropertyValueSpecification\",\"valueRequired\":true,\"valueName\":\"search_term_string\"}}],\"inLanguage\":\"da-DK\"},{\"@type\":\"Organization\",\"@id\":\"https:\/\/staging.bioswing.ee\/da\/#organization\",\"name\":\"BIOSWING\",\"url\":\"https:\/\/staging.bioswing.ee\/da\/\",\"logo\":{\"@type\":\"ImageObject\",\"inLanguage\":\"da-DK\",\"@id\":\"https:\/\/staging.bioswing.ee\/da\/#\/schema\/logo\/image\/\",\"url\":\"https:\/\/staging.bioswing.ee\/wp-content\/uploads\/2023\/04\/logo_web.png\",\"contentUrl\":\"https:\/\/staging.bioswing.ee\/wp-content\/uploads\/2023\/04\/logo_web.png\",\"width\":140,\"height\":122,\"caption\":\"BIOSWING\"},\"image\":{\"@id\":\"https:\/\/staging.bioswing.ee\/da\/#\/schema\/logo\/image\/\"}}]}<\/script>\n<!-- \/ Yoast SEO plugin. -->","yoast_head_json":{"title":"BIOSWING\u00ae Propriomed\u00ae 1 - BIOSWING","robots":{"index":"noindex","follow":"follow","max-snippet":"max-snippet:-1","max-image-preview":"max-image-preview:large","max-video-preview":"max-video-preview:-1"},"og_locale":"da_DK","og_type":"article","og_title":"BIOSWING\u00ae Propriomed\u00ae 1 - BIOSWING","og_description":"BIOSWING Propriomed\u00ae 1 (gul) er 190 cm lang og har to kontinuerligt justerbare frekvensregulatorer p\u00e5 hver side. Den terapeutiske begynder-svingstav d\u00e6kker de frekvenser, der er relevante for de fleste patienter i neuro-ortop\u00e6disk rehabilitering med sit frekvensspektrum p\u00e5 3,0 til 4,0 Hz.  H\u00e5ndtag\/D\u00e6mpningselementer: Sort\/Gr\u00e5 Desmopan\u00ae  Svingtr\u00e5d: S\u00f8lv, flere gange raffineret fjederst\u00e5l  Svingtr\u00e5dens l\u00e6ngde: 190 cm  Endeh\u00e6tter\/Frekvensregulator: Sort PU  Leveres i et skruel\u00e5g-beskyttelsesr\u00f8r med instruktioner","og_url":"https:\/\/staging.bioswing.ee\/da\/toode\/bioswing-propriomed-1\/","og_site_name":"BIOSWING","article_modified_time":"2024-11-28T11:45:17+00:00","og_image":[{"width":1500,"height":2000,"url":"https:\/\/bioswing.ee\/wp-content\/uploads\/2024\/11\/propriomed1.jpg","type":"image\/jpeg"}],"twitter_card":"summary_large_image","schema":{"@context":"https:\/\/schema.org","@graph":[{"@type":"WebPage","@id":"https:\/\/staging.bioswing.ee\/da\/toode\/bioswing-propriomed-1\/","url":"https:\/\/staging.bioswing.ee\/da\/toode\/bioswing-propriomed-1\/","name":"BIOSWING\u00ae Propriomed\u00ae 1 - BIOSWING","isPartOf":{"@id":"https:\/\/staging.bioswing.ee\/da\/#website"},"primaryImageOfPage":{"@id":"https:\/\/staging.bioswing.ee\/da\/toode\/bioswing-propriomed-1\/#primaryimage"},"image":{"@id":"https:\/\/staging.bioswing.ee\/da\/toode\/bioswing-propriomed-1\/#primaryimage"},"thumbnailUrl":"https:\/\/staging.bioswing.ee\/wp-content\/uploads\/2024\/11\/propriomed1.jpg","datePublished":"2024-11-21T08:23:24+00:00","dateModified":"2024-11-28T11:45:17+00:00","breadcrumb":{"@id":"https:\/\/staging.bioswing.ee\/da\/toode\/bioswing-propriomed-1\/#breadcrumb"},"inLanguage":"da-DK","potentialAction":[{"@type":"ReadAction","target":["https:\/\/staging.bioswing.ee\/da\/toode\/bioswing-propriomed-1\/"]}]},{"@type":"ImageObject","inLanguage":"da-DK","@id":"https:\/\/staging.bioswing.ee\/da\/toode\/bioswing-propriomed-1\/#primaryimage","url":"https:\/\/staging.bioswing.ee\/wp-content\/uploads\/2024\/11\/propriomed1.jpg","contentUrl":"https:\/\/staging.bioswing.ee\/wp-content\/uploads\/2024\/11\/propriomed1.jpg","width":1500,"height":2000},{"@type":"BreadcrumbList","@id":"https:\/\/staging.bioswing.ee\/da\/toode\/bioswing-propriomed-1\/#breadcrumb","itemListElement":[{"@type":"ListItem","position":1,"name":"Home","item":"https:\/\/bioswing.ee\/da\/"},{"@type":"ListItem","position":2,"name":"SHOP","item":"https:\/\/bioswing.ee\/da\/shop\/"},{"@type":"ListItem","position":3,"name":"BIOSWING\u00ae Propriomed\u00ae 1"}]},{"@type":"WebSite","@id":"https:\/\/staging.bioswing.ee\/da\/#website","url":"https:\/\/staging.bioswing.ee\/da\/","name":"BIOSWING","description":"Smart solutions for healthy sitting","publisher":{"@id":"https:\/\/staging.bioswing.ee\/da\/#organization"},"potentialAction":[{"@type":"SearchAction","target":{"@type":"EntryPoint","urlTemplate":"https:\/\/staging.bioswing.ee\/da\/?s={search_term_string}"},"query-input":{"@type":"PropertyValueSpecification","valueRequired":true,"valueName":"search_term_string"}}],"inLanguage":"da-DK"},{"@type":"Organization","@id":"https:\/\/staging.bioswing.ee\/da\/#organization","name":"BIOSWING","url":"https:\/\/staging.bioswing.ee\/da\/","logo":{"@type":"ImageObject","inLanguage":"da-DK","@id":"https:\/\/staging.bioswing.ee\/da\/#\/schema\/logo\/image\/","url":"https:\/\/staging.bioswing.ee\/wp-content\/uploads\/2023\/04\/logo_web.png","contentUrl":"https:\/\/staging.bioswing.ee\/wp-content\/uploads\/2023\/04\/logo_web.png","width":140,"height":122,"caption":"BIOSWING"},"image":{"@id":"https:\/\/staging.bioswing.ee\/da\/#\/schema\/logo\/image\/"}}]}},"_links":{"self":[{"href":"https:\/\/staging.bioswing.ee\/da\/wp-json\/wp\/v2\/product\/15607","targetHints":{"allow":["GET"]}}],"collection":[{"href":"https:\/\/staging.bioswing.ee\/da\/wp-json\/wp\/v2\/product"}],"about":[{"href":"https:\/\/staging.bioswing.ee\/da\/wp-json\/wp\/v2\/types\/product"}],"wp:featuredmedia":[{"embeddable":true,"href":"https:\/\/staging.bioswing.ee\/da\/wp-json\/wp\/v2\/media\/15608"}],"wp:attachment":[{"href":"https:\/\/staging.bioswing.ee\/da\/wp-json\/wp\/v2\/media?parent=15607"}],"wp:term":[{"taxonomy":"product_brand","embeddable":true,"href":"https:\/\/staging.bioswing.ee\/da\/wp-json\/wp\/v2\/product_brand?post=15607"},{"taxonomy":"product_cat","embeddable":true,"href":"https:\/\/staging.bioswing.ee\/da\/wp-json\/wp\/v2\/product_cat?post=15607"},{"taxonomy":"product_tag","embeddable":true,"href":"https:\/\/staging.bioswing.ee\/da\/wp-json\/wp\/v2\/product_tag?post=15607"}],"curies":[{"name":"wp","href":"https:\/\/api.w.org\/{rel}","templated":true}]}}