{"id":15649,"date":"2024-11-18T13:24:51","date_gmt":"2024-11-18T13:24:51","guid":{"rendered":"https:\/\/staging.bioswing.ee\/toode\/bioswing-rehab-module\/"},"modified":"2024-11-28T10:26:05","modified_gmt":"2024-11-28T10:26:05","slug":"bioswing-rehab-module","status":"publish","type":"product","link":"https:\/\/staging.bioswing.ee\/da\/toode\/bioswing-rehab-module\/","title":{"rendered":"BIOSWING\u00ae rehabmodul"},"content":{"rendered":"","protected":false},"excerpt":{"rendered":"<p>Muligg\u00f8r funktionelle stabiliserings\u00f8velser for kn\u00e6, hofte og b\u00e6kken i en lukket kinetisk k\u00e6de, isometrisk eller dynamisk.<\/p>\n<p>Enhedstilslutning: Posturomed 202<\/p>\n<p>Best\u00e5r af tv\u00e6rstang, trykelement og monteringsanordning<br \/>\n<br \/>Plastbelagt, farve s\u00f8lv\/sort<\/p>\n","protected":false},"featured_media":15650,"template":"","meta":[],"product_brand":[],"product_cat":[848],"product_tag":[],"class_list":{"0":"post-15649","1":"product","2":"type-product","3":"status-publish","4":"has-post-thumbnail","6":"product_cat-posturomed-da","8":"first","9":"instock","10":"taxable","11":"shipping-taxable","12":"purchasable","13":"product-type-simple"},"yoast_head":"<!-- This site is optimized with the Yoast SEO plugin v27.1.1 - https:\/\/yoast.com\/product\/yoast-seo-wordpress\/ -->\n<title>BIOSWING\u00ae rehabmodul - BIOSWING<\/title>\n<meta name=\"robots\" content=\"noindex, follow, max-snippet:-1, max-image-preview:large, max-video-preview:-1\" \/>\n<meta property=\"og:locale\" content=\"da_DK\" \/>\n<meta property=\"og:type\" content=\"article\" \/>\n<meta property=\"og:title\" content=\"BIOSWING\u00ae rehabmodul - BIOSWING\" \/>\n<meta property=\"og:description\" content=\"Muligg\u00f8r funktionelle stabiliserings\u00f8velser for kn\u00e6, hofte og b\u00e6kken i en lukket kinetisk k\u00e6de, isometrisk eller dynamisk. Enhedstilslutning: Posturomed 202  Best\u00e5r af tv\u00e6rstang, trykelement og monteringsanordning Plastbelagt, farve s\u00f8lv\/sort\" \/>\n<meta property=\"og:url\" content=\"https:\/\/staging.bioswing.ee\/da\/toode\/bioswing-rehab-module\/\" \/>\n<meta property=\"og:site_name\" content=\"BIOSWING\" \/>\n<meta property=\"article:modified_time\" content=\"2024-11-28T10:26:05+00:00\" \/>\n<meta property=\"og:image\" content=\"https:\/\/bioswing.ee\/wp-content\/uploads\/2024\/11\/rehamodul_am_posturomed.jpg\" \/>\n\t<meta property=\"og:image:width\" content=\"1500\" \/>\n\t<meta property=\"og:image:height\" content=\"2000\" \/>\n\t<meta property=\"og:image:type\" content=\"image\/jpeg\" \/>\n<meta name=\"twitter:card\" content=\"summary_large_image\" \/>\n<script type=\"application\/ld+json\" class=\"yoast-schema-graph\">{\"@context\":\"https:\/\/schema.org\",\"@graph\":[{\"@type\":\"WebPage\",\"@id\":\"https:\/\/staging.bioswing.ee\/da\/toode\/bioswing-rehab-module\/\",\"url\":\"https:\/\/staging.bioswing.ee\/da\/toode\/bioswing-rehab-module\/\",\"name\":\"BIOSWING\u00ae rehabmodul - BIOSWING\",\"isPartOf\":{\"@id\":\"https:\/\/staging.bioswing.ee\/da\/#website\"},\"primaryImageOfPage\":{\"@id\":\"https:\/\/staging.bioswing.ee\/da\/toode\/bioswing-rehab-module\/#primaryimage\"},\"image\":{\"@id\":\"https:\/\/staging.bioswing.ee\/da\/toode\/bioswing-rehab-module\/#primaryimage\"},\"thumbnailUrl\":\"https:\/\/staging.bioswing.ee\/wp-content\/uploads\/2024\/11\/rehamodul_am_posturomed.jpg\",\"datePublished\":\"2024-11-18T13:24:51+00:00\",\"dateModified\":\"2024-11-28T10:26:05+00:00\",\"breadcrumb\":{\"@id\":\"https:\/\/staging.bioswing.ee\/da\/toode\/bioswing-rehab-module\/#breadcrumb\"},\"inLanguage\":\"da-DK\",\"potentialAction\":[{\"@type\":\"ReadAction\",\"target\":[\"https:\/\/staging.bioswing.ee\/da\/toode\/bioswing-rehab-module\/\"]}]},{\"@type\":\"ImageObject\",\"inLanguage\":\"da-DK\",\"@id\":\"https:\/\/staging.bioswing.ee\/da\/toode\/bioswing-rehab-module\/#primaryimage\",\"url\":\"https:\/\/staging.bioswing.ee\/wp-content\/uploads\/2024\/11\/rehamodul_am_posturomed.jpg\",\"contentUrl\":\"https:\/\/staging.bioswing.ee\/wp-content\/uploads\/2024\/11\/rehamodul_am_posturomed.jpg\",\"width\":1500,\"height\":2000},{\"@type\":\"BreadcrumbList\",\"@id\":\"https:\/\/staging.bioswing.ee\/da\/toode\/bioswing-rehab-module\/#breadcrumb\",\"itemListElement\":[{\"@type\":\"ListItem\",\"position\":1,\"name\":\"Home\",\"item\":\"https:\/\/bioswing.ee\/da\/\"},{\"@type\":\"ListItem\",\"position\":2,\"name\":\"SHOP\",\"item\":\"https:\/\/bioswing.ee\/da\/shop\/\"},{\"@type\":\"ListItem\",\"position\":3,\"name\":\"BIOSWING\u00ae rehabmodul\"}]},{\"@type\":\"WebSite\",\"@id\":\"https:\/\/staging.bioswing.ee\/da\/#website\",\"url\":\"https:\/\/staging.bioswing.ee\/da\/\",\"name\":\"BIOSWING\",\"description\":\"Smart solutions for healthy sitting\",\"publisher\":{\"@id\":\"https:\/\/staging.bioswing.ee\/da\/#organization\"},\"potentialAction\":[{\"@type\":\"SearchAction\",\"target\":{\"@type\":\"EntryPoint\",\"urlTemplate\":\"https:\/\/staging.bioswing.ee\/da\/?s={search_term_string}\"},\"query-input\":{\"@type\":\"PropertyValueSpecification\",\"valueRequired\":true,\"valueName\":\"search_term_string\"}}],\"inLanguage\":\"da-DK\"},{\"@type\":\"Organization\",\"@id\":\"https:\/\/staging.bioswing.ee\/da\/#organization\",\"name\":\"BIOSWING\",\"url\":\"https:\/\/staging.bioswing.ee\/da\/\",\"logo\":{\"@type\":\"ImageObject\",\"inLanguage\":\"da-DK\",\"@id\":\"https:\/\/staging.bioswing.ee\/da\/#\/schema\/logo\/image\/\",\"url\":\"https:\/\/staging.bioswing.ee\/wp-content\/uploads\/2023\/04\/logo_web.png\",\"contentUrl\":\"https:\/\/staging.bioswing.ee\/wp-content\/uploads\/2023\/04\/logo_web.png\",\"width\":140,\"height\":122,\"caption\":\"BIOSWING\"},\"image\":{\"@id\":\"https:\/\/staging.bioswing.ee\/da\/#\/schema\/logo\/image\/\"}}]}<\/script>\n<!-- \/ Yoast SEO plugin. -->","yoast_head_json":{"title":"BIOSWING\u00ae rehabmodul - BIOSWING","robots":{"index":"noindex","follow":"follow","max-snippet":"max-snippet:-1","max-image-preview":"max-image-preview:large","max-video-preview":"max-video-preview:-1"},"og_locale":"da_DK","og_type":"article","og_title":"BIOSWING\u00ae rehabmodul - BIOSWING","og_description":"Muligg\u00f8r funktionelle stabiliserings\u00f8velser for kn\u00e6, hofte og b\u00e6kken i en lukket kinetisk k\u00e6de, isometrisk eller dynamisk. Enhedstilslutning: Posturomed 202  Best\u00e5r af tv\u00e6rstang, trykelement og monteringsanordning Plastbelagt, farve s\u00f8lv\/sort","og_url":"https:\/\/staging.bioswing.ee\/da\/toode\/bioswing-rehab-module\/","og_site_name":"BIOSWING","article_modified_time":"2024-11-28T10:26:05+00:00","og_image":[{"width":1500,"height":2000,"url":"https:\/\/bioswing.ee\/wp-content\/uploads\/2024\/11\/rehamodul_am_posturomed.jpg","type":"image\/jpeg"}],"twitter_card":"summary_large_image","schema":{"@context":"https:\/\/schema.org","@graph":[{"@type":"WebPage","@id":"https:\/\/staging.bioswing.ee\/da\/toode\/bioswing-rehab-module\/","url":"https:\/\/staging.bioswing.ee\/da\/toode\/bioswing-rehab-module\/","name":"BIOSWING\u00ae rehabmodul - BIOSWING","isPartOf":{"@id":"https:\/\/staging.bioswing.ee\/da\/#website"},"primaryImageOfPage":{"@id":"https:\/\/staging.bioswing.ee\/da\/toode\/bioswing-rehab-module\/#primaryimage"},"image":{"@id":"https:\/\/staging.bioswing.ee\/da\/toode\/bioswing-rehab-module\/#primaryimage"},"thumbnailUrl":"https:\/\/staging.bioswing.ee\/wp-content\/uploads\/2024\/11\/rehamodul_am_posturomed.jpg","datePublished":"2024-11-18T13:24:51+00:00","dateModified":"2024-11-28T10:26:05+00:00","breadcrumb":{"@id":"https:\/\/staging.bioswing.ee\/da\/toode\/bioswing-rehab-module\/#breadcrumb"},"inLanguage":"da-DK","potentialAction":[{"@type":"ReadAction","target":["https:\/\/staging.bioswing.ee\/da\/toode\/bioswing-rehab-module\/"]}]},{"@type":"ImageObject","inLanguage":"da-DK","@id":"https:\/\/staging.bioswing.ee\/da\/toode\/bioswing-rehab-module\/#primaryimage","url":"https:\/\/staging.bioswing.ee\/wp-content\/uploads\/2024\/11\/rehamodul_am_posturomed.jpg","contentUrl":"https:\/\/staging.bioswing.ee\/wp-content\/uploads\/2024\/11\/rehamodul_am_posturomed.jpg","width":1500,"height":2000},{"@type":"BreadcrumbList","@id":"https:\/\/staging.bioswing.ee\/da\/toode\/bioswing-rehab-module\/#breadcrumb","itemListElement":[{"@type":"ListItem","position":1,"name":"Home","item":"https:\/\/bioswing.ee\/da\/"},{"@type":"ListItem","position":2,"name":"SHOP","item":"https:\/\/bioswing.ee\/da\/shop\/"},{"@type":"ListItem","position":3,"name":"BIOSWING\u00ae rehabmodul"}]},{"@type":"WebSite","@id":"https:\/\/staging.bioswing.ee\/da\/#website","url":"https:\/\/staging.bioswing.ee\/da\/","name":"BIOSWING","description":"Smart solutions for healthy sitting","publisher":{"@id":"https:\/\/staging.bioswing.ee\/da\/#organization"},"potentialAction":[{"@type":"SearchAction","target":{"@type":"EntryPoint","urlTemplate":"https:\/\/staging.bioswing.ee\/da\/?s={search_term_string}"},"query-input":{"@type":"PropertyValueSpecification","valueRequired":true,"valueName":"search_term_string"}}],"inLanguage":"da-DK"},{"@type":"Organization","@id":"https:\/\/staging.bioswing.ee\/da\/#organization","name":"BIOSWING","url":"https:\/\/staging.bioswing.ee\/da\/","logo":{"@type":"ImageObject","inLanguage":"da-DK","@id":"https:\/\/staging.bioswing.ee\/da\/#\/schema\/logo\/image\/","url":"https:\/\/staging.bioswing.ee\/wp-content\/uploads\/2023\/04\/logo_web.png","contentUrl":"https:\/\/staging.bioswing.ee\/wp-content\/uploads\/2023\/04\/logo_web.png","width":140,"height":122,"caption":"BIOSWING"},"image":{"@id":"https:\/\/staging.bioswing.ee\/da\/#\/schema\/logo\/image\/"}}]}},"_links":{"self":[{"href":"https:\/\/staging.bioswing.ee\/da\/wp-json\/wp\/v2\/product\/15649","targetHints":{"allow":["GET"]}}],"collection":[{"href":"https:\/\/staging.bioswing.ee\/da\/wp-json\/wp\/v2\/product"}],"about":[{"href":"https:\/\/staging.bioswing.ee\/da\/wp-json\/wp\/v2\/types\/product"}],"wp:featuredmedia":[{"embeddable":true,"href":"https:\/\/staging.bioswing.ee\/da\/wp-json\/wp\/v2\/media\/15650"}],"wp:attachment":[{"href":"https:\/\/staging.bioswing.ee\/da\/wp-json\/wp\/v2\/media?parent=15649"}],"wp:term":[{"taxonomy":"product_brand","embeddable":true,"href":"https:\/\/staging.bioswing.ee\/da\/wp-json\/wp\/v2\/product_brand?post=15649"},{"taxonomy":"product_cat","embeddable":true,"href":"https:\/\/staging.bioswing.ee\/da\/wp-json\/wp\/v2\/product_cat?post=15649"},{"taxonomy":"product_tag","embeddable":true,"href":"https:\/\/staging.bioswing.ee\/da\/wp-json\/wp\/v2\/product_tag?post=15649"}],"curies":[{"name":"wp","href":"https:\/\/api.w.org\/{rel}","templated":true}]}}