{"id":15701,"date":"2024-11-18T13:06:51","date_gmt":"2024-11-18T13:06:51","guid":{"rendered":"https:\/\/staging.bioswing.ee\/toode\/bioswing-osg-module\/"},"modified":"2024-11-28T09:14:23","modified_gmt":"2024-11-28T09:14:23","slug":"bioswing-osg-module","status":"publish","type":"product","link":"https:\/\/staging.bioswing.ee\/da\/toode\/bioswing-osg-module\/","title":{"rendered":"BIOSWING\u00ae OSG-modul"},"content":{"rendered":"","protected":false},"excerpt":{"rendered":"<p>Udvider den svingende terapiplatform ved at tilf\u00f8je en vippetakse med begr\u00e6nset tilt. Ankelleddene provokeres til at give st\u00f8rre stabilisering i forskellige bev\u00e6gelsesakser. Vippeaksen p\u00e5 terapioverfladen kan l\u00e5ses ved 45\u00b0. Base \u00d8 32 cm, symmetrisk\/asymmetrisk 7\u00b0, 10\u00b0, 15\u00b0 og 20\u00b0 tiltbart med vinkelvisning.<\/p>\n<p>Enhedstilslutning: Posturomed 202 og compact<\/p>\n<p>Plastbelagt, farve s\u00f8lv\/sort<\/p>\n","protected":false},"featured_media":15702,"template":"","meta":[],"product_brand":[],"product_cat":[848],"product_tag":[],"class_list":{"0":"post-15701","1":"product","2":"type-product","3":"status-publish","4":"has-post-thumbnail","6":"product_cat-posturomed-da","8":"first","9":"instock","10":"taxable","11":"shipping-taxable","12":"purchasable","13":"product-type-simple"},"yoast_head":"<!-- This site is optimized with the Yoast SEO plugin v27.1.1 - https:\/\/yoast.com\/product\/yoast-seo-wordpress\/ -->\n<title>BIOSWING\u00ae OSG-modul - BIOSWING<\/title>\n<meta name=\"robots\" content=\"noindex, follow, max-snippet:-1, max-image-preview:large, max-video-preview:-1\" \/>\n<meta property=\"og:locale\" content=\"da_DK\" \/>\n<meta property=\"og:type\" content=\"article\" \/>\n<meta property=\"og:title\" content=\"BIOSWING\u00ae OSG-modul - BIOSWING\" \/>\n<meta property=\"og:description\" content=\"Udvider den svingende terapiplatform ved at tilf\u00f8je en vippetakse med begr\u00e6nset tilt. Ankelleddene provokeres til at give st\u00f8rre stabilisering i forskellige bev\u00e6gelsesakser. Vippeaksen p\u00e5 terapioverfladen kan l\u00e5ses ved 45\u00b0. Base \u00d8 32 cm, symmetrisk\/asymmetrisk 7\u00b0, 10\u00b0, 15\u00b0 og 20\u00b0 tiltbart med vinkelvisning. Enhedstilslutning: Posturomed 202 og compact Plastbelagt, farve s\u00f8lv\/sort\" \/>\n<meta property=\"og:url\" content=\"https:\/\/staging.bioswing.ee\/da\/toode\/bioswing-osg-module\/\" \/>\n<meta property=\"og:site_name\" content=\"BIOSWING\" \/>\n<meta property=\"article:modified_time\" content=\"2024-11-28T09:14:23+00:00\" \/>\n<meta property=\"og:image\" content=\"https:\/\/bioswing.ee\/wp-content\/uploads\/2024\/11\/OSG_Modul.jpg\" \/>\n\t<meta property=\"og:image:width\" content=\"1500\" \/>\n\t<meta property=\"og:image:height\" content=\"2000\" \/>\n\t<meta property=\"og:image:type\" content=\"image\/jpeg\" \/>\n<meta name=\"twitter:card\" content=\"summary_large_image\" \/>\n<script type=\"application\/ld+json\" class=\"yoast-schema-graph\">{\"@context\":\"https:\/\/schema.org\",\"@graph\":[{\"@type\":\"WebPage\",\"@id\":\"https:\/\/staging.bioswing.ee\/da\/toode\/bioswing-osg-module\/\",\"url\":\"https:\/\/staging.bioswing.ee\/da\/toode\/bioswing-osg-module\/\",\"name\":\"BIOSWING\u00ae OSG-modul - BIOSWING\",\"isPartOf\":{\"@id\":\"https:\/\/staging.bioswing.ee\/da\/#website\"},\"primaryImageOfPage\":{\"@id\":\"https:\/\/staging.bioswing.ee\/da\/toode\/bioswing-osg-module\/#primaryimage\"},\"image\":{\"@id\":\"https:\/\/staging.bioswing.ee\/da\/toode\/bioswing-osg-module\/#primaryimage\"},\"thumbnailUrl\":\"https:\/\/staging.bioswing.ee\/wp-content\/uploads\/2024\/11\/OSG_Modul.jpg\",\"datePublished\":\"2024-11-18T13:06:51+00:00\",\"dateModified\":\"2024-11-28T09:14:23+00:00\",\"breadcrumb\":{\"@id\":\"https:\/\/staging.bioswing.ee\/da\/toode\/bioswing-osg-module\/#breadcrumb\"},\"inLanguage\":\"da-DK\",\"potentialAction\":[{\"@type\":\"ReadAction\",\"target\":[\"https:\/\/staging.bioswing.ee\/da\/toode\/bioswing-osg-module\/\"]}]},{\"@type\":\"ImageObject\",\"inLanguage\":\"da-DK\",\"@id\":\"https:\/\/staging.bioswing.ee\/da\/toode\/bioswing-osg-module\/#primaryimage\",\"url\":\"https:\/\/staging.bioswing.ee\/wp-content\/uploads\/2024\/11\/OSG_Modul.jpg\",\"contentUrl\":\"https:\/\/staging.bioswing.ee\/wp-content\/uploads\/2024\/11\/OSG_Modul.jpg\",\"width\":1500,\"height\":2000},{\"@type\":\"BreadcrumbList\",\"@id\":\"https:\/\/staging.bioswing.ee\/da\/toode\/bioswing-osg-module\/#breadcrumb\",\"itemListElement\":[{\"@type\":\"ListItem\",\"position\":1,\"name\":\"Home\",\"item\":\"https:\/\/bioswing.ee\/da\/\"},{\"@type\":\"ListItem\",\"position\":2,\"name\":\"SHOP\",\"item\":\"https:\/\/bioswing.ee\/da\/shop\/\"},{\"@type\":\"ListItem\",\"position\":3,\"name\":\"BIOSWING\u00ae OSG-modul\"}]},{\"@type\":\"WebSite\",\"@id\":\"https:\/\/staging.bioswing.ee\/da\/#website\",\"url\":\"https:\/\/staging.bioswing.ee\/da\/\",\"name\":\"BIOSWING\",\"description\":\"Smart solutions for healthy sitting\",\"publisher\":{\"@id\":\"https:\/\/staging.bioswing.ee\/da\/#organization\"},\"potentialAction\":[{\"@type\":\"SearchAction\",\"target\":{\"@type\":\"EntryPoint\",\"urlTemplate\":\"https:\/\/staging.bioswing.ee\/da\/?s={search_term_string}\"},\"query-input\":{\"@type\":\"PropertyValueSpecification\",\"valueRequired\":true,\"valueName\":\"search_term_string\"}}],\"inLanguage\":\"da-DK\"},{\"@type\":\"Organization\",\"@id\":\"https:\/\/staging.bioswing.ee\/da\/#organization\",\"name\":\"BIOSWING\",\"url\":\"https:\/\/staging.bioswing.ee\/da\/\",\"logo\":{\"@type\":\"ImageObject\",\"inLanguage\":\"da-DK\",\"@id\":\"https:\/\/staging.bioswing.ee\/da\/#\/schema\/logo\/image\/\",\"url\":\"https:\/\/staging.bioswing.ee\/wp-content\/uploads\/2023\/04\/logo_web.png\",\"contentUrl\":\"https:\/\/staging.bioswing.ee\/wp-content\/uploads\/2023\/04\/logo_web.png\",\"width\":140,\"height\":122,\"caption\":\"BIOSWING\"},\"image\":{\"@id\":\"https:\/\/staging.bioswing.ee\/da\/#\/schema\/logo\/image\/\"}}]}<\/script>\n<!-- \/ Yoast SEO plugin. -->","yoast_head_json":{"title":"BIOSWING\u00ae OSG-modul - BIOSWING","robots":{"index":"noindex","follow":"follow","max-snippet":"max-snippet:-1","max-image-preview":"max-image-preview:large","max-video-preview":"max-video-preview:-1"},"og_locale":"da_DK","og_type":"article","og_title":"BIOSWING\u00ae OSG-modul - BIOSWING","og_description":"Udvider den svingende terapiplatform ved at tilf\u00f8je en vippetakse med begr\u00e6nset tilt. Ankelleddene provokeres til at give st\u00f8rre stabilisering i forskellige bev\u00e6gelsesakser. Vippeaksen p\u00e5 terapioverfladen kan l\u00e5ses ved 45\u00b0. Base \u00d8 32 cm, symmetrisk\/asymmetrisk 7\u00b0, 10\u00b0, 15\u00b0 og 20\u00b0 tiltbart med vinkelvisning. Enhedstilslutning: Posturomed 202 og compact Plastbelagt, farve s\u00f8lv\/sort","og_url":"https:\/\/staging.bioswing.ee\/da\/toode\/bioswing-osg-module\/","og_site_name":"BIOSWING","article_modified_time":"2024-11-28T09:14:23+00:00","og_image":[{"width":1500,"height":2000,"url":"https:\/\/bioswing.ee\/wp-content\/uploads\/2024\/11\/OSG_Modul.jpg","type":"image\/jpeg"}],"twitter_card":"summary_large_image","schema":{"@context":"https:\/\/schema.org","@graph":[{"@type":"WebPage","@id":"https:\/\/staging.bioswing.ee\/da\/toode\/bioswing-osg-module\/","url":"https:\/\/staging.bioswing.ee\/da\/toode\/bioswing-osg-module\/","name":"BIOSWING\u00ae OSG-modul - BIOSWING","isPartOf":{"@id":"https:\/\/staging.bioswing.ee\/da\/#website"},"primaryImageOfPage":{"@id":"https:\/\/staging.bioswing.ee\/da\/toode\/bioswing-osg-module\/#primaryimage"},"image":{"@id":"https:\/\/staging.bioswing.ee\/da\/toode\/bioswing-osg-module\/#primaryimage"},"thumbnailUrl":"https:\/\/staging.bioswing.ee\/wp-content\/uploads\/2024\/11\/OSG_Modul.jpg","datePublished":"2024-11-18T13:06:51+00:00","dateModified":"2024-11-28T09:14:23+00:00","breadcrumb":{"@id":"https:\/\/staging.bioswing.ee\/da\/toode\/bioswing-osg-module\/#breadcrumb"},"inLanguage":"da-DK","potentialAction":[{"@type":"ReadAction","target":["https:\/\/staging.bioswing.ee\/da\/toode\/bioswing-osg-module\/"]}]},{"@type":"ImageObject","inLanguage":"da-DK","@id":"https:\/\/staging.bioswing.ee\/da\/toode\/bioswing-osg-module\/#primaryimage","url":"https:\/\/staging.bioswing.ee\/wp-content\/uploads\/2024\/11\/OSG_Modul.jpg","contentUrl":"https:\/\/staging.bioswing.ee\/wp-content\/uploads\/2024\/11\/OSG_Modul.jpg","width":1500,"height":2000},{"@type":"BreadcrumbList","@id":"https:\/\/staging.bioswing.ee\/da\/toode\/bioswing-osg-module\/#breadcrumb","itemListElement":[{"@type":"ListItem","position":1,"name":"Home","item":"https:\/\/bioswing.ee\/da\/"},{"@type":"ListItem","position":2,"name":"SHOP","item":"https:\/\/bioswing.ee\/da\/shop\/"},{"@type":"ListItem","position":3,"name":"BIOSWING\u00ae OSG-modul"}]},{"@type":"WebSite","@id":"https:\/\/staging.bioswing.ee\/da\/#website","url":"https:\/\/staging.bioswing.ee\/da\/","name":"BIOSWING","description":"Smart solutions for healthy sitting","publisher":{"@id":"https:\/\/staging.bioswing.ee\/da\/#organization"},"potentialAction":[{"@type":"SearchAction","target":{"@type":"EntryPoint","urlTemplate":"https:\/\/staging.bioswing.ee\/da\/?s={search_term_string}"},"query-input":{"@type":"PropertyValueSpecification","valueRequired":true,"valueName":"search_term_string"}}],"inLanguage":"da-DK"},{"@type":"Organization","@id":"https:\/\/staging.bioswing.ee\/da\/#organization","name":"BIOSWING","url":"https:\/\/staging.bioswing.ee\/da\/","logo":{"@type":"ImageObject","inLanguage":"da-DK","@id":"https:\/\/staging.bioswing.ee\/da\/#\/schema\/logo\/image\/","url":"https:\/\/staging.bioswing.ee\/wp-content\/uploads\/2023\/04\/logo_web.png","contentUrl":"https:\/\/staging.bioswing.ee\/wp-content\/uploads\/2023\/04\/logo_web.png","width":140,"height":122,"caption":"BIOSWING"},"image":{"@id":"https:\/\/staging.bioswing.ee\/da\/#\/schema\/logo\/image\/"}}]}},"_links":{"self":[{"href":"https:\/\/staging.bioswing.ee\/da\/wp-json\/wp\/v2\/product\/15701","targetHints":{"allow":["GET"]}}],"collection":[{"href":"https:\/\/staging.bioswing.ee\/da\/wp-json\/wp\/v2\/product"}],"about":[{"href":"https:\/\/staging.bioswing.ee\/da\/wp-json\/wp\/v2\/types\/product"}],"wp:featuredmedia":[{"embeddable":true,"href":"https:\/\/staging.bioswing.ee\/da\/wp-json\/wp\/v2\/media\/15702"}],"wp:attachment":[{"href":"https:\/\/staging.bioswing.ee\/da\/wp-json\/wp\/v2\/media?parent=15701"}],"wp:term":[{"taxonomy":"product_brand","embeddable":true,"href":"https:\/\/staging.bioswing.ee\/da\/wp-json\/wp\/v2\/product_brand?post=15701"},{"taxonomy":"product_cat","embeddable":true,"href":"https:\/\/staging.bioswing.ee\/da\/wp-json\/wp\/v2\/product_cat?post=15701"},{"taxonomy":"product_tag","embeddable":true,"href":"https:\/\/staging.bioswing.ee\/da\/wp-json\/wp\/v2\/product_tag?post=15701"}],"curies":[{"name":"wp","href":"https:\/\/api.w.org\/{rel}","templated":true}]}}