{"id":15998,"date":"2023-04-13T11:21:14","date_gmt":"2023-04-13T11:21:14","guid":{"rendered":"https:\/\/staging.bioswing.ee\/toode\/foxter\/"},"modified":"2024-11-28T11:08:57","modified_gmt":"2024-11-28T11:08:57","slug":"foxter","status":"publish","type":"product","link":"https:\/\/staging.bioswing.ee\/da\/toode\/foxter\/","title":{"rendered":"Foxter"},"content":{"rendered":"<h3>Foxter bestseller<\/h3>\n<ul>\n<li>Ergonomisk skammel med ortop\u00e6disk effekt til praksis og kontor<\/li>\n<li>Integreret, adaptiv 3D-s\u00e6demekanisme<\/li>\n<li>Kugles\u00e6de<\/li>\n<li>Stofovertr\u00e6k: Xtreme-FR sort<\/li>\n<li>Stjernefod: Aluminium, gr\u00e5malet<\/li>\n<li>Hjul \u00f850 cm, gr\u00e5<\/li>\n<\/ul>\n<p><iframe title=\"YouTube video player\" src=\"https:\/\/www.youtube.com\/embed\/5cLboTxOnh4\" width=\"100%\" height=\"450\" frameborder=\"0\" allowfullscreen=\"allowfullscreen\"><\/iframe><\/p>\n<p><iframe title=\"YouTube video player\" src=\"https:\/\/www.youtube.com\/embed\/RdAkGYfQRU0?si=iZjPFPN7BfNfVNQH\" width=\"100%\" height=\"450\" frameborder=\"0\" allowfullscreen=\"allowfullscreen\"><\/iframe><\/p>\n","protected":false},"excerpt":{"rendered":"<p class=\"p1\"><strong>Speed meeting <\/strong>er den nyeste trend i det aktivitetsbaserede kontor. Teams m\u00f8des spontant i de tilg\u00e6ngelige omr\u00e5der for at give frit l\u00f8b til deres kreativitet. Siddende og st\u00e5ende skifter, hvor BIOSWING Foxter st\u00f8tter, mens du sidder, og giver et <strong>boost <\/strong>til <strong>krop og sind.<\/strong>  <\/p>\n<p>S\u00e6det p\u00e5 taburetten, som er afkoblet fra det faste gulv, udf\u00f8rer en s\u00e6rlig funktion: <strong>Det afspejler alle impulser fra personen<\/strong>, der sidder, p\u00e5 en unik m\u00e5de og udl\u00f8ser en <strong>stimulerende og kreativitet-boostende effekt i kroppen.<\/strong><\/p>\n<p>Takket v\u00e6re nem betjening og trinl\u00f8s h\u00f8jdejustering kan taburettens funktioner gavne b\u00e5de unge og \u00e6ldre.<\/p>\n<p>Takket v\u00e6re taburettens integrerede <strong>3D-s\u00e6demekanisme<\/strong> afspejles alle bev\u00e6gelser \u2013 selv de mindste, s\u00e5som hjerteslag og vejrtr\u00e6kning \u2013 og sendes derefter kontinuerligt tilbage til hjernen som <strong>bev\u00e6gelsesstimuli<\/strong>. Disse stimuli sendes via forskellige hierarkiske datakanaler til netv\u00e6rksstrukturen i den hjerneomr\u00e5de, der er involveret i bev\u00e6gelse. D<strong>isse netv\u00e6rk aktiveres automatisk af den unikke BIOSWING-teknologi<\/strong>, mens du sidder, hvilket g\u00f8r det muligt at \u00f8ge pr\u00e6station og kreativitet yderligere.<\/p>\n<p>Foxter bruges ogs\u00e5 inden for uddannelse: P\u00e6dagoger elsker de fine bev\u00e6gelser, der muligg\u00f8r behagelig og <strong>rygvenlig siddestilling, selv ved lave siddeh\u00f8jder<\/strong> i kombination med en kort gasfjeder.<\/p>\n","protected":false},"featured_media":15999,"template":"","meta":[],"product_brand":[],"product_cat":[644,638],"product_tag":[],"class_list":{"0":"post-15998","1":"product","2":"type-product","3":"status-publish","4":"has-post-thumbnail","6":"product_cat-kontor-og-hjemmekontor-da","7":"product_cat-mode","9":"first","10":"instock","11":"sale","12":"taxable","13":"shipping-taxable","14":"purchasable","15":"product-type-simple"},"yoast_head":"<!-- This site is optimized with the Yoast SEO plugin v27.1.1 - https:\/\/yoast.com\/product\/yoast-seo-wordpress\/ -->\n<title>Foxter - BIOSWING<\/title>\n<meta name=\"robots\" content=\"noindex, follow, max-snippet:-1, max-image-preview:large, max-video-preview:-1\" \/>\n<meta property=\"og:locale\" content=\"da_DK\" \/>\n<meta property=\"og:type\" content=\"article\" \/>\n<meta property=\"og:title\" content=\"Foxter - BIOSWING\" \/>\n<meta property=\"og:description\" content=\"Speed meeting er den nyeste trend i det aktivitetsbaserede kontor. Teams m\u00f8des spontant i de tilg\u00e6ngelige omr\u00e5der for at give frit l\u00f8b til deres kreativitet. Siddende og st\u00e5ende skifter, hvor BIOSWING Foxter st\u00f8tter, mens du sidder, og giver et boost til krop og sind.  S\u00e6det p\u00e5 taburetten, som er afkoblet fra det faste gulv, udf\u00f8rer en s\u00e6rlig funktion: Det afspejler alle impulser fra personen, der sidder, p\u00e5 en unik m\u00e5de og udl\u00f8ser en stimulerende og kreativitet-boostende effekt i kroppen.Takket v\u00e6re nem betjening og trinl\u00f8s h\u00f8jdejustering kan taburettens funktioner gavne b\u00e5de unge og \u00e6ldre.Takket v\u00e6re taburettens integrerede 3D-s\u00e6demekanisme afspejles alle bev\u00e6gelser \u2013 selv de mindste, s\u00e5som hjerteslag og vejrtr\u00e6kning \u2013 og sendes derefter kontinuerligt tilbage til hjernen som bev\u00e6gelsesstimuli. Disse stimuli sendes via forskellige hierarkiske datakanaler til netv\u00e6rksstrukturen i den hjerneomr\u00e5de, der er involveret i bev\u00e6gelse. Disse netv\u00e6rk aktiveres automatisk af den unikke BIOSWING-teknologi, mens du sidder, hvilket g\u00f8r det muligt at \u00f8ge pr\u00e6station og kreativitet yderligere.Foxter bruges ogs\u00e5 inden for uddannelse: P\u00e6dagoger elsker de fine bev\u00e6gelser, der muligg\u00f8r behagelig og rygvenlig siddestilling, selv ved lave siddeh\u00f8jder i kombination med en kort gasfjeder.\" \/>\n<meta property=\"og:url\" content=\"https:\/\/staging.bioswing.ee\/da\/toode\/foxter\/\" \/>\n<meta property=\"og:site_name\" content=\"BIOSWING\" \/>\n<meta property=\"article:modified_time\" content=\"2024-11-28T11:08:57+00:00\" \/>\n<meta property=\"og:image\" content=\"https:\/\/bioswing.ee\/wp-content\/uploads\/2023\/04\/Foxter.jpg\" \/>\n\t<meta property=\"og:image:width\" content=\"1874\" \/>\n\t<meta property=\"og:image:height\" content=\"2500\" \/>\n\t<meta property=\"og:image:type\" content=\"image\/jpeg\" \/>\n<meta name=\"twitter:card\" content=\"summary_large_image\" \/>\n<meta name=\"twitter:label1\" content=\"Estimeret l\u00e6setid\" \/>\n\t<meta name=\"twitter:data1\" content=\"1 minut\" \/>\n<script type=\"application\/ld+json\" class=\"yoast-schema-graph\">{\"@context\":\"https:\/\/schema.org\",\"@graph\":[{\"@type\":\"WebPage\",\"@id\":\"https:\/\/staging.bioswing.ee\/da\/toode\/foxter\/\",\"url\":\"https:\/\/staging.bioswing.ee\/da\/toode\/foxter\/\",\"name\":\"Foxter - BIOSWING\",\"isPartOf\":{\"@id\":\"https:\/\/staging.bioswing.ee\/da\/#website\"},\"primaryImageOfPage\":{\"@id\":\"https:\/\/staging.bioswing.ee\/da\/toode\/foxter\/#primaryimage\"},\"image\":{\"@id\":\"https:\/\/staging.bioswing.ee\/da\/toode\/foxter\/#primaryimage\"},\"thumbnailUrl\":\"https:\/\/staging.bioswing.ee\/wp-content\/uploads\/2023\/04\/Foxter.jpg\",\"datePublished\":\"2023-04-13T11:21:14+00:00\",\"dateModified\":\"2024-11-28T11:08:57+00:00\",\"breadcrumb\":{\"@id\":\"https:\/\/staging.bioswing.ee\/da\/toode\/foxter\/#breadcrumb\"},\"inLanguage\":\"da-DK\",\"potentialAction\":[{\"@type\":\"ReadAction\",\"target\":[\"https:\/\/staging.bioswing.ee\/da\/toode\/foxter\/\"]}]},{\"@type\":\"ImageObject\",\"inLanguage\":\"da-DK\",\"@id\":\"https:\/\/staging.bioswing.ee\/da\/toode\/foxter\/#primaryimage\",\"url\":\"https:\/\/staging.bioswing.ee\/wp-content\/uploads\/2023\/04\/Foxter.jpg\",\"contentUrl\":\"https:\/\/staging.bioswing.ee\/wp-content\/uploads\/2023\/04\/Foxter.jpg\",\"width\":1874,\"height\":2500},{\"@type\":\"BreadcrumbList\",\"@id\":\"https:\/\/staging.bioswing.ee\/da\/toode\/foxter\/#breadcrumb\",\"itemListElement\":[{\"@type\":\"ListItem\",\"position\":1,\"name\":\"Home\",\"item\":\"https:\/\/bioswing.ee\/da\/\"},{\"@type\":\"ListItem\",\"position\":2,\"name\":\"SHOP\",\"item\":\"https:\/\/bioswing.ee\/da\/shop\/\"},{\"@type\":\"ListItem\",\"position\":3,\"name\":\"Foxter\"}]},{\"@type\":\"WebSite\",\"@id\":\"https:\/\/staging.bioswing.ee\/da\/#website\",\"url\":\"https:\/\/staging.bioswing.ee\/da\/\",\"name\":\"BIOSWING\",\"description\":\"Smart solutions for healthy sitting\",\"publisher\":{\"@id\":\"https:\/\/staging.bioswing.ee\/da\/#organization\"},\"potentialAction\":[{\"@type\":\"SearchAction\",\"target\":{\"@type\":\"EntryPoint\",\"urlTemplate\":\"https:\/\/staging.bioswing.ee\/da\/?s={search_term_string}\"},\"query-input\":{\"@type\":\"PropertyValueSpecification\",\"valueRequired\":true,\"valueName\":\"search_term_string\"}}],\"inLanguage\":\"da-DK\"},{\"@type\":\"Organization\",\"@id\":\"https:\/\/staging.bioswing.ee\/da\/#organization\",\"name\":\"BIOSWING\",\"url\":\"https:\/\/staging.bioswing.ee\/da\/\",\"logo\":{\"@type\":\"ImageObject\",\"inLanguage\":\"da-DK\",\"@id\":\"https:\/\/staging.bioswing.ee\/da\/#\/schema\/logo\/image\/\",\"url\":\"https:\/\/staging.bioswing.ee\/wp-content\/uploads\/2023\/04\/logo_web.png\",\"contentUrl\":\"https:\/\/staging.bioswing.ee\/wp-content\/uploads\/2023\/04\/logo_web.png\",\"width\":140,\"height\":122,\"caption\":\"BIOSWING\"},\"image\":{\"@id\":\"https:\/\/staging.bioswing.ee\/da\/#\/schema\/logo\/image\/\"}}]}<\/script>\n<!-- \/ Yoast SEO plugin. -->","yoast_head_json":{"title":"Foxter - BIOSWING","robots":{"index":"noindex","follow":"follow","max-snippet":"max-snippet:-1","max-image-preview":"max-image-preview:large","max-video-preview":"max-video-preview:-1"},"og_locale":"da_DK","og_type":"article","og_title":"Foxter - BIOSWING","og_description":"Speed meeting er den nyeste trend i det aktivitetsbaserede kontor. Teams m\u00f8des spontant i de tilg\u00e6ngelige omr\u00e5der for at give frit l\u00f8b til deres kreativitet. Siddende og st\u00e5ende skifter, hvor BIOSWING Foxter st\u00f8tter, mens du sidder, og giver et boost til krop og sind.  S\u00e6det p\u00e5 taburetten, som er afkoblet fra det faste gulv, udf\u00f8rer en s\u00e6rlig funktion: Det afspejler alle impulser fra personen, der sidder, p\u00e5 en unik m\u00e5de og udl\u00f8ser en stimulerende og kreativitet-boostende effekt i kroppen.Takket v\u00e6re nem betjening og trinl\u00f8s h\u00f8jdejustering kan taburettens funktioner gavne b\u00e5de unge og \u00e6ldre.Takket v\u00e6re taburettens integrerede 3D-s\u00e6demekanisme afspejles alle bev\u00e6gelser \u2013 selv de mindste, s\u00e5som hjerteslag og vejrtr\u00e6kning \u2013 og sendes derefter kontinuerligt tilbage til hjernen som bev\u00e6gelsesstimuli. Disse stimuli sendes via forskellige hierarkiske datakanaler til netv\u00e6rksstrukturen i den hjerneomr\u00e5de, der er involveret i bev\u00e6gelse. Disse netv\u00e6rk aktiveres automatisk af den unikke BIOSWING-teknologi, mens du sidder, hvilket g\u00f8r det muligt at \u00f8ge pr\u00e6station og kreativitet yderligere.Foxter bruges ogs\u00e5 inden for uddannelse: P\u00e6dagoger elsker de fine bev\u00e6gelser, der muligg\u00f8r behagelig og rygvenlig siddestilling, selv ved lave siddeh\u00f8jder i kombination med en kort gasfjeder.","og_url":"https:\/\/staging.bioswing.ee\/da\/toode\/foxter\/","og_site_name":"BIOSWING","article_modified_time":"2024-11-28T11:08:57+00:00","og_image":[{"width":1874,"height":2500,"url":"https:\/\/bioswing.ee\/wp-content\/uploads\/2023\/04\/Foxter.jpg","type":"image\/jpeg"}],"twitter_card":"summary_large_image","twitter_misc":{"Estimeret l\u00e6setid":"1 minut"},"schema":{"@context":"https:\/\/schema.org","@graph":[{"@type":"WebPage","@id":"https:\/\/staging.bioswing.ee\/da\/toode\/foxter\/","url":"https:\/\/staging.bioswing.ee\/da\/toode\/foxter\/","name":"Foxter - BIOSWING","isPartOf":{"@id":"https:\/\/staging.bioswing.ee\/da\/#website"},"primaryImageOfPage":{"@id":"https:\/\/staging.bioswing.ee\/da\/toode\/foxter\/#primaryimage"},"image":{"@id":"https:\/\/staging.bioswing.ee\/da\/toode\/foxter\/#primaryimage"},"thumbnailUrl":"https:\/\/staging.bioswing.ee\/wp-content\/uploads\/2023\/04\/Foxter.jpg","datePublished":"2023-04-13T11:21:14+00:00","dateModified":"2024-11-28T11:08:57+00:00","breadcrumb":{"@id":"https:\/\/staging.bioswing.ee\/da\/toode\/foxter\/#breadcrumb"},"inLanguage":"da-DK","potentialAction":[{"@type":"ReadAction","target":["https:\/\/staging.bioswing.ee\/da\/toode\/foxter\/"]}]},{"@type":"ImageObject","inLanguage":"da-DK","@id":"https:\/\/staging.bioswing.ee\/da\/toode\/foxter\/#primaryimage","url":"https:\/\/staging.bioswing.ee\/wp-content\/uploads\/2023\/04\/Foxter.jpg","contentUrl":"https:\/\/staging.bioswing.ee\/wp-content\/uploads\/2023\/04\/Foxter.jpg","width":1874,"height":2500},{"@type":"BreadcrumbList","@id":"https:\/\/staging.bioswing.ee\/da\/toode\/foxter\/#breadcrumb","itemListElement":[{"@type":"ListItem","position":1,"name":"Home","item":"https:\/\/bioswing.ee\/da\/"},{"@type":"ListItem","position":2,"name":"SHOP","item":"https:\/\/bioswing.ee\/da\/shop\/"},{"@type":"ListItem","position":3,"name":"Foxter"}]},{"@type":"WebSite","@id":"https:\/\/staging.bioswing.ee\/da\/#website","url":"https:\/\/staging.bioswing.ee\/da\/","name":"BIOSWING","description":"Smart solutions for healthy sitting","publisher":{"@id":"https:\/\/staging.bioswing.ee\/da\/#organization"},"potentialAction":[{"@type":"SearchAction","target":{"@type":"EntryPoint","urlTemplate":"https:\/\/staging.bioswing.ee\/da\/?s={search_term_string}"},"query-input":{"@type":"PropertyValueSpecification","valueRequired":true,"valueName":"search_term_string"}}],"inLanguage":"da-DK"},{"@type":"Organization","@id":"https:\/\/staging.bioswing.ee\/da\/#organization","name":"BIOSWING","url":"https:\/\/staging.bioswing.ee\/da\/","logo":{"@type":"ImageObject","inLanguage":"da-DK","@id":"https:\/\/staging.bioswing.ee\/da\/#\/schema\/logo\/image\/","url":"https:\/\/staging.bioswing.ee\/wp-content\/uploads\/2023\/04\/logo_web.png","contentUrl":"https:\/\/staging.bioswing.ee\/wp-content\/uploads\/2023\/04\/logo_web.png","width":140,"height":122,"caption":"BIOSWING"},"image":{"@id":"https:\/\/staging.bioswing.ee\/da\/#\/schema\/logo\/image\/"}}]}},"_links":{"self":[{"href":"https:\/\/staging.bioswing.ee\/da\/wp-json\/wp\/v2\/product\/15998","targetHints":{"allow":["GET"]}}],"collection":[{"href":"https:\/\/staging.bioswing.ee\/da\/wp-json\/wp\/v2\/product"}],"about":[{"href":"https:\/\/staging.bioswing.ee\/da\/wp-json\/wp\/v2\/types\/product"}],"wp:featuredmedia":[{"embeddable":true,"href":"https:\/\/staging.bioswing.ee\/da\/wp-json\/wp\/v2\/media\/15999"}],"wp:attachment":[{"href":"https:\/\/staging.bioswing.ee\/da\/wp-json\/wp\/v2\/media?parent=15998"}],"wp:term":[{"taxonomy":"product_brand","embeddable":true,"href":"https:\/\/staging.bioswing.ee\/da\/wp-json\/wp\/v2\/product_brand?post=15998"},{"taxonomy":"product_cat","embeddable":true,"href":"https:\/\/staging.bioswing.ee\/da\/wp-json\/wp\/v2\/product_cat?post=15998"},{"taxonomy":"product_tag","embeddable":true,"href":"https:\/\/staging.bioswing.ee\/da\/wp-json\/wp\/v2\/product_tag?post=15998"}],"curies":[{"name":"wp","href":"https:\/\/api.w.org\/{rel}","templated":true}]}}