{"id":16138,"date":"2023-04-13T11:47:44","date_gmt":"2023-04-13T11:47:44","guid":{"rendered":"https:\/\/staging.bioswing.ee\/toode\/460-iq\/"},"modified":"2024-11-28T11:57:03","modified_gmt":"2024-11-28T11:57:03","slug":"460-iq","status":"publish","type":"product","link":"https:\/\/staging.bioswing.ee\/da\/toode\/460-iq\/","title":{"rendered":"BIOSWING 460 iQ"},"content":{"rendered":"<h3>BIOSWING 460 iQ<\/h3>\n<ul>\n<li>Ergonomisk kontorstol med ortop\u00e6disk effekt<\/li>\n<li>Integreret, adaptiv 3D-s\u00e6demekanisme<\/li>\n<li>Syntetisk mekanisme med individuel v\u00e6gtjustering (samt finjustering)<\/li>\n<li>3D arml\u00e6n for multifunktionel justering, der passer til forskellige arbejdspositioner<\/li>\n<li>Individuel s\u00e6devinkeljustering med gasfjeder, kontinuerligt justerbar<\/li>\n<li>Yderligere b\u00e6kkenstabilisator<\/li>\n<li>Siddedybden kan justeres for at passe til benl\u00e6ngden<\/li>\n<li>Rygl\u00e6n med justerbar h\u00f8jde, desuden med l\u00e6ndest\u00f8tte med individuelt justerbar kurve<\/li>\n<li>3D nakkest\u00f8tte med kontinuerlig justering af h\u00f8jde, dybde og h\u00e6ldning<\/li>\n<li>Rygst\u00f8ttens h\u00f8jde: 60 cm<\/li>\n<li>Stofbetr\u00e6k: Step, forskellige farver<\/li>\n<li>Stjernebase: Aluminium, poleret<\/li>\n<\/ul>\n<p><iframe title=\"YouTube video player\" src=\"https:\/\/www.youtube.com\/embed\/Nnmzwdy52aQ\" width=\"100%\" height=\"450\" frameborder=\"0\" allowfullscreen=\"allowfullscreen\"><span data-mce-type=\"bookmark\" style=\"display: inline-block; width: 0px; overflow: hidden; line-height: 0;\" class=\"mce_SELRES_start\"><\/span><\/iframe><\/p>\n<p><iframe title=\"YouTube video player\" src=\"https:\/\/www.youtube.com\/embed\/RdAkGYfQRU0?si=iZjPFPN7BfNfVNQH\" width=\"100%\" height=\"450\" frameborder=\"0\" allowfullscreen=\"allowfullscreen\"><\/iframe><\/p>\n","protected":false},"excerpt":{"rendered":"<h4>Arbejde kan indeb\u00e6re mange forskellige opgaver. N\u00e5r din kontorstol kan justeres til at passe mere pr\u00e6cist til din individuelle situation, kan du forblive sundere og mere motiveret under l\u00e6ngere perioder med stillesiddende arbejde. <\/h4>\n<p>Det er vigtigt, at stolen tager h\u00f8jde for din <strong>individuelle anatomi <\/strong>og giver tilstr\u00e6kkelige muligheder for justering og tilpasning.<\/p>\n<h4>En BIOSWING 4-serie kontorstol tilpasser sig ergonomisk til din s\u00e6rlige kropsholdning.<\/h4>\n<p>Takket v\u00e6re de forskellige mekanismer reagerer 4-serien ikke kun p\u00e5 enhver bev\u00e6gelse fra brugerens side, men st\u00f8tter ogs\u00e5 brugeren individuelt gennem en lang arbejdsdag.<\/p>\n<p>Hvis dit arbejde indeb\u00e6rer mange timer med tastatur og mus, b\u00f8r du s\u00f8rge for, at dine <strong>skuldermuskler<\/strong> <strong>regelm\u00e6ssigt<\/strong> <strong>aflaster<\/strong>. <strong>Individuelt justerbare arml\u00e6n<\/strong> kan yde v\u00e6rdifuld st\u00f8tte i denne sammenh\u00e6ng. 4-serien f\u00e5s i forskellige versioner, som vores mange ergonomieksperter kan pr\u00e6sentere for dig hos ca. 150 konsulentvirksomheder i DE, CH og AT.<\/p>\n<p><img decoding=\"async\" class=\"alignnone wp-image-916\" src=\"https:\/\/staging.bioswing.ee\/wp-content\/uploads\/2023\/04\/pdf.png\" alt=\"pdf\" width=\"19\" height=\"20\"> <a href=\"https:\/\/staging.bioswing.ee\/wp-content\/uploads\/2023\/04\/produktblatt_460_v02_EN.pdf\" target=\"_blank\" rel=\"noopener\">Download Product Sheet (PDF)<\/a><\/p>\n","protected":false},"featured_media":16139,"template":"","meta":[],"product_brand":[],"product_cat":[644,635],"product_tag":[],"class_list":{"0":"post-16138","1":"product","2":"type-product","3":"status-publish","4":"has-post-thumbnail","6":"product_cat-kontor-og-hjemmekontor-da","7":"product_cat-ledelse-da","9":"first","10":"instock","11":"sale","12":"taxable","13":"shipping-taxable","14":"purchasable","15":"product-type-variable","16":"has-default-attributes"},"yoast_head":"<!-- This site is optimized with the Yoast SEO plugin v27.1.1 - https:\/\/yoast.com\/product\/yoast-seo-wordpress\/ -->\n<title>BIOSWING 460 iQ - BIOSWING<\/title>\n<meta name=\"robots\" content=\"noindex, follow, max-snippet:-1, max-image-preview:large, max-video-preview:-1\" \/>\n<meta property=\"og:locale\" content=\"da_DK\" \/>\n<meta property=\"og:type\" content=\"article\" \/>\n<meta property=\"og:title\" content=\"BIOSWING 460 iQ - BIOSWING\" \/>\n<meta property=\"og:description\" content=\"Arbejde kan indeb\u00e6re mange forskellige opgaver. N\u00e5r din kontorstol kan justeres til at passe mere pr\u00e6cist til din individuelle situation, kan du forblive sundere og mere motiveret under l\u00e6ngere perioder med stillesiddende arbejde. Det er vigtigt, at stolen tager h\u00f8jde for din individuelle anatomi og giver tilstr\u00e6kkelige muligheder for justering og tilpasning.  En BIOSWING 4-serie kontorstol tilpasser sig ergonomisk til din s\u00e6rlige kropsholdning. Takket v\u00e6re de forskellige mekanismer reagerer 4-serien ikke kun p\u00e5 enhver bev\u00e6gelse fra brugerens side, men st\u00f8tter ogs\u00e5 brugeren individuelt gennem en lang arbejdsdag. Hvis dit arbejde indeb\u00e6rer mange timer med tastatur og mus, b\u00f8r du s\u00f8rge for, at dine skuldermuskler regelm\u00e6ssigt aflaster. Individuelt justerbare arml\u00e6n kan yde v\u00e6rdifuld st\u00f8tte i denne sammenh\u00e6ng. 4-serien f\u00e5s i forskellige versioner, som vores mange ergonomieksperter kan pr\u00e6sentere for dig hos ca. 150 konsulentvirksomheder i DE, CH og AT.  Download Product Sheet (PDF)\" \/>\n<meta property=\"og:url\" content=\"https:\/\/staging.bioswing.ee\/da\/toode\/460-iq\/\" \/>\n<meta property=\"og:site_name\" content=\"BIOSWING\" \/>\n<meta property=\"article:modified_time\" content=\"2024-11-28T11:57:03+00:00\" \/>\n<meta property=\"og:image\" content=\"https:\/\/bioswing.ee\/wp-content\/uploads\/2023\/04\/460_IQ.jpg\" \/>\n\t<meta property=\"og:image:width\" content=\"1874\" \/>\n\t<meta property=\"og:image:height\" content=\"2500\" \/>\n\t<meta property=\"og:image:type\" content=\"image\/jpeg\" \/>\n<meta name=\"twitter:card\" content=\"summary_large_image\" \/>\n<meta name=\"twitter:label1\" content=\"Estimeret l\u00e6setid\" \/>\n\t<meta name=\"twitter:data1\" content=\"1 minut\" \/>\n<script type=\"application\/ld+json\" class=\"yoast-schema-graph\">{\"@context\":\"https:\/\/schema.org\",\"@graph\":[{\"@type\":\"WebPage\",\"@id\":\"https:\/\/staging.bioswing.ee\/da\/toode\/460-iq\/\",\"url\":\"https:\/\/staging.bioswing.ee\/da\/toode\/460-iq\/\",\"name\":\"BIOSWING 460 iQ - BIOSWING\",\"isPartOf\":{\"@id\":\"https:\/\/staging.bioswing.ee\/da\/#website\"},\"primaryImageOfPage\":{\"@id\":\"https:\/\/staging.bioswing.ee\/da\/toode\/460-iq\/#primaryimage\"},\"image\":{\"@id\":\"https:\/\/staging.bioswing.ee\/da\/toode\/460-iq\/#primaryimage\"},\"thumbnailUrl\":\"https:\/\/staging.bioswing.ee\/wp-content\/uploads\/2023\/04\/460_IQ.jpg\",\"datePublished\":\"2023-04-13T11:47:44+00:00\",\"dateModified\":\"2024-11-28T11:57:03+00:00\",\"breadcrumb\":{\"@id\":\"https:\/\/staging.bioswing.ee\/da\/toode\/460-iq\/#breadcrumb\"},\"inLanguage\":\"da-DK\",\"potentialAction\":[{\"@type\":\"ReadAction\",\"target\":[\"https:\/\/staging.bioswing.ee\/da\/toode\/460-iq\/\"]}]},{\"@type\":\"ImageObject\",\"inLanguage\":\"da-DK\",\"@id\":\"https:\/\/staging.bioswing.ee\/da\/toode\/460-iq\/#primaryimage\",\"url\":\"https:\/\/staging.bioswing.ee\/wp-content\/uploads\/2023\/04\/460_IQ.jpg\",\"contentUrl\":\"https:\/\/staging.bioswing.ee\/wp-content\/uploads\/2023\/04\/460_IQ.jpg\",\"width\":1874,\"height\":2500},{\"@type\":\"BreadcrumbList\",\"@id\":\"https:\/\/staging.bioswing.ee\/da\/toode\/460-iq\/#breadcrumb\",\"itemListElement\":[{\"@type\":\"ListItem\",\"position\":1,\"name\":\"Home\",\"item\":\"https:\/\/bioswing.ee\/da\/\"},{\"@type\":\"ListItem\",\"position\":2,\"name\":\"SHOP\",\"item\":\"https:\/\/bioswing.ee\/da\/shop\/\"},{\"@type\":\"ListItem\",\"position\":3,\"name\":\"BIOSWING 460 iQ\"}]},{\"@type\":\"WebSite\",\"@id\":\"https:\/\/staging.bioswing.ee\/da\/#website\",\"url\":\"https:\/\/staging.bioswing.ee\/da\/\",\"name\":\"BIOSWING\",\"description\":\"Smart solutions for healthy sitting\",\"publisher\":{\"@id\":\"https:\/\/staging.bioswing.ee\/da\/#organization\"},\"potentialAction\":[{\"@type\":\"SearchAction\",\"target\":{\"@type\":\"EntryPoint\",\"urlTemplate\":\"https:\/\/staging.bioswing.ee\/da\/?s={search_term_string}\"},\"query-input\":{\"@type\":\"PropertyValueSpecification\",\"valueRequired\":true,\"valueName\":\"search_term_string\"}}],\"inLanguage\":\"da-DK\"},{\"@type\":\"Organization\",\"@id\":\"https:\/\/staging.bioswing.ee\/da\/#organization\",\"name\":\"BIOSWING\",\"url\":\"https:\/\/staging.bioswing.ee\/da\/\",\"logo\":{\"@type\":\"ImageObject\",\"inLanguage\":\"da-DK\",\"@id\":\"https:\/\/staging.bioswing.ee\/da\/#\/schema\/logo\/image\/\",\"url\":\"https:\/\/staging.bioswing.ee\/wp-content\/uploads\/2023\/04\/logo_web.png\",\"contentUrl\":\"https:\/\/staging.bioswing.ee\/wp-content\/uploads\/2023\/04\/logo_web.png\",\"width\":140,\"height\":122,\"caption\":\"BIOSWING\"},\"image\":{\"@id\":\"https:\/\/staging.bioswing.ee\/da\/#\/schema\/logo\/image\/\"}}]}<\/script>\n<!-- \/ Yoast SEO plugin. -->","yoast_head_json":{"title":"BIOSWING 460 iQ - BIOSWING","robots":{"index":"noindex","follow":"follow","max-snippet":"max-snippet:-1","max-image-preview":"max-image-preview:large","max-video-preview":"max-video-preview:-1"},"og_locale":"da_DK","og_type":"article","og_title":"BIOSWING 460 iQ - BIOSWING","og_description":"Arbejde kan indeb\u00e6re mange forskellige opgaver. N\u00e5r din kontorstol kan justeres til at passe mere pr\u00e6cist til din individuelle situation, kan du forblive sundere og mere motiveret under l\u00e6ngere perioder med stillesiddende arbejde. Det er vigtigt, at stolen tager h\u00f8jde for din individuelle anatomi og giver tilstr\u00e6kkelige muligheder for justering og tilpasning.  En BIOSWING 4-serie kontorstol tilpasser sig ergonomisk til din s\u00e6rlige kropsholdning. Takket v\u00e6re de forskellige mekanismer reagerer 4-serien ikke kun p\u00e5 enhver bev\u00e6gelse fra brugerens side, men st\u00f8tter ogs\u00e5 brugeren individuelt gennem en lang arbejdsdag. Hvis dit arbejde indeb\u00e6rer mange timer med tastatur og mus, b\u00f8r du s\u00f8rge for, at dine skuldermuskler regelm\u00e6ssigt aflaster. Individuelt justerbare arml\u00e6n kan yde v\u00e6rdifuld st\u00f8tte i denne sammenh\u00e6ng. 4-serien f\u00e5s i forskellige versioner, som vores mange ergonomieksperter kan pr\u00e6sentere for dig hos ca. 150 konsulentvirksomheder i DE, CH og AT.  Download Product Sheet (PDF)","og_url":"https:\/\/staging.bioswing.ee\/da\/toode\/460-iq\/","og_site_name":"BIOSWING","article_modified_time":"2024-11-28T11:57:03+00:00","og_image":[{"width":1874,"height":2500,"url":"https:\/\/bioswing.ee\/wp-content\/uploads\/2023\/04\/460_IQ.jpg","type":"image\/jpeg"}],"twitter_card":"summary_large_image","twitter_misc":{"Estimeret l\u00e6setid":"1 minut"},"schema":{"@context":"https:\/\/schema.org","@graph":[{"@type":"WebPage","@id":"https:\/\/staging.bioswing.ee\/da\/toode\/460-iq\/","url":"https:\/\/staging.bioswing.ee\/da\/toode\/460-iq\/","name":"BIOSWING 460 iQ - BIOSWING","isPartOf":{"@id":"https:\/\/staging.bioswing.ee\/da\/#website"},"primaryImageOfPage":{"@id":"https:\/\/staging.bioswing.ee\/da\/toode\/460-iq\/#primaryimage"},"image":{"@id":"https:\/\/staging.bioswing.ee\/da\/toode\/460-iq\/#primaryimage"},"thumbnailUrl":"https:\/\/staging.bioswing.ee\/wp-content\/uploads\/2023\/04\/460_IQ.jpg","datePublished":"2023-04-13T11:47:44+00:00","dateModified":"2024-11-28T11:57:03+00:00","breadcrumb":{"@id":"https:\/\/staging.bioswing.ee\/da\/toode\/460-iq\/#breadcrumb"},"inLanguage":"da-DK","potentialAction":[{"@type":"ReadAction","target":["https:\/\/staging.bioswing.ee\/da\/toode\/460-iq\/"]}]},{"@type":"ImageObject","inLanguage":"da-DK","@id":"https:\/\/staging.bioswing.ee\/da\/toode\/460-iq\/#primaryimage","url":"https:\/\/staging.bioswing.ee\/wp-content\/uploads\/2023\/04\/460_IQ.jpg","contentUrl":"https:\/\/staging.bioswing.ee\/wp-content\/uploads\/2023\/04\/460_IQ.jpg","width":1874,"height":2500},{"@type":"BreadcrumbList","@id":"https:\/\/staging.bioswing.ee\/da\/toode\/460-iq\/#breadcrumb","itemListElement":[{"@type":"ListItem","position":1,"name":"Home","item":"https:\/\/bioswing.ee\/da\/"},{"@type":"ListItem","position":2,"name":"SHOP","item":"https:\/\/bioswing.ee\/da\/shop\/"},{"@type":"ListItem","position":3,"name":"BIOSWING 460 iQ"}]},{"@type":"WebSite","@id":"https:\/\/staging.bioswing.ee\/da\/#website","url":"https:\/\/staging.bioswing.ee\/da\/","name":"BIOSWING","description":"Smart solutions for healthy sitting","publisher":{"@id":"https:\/\/staging.bioswing.ee\/da\/#organization"},"potentialAction":[{"@type":"SearchAction","target":{"@type":"EntryPoint","urlTemplate":"https:\/\/staging.bioswing.ee\/da\/?s={search_term_string}"},"query-input":{"@type":"PropertyValueSpecification","valueRequired":true,"valueName":"search_term_string"}}],"inLanguage":"da-DK"},{"@type":"Organization","@id":"https:\/\/staging.bioswing.ee\/da\/#organization","name":"BIOSWING","url":"https:\/\/staging.bioswing.ee\/da\/","logo":{"@type":"ImageObject","inLanguage":"da-DK","@id":"https:\/\/staging.bioswing.ee\/da\/#\/schema\/logo\/image\/","url":"https:\/\/staging.bioswing.ee\/wp-content\/uploads\/2023\/04\/logo_web.png","contentUrl":"https:\/\/staging.bioswing.ee\/wp-content\/uploads\/2023\/04\/logo_web.png","width":140,"height":122,"caption":"BIOSWING"},"image":{"@id":"https:\/\/staging.bioswing.ee\/da\/#\/schema\/logo\/image\/"}}]}},"_links":{"self":[{"href":"https:\/\/staging.bioswing.ee\/da\/wp-json\/wp\/v2\/product\/16138","targetHints":{"allow":["GET"]}}],"collection":[{"href":"https:\/\/staging.bioswing.ee\/da\/wp-json\/wp\/v2\/product"}],"about":[{"href":"https:\/\/staging.bioswing.ee\/da\/wp-json\/wp\/v2\/types\/product"}],"wp:featuredmedia":[{"embeddable":true,"href":"https:\/\/staging.bioswing.ee\/da\/wp-json\/wp\/v2\/media\/16139"}],"wp:attachment":[{"href":"https:\/\/staging.bioswing.ee\/da\/wp-json\/wp\/v2\/media?parent=16138"}],"wp:term":[{"taxonomy":"product_brand","embeddable":true,"href":"https:\/\/staging.bioswing.ee\/da\/wp-json\/wp\/v2\/product_brand?post=16138"},{"taxonomy":"product_cat","embeddable":true,"href":"https:\/\/staging.bioswing.ee\/da\/wp-json\/wp\/v2\/product_cat?post=16138"},{"taxonomy":"product_tag","embeddable":true,"href":"https:\/\/staging.bioswing.ee\/da\/wp-json\/wp\/v2\/product_tag?post=16138"}],"curies":[{"name":"wp","href":"https:\/\/api.w.org\/{rel}","templated":true}]}}