{"id":16499,"date":"2023-04-13T13:22:21","date_gmt":"2023-04-13T13:22:21","guid":{"rendered":"https:\/\/staging.bioswing.ee\/toode\/660-iq\/"},"modified":"2024-12-05T12:08:27","modified_gmt":"2024-12-05T12:08:27","slug":"660-iq","status":"publish","type":"product","link":"https:\/\/staging.bioswing.ee\/da\/toode\/660-iq\/","title":{"rendered":"BIOSWING 660 iQ"},"content":{"rendered":"<h3>BIOSWING 660 iQ<\/h3>\n<ul>\n<li>Ergonomisk kontorstol med ortop\u00e6disk effekt<\/li>\n<li>Integreret, adaptiv 3D-s\u00e6demekanisme<\/li>\n<li>Synkronmekanisme med automatisk v\u00e6gtjustering (samt finjustering)<\/li>\n<li>3D arml\u00e6n for multifunktionel justering, der passer til forskellige arbejdspositioner<\/li>\n<li>Individuel s\u00e6devinkeljustering med gasfjeder, kontinuerligt justerbar<\/li>\n<li>Yderligere b\u00e6kkenstabilisator<\/li>\n<li>Siddedybden kan justeres for at passe til benl\u00e6ngden<\/li>\n<li>Rygl\u00e6n med justerbar h\u00f8jde, desuden med l\u00e6ndest\u00f8tte med individuelt justerbar kurve<\/li>\n<li>3D nakkest\u00f8tte med kontinuerlig justering af h\u00f8jde, dybde og h\u00e6ldning<\/li>\n<li>Rygst\u00f8ttens h\u00f8jde: 60 cm<\/li>\n<li>Stofbetr\u00e6k: Step, forskellige farver<\/li>\n<li>Stjernebase: Aluminium, poleret<\/li>\n<\/ul>\n<p><iframe title=\"YouTube video player\" src=\"https:\/\/www.youtube.com\/embed\/HZcjV5Wtxhk\" width=\"100%\" height=\"450\" frameborder=\"0\" allowfullscreen=\"allowfullscreen\"><\/iframe><\/p>\n<p><iframe title=\"YouTube video player\" src=\"https:\/\/www.youtube.com\/embed\/RdAkGYfQRU0?si=iZjPFPN7BfNfVNQH\" width=\"100%\" height=\"450\" frameborder=\"0\" allowfullscreen=\"allowfullscreen\"><\/iframe><\/p>\n","protected":false},"excerpt":{"rendered":"<h4>Hvis du skal pr\u00e6stere maksimalt hver dag, har du brug for en kontorstol, der kan mere: BIOSWING, pr\u00e6stationsforst\u00e6rkeren.<\/h4>\n<p>P\u00e5 denne side kan du finde ud af, hvordan denne teknologi kan hj\u00e6lpe dig med at \u00f8ge din<strong> pr\u00e6station<\/strong>.<br \/>Det er vigtigt, at stolen tager hensyn <strong>til individuel anatomi <\/strong>og giver perfekte muligheder for justering.<\/p>\n<h4>En BIOSWING 6-serie kontorstol giver maksimal ekstra bev\u00e6gelse.<\/h4>\n<p>Takket v\u00e6re de sofistikerede integrerede mekanismer reagerer 6-serien ikke kun p\u00e5 hver af dine bev\u00e6gelsesimpulser, men tilpasser sig ogs\u00e5 med imponerende smidighed til hver kropsstilling, du indtager i l\u00f8bet af en lang dag.<\/p>\n<p>Aktiv bev\u00e6gelse og regelm\u00e6ssige \u00e6ndringer i kropsholdning er gode for din rygs\u00f8jle. Med den standard <strong>individuelt justerbare s\u00e6deh\u00e6ldning <\/strong>og <strong>b\u00e6kkenstabilisator<\/strong> med en vidunderligt bl\u00f8d respons kan du nemt justere dit b\u00e6kken korrekt og samtidig placere din rygs\u00f8jle i dens <strong>naturlige S-form<\/strong>. Dette aktiverer yderligere potentiale for b\u00e5de krop og sind.<br \/>At arbejde i timevis ved en computer for\u00e5rsager tr\u00e6thed. Vi skal holde hovedet, der vejer cirka fem kilo, fast i \u00e9n position, hvilket overbelaster nakkemusklerne og giver smertefulde sp\u00e6ndinger.<br \/>Afhj\u00e6lpning gives af en <strong>nakkest\u00f8tte med 3D-justering<\/strong>, der <strong>muligg\u00f8r korte afslapningsfaser <\/strong>\u2013 s\u00e5 dine <strong>sp\u00e6ndte muskler kan slappe af<\/strong>.<\/p>\n<p><strong>Rygl\u00e6nsh\u00f8jden p\u00e5 BIOSWING 660 iQ er 60 cm<\/strong> (BIOSWING rygl\u00e6nsh\u00f8jden p\u00e5 670 iQ er 70 cm).<\/p>\n<p><img decoding=\"async\" class=\"alignnone wp-image-916\" src=\"https:\/\/staging.bioswing.ee\/wp-content\/uploads\/2023\/04\/pdf.png\" alt=\"pdf\" width=\"19\" height=\"20\"> <a href=\"https:\/\/staging.bioswing.ee\/wp-content\/uploads\/2023\/04\/produktblatt_660_v05_EN.pdf\" target=\"_blank\" rel=\"noopener\">Download Product Sheet (PDF)<\/a><\/p>\n","protected":false},"featured_media":16500,"template":"","meta":[],"product_brand":[],"product_cat":[635],"product_tag":[],"class_list":{"0":"post-16499","1":"product","2":"type-product","3":"status-publish","4":"has-post-thumbnail","6":"product_cat-ledelse-da","8":"first","9":"instock","10":"sale","11":"taxable","12":"shipping-taxable","13":"purchasable","14":"product-type-variable","15":"has-default-attributes"},"yoast_head":"<!-- This site is optimized with the Yoast SEO plugin v27.1.1 - https:\/\/yoast.com\/product\/yoast-seo-wordpress\/ -->\n<title>BIOSWING 660 iQ - BIOSWING<\/title>\n<meta name=\"robots\" content=\"noindex, follow, max-snippet:-1, max-image-preview:large, max-video-preview:-1\" \/>\n<meta property=\"og:locale\" content=\"da_DK\" \/>\n<meta property=\"og:type\" content=\"article\" \/>\n<meta property=\"og:title\" content=\"BIOSWING 660 iQ - BIOSWING\" \/>\n<meta property=\"og:description\" content=\"Hvis du skal pr\u00e6stere maksimalt hver dag, har du brug for en kontorstol, der kan mere: BIOSWING, pr\u00e6stationsforst\u00e6rkeren. P\u00e5 denne side kan du finde ud af, hvordan denne teknologi kan hj\u00e6lpe dig med at \u00f8ge din pr\u00e6station.Det er vigtigt, at stolen tager hensyn til individuel anatomi og giver perfekte muligheder for justering.  En BIOSWING 6-serie kontorstol giver maksimal ekstra bev\u00e6gelse. Takket v\u00e6re de sofistikerede integrerede mekanismer reagerer 6-serien ikke kun p\u00e5 hver af dine bev\u00e6gelsesimpulser, men tilpasser sig ogs\u00e5 med imponerende smidighed til hver kropsstilling, du indtager i l\u00f8bet af en lang dag.Aktiv bev\u00e6gelse og regelm\u00e6ssige \u00e6ndringer i kropsholdning er gode for din rygs\u00f8jle. Med den standard individuelt justerbare s\u00e6deh\u00e6ldning og b\u00e6kkenstabilisator med en vidunderligt bl\u00f8d respons kan du nemt justere dit b\u00e6kken korrekt og samtidig placere din rygs\u00f8jle i dens naturlige S-form. Dette aktiverer yderligere potentiale for b\u00e5de krop og sind.At arbejde i timevis ved en computer for\u00e5rsager tr\u00e6thed. Vi skal holde hovedet, der vejer cirka fem kilo, fast i \u00e9n position, hvilket overbelaster nakkemusklerne og giver smertefulde sp\u00e6ndinger.Afhj\u00e6lpning gives af en nakkest\u00f8tte med 3D-justering, der muligg\u00f8r korte afslapningsfaser \u2013 s\u00e5 dine sp\u00e6ndte muskler kan slappe af.Rygl\u00e6nsh\u00f8jden p\u00e5 BIOSWING 660 iQ er 60 cm (BIOSWING rygl\u00e6nsh\u00f8jden p\u00e5 670 iQ er 70 cm).       Download Product Sheet (PDF)\" \/>\n<meta property=\"og:url\" content=\"https:\/\/staging.bioswing.ee\/da\/toode\/660-iq\/\" \/>\n<meta property=\"og:site_name\" content=\"BIOSWING\" \/>\n<meta property=\"article:modified_time\" content=\"2024-12-05T12:08:27+00:00\" \/>\n<meta property=\"og:image\" content=\"https:\/\/bioswing.ee\/wp-content\/uploads\/2023\/04\/660_IQ.jpg\" \/>\n\t<meta property=\"og:image:width\" content=\"1874\" \/>\n\t<meta property=\"og:image:height\" content=\"2500\" \/>\n\t<meta property=\"og:image:type\" content=\"image\/jpeg\" \/>\n<meta name=\"twitter:card\" content=\"summary_large_image\" \/>\n<meta name=\"twitter:label1\" content=\"Estimeret l\u00e6setid\" \/>\n\t<meta name=\"twitter:data1\" content=\"1 minut\" \/>\n<script type=\"application\/ld+json\" class=\"yoast-schema-graph\">{\"@context\":\"https:\/\/schema.org\",\"@graph\":[{\"@type\":\"WebPage\",\"@id\":\"https:\/\/staging.bioswing.ee\/da\/toode\/660-iq\/\",\"url\":\"https:\/\/staging.bioswing.ee\/da\/toode\/660-iq\/\",\"name\":\"BIOSWING 660 iQ - BIOSWING\",\"isPartOf\":{\"@id\":\"https:\/\/staging.bioswing.ee\/da\/#website\"},\"primaryImageOfPage\":{\"@id\":\"https:\/\/staging.bioswing.ee\/da\/toode\/660-iq\/#primaryimage\"},\"image\":{\"@id\":\"https:\/\/staging.bioswing.ee\/da\/toode\/660-iq\/#primaryimage\"},\"thumbnailUrl\":\"https:\/\/staging.bioswing.ee\/wp-content\/uploads\/2023\/04\/660_IQ.jpg\",\"datePublished\":\"2023-04-13T13:22:21+00:00\",\"dateModified\":\"2024-12-05T12:08:27+00:00\",\"breadcrumb\":{\"@id\":\"https:\/\/staging.bioswing.ee\/da\/toode\/660-iq\/#breadcrumb\"},\"inLanguage\":\"da-DK\",\"potentialAction\":[{\"@type\":\"ReadAction\",\"target\":[\"https:\/\/staging.bioswing.ee\/da\/toode\/660-iq\/\"]}]},{\"@type\":\"ImageObject\",\"inLanguage\":\"da-DK\",\"@id\":\"https:\/\/staging.bioswing.ee\/da\/toode\/660-iq\/#primaryimage\",\"url\":\"https:\/\/staging.bioswing.ee\/wp-content\/uploads\/2023\/04\/660_IQ.jpg\",\"contentUrl\":\"https:\/\/staging.bioswing.ee\/wp-content\/uploads\/2023\/04\/660_IQ.jpg\",\"width\":1874,\"height\":2500},{\"@type\":\"BreadcrumbList\",\"@id\":\"https:\/\/staging.bioswing.ee\/da\/toode\/660-iq\/#breadcrumb\",\"itemListElement\":[{\"@type\":\"ListItem\",\"position\":1,\"name\":\"Home\",\"item\":\"https:\/\/bioswing.ee\/da\/\"},{\"@type\":\"ListItem\",\"position\":2,\"name\":\"SHOP\",\"item\":\"https:\/\/bioswing.ee\/da\/shop\/\"},{\"@type\":\"ListItem\",\"position\":3,\"name\":\"BIOSWING 660 iQ\"}]},{\"@type\":\"WebSite\",\"@id\":\"https:\/\/staging.bioswing.ee\/da\/#website\",\"url\":\"https:\/\/staging.bioswing.ee\/da\/\",\"name\":\"BIOSWING\",\"description\":\"Smart solutions for healthy sitting\",\"publisher\":{\"@id\":\"https:\/\/staging.bioswing.ee\/da\/#organization\"},\"potentialAction\":[{\"@type\":\"SearchAction\",\"target\":{\"@type\":\"EntryPoint\",\"urlTemplate\":\"https:\/\/staging.bioswing.ee\/da\/?s={search_term_string}\"},\"query-input\":{\"@type\":\"PropertyValueSpecification\",\"valueRequired\":true,\"valueName\":\"search_term_string\"}}],\"inLanguage\":\"da-DK\"},{\"@type\":\"Organization\",\"@id\":\"https:\/\/staging.bioswing.ee\/da\/#organization\",\"name\":\"BIOSWING\",\"url\":\"https:\/\/staging.bioswing.ee\/da\/\",\"logo\":{\"@type\":\"ImageObject\",\"inLanguage\":\"da-DK\",\"@id\":\"https:\/\/staging.bioswing.ee\/da\/#\/schema\/logo\/image\/\",\"url\":\"https:\/\/staging.bioswing.ee\/wp-content\/uploads\/2023\/04\/logo_web.png\",\"contentUrl\":\"https:\/\/staging.bioswing.ee\/wp-content\/uploads\/2023\/04\/logo_web.png\",\"width\":140,\"height\":122,\"caption\":\"BIOSWING\"},\"image\":{\"@id\":\"https:\/\/staging.bioswing.ee\/da\/#\/schema\/logo\/image\/\"}}]}<\/script>\n<!-- \/ Yoast SEO plugin. -->","yoast_head_json":{"title":"BIOSWING 660 iQ - BIOSWING","robots":{"index":"noindex","follow":"follow","max-snippet":"max-snippet:-1","max-image-preview":"max-image-preview:large","max-video-preview":"max-video-preview:-1"},"og_locale":"da_DK","og_type":"article","og_title":"BIOSWING 660 iQ - BIOSWING","og_description":"Hvis du skal pr\u00e6stere maksimalt hver dag, har du brug for en kontorstol, der kan mere: BIOSWING, pr\u00e6stationsforst\u00e6rkeren. P\u00e5 denne side kan du finde ud af, hvordan denne teknologi kan hj\u00e6lpe dig med at \u00f8ge din pr\u00e6station.Det er vigtigt, at stolen tager hensyn til individuel anatomi og giver perfekte muligheder for justering.  En BIOSWING 6-serie kontorstol giver maksimal ekstra bev\u00e6gelse. Takket v\u00e6re de sofistikerede integrerede mekanismer reagerer 6-serien ikke kun p\u00e5 hver af dine bev\u00e6gelsesimpulser, men tilpasser sig ogs\u00e5 med imponerende smidighed til hver kropsstilling, du indtager i l\u00f8bet af en lang dag.Aktiv bev\u00e6gelse og regelm\u00e6ssige \u00e6ndringer i kropsholdning er gode for din rygs\u00f8jle. Med den standard individuelt justerbare s\u00e6deh\u00e6ldning og b\u00e6kkenstabilisator med en vidunderligt bl\u00f8d respons kan du nemt justere dit b\u00e6kken korrekt og samtidig placere din rygs\u00f8jle i dens naturlige S-form. Dette aktiverer yderligere potentiale for b\u00e5de krop og sind.At arbejde i timevis ved en computer for\u00e5rsager tr\u00e6thed. Vi skal holde hovedet, der vejer cirka fem kilo, fast i \u00e9n position, hvilket overbelaster nakkemusklerne og giver smertefulde sp\u00e6ndinger.Afhj\u00e6lpning gives af en nakkest\u00f8tte med 3D-justering, der muligg\u00f8r korte afslapningsfaser \u2013 s\u00e5 dine sp\u00e6ndte muskler kan slappe af.Rygl\u00e6nsh\u00f8jden p\u00e5 BIOSWING 660 iQ er 60 cm (BIOSWING rygl\u00e6nsh\u00f8jden p\u00e5 670 iQ er 70 cm).       Download Product Sheet (PDF)","og_url":"https:\/\/staging.bioswing.ee\/da\/toode\/660-iq\/","og_site_name":"BIOSWING","article_modified_time":"2024-12-05T12:08:27+00:00","og_image":[{"width":1874,"height":2500,"url":"https:\/\/bioswing.ee\/wp-content\/uploads\/2023\/04\/660_IQ.jpg","type":"image\/jpeg"}],"twitter_card":"summary_large_image","twitter_misc":{"Estimeret l\u00e6setid":"1 minut"},"schema":{"@context":"https:\/\/schema.org","@graph":[{"@type":"WebPage","@id":"https:\/\/staging.bioswing.ee\/da\/toode\/660-iq\/","url":"https:\/\/staging.bioswing.ee\/da\/toode\/660-iq\/","name":"BIOSWING 660 iQ - BIOSWING","isPartOf":{"@id":"https:\/\/staging.bioswing.ee\/da\/#website"},"primaryImageOfPage":{"@id":"https:\/\/staging.bioswing.ee\/da\/toode\/660-iq\/#primaryimage"},"image":{"@id":"https:\/\/staging.bioswing.ee\/da\/toode\/660-iq\/#primaryimage"},"thumbnailUrl":"https:\/\/staging.bioswing.ee\/wp-content\/uploads\/2023\/04\/660_IQ.jpg","datePublished":"2023-04-13T13:22:21+00:00","dateModified":"2024-12-05T12:08:27+00:00","breadcrumb":{"@id":"https:\/\/staging.bioswing.ee\/da\/toode\/660-iq\/#breadcrumb"},"inLanguage":"da-DK","potentialAction":[{"@type":"ReadAction","target":["https:\/\/staging.bioswing.ee\/da\/toode\/660-iq\/"]}]},{"@type":"ImageObject","inLanguage":"da-DK","@id":"https:\/\/staging.bioswing.ee\/da\/toode\/660-iq\/#primaryimage","url":"https:\/\/staging.bioswing.ee\/wp-content\/uploads\/2023\/04\/660_IQ.jpg","contentUrl":"https:\/\/staging.bioswing.ee\/wp-content\/uploads\/2023\/04\/660_IQ.jpg","width":1874,"height":2500},{"@type":"BreadcrumbList","@id":"https:\/\/staging.bioswing.ee\/da\/toode\/660-iq\/#breadcrumb","itemListElement":[{"@type":"ListItem","position":1,"name":"Home","item":"https:\/\/bioswing.ee\/da\/"},{"@type":"ListItem","position":2,"name":"SHOP","item":"https:\/\/bioswing.ee\/da\/shop\/"},{"@type":"ListItem","position":3,"name":"BIOSWING 660 iQ"}]},{"@type":"WebSite","@id":"https:\/\/staging.bioswing.ee\/da\/#website","url":"https:\/\/staging.bioswing.ee\/da\/","name":"BIOSWING","description":"Smart solutions for healthy sitting","publisher":{"@id":"https:\/\/staging.bioswing.ee\/da\/#organization"},"potentialAction":[{"@type":"SearchAction","target":{"@type":"EntryPoint","urlTemplate":"https:\/\/staging.bioswing.ee\/da\/?s={search_term_string}"},"query-input":{"@type":"PropertyValueSpecification","valueRequired":true,"valueName":"search_term_string"}}],"inLanguage":"da-DK"},{"@type":"Organization","@id":"https:\/\/staging.bioswing.ee\/da\/#organization","name":"BIOSWING","url":"https:\/\/staging.bioswing.ee\/da\/","logo":{"@type":"ImageObject","inLanguage":"da-DK","@id":"https:\/\/staging.bioswing.ee\/da\/#\/schema\/logo\/image\/","url":"https:\/\/staging.bioswing.ee\/wp-content\/uploads\/2023\/04\/logo_web.png","contentUrl":"https:\/\/staging.bioswing.ee\/wp-content\/uploads\/2023\/04\/logo_web.png","width":140,"height":122,"caption":"BIOSWING"},"image":{"@id":"https:\/\/staging.bioswing.ee\/da\/#\/schema\/logo\/image\/"}}]}},"_links":{"self":[{"href":"https:\/\/staging.bioswing.ee\/da\/wp-json\/wp\/v2\/product\/16499","targetHints":{"allow":["GET"]}}],"collection":[{"href":"https:\/\/staging.bioswing.ee\/da\/wp-json\/wp\/v2\/product"}],"about":[{"href":"https:\/\/staging.bioswing.ee\/da\/wp-json\/wp\/v2\/types\/product"}],"wp:featuredmedia":[{"embeddable":true,"href":"https:\/\/staging.bioswing.ee\/da\/wp-json\/wp\/v2\/media\/16500"}],"wp:attachment":[{"href":"https:\/\/staging.bioswing.ee\/da\/wp-json\/wp\/v2\/media?parent=16499"}],"wp:term":[{"taxonomy":"product_brand","embeddable":true,"href":"https:\/\/staging.bioswing.ee\/da\/wp-json\/wp\/v2\/product_brand?post=16499"},{"taxonomy":"product_cat","embeddable":true,"href":"https:\/\/staging.bioswing.ee\/da\/wp-json\/wp\/v2\/product_cat?post=16499"},{"taxonomy":"product_tag","embeddable":true,"href":"https:\/\/staging.bioswing.ee\/da\/wp-json\/wp\/v2\/product_tag?post=16499"}],"curies":[{"name":"wp","href":"https:\/\/api.w.org\/{rel}","templated":true}]}}