{"id":16787,"date":"2023-04-14T11:41:18","date_gmt":"2023-04-14T11:41:18","guid":{"rendered":"https:\/\/staging.bioswing.ee\/toode\/780-iq\/"},"modified":"2024-11-28T12:49:40","modified_gmt":"2024-11-28T12:49:40","slug":"780-iq","status":"publish","type":"product","link":"https:\/\/staging.bioswing.ee\/da\/toode\/780-iq\/","title":{"rendered":"BIOSWING 780 iQ"},"content":{"rendered":"<h3>BIOSWING 780 iQ<\/h3>\n<ul>\n<li>Ergonomisk kontorstol med ortop\u00e6disk effekt<\/li>\n<li>Integreret, adaptiv 3D-s\u00e6demekanisme<\/li>\n<li>Synkronmekanisme med individuel v\u00e6gtjustering<\/li>\n<li>L\u00e6derarml\u00e6n med individuel h\u00f8jdejustering<\/li>\n<li>Individuel s\u00e6devinkeljustering med gasfjeder, kontinuerligt justerbar<\/li>\n<li>Yderligere b\u00e6kkenstabilisator<\/li>\n<li>Siddedybden kan justeres for at passe til benl\u00e6ngden<\/li>\n<li>Rygl\u00e6n med integreret nakkest\u00f8tte med justerbar h\u00f8jde, desuden med l\u00e6ndest\u00f8tte og individuelt justerbar kurve og h\u00f8jde<\/li>\n<li>Rygl\u00e6nsh\u00f8jde: 80 cm<\/li>\n<li>Betr\u00e6k: Koskind i forskellige farver<\/li>\n<li>Stjernebase: Aluminium, poleret<\/li>\n<li>Hjul: krom<\/li>\n<\/ul>\n<p><iframe title=\"YouTube video player\" src=\"https:\/\/www.youtube.com\/embed\/WkNjcHLZfsA\" width=\"100%\" height=\"450\" frameborder=\"0\" allowfullscreen=\"allowfullscreen\"><\/iframe><\/p>\n<p><iframe title=\"YouTube video player\" src=\"https:\/\/www.youtube.com\/embed\/RdAkGYfQRU0?si=iZjPFPN7BfNfVNQH\" width=\"100%\" height=\"450\" frameborder=\"0\" allowfullscreen=\"allowfullscreen\"><\/iframe><\/p>\n","protected":false},"excerpt":{"rendered":"<h4>Hvis du skal pr\u00e6stere maksimalt hver dag, har du brug for en kontorstol, der kan mere: BIOSWING, pr\u00e6stationsforst\u00e6rkeren.<\/h4>\n<p>P\u00e5 denne side kan du finde ud af, hvordan denne teknologi kan hj\u00e6lpe dig med at \u00f8ge din<strong> pr\u00e6station<\/strong>.<br \/>Det er vigtigt, at stolen tager hensyn <strong>til individuel anatomi <\/strong>og giver perfekte muligheder for justering.<\/p>\n<h4>BIOSWING 7-serien tilbyder maksimal komfort og luksus uden at g\u00e5 p\u00e5 kompromis med sundhedsaspekterne som m\u00e5lrettet bev\u00e6gelse under siddende arbejde og ergonomi. <\/h4>\n<p>Denne serie tilpasser sig med perfekt harmoni til hver kropsstilling, du indtager i l\u00f8bet af en lang dag, og har forskellige unikke funktioner til yderligere afslapning.<br \/>Aktiv bev\u00e6gelse og regelm\u00e6ssige \u00e6ndringer i kropsholdning er gode for din rygs\u00f8jle. Med den standard <strong>individuelt justerbare s\u00e6deh\u00e6ldning <\/strong>og <strong>b\u00e6kkenstabilisator<\/strong> med en vidunderligt bl\u00f8d respons kan du nemt justere dit b\u00e6kken korrekt og samtidig placere din rygs\u00f8jle i dens <strong>naturlige S-form.<\/strong><\/p>\n<h4>BIOSWING 7-serien giver maksimal komfort og luksus. Men uden at fors\u00f8mme de sundhedsm\u00e6ssige aspekter som f.eks. at fremme m\u00e5lrettet bev\u00e6gelse under siddende arbejde og ergonomi. <\/h4>\n<p>Ligesom de andre tilpasser denne serie sig med perfekt harmoni til hver stilling, der indtages i l\u00f8bet af en lang dag, og har forskellige unikke funktioner til yderligere afslapning.<\/p>\n<p><img decoding=\"async\" class=\"alignnone wp-image-916\" src=\"https:\/\/staging.bioswing.ee\/wp-content\/uploads\/2023\/04\/pdf.png\" alt=\"pdf\" width=\"19\" height=\"20\"> <a href=\"https:\/\/staging.bioswing.ee\/wp-content\/uploads\/2023\/04\/produktblatt_780_v02_EN.pdf\" target=\"_blank\" rel=\"noopener\">Download Product Sheet (PDF)<\/a><\/p>\n","protected":false},"featured_media":16788,"template":"","meta":[],"product_brand":[],"product_cat":[635],"product_tag":[],"class_list":{"0":"post-16787","1":"product","2":"type-product","3":"status-publish","4":"has-post-thumbnail","6":"product_cat-ledelse-da","8":"first","9":"instock","10":"taxable","11":"shipping-taxable","12":"product-type-simple"},"yoast_head":"<!-- This site is optimized with the Yoast SEO plugin v27.1.1 - https:\/\/yoast.com\/product\/yoast-seo-wordpress\/ -->\n<title>BIOSWING 780 iQ - BIOSWING<\/title>\n<meta name=\"robots\" content=\"noindex, follow, max-snippet:-1, max-image-preview:large, max-video-preview:-1\" \/>\n<meta property=\"og:locale\" content=\"da_DK\" \/>\n<meta property=\"og:type\" content=\"article\" \/>\n<meta property=\"og:title\" content=\"BIOSWING 780 iQ - BIOSWING\" \/>\n<meta property=\"og:description\" content=\"Hvis du skal pr\u00e6stere maksimalt hver dag, har du brug for en kontorstol, der kan mere: BIOSWING, pr\u00e6stationsforst\u00e6rkeren. P\u00e5 denne side kan du finde ud af, hvordan denne teknologi kan hj\u00e6lpe dig med at \u00f8ge din pr\u00e6station.Det er vigtigt, at stolen tager hensyn til individuel anatomi og giver perfekte muligheder for justering.  BIOSWING 7-serien tilbyder maksimal komfort og luksus uden at g\u00e5 p\u00e5 kompromis med sundhedsaspekterne som m\u00e5lrettet bev\u00e6gelse under siddende arbejde og ergonomi. Denne serie tilpasser sig med perfekt harmoni til hver kropsstilling, du indtager i l\u00f8bet af en lang dag, og har forskellige unikke funktioner til yderligere afslapning.Aktiv bev\u00e6gelse og regelm\u00e6ssige \u00e6ndringer i kropsholdning er gode for din rygs\u00f8jle. Med den standard individuelt justerbare s\u00e6deh\u00e6ldning og b\u00e6kkenstabilisator med en vidunderligt bl\u00f8d respons kan du nemt justere dit b\u00e6kken korrekt og samtidig placere din rygs\u00f8jle i dens naturlige S-form.  BIOSWING 7-serien giver maksimal komfort og luksus. Men uden at fors\u00f8mme de sundhedsm\u00e6ssige aspekter som f.eks. at fremme m\u00e5lrettet bev\u00e6gelse under siddende arbejde og ergonomi. Ligesom de andre tilpasser denne serie sig med perfekt harmoni til hver stilling, der indtages i l\u00f8bet af en lang dag, og har forskellige unikke funktioner til yderligere afslapning.  Download Product Sheet (PDF)\" \/>\n<meta property=\"og:url\" content=\"https:\/\/staging.bioswing.ee\/da\/toode\/780-iq\/\" \/>\n<meta property=\"og:site_name\" content=\"BIOSWING\" \/>\n<meta property=\"article:modified_time\" content=\"2024-11-28T12:49:40+00:00\" \/>\n<meta property=\"og:image\" content=\"https:\/\/bioswing.ee\/wp-content\/uploads\/2023\/04\/780_IQ.jpg\" \/>\n\t<meta property=\"og:image:width\" content=\"1874\" \/>\n\t<meta property=\"og:image:height\" content=\"2500\" \/>\n\t<meta property=\"og:image:type\" content=\"image\/jpeg\" \/>\n<meta name=\"twitter:card\" content=\"summary_large_image\" \/>\n<meta name=\"twitter:label1\" content=\"Estimeret l\u00e6setid\" \/>\n\t<meta name=\"twitter:data1\" content=\"1 minut\" \/>\n<script type=\"application\/ld+json\" class=\"yoast-schema-graph\">{\"@context\":\"https:\/\/schema.org\",\"@graph\":[{\"@type\":\"WebPage\",\"@id\":\"https:\/\/staging.bioswing.ee\/da\/toode\/780-iq\/\",\"url\":\"https:\/\/staging.bioswing.ee\/da\/toode\/780-iq\/\",\"name\":\"BIOSWING 780 iQ - BIOSWING\",\"isPartOf\":{\"@id\":\"https:\/\/staging.bioswing.ee\/da\/#website\"},\"primaryImageOfPage\":{\"@id\":\"https:\/\/staging.bioswing.ee\/da\/toode\/780-iq\/#primaryimage\"},\"image\":{\"@id\":\"https:\/\/staging.bioswing.ee\/da\/toode\/780-iq\/#primaryimage\"},\"thumbnailUrl\":\"https:\/\/staging.bioswing.ee\/wp-content\/uploads\/2023\/04\/780_IQ.jpg\",\"datePublished\":\"2023-04-14T11:41:18+00:00\",\"dateModified\":\"2024-11-28T12:49:40+00:00\",\"breadcrumb\":{\"@id\":\"https:\/\/staging.bioswing.ee\/da\/toode\/780-iq\/#breadcrumb\"},\"inLanguage\":\"da-DK\",\"potentialAction\":[{\"@type\":\"ReadAction\",\"target\":[\"https:\/\/staging.bioswing.ee\/da\/toode\/780-iq\/\"]}]},{\"@type\":\"ImageObject\",\"inLanguage\":\"da-DK\",\"@id\":\"https:\/\/staging.bioswing.ee\/da\/toode\/780-iq\/#primaryimage\",\"url\":\"https:\/\/staging.bioswing.ee\/wp-content\/uploads\/2023\/04\/780_IQ.jpg\",\"contentUrl\":\"https:\/\/staging.bioswing.ee\/wp-content\/uploads\/2023\/04\/780_IQ.jpg\",\"width\":1874,\"height\":2500},{\"@type\":\"BreadcrumbList\",\"@id\":\"https:\/\/staging.bioswing.ee\/da\/toode\/780-iq\/#breadcrumb\",\"itemListElement\":[{\"@type\":\"ListItem\",\"position\":1,\"name\":\"Home\",\"item\":\"https:\/\/bioswing.ee\/da\/\"},{\"@type\":\"ListItem\",\"position\":2,\"name\":\"SHOP\",\"item\":\"https:\/\/bioswing.ee\/da\/shop\/\"},{\"@type\":\"ListItem\",\"position\":3,\"name\":\"BIOSWING 780 iQ\"}]},{\"@type\":\"WebSite\",\"@id\":\"https:\/\/staging.bioswing.ee\/da\/#website\",\"url\":\"https:\/\/staging.bioswing.ee\/da\/\",\"name\":\"BIOSWING\",\"description\":\"Smart solutions for healthy sitting\",\"publisher\":{\"@id\":\"https:\/\/staging.bioswing.ee\/da\/#organization\"},\"potentialAction\":[{\"@type\":\"SearchAction\",\"target\":{\"@type\":\"EntryPoint\",\"urlTemplate\":\"https:\/\/staging.bioswing.ee\/da\/?s={search_term_string}\"},\"query-input\":{\"@type\":\"PropertyValueSpecification\",\"valueRequired\":true,\"valueName\":\"search_term_string\"}}],\"inLanguage\":\"da-DK\"},{\"@type\":\"Organization\",\"@id\":\"https:\/\/staging.bioswing.ee\/da\/#organization\",\"name\":\"BIOSWING\",\"url\":\"https:\/\/staging.bioswing.ee\/da\/\",\"logo\":{\"@type\":\"ImageObject\",\"inLanguage\":\"da-DK\",\"@id\":\"https:\/\/staging.bioswing.ee\/da\/#\/schema\/logo\/image\/\",\"url\":\"https:\/\/staging.bioswing.ee\/wp-content\/uploads\/2023\/04\/logo_web.png\",\"contentUrl\":\"https:\/\/staging.bioswing.ee\/wp-content\/uploads\/2023\/04\/logo_web.png\",\"width\":140,\"height\":122,\"caption\":\"BIOSWING\"},\"image\":{\"@id\":\"https:\/\/staging.bioswing.ee\/da\/#\/schema\/logo\/image\/\"}}]}<\/script>\n<!-- \/ Yoast SEO plugin. -->","yoast_head_json":{"title":"BIOSWING 780 iQ - BIOSWING","robots":{"index":"noindex","follow":"follow","max-snippet":"max-snippet:-1","max-image-preview":"max-image-preview:large","max-video-preview":"max-video-preview:-1"},"og_locale":"da_DK","og_type":"article","og_title":"BIOSWING 780 iQ - BIOSWING","og_description":"Hvis du skal pr\u00e6stere maksimalt hver dag, har du brug for en kontorstol, der kan mere: BIOSWING, pr\u00e6stationsforst\u00e6rkeren. P\u00e5 denne side kan du finde ud af, hvordan denne teknologi kan hj\u00e6lpe dig med at \u00f8ge din pr\u00e6station.Det er vigtigt, at stolen tager hensyn til individuel anatomi og giver perfekte muligheder for justering.  BIOSWING 7-serien tilbyder maksimal komfort og luksus uden at g\u00e5 p\u00e5 kompromis med sundhedsaspekterne som m\u00e5lrettet bev\u00e6gelse under siddende arbejde og ergonomi. Denne serie tilpasser sig med perfekt harmoni til hver kropsstilling, du indtager i l\u00f8bet af en lang dag, og har forskellige unikke funktioner til yderligere afslapning.Aktiv bev\u00e6gelse og regelm\u00e6ssige \u00e6ndringer i kropsholdning er gode for din rygs\u00f8jle. Med den standard individuelt justerbare s\u00e6deh\u00e6ldning og b\u00e6kkenstabilisator med en vidunderligt bl\u00f8d respons kan du nemt justere dit b\u00e6kken korrekt og samtidig placere din rygs\u00f8jle i dens naturlige S-form.  BIOSWING 7-serien giver maksimal komfort og luksus. Men uden at fors\u00f8mme de sundhedsm\u00e6ssige aspekter som f.eks. at fremme m\u00e5lrettet bev\u00e6gelse under siddende arbejde og ergonomi. Ligesom de andre tilpasser denne serie sig med perfekt harmoni til hver stilling, der indtages i l\u00f8bet af en lang dag, og har forskellige unikke funktioner til yderligere afslapning.  Download Product Sheet (PDF)","og_url":"https:\/\/staging.bioswing.ee\/da\/toode\/780-iq\/","og_site_name":"BIOSWING","article_modified_time":"2024-11-28T12:49:40+00:00","og_image":[{"width":1874,"height":2500,"url":"https:\/\/bioswing.ee\/wp-content\/uploads\/2023\/04\/780_IQ.jpg","type":"image\/jpeg"}],"twitter_card":"summary_large_image","twitter_misc":{"Estimeret l\u00e6setid":"1 minut"},"schema":{"@context":"https:\/\/schema.org","@graph":[{"@type":"WebPage","@id":"https:\/\/staging.bioswing.ee\/da\/toode\/780-iq\/","url":"https:\/\/staging.bioswing.ee\/da\/toode\/780-iq\/","name":"BIOSWING 780 iQ - BIOSWING","isPartOf":{"@id":"https:\/\/staging.bioswing.ee\/da\/#website"},"primaryImageOfPage":{"@id":"https:\/\/staging.bioswing.ee\/da\/toode\/780-iq\/#primaryimage"},"image":{"@id":"https:\/\/staging.bioswing.ee\/da\/toode\/780-iq\/#primaryimage"},"thumbnailUrl":"https:\/\/staging.bioswing.ee\/wp-content\/uploads\/2023\/04\/780_IQ.jpg","datePublished":"2023-04-14T11:41:18+00:00","dateModified":"2024-11-28T12:49:40+00:00","breadcrumb":{"@id":"https:\/\/staging.bioswing.ee\/da\/toode\/780-iq\/#breadcrumb"},"inLanguage":"da-DK","potentialAction":[{"@type":"ReadAction","target":["https:\/\/staging.bioswing.ee\/da\/toode\/780-iq\/"]}]},{"@type":"ImageObject","inLanguage":"da-DK","@id":"https:\/\/staging.bioswing.ee\/da\/toode\/780-iq\/#primaryimage","url":"https:\/\/staging.bioswing.ee\/wp-content\/uploads\/2023\/04\/780_IQ.jpg","contentUrl":"https:\/\/staging.bioswing.ee\/wp-content\/uploads\/2023\/04\/780_IQ.jpg","width":1874,"height":2500},{"@type":"BreadcrumbList","@id":"https:\/\/staging.bioswing.ee\/da\/toode\/780-iq\/#breadcrumb","itemListElement":[{"@type":"ListItem","position":1,"name":"Home","item":"https:\/\/bioswing.ee\/da\/"},{"@type":"ListItem","position":2,"name":"SHOP","item":"https:\/\/bioswing.ee\/da\/shop\/"},{"@type":"ListItem","position":3,"name":"BIOSWING 780 iQ"}]},{"@type":"WebSite","@id":"https:\/\/staging.bioswing.ee\/da\/#website","url":"https:\/\/staging.bioswing.ee\/da\/","name":"BIOSWING","description":"Smart solutions for healthy sitting","publisher":{"@id":"https:\/\/staging.bioswing.ee\/da\/#organization"},"potentialAction":[{"@type":"SearchAction","target":{"@type":"EntryPoint","urlTemplate":"https:\/\/staging.bioswing.ee\/da\/?s={search_term_string}"},"query-input":{"@type":"PropertyValueSpecification","valueRequired":true,"valueName":"search_term_string"}}],"inLanguage":"da-DK"},{"@type":"Organization","@id":"https:\/\/staging.bioswing.ee\/da\/#organization","name":"BIOSWING","url":"https:\/\/staging.bioswing.ee\/da\/","logo":{"@type":"ImageObject","inLanguage":"da-DK","@id":"https:\/\/staging.bioswing.ee\/da\/#\/schema\/logo\/image\/","url":"https:\/\/staging.bioswing.ee\/wp-content\/uploads\/2023\/04\/logo_web.png","contentUrl":"https:\/\/staging.bioswing.ee\/wp-content\/uploads\/2023\/04\/logo_web.png","width":140,"height":122,"caption":"BIOSWING"},"image":{"@id":"https:\/\/staging.bioswing.ee\/da\/#\/schema\/logo\/image\/"}}]}},"_links":{"self":[{"href":"https:\/\/staging.bioswing.ee\/da\/wp-json\/wp\/v2\/product\/16787","targetHints":{"allow":["GET"]}}],"collection":[{"href":"https:\/\/staging.bioswing.ee\/da\/wp-json\/wp\/v2\/product"}],"about":[{"href":"https:\/\/staging.bioswing.ee\/da\/wp-json\/wp\/v2\/types\/product"}],"wp:featuredmedia":[{"embeddable":true,"href":"https:\/\/staging.bioswing.ee\/da\/wp-json\/wp\/v2\/media\/16788"}],"wp:attachment":[{"href":"https:\/\/staging.bioswing.ee\/da\/wp-json\/wp\/v2\/media?parent=16787"}],"wp:term":[{"taxonomy":"product_brand","embeddable":true,"href":"https:\/\/staging.bioswing.ee\/da\/wp-json\/wp\/v2\/product_brand?post=16787"},{"taxonomy":"product_cat","embeddable":true,"href":"https:\/\/staging.bioswing.ee\/da\/wp-json\/wp\/v2\/product_cat?post=16787"},{"taxonomy":"product_tag","embeddable":true,"href":"https:\/\/staging.bioswing.ee\/da\/wp-json\/wp\/v2\/product_tag?post=16787"}],"curies":[{"name":"wp","href":"https:\/\/api.w.org\/{rel}","templated":true}]}}