{"id":17081,"date":"2023-11-16T11:47:03","date_gmt":"2023-11-16T11:47:03","guid":{"rendered":"https:\/\/staging.bioswing.ee\/toode\/bioswing-loop\/"},"modified":"2024-11-28T13:16:26","modified_gmt":"2024-11-28T13:16:26","slug":"bioswing-loop","status":"publish","type":"product","link":"https:\/\/staging.bioswing.ee\/da\/toode\/bioswing-loop\/","title":{"rendered":"BIOSWING LOOP"},"content":{"rendered":"<p><strong>BIOSWING LOOP<\/strong><\/p>\n<ul>\n<li>En ergonomisk og ortop\u00e6disk effektiv universalstol til kontor og hjemmekontor<\/li>\n<li>Integreret, tilpasningsdygtigt 3D-s\u00e6desystem<\/li>\n<li>Automatisk holdningskompensation<\/li>\n<li>Tekstilbetr\u00e6k: Xtreme-FR sort (YS009) eller lys gr\u00e5 (YS094)<\/li>\n<li>Arml\u00e6n (fast h\u00f8jde), poleret aluminium<\/li>\n<li>Base: poleret aluminium<\/li>\n<li>Hjul: \u00f8 6 cm<\/li>\n<\/ul>\n<div style=\"width: 1200px;\" class=\"wp-video\"><video class=\"wp-video-shortcode\" id=\"video-17081-1\" width=\"1200\" height=\"675\" loop autoplay preload=\"metadata\" controls=\"controls\"><source type=\"video\/mp4\" src=\"https:\/\/staging.bioswing.ee\/wp-content\/uploads\/2023\/11\/website-loop_klein.mp4?_=1\" \/><a href=\"https:\/\/staging.bioswing.ee\/wp-content\/uploads\/2023\/11\/website-loop_klein.mp4\">https:\/\/staging.bioswing.ee\/wp-content\/uploads\/2023\/11\/website-loop_klein.mp4<\/a><\/video><\/div>\n<p><iframe title=\"YouTube video player\" src=\"https:\/\/www.youtube.com\/embed\/RdAkGYfQRU0?si=iZjPFPN7BfNfVNQH\" width=\"100%\" height=\"450\" frameborder=\"0\" allowfullscreen=\"allowfullscreen\"><\/iframe><\/p>\n","protected":false},"excerpt":{"rendered":"<h2>LOOP \u2013 En intelligent l\u00f8sning, der kombinerer stil og ergonomi.<\/h2>\n<p>Forskning har vist, at vores fysiske og mentale kapacitet er direkte forbundet med vores fysiske aktivitet. Kort sagt: Jo mere vi bev\u00e6ger os, desto mere kapable og kreative bliver vi. <\/p>\n<h3>BIOSWING LOOP, med sine delikate, harmoniske og meget lette bev\u00e6gelser, fungerer som en booster for b\u00e5de krop og sj\u00e6l.<\/h3>\n<p>Stolens <strong>integrerede<\/strong> og tilpasningsdygtige <strong>3D-s\u00e6desystem<\/strong> spejler hver eneste af dine kropsbev\u00e6gelser \u2013 selv de mindste, s\u00e5som hjerteslag og vejrtr\u00e6kning \u2013 og sender som resultat <strong>kontinuerlige<\/strong> bev\u00e6gelsessignaler til din <strong>hjerne<\/strong>.<br \/>I hjernen omdirigeres de indkommende signaler hierarkisk til forskellige datalink og integreres i <strong>hjernens bev\u00e6gelsescenter<\/strong>. Den unikke BIOSWING-teknologi aktiverer automatisk disse netv\u00e6rk, selv n\u00e5r du sidder, og forbedrer din kreativitet og pr\u00e6station.<\/p>\n","protected":false},"featured_media":17088,"template":"","meta":[],"product_brand":[],"product_cat":[644,638],"product_tag":[],"class_list":{"0":"post-17081","1":"product","2":"type-product","3":"status-publish","4":"has-post-thumbnail","6":"product_cat-kontor-og-hjemmekontor-da","7":"product_cat-mode","9":"first","10":"instock","11":"taxable","12":"shipping-taxable","13":"purchasable","14":"product-type-variable"},"yoast_head":"<!-- This site is optimized with the Yoast SEO plugin v27.1.1 - https:\/\/yoast.com\/product\/yoast-seo-wordpress\/ -->\n<title>BIOSWING LOOP - BIOSWING<\/title>\n<meta name=\"robots\" content=\"noindex, follow, max-snippet:-1, max-image-preview:large, max-video-preview:-1\" \/>\n<meta property=\"og:locale\" content=\"da_DK\" \/>\n<meta property=\"og:type\" content=\"article\" \/>\n<meta property=\"og:title\" content=\"BIOSWING LOOP - BIOSWING\" \/>\n<meta property=\"og:description\" content=\"LOOP \u2013 En intelligent l\u00f8sning, der kombinerer stil og ergonomi. Forskning har vist, at vores fysiske og mentale kapacitet er direkte forbundet med vores fysiske aktivitet. Kort sagt: Jo mere vi bev\u00e6ger os, desto mere kapable og kreative bliver vi. BIOSWING LOOP, med sine delikate, harmoniske og meget lette bev\u00e6gelser, fungerer som en booster for b\u00e5de krop og sj\u00e6l. Stolens integrerede og tilpasningsdygtige 3D-s\u00e6desystem spejler hver eneste af dine kropsbev\u00e6gelser \u2013 selv de mindste, s\u00e5som hjerteslag og vejrtr\u00e6kning \u2013 og sender som resultat kontinuerlige bev\u00e6gelsessignaler til din hjerne.I hjernen omdirigeres de indkommende signaler hierarkisk til forskellige datalink og integreres i hjernens bev\u00e6gelsescenter. Den unikke BIOSWING-teknologi aktiverer automatisk disse netv\u00e6rk, selv n\u00e5r du sidder, og forbedrer din kreativitet og pr\u00e6station.\" \/>\n<meta property=\"og:url\" content=\"https:\/\/staging.bioswing.ee\/da\/toode\/bioswing-loop\/\" \/>\n<meta property=\"og:site_name\" content=\"BIOSWING\" \/>\n<meta property=\"article:modified_time\" content=\"2024-11-28T13:16:26+00:00\" \/>\n<meta property=\"og:image\" content=\"https:\/\/bioswing.ee\/wp-content\/uploads\/2023\/11\/Loop_Produkt_Rollen_02-1.jpg\" \/>\n\t<meta property=\"og:image:width\" content=\"1874\" \/>\n\t<meta property=\"og:image:height\" content=\"2500\" \/>\n\t<meta property=\"og:image:type\" content=\"image\/jpeg\" \/>\n<meta name=\"twitter:card\" content=\"summary_large_image\" \/>\n<meta name=\"twitter:label1\" content=\"Estimeret l\u00e6setid\" \/>\n\t<meta name=\"twitter:data1\" content=\"1 minut\" \/>\n<script type=\"application\/ld+json\" class=\"yoast-schema-graph\">{\"@context\":\"https:\/\/schema.org\",\"@graph\":[{\"@type\":\"WebPage\",\"@id\":\"https:\/\/staging.bioswing.ee\/da\/toode\/bioswing-loop\/\",\"url\":\"https:\/\/staging.bioswing.ee\/da\/toode\/bioswing-loop\/\",\"name\":\"BIOSWING LOOP - BIOSWING\",\"isPartOf\":{\"@id\":\"https:\/\/staging.bioswing.ee\/da\/#website\"},\"primaryImageOfPage\":{\"@id\":\"https:\/\/staging.bioswing.ee\/da\/toode\/bioswing-loop\/#primaryimage\"},\"image\":{\"@id\":\"https:\/\/staging.bioswing.ee\/da\/toode\/bioswing-loop\/#primaryimage\"},\"thumbnailUrl\":\"https:\/\/staging.bioswing.ee\/wp-content\/uploads\/2023\/11\/Loop_Produkt_Rollen_02-1.jpg\",\"datePublished\":\"2023-11-16T11:47:03+00:00\",\"dateModified\":\"2024-11-28T13:16:26+00:00\",\"breadcrumb\":{\"@id\":\"https:\/\/staging.bioswing.ee\/da\/toode\/bioswing-loop\/#breadcrumb\"},\"inLanguage\":\"da-DK\",\"potentialAction\":[{\"@type\":\"ReadAction\",\"target\":[\"https:\/\/staging.bioswing.ee\/da\/toode\/bioswing-loop\/\"]}]},{\"@type\":\"ImageObject\",\"inLanguage\":\"da-DK\",\"@id\":\"https:\/\/staging.bioswing.ee\/da\/toode\/bioswing-loop\/#primaryimage\",\"url\":\"https:\/\/staging.bioswing.ee\/wp-content\/uploads\/2023\/11\/Loop_Produkt_Rollen_02-1.jpg\",\"contentUrl\":\"https:\/\/staging.bioswing.ee\/wp-content\/uploads\/2023\/11\/Loop_Produkt_Rollen_02-1.jpg\",\"width\":1874,\"height\":2500},{\"@type\":\"BreadcrumbList\",\"@id\":\"https:\/\/staging.bioswing.ee\/da\/toode\/bioswing-loop\/#breadcrumb\",\"itemListElement\":[{\"@type\":\"ListItem\",\"position\":1,\"name\":\"Home\",\"item\":\"https:\/\/bioswing.ee\/da\/\"},{\"@type\":\"ListItem\",\"position\":2,\"name\":\"SHOP\",\"item\":\"https:\/\/bioswing.ee\/da\/shop\/\"},{\"@type\":\"ListItem\",\"position\":3,\"name\":\"BIOSWING LOOP\"}]},{\"@type\":\"WebSite\",\"@id\":\"https:\/\/staging.bioswing.ee\/da\/#website\",\"url\":\"https:\/\/staging.bioswing.ee\/da\/\",\"name\":\"BIOSWING\",\"description\":\"Smart solutions for healthy sitting\",\"publisher\":{\"@id\":\"https:\/\/staging.bioswing.ee\/da\/#organization\"},\"potentialAction\":[{\"@type\":\"SearchAction\",\"target\":{\"@type\":\"EntryPoint\",\"urlTemplate\":\"https:\/\/staging.bioswing.ee\/da\/?s={search_term_string}\"},\"query-input\":{\"@type\":\"PropertyValueSpecification\",\"valueRequired\":true,\"valueName\":\"search_term_string\"}}],\"inLanguage\":\"da-DK\"},{\"@type\":\"Organization\",\"@id\":\"https:\/\/staging.bioswing.ee\/da\/#organization\",\"name\":\"BIOSWING\",\"url\":\"https:\/\/staging.bioswing.ee\/da\/\",\"logo\":{\"@type\":\"ImageObject\",\"inLanguage\":\"da-DK\",\"@id\":\"https:\/\/staging.bioswing.ee\/da\/#\/schema\/logo\/image\/\",\"url\":\"https:\/\/staging.bioswing.ee\/wp-content\/uploads\/2023\/04\/logo_web.png\",\"contentUrl\":\"https:\/\/staging.bioswing.ee\/wp-content\/uploads\/2023\/04\/logo_web.png\",\"width\":140,\"height\":122,\"caption\":\"BIOSWING\"},\"image\":{\"@id\":\"https:\/\/staging.bioswing.ee\/da\/#\/schema\/logo\/image\/\"}}]}<\/script>\n<!-- \/ Yoast SEO plugin. -->","yoast_head_json":{"title":"BIOSWING LOOP - BIOSWING","robots":{"index":"noindex","follow":"follow","max-snippet":"max-snippet:-1","max-image-preview":"max-image-preview:large","max-video-preview":"max-video-preview:-1"},"og_locale":"da_DK","og_type":"article","og_title":"BIOSWING LOOP - BIOSWING","og_description":"LOOP \u2013 En intelligent l\u00f8sning, der kombinerer stil og ergonomi. Forskning har vist, at vores fysiske og mentale kapacitet er direkte forbundet med vores fysiske aktivitet. Kort sagt: Jo mere vi bev\u00e6ger os, desto mere kapable og kreative bliver vi. BIOSWING LOOP, med sine delikate, harmoniske og meget lette bev\u00e6gelser, fungerer som en booster for b\u00e5de krop og sj\u00e6l. Stolens integrerede og tilpasningsdygtige 3D-s\u00e6desystem spejler hver eneste af dine kropsbev\u00e6gelser \u2013 selv de mindste, s\u00e5som hjerteslag og vejrtr\u00e6kning \u2013 og sender som resultat kontinuerlige bev\u00e6gelsessignaler til din hjerne.I hjernen omdirigeres de indkommende signaler hierarkisk til forskellige datalink og integreres i hjernens bev\u00e6gelsescenter. Den unikke BIOSWING-teknologi aktiverer automatisk disse netv\u00e6rk, selv n\u00e5r du sidder, og forbedrer din kreativitet og pr\u00e6station.","og_url":"https:\/\/staging.bioswing.ee\/da\/toode\/bioswing-loop\/","og_site_name":"BIOSWING","article_modified_time":"2024-11-28T13:16:26+00:00","og_image":[{"width":1874,"height":2500,"url":"https:\/\/bioswing.ee\/wp-content\/uploads\/2023\/11\/Loop_Produkt_Rollen_02-1.jpg","type":"image\/jpeg"}],"twitter_card":"summary_large_image","twitter_misc":{"Estimeret l\u00e6setid":"1 minut"},"schema":{"@context":"https:\/\/schema.org","@graph":[{"@type":"WebPage","@id":"https:\/\/staging.bioswing.ee\/da\/toode\/bioswing-loop\/","url":"https:\/\/staging.bioswing.ee\/da\/toode\/bioswing-loop\/","name":"BIOSWING LOOP - BIOSWING","isPartOf":{"@id":"https:\/\/staging.bioswing.ee\/da\/#website"},"primaryImageOfPage":{"@id":"https:\/\/staging.bioswing.ee\/da\/toode\/bioswing-loop\/#primaryimage"},"image":{"@id":"https:\/\/staging.bioswing.ee\/da\/toode\/bioswing-loop\/#primaryimage"},"thumbnailUrl":"https:\/\/staging.bioswing.ee\/wp-content\/uploads\/2023\/11\/Loop_Produkt_Rollen_02-1.jpg","datePublished":"2023-11-16T11:47:03+00:00","dateModified":"2024-11-28T13:16:26+00:00","breadcrumb":{"@id":"https:\/\/staging.bioswing.ee\/da\/toode\/bioswing-loop\/#breadcrumb"},"inLanguage":"da-DK","potentialAction":[{"@type":"ReadAction","target":["https:\/\/staging.bioswing.ee\/da\/toode\/bioswing-loop\/"]}]},{"@type":"ImageObject","inLanguage":"da-DK","@id":"https:\/\/staging.bioswing.ee\/da\/toode\/bioswing-loop\/#primaryimage","url":"https:\/\/staging.bioswing.ee\/wp-content\/uploads\/2023\/11\/Loop_Produkt_Rollen_02-1.jpg","contentUrl":"https:\/\/staging.bioswing.ee\/wp-content\/uploads\/2023\/11\/Loop_Produkt_Rollen_02-1.jpg","width":1874,"height":2500},{"@type":"BreadcrumbList","@id":"https:\/\/staging.bioswing.ee\/da\/toode\/bioswing-loop\/#breadcrumb","itemListElement":[{"@type":"ListItem","position":1,"name":"Home","item":"https:\/\/bioswing.ee\/da\/"},{"@type":"ListItem","position":2,"name":"SHOP","item":"https:\/\/bioswing.ee\/da\/shop\/"},{"@type":"ListItem","position":3,"name":"BIOSWING LOOP"}]},{"@type":"WebSite","@id":"https:\/\/staging.bioswing.ee\/da\/#website","url":"https:\/\/staging.bioswing.ee\/da\/","name":"BIOSWING","description":"Smart solutions for healthy sitting","publisher":{"@id":"https:\/\/staging.bioswing.ee\/da\/#organization"},"potentialAction":[{"@type":"SearchAction","target":{"@type":"EntryPoint","urlTemplate":"https:\/\/staging.bioswing.ee\/da\/?s={search_term_string}"},"query-input":{"@type":"PropertyValueSpecification","valueRequired":true,"valueName":"search_term_string"}}],"inLanguage":"da-DK"},{"@type":"Organization","@id":"https:\/\/staging.bioswing.ee\/da\/#organization","name":"BIOSWING","url":"https:\/\/staging.bioswing.ee\/da\/","logo":{"@type":"ImageObject","inLanguage":"da-DK","@id":"https:\/\/staging.bioswing.ee\/da\/#\/schema\/logo\/image\/","url":"https:\/\/staging.bioswing.ee\/wp-content\/uploads\/2023\/04\/logo_web.png","contentUrl":"https:\/\/staging.bioswing.ee\/wp-content\/uploads\/2023\/04\/logo_web.png","width":140,"height":122,"caption":"BIOSWING"},"image":{"@id":"https:\/\/staging.bioswing.ee\/da\/#\/schema\/logo\/image\/"}}]}},"_links":{"self":[{"href":"https:\/\/staging.bioswing.ee\/da\/wp-json\/wp\/v2\/product\/17081","targetHints":{"allow":["GET"]}}],"collection":[{"href":"https:\/\/staging.bioswing.ee\/da\/wp-json\/wp\/v2\/product"}],"about":[{"href":"https:\/\/staging.bioswing.ee\/da\/wp-json\/wp\/v2\/types\/product"}],"wp:featuredmedia":[{"embeddable":true,"href":"https:\/\/staging.bioswing.ee\/da\/wp-json\/wp\/v2\/media\/17088"}],"wp:attachment":[{"href":"https:\/\/staging.bioswing.ee\/da\/wp-json\/wp\/v2\/media?parent=17081"}],"wp:term":[{"taxonomy":"product_brand","embeddable":true,"href":"https:\/\/staging.bioswing.ee\/da\/wp-json\/wp\/v2\/product_brand?post=17081"},{"taxonomy":"product_cat","embeddable":true,"href":"https:\/\/staging.bioswing.ee\/da\/wp-json\/wp\/v2\/product_cat?post=17081"},{"taxonomy":"product_tag","embeddable":true,"href":"https:\/\/staging.bioswing.ee\/da\/wp-json\/wp\/v2\/product_tag?post=17081"}],"curies":[{"name":"wp","href":"https:\/\/api.w.org\/{rel}","templated":true}]}}