{"id":17129,"date":"2023-11-17T11:25:34","date_gmt":"2023-11-17T11:25:34","guid":{"rendered":"https:\/\/staging.bioswing.ee\/toode\/oneup\/"},"modified":"2024-12-05T11:28:33","modified_gmt":"2024-12-05T11:28:33","slug":"oneup","status":"publish","type":"product","link":"https:\/\/staging.bioswing.ee\/da\/toode\/oneup\/","title":{"rendered":"BIOSWING oneUP"},"content":{"rendered":"<p><strong>BIOSWING oneUP<\/strong><\/p>\n<ul>\n<li>En ergonomisk og ortop\u00e6disk funktionel sidde- og st\u00e5l\u00f8sning til kontorer, hjemmekontorer og l\u00e6geklinikker.<\/li>\n<li>Integreret, tilpasningsdygtigt 3D-s\u00e6desystem<\/li>\n<li>Saddels\u00e6de<\/li>\n<li>Svingende og synkroniseret ergonomisk rygl\u00e6n med vippende arml\u00e6n<\/li>\n<li>Individuelt justerbar nakkest\u00f8tte<\/li>\n<li>Mekanik, der balancerer din holdning, mens du sidder (mod ekstra betaling) for at sikre den fysiologisk korrekte positionering af b\u00e6kkenomr\u00e5det.<\/li>\n<li>Tekstilbetr\u00e6k: Felicity, sort<\/li>\n<li>Base: plastik<\/li>\n<li>Hjul: \u00f8 60 mm<\/li>\n<li>Rygl\u00e6nsh\u00f8jde: 50 cm<\/li>\n<\/ul>\n<div style=\"width: 1200px;\" class=\"wp-video\"><video class=\"wp-video-shortcode\" id=\"video-17129-1\" width=\"1200\" height=\"675\" loop autoplay preload=\"metadata\" controls=\"controls\"><source type=\"video\/mp4\" src=\"https:\/\/staging.bioswing.ee\/wp-content\/uploads\/2023\/11\/oneUP_V2.mp4?_=1\" \/><a href=\"https:\/\/staging.bioswing.ee\/wp-content\/uploads\/2023\/11\/oneUP_V2.mp4\">https:\/\/staging.bioswing.ee\/wp-content\/uploads\/2023\/11\/oneUP_V2.mp4<\/a><\/video><\/div>\n<p><iframe title=\"YouTube video player\" src=\"https:\/\/www.youtube.com\/embed\/RdAkGYfQRU0?si=iZjPFPN7BfNfVNQH\" width=\"100%\" height=\"450\" frameborder=\"0\" allowfullscreen=\"allowfullscreen\"><\/iframe><\/p>\n","protected":false},"excerpt":{"rendered":"<h2>&#8220;Op og ned \u2013 og drej rundt&#8221; er mottoet for oneUP.<\/h2>\n<p>Har du allerede pr\u00f8vet de alsidige muligheder ved et h\u00f8jdejusterbart skrivebord?<br \/>Enhver position mellem st\u00e5ende og h\u00e6vet siddende giver en bred vifte af kropsstillinger. Hovedm\u00e5let: <strong>Jo oftere du skifter stilling, desto bedre er det for din krop og dit sind.<\/strong> Vores bev\u00e6geapparat er programmeret til at bev\u00e6ge sig, b\u00e5de n\u00e5r du st\u00e5r og sidder.<\/p>\n<h2>BIOSWING oneUP er en \u00e6gte multitalent.<\/h2>\n<p>Det er en<strong> intelligent l\u00f8sning for alle, der \u00f8nsker at kombinere siddende og st\u00e5ende stillinger<\/strong>, og det giver det ideelle udgangspunkt for en bred vifte af siddepositioner og anvendelser samt intensiv mobil siddestilling takket v\u00e6re det integrerede 3D-s\u00e6desystem.<br \/><strong>Det er lige meget, om du er i en lufthavnslounge, hjemmekontor, fysioterapiklinik eller kontorbygning: oneUP vil altid holde dig i form.<\/strong><\/p>\n","protected":false},"featured_media":17134,"template":"","meta":[],"product_brand":[],"product_cat":[644],"product_tag":[],"class_list":{"0":"post-17129","1":"product","2":"type-product","3":"status-publish","4":"has-post-thumbnail","6":"product_cat-kontor-og-hjemmekontor-da","8":"first","9":"instock","10":"sale","11":"taxable","12":"shipping-taxable","13":"purchasable","14":"product-type-variable","15":"has-default-attributes"},"yoast_head":"<!-- This site is optimized with the Yoast SEO plugin v27.1.1 - https:\/\/yoast.com\/product\/yoast-seo-wordpress\/ -->\n<title>BIOSWING oneUP - BIOSWING<\/title>\n<meta name=\"robots\" content=\"noindex, follow, max-snippet:-1, max-image-preview:large, max-video-preview:-1\" \/>\n<meta property=\"og:locale\" content=\"da_DK\" \/>\n<meta property=\"og:type\" content=\"article\" \/>\n<meta property=\"og:title\" content=\"BIOSWING oneUP - BIOSWING\" \/>\n<meta property=\"og:description\" content=\"&quot;Op og ned \u2013 og drej rundt&quot; er mottoet for oneUP. Har du allerede pr\u00f8vet de alsidige muligheder ved et h\u00f8jdejusterbart skrivebord?Enhver position mellem st\u00e5ende og h\u00e6vet siddende giver en bred vifte af kropsstillinger. Hovedm\u00e5let: Jo oftere du skifter stilling, desto bedre er det for din krop og dit sind. Vores bev\u00e6geapparat er programmeret til at bev\u00e6ge sig, b\u00e5de n\u00e5r du st\u00e5r og sidder.  BIOSWING oneUP er en \u00e6gte multitalent. Det er en intelligent l\u00f8sning for alle, der \u00f8nsker at kombinere siddende og st\u00e5ende stillinger, og det giver det ideelle udgangspunkt for en bred vifte af siddepositioner og anvendelser samt intensiv mobil siddestilling takket v\u00e6re det integrerede 3D-s\u00e6desystem.Det er lige meget, om du er i en lufthavnslounge, hjemmekontor, fysioterapiklinik eller kontorbygning: oneUP vil altid holde dig i form.\" \/>\n<meta property=\"og:url\" content=\"https:\/\/staging.bioswing.ee\/da\/toode\/oneup\/\" \/>\n<meta property=\"og:site_name\" content=\"BIOSWING\" \/>\n<meta property=\"article:modified_time\" content=\"2024-12-05T11:28:33+00:00\" \/>\n<meta property=\"og:image\" content=\"https:\/\/bioswing.ee\/wp-content\/uploads\/2023\/11\/oneUP_Produkt_01-1.jpg\" \/>\n\t<meta property=\"og:image:width\" content=\"1874\" \/>\n\t<meta property=\"og:image:height\" content=\"2500\" \/>\n\t<meta property=\"og:image:type\" content=\"image\/jpeg\" \/>\n<meta name=\"twitter:card\" content=\"summary_large_image\" \/>\n<meta name=\"twitter:label1\" content=\"Estimeret l\u00e6setid\" \/>\n\t<meta name=\"twitter:data1\" content=\"1 minut\" \/>\n<script type=\"application\/ld+json\" class=\"yoast-schema-graph\">{\"@context\":\"https:\/\/schema.org\",\"@graph\":[{\"@type\":\"WebPage\",\"@id\":\"https:\/\/staging.bioswing.ee\/da\/toode\/oneup\/\",\"url\":\"https:\/\/staging.bioswing.ee\/da\/toode\/oneup\/\",\"name\":\"BIOSWING oneUP - BIOSWING\",\"isPartOf\":{\"@id\":\"https:\/\/staging.bioswing.ee\/da\/#website\"},\"primaryImageOfPage\":{\"@id\":\"https:\/\/staging.bioswing.ee\/da\/toode\/oneup\/#primaryimage\"},\"image\":{\"@id\":\"https:\/\/staging.bioswing.ee\/da\/toode\/oneup\/#primaryimage\"},\"thumbnailUrl\":\"https:\/\/staging.bioswing.ee\/wp-content\/uploads\/2023\/11\/oneUP_Produkt_01-1.jpg\",\"datePublished\":\"2023-11-17T11:25:34+00:00\",\"dateModified\":\"2024-12-05T11:28:33+00:00\",\"breadcrumb\":{\"@id\":\"https:\/\/staging.bioswing.ee\/da\/toode\/oneup\/#breadcrumb\"},\"inLanguage\":\"da-DK\",\"potentialAction\":[{\"@type\":\"ReadAction\",\"target\":[\"https:\/\/staging.bioswing.ee\/da\/toode\/oneup\/\"]}]},{\"@type\":\"ImageObject\",\"inLanguage\":\"da-DK\",\"@id\":\"https:\/\/staging.bioswing.ee\/da\/toode\/oneup\/#primaryimage\",\"url\":\"https:\/\/staging.bioswing.ee\/wp-content\/uploads\/2023\/11\/oneUP_Produkt_01-1.jpg\",\"contentUrl\":\"https:\/\/staging.bioswing.ee\/wp-content\/uploads\/2023\/11\/oneUP_Produkt_01-1.jpg\",\"width\":1874,\"height\":2500},{\"@type\":\"BreadcrumbList\",\"@id\":\"https:\/\/staging.bioswing.ee\/da\/toode\/oneup\/#breadcrumb\",\"itemListElement\":[{\"@type\":\"ListItem\",\"position\":1,\"name\":\"Home\",\"item\":\"https:\/\/bioswing.ee\/da\/\"},{\"@type\":\"ListItem\",\"position\":2,\"name\":\"SHOP\",\"item\":\"https:\/\/bioswing.ee\/da\/shop\/\"},{\"@type\":\"ListItem\",\"position\":3,\"name\":\"BIOSWING oneUP\"}]},{\"@type\":\"WebSite\",\"@id\":\"https:\/\/staging.bioswing.ee\/da\/#website\",\"url\":\"https:\/\/staging.bioswing.ee\/da\/\",\"name\":\"BIOSWING\",\"description\":\"Smart solutions for healthy sitting\",\"publisher\":{\"@id\":\"https:\/\/staging.bioswing.ee\/da\/#organization\"},\"potentialAction\":[{\"@type\":\"SearchAction\",\"target\":{\"@type\":\"EntryPoint\",\"urlTemplate\":\"https:\/\/staging.bioswing.ee\/da\/?s={search_term_string}\"},\"query-input\":{\"@type\":\"PropertyValueSpecification\",\"valueRequired\":true,\"valueName\":\"search_term_string\"}}],\"inLanguage\":\"da-DK\"},{\"@type\":\"Organization\",\"@id\":\"https:\/\/staging.bioswing.ee\/da\/#organization\",\"name\":\"BIOSWING\",\"url\":\"https:\/\/staging.bioswing.ee\/da\/\",\"logo\":{\"@type\":\"ImageObject\",\"inLanguage\":\"da-DK\",\"@id\":\"https:\/\/staging.bioswing.ee\/da\/#\/schema\/logo\/image\/\",\"url\":\"https:\/\/staging.bioswing.ee\/wp-content\/uploads\/2023\/04\/logo_web.png\",\"contentUrl\":\"https:\/\/staging.bioswing.ee\/wp-content\/uploads\/2023\/04\/logo_web.png\",\"width\":140,\"height\":122,\"caption\":\"BIOSWING\"},\"image\":{\"@id\":\"https:\/\/staging.bioswing.ee\/da\/#\/schema\/logo\/image\/\"}}]}<\/script>\n<!-- \/ Yoast SEO plugin. -->","yoast_head_json":{"title":"BIOSWING oneUP - BIOSWING","robots":{"index":"noindex","follow":"follow","max-snippet":"max-snippet:-1","max-image-preview":"max-image-preview:large","max-video-preview":"max-video-preview:-1"},"og_locale":"da_DK","og_type":"article","og_title":"BIOSWING oneUP - BIOSWING","og_description":"\"Op og ned \u2013 og drej rundt\" er mottoet for oneUP. Har du allerede pr\u00f8vet de alsidige muligheder ved et h\u00f8jdejusterbart skrivebord?Enhver position mellem st\u00e5ende og h\u00e6vet siddende giver en bred vifte af kropsstillinger. Hovedm\u00e5let: Jo oftere du skifter stilling, desto bedre er det for din krop og dit sind. Vores bev\u00e6geapparat er programmeret til at bev\u00e6ge sig, b\u00e5de n\u00e5r du st\u00e5r og sidder.  BIOSWING oneUP er en \u00e6gte multitalent. Det er en intelligent l\u00f8sning for alle, der \u00f8nsker at kombinere siddende og st\u00e5ende stillinger, og det giver det ideelle udgangspunkt for en bred vifte af siddepositioner og anvendelser samt intensiv mobil siddestilling takket v\u00e6re det integrerede 3D-s\u00e6desystem.Det er lige meget, om du er i en lufthavnslounge, hjemmekontor, fysioterapiklinik eller kontorbygning: oneUP vil altid holde dig i form.","og_url":"https:\/\/staging.bioswing.ee\/da\/toode\/oneup\/","og_site_name":"BIOSWING","article_modified_time":"2024-12-05T11:28:33+00:00","og_image":[{"width":1874,"height":2500,"url":"https:\/\/bioswing.ee\/wp-content\/uploads\/2023\/11\/oneUP_Produkt_01-1.jpg","type":"image\/jpeg"}],"twitter_card":"summary_large_image","twitter_misc":{"Estimeret l\u00e6setid":"1 minut"},"schema":{"@context":"https:\/\/schema.org","@graph":[{"@type":"WebPage","@id":"https:\/\/staging.bioswing.ee\/da\/toode\/oneup\/","url":"https:\/\/staging.bioswing.ee\/da\/toode\/oneup\/","name":"BIOSWING oneUP - BIOSWING","isPartOf":{"@id":"https:\/\/staging.bioswing.ee\/da\/#website"},"primaryImageOfPage":{"@id":"https:\/\/staging.bioswing.ee\/da\/toode\/oneup\/#primaryimage"},"image":{"@id":"https:\/\/staging.bioswing.ee\/da\/toode\/oneup\/#primaryimage"},"thumbnailUrl":"https:\/\/staging.bioswing.ee\/wp-content\/uploads\/2023\/11\/oneUP_Produkt_01-1.jpg","datePublished":"2023-11-17T11:25:34+00:00","dateModified":"2024-12-05T11:28:33+00:00","breadcrumb":{"@id":"https:\/\/staging.bioswing.ee\/da\/toode\/oneup\/#breadcrumb"},"inLanguage":"da-DK","potentialAction":[{"@type":"ReadAction","target":["https:\/\/staging.bioswing.ee\/da\/toode\/oneup\/"]}]},{"@type":"ImageObject","inLanguage":"da-DK","@id":"https:\/\/staging.bioswing.ee\/da\/toode\/oneup\/#primaryimage","url":"https:\/\/staging.bioswing.ee\/wp-content\/uploads\/2023\/11\/oneUP_Produkt_01-1.jpg","contentUrl":"https:\/\/staging.bioswing.ee\/wp-content\/uploads\/2023\/11\/oneUP_Produkt_01-1.jpg","width":1874,"height":2500},{"@type":"BreadcrumbList","@id":"https:\/\/staging.bioswing.ee\/da\/toode\/oneup\/#breadcrumb","itemListElement":[{"@type":"ListItem","position":1,"name":"Home","item":"https:\/\/bioswing.ee\/da\/"},{"@type":"ListItem","position":2,"name":"SHOP","item":"https:\/\/bioswing.ee\/da\/shop\/"},{"@type":"ListItem","position":3,"name":"BIOSWING oneUP"}]},{"@type":"WebSite","@id":"https:\/\/staging.bioswing.ee\/da\/#website","url":"https:\/\/staging.bioswing.ee\/da\/","name":"BIOSWING","description":"Smart solutions for healthy sitting","publisher":{"@id":"https:\/\/staging.bioswing.ee\/da\/#organization"},"potentialAction":[{"@type":"SearchAction","target":{"@type":"EntryPoint","urlTemplate":"https:\/\/staging.bioswing.ee\/da\/?s={search_term_string}"},"query-input":{"@type":"PropertyValueSpecification","valueRequired":true,"valueName":"search_term_string"}}],"inLanguage":"da-DK"},{"@type":"Organization","@id":"https:\/\/staging.bioswing.ee\/da\/#organization","name":"BIOSWING","url":"https:\/\/staging.bioswing.ee\/da\/","logo":{"@type":"ImageObject","inLanguage":"da-DK","@id":"https:\/\/staging.bioswing.ee\/da\/#\/schema\/logo\/image\/","url":"https:\/\/staging.bioswing.ee\/wp-content\/uploads\/2023\/04\/logo_web.png","contentUrl":"https:\/\/staging.bioswing.ee\/wp-content\/uploads\/2023\/04\/logo_web.png","width":140,"height":122,"caption":"BIOSWING"},"image":{"@id":"https:\/\/staging.bioswing.ee\/da\/#\/schema\/logo\/image\/"}}]}},"_links":{"self":[{"href":"https:\/\/staging.bioswing.ee\/da\/wp-json\/wp\/v2\/product\/17129","targetHints":{"allow":["GET"]}}],"collection":[{"href":"https:\/\/staging.bioswing.ee\/da\/wp-json\/wp\/v2\/product"}],"about":[{"href":"https:\/\/staging.bioswing.ee\/da\/wp-json\/wp\/v2\/types\/product"}],"wp:featuredmedia":[{"embeddable":true,"href":"https:\/\/staging.bioswing.ee\/da\/wp-json\/wp\/v2\/media\/17134"}],"wp:attachment":[{"href":"https:\/\/staging.bioswing.ee\/da\/wp-json\/wp\/v2\/media?parent=17129"}],"wp:term":[{"taxonomy":"product_brand","embeddable":true,"href":"https:\/\/staging.bioswing.ee\/da\/wp-json\/wp\/v2\/product_brand?post=17129"},{"taxonomy":"product_cat","embeddable":true,"href":"https:\/\/staging.bioswing.ee\/da\/wp-json\/wp\/v2\/product_cat?post=17129"},{"taxonomy":"product_tag","embeddable":true,"href":"https:\/\/staging.bioswing.ee\/da\/wp-json\/wp\/v2\/product_tag?post=17129"}],"curies":[{"name":"wp","href":"https:\/\/api.w.org\/{rel}","templated":true}]}}