{"id":18898,"date":"2024-12-02T09:13:45","date_gmt":"2024-12-02T09:13:45","guid":{"rendered":"https:\/\/staging.bioswing.ee\/toode\/bioswing-golf-performer-3-0\/"},"modified":"2024-12-05T10:06:33","modified_gmt":"2024-12-05T10:06:33","slug":"bioswing-golf-performer-3-0","status":"publish","type":"product","link":"https:\/\/staging.bioswing.ee\/da\/toode\/bioswing-golf-performer-3-0\/","title":{"rendered":"BIOSWING\u00ae Golf Performer 3.0"},"content":{"rendered":"<div><iframe title=\"YouTube video player\" src=\"https:\/\/www.youtube.com\/embed\/VqFnX6sJnwY?si=Bfao19Eqq8l6ZFmY\" width=\"100%\" height=\"500\" frameborder=\"0\" allowfullscreen=\"allowfullscreen\"><\/iframe><\/div>\n<p><strong>Svingmekanismen<\/strong><br \/>Dette er kernen i BIOSWING\u00ae Golf Performer. Mekanismen sikrer, at st\u00e5platformen er dynamisk monteret og har to individuelt til- og frakoblelige svingkredsl\u00f8b samt en mellemforbindelse. Svingkredsl\u00f8bene kan ogs\u00e5 deaktiveres helt efter behov.<br \/><strong>St\u00e5platformen<\/strong><br \/>BIOSWING\u00ae Golf Performer\u2019s st\u00e5platform er d\u00e6kket med en h\u00f8jkvalitets golfm\u00e5tte fremstillet af kunstigt nylongr\u00e6s. Denne m\u00e5tte er kompatibel med alle standard golfsko med bl\u00f8de spikes eller plastikknopper. Platformens h\u00e6ldningsvinkel kan justeres i to trin p\u00e5 alle fire akser, op til 7,5\u00b0, hvilket muligg\u00f8r optimal tr\u00e6ning p\u00e5 skr\u00e5ninger \u2013 b\u00e5de n\u00e5r platformen er l\u00e5st fast og n\u00e5r den bev\u00e6ger sig frit.<br \/><strong>Tee-alarmen<\/strong><br \/>Tee-alarmen er udstyret med en fairway-m\u00e5tte i h\u00f8j kvalitet, som reducerer k\u00f8llens vibrationer ved slag, der rammer jorden for tidligt. M\u00e5tten indeholder fem indbyggede holdere til skruetee\u2019er. H\u00f8jden p\u00e5 tee-alarmen kan justeres trinl\u00f8st og kan b\u00e5de \u00f8ges og s\u00e6nkes efter behov. Afstanden fra tee-alarmen kan ogs\u00e5 justeres, s\u00e5 spillere i alle h\u00f8jder \u2013 b\u00e5de lave og h\u00f8je \u2013 kan finde den perfekte ops\u00e6tning, uanset om de bruger korte jern eller lange drivers. En stor boldkurv er fastgjort direkte p\u00e5 fairway-m\u00e5tten, hvilket g\u00f8r det muligt at samle bolden op med k\u00f8llen. Derudover er der en holder til opbevaring af op til fire tee\u2019er.<br \/><strong>Underkonstruktionen<\/strong><br \/>Underkonstruktionen underst\u00f8tter hele BIOSWING\u00ae Golf Performer og er udstyret med pneumatiske d\u00e6k. Dette g\u00f8r det muligt at transportere Golf Performer til driving range ved hj\u00e6lp af det faste h\u00e5ndtag.<br \/>Takket v\u00e6re to justerbare f\u00f8dder bag d\u00e6kkene kan enheden ogs\u00e5 opbevares lodret op ad en v\u00e6g.           <\/p>\n","protected":false},"excerpt":{"rendered":"<p>BIOSWING\u00ae Golf Performer er et sensomotorisk tr\u00e6ningsapparat, der er designet til at tr\u00e6ne golf-specifikke bev\u00e6gelsesm\u00f8nstre til b\u00e5de det lange og det korte spil samt til tr\u00e6ning p\u00e5 skr\u00e5ninger. Det tilbyder avanceret sensorisk feedback.<br \/>Golf Performer er baseret p\u00e5 BIOSWING\u00ae Posturomed. BIOSWING Posturomed\u00ae blev lanceret i 1995 som det f\u00f8rste sensomotoriske terapiredskab med d\u00e6mpet, ustabil svingning. Udviklingen begyndte allerede i slutningen af 1980\u2019erne i t\u00e6t samarbejde mellem virksomhedens grundl\u00e6gger Eduard Haider, praktiserende fysioterapeuter, forskere og medicinske specialister.   <\/p>\n","protected":false},"featured_media":18844,"template":"","meta":[],"product_brand":[],"product_cat":[927],"product_tag":[],"class_list":{"0":"post-18898","1":"product","2":"type-product","3":"status-publish","4":"has-post-thumbnail","6":"product_cat-golf-performer-da","8":"first","9":"instock","10":"taxable","11":"shipping-taxable","12":"purchasable","13":"product-type-simple"},"yoast_head":"<!-- This site is optimized with the Yoast SEO plugin v27.1.1 - https:\/\/yoast.com\/product\/yoast-seo-wordpress\/ -->\n<title>BIOSWING\u00ae Golf Performer 3.0 - BIOSWING<\/title>\n<meta name=\"robots\" content=\"noindex, follow, max-snippet:-1, max-image-preview:large, max-video-preview:-1\" \/>\n<meta property=\"og:locale\" content=\"da_DK\" \/>\n<meta property=\"og:type\" content=\"article\" \/>\n<meta property=\"og:title\" content=\"BIOSWING\u00ae Golf Performer 3.0 - BIOSWING\" \/>\n<meta property=\"og:description\" content=\"BIOSWING\u00ae Golf Performer er et sensomotorisk tr\u00e6ningsapparat, der er designet til at tr\u00e6ne golf-specifikke bev\u00e6gelsesm\u00f8nstre til b\u00e5de det lange og det korte spil samt til tr\u00e6ning p\u00e5 skr\u00e5ninger. Det tilbyder avanceret sensorisk feedback.Golf Performer er baseret p\u00e5 BIOSWING\u00ae Posturomed. BIOSWING Posturomed\u00ae blev lanceret i 1995 som det f\u00f8rste sensomotoriske terapiredskab med d\u00e6mpet, ustabil svingning. Udviklingen begyndte allerede i slutningen af 1980\u2019erne i t\u00e6t samarbejde mellem virksomhedens grundl\u00e6gger Eduard Haider, praktiserende fysioterapeuter, forskere og medicinske specialister.\" \/>\n<meta property=\"og:url\" content=\"https:\/\/staging.bioswing.ee\/da\/toode\/bioswing-golf-performer-3-0\/\" \/>\n<meta property=\"og:site_name\" content=\"BIOSWING\" \/>\n<meta property=\"article:modified_time\" content=\"2024-12-05T10:06:33+00:00\" \/>\n<meta property=\"og:image\" content=\"https:\/\/bioswing.ee\/wp-content\/uploads\/2024\/12\/jon_taylor_perfomer_bearbeitet.jpg\" \/>\n\t<meta property=\"og:image:width\" content=\"1500\" \/>\n\t<meta property=\"og:image:height\" content=\"2000\" \/>\n\t<meta property=\"og:image:type\" content=\"image\/jpeg\" \/>\n<meta name=\"twitter:card\" content=\"summary_large_image\" \/>\n<meta name=\"twitter:label1\" content=\"Estimeret l\u00e6setid\" \/>\n\t<meta name=\"twitter:data1\" content=\"1 minut\" \/>\n<script type=\"application\/ld+json\" class=\"yoast-schema-graph\">{\"@context\":\"https:\/\/schema.org\",\"@graph\":[{\"@type\":\"WebPage\",\"@id\":\"https:\/\/staging.bioswing.ee\/da\/toode\/bioswing-golf-performer-3-0\/\",\"url\":\"https:\/\/staging.bioswing.ee\/da\/toode\/bioswing-golf-performer-3-0\/\",\"name\":\"BIOSWING\u00ae Golf Performer 3.0 - BIOSWING\",\"isPartOf\":{\"@id\":\"https:\/\/staging.bioswing.ee\/da\/#website\"},\"primaryImageOfPage\":{\"@id\":\"https:\/\/staging.bioswing.ee\/da\/toode\/bioswing-golf-performer-3-0\/#primaryimage\"},\"image\":{\"@id\":\"https:\/\/staging.bioswing.ee\/da\/toode\/bioswing-golf-performer-3-0\/#primaryimage\"},\"thumbnailUrl\":\"https:\/\/staging.bioswing.ee\/wp-content\/uploads\/2024\/12\/jon_taylor_perfomer_bearbeitet.jpg\",\"datePublished\":\"2024-12-02T09:13:45+00:00\",\"dateModified\":\"2024-12-05T10:06:33+00:00\",\"breadcrumb\":{\"@id\":\"https:\/\/staging.bioswing.ee\/da\/toode\/bioswing-golf-performer-3-0\/#breadcrumb\"},\"inLanguage\":\"da-DK\",\"potentialAction\":[{\"@type\":\"ReadAction\",\"target\":[\"https:\/\/staging.bioswing.ee\/da\/toode\/bioswing-golf-performer-3-0\/\"]}]},{\"@type\":\"ImageObject\",\"inLanguage\":\"da-DK\",\"@id\":\"https:\/\/staging.bioswing.ee\/da\/toode\/bioswing-golf-performer-3-0\/#primaryimage\",\"url\":\"https:\/\/staging.bioswing.ee\/wp-content\/uploads\/2024\/12\/jon_taylor_perfomer_bearbeitet.jpg\",\"contentUrl\":\"https:\/\/staging.bioswing.ee\/wp-content\/uploads\/2024\/12\/jon_taylor_perfomer_bearbeitet.jpg\",\"width\":1500,\"height\":2000,\"caption\":\"BIOSWING\u00ae Golf Performer\"},{\"@type\":\"BreadcrumbList\",\"@id\":\"https:\/\/staging.bioswing.ee\/da\/toode\/bioswing-golf-performer-3-0\/#breadcrumb\",\"itemListElement\":[{\"@type\":\"ListItem\",\"position\":1,\"name\":\"Home\",\"item\":\"https:\/\/bioswing.ee\/da\/\"},{\"@type\":\"ListItem\",\"position\":2,\"name\":\"SHOP\",\"item\":\"https:\/\/bioswing.ee\/da\/shop\/\"},{\"@type\":\"ListItem\",\"position\":3,\"name\":\"BIOSWING\u00ae Golf Performer 3.0\"}]},{\"@type\":\"WebSite\",\"@id\":\"https:\/\/staging.bioswing.ee\/da\/#website\",\"url\":\"https:\/\/staging.bioswing.ee\/da\/\",\"name\":\"BIOSWING\",\"description\":\"Smart solutions for healthy sitting\",\"publisher\":{\"@id\":\"https:\/\/staging.bioswing.ee\/da\/#organization\"},\"potentialAction\":[{\"@type\":\"SearchAction\",\"target\":{\"@type\":\"EntryPoint\",\"urlTemplate\":\"https:\/\/staging.bioswing.ee\/da\/?s={search_term_string}\"},\"query-input\":{\"@type\":\"PropertyValueSpecification\",\"valueRequired\":true,\"valueName\":\"search_term_string\"}}],\"inLanguage\":\"da-DK\"},{\"@type\":\"Organization\",\"@id\":\"https:\/\/staging.bioswing.ee\/da\/#organization\",\"name\":\"BIOSWING\",\"url\":\"https:\/\/staging.bioswing.ee\/da\/\",\"logo\":{\"@type\":\"ImageObject\",\"inLanguage\":\"da-DK\",\"@id\":\"https:\/\/staging.bioswing.ee\/da\/#\/schema\/logo\/image\/\",\"url\":\"https:\/\/staging.bioswing.ee\/wp-content\/uploads\/2023\/04\/logo_web.png\",\"contentUrl\":\"https:\/\/staging.bioswing.ee\/wp-content\/uploads\/2023\/04\/logo_web.png\",\"width\":140,\"height\":122,\"caption\":\"BIOSWING\"},\"image\":{\"@id\":\"https:\/\/staging.bioswing.ee\/da\/#\/schema\/logo\/image\/\"}}]}<\/script>\n<!-- \/ Yoast SEO plugin. -->","yoast_head_json":{"title":"BIOSWING\u00ae Golf Performer 3.0 - BIOSWING","robots":{"index":"noindex","follow":"follow","max-snippet":"max-snippet:-1","max-image-preview":"max-image-preview:large","max-video-preview":"max-video-preview:-1"},"og_locale":"da_DK","og_type":"article","og_title":"BIOSWING\u00ae Golf Performer 3.0 - BIOSWING","og_description":"BIOSWING\u00ae Golf Performer er et sensomotorisk tr\u00e6ningsapparat, der er designet til at tr\u00e6ne golf-specifikke bev\u00e6gelsesm\u00f8nstre til b\u00e5de det lange og det korte spil samt til tr\u00e6ning p\u00e5 skr\u00e5ninger. Det tilbyder avanceret sensorisk feedback.Golf Performer er baseret p\u00e5 BIOSWING\u00ae Posturomed. BIOSWING Posturomed\u00ae blev lanceret i 1995 som det f\u00f8rste sensomotoriske terapiredskab med d\u00e6mpet, ustabil svingning. Udviklingen begyndte allerede i slutningen af 1980\u2019erne i t\u00e6t samarbejde mellem virksomhedens grundl\u00e6gger Eduard Haider, praktiserende fysioterapeuter, forskere og medicinske specialister.","og_url":"https:\/\/staging.bioswing.ee\/da\/toode\/bioswing-golf-performer-3-0\/","og_site_name":"BIOSWING","article_modified_time":"2024-12-05T10:06:33+00:00","og_image":[{"width":1500,"height":2000,"url":"https:\/\/bioswing.ee\/wp-content\/uploads\/2024\/12\/jon_taylor_perfomer_bearbeitet.jpg","type":"image\/jpeg"}],"twitter_card":"summary_large_image","twitter_misc":{"Estimeret l\u00e6setid":"1 minut"},"schema":{"@context":"https:\/\/schema.org","@graph":[{"@type":"WebPage","@id":"https:\/\/staging.bioswing.ee\/da\/toode\/bioswing-golf-performer-3-0\/","url":"https:\/\/staging.bioswing.ee\/da\/toode\/bioswing-golf-performer-3-0\/","name":"BIOSWING\u00ae Golf Performer 3.0 - BIOSWING","isPartOf":{"@id":"https:\/\/staging.bioswing.ee\/da\/#website"},"primaryImageOfPage":{"@id":"https:\/\/staging.bioswing.ee\/da\/toode\/bioswing-golf-performer-3-0\/#primaryimage"},"image":{"@id":"https:\/\/staging.bioswing.ee\/da\/toode\/bioswing-golf-performer-3-0\/#primaryimage"},"thumbnailUrl":"https:\/\/staging.bioswing.ee\/wp-content\/uploads\/2024\/12\/jon_taylor_perfomer_bearbeitet.jpg","datePublished":"2024-12-02T09:13:45+00:00","dateModified":"2024-12-05T10:06:33+00:00","breadcrumb":{"@id":"https:\/\/staging.bioswing.ee\/da\/toode\/bioswing-golf-performer-3-0\/#breadcrumb"},"inLanguage":"da-DK","potentialAction":[{"@type":"ReadAction","target":["https:\/\/staging.bioswing.ee\/da\/toode\/bioswing-golf-performer-3-0\/"]}]},{"@type":"ImageObject","inLanguage":"da-DK","@id":"https:\/\/staging.bioswing.ee\/da\/toode\/bioswing-golf-performer-3-0\/#primaryimage","url":"https:\/\/staging.bioswing.ee\/wp-content\/uploads\/2024\/12\/jon_taylor_perfomer_bearbeitet.jpg","contentUrl":"https:\/\/staging.bioswing.ee\/wp-content\/uploads\/2024\/12\/jon_taylor_perfomer_bearbeitet.jpg","width":1500,"height":2000,"caption":"BIOSWING\u00ae Golf Performer"},{"@type":"BreadcrumbList","@id":"https:\/\/staging.bioswing.ee\/da\/toode\/bioswing-golf-performer-3-0\/#breadcrumb","itemListElement":[{"@type":"ListItem","position":1,"name":"Home","item":"https:\/\/bioswing.ee\/da\/"},{"@type":"ListItem","position":2,"name":"SHOP","item":"https:\/\/bioswing.ee\/da\/shop\/"},{"@type":"ListItem","position":3,"name":"BIOSWING\u00ae Golf Performer 3.0"}]},{"@type":"WebSite","@id":"https:\/\/staging.bioswing.ee\/da\/#website","url":"https:\/\/staging.bioswing.ee\/da\/","name":"BIOSWING","description":"Smart solutions for healthy sitting","publisher":{"@id":"https:\/\/staging.bioswing.ee\/da\/#organization"},"potentialAction":[{"@type":"SearchAction","target":{"@type":"EntryPoint","urlTemplate":"https:\/\/staging.bioswing.ee\/da\/?s={search_term_string}"},"query-input":{"@type":"PropertyValueSpecification","valueRequired":true,"valueName":"search_term_string"}}],"inLanguage":"da-DK"},{"@type":"Organization","@id":"https:\/\/staging.bioswing.ee\/da\/#organization","name":"BIOSWING","url":"https:\/\/staging.bioswing.ee\/da\/","logo":{"@type":"ImageObject","inLanguage":"da-DK","@id":"https:\/\/staging.bioswing.ee\/da\/#\/schema\/logo\/image\/","url":"https:\/\/staging.bioswing.ee\/wp-content\/uploads\/2023\/04\/logo_web.png","contentUrl":"https:\/\/staging.bioswing.ee\/wp-content\/uploads\/2023\/04\/logo_web.png","width":140,"height":122,"caption":"BIOSWING"},"image":{"@id":"https:\/\/staging.bioswing.ee\/da\/#\/schema\/logo\/image\/"}}]}},"_links":{"self":[{"href":"https:\/\/staging.bioswing.ee\/da\/wp-json\/wp\/v2\/product\/18898","targetHints":{"allow":["GET"]}}],"collection":[{"href":"https:\/\/staging.bioswing.ee\/da\/wp-json\/wp\/v2\/product"}],"about":[{"href":"https:\/\/staging.bioswing.ee\/da\/wp-json\/wp\/v2\/types\/product"}],"wp:featuredmedia":[{"embeddable":true,"href":"https:\/\/staging.bioswing.ee\/da\/wp-json\/wp\/v2\/media\/18844"}],"wp:attachment":[{"href":"https:\/\/staging.bioswing.ee\/da\/wp-json\/wp\/v2\/media?parent=18898"}],"wp:term":[{"taxonomy":"product_brand","embeddable":true,"href":"https:\/\/staging.bioswing.ee\/da\/wp-json\/wp\/v2\/product_brand?post=18898"},{"taxonomy":"product_cat","embeddable":true,"href":"https:\/\/staging.bioswing.ee\/da\/wp-json\/wp\/v2\/product_cat?post=18898"},{"taxonomy":"product_tag","embeddable":true,"href":"https:\/\/staging.bioswing.ee\/da\/wp-json\/wp\/v2\/product_tag?post=18898"}],"curies":[{"name":"wp","href":"https:\/\/api.w.org\/{rel}","templated":true}]}}