{"id":20003,"date":"2024-12-03T11:34:12","date_gmt":"2024-12-03T11:34:12","guid":{"rendered":"https:\/\/staging.bioswing.ee\/toode\/bioswing-balancecoach-iq\/"},"modified":"2024-12-10T10:52:45","modified_gmt":"2024-12-10T10:52:45","slug":"bioswing-balancecoach-iq","status":"publish","type":"product","link":"https:\/\/staging.bioswing.ee\/da\/toode\/bioswing-balancecoach-iq\/","title":{"rendered":"BIOSWING BalanceCoach iQ"},"content":{"rendered":"<p>Systemet leveres komplet og er nemt og hurtigt at installere. Den allerede fuldt monterede Posturomed\u00ae 202 bliver forsynet med trykfordelingsm\u00e5lepladen og forbundet med stativet.  <strong>Komponenterne:<\/strong><\/p>\n<ul>\n<li>Stativ<\/li>\n<li>32-tommer sk\u00e6rm<\/li>\n<li>3D-kamera<\/li>\n<li>En kraftfuld embedded-PC<\/li>\n<li>M\u00e5leplade<\/li>\n<li>Posturomed\u00ae<\/li>\n<\/ul>\n<p> Measurement results can be exported via a QR code. Using the <strong>BALANCECOACH iQ App<\/strong>, training progress can be stored and documented. The zebris\u00ae pressure distribution measurement plate is specifically designed for use with the Posturomed\u00ae. It is clearly divided into a central training area and navigation areas on the left and right.    <strong>Tekniske data:<\/strong><\/p>\n<ul>\n<li><strong>Dimensioner:<\/strong> 60 x 60 x 1.6 cm<\/li>\n<li><strong>Antal sensorer:<\/strong> 672<\/li>\n<li><strong>Pr\u00f8vefrekvens:<\/strong> 100 Hz<\/li>\n<li><strong>M\u00e5leprincip:<\/strong> Kapacitive tryksensorer<\/li>\n<li><strong>Tilslutning:<\/strong> USB<\/li>\n<\/ul>\n<p> Posturomed\u00ae tr\u00e6ningsenheden har en tr\u00e6ningsflade, der kan svinge i alle vandrette retninger, og som kan justeres i tre niveauer (fast og to svingamplituder).<br \/>Trykfordelingsm\u00e5lepladen placeres p\u00e5 den fuldt monterede Posturomed\u00ae og forbindes med stativet. Det eneste krav er at sikre, at stativet er placeret frontalt i en afstand p\u00e5 1,5 meter. P\u00e5 det n\u00e6sten fuldt udstyrede stativ skal kun panelerne monteres, og sk\u00e6rmen h\u00e6nges op og forbindes \u2013 f\u00e6rdig!<br \/><strong>Pladsbehov:<\/strong> Cirka 2,50 x 1,00 meter   <\/p>\n","protected":false},"excerpt":{"rendered":"<p>Siden 1995 har BIOSWING Posturomed\u00ae v\u00e6ret garantien for sensorimotorisk forebyggelse og tr\u00e6ningssucces. P\u00e5 25-\u00e5rs jubil\u00e6et introducerer vi en tr\u00e6ner, der komplementerer Posturomed\u00ae: <strong>BIOSWING BalanceCoach iQ!<\/strong><br \/><strong>BIOSWING BalanceCoach iQ<\/strong> er et softwarestyret, intelligent tr\u00e6ningssystem med en integreret virtuel tr\u00e6ner.<br \/>Bev\u00e6gelseskvaliteten af personen, der tr\u00e6ner p\u00e5 Posturomed\u00ae, overv\u00e5ges ved hj\u00e6lp af specielle tryksensorer p\u00e5 tr\u00e6ningspladen og vises grafisk som \u201ccenter of pressure\u201d (COP) i realtid. Ved hj\u00e6lp af et kamera kan tr\u00e6ningspersonen se sig selv p\u00e5 en sk\u00e6rm foran dem og modtage direkte visuel feedback p\u00e5 deres \u00f8velsesudf\u00f8relse. Derudover ser tr\u00e6ningspersonen deres virtuelle tr\u00e6ner, som demonstrerer \u00f8velserne, der skal udf\u00f8res samtidig. Hver af disse koordinations\u00f8velser er individuelt tilpasset tr\u00e6ningspersonens niveau for at sikre en optimal tr\u00e6ningsudfordring.<br \/>Dette g\u00f8r BalanceCoach iQ til den ideelle koordinationscoach til dine sundheds-, forebyggelses-, fitness-, sports- og wellnessfaciliteter.       <iframe width=\"100%\" height=\"315\" src=\"https:\/\/www.youtube.com\/embed\/s86k6aLgLfA?si=y-lqt7T4qBL3w59i\" title=\"YouTube video player\" frameborder=\"0\" allow=\"accelerometer; autoplay; clipboard-write; encrypted-media; gyroscope; picture-in-picture; web-share\" referrerpolicy=\"strict-origin-when-cross-origin\" allowfullscreen=\"\"><\/iframe><\/p>\n<p><iframe width=\"100%\" height=\"315\" src=\"https:\/\/www.youtube.com\/embed\/csY_Mt0uEZM?si=2nhhzGhK8-J4Bx1T\" title=\"YouTube video player\" frameborder=\"0\" allow=\"accelerometer; autoplay; clipboard-write; encrypted-media; gyroscope; picture-in-picture; web-share\" referrerpolicy=\"strict-origin-when-cross-origin\" allowfullscreen=\"\"><\/iframe><\/p>\n","protected":false},"featured_media":19528,"template":"","meta":[],"product_brand":[],"product_cat":[1014],"product_tag":[],"class_list":{"0":"post-20003","1":"product","2":"type-product","3":"status-publish","4":"has-post-thumbnail","6":"product_cat-balancecoach-da","8":"first","9":"instock","10":"taxable","11":"shipping-taxable","12":"purchasable","13":"product-type-simple"},"yoast_head":"<!-- This site is optimized with the Yoast SEO plugin v27.1.1 - https:\/\/yoast.com\/product\/yoast-seo-wordpress\/ -->\n<title>BIOSWING BalanceCoach iQ - BIOSWING<\/title>\n<meta name=\"robots\" content=\"noindex, follow, max-snippet:-1, max-image-preview:large, max-video-preview:-1\" \/>\n<meta property=\"og:locale\" content=\"da_DK\" \/>\n<meta property=\"og:type\" content=\"article\" \/>\n<meta property=\"og:title\" content=\"BIOSWING BalanceCoach iQ - BIOSWING\" \/>\n<meta property=\"og:description\" content=\"Siden 1995 har BIOSWING Posturomed\u00ae v\u00e6ret garantien for sensorimotorisk forebyggelse og tr\u00e6ningssucces. P\u00e5 25-\u00e5rs jubil\u00e6et introducerer vi en tr\u00e6ner, der komplementerer Posturomed\u00ae: BIOSWING BalanceCoach iQ!BIOSWING BalanceCoach iQ er et softwarestyret, intelligent tr\u00e6ningssystem med en integreret virtuel tr\u00e6ner.Bev\u00e6gelseskvaliteten af personen, der tr\u00e6ner p\u00e5 Posturomed\u00ae, overv\u00e5ges ved hj\u00e6lp af specielle tryksensorer p\u00e5 tr\u00e6ningspladen og vises grafisk som \u201ccenter of pressure\u201d (COP) i realtid. Ved hj\u00e6lp af et kamera kan tr\u00e6ningspersonen se sig selv p\u00e5 en sk\u00e6rm foran dem og modtage direkte visuel feedback p\u00e5 deres \u00f8velsesudf\u00f8relse. Derudover ser tr\u00e6ningspersonen deres virtuelle tr\u00e6ner, som demonstrerer \u00f8velserne, der skal udf\u00f8res samtidig. Hver af disse koordinations\u00f8velser er individuelt tilpasset tr\u00e6ningspersonens niveau for at sikre en optimal tr\u00e6ningsudfordring.Dette g\u00f8r BalanceCoach iQ til den ideelle koordinationscoach til dine sundheds-, forebyggelses-, fitness-, sports- og wellnessfaciliteter.\" \/>\n<meta property=\"og:url\" content=\"https:\/\/staging.bioswing.ee\/da\/toode\/bioswing-balancecoach-iq\/\" \/>\n<meta property=\"og:site_name\" content=\"BIOSWING\" \/>\n<meta property=\"article:modified_time\" content=\"2024-12-10T10:52:45+00:00\" \/>\n<meta property=\"og:image\" content=\"https:\/\/bioswing.ee\/wp-content\/uploads\/2024\/12\/BalanceCoach_iQ.jpg\" \/>\n\t<meta property=\"og:image:width\" content=\"900\" \/>\n\t<meta property=\"og:image:height\" content=\"1200\" \/>\n\t<meta property=\"og:image:type\" content=\"image\/jpeg\" \/>\n<meta name=\"twitter:card\" content=\"summary_large_image\" \/>\n<meta name=\"twitter:label1\" content=\"Estimeret l\u00e6setid\" \/>\n\t<meta name=\"twitter:data1\" content=\"2 minutter\" \/>\n<script type=\"application\/ld+json\" class=\"yoast-schema-graph\">{\"@context\":\"https:\/\/schema.org\",\"@graph\":[{\"@type\":\"WebPage\",\"@id\":\"https:\/\/staging.bioswing.ee\/da\/toode\/bioswing-balancecoach-iq\/\",\"url\":\"https:\/\/staging.bioswing.ee\/da\/toode\/bioswing-balancecoach-iq\/\",\"name\":\"BIOSWING BalanceCoach iQ - BIOSWING\",\"isPartOf\":{\"@id\":\"https:\/\/staging.bioswing.ee\/da\/#website\"},\"primaryImageOfPage\":{\"@id\":\"https:\/\/staging.bioswing.ee\/da\/toode\/bioswing-balancecoach-iq\/#primaryimage\"},\"image\":{\"@id\":\"https:\/\/staging.bioswing.ee\/da\/toode\/bioswing-balancecoach-iq\/#primaryimage\"},\"thumbnailUrl\":\"https:\/\/staging.bioswing.ee\/wp-content\/uploads\/2024\/12\/BalanceCoach_iQ.jpg\",\"datePublished\":\"2024-12-03T11:34:12+00:00\",\"dateModified\":\"2024-12-10T10:52:45+00:00\",\"breadcrumb\":{\"@id\":\"https:\/\/staging.bioswing.ee\/da\/toode\/bioswing-balancecoach-iq\/#breadcrumb\"},\"inLanguage\":\"da-DK\",\"potentialAction\":[{\"@type\":\"ReadAction\",\"target\":[\"https:\/\/staging.bioswing.ee\/da\/toode\/bioswing-balancecoach-iq\/\"]}]},{\"@type\":\"ImageObject\",\"inLanguage\":\"da-DK\",\"@id\":\"https:\/\/staging.bioswing.ee\/da\/toode\/bioswing-balancecoach-iq\/#primaryimage\",\"url\":\"https:\/\/staging.bioswing.ee\/wp-content\/uploads\/2024\/12\/BalanceCoach_iQ.jpg\",\"contentUrl\":\"https:\/\/staging.bioswing.ee\/wp-content\/uploads\/2024\/12\/BalanceCoach_iQ.jpg\",\"width\":900,\"height\":1200,\"caption\":\"BIOSWING BalanceCoach iQ\"},{\"@type\":\"BreadcrumbList\",\"@id\":\"https:\/\/staging.bioswing.ee\/da\/toode\/bioswing-balancecoach-iq\/#breadcrumb\",\"itemListElement\":[{\"@type\":\"ListItem\",\"position\":1,\"name\":\"Home\",\"item\":\"https:\/\/bioswing.ee\/da\/\"},{\"@type\":\"ListItem\",\"position\":2,\"name\":\"SHOP\",\"item\":\"https:\/\/bioswing.ee\/da\/shop\/\"},{\"@type\":\"ListItem\",\"position\":3,\"name\":\"BIOSWING BalanceCoach iQ\"}]},{\"@type\":\"WebSite\",\"@id\":\"https:\/\/staging.bioswing.ee\/da\/#website\",\"url\":\"https:\/\/staging.bioswing.ee\/da\/\",\"name\":\"BIOSWING\",\"description\":\"Smart solutions for healthy sitting\",\"publisher\":{\"@id\":\"https:\/\/staging.bioswing.ee\/da\/#organization\"},\"potentialAction\":[{\"@type\":\"SearchAction\",\"target\":{\"@type\":\"EntryPoint\",\"urlTemplate\":\"https:\/\/staging.bioswing.ee\/da\/?s={search_term_string}\"},\"query-input\":{\"@type\":\"PropertyValueSpecification\",\"valueRequired\":true,\"valueName\":\"search_term_string\"}}],\"inLanguage\":\"da-DK\"},{\"@type\":\"Organization\",\"@id\":\"https:\/\/staging.bioswing.ee\/da\/#organization\",\"name\":\"BIOSWING\",\"url\":\"https:\/\/staging.bioswing.ee\/da\/\",\"logo\":{\"@type\":\"ImageObject\",\"inLanguage\":\"da-DK\",\"@id\":\"https:\/\/staging.bioswing.ee\/da\/#\/schema\/logo\/image\/\",\"url\":\"https:\/\/staging.bioswing.ee\/wp-content\/uploads\/2023\/04\/logo_web.png\",\"contentUrl\":\"https:\/\/staging.bioswing.ee\/wp-content\/uploads\/2023\/04\/logo_web.png\",\"width\":140,\"height\":122,\"caption\":\"BIOSWING\"},\"image\":{\"@id\":\"https:\/\/staging.bioswing.ee\/da\/#\/schema\/logo\/image\/\"}}]}<\/script>\n<!-- \/ Yoast SEO plugin. -->","yoast_head_json":{"title":"BIOSWING BalanceCoach iQ - BIOSWING","robots":{"index":"noindex","follow":"follow","max-snippet":"max-snippet:-1","max-image-preview":"max-image-preview:large","max-video-preview":"max-video-preview:-1"},"og_locale":"da_DK","og_type":"article","og_title":"BIOSWING BalanceCoach iQ - BIOSWING","og_description":"Siden 1995 har BIOSWING Posturomed\u00ae v\u00e6ret garantien for sensorimotorisk forebyggelse og tr\u00e6ningssucces. P\u00e5 25-\u00e5rs jubil\u00e6et introducerer vi en tr\u00e6ner, der komplementerer Posturomed\u00ae: BIOSWING BalanceCoach iQ!BIOSWING BalanceCoach iQ er et softwarestyret, intelligent tr\u00e6ningssystem med en integreret virtuel tr\u00e6ner.Bev\u00e6gelseskvaliteten af personen, der tr\u00e6ner p\u00e5 Posturomed\u00ae, overv\u00e5ges ved hj\u00e6lp af specielle tryksensorer p\u00e5 tr\u00e6ningspladen og vises grafisk som \u201ccenter of pressure\u201d (COP) i realtid. Ved hj\u00e6lp af et kamera kan tr\u00e6ningspersonen se sig selv p\u00e5 en sk\u00e6rm foran dem og modtage direkte visuel feedback p\u00e5 deres \u00f8velsesudf\u00f8relse. Derudover ser tr\u00e6ningspersonen deres virtuelle tr\u00e6ner, som demonstrerer \u00f8velserne, der skal udf\u00f8res samtidig. Hver af disse koordinations\u00f8velser er individuelt tilpasset tr\u00e6ningspersonens niveau for at sikre en optimal tr\u00e6ningsudfordring.Dette g\u00f8r BalanceCoach iQ til den ideelle koordinationscoach til dine sundheds-, forebyggelses-, fitness-, sports- og wellnessfaciliteter.","og_url":"https:\/\/staging.bioswing.ee\/da\/toode\/bioswing-balancecoach-iq\/","og_site_name":"BIOSWING","article_modified_time":"2024-12-10T10:52:45+00:00","og_image":[{"width":900,"height":1200,"url":"https:\/\/bioswing.ee\/wp-content\/uploads\/2024\/12\/BalanceCoach_iQ.jpg","type":"image\/jpeg"}],"twitter_card":"summary_large_image","twitter_misc":{"Estimeret l\u00e6setid":"2 minutter"},"schema":{"@context":"https:\/\/schema.org","@graph":[{"@type":"WebPage","@id":"https:\/\/staging.bioswing.ee\/da\/toode\/bioswing-balancecoach-iq\/","url":"https:\/\/staging.bioswing.ee\/da\/toode\/bioswing-balancecoach-iq\/","name":"BIOSWING BalanceCoach iQ - BIOSWING","isPartOf":{"@id":"https:\/\/staging.bioswing.ee\/da\/#website"},"primaryImageOfPage":{"@id":"https:\/\/staging.bioswing.ee\/da\/toode\/bioswing-balancecoach-iq\/#primaryimage"},"image":{"@id":"https:\/\/staging.bioswing.ee\/da\/toode\/bioswing-balancecoach-iq\/#primaryimage"},"thumbnailUrl":"https:\/\/staging.bioswing.ee\/wp-content\/uploads\/2024\/12\/BalanceCoach_iQ.jpg","datePublished":"2024-12-03T11:34:12+00:00","dateModified":"2024-12-10T10:52:45+00:00","breadcrumb":{"@id":"https:\/\/staging.bioswing.ee\/da\/toode\/bioswing-balancecoach-iq\/#breadcrumb"},"inLanguage":"da-DK","potentialAction":[{"@type":"ReadAction","target":["https:\/\/staging.bioswing.ee\/da\/toode\/bioswing-balancecoach-iq\/"]}]},{"@type":"ImageObject","inLanguage":"da-DK","@id":"https:\/\/staging.bioswing.ee\/da\/toode\/bioswing-balancecoach-iq\/#primaryimage","url":"https:\/\/staging.bioswing.ee\/wp-content\/uploads\/2024\/12\/BalanceCoach_iQ.jpg","contentUrl":"https:\/\/staging.bioswing.ee\/wp-content\/uploads\/2024\/12\/BalanceCoach_iQ.jpg","width":900,"height":1200,"caption":"BIOSWING BalanceCoach iQ"},{"@type":"BreadcrumbList","@id":"https:\/\/staging.bioswing.ee\/da\/toode\/bioswing-balancecoach-iq\/#breadcrumb","itemListElement":[{"@type":"ListItem","position":1,"name":"Home","item":"https:\/\/bioswing.ee\/da\/"},{"@type":"ListItem","position":2,"name":"SHOP","item":"https:\/\/bioswing.ee\/da\/shop\/"},{"@type":"ListItem","position":3,"name":"BIOSWING BalanceCoach iQ"}]},{"@type":"WebSite","@id":"https:\/\/staging.bioswing.ee\/da\/#website","url":"https:\/\/staging.bioswing.ee\/da\/","name":"BIOSWING","description":"Smart solutions for healthy sitting","publisher":{"@id":"https:\/\/staging.bioswing.ee\/da\/#organization"},"potentialAction":[{"@type":"SearchAction","target":{"@type":"EntryPoint","urlTemplate":"https:\/\/staging.bioswing.ee\/da\/?s={search_term_string}"},"query-input":{"@type":"PropertyValueSpecification","valueRequired":true,"valueName":"search_term_string"}}],"inLanguage":"da-DK"},{"@type":"Organization","@id":"https:\/\/staging.bioswing.ee\/da\/#organization","name":"BIOSWING","url":"https:\/\/staging.bioswing.ee\/da\/","logo":{"@type":"ImageObject","inLanguage":"da-DK","@id":"https:\/\/staging.bioswing.ee\/da\/#\/schema\/logo\/image\/","url":"https:\/\/staging.bioswing.ee\/wp-content\/uploads\/2023\/04\/logo_web.png","contentUrl":"https:\/\/staging.bioswing.ee\/wp-content\/uploads\/2023\/04\/logo_web.png","width":140,"height":122,"caption":"BIOSWING"},"image":{"@id":"https:\/\/staging.bioswing.ee\/da\/#\/schema\/logo\/image\/"}}]}},"_links":{"self":[{"href":"https:\/\/staging.bioswing.ee\/da\/wp-json\/wp\/v2\/product\/20003","targetHints":{"allow":["GET"]}}],"collection":[{"href":"https:\/\/staging.bioswing.ee\/da\/wp-json\/wp\/v2\/product"}],"about":[{"href":"https:\/\/staging.bioswing.ee\/da\/wp-json\/wp\/v2\/types\/product"}],"wp:featuredmedia":[{"embeddable":true,"href":"https:\/\/staging.bioswing.ee\/da\/wp-json\/wp\/v2\/media\/19528"}],"wp:attachment":[{"href":"https:\/\/staging.bioswing.ee\/da\/wp-json\/wp\/v2\/media?parent=20003"}],"wp:term":[{"taxonomy":"product_brand","embeddable":true,"href":"https:\/\/staging.bioswing.ee\/da\/wp-json\/wp\/v2\/product_brand?post=20003"},{"taxonomy":"product_cat","embeddable":true,"href":"https:\/\/staging.bioswing.ee\/da\/wp-json\/wp\/v2\/product_cat?post=20003"},{"taxonomy":"product_tag","embeddable":true,"href":"https:\/\/staging.bioswing.ee\/da\/wp-json\/wp\/v2\/product_tag?post=20003"}],"curies":[{"name":"wp","href":"https:\/\/api.w.org\/{rel}","templated":true}]}}