{"id":12586,"date":"2023-11-17T10:36:50","date_gmt":"2023-11-17T10:36:50","guid":{"rendered":"https:\/\/staging.bioswing.ee\/toode\/oneup-eco\/"},"modified":"2024-12-05T11:40:25","modified_gmt":"2024-12-05T11:40:25","slug":"oneup-eco","status":"publish","type":"product","link":"https:\/\/staging.bioswing.ee\/de\/toode\/oneup-eco\/","title":{"rendered":"BIOSWING oneUP ECO"},"content":{"rendered":"<p><strong>BIOSWING oneUP<\/strong><\/p>\n<ul>\n<li>Ergonomische und orthop\u00e4disch wirksame Sitz-Steh-L\u00f6sung f\u00fcr Office, Homeoffice und Praxis<\/li>\n<li>integriertes, adaptives 3D-Sitzwerk<\/li>\n<li>Sattelsitz<\/li>\n<li>Pendelnd gelagerte und synchronisierte ergonomische R\u00fcckenlehne mit schwenkbaren Armauflagen<\/li>\n<li>Individeull einstellbare Nackenst\u00fctze<\/li>\n<li>Beckenbalance-Mechanik (gegen Aufpreis) zur physiologischen Positionierung des Beckens<\/li>\n<li>Stoffbezug: Felicity schwarz<\/li>\n<li>Fu\u00dfkreuz: Kunststoff<\/li>\n<li>Rollen \u00f8 60 mm<\/li>\n<li>R\u00fcckenlehnenh\u00f6he: 50 cm<\/li>\n<\/ul>\n<div style=\"width: 1200px;\" class=\"wp-video\"><video class=\"wp-video-shortcode\" id=\"video-12586-1\" width=\"1200\" height=\"675\" loop autoplay preload=\"metadata\" controls=\"controls\"><source type=\"video\/mp4\" src=\"https:\/\/staging.bioswing.ee\/wp-content\/uploads\/2023\/11\/oneUP_V2-1.mp4?_=1\" \/><a href=\"https:\/\/staging.bioswing.ee\/wp-content\/uploads\/2023\/11\/oneUP_V2-1.mp4\">https:\/\/staging.bioswing.ee\/wp-content\/uploads\/2023\/11\/oneUP_V2-1.mp4<\/a><\/video><\/div>\n<p><iframe title=\"YouTube video player\" src=\"https:\/\/www.youtube.com\/embed\/BT8pISMfc4A?si=t-7XvezoVs5aMeyF\" width=\"100%\" height=\"450\" frameborder=\"0\" allowfullscreen=\"allowfullscreen\"><\/iframe><\/p>\n","protected":false},"excerpt":{"rendered":"<h2>\u201eUp and down \u2013 and turn around\u201c Das ist das Motto beim oneUP.<\/h2>\n<p>Nutzen Sie die vielf\u00e4ltigen M\u00f6glichkeiten eines h\u00f6henverstellbaren Tisches schon aus?<br \/>\nJede Position zwischen Stehen und erh\u00f6htem Sitzen bietet Ihnen die Vielfalt unterschiedlichster K\u00f6rperhaltungen.<br \/>\nDas Ziel dabei: <strong>Je \u00f6fter man die Position wechselt, desto besser f\u00fcr K\u00f6rper und Geist<\/strong>. Denn unser muskuloskelettales System ist auf Bewegung programmiert, sowohl im Stehen als auch im Sitzen.<\/p>\n<h2>Der BIOSWING oneUP ist ein echtes Allroundtalent.<\/h2>\n<p><strong>Denn er ist die intelligente L\u00f6sung f\u00fcr alle, die Sitzen und Stehen kombinieren wollen und bietet f\u00fcr die unterschiedlichsten Sitzhaltungen und Einsatzbereiche<\/strong> eine ideale Basis f\u00fcr ergonomisches \u2013 und dank dem integrierten 3D-Sitzwerk \u2013 auch sehr bewegungsreiches Sitzen.<br \/>\nOb <strong>Flughafencounter, Homeoffice, Physiotherapiepraxis oder B\u00fcro<\/strong>: der oneUP macht immer eine gute Figur.<\/p>\n","protected":false},"featured_media":12212,"template":"","meta":[],"product_brand":[],"product_cat":[120],"product_tag":[],"class_list":{"0":"post-12586","1":"product","2":"type-product","3":"status-publish","4":"has-post-thumbnail","6":"product_cat-buro-und-home-office","8":"first","9":"instock","10":"sale","11":"taxable","12":"shipping-taxable","13":"purchasable","14":"product-type-variable","15":"has-default-attributes"},"yoast_head":"<!-- This site is optimized with the Yoast SEO plugin v27.1.1 - https:\/\/yoast.com\/product\/yoast-seo-wordpress\/ -->\n<title>BIOSWING oneUP ECO - BIOSWING<\/title>\n<meta name=\"robots\" content=\"noindex, follow, max-snippet:-1, max-image-preview:large, max-video-preview:-1\" \/>\n<meta property=\"og:locale\" content=\"de_DE\" \/>\n<meta property=\"og:type\" content=\"article\" \/>\n<meta property=\"og:title\" content=\"BIOSWING oneUP ECO - BIOSWING\" \/>\n<meta property=\"og:description\" content=\"\u201eUp and down \u2013 and turn around\u201c Das ist das Motto beim oneUP. Nutzen Sie die vielf\u00e4ltigen M\u00f6glichkeiten eines h\u00f6henverstellbaren Tisches schon aus? Jede Position zwischen Stehen und erh\u00f6htem Sitzen bietet Ihnen die Vielfalt unterschiedlichster K\u00f6rperhaltungen. Das Ziel dabei: Je \u00f6fter man die Position wechselt, desto besser f\u00fcr K\u00f6rper und Geist. Denn unser muskuloskelettales System ist auf Bewegung programmiert, sowohl im Stehen als auch im Sitzen.  Der BIOSWING oneUP ist ein echtes Allroundtalent. Denn er ist die intelligente L\u00f6sung f\u00fcr alle, die Sitzen und Stehen kombinieren wollen und bietet f\u00fcr die unterschiedlichsten Sitzhaltungen und Einsatzbereiche eine ideale Basis f\u00fcr ergonomisches \u2013 und dank dem integrierten 3D-Sitzwerk \u2013 auch sehr bewegungsreiches Sitzen. Ob Flughafencounter, Homeoffice, Physiotherapiepraxis oder B\u00fcro: der oneUP macht immer eine gute Figur.\" \/>\n<meta property=\"og:url\" content=\"https:\/\/staging.bioswing.ee\/de\/toode\/oneup-eco\/\" \/>\n<meta property=\"og:site_name\" content=\"BIOSWING\" \/>\n<meta property=\"article:modified_time\" content=\"2024-12-05T11:40:25+00:00\" \/>\n<meta property=\"og:image\" content=\"https:\/\/bioswing.ee\/wp-content\/uploads\/2023\/11\/oneUP_ECO_Produkt_11-2.jpg\" \/>\n\t<meta property=\"og:image:width\" content=\"1874\" \/>\n\t<meta property=\"og:image:height\" content=\"2500\" \/>\n\t<meta property=\"og:image:type\" content=\"image\/jpeg\" \/>\n<meta name=\"twitter:card\" content=\"summary_large_image\" \/>\n<script type=\"application\/ld+json\" class=\"yoast-schema-graph\">{\"@context\":\"https:\/\/schema.org\",\"@graph\":[{\"@type\":\"WebPage\",\"@id\":\"https:\/\/staging.bioswing.ee\/de\/toode\/oneup-eco\/\",\"url\":\"https:\/\/staging.bioswing.ee\/de\/toode\/oneup-eco\/\",\"name\":\"BIOSWING oneUP ECO - BIOSWING\",\"isPartOf\":{\"@id\":\"https:\/\/staging.bioswing.ee\/de\/#website\"},\"primaryImageOfPage\":{\"@id\":\"https:\/\/staging.bioswing.ee\/de\/toode\/oneup-eco\/#primaryimage\"},\"image\":{\"@id\":\"https:\/\/staging.bioswing.ee\/de\/toode\/oneup-eco\/#primaryimage\"},\"thumbnailUrl\":\"https:\/\/staging.bioswing.ee\/wp-content\/uploads\/2023\/11\/oneUP_ECO_Produkt_11-2.jpg\",\"datePublished\":\"2023-11-17T10:36:50+00:00\",\"dateModified\":\"2024-12-05T11:40:25+00:00\",\"breadcrumb\":{\"@id\":\"https:\/\/staging.bioswing.ee\/de\/toode\/oneup-eco\/#breadcrumb\"},\"inLanguage\":\"de\",\"potentialAction\":[{\"@type\":\"ReadAction\",\"target\":[\"https:\/\/staging.bioswing.ee\/de\/toode\/oneup-eco\/\"]}]},{\"@type\":\"ImageObject\",\"inLanguage\":\"de\",\"@id\":\"https:\/\/staging.bioswing.ee\/de\/toode\/oneup-eco\/#primaryimage\",\"url\":\"https:\/\/staging.bioswing.ee\/wp-content\/uploads\/2023\/11\/oneUP_ECO_Produkt_11-2.jpg\",\"contentUrl\":\"https:\/\/staging.bioswing.ee\/wp-content\/uploads\/2023\/11\/oneUP_ECO_Produkt_11-2.jpg\",\"width\":1874,\"height\":2500},{\"@type\":\"BreadcrumbList\",\"@id\":\"https:\/\/staging.bioswing.ee\/de\/toode\/oneup-eco\/#breadcrumb\",\"itemListElement\":[{\"@type\":\"ListItem\",\"position\":1,\"name\":\"Home\",\"item\":\"https:\/\/bioswing.ee\/de\/\"},{\"@type\":\"ListItem\",\"position\":2,\"name\":\"SHOP\",\"item\":\"https:\/\/bioswing.ee\/de\/shop\/\"},{\"@type\":\"ListItem\",\"position\":3,\"name\":\"BIOSWING oneUP ECO\"}]},{\"@type\":\"WebSite\",\"@id\":\"https:\/\/staging.bioswing.ee\/de\/#website\",\"url\":\"https:\/\/staging.bioswing.ee\/de\/\",\"name\":\"BIOSWING\",\"description\":\"Smart solutions for healthy sitting\",\"publisher\":{\"@id\":\"https:\/\/staging.bioswing.ee\/de\/#organization\"},\"potentialAction\":[{\"@type\":\"SearchAction\",\"target\":{\"@type\":\"EntryPoint\",\"urlTemplate\":\"https:\/\/staging.bioswing.ee\/de\/?s={search_term_string}\"},\"query-input\":{\"@type\":\"PropertyValueSpecification\",\"valueRequired\":true,\"valueName\":\"search_term_string\"}}],\"inLanguage\":\"de\"},{\"@type\":\"Organization\",\"@id\":\"https:\/\/staging.bioswing.ee\/de\/#organization\",\"name\":\"BIOSWING\",\"url\":\"https:\/\/staging.bioswing.ee\/de\/\",\"logo\":{\"@type\":\"ImageObject\",\"inLanguage\":\"de\",\"@id\":\"https:\/\/staging.bioswing.ee\/de\/#\/schema\/logo\/image\/\",\"url\":\"https:\/\/staging.bioswing.ee\/wp-content\/uploads\/2023\/04\/logo_web.png\",\"contentUrl\":\"https:\/\/staging.bioswing.ee\/wp-content\/uploads\/2023\/04\/logo_web.png\",\"width\":140,\"height\":122,\"caption\":\"BIOSWING\"},\"image\":{\"@id\":\"https:\/\/staging.bioswing.ee\/de\/#\/schema\/logo\/image\/\"}}]}<\/script>\n<!-- \/ Yoast SEO plugin. -->","yoast_head_json":{"title":"BIOSWING oneUP ECO - BIOSWING","robots":{"index":"noindex","follow":"follow","max-snippet":"max-snippet:-1","max-image-preview":"max-image-preview:large","max-video-preview":"max-video-preview:-1"},"og_locale":"de_DE","og_type":"article","og_title":"BIOSWING oneUP ECO - BIOSWING","og_description":"\u201eUp and down \u2013 and turn around\u201c Das ist das Motto beim oneUP. Nutzen Sie die vielf\u00e4ltigen M\u00f6glichkeiten eines h\u00f6henverstellbaren Tisches schon aus? Jede Position zwischen Stehen und erh\u00f6htem Sitzen bietet Ihnen die Vielfalt unterschiedlichster K\u00f6rperhaltungen. Das Ziel dabei: Je \u00f6fter man die Position wechselt, desto besser f\u00fcr K\u00f6rper und Geist. Denn unser muskuloskelettales System ist auf Bewegung programmiert, sowohl im Stehen als auch im Sitzen.  Der BIOSWING oneUP ist ein echtes Allroundtalent. Denn er ist die intelligente L\u00f6sung f\u00fcr alle, die Sitzen und Stehen kombinieren wollen und bietet f\u00fcr die unterschiedlichsten Sitzhaltungen und Einsatzbereiche eine ideale Basis f\u00fcr ergonomisches \u2013 und dank dem integrierten 3D-Sitzwerk \u2013 auch sehr bewegungsreiches Sitzen. Ob Flughafencounter, Homeoffice, Physiotherapiepraxis oder B\u00fcro: der oneUP macht immer eine gute Figur.","og_url":"https:\/\/staging.bioswing.ee\/de\/toode\/oneup-eco\/","og_site_name":"BIOSWING","article_modified_time":"2024-12-05T11:40:25+00:00","og_image":[{"width":1874,"height":2500,"url":"https:\/\/bioswing.ee\/wp-content\/uploads\/2023\/11\/oneUP_ECO_Produkt_11-2.jpg","type":"image\/jpeg"}],"twitter_card":"summary_large_image","schema":{"@context":"https:\/\/schema.org","@graph":[{"@type":"WebPage","@id":"https:\/\/staging.bioswing.ee\/de\/toode\/oneup-eco\/","url":"https:\/\/staging.bioswing.ee\/de\/toode\/oneup-eco\/","name":"BIOSWING oneUP ECO - BIOSWING","isPartOf":{"@id":"https:\/\/staging.bioswing.ee\/de\/#website"},"primaryImageOfPage":{"@id":"https:\/\/staging.bioswing.ee\/de\/toode\/oneup-eco\/#primaryimage"},"image":{"@id":"https:\/\/staging.bioswing.ee\/de\/toode\/oneup-eco\/#primaryimage"},"thumbnailUrl":"https:\/\/staging.bioswing.ee\/wp-content\/uploads\/2023\/11\/oneUP_ECO_Produkt_11-2.jpg","datePublished":"2023-11-17T10:36:50+00:00","dateModified":"2024-12-05T11:40:25+00:00","breadcrumb":{"@id":"https:\/\/staging.bioswing.ee\/de\/toode\/oneup-eco\/#breadcrumb"},"inLanguage":"de","potentialAction":[{"@type":"ReadAction","target":["https:\/\/staging.bioswing.ee\/de\/toode\/oneup-eco\/"]}]},{"@type":"ImageObject","inLanguage":"de","@id":"https:\/\/staging.bioswing.ee\/de\/toode\/oneup-eco\/#primaryimage","url":"https:\/\/staging.bioswing.ee\/wp-content\/uploads\/2023\/11\/oneUP_ECO_Produkt_11-2.jpg","contentUrl":"https:\/\/staging.bioswing.ee\/wp-content\/uploads\/2023\/11\/oneUP_ECO_Produkt_11-2.jpg","width":1874,"height":2500},{"@type":"BreadcrumbList","@id":"https:\/\/staging.bioswing.ee\/de\/toode\/oneup-eco\/#breadcrumb","itemListElement":[{"@type":"ListItem","position":1,"name":"Home","item":"https:\/\/bioswing.ee\/de\/"},{"@type":"ListItem","position":2,"name":"SHOP","item":"https:\/\/bioswing.ee\/de\/shop\/"},{"@type":"ListItem","position":3,"name":"BIOSWING oneUP ECO"}]},{"@type":"WebSite","@id":"https:\/\/staging.bioswing.ee\/de\/#website","url":"https:\/\/staging.bioswing.ee\/de\/","name":"BIOSWING","description":"Smart solutions for healthy sitting","publisher":{"@id":"https:\/\/staging.bioswing.ee\/de\/#organization"},"potentialAction":[{"@type":"SearchAction","target":{"@type":"EntryPoint","urlTemplate":"https:\/\/staging.bioswing.ee\/de\/?s={search_term_string}"},"query-input":{"@type":"PropertyValueSpecification","valueRequired":true,"valueName":"search_term_string"}}],"inLanguage":"de"},{"@type":"Organization","@id":"https:\/\/staging.bioswing.ee\/de\/#organization","name":"BIOSWING","url":"https:\/\/staging.bioswing.ee\/de\/","logo":{"@type":"ImageObject","inLanguage":"de","@id":"https:\/\/staging.bioswing.ee\/de\/#\/schema\/logo\/image\/","url":"https:\/\/staging.bioswing.ee\/wp-content\/uploads\/2023\/04\/logo_web.png","contentUrl":"https:\/\/staging.bioswing.ee\/wp-content\/uploads\/2023\/04\/logo_web.png","width":140,"height":122,"caption":"BIOSWING"},"image":{"@id":"https:\/\/staging.bioswing.ee\/de\/#\/schema\/logo\/image\/"}}]}},"_links":{"self":[{"href":"https:\/\/staging.bioswing.ee\/de\/wp-json\/wp\/v2\/product\/12586","targetHints":{"allow":["GET"]}}],"collection":[{"href":"https:\/\/staging.bioswing.ee\/de\/wp-json\/wp\/v2\/product"}],"about":[{"href":"https:\/\/staging.bioswing.ee\/de\/wp-json\/wp\/v2\/types\/product"}],"wp:featuredmedia":[{"embeddable":true,"href":"https:\/\/staging.bioswing.ee\/de\/wp-json\/wp\/v2\/media\/12212"}],"wp:attachment":[{"href":"https:\/\/staging.bioswing.ee\/de\/wp-json\/wp\/v2\/media?parent=12586"}],"wp:term":[{"taxonomy":"product_brand","embeddable":true,"href":"https:\/\/staging.bioswing.ee\/de\/wp-json\/wp\/v2\/product_brand?post=12586"},{"taxonomy":"product_cat","embeddable":true,"href":"https:\/\/staging.bioswing.ee\/de\/wp-json\/wp\/v2\/product_cat?post=12586"},{"taxonomy":"product_tag","embeddable":true,"href":"https:\/\/staging.bioswing.ee\/de\/wp-json\/wp\/v2\/product_tag?post=12586"}],"curies":[{"name":"wp","href":"https:\/\/api.w.org\/{rel}","templated":true}]}}