{"id":15511,"date":"2024-11-21T14:35:11","date_gmt":"2024-11-21T14:35:11","guid":{"rendered":"https:\/\/staging.bioswing.ee\/toode\/music-cd-improve-lets-move-in\/"},"modified":"2024-11-28T13:24:41","modified_gmt":"2024-11-28T13:24:41","slug":"music-cd-improve-lets-move-in","status":"publish","type":"product","link":"https:\/\/staging.bioswing.ee\/de\/toode\/music-cd-improve-lets-move-in\/","title":{"rendered":"Musik-CD \u201cImprove \u2013 Let\u2019s Move!\u201d (im Digipak)"},"content":{"rendered":"","protected":false},"excerpt":{"rendered":"<p>Sorgen Sie daf\u00fcr, dass Sie bei Ihren BIOSWING Improve<sup>\u00ae<\/sup> Schwingstab-Kursen jede Menge Spa\u00df haben. Die CD im praktischen Digipak enth\u00e4lt zwei Tracks und \u00fcber eine Stunde Musik mit variierendem Tempo. Jeder Track ist mit den Beats pro Minute (bpm) zwischen 120 und 130 sowie den empfohlenen Frequenzeinstellungen des Schwingstabs gekennzeichnet.  <\/p>\n<ul>\n<li>Titel: Improve Beats Vol. 1<\/li>\n<li>Tracks: 23 Tracks mit Tempi zwischen 120 und 130 BPM<\/li>\n<li>Merkmale: Grafische Darstellung der empfohlenen Frequenzen<\/li>\n<li>Gesamtlaufzeit: 61:08 Minuten<\/li>\n<\/ul>\n","protected":false},"featured_media":14411,"template":"","meta":[],"product_brand":[],"product_cat":[832],"product_tag":[],"class_list":{"0":"post-15511","1":"product","2":"type-product","3":"status-publish","4":"has-post-thumbnail","6":"product_cat-improve-de","8":"first","9":"instock","10":"taxable","11":"shipping-taxable","12":"purchasable","13":"product-type-simple"},"yoast_head":"<!-- This site is optimized with the Yoast SEO plugin v27.1.1 - https:\/\/yoast.com\/product\/yoast-seo-wordpress\/ -->\n<title>Musik-CD \u201cImprove \u2013 Let\u2019s Move!\u201d (im Digipak) - BIOSWING<\/title>\n<meta name=\"robots\" content=\"noindex, follow, max-snippet:-1, max-image-preview:large, max-video-preview:-1\" \/>\n<meta property=\"og:locale\" content=\"de_DE\" \/>\n<meta property=\"og:type\" content=\"article\" \/>\n<meta property=\"og:title\" content=\"Musik-CD \u201cImprove \u2013 Let\u2019s Move!\u201d (im Digipak) - BIOSWING\" \/>\n<meta property=\"og:description\" content=\"Sorgen Sie daf\u00fcr, dass Sie bei Ihren BIOSWING Improve\u00ae Schwingstab-Kursen jede Menge Spa\u00df haben. Die CD im praktischen Digipak enth\u00e4lt zwei Tracks und \u00fcber eine Stunde Musik mit variierendem Tempo. Jeder Track ist mit den Beats pro Minute (bpm) zwischen 120 und 130 sowie den empfohlenen Frequenzeinstellungen des Schwingstabs gekennzeichnet.   Titel: Improve Beats Vol. 1  Tracks: 23 Tracks mit Tempi zwischen 120 und 130 BPM  Merkmale: Grafische Darstellung der empfohlenen Frequenzen  Gesamtlaufzeit: 61:08 Minuten\" \/>\n<meta property=\"og:url\" content=\"https:\/\/staging.bioswing.ee\/de\/toode\/music-cd-improve-lets-move-in\/\" \/>\n<meta property=\"og:site_name\" content=\"BIOSWING\" \/>\n<meta property=\"article:modified_time\" content=\"2024-11-28T13:24:41+00:00\" \/>\n<meta property=\"og:image\" content=\"https:\/\/bioswing.ee\/wp-content\/uploads\/2024\/11\/Improve-music.jpg\" \/>\n\t<meta property=\"og:image:width\" content=\"1500\" \/>\n\t<meta property=\"og:image:height\" content=\"2000\" \/>\n\t<meta property=\"og:image:type\" content=\"image\/jpeg\" \/>\n<meta name=\"twitter:card\" content=\"summary_large_image\" \/>\n<script type=\"application\/ld+json\" class=\"yoast-schema-graph\">{\"@context\":\"https:\/\/schema.org\",\"@graph\":[{\"@type\":\"WebPage\",\"@id\":\"https:\/\/staging.bioswing.ee\/de\/toode\/music-cd-improve-lets-move-in\/\",\"url\":\"https:\/\/staging.bioswing.ee\/de\/toode\/music-cd-improve-lets-move-in\/\",\"name\":\"Musik-CD \u201cImprove \u2013 Let\u2019s Move!\u201d (im Digipak) - BIOSWING\",\"isPartOf\":{\"@id\":\"https:\/\/staging.bioswing.ee\/de\/#website\"},\"primaryImageOfPage\":{\"@id\":\"https:\/\/staging.bioswing.ee\/de\/toode\/music-cd-improve-lets-move-in\/#primaryimage\"},\"image\":{\"@id\":\"https:\/\/staging.bioswing.ee\/de\/toode\/music-cd-improve-lets-move-in\/#primaryimage\"},\"thumbnailUrl\":\"https:\/\/staging.bioswing.ee\/wp-content\/uploads\/2024\/11\/Improve-music.jpg\",\"datePublished\":\"2024-11-21T14:35:11+00:00\",\"dateModified\":\"2024-11-28T13:24:41+00:00\",\"breadcrumb\":{\"@id\":\"https:\/\/staging.bioswing.ee\/de\/toode\/music-cd-improve-lets-move-in\/#breadcrumb\"},\"inLanguage\":\"de\",\"potentialAction\":[{\"@type\":\"ReadAction\",\"target\":[\"https:\/\/staging.bioswing.ee\/de\/toode\/music-cd-improve-lets-move-in\/\"]}]},{\"@type\":\"ImageObject\",\"inLanguage\":\"de\",\"@id\":\"https:\/\/staging.bioswing.ee\/de\/toode\/music-cd-improve-lets-move-in\/#primaryimage\",\"url\":\"https:\/\/staging.bioswing.ee\/wp-content\/uploads\/2024\/11\/Improve-music.jpg\",\"contentUrl\":\"https:\/\/staging.bioswing.ee\/wp-content\/uploads\/2024\/11\/Improve-music.jpg\",\"width\":1500,\"height\":2000,\"caption\":\"Music CD \\\"Improve \u2013 Let\u2019s Move!\\\" (in Digipak)\"},{\"@type\":\"BreadcrumbList\",\"@id\":\"https:\/\/staging.bioswing.ee\/de\/toode\/music-cd-improve-lets-move-in\/#breadcrumb\",\"itemListElement\":[{\"@type\":\"ListItem\",\"position\":1,\"name\":\"Home\",\"item\":\"https:\/\/bioswing.ee\/de\/\"},{\"@type\":\"ListItem\",\"position\":2,\"name\":\"SHOP\",\"item\":\"https:\/\/bioswing.ee\/de\/shop\/\"},{\"@type\":\"ListItem\",\"position\":3,\"name\":\"Musik-CD \u201cImprove \u2013 Let\u2019s Move!\u201d (im Digipak)\"}]},{\"@type\":\"WebSite\",\"@id\":\"https:\/\/staging.bioswing.ee\/de\/#website\",\"url\":\"https:\/\/staging.bioswing.ee\/de\/\",\"name\":\"BIOSWING\",\"description\":\"Smart solutions for healthy sitting\",\"publisher\":{\"@id\":\"https:\/\/staging.bioswing.ee\/de\/#organization\"},\"potentialAction\":[{\"@type\":\"SearchAction\",\"target\":{\"@type\":\"EntryPoint\",\"urlTemplate\":\"https:\/\/staging.bioswing.ee\/de\/?s={search_term_string}\"},\"query-input\":{\"@type\":\"PropertyValueSpecification\",\"valueRequired\":true,\"valueName\":\"search_term_string\"}}],\"inLanguage\":\"de\"},{\"@type\":\"Organization\",\"@id\":\"https:\/\/staging.bioswing.ee\/de\/#organization\",\"name\":\"BIOSWING\",\"url\":\"https:\/\/staging.bioswing.ee\/de\/\",\"logo\":{\"@type\":\"ImageObject\",\"inLanguage\":\"de\",\"@id\":\"https:\/\/staging.bioswing.ee\/de\/#\/schema\/logo\/image\/\",\"url\":\"https:\/\/staging.bioswing.ee\/wp-content\/uploads\/2023\/04\/logo_web.png\",\"contentUrl\":\"https:\/\/staging.bioswing.ee\/wp-content\/uploads\/2023\/04\/logo_web.png\",\"width\":140,\"height\":122,\"caption\":\"BIOSWING\"},\"image\":{\"@id\":\"https:\/\/staging.bioswing.ee\/de\/#\/schema\/logo\/image\/\"}}]}<\/script>\n<!-- \/ Yoast SEO plugin. -->","yoast_head_json":{"title":"Musik-CD \u201cImprove \u2013 Let\u2019s Move!\u201d (im Digipak) - BIOSWING","robots":{"index":"noindex","follow":"follow","max-snippet":"max-snippet:-1","max-image-preview":"max-image-preview:large","max-video-preview":"max-video-preview:-1"},"og_locale":"de_DE","og_type":"article","og_title":"Musik-CD \u201cImprove \u2013 Let\u2019s Move!\u201d (im Digipak) - BIOSWING","og_description":"Sorgen Sie daf\u00fcr, dass Sie bei Ihren BIOSWING Improve\u00ae Schwingstab-Kursen jede Menge Spa\u00df haben. Die CD im praktischen Digipak enth\u00e4lt zwei Tracks und \u00fcber eine Stunde Musik mit variierendem Tempo. Jeder Track ist mit den Beats pro Minute (bpm) zwischen 120 und 130 sowie den empfohlenen Frequenzeinstellungen des Schwingstabs gekennzeichnet.   Titel: Improve Beats Vol. 1  Tracks: 23 Tracks mit Tempi zwischen 120 und 130 BPM  Merkmale: Grafische Darstellung der empfohlenen Frequenzen  Gesamtlaufzeit: 61:08 Minuten","og_url":"https:\/\/staging.bioswing.ee\/de\/toode\/music-cd-improve-lets-move-in\/","og_site_name":"BIOSWING","article_modified_time":"2024-11-28T13:24:41+00:00","og_image":[{"width":1500,"height":2000,"url":"https:\/\/bioswing.ee\/wp-content\/uploads\/2024\/11\/Improve-music.jpg","type":"image\/jpeg"}],"twitter_card":"summary_large_image","schema":{"@context":"https:\/\/schema.org","@graph":[{"@type":"WebPage","@id":"https:\/\/staging.bioswing.ee\/de\/toode\/music-cd-improve-lets-move-in\/","url":"https:\/\/staging.bioswing.ee\/de\/toode\/music-cd-improve-lets-move-in\/","name":"Musik-CD \u201cImprove \u2013 Let\u2019s Move!\u201d (im Digipak) - BIOSWING","isPartOf":{"@id":"https:\/\/staging.bioswing.ee\/de\/#website"},"primaryImageOfPage":{"@id":"https:\/\/staging.bioswing.ee\/de\/toode\/music-cd-improve-lets-move-in\/#primaryimage"},"image":{"@id":"https:\/\/staging.bioswing.ee\/de\/toode\/music-cd-improve-lets-move-in\/#primaryimage"},"thumbnailUrl":"https:\/\/staging.bioswing.ee\/wp-content\/uploads\/2024\/11\/Improve-music.jpg","datePublished":"2024-11-21T14:35:11+00:00","dateModified":"2024-11-28T13:24:41+00:00","breadcrumb":{"@id":"https:\/\/staging.bioswing.ee\/de\/toode\/music-cd-improve-lets-move-in\/#breadcrumb"},"inLanguage":"de","potentialAction":[{"@type":"ReadAction","target":["https:\/\/staging.bioswing.ee\/de\/toode\/music-cd-improve-lets-move-in\/"]}]},{"@type":"ImageObject","inLanguage":"de","@id":"https:\/\/staging.bioswing.ee\/de\/toode\/music-cd-improve-lets-move-in\/#primaryimage","url":"https:\/\/staging.bioswing.ee\/wp-content\/uploads\/2024\/11\/Improve-music.jpg","contentUrl":"https:\/\/staging.bioswing.ee\/wp-content\/uploads\/2024\/11\/Improve-music.jpg","width":1500,"height":2000,"caption":"Music CD \"Improve \u2013 Let\u2019s Move!\" (in Digipak)"},{"@type":"BreadcrumbList","@id":"https:\/\/staging.bioswing.ee\/de\/toode\/music-cd-improve-lets-move-in\/#breadcrumb","itemListElement":[{"@type":"ListItem","position":1,"name":"Home","item":"https:\/\/bioswing.ee\/de\/"},{"@type":"ListItem","position":2,"name":"SHOP","item":"https:\/\/bioswing.ee\/de\/shop\/"},{"@type":"ListItem","position":3,"name":"Musik-CD \u201cImprove \u2013 Let\u2019s Move!\u201d (im Digipak)"}]},{"@type":"WebSite","@id":"https:\/\/staging.bioswing.ee\/de\/#website","url":"https:\/\/staging.bioswing.ee\/de\/","name":"BIOSWING","description":"Smart solutions for healthy sitting","publisher":{"@id":"https:\/\/staging.bioswing.ee\/de\/#organization"},"potentialAction":[{"@type":"SearchAction","target":{"@type":"EntryPoint","urlTemplate":"https:\/\/staging.bioswing.ee\/de\/?s={search_term_string}"},"query-input":{"@type":"PropertyValueSpecification","valueRequired":true,"valueName":"search_term_string"}}],"inLanguage":"de"},{"@type":"Organization","@id":"https:\/\/staging.bioswing.ee\/de\/#organization","name":"BIOSWING","url":"https:\/\/staging.bioswing.ee\/de\/","logo":{"@type":"ImageObject","inLanguage":"de","@id":"https:\/\/staging.bioswing.ee\/de\/#\/schema\/logo\/image\/","url":"https:\/\/staging.bioswing.ee\/wp-content\/uploads\/2023\/04\/logo_web.png","contentUrl":"https:\/\/staging.bioswing.ee\/wp-content\/uploads\/2023\/04\/logo_web.png","width":140,"height":122,"caption":"BIOSWING"},"image":{"@id":"https:\/\/staging.bioswing.ee\/de\/#\/schema\/logo\/image\/"}}]}},"_links":{"self":[{"href":"https:\/\/staging.bioswing.ee\/de\/wp-json\/wp\/v2\/product\/15511","targetHints":{"allow":["GET"]}}],"collection":[{"href":"https:\/\/staging.bioswing.ee\/de\/wp-json\/wp\/v2\/product"}],"about":[{"href":"https:\/\/staging.bioswing.ee\/de\/wp-json\/wp\/v2\/types\/product"}],"wp:featuredmedia":[{"embeddable":true,"href":"https:\/\/staging.bioswing.ee\/de\/wp-json\/wp\/v2\/media\/14411"}],"wp:attachment":[{"href":"https:\/\/staging.bioswing.ee\/de\/wp-json\/wp\/v2\/media?parent=15511"}],"wp:term":[{"taxonomy":"product_brand","embeddable":true,"href":"https:\/\/staging.bioswing.ee\/de\/wp-json\/wp\/v2\/product_brand?post=15511"},{"taxonomy":"product_cat","embeddable":true,"href":"https:\/\/staging.bioswing.ee\/de\/wp-json\/wp\/v2\/product_cat?post=15511"},{"taxonomy":"product_tag","embeddable":true,"href":"https:\/\/staging.bioswing.ee\/de\/wp-json\/wp\/v2\/product_tag?post=15511"}],"curies":[{"name":"wp","href":"https:\/\/api.w.org\/{rel}","templated":true}]}}