{"id":15573,"date":"2024-11-21T08:35:17","date_gmt":"2024-11-21T08:35:17","guid":{"rendered":"https:\/\/staging.bioswing.ee\/toode\/bioswing-propriomed-rolling-stand\/"},"modified":"2024-11-28T12:30:57","modified_gmt":"2024-11-28T12:30:57","slug":"bioswing-propriomed-rolling-stand","status":"publish","type":"product","link":"https:\/\/staging.bioswing.ee\/de\/toode\/bioswing-propriomed-rolling-stand\/","title":{"rendered":"BIOSWING\u00ae Rollst\u00e4nder"},"content":{"rendered":"","protected":false},"excerpt":{"rendered":"<p>Das Stativ wird zur optimalen h\u00e4ngenden Aufbewahrung von bis zu 20 BIOSWING Propriomed<sup>\u00ae<\/sup>&#8211; oder Improve<sup>\u00ae<\/sup>-Ger\u00e4ten verwendet. Der beschichtete Stahlst\u00e4nder ist mobil und kann mit einer Bajonettverriegelung und einem Vorh\u00e4ngeschloss (nicht im Lieferumfang enthalten) gesichert werden, um die St\u00e4be zu sch\u00fctzen. <\/p>\n<ul>\n<li>20 abschlie\u00dfbare Halterungen \/ Optional abschlie\u00dfbar (Vorh\u00e4ngeschloss nicht enthalten)<\/li>\n<li>Silberbeschichteter Stahl mit roter Bajonettverriegelung<\/li>\n<li>Silberne Aluminium-Basis mit 65 mm Rollen<\/li>\n<li>Inklusive Montagematerial<\/li>\n<\/ul>\n","protected":false},"featured_media":14332,"template":"","meta":[],"product_brand":[],"product_cat":[842],"product_tag":[],"class_list":{"0":"post-15573","1":"product","2":"type-product","3":"status-publish","4":"has-post-thumbnail","6":"product_cat-propriomed-de","8":"first","9":"instock","10":"taxable","11":"shipping-taxable","12":"purchasable","13":"product-type-simple"},"yoast_head":"<!-- This site is optimized with the Yoast SEO plugin v27.1.1 - https:\/\/yoast.com\/product\/yoast-seo-wordpress\/ -->\n<title>BIOSWING\u00ae Rollst\u00e4nder - BIOSWING<\/title>\n<meta name=\"robots\" content=\"noindex, follow, max-snippet:-1, max-image-preview:large, max-video-preview:-1\" \/>\n<meta property=\"og:locale\" content=\"de_DE\" \/>\n<meta property=\"og:type\" content=\"article\" \/>\n<meta property=\"og:title\" content=\"BIOSWING\u00ae Rollst\u00e4nder - BIOSWING\" \/>\n<meta property=\"og:description\" content=\"Das Stativ wird zur optimalen h\u00e4ngenden Aufbewahrung von bis zu 20 BIOSWING Propriomed\u00ae- oder Improve\u00ae-Ger\u00e4ten verwendet. Der beschichtete Stahlst\u00e4nder ist mobil und kann mit einer Bajonettverriegelung und einem Vorh\u00e4ngeschloss (nicht im Lieferumfang enthalten) gesichert werden, um die St\u00e4be zu sch\u00fctzen.   20 abschlie\u00dfbare Halterungen \/ Optional abschlie\u00dfbar (Vorh\u00e4ngeschloss nicht enthalten)  Silberbeschichteter Stahl mit roter Bajonettverriegelung  Silberne Aluminium-Basis mit 65 mm Rollen  Inklusive Montagematerial\" \/>\n<meta property=\"og:url\" content=\"https:\/\/staging.bioswing.ee\/de\/toode\/bioswing-propriomed-rolling-stand\/\" \/>\n<meta property=\"og:site_name\" content=\"BIOSWING\" \/>\n<meta property=\"article:modified_time\" content=\"2024-11-28T12:30:57+00:00\" \/>\n<meta property=\"og:image\" content=\"https:\/\/bioswing.ee\/wp-content\/uploads\/2024\/11\/propriomed-stativ.jpg\" \/>\n\t<meta property=\"og:image:width\" content=\"1500\" \/>\n\t<meta property=\"og:image:height\" content=\"2000\" \/>\n\t<meta property=\"og:image:type\" content=\"image\/jpeg\" \/>\n<meta name=\"twitter:card\" content=\"summary_large_image\" \/>\n<script type=\"application\/ld+json\" class=\"yoast-schema-graph\">{\"@context\":\"https:\/\/schema.org\",\"@graph\":[{\"@type\":\"WebPage\",\"@id\":\"https:\/\/staging.bioswing.ee\/de\/toode\/bioswing-propriomed-rolling-stand\/\",\"url\":\"https:\/\/staging.bioswing.ee\/de\/toode\/bioswing-propriomed-rolling-stand\/\",\"name\":\"BIOSWING\u00ae Rollst\u00e4nder - BIOSWING\",\"isPartOf\":{\"@id\":\"https:\/\/staging.bioswing.ee\/de\/#website\"},\"primaryImageOfPage\":{\"@id\":\"https:\/\/staging.bioswing.ee\/de\/toode\/bioswing-propriomed-rolling-stand\/#primaryimage\"},\"image\":{\"@id\":\"https:\/\/staging.bioswing.ee\/de\/toode\/bioswing-propriomed-rolling-stand\/#primaryimage\"},\"thumbnailUrl\":\"https:\/\/staging.bioswing.ee\/wp-content\/uploads\/2024\/11\/propriomed-stativ.jpg\",\"datePublished\":\"2024-11-21T08:35:17+00:00\",\"dateModified\":\"2024-11-28T12:30:57+00:00\",\"breadcrumb\":{\"@id\":\"https:\/\/staging.bioswing.ee\/de\/toode\/bioswing-propriomed-rolling-stand\/#breadcrumb\"},\"inLanguage\":\"de\",\"potentialAction\":[{\"@type\":\"ReadAction\",\"target\":[\"https:\/\/staging.bioswing.ee\/de\/toode\/bioswing-propriomed-rolling-stand\/\"]}]},{\"@type\":\"ImageObject\",\"inLanguage\":\"de\",\"@id\":\"https:\/\/staging.bioswing.ee\/de\/toode\/bioswing-propriomed-rolling-stand\/#primaryimage\",\"url\":\"https:\/\/staging.bioswing.ee\/wp-content\/uploads\/2024\/11\/propriomed-stativ.jpg\",\"contentUrl\":\"https:\/\/staging.bioswing.ee\/wp-content\/uploads\/2024\/11\/propriomed-stativ.jpg\",\"width\":1500,\"height\":2000,\"caption\":\"BIOSWING\u00ae Propriomed\u00ae Rolling Stand\"},{\"@type\":\"BreadcrumbList\",\"@id\":\"https:\/\/staging.bioswing.ee\/de\/toode\/bioswing-propriomed-rolling-stand\/#breadcrumb\",\"itemListElement\":[{\"@type\":\"ListItem\",\"position\":1,\"name\":\"Home\",\"item\":\"https:\/\/bioswing.ee\/de\/\"},{\"@type\":\"ListItem\",\"position\":2,\"name\":\"SHOP\",\"item\":\"https:\/\/bioswing.ee\/de\/shop\/\"},{\"@type\":\"ListItem\",\"position\":3,\"name\":\"BIOSWING\u00ae Rollst\u00e4nder\"}]},{\"@type\":\"WebSite\",\"@id\":\"https:\/\/staging.bioswing.ee\/de\/#website\",\"url\":\"https:\/\/staging.bioswing.ee\/de\/\",\"name\":\"BIOSWING\",\"description\":\"Smart solutions for healthy sitting\",\"publisher\":{\"@id\":\"https:\/\/staging.bioswing.ee\/de\/#organization\"},\"potentialAction\":[{\"@type\":\"SearchAction\",\"target\":{\"@type\":\"EntryPoint\",\"urlTemplate\":\"https:\/\/staging.bioswing.ee\/de\/?s={search_term_string}\"},\"query-input\":{\"@type\":\"PropertyValueSpecification\",\"valueRequired\":true,\"valueName\":\"search_term_string\"}}],\"inLanguage\":\"de\"},{\"@type\":\"Organization\",\"@id\":\"https:\/\/staging.bioswing.ee\/de\/#organization\",\"name\":\"BIOSWING\",\"url\":\"https:\/\/staging.bioswing.ee\/de\/\",\"logo\":{\"@type\":\"ImageObject\",\"inLanguage\":\"de\",\"@id\":\"https:\/\/staging.bioswing.ee\/de\/#\/schema\/logo\/image\/\",\"url\":\"https:\/\/staging.bioswing.ee\/wp-content\/uploads\/2023\/04\/logo_web.png\",\"contentUrl\":\"https:\/\/staging.bioswing.ee\/wp-content\/uploads\/2023\/04\/logo_web.png\",\"width\":140,\"height\":122,\"caption\":\"BIOSWING\"},\"image\":{\"@id\":\"https:\/\/staging.bioswing.ee\/de\/#\/schema\/logo\/image\/\"}}]}<\/script>\n<!-- \/ Yoast SEO plugin. -->","yoast_head_json":{"title":"BIOSWING\u00ae Rollst\u00e4nder - BIOSWING","robots":{"index":"noindex","follow":"follow","max-snippet":"max-snippet:-1","max-image-preview":"max-image-preview:large","max-video-preview":"max-video-preview:-1"},"og_locale":"de_DE","og_type":"article","og_title":"BIOSWING\u00ae Rollst\u00e4nder - BIOSWING","og_description":"Das Stativ wird zur optimalen h\u00e4ngenden Aufbewahrung von bis zu 20 BIOSWING Propriomed\u00ae- oder Improve\u00ae-Ger\u00e4ten verwendet. Der beschichtete Stahlst\u00e4nder ist mobil und kann mit einer Bajonettverriegelung und einem Vorh\u00e4ngeschloss (nicht im Lieferumfang enthalten) gesichert werden, um die St\u00e4be zu sch\u00fctzen.   20 abschlie\u00dfbare Halterungen \/ Optional abschlie\u00dfbar (Vorh\u00e4ngeschloss nicht enthalten)  Silberbeschichteter Stahl mit roter Bajonettverriegelung  Silberne Aluminium-Basis mit 65 mm Rollen  Inklusive Montagematerial","og_url":"https:\/\/staging.bioswing.ee\/de\/toode\/bioswing-propriomed-rolling-stand\/","og_site_name":"BIOSWING","article_modified_time":"2024-11-28T12:30:57+00:00","og_image":[{"width":1500,"height":2000,"url":"https:\/\/bioswing.ee\/wp-content\/uploads\/2024\/11\/propriomed-stativ.jpg","type":"image\/jpeg"}],"twitter_card":"summary_large_image","schema":{"@context":"https:\/\/schema.org","@graph":[{"@type":"WebPage","@id":"https:\/\/staging.bioswing.ee\/de\/toode\/bioswing-propriomed-rolling-stand\/","url":"https:\/\/staging.bioswing.ee\/de\/toode\/bioswing-propriomed-rolling-stand\/","name":"BIOSWING\u00ae Rollst\u00e4nder - BIOSWING","isPartOf":{"@id":"https:\/\/staging.bioswing.ee\/de\/#website"},"primaryImageOfPage":{"@id":"https:\/\/staging.bioswing.ee\/de\/toode\/bioswing-propriomed-rolling-stand\/#primaryimage"},"image":{"@id":"https:\/\/staging.bioswing.ee\/de\/toode\/bioswing-propriomed-rolling-stand\/#primaryimage"},"thumbnailUrl":"https:\/\/staging.bioswing.ee\/wp-content\/uploads\/2024\/11\/propriomed-stativ.jpg","datePublished":"2024-11-21T08:35:17+00:00","dateModified":"2024-11-28T12:30:57+00:00","breadcrumb":{"@id":"https:\/\/staging.bioswing.ee\/de\/toode\/bioswing-propriomed-rolling-stand\/#breadcrumb"},"inLanguage":"de","potentialAction":[{"@type":"ReadAction","target":["https:\/\/staging.bioswing.ee\/de\/toode\/bioswing-propriomed-rolling-stand\/"]}]},{"@type":"ImageObject","inLanguage":"de","@id":"https:\/\/staging.bioswing.ee\/de\/toode\/bioswing-propriomed-rolling-stand\/#primaryimage","url":"https:\/\/staging.bioswing.ee\/wp-content\/uploads\/2024\/11\/propriomed-stativ.jpg","contentUrl":"https:\/\/staging.bioswing.ee\/wp-content\/uploads\/2024\/11\/propriomed-stativ.jpg","width":1500,"height":2000,"caption":"BIOSWING\u00ae Propriomed\u00ae Rolling Stand"},{"@type":"BreadcrumbList","@id":"https:\/\/staging.bioswing.ee\/de\/toode\/bioswing-propriomed-rolling-stand\/#breadcrumb","itemListElement":[{"@type":"ListItem","position":1,"name":"Home","item":"https:\/\/bioswing.ee\/de\/"},{"@type":"ListItem","position":2,"name":"SHOP","item":"https:\/\/bioswing.ee\/de\/shop\/"},{"@type":"ListItem","position":3,"name":"BIOSWING\u00ae Rollst\u00e4nder"}]},{"@type":"WebSite","@id":"https:\/\/staging.bioswing.ee\/de\/#website","url":"https:\/\/staging.bioswing.ee\/de\/","name":"BIOSWING","description":"Smart solutions for healthy sitting","publisher":{"@id":"https:\/\/staging.bioswing.ee\/de\/#organization"},"potentialAction":[{"@type":"SearchAction","target":{"@type":"EntryPoint","urlTemplate":"https:\/\/staging.bioswing.ee\/de\/?s={search_term_string}"},"query-input":{"@type":"PropertyValueSpecification","valueRequired":true,"valueName":"search_term_string"}}],"inLanguage":"de"},{"@type":"Organization","@id":"https:\/\/staging.bioswing.ee\/de\/#organization","name":"BIOSWING","url":"https:\/\/staging.bioswing.ee\/de\/","logo":{"@type":"ImageObject","inLanguage":"de","@id":"https:\/\/staging.bioswing.ee\/de\/#\/schema\/logo\/image\/","url":"https:\/\/staging.bioswing.ee\/wp-content\/uploads\/2023\/04\/logo_web.png","contentUrl":"https:\/\/staging.bioswing.ee\/wp-content\/uploads\/2023\/04\/logo_web.png","width":140,"height":122,"caption":"BIOSWING"},"image":{"@id":"https:\/\/staging.bioswing.ee\/de\/#\/schema\/logo\/image\/"}}]}},"_links":{"self":[{"href":"https:\/\/staging.bioswing.ee\/de\/wp-json\/wp\/v2\/product\/15573","targetHints":{"allow":["GET"]}}],"collection":[{"href":"https:\/\/staging.bioswing.ee\/de\/wp-json\/wp\/v2\/product"}],"about":[{"href":"https:\/\/staging.bioswing.ee\/de\/wp-json\/wp\/v2\/types\/product"}],"wp:featuredmedia":[{"embeddable":true,"href":"https:\/\/staging.bioswing.ee\/de\/wp-json\/wp\/v2\/media\/14332"}],"wp:attachment":[{"href":"https:\/\/staging.bioswing.ee\/de\/wp-json\/wp\/v2\/media?parent=15573"}],"wp:term":[{"taxonomy":"product_brand","embeddable":true,"href":"https:\/\/staging.bioswing.ee\/de\/wp-json\/wp\/v2\/product_brand?post=15573"},{"taxonomy":"product_cat","embeddable":true,"href":"https:\/\/staging.bioswing.ee\/de\/wp-json\/wp\/v2\/product_cat?post=15573"},{"taxonomy":"product_tag","embeddable":true,"href":"https:\/\/staging.bioswing.ee\/de\/wp-json\/wp\/v2\/product_tag?post=15573"}],"curies":[{"name":"wp","href":"https:\/\/api.w.org\/{rel}","templated":true}]}}