{"id":15586,"date":"2024-11-21T08:27:53","date_gmt":"2024-11-21T08:27:53","guid":{"rendered":"https:\/\/staging.bioswing.ee\/toode\/bioswing-propriomed-100\/"},"modified":"2024-11-28T12:16:46","modified_gmt":"2024-11-28T12:16:46","slug":"bioswing-propriomed-100","status":"publish","type":"product","link":"https:\/\/staging.bioswing.ee\/de\/toode\/bioswing-propriomed-100\/","title":{"rendered":"BIOSWING\u00ae Propriomed\u00ae 100"},"content":{"rendered":"","protected":false},"excerpt":{"rendered":"<p>Der <strong>BIOSWING Propriomed<sup>\u00ae <\/sup>100<\/strong> (grau) ist der 100 cm lange Spezial-Schwingstab f\u00fcr Hand-, Ellbogen-, Schulter-, Halswirbels\u00e4ulen- und Kinderrehabilitation. Der leichte Stab ist f\u00fcr geringe Schwingungsamplituden mit einem Frequenzspektrum von 4,8 bis 6,0 Hz ausgelegt und verf\u00fcgt \u00fcber einen Frequenzregler auf jeder Seite sowie drei gedrehte Federdr\u00e4hte f\u00fcr gelenkschonende Schwingungsd\u00e4mpfung.<\/p>\n<ul>\n<li>Griff: Schwarzes Aluminium<\/li>\n<li>Schwingdr\u00e4hte: Silber, mehrfach veredelter Federstahl<\/li>\n<li>Schwingdrahtl\u00e4nge: 100 cm<\/li>\n<li>Endkappen\/Frequenzregler: Schwarz PU<\/li>\n<li>Geliefert in einem verschraubbaren Schutzrohr mit Anleitung<\/li>\n<\/ul>\n","protected":false},"featured_media":14321,"template":"","meta":[],"product_brand":[],"product_cat":[842],"product_tag":[],"class_list":{"0":"post-15586","1":"product","2":"type-product","3":"status-publish","4":"has-post-thumbnail","6":"product_cat-propriomed-de","8":"first","9":"instock","10":"taxable","11":"shipping-taxable","12":"purchasable","13":"product-type-simple"},"yoast_head":"<!-- This site is optimized with the Yoast SEO plugin v27.1.1 - https:\/\/yoast.com\/product\/yoast-seo-wordpress\/ -->\n<title>BIOSWING\u00ae Propriomed\u00ae 100 - BIOSWING<\/title>\n<meta name=\"robots\" content=\"noindex, follow, max-snippet:-1, max-image-preview:large, max-video-preview:-1\" \/>\n<meta property=\"og:locale\" content=\"de_DE\" \/>\n<meta property=\"og:type\" content=\"article\" \/>\n<meta property=\"og:title\" content=\"BIOSWING\u00ae Propriomed\u00ae 100 - BIOSWING\" \/>\n<meta property=\"og:description\" content=\"Der BIOSWING Propriomed\u00ae 100 (grau) ist der 100 cm lange Spezial-Schwingstab f\u00fcr Hand-, Ellbogen-, Schulter-, Halswirbels\u00e4ulen- und Kinderrehabilitation. Der leichte Stab ist f\u00fcr geringe Schwingungsamplituden mit einem Frequenzspektrum von 4,8 bis 6,0 Hz ausgelegt und verf\u00fcgt \u00fcber einen Frequenzregler auf jeder Seite sowie drei gedrehte Federdr\u00e4hte f\u00fcr gelenkschonende Schwingungsd\u00e4mpfung.  Griff: Schwarzes Aluminium  Schwingdr\u00e4hte: Silber, mehrfach veredelter Federstahl  Schwingdrahtl\u00e4nge: 100 cm  Endkappen\/Frequenzregler: Schwarz PU  Geliefert in einem verschraubbaren Schutzrohr mit Anleitung\" \/>\n<meta property=\"og:url\" content=\"https:\/\/staging.bioswing.ee\/de\/toode\/bioswing-propriomed-100\/\" \/>\n<meta property=\"og:site_name\" content=\"BIOSWING\" \/>\n<meta property=\"article:modified_time\" content=\"2024-11-28T12:16:46+00:00\" \/>\n<meta property=\"og:image\" content=\"https:\/\/bioswing.ee\/wp-content\/uploads\/2024\/11\/propriomed100.jpg\" \/>\n\t<meta property=\"og:image:width\" content=\"1500\" \/>\n\t<meta property=\"og:image:height\" content=\"2000\" \/>\n\t<meta property=\"og:image:type\" content=\"image\/jpeg\" \/>\n<meta name=\"twitter:card\" content=\"summary_large_image\" \/>\n<script type=\"application\/ld+json\" class=\"yoast-schema-graph\">{\"@context\":\"https:\/\/schema.org\",\"@graph\":[{\"@type\":\"WebPage\",\"@id\":\"https:\/\/staging.bioswing.ee\/de\/toode\/bioswing-propriomed-100\/\",\"url\":\"https:\/\/staging.bioswing.ee\/de\/toode\/bioswing-propriomed-100\/\",\"name\":\"BIOSWING\u00ae Propriomed\u00ae 100 - BIOSWING\",\"isPartOf\":{\"@id\":\"https:\/\/staging.bioswing.ee\/de\/#website\"},\"primaryImageOfPage\":{\"@id\":\"https:\/\/staging.bioswing.ee\/de\/toode\/bioswing-propriomed-100\/#primaryimage\"},\"image\":{\"@id\":\"https:\/\/staging.bioswing.ee\/de\/toode\/bioswing-propriomed-100\/#primaryimage\"},\"thumbnailUrl\":\"https:\/\/staging.bioswing.ee\/wp-content\/uploads\/2024\/11\/propriomed100.jpg\",\"datePublished\":\"2024-11-21T08:27:53+00:00\",\"dateModified\":\"2024-11-28T12:16:46+00:00\",\"breadcrumb\":{\"@id\":\"https:\/\/staging.bioswing.ee\/de\/toode\/bioswing-propriomed-100\/#breadcrumb\"},\"inLanguage\":\"de\",\"potentialAction\":[{\"@type\":\"ReadAction\",\"target\":[\"https:\/\/staging.bioswing.ee\/de\/toode\/bioswing-propriomed-100\/\"]}]},{\"@type\":\"ImageObject\",\"inLanguage\":\"de\",\"@id\":\"https:\/\/staging.bioswing.ee\/de\/toode\/bioswing-propriomed-100\/#primaryimage\",\"url\":\"https:\/\/staging.bioswing.ee\/wp-content\/uploads\/2024\/11\/propriomed100.jpg\",\"contentUrl\":\"https:\/\/staging.bioswing.ee\/wp-content\/uploads\/2024\/11\/propriomed100.jpg\",\"width\":1500,\"height\":2000,\"caption\":\"BIOSWING\u00ae Propriomed\u00ae 100\"},{\"@type\":\"BreadcrumbList\",\"@id\":\"https:\/\/staging.bioswing.ee\/de\/toode\/bioswing-propriomed-100\/#breadcrumb\",\"itemListElement\":[{\"@type\":\"ListItem\",\"position\":1,\"name\":\"Home\",\"item\":\"https:\/\/bioswing.ee\/de\/\"},{\"@type\":\"ListItem\",\"position\":2,\"name\":\"SHOP\",\"item\":\"https:\/\/bioswing.ee\/de\/shop\/\"},{\"@type\":\"ListItem\",\"position\":3,\"name\":\"BIOSWING\u00ae Propriomed\u00ae 100\"}]},{\"@type\":\"WebSite\",\"@id\":\"https:\/\/staging.bioswing.ee\/de\/#website\",\"url\":\"https:\/\/staging.bioswing.ee\/de\/\",\"name\":\"BIOSWING\",\"description\":\"Smart solutions for healthy sitting\",\"publisher\":{\"@id\":\"https:\/\/staging.bioswing.ee\/de\/#organization\"},\"potentialAction\":[{\"@type\":\"SearchAction\",\"target\":{\"@type\":\"EntryPoint\",\"urlTemplate\":\"https:\/\/staging.bioswing.ee\/de\/?s={search_term_string}\"},\"query-input\":{\"@type\":\"PropertyValueSpecification\",\"valueRequired\":true,\"valueName\":\"search_term_string\"}}],\"inLanguage\":\"de\"},{\"@type\":\"Organization\",\"@id\":\"https:\/\/staging.bioswing.ee\/de\/#organization\",\"name\":\"BIOSWING\",\"url\":\"https:\/\/staging.bioswing.ee\/de\/\",\"logo\":{\"@type\":\"ImageObject\",\"inLanguage\":\"de\",\"@id\":\"https:\/\/staging.bioswing.ee\/de\/#\/schema\/logo\/image\/\",\"url\":\"https:\/\/staging.bioswing.ee\/wp-content\/uploads\/2023\/04\/logo_web.png\",\"contentUrl\":\"https:\/\/staging.bioswing.ee\/wp-content\/uploads\/2023\/04\/logo_web.png\",\"width\":140,\"height\":122,\"caption\":\"BIOSWING\"},\"image\":{\"@id\":\"https:\/\/staging.bioswing.ee\/de\/#\/schema\/logo\/image\/\"}}]}<\/script>\n<!-- \/ Yoast SEO plugin. -->","yoast_head_json":{"title":"BIOSWING\u00ae Propriomed\u00ae 100 - BIOSWING","robots":{"index":"noindex","follow":"follow","max-snippet":"max-snippet:-1","max-image-preview":"max-image-preview:large","max-video-preview":"max-video-preview:-1"},"og_locale":"de_DE","og_type":"article","og_title":"BIOSWING\u00ae Propriomed\u00ae 100 - BIOSWING","og_description":"Der BIOSWING Propriomed\u00ae 100 (grau) ist der 100 cm lange Spezial-Schwingstab f\u00fcr Hand-, Ellbogen-, Schulter-, Halswirbels\u00e4ulen- und Kinderrehabilitation. Der leichte Stab ist f\u00fcr geringe Schwingungsamplituden mit einem Frequenzspektrum von 4,8 bis 6,0 Hz ausgelegt und verf\u00fcgt \u00fcber einen Frequenzregler auf jeder Seite sowie drei gedrehte Federdr\u00e4hte f\u00fcr gelenkschonende Schwingungsd\u00e4mpfung.  Griff: Schwarzes Aluminium  Schwingdr\u00e4hte: Silber, mehrfach veredelter Federstahl  Schwingdrahtl\u00e4nge: 100 cm  Endkappen\/Frequenzregler: Schwarz PU  Geliefert in einem verschraubbaren Schutzrohr mit Anleitung","og_url":"https:\/\/staging.bioswing.ee\/de\/toode\/bioswing-propriomed-100\/","og_site_name":"BIOSWING","article_modified_time":"2024-11-28T12:16:46+00:00","og_image":[{"width":1500,"height":2000,"url":"https:\/\/bioswing.ee\/wp-content\/uploads\/2024\/11\/propriomed100.jpg","type":"image\/jpeg"}],"twitter_card":"summary_large_image","schema":{"@context":"https:\/\/schema.org","@graph":[{"@type":"WebPage","@id":"https:\/\/staging.bioswing.ee\/de\/toode\/bioswing-propriomed-100\/","url":"https:\/\/staging.bioswing.ee\/de\/toode\/bioswing-propriomed-100\/","name":"BIOSWING\u00ae Propriomed\u00ae 100 - BIOSWING","isPartOf":{"@id":"https:\/\/staging.bioswing.ee\/de\/#website"},"primaryImageOfPage":{"@id":"https:\/\/staging.bioswing.ee\/de\/toode\/bioswing-propriomed-100\/#primaryimage"},"image":{"@id":"https:\/\/staging.bioswing.ee\/de\/toode\/bioswing-propriomed-100\/#primaryimage"},"thumbnailUrl":"https:\/\/staging.bioswing.ee\/wp-content\/uploads\/2024\/11\/propriomed100.jpg","datePublished":"2024-11-21T08:27:53+00:00","dateModified":"2024-11-28T12:16:46+00:00","breadcrumb":{"@id":"https:\/\/staging.bioswing.ee\/de\/toode\/bioswing-propriomed-100\/#breadcrumb"},"inLanguage":"de","potentialAction":[{"@type":"ReadAction","target":["https:\/\/staging.bioswing.ee\/de\/toode\/bioswing-propriomed-100\/"]}]},{"@type":"ImageObject","inLanguage":"de","@id":"https:\/\/staging.bioswing.ee\/de\/toode\/bioswing-propriomed-100\/#primaryimage","url":"https:\/\/staging.bioswing.ee\/wp-content\/uploads\/2024\/11\/propriomed100.jpg","contentUrl":"https:\/\/staging.bioswing.ee\/wp-content\/uploads\/2024\/11\/propriomed100.jpg","width":1500,"height":2000,"caption":"BIOSWING\u00ae Propriomed\u00ae 100"},{"@type":"BreadcrumbList","@id":"https:\/\/staging.bioswing.ee\/de\/toode\/bioswing-propriomed-100\/#breadcrumb","itemListElement":[{"@type":"ListItem","position":1,"name":"Home","item":"https:\/\/bioswing.ee\/de\/"},{"@type":"ListItem","position":2,"name":"SHOP","item":"https:\/\/bioswing.ee\/de\/shop\/"},{"@type":"ListItem","position":3,"name":"BIOSWING\u00ae Propriomed\u00ae 100"}]},{"@type":"WebSite","@id":"https:\/\/staging.bioswing.ee\/de\/#website","url":"https:\/\/staging.bioswing.ee\/de\/","name":"BIOSWING","description":"Smart solutions for healthy sitting","publisher":{"@id":"https:\/\/staging.bioswing.ee\/de\/#organization"},"potentialAction":[{"@type":"SearchAction","target":{"@type":"EntryPoint","urlTemplate":"https:\/\/staging.bioswing.ee\/de\/?s={search_term_string}"},"query-input":{"@type":"PropertyValueSpecification","valueRequired":true,"valueName":"search_term_string"}}],"inLanguage":"de"},{"@type":"Organization","@id":"https:\/\/staging.bioswing.ee\/de\/#organization","name":"BIOSWING","url":"https:\/\/staging.bioswing.ee\/de\/","logo":{"@type":"ImageObject","inLanguage":"de","@id":"https:\/\/staging.bioswing.ee\/de\/#\/schema\/logo\/image\/","url":"https:\/\/staging.bioswing.ee\/wp-content\/uploads\/2023\/04\/logo_web.png","contentUrl":"https:\/\/staging.bioswing.ee\/wp-content\/uploads\/2023\/04\/logo_web.png","width":140,"height":122,"caption":"BIOSWING"},"image":{"@id":"https:\/\/staging.bioswing.ee\/de\/#\/schema\/logo\/image\/"}}]}},"_links":{"self":[{"href":"https:\/\/staging.bioswing.ee\/de\/wp-json\/wp\/v2\/product\/15586","targetHints":{"allow":["GET"]}}],"collection":[{"href":"https:\/\/staging.bioswing.ee\/de\/wp-json\/wp\/v2\/product"}],"about":[{"href":"https:\/\/staging.bioswing.ee\/de\/wp-json\/wp\/v2\/types\/product"}],"wp:featuredmedia":[{"embeddable":true,"href":"https:\/\/staging.bioswing.ee\/de\/wp-json\/wp\/v2\/media\/14321"}],"wp:attachment":[{"href":"https:\/\/staging.bioswing.ee\/de\/wp-json\/wp\/v2\/media?parent=15586"}],"wp:term":[{"taxonomy":"product_brand","embeddable":true,"href":"https:\/\/staging.bioswing.ee\/de\/wp-json\/wp\/v2\/product_brand?post=15586"},{"taxonomy":"product_cat","embeddable":true,"href":"https:\/\/staging.bioswing.ee\/de\/wp-json\/wp\/v2\/product_cat?post=15586"},{"taxonomy":"product_tag","embeddable":true,"href":"https:\/\/staging.bioswing.ee\/de\/wp-json\/wp\/v2\/product_tag?post=15586"}],"curies":[{"name":"wp","href":"https:\/\/api.w.org\/{rel}","templated":true}]}}