{"id":15732,"date":"2024-11-18T12:55:49","date_gmt":"2024-11-18T12:55:49","guid":{"rendered":"https:\/\/staging.bioswing.ee\/toode\/bioswing-posturomed-compact\/"},"modified":"2024-11-28T08:55:27","modified_gmt":"2024-11-28T08:55:27","slug":"bioswing-posturomed-compact","status":"publish","type":"product","link":"https:\/\/staging.bioswing.ee\/de\/toode\/bioswing-posturomed-compact\/","title":{"rendered":"BIOSWING\u00ae Posturomed\u00ae compact"},"content":{"rendered":"","protected":false},"excerpt":{"rendered":"<p>Der BIOSWING Posturomed\u00ae compact ist mit einer 40 x 40 cm Therapieplattform und einem einseitigen klappbaren Handlauf mit Griff f\u00fcr den mobilen Einsatz ausgestattet.<\/p>\n<ul>\n<li>Therapiefl\u00e4che 40 x 40 cm kunststoffbeschichtet<\/li>\n<li>2 oszillierende Kreisl\u00e4ufe, einer mit doppelter Verriegelung<\/li>\n<li>Einseitiger klappbarer Handlauf mit gro\u00dfen Transportrollen<\/li>\n<li>Tragegriff und h\u00f6henverstellbare F\u00fc\u00dfe<\/li>\n<li>Abmessungen H 994 x B 699 x T 614 mm (aufgeklappt)<\/li>\n<li>Maximale Tragf\u00e4higkeit 180 kg, Gesamtgewicht 26,8 kg <\/li>\n<li>Farbe silber\/schwarz\/rot, Medizinprodukt Klasse I<\/li>\n<\/ul>\n","protected":false},"featured_media":14218,"template":"","meta":[],"product_brand":[],"product_cat":[852],"product_tag":[],"class_list":{"0":"post-15732","1":"product","2":"type-product","3":"status-publish","4":"has-post-thumbnail","6":"product_cat-posturomed-de","8":"first","9":"instock","10":"taxable","11":"shipping-taxable","12":"purchasable","13":"product-type-simple"},"yoast_head":"<!-- This site is optimized with the Yoast SEO plugin v27.1.1 - https:\/\/yoast.com\/product\/yoast-seo-wordpress\/ -->\n<title>BIOSWING\u00ae Posturomed\u00ae compact - BIOSWING<\/title>\n<meta name=\"robots\" content=\"noindex, follow, max-snippet:-1, max-image-preview:large, max-video-preview:-1\" \/>\n<meta property=\"og:locale\" content=\"de_DE\" \/>\n<meta property=\"og:type\" content=\"article\" \/>\n<meta property=\"og:title\" content=\"BIOSWING\u00ae Posturomed\u00ae compact - BIOSWING\" \/>\n<meta property=\"og:description\" content=\"Der BIOSWING Posturomed\u00ae compact ist mit einer 40 x 40 cm Therapieplattform und einem einseitigen klappbaren Handlauf mit Griff f\u00fcr den mobilen Einsatz ausgestattet.  Therapiefl\u00e4che 40 x 40 cm kunststoffbeschichtet  2 oszillierende Kreisl\u00e4ufe, einer mit doppelter Verriegelung  Einseitiger klappbarer Handlauf mit gro\u00dfen Transportrollen  Tragegriff und h\u00f6henverstellbare F\u00fc\u00dfe  Abmessungen H 994 x B 699 x T 614 mm (aufgeklappt)  Maximale Tragf\u00e4higkeit 180 kg, Gesamtgewicht 26,8 kg  Farbe silber\/schwarz\/rot, Medizinprodukt Klasse I\" \/>\n<meta property=\"og:url\" content=\"https:\/\/staging.bioswing.ee\/de\/toode\/bioswing-posturomed-compact\/\" \/>\n<meta property=\"og:site_name\" content=\"BIOSWING\" \/>\n<meta property=\"article:modified_time\" content=\"2024-11-28T08:55:27+00:00\" \/>\n<meta property=\"og:image\" content=\"https:\/\/bioswing.ee\/wp-content\/uploads\/2024\/11\/posturomed_compact.jpg\" \/>\n\t<meta property=\"og:image:width\" content=\"1500\" \/>\n\t<meta property=\"og:image:height\" content=\"2000\" \/>\n\t<meta property=\"og:image:type\" content=\"image\/jpeg\" \/>\n<meta name=\"twitter:card\" content=\"summary_large_image\" \/>\n<script type=\"application\/ld+json\" class=\"yoast-schema-graph\">{\"@context\":\"https:\/\/schema.org\",\"@graph\":[{\"@type\":\"WebPage\",\"@id\":\"https:\/\/staging.bioswing.ee\/de\/toode\/bioswing-posturomed-compact\/\",\"url\":\"https:\/\/staging.bioswing.ee\/de\/toode\/bioswing-posturomed-compact\/\",\"name\":\"BIOSWING\u00ae Posturomed\u00ae compact - BIOSWING\",\"isPartOf\":{\"@id\":\"https:\/\/staging.bioswing.ee\/de\/#website\"},\"primaryImageOfPage\":{\"@id\":\"https:\/\/staging.bioswing.ee\/de\/toode\/bioswing-posturomed-compact\/#primaryimage\"},\"image\":{\"@id\":\"https:\/\/staging.bioswing.ee\/de\/toode\/bioswing-posturomed-compact\/#primaryimage\"},\"thumbnailUrl\":\"https:\/\/staging.bioswing.ee\/wp-content\/uploads\/2024\/11\/posturomed_compact.jpg\",\"datePublished\":\"2024-11-18T12:55:49+00:00\",\"dateModified\":\"2024-11-28T08:55:27+00:00\",\"breadcrumb\":{\"@id\":\"https:\/\/staging.bioswing.ee\/de\/toode\/bioswing-posturomed-compact\/#breadcrumb\"},\"inLanguage\":\"de\",\"potentialAction\":[{\"@type\":\"ReadAction\",\"target\":[\"https:\/\/staging.bioswing.ee\/de\/toode\/bioswing-posturomed-compact\/\"]}]},{\"@type\":\"ImageObject\",\"inLanguage\":\"de\",\"@id\":\"https:\/\/staging.bioswing.ee\/de\/toode\/bioswing-posturomed-compact\/#primaryimage\",\"url\":\"https:\/\/staging.bioswing.ee\/wp-content\/uploads\/2024\/11\/posturomed_compact.jpg\",\"contentUrl\":\"https:\/\/staging.bioswing.ee\/wp-content\/uploads\/2024\/11\/posturomed_compact.jpg\",\"width\":1500,\"height\":2000,\"caption\":\"BIOSWING\u00ae Posturomed\u00ae compact\"},{\"@type\":\"BreadcrumbList\",\"@id\":\"https:\/\/staging.bioswing.ee\/de\/toode\/bioswing-posturomed-compact\/#breadcrumb\",\"itemListElement\":[{\"@type\":\"ListItem\",\"position\":1,\"name\":\"Home\",\"item\":\"https:\/\/bioswing.ee\/de\/\"},{\"@type\":\"ListItem\",\"position\":2,\"name\":\"SHOP\",\"item\":\"https:\/\/bioswing.ee\/de\/shop\/\"},{\"@type\":\"ListItem\",\"position\":3,\"name\":\"BIOSWING\u00ae Posturomed\u00ae compact\"}]},{\"@type\":\"WebSite\",\"@id\":\"https:\/\/staging.bioswing.ee\/de\/#website\",\"url\":\"https:\/\/staging.bioswing.ee\/de\/\",\"name\":\"BIOSWING\",\"description\":\"Smart solutions for healthy sitting\",\"publisher\":{\"@id\":\"https:\/\/staging.bioswing.ee\/de\/#organization\"},\"potentialAction\":[{\"@type\":\"SearchAction\",\"target\":{\"@type\":\"EntryPoint\",\"urlTemplate\":\"https:\/\/staging.bioswing.ee\/de\/?s={search_term_string}\"},\"query-input\":{\"@type\":\"PropertyValueSpecification\",\"valueRequired\":true,\"valueName\":\"search_term_string\"}}],\"inLanguage\":\"de\"},{\"@type\":\"Organization\",\"@id\":\"https:\/\/staging.bioswing.ee\/de\/#organization\",\"name\":\"BIOSWING\",\"url\":\"https:\/\/staging.bioswing.ee\/de\/\",\"logo\":{\"@type\":\"ImageObject\",\"inLanguage\":\"de\",\"@id\":\"https:\/\/staging.bioswing.ee\/de\/#\/schema\/logo\/image\/\",\"url\":\"https:\/\/staging.bioswing.ee\/wp-content\/uploads\/2023\/04\/logo_web.png\",\"contentUrl\":\"https:\/\/staging.bioswing.ee\/wp-content\/uploads\/2023\/04\/logo_web.png\",\"width\":140,\"height\":122,\"caption\":\"BIOSWING\"},\"image\":{\"@id\":\"https:\/\/staging.bioswing.ee\/de\/#\/schema\/logo\/image\/\"}}]}<\/script>\n<!-- \/ Yoast SEO plugin. -->","yoast_head_json":{"title":"BIOSWING\u00ae Posturomed\u00ae compact - BIOSWING","robots":{"index":"noindex","follow":"follow","max-snippet":"max-snippet:-1","max-image-preview":"max-image-preview:large","max-video-preview":"max-video-preview:-1"},"og_locale":"de_DE","og_type":"article","og_title":"BIOSWING\u00ae Posturomed\u00ae compact - BIOSWING","og_description":"Der BIOSWING Posturomed\u00ae compact ist mit einer 40 x 40 cm Therapieplattform und einem einseitigen klappbaren Handlauf mit Griff f\u00fcr den mobilen Einsatz ausgestattet.  Therapiefl\u00e4che 40 x 40 cm kunststoffbeschichtet  2 oszillierende Kreisl\u00e4ufe, einer mit doppelter Verriegelung  Einseitiger klappbarer Handlauf mit gro\u00dfen Transportrollen  Tragegriff und h\u00f6henverstellbare F\u00fc\u00dfe  Abmessungen H 994 x B 699 x T 614 mm (aufgeklappt)  Maximale Tragf\u00e4higkeit 180 kg, Gesamtgewicht 26,8 kg  Farbe silber\/schwarz\/rot, Medizinprodukt Klasse I","og_url":"https:\/\/staging.bioswing.ee\/de\/toode\/bioswing-posturomed-compact\/","og_site_name":"BIOSWING","article_modified_time":"2024-11-28T08:55:27+00:00","og_image":[{"width":1500,"height":2000,"url":"https:\/\/bioswing.ee\/wp-content\/uploads\/2024\/11\/posturomed_compact.jpg","type":"image\/jpeg"}],"twitter_card":"summary_large_image","schema":{"@context":"https:\/\/schema.org","@graph":[{"@type":"WebPage","@id":"https:\/\/staging.bioswing.ee\/de\/toode\/bioswing-posturomed-compact\/","url":"https:\/\/staging.bioswing.ee\/de\/toode\/bioswing-posturomed-compact\/","name":"BIOSWING\u00ae Posturomed\u00ae compact - BIOSWING","isPartOf":{"@id":"https:\/\/staging.bioswing.ee\/de\/#website"},"primaryImageOfPage":{"@id":"https:\/\/staging.bioswing.ee\/de\/toode\/bioswing-posturomed-compact\/#primaryimage"},"image":{"@id":"https:\/\/staging.bioswing.ee\/de\/toode\/bioswing-posturomed-compact\/#primaryimage"},"thumbnailUrl":"https:\/\/staging.bioswing.ee\/wp-content\/uploads\/2024\/11\/posturomed_compact.jpg","datePublished":"2024-11-18T12:55:49+00:00","dateModified":"2024-11-28T08:55:27+00:00","breadcrumb":{"@id":"https:\/\/staging.bioswing.ee\/de\/toode\/bioswing-posturomed-compact\/#breadcrumb"},"inLanguage":"de","potentialAction":[{"@type":"ReadAction","target":["https:\/\/staging.bioswing.ee\/de\/toode\/bioswing-posturomed-compact\/"]}]},{"@type":"ImageObject","inLanguage":"de","@id":"https:\/\/staging.bioswing.ee\/de\/toode\/bioswing-posturomed-compact\/#primaryimage","url":"https:\/\/staging.bioswing.ee\/wp-content\/uploads\/2024\/11\/posturomed_compact.jpg","contentUrl":"https:\/\/staging.bioswing.ee\/wp-content\/uploads\/2024\/11\/posturomed_compact.jpg","width":1500,"height":2000,"caption":"BIOSWING\u00ae Posturomed\u00ae compact"},{"@type":"BreadcrumbList","@id":"https:\/\/staging.bioswing.ee\/de\/toode\/bioswing-posturomed-compact\/#breadcrumb","itemListElement":[{"@type":"ListItem","position":1,"name":"Home","item":"https:\/\/bioswing.ee\/de\/"},{"@type":"ListItem","position":2,"name":"SHOP","item":"https:\/\/bioswing.ee\/de\/shop\/"},{"@type":"ListItem","position":3,"name":"BIOSWING\u00ae Posturomed\u00ae compact"}]},{"@type":"WebSite","@id":"https:\/\/staging.bioswing.ee\/de\/#website","url":"https:\/\/staging.bioswing.ee\/de\/","name":"BIOSWING","description":"Smart solutions for healthy sitting","publisher":{"@id":"https:\/\/staging.bioswing.ee\/de\/#organization"},"potentialAction":[{"@type":"SearchAction","target":{"@type":"EntryPoint","urlTemplate":"https:\/\/staging.bioswing.ee\/de\/?s={search_term_string}"},"query-input":{"@type":"PropertyValueSpecification","valueRequired":true,"valueName":"search_term_string"}}],"inLanguage":"de"},{"@type":"Organization","@id":"https:\/\/staging.bioswing.ee\/de\/#organization","name":"BIOSWING","url":"https:\/\/staging.bioswing.ee\/de\/","logo":{"@type":"ImageObject","inLanguage":"de","@id":"https:\/\/staging.bioswing.ee\/de\/#\/schema\/logo\/image\/","url":"https:\/\/staging.bioswing.ee\/wp-content\/uploads\/2023\/04\/logo_web.png","contentUrl":"https:\/\/staging.bioswing.ee\/wp-content\/uploads\/2023\/04\/logo_web.png","width":140,"height":122,"caption":"BIOSWING"},"image":{"@id":"https:\/\/staging.bioswing.ee\/de\/#\/schema\/logo\/image\/"}}]}},"_links":{"self":[{"href":"https:\/\/staging.bioswing.ee\/de\/wp-json\/wp\/v2\/product\/15732","targetHints":{"allow":["GET"]}}],"collection":[{"href":"https:\/\/staging.bioswing.ee\/de\/wp-json\/wp\/v2\/product"}],"about":[{"href":"https:\/\/staging.bioswing.ee\/de\/wp-json\/wp\/v2\/types\/product"}],"wp:featuredmedia":[{"embeddable":true,"href":"https:\/\/staging.bioswing.ee\/de\/wp-json\/wp\/v2\/media\/14218"}],"wp:attachment":[{"href":"https:\/\/staging.bioswing.ee\/de\/wp-json\/wp\/v2\/media?parent=15732"}],"wp:term":[{"taxonomy":"product_brand","embeddable":true,"href":"https:\/\/staging.bioswing.ee\/de\/wp-json\/wp\/v2\/product_brand?post=15732"},{"taxonomy":"product_cat","embeddable":true,"href":"https:\/\/staging.bioswing.ee\/de\/wp-json\/wp\/v2\/product_cat?post=15732"},{"taxonomy":"product_tag","embeddable":true,"href":"https:\/\/staging.bioswing.ee\/de\/wp-json\/wp\/v2\/product_tag?post=15732"}],"curies":[{"name":"wp","href":"https:\/\/api.w.org\/{rel}","templated":true}]}}