{"id":15745,"date":"2024-11-18T12:47:08","date_gmt":"2024-11-18T12:47:08","guid":{"rendered":"https:\/\/staging.bioswing.ee\/toode\/bioswing-posturomed-202\/"},"modified":"2025-02-05T15:59:50","modified_gmt":"2025-02-05T15:59:50","slug":"bioswing-posturomed-202","status":"publish","type":"product","link":"https:\/\/staging.bioswing.ee\/de\/toode\/bioswing-posturomed-202\/","title":{"rendered":"BIOSWING\u00ae Posturomed\u00ae 202"},"content":{"rendered":"","protected":false},"excerpt":{"rendered":"<p class=\"p1\">Der BIOSWING Posturomed\u00ae 202 ist mit einer 60 x 60 cm Therapieplattform und einem dreiseitigen Handlauf f\u00fcr den station\u00e4ren Gebrauch ausgestattet.<\/p>\n<ul>\n<li>Therapiefl\u00e4che 60 x 60 cm kunststoffbeschichtet<\/li>\n<li>2 oszillierende Kreisl\u00e4ufe, einer mit doppelter Verriegelung<\/li>\n<li>Ergonomische Riegelverl\u00e4ngerung 30 cm<\/li>\n<li>3-seitiger Handlauf, Transportrollen und Kippschutzvorrichtung<\/li>\n<li>Eingriffsgriff mit Karabinern, Griff und \u00d6sen<\/li>\n<li>Abmessungen H 1143 x B 900 x T 855 mm<\/li>\n<li>Maximale Tragf\u00e4higkeit 180 kg, Gesamtgewicht 42 kg<\/li>\n<li>Farbe silber\/schwarz\/rot, Medizinprodukt Klasse I<\/li>\n<\/ul>\n<p><a href=\"https:\/\/staging.bioswing.ee\/wp-content\/uploads\/2025\/02\/Posturomed_DE.pdf\" target=\"_blank\" rel=\"noopener\">POSTUROMED THERAPIE\u00dcBUNGEN (pdf)<\/a><\/p>\n","protected":false},"featured_media":14207,"template":"","meta":[],"product_brand":[],"product_cat":[852],"product_tag":[],"class_list":{"0":"post-15745","1":"product","2":"type-product","3":"status-publish","4":"has-post-thumbnail","6":"product_cat-posturomed-de","8":"first","9":"instock","10":"taxable","11":"shipping-taxable","12":"purchasable","13":"product-type-simple"},"yoast_head":"<!-- This site is optimized with the Yoast SEO plugin v27.1.1 - https:\/\/yoast.com\/product\/yoast-seo-wordpress\/ -->\n<title>BIOSWING\u00ae Posturomed\u00ae 202 - BIOSWING<\/title>\n<meta name=\"robots\" content=\"noindex, follow, max-snippet:-1, max-image-preview:large, max-video-preview:-1\" \/>\n<meta property=\"og:locale\" content=\"de_DE\" \/>\n<meta property=\"og:type\" content=\"article\" \/>\n<meta property=\"og:title\" content=\"BIOSWING\u00ae Posturomed\u00ae 202 - BIOSWING\" \/>\n<meta property=\"og:description\" content=\"Der BIOSWING Posturomed\u00ae 202 ist mit einer 60 x 60 cm Therapieplattform und einem dreiseitigen Handlauf f\u00fcr den station\u00e4ren Gebrauch ausgestattet.    Therapiefl\u00e4che 60 x 60 cm kunststoffbeschichtet  2 oszillierende Kreisl\u00e4ufe, einer mit doppelter Verriegelung  Ergonomische Riegelverl\u00e4ngerung 30 cm  3-seitiger Handlauf, Transportrollen und Kippschutzvorrichtung  Eingriffsgriff mit Karabinern, Griff und \u00d6sen  Abmessungen H 1143 x B 900 x T 855 mm  Maximale Tragf\u00e4higkeit 180 kg, Gesamtgewicht 42 kg  Farbe silber\/schwarz\/rot, Medizinprodukt Klasse I  POSTUROMED THERAPIE\u00dcBUNGEN (pdf)\" \/>\n<meta property=\"og:url\" content=\"https:\/\/staging.bioswing.ee\/de\/toode\/bioswing-posturomed-202\/\" \/>\n<meta property=\"og:site_name\" content=\"BIOSWING\" \/>\n<meta property=\"article:modified_time\" content=\"2025-02-05T15:59:50+00:00\" \/>\n<meta property=\"og:image\" content=\"https:\/\/bioswing.ee\/wp-content\/uploads\/2024\/11\/posturomed202.jpg\" \/>\n\t<meta property=\"og:image:width\" content=\"1500\" \/>\n\t<meta property=\"og:image:height\" content=\"2000\" \/>\n\t<meta property=\"og:image:type\" content=\"image\/jpeg\" \/>\n<meta name=\"twitter:card\" content=\"summary_large_image\" \/>\n<meta name=\"twitter:label1\" content=\"Gesch\u00e4tzte Lesezeit\" \/>\n\t<meta name=\"twitter:data1\" content=\"1\u00a0Minute\" \/>\n<script type=\"application\/ld+json\" class=\"yoast-schema-graph\">{\"@context\":\"https:\/\/schema.org\",\"@graph\":[{\"@type\":\"WebPage\",\"@id\":\"https:\/\/staging.bioswing.ee\/de\/toode\/bioswing-posturomed-202\/\",\"url\":\"https:\/\/staging.bioswing.ee\/de\/toode\/bioswing-posturomed-202\/\",\"name\":\"BIOSWING\u00ae Posturomed\u00ae 202 - BIOSWING\",\"isPartOf\":{\"@id\":\"https:\/\/staging.bioswing.ee\/de\/#website\"},\"primaryImageOfPage\":{\"@id\":\"https:\/\/staging.bioswing.ee\/de\/toode\/bioswing-posturomed-202\/#primaryimage\"},\"image\":{\"@id\":\"https:\/\/staging.bioswing.ee\/de\/toode\/bioswing-posturomed-202\/#primaryimage\"},\"thumbnailUrl\":\"https:\/\/staging.bioswing.ee\/wp-content\/uploads\/2024\/11\/posturomed202.jpg\",\"datePublished\":\"2024-11-18T12:47:08+00:00\",\"dateModified\":\"2025-02-05T15:59:50+00:00\",\"breadcrumb\":{\"@id\":\"https:\/\/staging.bioswing.ee\/de\/toode\/bioswing-posturomed-202\/#breadcrumb\"},\"inLanguage\":\"de\",\"potentialAction\":[{\"@type\":\"ReadAction\",\"target\":[\"https:\/\/staging.bioswing.ee\/de\/toode\/bioswing-posturomed-202\/\"]}]},{\"@type\":\"ImageObject\",\"inLanguage\":\"de\",\"@id\":\"https:\/\/staging.bioswing.ee\/de\/toode\/bioswing-posturomed-202\/#primaryimage\",\"url\":\"https:\/\/staging.bioswing.ee\/wp-content\/uploads\/2024\/11\/posturomed202.jpg\",\"contentUrl\":\"https:\/\/staging.bioswing.ee\/wp-content\/uploads\/2024\/11\/posturomed202.jpg\",\"width\":1500,\"height\":2000,\"caption\":\"BIOSWING\u00ae Posturomed\u00ae 202\"},{\"@type\":\"BreadcrumbList\",\"@id\":\"https:\/\/staging.bioswing.ee\/de\/toode\/bioswing-posturomed-202\/#breadcrumb\",\"itemListElement\":[{\"@type\":\"ListItem\",\"position\":1,\"name\":\"Home\",\"item\":\"https:\/\/bioswing.ee\/de\/\"},{\"@type\":\"ListItem\",\"position\":2,\"name\":\"SHOP\",\"item\":\"https:\/\/bioswing.ee\/de\/shop\/\"},{\"@type\":\"ListItem\",\"position\":3,\"name\":\"BIOSWING\u00ae Posturomed\u00ae 202\"}]},{\"@type\":\"WebSite\",\"@id\":\"https:\/\/staging.bioswing.ee\/de\/#website\",\"url\":\"https:\/\/staging.bioswing.ee\/de\/\",\"name\":\"BIOSWING\",\"description\":\"Smart solutions for healthy sitting\",\"publisher\":{\"@id\":\"https:\/\/staging.bioswing.ee\/de\/#organization\"},\"potentialAction\":[{\"@type\":\"SearchAction\",\"target\":{\"@type\":\"EntryPoint\",\"urlTemplate\":\"https:\/\/staging.bioswing.ee\/de\/?s={search_term_string}\"},\"query-input\":{\"@type\":\"PropertyValueSpecification\",\"valueRequired\":true,\"valueName\":\"search_term_string\"}}],\"inLanguage\":\"de\"},{\"@type\":\"Organization\",\"@id\":\"https:\/\/staging.bioswing.ee\/de\/#organization\",\"name\":\"BIOSWING\",\"url\":\"https:\/\/staging.bioswing.ee\/de\/\",\"logo\":{\"@type\":\"ImageObject\",\"inLanguage\":\"de\",\"@id\":\"https:\/\/staging.bioswing.ee\/de\/#\/schema\/logo\/image\/\",\"url\":\"https:\/\/staging.bioswing.ee\/wp-content\/uploads\/2023\/04\/logo_web.png\",\"contentUrl\":\"https:\/\/staging.bioswing.ee\/wp-content\/uploads\/2023\/04\/logo_web.png\",\"width\":140,\"height\":122,\"caption\":\"BIOSWING\"},\"image\":{\"@id\":\"https:\/\/staging.bioswing.ee\/de\/#\/schema\/logo\/image\/\"}}]}<\/script>\n<!-- \/ Yoast SEO plugin. -->","yoast_head_json":{"title":"BIOSWING\u00ae Posturomed\u00ae 202 - BIOSWING","robots":{"index":"noindex","follow":"follow","max-snippet":"max-snippet:-1","max-image-preview":"max-image-preview:large","max-video-preview":"max-video-preview:-1"},"og_locale":"de_DE","og_type":"article","og_title":"BIOSWING\u00ae Posturomed\u00ae 202 - BIOSWING","og_description":"Der BIOSWING Posturomed\u00ae 202 ist mit einer 60 x 60 cm Therapieplattform und einem dreiseitigen Handlauf f\u00fcr den station\u00e4ren Gebrauch ausgestattet.    Therapiefl\u00e4che 60 x 60 cm kunststoffbeschichtet  2 oszillierende Kreisl\u00e4ufe, einer mit doppelter Verriegelung  Ergonomische Riegelverl\u00e4ngerung 30 cm  3-seitiger Handlauf, Transportrollen und Kippschutzvorrichtung  Eingriffsgriff mit Karabinern, Griff und \u00d6sen  Abmessungen H 1143 x B 900 x T 855 mm  Maximale Tragf\u00e4higkeit 180 kg, Gesamtgewicht 42 kg  Farbe silber\/schwarz\/rot, Medizinprodukt Klasse I  POSTUROMED THERAPIE\u00dcBUNGEN (pdf)","og_url":"https:\/\/staging.bioswing.ee\/de\/toode\/bioswing-posturomed-202\/","og_site_name":"BIOSWING","article_modified_time":"2025-02-05T15:59:50+00:00","og_image":[{"width":1500,"height":2000,"url":"https:\/\/bioswing.ee\/wp-content\/uploads\/2024\/11\/posturomed202.jpg","type":"image\/jpeg"}],"twitter_card":"summary_large_image","twitter_misc":{"Gesch\u00e4tzte Lesezeit":"1\u00a0Minute"},"schema":{"@context":"https:\/\/schema.org","@graph":[{"@type":"WebPage","@id":"https:\/\/staging.bioswing.ee\/de\/toode\/bioswing-posturomed-202\/","url":"https:\/\/staging.bioswing.ee\/de\/toode\/bioswing-posturomed-202\/","name":"BIOSWING\u00ae Posturomed\u00ae 202 - BIOSWING","isPartOf":{"@id":"https:\/\/staging.bioswing.ee\/de\/#website"},"primaryImageOfPage":{"@id":"https:\/\/staging.bioswing.ee\/de\/toode\/bioswing-posturomed-202\/#primaryimage"},"image":{"@id":"https:\/\/staging.bioswing.ee\/de\/toode\/bioswing-posturomed-202\/#primaryimage"},"thumbnailUrl":"https:\/\/staging.bioswing.ee\/wp-content\/uploads\/2024\/11\/posturomed202.jpg","datePublished":"2024-11-18T12:47:08+00:00","dateModified":"2025-02-05T15:59:50+00:00","breadcrumb":{"@id":"https:\/\/staging.bioswing.ee\/de\/toode\/bioswing-posturomed-202\/#breadcrumb"},"inLanguage":"de","potentialAction":[{"@type":"ReadAction","target":["https:\/\/staging.bioswing.ee\/de\/toode\/bioswing-posturomed-202\/"]}]},{"@type":"ImageObject","inLanguage":"de","@id":"https:\/\/staging.bioswing.ee\/de\/toode\/bioswing-posturomed-202\/#primaryimage","url":"https:\/\/staging.bioswing.ee\/wp-content\/uploads\/2024\/11\/posturomed202.jpg","contentUrl":"https:\/\/staging.bioswing.ee\/wp-content\/uploads\/2024\/11\/posturomed202.jpg","width":1500,"height":2000,"caption":"BIOSWING\u00ae Posturomed\u00ae 202"},{"@type":"BreadcrumbList","@id":"https:\/\/staging.bioswing.ee\/de\/toode\/bioswing-posturomed-202\/#breadcrumb","itemListElement":[{"@type":"ListItem","position":1,"name":"Home","item":"https:\/\/bioswing.ee\/de\/"},{"@type":"ListItem","position":2,"name":"SHOP","item":"https:\/\/bioswing.ee\/de\/shop\/"},{"@type":"ListItem","position":3,"name":"BIOSWING\u00ae Posturomed\u00ae 202"}]},{"@type":"WebSite","@id":"https:\/\/staging.bioswing.ee\/de\/#website","url":"https:\/\/staging.bioswing.ee\/de\/","name":"BIOSWING","description":"Smart solutions for healthy sitting","publisher":{"@id":"https:\/\/staging.bioswing.ee\/de\/#organization"},"potentialAction":[{"@type":"SearchAction","target":{"@type":"EntryPoint","urlTemplate":"https:\/\/staging.bioswing.ee\/de\/?s={search_term_string}"},"query-input":{"@type":"PropertyValueSpecification","valueRequired":true,"valueName":"search_term_string"}}],"inLanguage":"de"},{"@type":"Organization","@id":"https:\/\/staging.bioswing.ee\/de\/#organization","name":"BIOSWING","url":"https:\/\/staging.bioswing.ee\/de\/","logo":{"@type":"ImageObject","inLanguage":"de","@id":"https:\/\/staging.bioswing.ee\/de\/#\/schema\/logo\/image\/","url":"https:\/\/staging.bioswing.ee\/wp-content\/uploads\/2023\/04\/logo_web.png","contentUrl":"https:\/\/staging.bioswing.ee\/wp-content\/uploads\/2023\/04\/logo_web.png","width":140,"height":122,"caption":"BIOSWING"},"image":{"@id":"https:\/\/staging.bioswing.ee\/de\/#\/schema\/logo\/image\/"}}]}},"_links":{"self":[{"href":"https:\/\/staging.bioswing.ee\/de\/wp-json\/wp\/v2\/product\/15745","targetHints":{"allow":["GET"]}}],"collection":[{"href":"https:\/\/staging.bioswing.ee\/de\/wp-json\/wp\/v2\/product"}],"about":[{"href":"https:\/\/staging.bioswing.ee\/de\/wp-json\/wp\/v2\/types\/product"}],"wp:featuredmedia":[{"embeddable":true,"href":"https:\/\/staging.bioswing.ee\/de\/wp-json\/wp\/v2\/media\/14207"}],"wp:attachment":[{"href":"https:\/\/staging.bioswing.ee\/de\/wp-json\/wp\/v2\/media?parent=15745"}],"wp:term":[{"taxonomy":"product_brand","embeddable":true,"href":"https:\/\/staging.bioswing.ee\/de\/wp-json\/wp\/v2\/product_brand?post=15745"},{"taxonomy":"product_cat","embeddable":true,"href":"https:\/\/staging.bioswing.ee\/de\/wp-json\/wp\/v2\/product_cat?post=15745"},{"taxonomy":"product_tag","embeddable":true,"href":"https:\/\/staging.bioswing.ee\/de\/wp-json\/wp\/v2\/product_tag?post=15745"}],"curies":[{"name":"wp","href":"https:\/\/api.w.org\/{rel}","templated":true}]}}