{"id":18902,"date":"2024-12-02T09:13:45","date_gmt":"2024-12-02T09:13:45","guid":{"rendered":"https:\/\/staging.bioswing.ee\/toode\/bioswing-golf-performer-3-0\/"},"modified":"2024-12-05T10:12:00","modified_gmt":"2024-12-05T10:12:00","slug":"bioswing-golf-performer-3-0","status":"publish","type":"product","link":"https:\/\/staging.bioswing.ee\/de\/toode\/bioswing-golf-performer-3-0\/","title":{"rendered":"BIOSWING\u00ae Golfperformer 3.0"},"content":{"rendered":"<div><iframe title=\"YouTube video player\" src=\"https:\/\/www.youtube.com\/embed\/VqFnX6sJnwY?si=Bfao19Eqq8l6ZFmY\" width=\"100%\" height=\"500\" frameborder=\"0\" allowfullscreen=\"allowfullscreen\"><\/iframe><\/div>\n<p><strong>Das Schwingwerk<\/strong><br \/>bildet das Herzst\u00fcck des BIOSWING\u00ae Golfperformer. Dieses lagert die Standfl\u00e4che dynamisch und verf\u00fcgt \u00fcber zwei einzeln schaltbare Schwingkreise und einer Zwischenschaltung. Die Schwingkreise k\u00f6nnen auch vollst\u00e4ndig arretiert werden.<\/p>\n<p><strong>Die Standfl\u00e4che<\/strong><br \/>des BIOSWING\u00ae Golfperformer ist mit einer hochwertigen Golf-Standmatte aus Nylon-Kunstrasen belegt, die mit allen g\u00e4ngigen Golfschuhen mit Softspikes und Kunststoffstollen genutzt werden kann. Der Neigungswinkel der Plattform ist in allen vier Richtungsachsen um bis zu 7,5\u00b0 zweistufig verstellbar, um ein optimales Hanglagentraining sowohl bei fixierter Plattform als auch bei frei schwingender Plattform zu erm\u00f6glichen.<\/p>\n<p><strong>Die Abschlagbasis<\/strong><br \/>ist mit einem hochwertigen Fairwayeinsatz belegt, die den Schl\u00e4ger bei fetten Schl\u00e4gen ohne erh\u00f6hte Schl\u00e4gervibrationen abbremst. In die Matte sind 5 Aufnahmen f\u00fcr Schraubtees eingelassen. Die H\u00f6he der Abschlagbasis ist stufenlos einstellbar. Eine \u00dcberh\u00f6hung und Unterh\u00f6hung ist m\u00f6glich. Ebenso ist die Abschlagbasis in der Entfernung einstellbar, so dass sehr kleine oder sehr gro\u00dfe Spieler auch mit kurzen Eisen bzw. langen Drivern ihr optimales Setup finden. Der gro\u00dfe Ballkorb ist direkt an die Fairwaymatte angekoppelt und erm\u00f6glicht das Heranziehen des Balles mit dem Schl\u00e4ger. Neben dem Ballkorb befindet sich eine Aufnahme f\u00fcr die Aufbewahrung von bis zu vier Tees.<\/p>\n<p><strong>Der Unterbau<\/strong><br \/>tr\u00e4gt den gesamten BIOSWING\u00ae Golfperformer und verf\u00fcgt \u00fcber Luftreifen. Damit kann der Golfperformer \u00fcber den fest montierten Griff auf der Driving-Range bewegt werden.<br \/>\u00dcber die beiden Stellf\u00fc\u00dfe hinter den Reifen ist auch eine senkrechte Lagerung gegen eine Wand m\u00f6glich.           <\/p>\n","protected":false},"excerpt":{"rendered":"<p>Der BIOSWING\u00ae-Golfperformer ist das sensomotorische Trainingsger\u00e4t, um golfspezifische Bewegungsmuster des langen und kurzen Spiels auch aus Hanglagen unter einem erh\u00f6hten sensorischen Input zu trainieren.<br \/>Hervorgegangen ist der Golfperformer aus dem BIOSWING\u00ae Posturomed. Das BIOSWING Posturomed\u00ae erscheint 1995 als erstes und bislang einziges ged\u00e4mpft instabil pendelndes sensomotorisches Therapieger\u00e4t auf dem Markt. Seine Entwicklung beginnt bereits Ende der 1980er Jahre in einer engen Zusammenarbeit des Firmengr\u00fcnders Eduard Haider mit praktisch und wissenschaftlich t\u00e4tigen Physiotherapeuten und Fach\u00e4rzten.   <\/p>\n","protected":false},"featured_media":18848,"template":"","meta":[],"product_brand":[],"product_cat":[925],"product_tag":[],"class_list":{"0":"post-18902","1":"product","2":"type-product","3":"status-publish","4":"has-post-thumbnail","6":"product_cat-golfperformer","8":"first","9":"instock","10":"taxable","11":"shipping-taxable","12":"purchasable","13":"product-type-simple"},"yoast_head":"<!-- This site is optimized with the Yoast SEO plugin v27.1.1 - https:\/\/yoast.com\/product\/yoast-seo-wordpress\/ -->\n<title>BIOSWING\u00ae Golfperformer 3.0 - BIOSWING<\/title>\n<meta name=\"robots\" content=\"noindex, follow, max-snippet:-1, max-image-preview:large, max-video-preview:-1\" \/>\n<meta property=\"og:locale\" content=\"de_DE\" \/>\n<meta property=\"og:type\" content=\"article\" \/>\n<meta property=\"og:title\" content=\"BIOSWING\u00ae Golfperformer 3.0 - BIOSWING\" \/>\n<meta property=\"og:description\" content=\"Der BIOSWING\u00ae-Golfperformer ist das sensomotorische Trainingsger\u00e4t, um golfspezifische Bewegungsmuster des langen und kurzen Spiels auch aus Hanglagen unter einem erh\u00f6hten sensorischen Input zu trainieren.Hervorgegangen ist der Golfperformer aus dem BIOSWING\u00ae Posturomed. Das BIOSWING Posturomed\u00ae erscheint 1995 als erstes und bislang einziges ged\u00e4mpft instabil pendelndes sensomotorisches Therapieger\u00e4t auf dem Markt. Seine Entwicklung beginnt bereits Ende der 1980er Jahre in einer engen Zusammenarbeit des Firmengr\u00fcnders Eduard Haider mit praktisch und wissenschaftlich t\u00e4tigen Physiotherapeuten und Fach\u00e4rzten.\" \/>\n<meta property=\"og:url\" content=\"https:\/\/staging.bioswing.ee\/de\/toode\/bioswing-golf-performer-3-0\/\" \/>\n<meta property=\"og:site_name\" content=\"BIOSWING\" \/>\n<meta property=\"article:modified_time\" content=\"2024-12-05T10:12:00+00:00\" \/>\n<meta property=\"og:image\" content=\"https:\/\/bioswing.ee\/wp-content\/uploads\/2024\/12\/jon_taylor_perfomer_bearbeitet.jpg\" \/>\n\t<meta property=\"og:image:width\" content=\"1500\" \/>\n\t<meta property=\"og:image:height\" content=\"2000\" \/>\n\t<meta property=\"og:image:type\" content=\"image\/jpeg\" \/>\n<meta name=\"twitter:card\" content=\"summary_large_image\" \/>\n<meta name=\"twitter:label1\" content=\"Gesch\u00e4tzte Lesezeit\" \/>\n\t<meta name=\"twitter:data1\" content=\"1\u00a0Minute\" \/>\n<script type=\"application\/ld+json\" class=\"yoast-schema-graph\">{\"@context\":\"https:\/\/schema.org\",\"@graph\":[{\"@type\":\"WebPage\",\"@id\":\"https:\/\/staging.bioswing.ee\/de\/toode\/bioswing-golf-performer-3-0\/\",\"url\":\"https:\/\/staging.bioswing.ee\/de\/toode\/bioswing-golf-performer-3-0\/\",\"name\":\"BIOSWING\u00ae Golfperformer 3.0 - BIOSWING\",\"isPartOf\":{\"@id\":\"https:\/\/staging.bioswing.ee\/de\/#website\"},\"primaryImageOfPage\":{\"@id\":\"https:\/\/staging.bioswing.ee\/de\/toode\/bioswing-golf-performer-3-0\/#primaryimage\"},\"image\":{\"@id\":\"https:\/\/staging.bioswing.ee\/de\/toode\/bioswing-golf-performer-3-0\/#primaryimage\"},\"thumbnailUrl\":\"https:\/\/staging.bioswing.ee\/wp-content\/uploads\/2024\/12\/jon_taylor_perfomer_bearbeitet.jpg\",\"datePublished\":\"2024-12-02T09:13:45+00:00\",\"dateModified\":\"2024-12-05T10:12:00+00:00\",\"breadcrumb\":{\"@id\":\"https:\/\/staging.bioswing.ee\/de\/toode\/bioswing-golf-performer-3-0\/#breadcrumb\"},\"inLanguage\":\"de\",\"potentialAction\":[{\"@type\":\"ReadAction\",\"target\":[\"https:\/\/staging.bioswing.ee\/de\/toode\/bioswing-golf-performer-3-0\/\"]}]},{\"@type\":\"ImageObject\",\"inLanguage\":\"de\",\"@id\":\"https:\/\/staging.bioswing.ee\/de\/toode\/bioswing-golf-performer-3-0\/#primaryimage\",\"url\":\"https:\/\/staging.bioswing.ee\/wp-content\/uploads\/2024\/12\/jon_taylor_perfomer_bearbeitet.jpg\",\"contentUrl\":\"https:\/\/staging.bioswing.ee\/wp-content\/uploads\/2024\/12\/jon_taylor_perfomer_bearbeitet.jpg\",\"width\":1500,\"height\":2000,\"caption\":\"BIOSWING\u00ae Golf Performer\"},{\"@type\":\"BreadcrumbList\",\"@id\":\"https:\/\/staging.bioswing.ee\/de\/toode\/bioswing-golf-performer-3-0\/#breadcrumb\",\"itemListElement\":[{\"@type\":\"ListItem\",\"position\":1,\"name\":\"Home\",\"item\":\"https:\/\/bioswing.ee\/de\/\"},{\"@type\":\"ListItem\",\"position\":2,\"name\":\"SHOP\",\"item\":\"https:\/\/bioswing.ee\/de\/shop\/\"},{\"@type\":\"ListItem\",\"position\":3,\"name\":\"BIOSWING\u00ae Golfperformer 3.0\"}]},{\"@type\":\"WebSite\",\"@id\":\"https:\/\/staging.bioswing.ee\/de\/#website\",\"url\":\"https:\/\/staging.bioswing.ee\/de\/\",\"name\":\"BIOSWING\",\"description\":\"Smart solutions for healthy sitting\",\"publisher\":{\"@id\":\"https:\/\/staging.bioswing.ee\/de\/#organization\"},\"potentialAction\":[{\"@type\":\"SearchAction\",\"target\":{\"@type\":\"EntryPoint\",\"urlTemplate\":\"https:\/\/staging.bioswing.ee\/de\/?s={search_term_string}\"},\"query-input\":{\"@type\":\"PropertyValueSpecification\",\"valueRequired\":true,\"valueName\":\"search_term_string\"}}],\"inLanguage\":\"de\"},{\"@type\":\"Organization\",\"@id\":\"https:\/\/staging.bioswing.ee\/de\/#organization\",\"name\":\"BIOSWING\",\"url\":\"https:\/\/staging.bioswing.ee\/de\/\",\"logo\":{\"@type\":\"ImageObject\",\"inLanguage\":\"de\",\"@id\":\"https:\/\/staging.bioswing.ee\/de\/#\/schema\/logo\/image\/\",\"url\":\"https:\/\/staging.bioswing.ee\/wp-content\/uploads\/2023\/04\/logo_web.png\",\"contentUrl\":\"https:\/\/staging.bioswing.ee\/wp-content\/uploads\/2023\/04\/logo_web.png\",\"width\":140,\"height\":122,\"caption\":\"BIOSWING\"},\"image\":{\"@id\":\"https:\/\/staging.bioswing.ee\/de\/#\/schema\/logo\/image\/\"}}]}<\/script>\n<!-- \/ Yoast SEO plugin. -->","yoast_head_json":{"title":"BIOSWING\u00ae Golfperformer 3.0 - BIOSWING","robots":{"index":"noindex","follow":"follow","max-snippet":"max-snippet:-1","max-image-preview":"max-image-preview:large","max-video-preview":"max-video-preview:-1"},"og_locale":"de_DE","og_type":"article","og_title":"BIOSWING\u00ae Golfperformer 3.0 - BIOSWING","og_description":"Der BIOSWING\u00ae-Golfperformer ist das sensomotorische Trainingsger\u00e4t, um golfspezifische Bewegungsmuster des langen und kurzen Spiels auch aus Hanglagen unter einem erh\u00f6hten sensorischen Input zu trainieren.Hervorgegangen ist der Golfperformer aus dem BIOSWING\u00ae Posturomed. Das BIOSWING Posturomed\u00ae erscheint 1995 als erstes und bislang einziges ged\u00e4mpft instabil pendelndes sensomotorisches Therapieger\u00e4t auf dem Markt. Seine Entwicklung beginnt bereits Ende der 1980er Jahre in einer engen Zusammenarbeit des Firmengr\u00fcnders Eduard Haider mit praktisch und wissenschaftlich t\u00e4tigen Physiotherapeuten und Fach\u00e4rzten.","og_url":"https:\/\/staging.bioswing.ee\/de\/toode\/bioswing-golf-performer-3-0\/","og_site_name":"BIOSWING","article_modified_time":"2024-12-05T10:12:00+00:00","og_image":[{"width":1500,"height":2000,"url":"https:\/\/bioswing.ee\/wp-content\/uploads\/2024\/12\/jon_taylor_perfomer_bearbeitet.jpg","type":"image\/jpeg"}],"twitter_card":"summary_large_image","twitter_misc":{"Gesch\u00e4tzte Lesezeit":"1\u00a0Minute"},"schema":{"@context":"https:\/\/schema.org","@graph":[{"@type":"WebPage","@id":"https:\/\/staging.bioswing.ee\/de\/toode\/bioswing-golf-performer-3-0\/","url":"https:\/\/staging.bioswing.ee\/de\/toode\/bioswing-golf-performer-3-0\/","name":"BIOSWING\u00ae Golfperformer 3.0 - BIOSWING","isPartOf":{"@id":"https:\/\/staging.bioswing.ee\/de\/#website"},"primaryImageOfPage":{"@id":"https:\/\/staging.bioswing.ee\/de\/toode\/bioswing-golf-performer-3-0\/#primaryimage"},"image":{"@id":"https:\/\/staging.bioswing.ee\/de\/toode\/bioswing-golf-performer-3-0\/#primaryimage"},"thumbnailUrl":"https:\/\/staging.bioswing.ee\/wp-content\/uploads\/2024\/12\/jon_taylor_perfomer_bearbeitet.jpg","datePublished":"2024-12-02T09:13:45+00:00","dateModified":"2024-12-05T10:12:00+00:00","breadcrumb":{"@id":"https:\/\/staging.bioswing.ee\/de\/toode\/bioswing-golf-performer-3-0\/#breadcrumb"},"inLanguage":"de","potentialAction":[{"@type":"ReadAction","target":["https:\/\/staging.bioswing.ee\/de\/toode\/bioswing-golf-performer-3-0\/"]}]},{"@type":"ImageObject","inLanguage":"de","@id":"https:\/\/staging.bioswing.ee\/de\/toode\/bioswing-golf-performer-3-0\/#primaryimage","url":"https:\/\/staging.bioswing.ee\/wp-content\/uploads\/2024\/12\/jon_taylor_perfomer_bearbeitet.jpg","contentUrl":"https:\/\/staging.bioswing.ee\/wp-content\/uploads\/2024\/12\/jon_taylor_perfomer_bearbeitet.jpg","width":1500,"height":2000,"caption":"BIOSWING\u00ae Golf Performer"},{"@type":"BreadcrumbList","@id":"https:\/\/staging.bioswing.ee\/de\/toode\/bioswing-golf-performer-3-0\/#breadcrumb","itemListElement":[{"@type":"ListItem","position":1,"name":"Home","item":"https:\/\/bioswing.ee\/de\/"},{"@type":"ListItem","position":2,"name":"SHOP","item":"https:\/\/bioswing.ee\/de\/shop\/"},{"@type":"ListItem","position":3,"name":"BIOSWING\u00ae Golfperformer 3.0"}]},{"@type":"WebSite","@id":"https:\/\/staging.bioswing.ee\/de\/#website","url":"https:\/\/staging.bioswing.ee\/de\/","name":"BIOSWING","description":"Smart solutions for healthy sitting","publisher":{"@id":"https:\/\/staging.bioswing.ee\/de\/#organization"},"potentialAction":[{"@type":"SearchAction","target":{"@type":"EntryPoint","urlTemplate":"https:\/\/staging.bioswing.ee\/de\/?s={search_term_string}"},"query-input":{"@type":"PropertyValueSpecification","valueRequired":true,"valueName":"search_term_string"}}],"inLanguage":"de"},{"@type":"Organization","@id":"https:\/\/staging.bioswing.ee\/de\/#organization","name":"BIOSWING","url":"https:\/\/staging.bioswing.ee\/de\/","logo":{"@type":"ImageObject","inLanguage":"de","@id":"https:\/\/staging.bioswing.ee\/de\/#\/schema\/logo\/image\/","url":"https:\/\/staging.bioswing.ee\/wp-content\/uploads\/2023\/04\/logo_web.png","contentUrl":"https:\/\/staging.bioswing.ee\/wp-content\/uploads\/2023\/04\/logo_web.png","width":140,"height":122,"caption":"BIOSWING"},"image":{"@id":"https:\/\/staging.bioswing.ee\/de\/#\/schema\/logo\/image\/"}}]}},"_links":{"self":[{"href":"https:\/\/staging.bioswing.ee\/de\/wp-json\/wp\/v2\/product\/18902","targetHints":{"allow":["GET"]}}],"collection":[{"href":"https:\/\/staging.bioswing.ee\/de\/wp-json\/wp\/v2\/product"}],"about":[{"href":"https:\/\/staging.bioswing.ee\/de\/wp-json\/wp\/v2\/types\/product"}],"wp:featuredmedia":[{"embeddable":true,"href":"https:\/\/staging.bioswing.ee\/de\/wp-json\/wp\/v2\/media\/18848"}],"wp:attachment":[{"href":"https:\/\/staging.bioswing.ee\/de\/wp-json\/wp\/v2\/media?parent=18902"}],"wp:term":[{"taxonomy":"product_brand","embeddable":true,"href":"https:\/\/staging.bioswing.ee\/de\/wp-json\/wp\/v2\/product_brand?post=18902"},{"taxonomy":"product_cat","embeddable":true,"href":"https:\/\/staging.bioswing.ee\/de\/wp-json\/wp\/v2\/product_cat?post=18902"},{"taxonomy":"product_tag","embeddable":true,"href":"https:\/\/staging.bioswing.ee\/de\/wp-json\/wp\/v2\/product_tag?post=18902"}],"curies":[{"name":"wp","href":"https:\/\/api.w.org\/{rel}","templated":true}]}}