{"id":19992,"date":"2024-12-03T11:34:12","date_gmt":"2024-12-03T11:34:12","guid":{"rendered":"https:\/\/staging.bioswing.ee\/toode\/bioswing-balancecoach-iq\/"},"modified":"2024-12-10T11:01:18","modified_gmt":"2024-12-10T11:01:18","slug":"bioswing-balancecoach-iq","status":"publish","type":"product","link":"https:\/\/staging.bioswing.ee\/de\/toode\/bioswing-balancecoach-iq\/","title":{"rendered":"BIOSWING BalanceCoach iQ"},"content":{"rendered":"<p>Das System wird komplett geliefert und ist einfach und rasch installierbar. Auf das bereits komplett vormontierte Posturomed\u00ae 202 wird die Druckverteilungsmessplatte aufgelegt und mit dem Stativ verbunden.  <strong>Die Komponenten:<\/strong><\/p>\n<ul>\n<li>Stativ<\/li>\n<li>Bildschirm 32 Zoll<\/li>\n<li>3D-Kamera<\/li>\n<li>einem leistungsstarken Embedded-PC<\/li>\n<li>einer Messplatte<\/li>\n<li>Posturomed\u00ae<\/li>\n<\/ul>\n<p> Die Messergebnisse k\u00f6nnen \u00fcber einen QR-Code ausgegeben werden.<br \/>Mittels der <strong>BALANCECOACH iQ App<\/strong> kann der Trainingserfolg gespeichert und dokumentiert werden.<br \/>Die zebris\u00ae Druckverteilungsmessplatte ist speziell auf das Posturomed\u00ae abgestimmt. Sie ist klar unterteilt in den zentralen Trainingsbe- reich und den Navigationsbereich rechts und links.    <strong>Technische Daten:<\/strong><\/p>\n<ul>\n<li><strong>Abmessungen:<\/strong> 60 x 60 x 1.6 cm<\/li>\n<li><strong>Anzahl der Sensoren:<\/strong> 672<\/li>\n<li><strong>Abtastrate:<\/strong> 100 Hz<\/li>\n<li><strong>Messprinzip:<\/strong> kapazitive Drucksensoren<\/li>\n<li><strong>Anschluss:<\/strong> USB<\/li>\n<\/ul>\n<p> Das Posturomed\u00ae Trainingsger\u00e4t besitzt ein in alle horizontalen Richtungen pendelnde Trainings- fl \u00e4che, die in drei Stufen (feststehend und zwei Schwingungsamplituden) einstellbar ist.<br \/>Die Druckverteilungsmessplatte wird auf das komplett vormontierte Posturomed\u00ae aufgelegt und mit dem Stativ verbunden. Hierbei ist einzig auf die frontale Ausrichtung des Stativs in einem Abstand von 1,5 Metern zu achten. Am nahezu komplett best\u00fcckten Stativ m\u00fcssen nur noch die Paneelen befestigt und der Bildschirm eingeh\u00e4ngt und angeschlossen werden \u2013 fertig!<br \/><strong>Platzbedarf: <\/strong>ca. 2,50 x 1,00 Meter   <\/p>\n","protected":false},"excerpt":{"rendered":"<p>Seit 1995 ist das BIOSWING Posturomed\u00ae der Garant f\u00fcr Ihre sensomotorischen Pr\u00e4ventions- und Trainingserfolge. Das 25-j\u00e4hrige Jubil\u00e4um nehmen wir zum Anlass, dem Posturomed\u00ae einen Trainer zur Seite zu stellen: Den <strong>BIOSWING BalanceCoach iQ<\/strong>!<br \/>Der <strong>BIOSWING BalanceCoach iQ<\/strong> ist ein softwaregesteuertes, intelligentes Trainingssystem mit integriertem virtuellem Trainer.<br \/>Die Bewegungsqualit\u00e4t des auf dem Posturomed\u00ae Trainierenden wird durch eine spezielle Drucksensorik auf der Trainingsplatte \u00fcberwacht und grafisch als center of pressure (COP) in Echtzeit dargestellt. Mittels einer Kamera sieht sich der \u00dcbende auf dem vor ihm platzierten Bildschirm und erh\u00e4lt ein direktes visuelles Feedback seiner \u00dcbungsausf\u00fchrung. Daneben sieht der \u00dcbende seinen virtuellen Trainer, der ihm die \u00dcbungen vormacht, welche der \u00dcbende zeitgleich mitmachen sollte. Jede dieser Koordinations\u00fcbungen ist individuell auf das Leistungsniveau des \u00dcbenden abgestimmt, so dass eine optimale Trainingsherausforderung gew\u00e4hrleistet ist.<br \/>Damit ist der BalanceCoach iQ der ideale Koordinationstrainer f\u00fcr Ihre Gesundheits-, Pr\u00e4ventions-, Fitness-, Sport- und Wellnesseinrichtung.       <iframe width=\"100%\" height=\"315\" src=\"https:\/\/www.youtube.com\/embed\/s86k6aLgLfA?si=y-lqt7T4qBL3w59i\" title=\"YouTube video player\" frameborder=\"0\" allow=\"accelerometer; autoplay; clipboard-write; encrypted-media; gyroscope; picture-in-picture; web-share\" referrerpolicy=\"strict-origin-when-cross-origin\" allowfullscreen=\"\"><\/iframe><\/p>\n<p><iframe width=\"100%\" height=\"315\" src=\"https:\/\/www.youtube.com\/embed\/csY_Mt0uEZM?si=2nhhzGhK8-J4Bx1T\" title=\"YouTube video player\" frameborder=\"0\" allow=\"accelerometer; autoplay; clipboard-write; encrypted-media; gyroscope; picture-in-picture; web-share\" referrerpolicy=\"strict-origin-when-cross-origin\" allowfullscreen=\"\"><\/iframe><\/p>\n","protected":false},"featured_media":19532,"template":"","meta":[],"product_brand":[],"product_cat":[1018],"product_tag":[],"class_list":{"0":"post-19992","1":"product","2":"type-product","3":"status-publish","4":"has-post-thumbnail","6":"product_cat-balancecoach-de","8":"first","9":"instock","10":"taxable","11":"shipping-taxable","12":"purchasable","13":"product-type-simple"},"yoast_head":"<!-- This site is optimized with the Yoast SEO plugin v27.1.1 - https:\/\/yoast.com\/product\/yoast-seo-wordpress\/ -->\n<title>BIOSWING BalanceCoach iQ - BIOSWING<\/title>\n<meta name=\"robots\" content=\"noindex, follow, max-snippet:-1, max-image-preview:large, max-video-preview:-1\" \/>\n<meta property=\"og:locale\" content=\"de_DE\" \/>\n<meta property=\"og:type\" content=\"article\" \/>\n<meta property=\"og:title\" content=\"BIOSWING BalanceCoach iQ - BIOSWING\" \/>\n<meta property=\"og:description\" content=\"Seit 1995 ist das BIOSWING Posturomed\u00ae der Garant f\u00fcr Ihre sensomotorischen Pr\u00e4ventions- und Trainingserfolge. Das 25-j\u00e4hrige Jubil\u00e4um nehmen wir zum Anlass, dem Posturomed\u00ae einen Trainer zur Seite zu stellen: Den BIOSWING BalanceCoach iQ!Der BIOSWING BalanceCoach iQ ist ein softwaregesteuertes, intelligentes Trainingssystem mit integriertem virtuellem Trainer.Die Bewegungsqualit\u00e4t des auf dem Posturomed\u00ae Trainierenden wird durch eine spezielle Drucksensorik auf der Trainingsplatte \u00fcberwacht und grafisch als center of pressure (COP) in Echtzeit dargestellt. Mittels einer Kamera sieht sich der \u00dcbende auf dem vor ihm platzierten Bildschirm und erh\u00e4lt ein direktes visuelles Feedback seiner \u00dcbungsausf\u00fchrung. Daneben sieht der \u00dcbende seinen virtuellen Trainer, der ihm die \u00dcbungen vormacht, welche der \u00dcbende zeitgleich mitmachen sollte. Jede dieser Koordinations\u00fcbungen ist individuell auf das Leistungsniveau des \u00dcbenden abgestimmt, so dass eine optimale Trainingsherausforderung gew\u00e4hrleistet ist.Damit ist der BalanceCoach iQ der ideale Koordinationstrainer f\u00fcr Ihre Gesundheits-, Pr\u00e4ventions-, Fitness-, Sport- und Wellnesseinrichtung.\" \/>\n<meta property=\"og:url\" content=\"https:\/\/staging.bioswing.ee\/de\/toode\/bioswing-balancecoach-iq\/\" \/>\n<meta property=\"og:site_name\" content=\"BIOSWING\" \/>\n<meta property=\"article:modified_time\" content=\"2024-12-10T11:01:18+00:00\" \/>\n<meta property=\"og:image\" content=\"https:\/\/bioswing.ee\/wp-content\/uploads\/2024\/12\/BalanceCoach_iQ.jpg\" \/>\n\t<meta property=\"og:image:width\" content=\"900\" \/>\n\t<meta property=\"og:image:height\" content=\"1200\" \/>\n\t<meta property=\"og:image:type\" content=\"image\/jpeg\" \/>\n<meta name=\"twitter:card\" content=\"summary_large_image\" \/>\n<meta name=\"twitter:label1\" content=\"Gesch\u00e4tzte Lesezeit\" \/>\n\t<meta name=\"twitter:data1\" content=\"2\u00a0Minuten\" \/>\n<script type=\"application\/ld+json\" class=\"yoast-schema-graph\">{\"@context\":\"https:\/\/schema.org\",\"@graph\":[{\"@type\":\"WebPage\",\"@id\":\"https:\/\/staging.bioswing.ee\/de\/toode\/bioswing-balancecoach-iq\/\",\"url\":\"https:\/\/staging.bioswing.ee\/de\/toode\/bioswing-balancecoach-iq\/\",\"name\":\"BIOSWING BalanceCoach iQ - BIOSWING\",\"isPartOf\":{\"@id\":\"https:\/\/staging.bioswing.ee\/de\/#website\"},\"primaryImageOfPage\":{\"@id\":\"https:\/\/staging.bioswing.ee\/de\/toode\/bioswing-balancecoach-iq\/#primaryimage\"},\"image\":{\"@id\":\"https:\/\/staging.bioswing.ee\/de\/toode\/bioswing-balancecoach-iq\/#primaryimage\"},\"thumbnailUrl\":\"https:\/\/staging.bioswing.ee\/wp-content\/uploads\/2024\/12\/BalanceCoach_iQ.jpg\",\"datePublished\":\"2024-12-03T11:34:12+00:00\",\"dateModified\":\"2024-12-10T11:01:18+00:00\",\"breadcrumb\":{\"@id\":\"https:\/\/staging.bioswing.ee\/de\/toode\/bioswing-balancecoach-iq\/#breadcrumb\"},\"inLanguage\":\"de\",\"potentialAction\":[{\"@type\":\"ReadAction\",\"target\":[\"https:\/\/staging.bioswing.ee\/de\/toode\/bioswing-balancecoach-iq\/\"]}]},{\"@type\":\"ImageObject\",\"inLanguage\":\"de\",\"@id\":\"https:\/\/staging.bioswing.ee\/de\/toode\/bioswing-balancecoach-iq\/#primaryimage\",\"url\":\"https:\/\/staging.bioswing.ee\/wp-content\/uploads\/2024\/12\/BalanceCoach_iQ.jpg\",\"contentUrl\":\"https:\/\/staging.bioswing.ee\/wp-content\/uploads\/2024\/12\/BalanceCoach_iQ.jpg\",\"width\":900,\"height\":1200,\"caption\":\"BIOSWING BalanceCoach iQ\"},{\"@type\":\"BreadcrumbList\",\"@id\":\"https:\/\/staging.bioswing.ee\/de\/toode\/bioswing-balancecoach-iq\/#breadcrumb\",\"itemListElement\":[{\"@type\":\"ListItem\",\"position\":1,\"name\":\"Home\",\"item\":\"https:\/\/bioswing.ee\/de\/\"},{\"@type\":\"ListItem\",\"position\":2,\"name\":\"SHOP\",\"item\":\"https:\/\/bioswing.ee\/de\/shop\/\"},{\"@type\":\"ListItem\",\"position\":3,\"name\":\"BIOSWING BalanceCoach iQ\"}]},{\"@type\":\"WebSite\",\"@id\":\"https:\/\/staging.bioswing.ee\/de\/#website\",\"url\":\"https:\/\/staging.bioswing.ee\/de\/\",\"name\":\"BIOSWING\",\"description\":\"Smart solutions for healthy sitting\",\"publisher\":{\"@id\":\"https:\/\/staging.bioswing.ee\/de\/#organization\"},\"potentialAction\":[{\"@type\":\"SearchAction\",\"target\":{\"@type\":\"EntryPoint\",\"urlTemplate\":\"https:\/\/staging.bioswing.ee\/de\/?s={search_term_string}\"},\"query-input\":{\"@type\":\"PropertyValueSpecification\",\"valueRequired\":true,\"valueName\":\"search_term_string\"}}],\"inLanguage\":\"de\"},{\"@type\":\"Organization\",\"@id\":\"https:\/\/staging.bioswing.ee\/de\/#organization\",\"name\":\"BIOSWING\",\"url\":\"https:\/\/staging.bioswing.ee\/de\/\",\"logo\":{\"@type\":\"ImageObject\",\"inLanguage\":\"de\",\"@id\":\"https:\/\/staging.bioswing.ee\/de\/#\/schema\/logo\/image\/\",\"url\":\"https:\/\/staging.bioswing.ee\/wp-content\/uploads\/2023\/04\/logo_web.png\",\"contentUrl\":\"https:\/\/staging.bioswing.ee\/wp-content\/uploads\/2023\/04\/logo_web.png\",\"width\":140,\"height\":122,\"caption\":\"BIOSWING\"},\"image\":{\"@id\":\"https:\/\/staging.bioswing.ee\/de\/#\/schema\/logo\/image\/\"}}]}<\/script>\n<!-- \/ Yoast SEO plugin. -->","yoast_head_json":{"title":"BIOSWING BalanceCoach iQ - BIOSWING","robots":{"index":"noindex","follow":"follow","max-snippet":"max-snippet:-1","max-image-preview":"max-image-preview:large","max-video-preview":"max-video-preview:-1"},"og_locale":"de_DE","og_type":"article","og_title":"BIOSWING BalanceCoach iQ - BIOSWING","og_description":"Seit 1995 ist das BIOSWING Posturomed\u00ae der Garant f\u00fcr Ihre sensomotorischen Pr\u00e4ventions- und Trainingserfolge. Das 25-j\u00e4hrige Jubil\u00e4um nehmen wir zum Anlass, dem Posturomed\u00ae einen Trainer zur Seite zu stellen: Den BIOSWING BalanceCoach iQ!Der BIOSWING BalanceCoach iQ ist ein softwaregesteuertes, intelligentes Trainingssystem mit integriertem virtuellem Trainer.Die Bewegungsqualit\u00e4t des auf dem Posturomed\u00ae Trainierenden wird durch eine spezielle Drucksensorik auf der Trainingsplatte \u00fcberwacht und grafisch als center of pressure (COP) in Echtzeit dargestellt. Mittels einer Kamera sieht sich der \u00dcbende auf dem vor ihm platzierten Bildschirm und erh\u00e4lt ein direktes visuelles Feedback seiner \u00dcbungsausf\u00fchrung. Daneben sieht der \u00dcbende seinen virtuellen Trainer, der ihm die \u00dcbungen vormacht, welche der \u00dcbende zeitgleich mitmachen sollte. Jede dieser Koordinations\u00fcbungen ist individuell auf das Leistungsniveau des \u00dcbenden abgestimmt, so dass eine optimale Trainingsherausforderung gew\u00e4hrleistet ist.Damit ist der BalanceCoach iQ der ideale Koordinationstrainer f\u00fcr Ihre Gesundheits-, Pr\u00e4ventions-, Fitness-, Sport- und Wellnesseinrichtung.","og_url":"https:\/\/staging.bioswing.ee\/de\/toode\/bioswing-balancecoach-iq\/","og_site_name":"BIOSWING","article_modified_time":"2024-12-10T11:01:18+00:00","og_image":[{"width":900,"height":1200,"url":"https:\/\/bioswing.ee\/wp-content\/uploads\/2024\/12\/BalanceCoach_iQ.jpg","type":"image\/jpeg"}],"twitter_card":"summary_large_image","twitter_misc":{"Gesch\u00e4tzte Lesezeit":"2\u00a0Minuten"},"schema":{"@context":"https:\/\/schema.org","@graph":[{"@type":"WebPage","@id":"https:\/\/staging.bioswing.ee\/de\/toode\/bioswing-balancecoach-iq\/","url":"https:\/\/staging.bioswing.ee\/de\/toode\/bioswing-balancecoach-iq\/","name":"BIOSWING BalanceCoach iQ - BIOSWING","isPartOf":{"@id":"https:\/\/staging.bioswing.ee\/de\/#website"},"primaryImageOfPage":{"@id":"https:\/\/staging.bioswing.ee\/de\/toode\/bioswing-balancecoach-iq\/#primaryimage"},"image":{"@id":"https:\/\/staging.bioswing.ee\/de\/toode\/bioswing-balancecoach-iq\/#primaryimage"},"thumbnailUrl":"https:\/\/staging.bioswing.ee\/wp-content\/uploads\/2024\/12\/BalanceCoach_iQ.jpg","datePublished":"2024-12-03T11:34:12+00:00","dateModified":"2024-12-10T11:01:18+00:00","breadcrumb":{"@id":"https:\/\/staging.bioswing.ee\/de\/toode\/bioswing-balancecoach-iq\/#breadcrumb"},"inLanguage":"de","potentialAction":[{"@type":"ReadAction","target":["https:\/\/staging.bioswing.ee\/de\/toode\/bioswing-balancecoach-iq\/"]}]},{"@type":"ImageObject","inLanguage":"de","@id":"https:\/\/staging.bioswing.ee\/de\/toode\/bioswing-balancecoach-iq\/#primaryimage","url":"https:\/\/staging.bioswing.ee\/wp-content\/uploads\/2024\/12\/BalanceCoach_iQ.jpg","contentUrl":"https:\/\/staging.bioswing.ee\/wp-content\/uploads\/2024\/12\/BalanceCoach_iQ.jpg","width":900,"height":1200,"caption":"BIOSWING BalanceCoach iQ"},{"@type":"BreadcrumbList","@id":"https:\/\/staging.bioswing.ee\/de\/toode\/bioswing-balancecoach-iq\/#breadcrumb","itemListElement":[{"@type":"ListItem","position":1,"name":"Home","item":"https:\/\/bioswing.ee\/de\/"},{"@type":"ListItem","position":2,"name":"SHOP","item":"https:\/\/bioswing.ee\/de\/shop\/"},{"@type":"ListItem","position":3,"name":"BIOSWING BalanceCoach iQ"}]},{"@type":"WebSite","@id":"https:\/\/staging.bioswing.ee\/de\/#website","url":"https:\/\/staging.bioswing.ee\/de\/","name":"BIOSWING","description":"Smart solutions for healthy sitting","publisher":{"@id":"https:\/\/staging.bioswing.ee\/de\/#organization"},"potentialAction":[{"@type":"SearchAction","target":{"@type":"EntryPoint","urlTemplate":"https:\/\/staging.bioswing.ee\/de\/?s={search_term_string}"},"query-input":{"@type":"PropertyValueSpecification","valueRequired":true,"valueName":"search_term_string"}}],"inLanguage":"de"},{"@type":"Organization","@id":"https:\/\/staging.bioswing.ee\/de\/#organization","name":"BIOSWING","url":"https:\/\/staging.bioswing.ee\/de\/","logo":{"@type":"ImageObject","inLanguage":"de","@id":"https:\/\/staging.bioswing.ee\/de\/#\/schema\/logo\/image\/","url":"https:\/\/staging.bioswing.ee\/wp-content\/uploads\/2023\/04\/logo_web.png","contentUrl":"https:\/\/staging.bioswing.ee\/wp-content\/uploads\/2023\/04\/logo_web.png","width":140,"height":122,"caption":"BIOSWING"},"image":{"@id":"https:\/\/staging.bioswing.ee\/de\/#\/schema\/logo\/image\/"}}]}},"_links":{"self":[{"href":"https:\/\/staging.bioswing.ee\/de\/wp-json\/wp\/v2\/product\/19992","targetHints":{"allow":["GET"]}}],"collection":[{"href":"https:\/\/staging.bioswing.ee\/de\/wp-json\/wp\/v2\/product"}],"about":[{"href":"https:\/\/staging.bioswing.ee\/de\/wp-json\/wp\/v2\/types\/product"}],"wp:featuredmedia":[{"embeddable":true,"href":"https:\/\/staging.bioswing.ee\/de\/wp-json\/wp\/v2\/media\/19532"}],"wp:attachment":[{"href":"https:\/\/staging.bioswing.ee\/de\/wp-json\/wp\/v2\/media?parent=19992"}],"wp:term":[{"taxonomy":"product_brand","embeddable":true,"href":"https:\/\/staging.bioswing.ee\/de\/wp-json\/wp\/v2\/product_brand?post=19992"},{"taxonomy":"product_cat","embeddable":true,"href":"https:\/\/staging.bioswing.ee\/de\/wp-json\/wp\/v2\/product_cat?post=19992"},{"taxonomy":"product_tag","embeddable":true,"href":"https:\/\/staging.bioswing.ee\/de\/wp-json\/wp\/v2\/product_tag?post=19992"}],"curies":[{"name":"wp","href":"https:\/\/api.w.org\/{rel}","templated":true}]}}