{"id":2456,"date":"2023-04-13T12:24:55","date_gmt":"2023-04-13T12:24:55","guid":{"rendered":"https:\/\/staging.bioswing.ee\/toode\/460-iq-diamond\/"},"modified":"2025-01-23T07:31:25","modified_gmt":"2025-01-23T07:31:25","slug":"460-iq-diamond","status":"publish","type":"product","link":"https:\/\/staging.bioswing.ee\/de\/toode\/460-iq-diamond\/","title":{"rendered":"BIOSWING 460 iQ RAUTE"},"content":{"rendered":"<h3>BIOSWING 460 iQ RAUTE<\/h3>\n<ul>\n<li>Ergonomischer und orthop\u00e4disch wirksamer B\u00fcrodrehstuhl<\/li>\n<li>Integriertes, adaptives 3D-Sitzwerk<\/li>\n<li>Synchronmechanik mit individueller Gewichtsanpassung (sowie Feinjustierung)<\/li>\n<li>3D-Armlehnen f\u00fcr multifunktionale Anpassung an unterschiedliche Arbeitspositionen<\/li>\n<li>Individuelle Sitzneigungsverstellung mit Gasfeder, stufenlos einstellbar<\/li>\n<li>Zus\u00e4tzliche Beckenbalance<\/li>\n<li>Sitztiefenanpassung f\u00fcr unterschiedlich lange Beinl\u00e4ngen<\/li>\n<li>R\u00fcckenlehne in der H\u00f6he einstellbar, zus\u00e4tzlich mit individuell in der W\u00f6lbung einstellbarer Lordosenst\u00fctze<\/li>\n<li>3D-Nackenst\u00fctze mit stufenloser Anpassung in H\u00f6he, Tiefe und Neigung<\/li>\n<li>R\u00fcckenlehnenh\u00f6he: 60 cm<\/li>\n<li>Stoffbezug: Stepp, verschiedene Farben<\/li>\n<li>Fu\u00dfkreuz: Alu poliert<\/li>\n<\/ul>\n<p><iframe title=\"YouTube video player\" src=\"https:\/\/www.youtube.com\/embed\/Nnmzwdy52aQ\" width=\"100%\" height=\"450\" frameborder=\"0\" allowfullscreen=\"allowfullscreen\"><\/iframe><\/p>\n<p><iframe title=\"YouTube video player\" src=\"https:\/\/www.youtube.com\/embed\/BT8pISMfc4A?si=t-7XvezoVs5aMeyF\" width=\"100%\" height=\"450\" frameborder=\"0\" allowfullscreen=\"allowfullscreen\"><\/iframe><\/p>\n","protected":false},"excerpt":{"rendered":"<h4>Die Arbeitsaufgaben sind vielf\u00e4ltig.<br \/>\nJe besser sich ein B\u00fcrostuhl an Ihre pers\u00f6nlichen Gegebenheiten anpassen l\u00e4sst, desto ges\u00fcnder und leistungsbereiter bleiben Sie w\u00e4hrend langer Sitzphasen. <\/h4>\n<p>Wichtig hierbei ist, dass die <strong>individuelle Anatomie ber\u00fccksichtigt<\/strong> wird und der B\u00fcrostuhl gen\u00fcgend Verstell- und Anpassungsm\u00f6glichkeiten bietet.<br \/>\nWir stellen Ihnen im Folgenden die wichtigsten vor.<\/p>\n<h4>Ein BIOSWING-B\u00fcrostuhl der 4er-Reihe passt sich ergonomisch der jeweiligen K\u00f6rperhaltung an.<\/h4>\n<p>Denn durch die unterschiedlichen Mechaniken reagiert der 4er nicht nur auf jeden Bewegungsimpuls des Nutzers, sondern unterst\u00fctzt seinen Besitzer auch \u00fcber lange Arbeitstage individuell.<\/p>\n<p>Wer viel mit Tastatur und Maus arbeiten muss, sollte sicherstellen, dass auch die <strong>Schultermuskulatur<\/strong> <strong>regelm\u00e4\u00dfig<\/strong> <strong>entlastet<\/strong> wird. <strong>Individuell einstellbare Armlehnen<\/strong> bieten hier eine wertvolle Unterst\u00fctzung. Bei der 4er-Reihe gibt es unterschiedliche Varianten, die Ihnen gerne einer unserer vielen Ergonomie-Experten in den rund 150 Beratungsh\u00e4usern in D, CH und A vorf\u00fchrt.<\/p>\n<p><img decoding=\"async\" class=\"alignnone wp-image-916\" src=\"https:\/\/staging.bioswing.ee\/wp-content\/uploads\/2023\/04\/pdf.png\" alt=\"pdf\" width=\"19\" height=\"20\"> <a href=\"https:\/\/staging.bioswing.ee\/wp-content\/uploads\/2023\/04\/produktblatt_460_v02_EN.pdf\" target=\"_blank\" rel=\"noopener\">Produktblatt herunterladen (PDF)<\/a><\/p>\n","protected":false},"featured_media":2457,"template":"","meta":[],"product_brand":[],"product_cat":[120,102],"product_tag":[],"class_list":{"0":"post-2456","1":"product","2":"type-product","3":"status-publish","4":"has-post-thumbnail","6":"product_cat-buro-und-home-office","7":"product_cat-management-de","9":"first","10":"instock","11":"taxable","12":"shipping-taxable","13":"purchasable","14":"product-type-variable","15":"has-default-attributes"},"yoast_head":"<!-- This site is optimized with the Yoast SEO plugin v27.1.1 - https:\/\/yoast.com\/product\/yoast-seo-wordpress\/ -->\n<title>BIOSWING 460 iQ RAUTE - BIOSWING<\/title>\n<meta name=\"robots\" content=\"noindex, follow, max-snippet:-1, max-image-preview:large, max-video-preview:-1\" \/>\n<meta property=\"og:locale\" content=\"de_DE\" \/>\n<meta property=\"og:type\" content=\"article\" \/>\n<meta property=\"og:title\" content=\"BIOSWING 460 iQ RAUTE - BIOSWING\" \/>\n<meta property=\"og:description\" content=\"Die Arbeitsaufgaben sind vielf\u00e4ltig. Je besser sich ein B\u00fcrostuhl an Ihre pers\u00f6nlichen Gegebenheiten anpassen l\u00e4sst, desto ges\u00fcnder und leistungsbereiter bleiben Sie w\u00e4hrend langer Sitzphasen. Wichtig hierbei ist, dass die individuelle Anatomie ber\u00fccksichtigt wird und der B\u00fcrostuhl gen\u00fcgend Verstell- und Anpassungsm\u00f6glichkeiten bietet. Wir stellen Ihnen im Folgenden die wichtigsten vor.  Ein BIOSWING-B\u00fcrostuhl der 4er-Reihe passt sich ergonomisch der jeweiligen K\u00f6rperhaltung an. Denn durch die unterschiedlichen Mechaniken reagiert der 4er nicht nur auf jeden Bewegungsimpuls des Nutzers, sondern unterst\u00fctzt seinen Besitzer auch \u00fcber lange Arbeitstage individuell. Wer viel mit Tastatur und Maus arbeiten muss, sollte sicherstellen, dass auch die Schultermuskulatur regelm\u00e4\u00dfig entlastet wird. Individuell einstellbare Armlehnen bieten hier eine wertvolle Unterst\u00fctzung. Bei der 4er-Reihe gibt es unterschiedliche Varianten, die Ihnen gerne einer unserer vielen Ergonomie-Experten in den rund 150 Beratungsh\u00e4usern in D, CH und A vorf\u00fchrt.  Produktblatt herunterladen (PDF)\" \/>\n<meta property=\"og:url\" content=\"https:\/\/staging.bioswing.ee\/de\/toode\/460-iq-diamond\/\" \/>\n<meta property=\"og:site_name\" content=\"BIOSWING\" \/>\n<meta property=\"article:modified_time\" content=\"2025-01-23T07:31:25+00:00\" \/>\n<meta property=\"og:image\" content=\"https:\/\/bioswing.ee\/wp-content\/uploads\/2023\/04\/460_IQ_Raute.jpg\" \/>\n\t<meta property=\"og:image:width\" content=\"1874\" \/>\n\t<meta property=\"og:image:height\" content=\"2500\" \/>\n\t<meta property=\"og:image:type\" content=\"image\/jpeg\" \/>\n<meta name=\"twitter:card\" content=\"summary_large_image\" \/>\n<script type=\"application\/ld+json\" class=\"yoast-schema-graph\">{\"@context\":\"https:\/\/schema.org\",\"@graph\":[{\"@type\":\"WebPage\",\"@id\":\"https:\/\/staging.bioswing.ee\/de\/toode\/460-iq-diamond\/\",\"url\":\"https:\/\/staging.bioswing.ee\/de\/toode\/460-iq-diamond\/\",\"name\":\"BIOSWING 460 iQ RAUTE - BIOSWING\",\"isPartOf\":{\"@id\":\"https:\/\/staging.bioswing.ee\/de\/#website\"},\"primaryImageOfPage\":{\"@id\":\"https:\/\/staging.bioswing.ee\/de\/toode\/460-iq-diamond\/#primaryimage\"},\"image\":{\"@id\":\"https:\/\/staging.bioswing.ee\/de\/toode\/460-iq-diamond\/#primaryimage\"},\"thumbnailUrl\":\"https:\/\/staging.bioswing.ee\/wp-content\/uploads\/2023\/04\/460_IQ_Raute.jpg\",\"datePublished\":\"2023-04-13T12:24:55+00:00\",\"dateModified\":\"2025-01-23T07:31:25+00:00\",\"breadcrumb\":{\"@id\":\"https:\/\/staging.bioswing.ee\/de\/toode\/460-iq-diamond\/#breadcrumb\"},\"inLanguage\":\"de\",\"potentialAction\":[{\"@type\":\"ReadAction\",\"target\":[\"https:\/\/staging.bioswing.ee\/de\/toode\/460-iq-diamond\/\"]}]},{\"@type\":\"ImageObject\",\"inLanguage\":\"de\",\"@id\":\"https:\/\/staging.bioswing.ee\/de\/toode\/460-iq-diamond\/#primaryimage\",\"url\":\"https:\/\/staging.bioswing.ee\/wp-content\/uploads\/2023\/04\/460_IQ_Raute.jpg\",\"contentUrl\":\"https:\/\/staging.bioswing.ee\/wp-content\/uploads\/2023\/04\/460_IQ_Raute.jpg\",\"width\":1874,\"height\":2500},{\"@type\":\"BreadcrumbList\",\"@id\":\"https:\/\/staging.bioswing.ee\/de\/toode\/460-iq-diamond\/#breadcrumb\",\"itemListElement\":[{\"@type\":\"ListItem\",\"position\":1,\"name\":\"Home\",\"item\":\"https:\/\/bioswing.ee\/de\/\"},{\"@type\":\"ListItem\",\"position\":2,\"name\":\"SHOP\",\"item\":\"https:\/\/bioswing.ee\/de\/shop\/\"},{\"@type\":\"ListItem\",\"position\":3,\"name\":\"BIOSWING 460 iQ RAUTE\"}]},{\"@type\":\"WebSite\",\"@id\":\"https:\/\/staging.bioswing.ee\/de\/#website\",\"url\":\"https:\/\/staging.bioswing.ee\/de\/\",\"name\":\"BIOSWING\",\"description\":\"Smart solutions for healthy sitting\",\"publisher\":{\"@id\":\"https:\/\/staging.bioswing.ee\/de\/#organization\"},\"potentialAction\":[{\"@type\":\"SearchAction\",\"target\":{\"@type\":\"EntryPoint\",\"urlTemplate\":\"https:\/\/staging.bioswing.ee\/de\/?s={search_term_string}\"},\"query-input\":{\"@type\":\"PropertyValueSpecification\",\"valueRequired\":true,\"valueName\":\"search_term_string\"}}],\"inLanguage\":\"de\"},{\"@type\":\"Organization\",\"@id\":\"https:\/\/staging.bioswing.ee\/de\/#organization\",\"name\":\"BIOSWING\",\"url\":\"https:\/\/staging.bioswing.ee\/de\/\",\"logo\":{\"@type\":\"ImageObject\",\"inLanguage\":\"de\",\"@id\":\"https:\/\/staging.bioswing.ee\/de\/#\/schema\/logo\/image\/\",\"url\":\"https:\/\/staging.bioswing.ee\/wp-content\/uploads\/2023\/04\/logo_web.png\",\"contentUrl\":\"https:\/\/staging.bioswing.ee\/wp-content\/uploads\/2023\/04\/logo_web.png\",\"width\":140,\"height\":122,\"caption\":\"BIOSWING\"},\"image\":{\"@id\":\"https:\/\/staging.bioswing.ee\/de\/#\/schema\/logo\/image\/\"}}]}<\/script>\n<!-- \/ Yoast SEO plugin. -->","yoast_head_json":{"title":"BIOSWING 460 iQ RAUTE - BIOSWING","robots":{"index":"noindex","follow":"follow","max-snippet":"max-snippet:-1","max-image-preview":"max-image-preview:large","max-video-preview":"max-video-preview:-1"},"og_locale":"de_DE","og_type":"article","og_title":"BIOSWING 460 iQ RAUTE - BIOSWING","og_description":"Die Arbeitsaufgaben sind vielf\u00e4ltig. Je besser sich ein B\u00fcrostuhl an Ihre pers\u00f6nlichen Gegebenheiten anpassen l\u00e4sst, desto ges\u00fcnder und leistungsbereiter bleiben Sie w\u00e4hrend langer Sitzphasen. Wichtig hierbei ist, dass die individuelle Anatomie ber\u00fccksichtigt wird und der B\u00fcrostuhl gen\u00fcgend Verstell- und Anpassungsm\u00f6glichkeiten bietet. Wir stellen Ihnen im Folgenden die wichtigsten vor.  Ein BIOSWING-B\u00fcrostuhl der 4er-Reihe passt sich ergonomisch der jeweiligen K\u00f6rperhaltung an. Denn durch die unterschiedlichen Mechaniken reagiert der 4er nicht nur auf jeden Bewegungsimpuls des Nutzers, sondern unterst\u00fctzt seinen Besitzer auch \u00fcber lange Arbeitstage individuell. Wer viel mit Tastatur und Maus arbeiten muss, sollte sicherstellen, dass auch die Schultermuskulatur regelm\u00e4\u00dfig entlastet wird. Individuell einstellbare Armlehnen bieten hier eine wertvolle Unterst\u00fctzung. Bei der 4er-Reihe gibt es unterschiedliche Varianten, die Ihnen gerne einer unserer vielen Ergonomie-Experten in den rund 150 Beratungsh\u00e4usern in D, CH und A vorf\u00fchrt.  Produktblatt herunterladen (PDF)","og_url":"https:\/\/staging.bioswing.ee\/de\/toode\/460-iq-diamond\/","og_site_name":"BIOSWING","article_modified_time":"2025-01-23T07:31:25+00:00","og_image":[{"width":1874,"height":2500,"url":"https:\/\/bioswing.ee\/wp-content\/uploads\/2023\/04\/460_IQ_Raute.jpg","type":"image\/jpeg"}],"twitter_card":"summary_large_image","schema":{"@context":"https:\/\/schema.org","@graph":[{"@type":"WebPage","@id":"https:\/\/staging.bioswing.ee\/de\/toode\/460-iq-diamond\/","url":"https:\/\/staging.bioswing.ee\/de\/toode\/460-iq-diamond\/","name":"BIOSWING 460 iQ RAUTE - BIOSWING","isPartOf":{"@id":"https:\/\/staging.bioswing.ee\/de\/#website"},"primaryImageOfPage":{"@id":"https:\/\/staging.bioswing.ee\/de\/toode\/460-iq-diamond\/#primaryimage"},"image":{"@id":"https:\/\/staging.bioswing.ee\/de\/toode\/460-iq-diamond\/#primaryimage"},"thumbnailUrl":"https:\/\/staging.bioswing.ee\/wp-content\/uploads\/2023\/04\/460_IQ_Raute.jpg","datePublished":"2023-04-13T12:24:55+00:00","dateModified":"2025-01-23T07:31:25+00:00","breadcrumb":{"@id":"https:\/\/staging.bioswing.ee\/de\/toode\/460-iq-diamond\/#breadcrumb"},"inLanguage":"de","potentialAction":[{"@type":"ReadAction","target":["https:\/\/staging.bioswing.ee\/de\/toode\/460-iq-diamond\/"]}]},{"@type":"ImageObject","inLanguage":"de","@id":"https:\/\/staging.bioswing.ee\/de\/toode\/460-iq-diamond\/#primaryimage","url":"https:\/\/staging.bioswing.ee\/wp-content\/uploads\/2023\/04\/460_IQ_Raute.jpg","contentUrl":"https:\/\/staging.bioswing.ee\/wp-content\/uploads\/2023\/04\/460_IQ_Raute.jpg","width":1874,"height":2500},{"@type":"BreadcrumbList","@id":"https:\/\/staging.bioswing.ee\/de\/toode\/460-iq-diamond\/#breadcrumb","itemListElement":[{"@type":"ListItem","position":1,"name":"Home","item":"https:\/\/bioswing.ee\/de\/"},{"@type":"ListItem","position":2,"name":"SHOP","item":"https:\/\/bioswing.ee\/de\/shop\/"},{"@type":"ListItem","position":3,"name":"BIOSWING 460 iQ RAUTE"}]},{"@type":"WebSite","@id":"https:\/\/staging.bioswing.ee\/de\/#website","url":"https:\/\/staging.bioswing.ee\/de\/","name":"BIOSWING","description":"Smart solutions for healthy sitting","publisher":{"@id":"https:\/\/staging.bioswing.ee\/de\/#organization"},"potentialAction":[{"@type":"SearchAction","target":{"@type":"EntryPoint","urlTemplate":"https:\/\/staging.bioswing.ee\/de\/?s={search_term_string}"},"query-input":{"@type":"PropertyValueSpecification","valueRequired":true,"valueName":"search_term_string"}}],"inLanguage":"de"},{"@type":"Organization","@id":"https:\/\/staging.bioswing.ee\/de\/#organization","name":"BIOSWING","url":"https:\/\/staging.bioswing.ee\/de\/","logo":{"@type":"ImageObject","inLanguage":"de","@id":"https:\/\/staging.bioswing.ee\/de\/#\/schema\/logo\/image\/","url":"https:\/\/staging.bioswing.ee\/wp-content\/uploads\/2023\/04\/logo_web.png","contentUrl":"https:\/\/staging.bioswing.ee\/wp-content\/uploads\/2023\/04\/logo_web.png","width":140,"height":122,"caption":"BIOSWING"},"image":{"@id":"https:\/\/staging.bioswing.ee\/de\/#\/schema\/logo\/image\/"}}]}},"_links":{"self":[{"href":"https:\/\/staging.bioswing.ee\/de\/wp-json\/wp\/v2\/product\/2456","targetHints":{"allow":["GET"]}}],"collection":[{"href":"https:\/\/staging.bioswing.ee\/de\/wp-json\/wp\/v2\/product"}],"about":[{"href":"https:\/\/staging.bioswing.ee\/de\/wp-json\/wp\/v2\/types\/product"}],"wp:featuredmedia":[{"embeddable":true,"href":"https:\/\/staging.bioswing.ee\/de\/wp-json\/wp\/v2\/media\/2457"}],"wp:attachment":[{"href":"https:\/\/staging.bioswing.ee\/de\/wp-json\/wp\/v2\/media?parent=2456"}],"wp:term":[{"taxonomy":"product_brand","embeddable":true,"href":"https:\/\/staging.bioswing.ee\/de\/wp-json\/wp\/v2\/product_brand?post=2456"},{"taxonomy":"product_cat","embeddable":true,"href":"https:\/\/staging.bioswing.ee\/de\/wp-json\/wp\/v2\/product_cat?post=2456"},{"taxonomy":"product_tag","embeddable":true,"href":"https:\/\/staging.bioswing.ee\/de\/wp-json\/wp\/v2\/product_tag?post=2456"}],"curies":[{"name":"wp","href":"https:\/\/api.w.org\/{rel}","templated":true}]}}