{"id":2883,"date":"2023-04-13T12:36:39","date_gmt":"2023-04-13T12:36:39","guid":{"rendered":"https:\/\/staging.bioswing.ee\/toode\/560-iq-detensor\/"},"modified":"2023-08-24T13:31:57","modified_gmt":"2023-08-24T13:31:57","slug":"560-iq-detensor","status":"publish","type":"product","link":"https:\/\/staging.bioswing.ee\/de\/toode\/560-iq-detensor\/","title":{"rendered":"BIOSWING 560 iQ DETENSOR"},"content":{"rendered":"<h3>BIOSWING 560 iQ DETENSOR<\/h3>\n<ul>\n<li>Ergonomischer und orthop\u00e4disch wirksamer B\u00fcrodrehstuhl<\/li>\n<li>Integriertes, adaptives 3D-Sitzwerk<\/li>\n<li>Synchronmechanik mit individueller Gewichtsanpassung (sowie Feinjustierung)<\/li>\n<li>3D-Armlehnen f\u00fcr multifunktionale Anpassung an unterschiedliche Arbeitspositionen<\/li>\n<li>Individuelle Sitzneigungsverstellung mit Gasfeder, stufenlos einstellbar<\/li>\n<li>Zus\u00e4tzliche Beckenbalance<\/li>\n<li>Sitztiefenanpassung f\u00fcr unterschiedlich lange Beinl\u00e4ngen<\/li>\n<li>R\u00fcckenlehne in der H\u00f6he einstellbar, zus\u00e4tzlich mit individuell in der W\u00f6lbung einstellbarer Lordosenst\u00fctze<\/li>\n<li>3D-Nackenst\u00fctze mit stufenloser Anpassung in H\u00f6he, Tiefe und Neigung<\/li>\n<li>R\u00fcckenlehnenh\u00f6he: 60 cm<\/li>\n<li>Stoffbezug: Stepp, verschiedene Farben<\/li>\n<li>Fu\u00dfkreuz: Alu poliert<\/li>\n<\/ul>\n<p><iframe width=\"100%\" height=\"450\" src=\"https:\/\/www.youtube.com\/embed\/K0Ht8x3OJnU\" title=\"YouTube video player\" frameborder=\"0\" allow=\"accelerometer; autoplay; clipboard-write; encrypted-media; gyroscope; picture-in-picture; web-share\" allowfullscreen=\"\"><\/iframe><\/p>\n<p><iframe width=\"100%\" height=\"450\" src=\"https:\/\/www.youtube.com\/embed\/BT8pISMfc4A?si=t-7XvezoVs5aMeyF\" title=\"YouTube video player\" frameborder=\"0\" allow=\"accelerometer; autoplay; clipboard-write; encrypted-media; gyroscope; picture-in-picture; web-share\" allowfullscreen=\"\"><\/iframe><\/p>\n","protected":false},"excerpt":{"rendered":"<h4>Je individueller Sie Ihren B\u00fcrostuhl an Ihre pers\u00f6nlichen Ma\u00dfe anpassen k\u00f6nnen, desto ges\u00fcnder und leistungsbereiter bleiben Sie w\u00e4hrend langer Sitzphasen.<\/h4>\n<p>Wichtig hierbei ist, dass die <strong>individuelle Anatomie ber\u00fccksichtigt<\/strong> wird und der B\u00fcrostuhl gen\u00fcgend Verstell- und Anpassungsm\u00f6glichkeiten bietet.<\/p>\n<p>Wir stellen Ihnen im Folgenden die wichtigsten vor.<\/p>\n<h4>Ein B\u00fcrostuhl der BIOSWING 5er-Reihe bietet ein Maximum an Bewegung.<\/h4>\n<p>Durch die integrierten Technologien reagiert der 5er nicht nur auf jeden Bewegungsimpuls des Nutzers, sondern passt sich auch an jede K\u00f6rperhaltung an, die man im Laufe eines langen Tages einnimmt. Ganz nach dem Motto: <strong>Die beste Haltung ist immer die n\u00e4chste<\/strong>.<\/p>\n<p>Aktive Bewegung in Verbindung mit einer aufrechten K\u00f6rperhaltung tun der Wirbels\u00e4ule gut. Mit der <strong>individuell einstellbaren Sitzneigungsverstellung<\/strong> k\u00f6nnen Sie jedes Modell aus der 5er-Reihe in der Neigung so Ihren W\u00fcnschen anpassen, dass Dank der Beckenaufrichtung auch die <strong>nat\u00fcrliche S-Form Ihrer Wirbels\u00e4ule erhalten<\/strong> bleibt.<\/p>\n<p><img decoding=\"async\" class=\"alignnone wp-image-916\" src=\"https:\/\/staging.bioswing.ee\/wp-content\/uploads\/2023\/04\/pdf.png\" alt=\"pdf\" width=\"19\" height=\"20\"> <a href=\"https:\/\/staging.bioswing.ee\/wp-content\/uploads\/2023\/04\/produktblatt_560_v02_EN.pdf\" target=\"_blank\" rel=\"noopener\">Produktblatt herunterladen (PDF)<\/a><\/p>\n","protected":false},"featured_media":2884,"template":"","meta":[],"product_brand":[],"product_cat":[120,102],"product_tag":[],"class_list":{"0":"post-2883","1":"product","2":"type-product","3":"status-publish","4":"has-post-thumbnail","6":"product_cat-buro-und-home-office","7":"product_cat-management-de","9":"first","10":"instock","11":"sale","12":"taxable","13":"shipping-taxable","14":"purchasable","15":"product-type-variable","16":"has-default-attributes"},"yoast_head":"<!-- This site is optimized with the Yoast SEO plugin v27.1.1 - https:\/\/yoast.com\/product\/yoast-seo-wordpress\/ -->\n<title>BIOSWING 560 iQ DETENSOR - BIOSWING<\/title>\n<meta name=\"robots\" content=\"noindex, follow, max-snippet:-1, max-image-preview:large, max-video-preview:-1\" \/>\n<meta property=\"og:locale\" content=\"de_DE\" \/>\n<meta property=\"og:type\" content=\"article\" \/>\n<meta property=\"og:title\" content=\"BIOSWING 560 iQ DETENSOR - BIOSWING\" \/>\n<meta property=\"og:description\" content=\"Je individueller Sie Ihren B\u00fcrostuhl an Ihre pers\u00f6nlichen Ma\u00dfe anpassen k\u00f6nnen, desto ges\u00fcnder und leistungsbereiter bleiben Sie w\u00e4hrend langer Sitzphasen. Wichtig hierbei ist, dass die individuelle Anatomie ber\u00fccksichtigt wird und der B\u00fcrostuhl gen\u00fcgend Verstell- und Anpassungsm\u00f6glichkeiten bietet. Wir stellen Ihnen im Folgenden die wichtigsten vor. Ein B\u00fcrostuhl der BIOSWING 5er-Reihe bietet ein Maximum an Bewegung. Durch die integrierten Technologien reagiert der 5er nicht nur auf jeden Bewegungsimpuls des Nutzers, sondern passt sich auch an jede K\u00f6rperhaltung an, die man im Laufe eines langen Tages einnimmt. Ganz nach dem Motto: Die beste Haltung ist immer die n\u00e4chste. Aktive Bewegung in Verbindung mit einer aufrechten K\u00f6rperhaltung tun der Wirbels\u00e4ule gut. Mit der individuell einstellbaren Sitzneigungsverstellung k\u00f6nnen Sie jedes Modell aus der 5er-Reihe in der Neigung so Ihren W\u00fcnschen anpassen, dass Dank der Beckenaufrichtung auch die nat\u00fcrliche S-Form Ihrer Wirbels\u00e4ule erhalten bleibt.  Produktblatt herunterladen (PDF)\" \/>\n<meta property=\"og:url\" content=\"https:\/\/staging.bioswing.ee\/de\/toode\/560-iq-detensor\/\" \/>\n<meta property=\"og:site_name\" content=\"BIOSWING\" \/>\n<meta property=\"article:modified_time\" content=\"2023-08-24T13:31:57+00:00\" \/>\n<meta property=\"og:image\" content=\"https:\/\/bioswing.ee\/wp-content\/uploads\/2023\/04\/560_IQ_Detensor.jpg\" \/>\n\t<meta property=\"og:image:width\" content=\"1874\" \/>\n\t<meta property=\"og:image:height\" content=\"2500\" \/>\n\t<meta property=\"og:image:type\" content=\"image\/jpeg\" \/>\n<meta name=\"twitter:card\" content=\"summary_large_image\" \/>\n<script type=\"application\/ld+json\" class=\"yoast-schema-graph\">{\"@context\":\"https:\/\/schema.org\",\"@graph\":[{\"@type\":\"WebPage\",\"@id\":\"https:\/\/staging.bioswing.ee\/de\/toode\/560-iq-detensor\/\",\"url\":\"https:\/\/staging.bioswing.ee\/de\/toode\/560-iq-detensor\/\",\"name\":\"BIOSWING 560 iQ DETENSOR - BIOSWING\",\"isPartOf\":{\"@id\":\"https:\/\/staging.bioswing.ee\/de\/#website\"},\"primaryImageOfPage\":{\"@id\":\"https:\/\/staging.bioswing.ee\/de\/toode\/560-iq-detensor\/#primaryimage\"},\"image\":{\"@id\":\"https:\/\/staging.bioswing.ee\/de\/toode\/560-iq-detensor\/#primaryimage\"},\"thumbnailUrl\":\"https:\/\/staging.bioswing.ee\/wp-content\/uploads\/2023\/04\/560_IQ_Detensor.jpg\",\"datePublished\":\"2023-04-13T12:36:39+00:00\",\"dateModified\":\"2023-08-24T13:31:57+00:00\",\"breadcrumb\":{\"@id\":\"https:\/\/staging.bioswing.ee\/de\/toode\/560-iq-detensor\/#breadcrumb\"},\"inLanguage\":\"de\",\"potentialAction\":[{\"@type\":\"ReadAction\",\"target\":[\"https:\/\/staging.bioswing.ee\/de\/toode\/560-iq-detensor\/\"]}]},{\"@type\":\"ImageObject\",\"inLanguage\":\"de\",\"@id\":\"https:\/\/staging.bioswing.ee\/de\/toode\/560-iq-detensor\/#primaryimage\",\"url\":\"https:\/\/staging.bioswing.ee\/wp-content\/uploads\/2023\/04\/560_IQ_Detensor.jpg\",\"contentUrl\":\"https:\/\/staging.bioswing.ee\/wp-content\/uploads\/2023\/04\/560_IQ_Detensor.jpg\",\"width\":1874,\"height\":2500},{\"@type\":\"BreadcrumbList\",\"@id\":\"https:\/\/staging.bioswing.ee\/de\/toode\/560-iq-detensor\/#breadcrumb\",\"itemListElement\":[{\"@type\":\"ListItem\",\"position\":1,\"name\":\"Home\",\"item\":\"https:\/\/bioswing.ee\/de\/\"},{\"@type\":\"ListItem\",\"position\":2,\"name\":\"SHOP\",\"item\":\"https:\/\/bioswing.ee\/de\/shop\/\"},{\"@type\":\"ListItem\",\"position\":3,\"name\":\"BIOSWING 560 iQ DETENSOR\"}]},{\"@type\":\"WebSite\",\"@id\":\"https:\/\/staging.bioswing.ee\/de\/#website\",\"url\":\"https:\/\/staging.bioswing.ee\/de\/\",\"name\":\"BIOSWING\",\"description\":\"Smart solutions for healthy sitting\",\"publisher\":{\"@id\":\"https:\/\/staging.bioswing.ee\/de\/#organization\"},\"potentialAction\":[{\"@type\":\"SearchAction\",\"target\":{\"@type\":\"EntryPoint\",\"urlTemplate\":\"https:\/\/staging.bioswing.ee\/de\/?s={search_term_string}\"},\"query-input\":{\"@type\":\"PropertyValueSpecification\",\"valueRequired\":true,\"valueName\":\"search_term_string\"}}],\"inLanguage\":\"de\"},{\"@type\":\"Organization\",\"@id\":\"https:\/\/staging.bioswing.ee\/de\/#organization\",\"name\":\"BIOSWING\",\"url\":\"https:\/\/staging.bioswing.ee\/de\/\",\"logo\":{\"@type\":\"ImageObject\",\"inLanguage\":\"de\",\"@id\":\"https:\/\/staging.bioswing.ee\/de\/#\/schema\/logo\/image\/\",\"url\":\"https:\/\/staging.bioswing.ee\/wp-content\/uploads\/2023\/04\/logo_web.png\",\"contentUrl\":\"https:\/\/staging.bioswing.ee\/wp-content\/uploads\/2023\/04\/logo_web.png\",\"width\":140,\"height\":122,\"caption\":\"BIOSWING\"},\"image\":{\"@id\":\"https:\/\/staging.bioswing.ee\/de\/#\/schema\/logo\/image\/\"}}]}<\/script>\n<!-- \/ Yoast SEO plugin. -->","yoast_head_json":{"title":"BIOSWING 560 iQ DETENSOR - BIOSWING","robots":{"index":"noindex","follow":"follow","max-snippet":"max-snippet:-1","max-image-preview":"max-image-preview:large","max-video-preview":"max-video-preview:-1"},"og_locale":"de_DE","og_type":"article","og_title":"BIOSWING 560 iQ DETENSOR - BIOSWING","og_description":"Je individueller Sie Ihren B\u00fcrostuhl an Ihre pers\u00f6nlichen Ma\u00dfe anpassen k\u00f6nnen, desto ges\u00fcnder und leistungsbereiter bleiben Sie w\u00e4hrend langer Sitzphasen. Wichtig hierbei ist, dass die individuelle Anatomie ber\u00fccksichtigt wird und der B\u00fcrostuhl gen\u00fcgend Verstell- und Anpassungsm\u00f6glichkeiten bietet. Wir stellen Ihnen im Folgenden die wichtigsten vor. Ein B\u00fcrostuhl der BIOSWING 5er-Reihe bietet ein Maximum an Bewegung. Durch die integrierten Technologien reagiert der 5er nicht nur auf jeden Bewegungsimpuls des Nutzers, sondern passt sich auch an jede K\u00f6rperhaltung an, die man im Laufe eines langen Tages einnimmt. Ganz nach dem Motto: Die beste Haltung ist immer die n\u00e4chste. Aktive Bewegung in Verbindung mit einer aufrechten K\u00f6rperhaltung tun der Wirbels\u00e4ule gut. Mit der individuell einstellbaren Sitzneigungsverstellung k\u00f6nnen Sie jedes Modell aus der 5er-Reihe in der Neigung so Ihren W\u00fcnschen anpassen, dass Dank der Beckenaufrichtung auch die nat\u00fcrliche S-Form Ihrer Wirbels\u00e4ule erhalten bleibt.  Produktblatt herunterladen (PDF)","og_url":"https:\/\/staging.bioswing.ee\/de\/toode\/560-iq-detensor\/","og_site_name":"BIOSWING","article_modified_time":"2023-08-24T13:31:57+00:00","og_image":[{"width":1874,"height":2500,"url":"https:\/\/bioswing.ee\/wp-content\/uploads\/2023\/04\/560_IQ_Detensor.jpg","type":"image\/jpeg"}],"twitter_card":"summary_large_image","schema":{"@context":"https:\/\/schema.org","@graph":[{"@type":"WebPage","@id":"https:\/\/staging.bioswing.ee\/de\/toode\/560-iq-detensor\/","url":"https:\/\/staging.bioswing.ee\/de\/toode\/560-iq-detensor\/","name":"BIOSWING 560 iQ DETENSOR - BIOSWING","isPartOf":{"@id":"https:\/\/staging.bioswing.ee\/de\/#website"},"primaryImageOfPage":{"@id":"https:\/\/staging.bioswing.ee\/de\/toode\/560-iq-detensor\/#primaryimage"},"image":{"@id":"https:\/\/staging.bioswing.ee\/de\/toode\/560-iq-detensor\/#primaryimage"},"thumbnailUrl":"https:\/\/staging.bioswing.ee\/wp-content\/uploads\/2023\/04\/560_IQ_Detensor.jpg","datePublished":"2023-04-13T12:36:39+00:00","dateModified":"2023-08-24T13:31:57+00:00","breadcrumb":{"@id":"https:\/\/staging.bioswing.ee\/de\/toode\/560-iq-detensor\/#breadcrumb"},"inLanguage":"de","potentialAction":[{"@type":"ReadAction","target":["https:\/\/staging.bioswing.ee\/de\/toode\/560-iq-detensor\/"]}]},{"@type":"ImageObject","inLanguage":"de","@id":"https:\/\/staging.bioswing.ee\/de\/toode\/560-iq-detensor\/#primaryimage","url":"https:\/\/staging.bioswing.ee\/wp-content\/uploads\/2023\/04\/560_IQ_Detensor.jpg","contentUrl":"https:\/\/staging.bioswing.ee\/wp-content\/uploads\/2023\/04\/560_IQ_Detensor.jpg","width":1874,"height":2500},{"@type":"BreadcrumbList","@id":"https:\/\/staging.bioswing.ee\/de\/toode\/560-iq-detensor\/#breadcrumb","itemListElement":[{"@type":"ListItem","position":1,"name":"Home","item":"https:\/\/bioswing.ee\/de\/"},{"@type":"ListItem","position":2,"name":"SHOP","item":"https:\/\/bioswing.ee\/de\/shop\/"},{"@type":"ListItem","position":3,"name":"BIOSWING 560 iQ DETENSOR"}]},{"@type":"WebSite","@id":"https:\/\/staging.bioswing.ee\/de\/#website","url":"https:\/\/staging.bioswing.ee\/de\/","name":"BIOSWING","description":"Smart solutions for healthy sitting","publisher":{"@id":"https:\/\/staging.bioswing.ee\/de\/#organization"},"potentialAction":[{"@type":"SearchAction","target":{"@type":"EntryPoint","urlTemplate":"https:\/\/staging.bioswing.ee\/de\/?s={search_term_string}"},"query-input":{"@type":"PropertyValueSpecification","valueRequired":true,"valueName":"search_term_string"}}],"inLanguage":"de"},{"@type":"Organization","@id":"https:\/\/staging.bioswing.ee\/de\/#organization","name":"BIOSWING","url":"https:\/\/staging.bioswing.ee\/de\/","logo":{"@type":"ImageObject","inLanguage":"de","@id":"https:\/\/staging.bioswing.ee\/de\/#\/schema\/logo\/image\/","url":"https:\/\/staging.bioswing.ee\/wp-content\/uploads\/2023\/04\/logo_web.png","contentUrl":"https:\/\/staging.bioswing.ee\/wp-content\/uploads\/2023\/04\/logo_web.png","width":140,"height":122,"caption":"BIOSWING"},"image":{"@id":"https:\/\/staging.bioswing.ee\/de\/#\/schema\/logo\/image\/"}}]}},"_links":{"self":[{"href":"https:\/\/staging.bioswing.ee\/de\/wp-json\/wp\/v2\/product\/2883","targetHints":{"allow":["GET"]}}],"collection":[{"href":"https:\/\/staging.bioswing.ee\/de\/wp-json\/wp\/v2\/product"}],"about":[{"href":"https:\/\/staging.bioswing.ee\/de\/wp-json\/wp\/v2\/types\/product"}],"wp:featuredmedia":[{"embeddable":true,"href":"https:\/\/staging.bioswing.ee\/de\/wp-json\/wp\/v2\/media\/2884"}],"wp:attachment":[{"href":"https:\/\/staging.bioswing.ee\/de\/wp-json\/wp\/v2\/media?parent=2883"}],"wp:term":[{"taxonomy":"product_brand","embeddable":true,"href":"https:\/\/staging.bioswing.ee\/de\/wp-json\/wp\/v2\/product_brand?post=2883"},{"taxonomy":"product_cat","embeddable":true,"href":"https:\/\/staging.bioswing.ee\/de\/wp-json\/wp\/v2\/product_cat?post=2883"},{"taxonomy":"product_tag","embeddable":true,"href":"https:\/\/staging.bioswing.ee\/de\/wp-json\/wp\/v2\/product_tag?post=2883"}],"curies":[{"name":"wp","href":"https:\/\/api.w.org\/{rel}","templated":true}]}}