{"id":31667,"date":"2025-09-25T12:44:52","date_gmt":"2025-09-25T12:44:52","guid":{"rendered":"https:\/\/staging.bioswing.ee\/toode\/oneup-easy-with-pelvic-support\/"},"modified":"2025-09-25T13:22:45","modified_gmt":"2025-09-25T13:22:45","slug":"oneup-easy-with-pelvic-support","status":"publish","type":"product","link":"https:\/\/staging.bioswing.ee\/de\/toode\/oneup-easy-with-pelvic-support\/","title":{"rendered":"oneUP EASY mit Beckenst\u00fctze"},"content":{"rendered":"<p><strong>BIOSWING oneUP EASY<\/strong><\/p>\n<ul>\n<li>Ergonomische und orthop\u00e4disch wirksame Sitz-Steh-L\u00f6sung f\u00fcr Office, Homeoffice und Praxis<\/li>\n<li>Integriertes, adaptives 3D-Sitzwerk<\/li>\n<li>Sattelsitz<\/li>\n<li>Individuell einstellbare Beckenst\u00fctze<\/li>\n<li>Beckenbalance-Mechanik (gegen Aufpreis)<\/li>\n<li>Stoffbezug: Felicity schwarz<\/li>\n<li>auch mit Bezug aus med. Kunstleder lieferbar<\/li>\n<li>Fu\u00dfkreuz: Kunststoff<\/li>\n<li>Rollen \u00f8 60 mm<\/li>\n<\/ul>\n<p><iframe title=\"YouTube video player\" src=\"https:\/\/www.youtube.com\/embed\/BT8pISMfc4A?si=t-7XvezoVs5aMeyF\" width=\"100%\" height=\"450\" frameborder=\"0\" allowfullscreen=\"allowfullscreen\"><\/iframe><\/p>\n","protected":false},"excerpt":{"rendered":"<h2>\u201eUp and down \u2013 and turn around\u201c Das ist das Motto beim oneUP.<\/h2>\n<p>Nutzen Sie die vielf\u00e4ltigen M\u00f6glichkeiten eines h\u00f6henverstellbaren Tisches schon aus?<\/p>\n<p>Jede Position zwischen Stehen und erh\u00f6htem Sitzen bietet Ihnen die Vielfalt unterschiedlichster K\u00f6rperhaltungen. Das Ziel dabei: <strong>Je \u00f6fter man die Position wechselt, desto besser f\u00fcr K\u00f6rper und Geist<\/strong>. Denn unser muskuloskelettales System ist auf Bewegung programmiert, sowohl im Stehen als auch im Sitzen. <\/p>\n<h2>Der BIOSWING oneUP ist ein echtes Allroundtalent.<\/h2>\n<p><strong>Denn er ist die intelligente L\u00f6sung f\u00fcr alle, die Sitzen und Stehen kombinieren wollen und bietet f\u00fcr die unterschiedlichsten Sitzhaltungen und Einsatzbereiche<\/strong> eine ideale Basis f\u00fcr ergonomisches \u2013 und dank dem integrierten 3D-Sitzwerk \u2013 auch sehr bewegungsreiches Sitzen.<\/p>\n<p>Ob <strong>Flughafencounter, Homeoffice, Physiotherapiepraxis oder B\u00fcro<\/strong>: der oneUP macht immer eine gute Figur.<\/p>\n","protected":false},"featured_media":31379,"template":"","meta":[],"product_brand":[],"product_cat":[120],"product_tag":[],"class_list":{"0":"post-31667","1":"product","2":"type-product","3":"status-publish","4":"has-post-thumbnail","6":"product_cat-buro-und-home-office","8":"first","9":"instock","10":"sale","11":"taxable","12":"shipping-taxable","13":"purchasable","14":"product-type-variable","15":"has-default-attributes"},"yoast_head":"<!-- This site is optimized with the Yoast SEO plugin v27.1.1 - https:\/\/yoast.com\/product\/yoast-seo-wordpress\/ -->\n<title>oneUP EASY mit Beckenst\u00fctze - BIOSWING<\/title>\n<meta name=\"robots\" content=\"noindex, follow, max-snippet:-1, max-image-preview:large, max-video-preview:-1\" \/>\n<meta property=\"og:locale\" content=\"de_DE\" \/>\n<meta property=\"og:type\" content=\"article\" \/>\n<meta property=\"og:title\" content=\"oneUP EASY mit Beckenst\u00fctze - BIOSWING\" \/>\n<meta property=\"og:description\" content=\"\u201eUp and down \u2013 and turn around\u201c Das ist das Motto beim oneUP. Nutzen Sie die vielf\u00e4ltigen M\u00f6glichkeiten eines h\u00f6henverstellbaren Tisches schon aus? Jede Position zwischen Stehen und erh\u00f6htem Sitzen bietet Ihnen die Vielfalt unterschiedlichster K\u00f6rperhaltungen. Das Ziel dabei: Je \u00f6fter man die Position wechselt, desto besser f\u00fcr K\u00f6rper und Geist. Denn unser muskuloskelettales System ist auf Bewegung programmiert, sowohl im Stehen als auch im Sitzen. Der BIOSWING oneUP ist ein echtes Allroundtalent. Denn er ist die intelligente L\u00f6sung f\u00fcr alle, die Sitzen und Stehen kombinieren wollen und bietet f\u00fcr die unterschiedlichsten Sitzhaltungen und Einsatzbereiche eine ideale Basis f\u00fcr ergonomisches \u2013 und dank dem integrierten 3D-Sitzwerk \u2013 auch sehr bewegungsreiches Sitzen. Ob Flughafencounter, Homeoffice, Physiotherapiepraxis oder B\u00fcro: der oneUP macht immer eine gute Figur.\" \/>\n<meta property=\"og:url\" content=\"https:\/\/staging.bioswing.ee\/de\/toode\/oneup-easy-with-pelvic-support\/\" \/>\n<meta property=\"og:site_name\" content=\"BIOSWING\" \/>\n<meta property=\"article:modified_time\" content=\"2025-09-25T13:22:45+00:00\" \/>\n<meta property=\"og:image\" content=\"https:\/\/bioswing.ee\/wp-content\/uploads\/2025\/09\/oneUp_EASY_BS05-min.jpg\" \/>\n\t<meta property=\"og:image:width\" content=\"1874\" \/>\n\t<meta property=\"og:image:height\" content=\"2500\" \/>\n\t<meta property=\"og:image:type\" content=\"image\/jpeg\" \/>\n<meta name=\"twitter:card\" content=\"summary_large_image\" \/>\n<script type=\"application\/ld+json\" class=\"yoast-schema-graph\">{\"@context\":\"https:\/\/schema.org\",\"@graph\":[{\"@type\":\"WebPage\",\"@id\":\"https:\/\/staging.bioswing.ee\/de\/toode\/oneup-easy-with-pelvic-support\/\",\"url\":\"https:\/\/staging.bioswing.ee\/de\/toode\/oneup-easy-with-pelvic-support\/\",\"name\":\"oneUP EASY mit Beckenst\u00fctze - BIOSWING\",\"isPartOf\":{\"@id\":\"https:\/\/staging.bioswing.ee\/de\/#website\"},\"primaryImageOfPage\":{\"@id\":\"https:\/\/staging.bioswing.ee\/de\/toode\/oneup-easy-with-pelvic-support\/#primaryimage\"},\"image\":{\"@id\":\"https:\/\/staging.bioswing.ee\/de\/toode\/oneup-easy-with-pelvic-support\/#primaryimage\"},\"thumbnailUrl\":\"https:\/\/staging.bioswing.ee\/wp-content\/uploads\/2025\/09\/oneUp_EASY_BS05-min.jpg\",\"datePublished\":\"2025-09-25T12:44:52+00:00\",\"dateModified\":\"2025-09-25T13:22:45+00:00\",\"breadcrumb\":{\"@id\":\"https:\/\/staging.bioswing.ee\/de\/toode\/oneup-easy-with-pelvic-support\/#breadcrumb\"},\"inLanguage\":\"de\",\"potentialAction\":[{\"@type\":\"ReadAction\",\"target\":[\"https:\/\/staging.bioswing.ee\/de\/toode\/oneup-easy-with-pelvic-support\/\"]}]},{\"@type\":\"ImageObject\",\"inLanguage\":\"de\",\"@id\":\"https:\/\/staging.bioswing.ee\/de\/toode\/oneup-easy-with-pelvic-support\/#primaryimage\",\"url\":\"https:\/\/staging.bioswing.ee\/wp-content\/uploads\/2025\/09\/oneUp_EASY_BS05-min.jpg\",\"contentUrl\":\"https:\/\/staging.bioswing.ee\/wp-content\/uploads\/2025\/09\/oneUp_EASY_BS05-min.jpg\",\"width\":1874,\"height\":2500,\"caption\":\"oneUP EASY with pelvic support\"},{\"@type\":\"BreadcrumbList\",\"@id\":\"https:\/\/staging.bioswing.ee\/de\/toode\/oneup-easy-with-pelvic-support\/#breadcrumb\",\"itemListElement\":[{\"@type\":\"ListItem\",\"position\":1,\"name\":\"Home\",\"item\":\"https:\/\/bioswing.ee\/de\/\"},{\"@type\":\"ListItem\",\"position\":2,\"name\":\"SHOP\",\"item\":\"https:\/\/bioswing.ee\/de\/shop\/\"},{\"@type\":\"ListItem\",\"position\":3,\"name\":\"oneUP EASY mit Beckenst\u00fctze\"}]},{\"@type\":\"WebSite\",\"@id\":\"https:\/\/staging.bioswing.ee\/de\/#website\",\"url\":\"https:\/\/staging.bioswing.ee\/de\/\",\"name\":\"BIOSWING\",\"description\":\"Smart solutions for healthy sitting\",\"publisher\":{\"@id\":\"https:\/\/staging.bioswing.ee\/de\/#organization\"},\"potentialAction\":[{\"@type\":\"SearchAction\",\"target\":{\"@type\":\"EntryPoint\",\"urlTemplate\":\"https:\/\/staging.bioswing.ee\/de\/?s={search_term_string}\"},\"query-input\":{\"@type\":\"PropertyValueSpecification\",\"valueRequired\":true,\"valueName\":\"search_term_string\"}}],\"inLanguage\":\"de\"},{\"@type\":\"Organization\",\"@id\":\"https:\/\/staging.bioswing.ee\/de\/#organization\",\"name\":\"BIOSWING\",\"url\":\"https:\/\/staging.bioswing.ee\/de\/\",\"logo\":{\"@type\":\"ImageObject\",\"inLanguage\":\"de\",\"@id\":\"https:\/\/staging.bioswing.ee\/de\/#\/schema\/logo\/image\/\",\"url\":\"https:\/\/staging.bioswing.ee\/wp-content\/uploads\/2023\/04\/logo_web.png\",\"contentUrl\":\"https:\/\/staging.bioswing.ee\/wp-content\/uploads\/2023\/04\/logo_web.png\",\"width\":140,\"height\":122,\"caption\":\"BIOSWING\"},\"image\":{\"@id\":\"https:\/\/staging.bioswing.ee\/de\/#\/schema\/logo\/image\/\"}}]}<\/script>\n<!-- \/ Yoast SEO plugin. -->","yoast_head_json":{"title":"oneUP EASY mit Beckenst\u00fctze - BIOSWING","robots":{"index":"noindex","follow":"follow","max-snippet":"max-snippet:-1","max-image-preview":"max-image-preview:large","max-video-preview":"max-video-preview:-1"},"og_locale":"de_DE","og_type":"article","og_title":"oneUP EASY mit Beckenst\u00fctze - BIOSWING","og_description":"\u201eUp and down \u2013 and turn around\u201c Das ist das Motto beim oneUP. Nutzen Sie die vielf\u00e4ltigen M\u00f6glichkeiten eines h\u00f6henverstellbaren Tisches schon aus? Jede Position zwischen Stehen und erh\u00f6htem Sitzen bietet Ihnen die Vielfalt unterschiedlichster K\u00f6rperhaltungen. Das Ziel dabei: Je \u00f6fter man die Position wechselt, desto besser f\u00fcr K\u00f6rper und Geist. Denn unser muskuloskelettales System ist auf Bewegung programmiert, sowohl im Stehen als auch im Sitzen. Der BIOSWING oneUP ist ein echtes Allroundtalent. Denn er ist die intelligente L\u00f6sung f\u00fcr alle, die Sitzen und Stehen kombinieren wollen und bietet f\u00fcr die unterschiedlichsten Sitzhaltungen und Einsatzbereiche eine ideale Basis f\u00fcr ergonomisches \u2013 und dank dem integrierten 3D-Sitzwerk \u2013 auch sehr bewegungsreiches Sitzen. Ob Flughafencounter, Homeoffice, Physiotherapiepraxis oder B\u00fcro: der oneUP macht immer eine gute Figur.","og_url":"https:\/\/staging.bioswing.ee\/de\/toode\/oneup-easy-with-pelvic-support\/","og_site_name":"BIOSWING","article_modified_time":"2025-09-25T13:22:45+00:00","og_image":[{"width":1874,"height":2500,"url":"https:\/\/bioswing.ee\/wp-content\/uploads\/2025\/09\/oneUp_EASY_BS05-min.jpg","type":"image\/jpeg"}],"twitter_card":"summary_large_image","schema":{"@context":"https:\/\/schema.org","@graph":[{"@type":"WebPage","@id":"https:\/\/staging.bioswing.ee\/de\/toode\/oneup-easy-with-pelvic-support\/","url":"https:\/\/staging.bioswing.ee\/de\/toode\/oneup-easy-with-pelvic-support\/","name":"oneUP EASY mit Beckenst\u00fctze - BIOSWING","isPartOf":{"@id":"https:\/\/staging.bioswing.ee\/de\/#website"},"primaryImageOfPage":{"@id":"https:\/\/staging.bioswing.ee\/de\/toode\/oneup-easy-with-pelvic-support\/#primaryimage"},"image":{"@id":"https:\/\/staging.bioswing.ee\/de\/toode\/oneup-easy-with-pelvic-support\/#primaryimage"},"thumbnailUrl":"https:\/\/staging.bioswing.ee\/wp-content\/uploads\/2025\/09\/oneUp_EASY_BS05-min.jpg","datePublished":"2025-09-25T12:44:52+00:00","dateModified":"2025-09-25T13:22:45+00:00","breadcrumb":{"@id":"https:\/\/staging.bioswing.ee\/de\/toode\/oneup-easy-with-pelvic-support\/#breadcrumb"},"inLanguage":"de","potentialAction":[{"@type":"ReadAction","target":["https:\/\/staging.bioswing.ee\/de\/toode\/oneup-easy-with-pelvic-support\/"]}]},{"@type":"ImageObject","inLanguage":"de","@id":"https:\/\/staging.bioswing.ee\/de\/toode\/oneup-easy-with-pelvic-support\/#primaryimage","url":"https:\/\/staging.bioswing.ee\/wp-content\/uploads\/2025\/09\/oneUp_EASY_BS05-min.jpg","contentUrl":"https:\/\/staging.bioswing.ee\/wp-content\/uploads\/2025\/09\/oneUp_EASY_BS05-min.jpg","width":1874,"height":2500,"caption":"oneUP EASY with pelvic support"},{"@type":"BreadcrumbList","@id":"https:\/\/staging.bioswing.ee\/de\/toode\/oneup-easy-with-pelvic-support\/#breadcrumb","itemListElement":[{"@type":"ListItem","position":1,"name":"Home","item":"https:\/\/bioswing.ee\/de\/"},{"@type":"ListItem","position":2,"name":"SHOP","item":"https:\/\/bioswing.ee\/de\/shop\/"},{"@type":"ListItem","position":3,"name":"oneUP EASY mit Beckenst\u00fctze"}]},{"@type":"WebSite","@id":"https:\/\/staging.bioswing.ee\/de\/#website","url":"https:\/\/staging.bioswing.ee\/de\/","name":"BIOSWING","description":"Smart solutions for healthy sitting","publisher":{"@id":"https:\/\/staging.bioswing.ee\/de\/#organization"},"potentialAction":[{"@type":"SearchAction","target":{"@type":"EntryPoint","urlTemplate":"https:\/\/staging.bioswing.ee\/de\/?s={search_term_string}"},"query-input":{"@type":"PropertyValueSpecification","valueRequired":true,"valueName":"search_term_string"}}],"inLanguage":"de"},{"@type":"Organization","@id":"https:\/\/staging.bioswing.ee\/de\/#organization","name":"BIOSWING","url":"https:\/\/staging.bioswing.ee\/de\/","logo":{"@type":"ImageObject","inLanguage":"de","@id":"https:\/\/staging.bioswing.ee\/de\/#\/schema\/logo\/image\/","url":"https:\/\/staging.bioswing.ee\/wp-content\/uploads\/2023\/04\/logo_web.png","contentUrl":"https:\/\/staging.bioswing.ee\/wp-content\/uploads\/2023\/04\/logo_web.png","width":140,"height":122,"caption":"BIOSWING"},"image":{"@id":"https:\/\/staging.bioswing.ee\/de\/#\/schema\/logo\/image\/"}}]}},"_links":{"self":[{"href":"https:\/\/staging.bioswing.ee\/de\/wp-json\/wp\/v2\/product\/31667","targetHints":{"allow":["GET"]}}],"collection":[{"href":"https:\/\/staging.bioswing.ee\/de\/wp-json\/wp\/v2\/product"}],"about":[{"href":"https:\/\/staging.bioswing.ee\/de\/wp-json\/wp\/v2\/types\/product"}],"wp:featuredmedia":[{"embeddable":true,"href":"https:\/\/staging.bioswing.ee\/de\/wp-json\/wp\/v2\/media\/31379"}],"wp:attachment":[{"href":"https:\/\/staging.bioswing.ee\/de\/wp-json\/wp\/v2\/media?parent=31667"}],"wp:term":[{"taxonomy":"product_brand","embeddable":true,"href":"https:\/\/staging.bioswing.ee\/de\/wp-json\/wp\/v2\/product_brand?post=31667"},{"taxonomy":"product_cat","embeddable":true,"href":"https:\/\/staging.bioswing.ee\/de\/wp-json\/wp\/v2\/product_cat?post=31667"},{"taxonomy":"product_tag","embeddable":true,"href":"https:\/\/staging.bioswing.ee\/de\/wp-json\/wp\/v2\/product_tag?post=31667"}],"curies":[{"name":"wp","href":"https:\/\/api.w.org\/{rel}","templated":true}]}}