{"id":3366,"date":"2023-04-13T12:57:48","date_gmt":"2023-04-13T12:57:48","guid":{"rendered":"https:\/\/staging.bioswing.ee\/toode\/660-iq-mesh\/"},"modified":"2023-08-24T13:31:58","modified_gmt":"2023-08-24T13:31:58","slug":"660-iq-mesh","status":"publish","type":"product","link":"https:\/\/staging.bioswing.ee\/de\/toode\/660-iq-mesh\/","title":{"rendered":"BIOSWING 660 iQ MESH"},"content":{"rendered":"<h3>BIOSWING 660 iQ MESH<\/h3>\n<ul>\n<li>Ergonomischer und orthop\u00e4disch wirksamer B\u00fcrodrehstuhl<\/li>\n<li>Integriertes, adaptives 3D-Sitzwerk<\/li>\n<li>Synchronmechanik mit automatischer Gewichtsanpassung (sowie Feinjustierung)<\/li>\n<li>3D-Armlehnen f\u00fcr multifunktionale Anpassung an unterschiedliche Arbeitspositionen<\/li>\n<li>Individuelle Sitzneigungsverstellung mit Gasfeder, stufenlos einstellbar<\/li>\n<li>Zus\u00e4tzliche Beckenbalance<\/li>\n<li>Sitztiefenanpassung f\u00fcr unterschiedlich lange Beinl\u00e4ngen<\/li>\n<li>R\u00fcckenlehne in der H\u00f6he einstellbar, zus\u00e4tzlich mit individuell in der W\u00f6lbung einstellbarer Lordosenst\u00fctze<\/li>\n<li>3D-Nackenst\u00fctze mit stufenloser Anpassung in H\u00f6he, Tiefe und Neigung<\/li>\n<li>R\u00fcckenlehnenh\u00f6he: 60 cm<\/li>\n<li>Stoffbezug: Stepp, verschiedene Farben<\/li>\n<li>Fu\u00dfkreuz: Alu poliert<\/li>\n<\/ul>\n<p><iframe width=\"100%\" height=\"450\" src=\"https:\/\/www.youtube.com\/embed\/HZcjV5Wtxhk\" title=\"YouTube video player\" frameborder=\"0\" allow=\"accelerometer; autoplay; clipboard-write; encrypted-media; gyroscope; picture-in-picture; web-share\" allowfullscreen=\"\"><\/iframe><\/p>\n<p><iframe width=\"100%\" height=\"450\" src=\"https:\/\/www.youtube.com\/embed\/RdAkGYfQRU0?si=iZjPFPN7BfNfVNQH\" title=\"YouTube video player\" frameborder=\"0\" allow=\"accelerometer; autoplay; clipboard-write; encrypted-media; gyroscope; picture-in-picture; web-share\" allowfullscreen=\"\"><\/iframe><\/p>\n","protected":false},"excerpt":{"rendered":"<h4>Wer t\u00e4glich maximale Performance bringen muss, braucht einen B\u00fcrostuhl, der mehr kann: BIOSWING, der Performance-Booster.<\/h4>\n<p>Entdecken Sie auf dieser Seite alles, wie diese Technologie Ihnen hilft, <strong>mehr Leistung<\/strong> zu bringen.<\/p>\n<p>Wichtig hierbei ist, dass Ihre <strong>individuelle Anatomie ber\u00fccksichtigt wird<\/strong> und der B\u00fcrostuhl die perfekten Verstell- und Anpassungsm\u00f6glichkeiten bietet.<\/p>\n<h4>Ein BIOSWING-B\u00fcrostuhl der 6er-Reihe bietet ein Maximum an zus\u00e4tzlicher Bewegung.<\/h4>\n<p>Denn durch die raffinierten integrierten Mechaniken reagiert der 6er nicht nur auf jeden Ihrer Bewegungsimpulse, sondern passt sich auch wunderbar anschmiegsam an jede K\u00f6rperhaltung an, die Sie im Laufe eines langen Tages einnehmen.<\/p>\n<p>Aktive Bewegung und regelm\u00e4\u00dfig wechselnde K\u00f6rperhaltungen tun Ihrer Wirbels\u00e4ule gut. Mit der serienm\u00e4\u00dfigen <strong>individuell einstellbaren Sitzneigungsverstellung<\/strong> und einer wunderbar weich reagierenden <strong>Beckenbalance<\/strong> k\u00f6nnen Sie spielend leicht Ihr Becken richtig justieren und gleichzeitig Ihre Wirbels\u00e4ule in die nat\u00fcrliche <strong>S-Form<\/strong> bringen. Das aktiviert zus\u00e4tzliche Potenziale f\u00fcr K\u00f6rper und Geist.<\/p>\n<p><img decoding=\"async\" class=\"alignnone wp-image-916\" src=\"https:\/\/staging.bioswing.ee\/wp-content\/uploads\/2023\/04\/pdf.png\" alt=\"pdf\" width=\"19\" height=\"20\"> <a href=\"https:\/\/staging.bioswing.ee\/wp-content\/uploads\/2023\/04\/produktblatt_660_v05_EN.pdf\" target=\"_blank\" rel=\"noopener\">Produktblatt herunterladen (PDF)<\/a><\/p>\n","protected":false},"featured_media":18425,"template":"","meta":[],"product_brand":[],"product_cat":[102],"product_tag":[],"class_list":{"0":"post-3366","1":"product","2":"type-product","3":"status-publish","4":"has-post-thumbnail","6":"product_cat-management-de","8":"first","9":"instock","10":"sale","11":"taxable","12":"shipping-taxable","13":"purchasable","14":"product-type-variable","15":"has-default-attributes"},"yoast_head":"<!-- This site is optimized with the Yoast SEO plugin v27.1.1 - https:\/\/yoast.com\/product\/yoast-seo-wordpress\/ -->\n<title>BIOSWING 660 iQ MESH - BIOSWING<\/title>\n<meta name=\"robots\" content=\"noindex, follow, max-snippet:-1, max-image-preview:large, max-video-preview:-1\" \/>\n<meta property=\"og:locale\" content=\"de_DE\" \/>\n<meta property=\"og:type\" content=\"article\" \/>\n<meta property=\"og:title\" content=\"BIOSWING 660 iQ MESH - BIOSWING\" \/>\n<meta property=\"og:description\" content=\"Wer t\u00e4glich maximale Performance bringen muss, braucht einen B\u00fcrostuhl, der mehr kann: BIOSWING, der Performance-Booster. Entdecken Sie auf dieser Seite alles, wie diese Technologie Ihnen hilft, mehr Leistung zu bringen. Wichtig hierbei ist, dass Ihre individuelle Anatomie ber\u00fccksichtigt wird und der B\u00fcrostuhl die perfekten Verstell- und Anpassungsm\u00f6glichkeiten bietet. Ein BIOSWING-B\u00fcrostuhl der 6er-Reihe bietet ein Maximum an zus\u00e4tzlicher Bewegung. Denn durch die raffinierten integrierten Mechaniken reagiert der 6er nicht nur auf jeden Ihrer Bewegungsimpulse, sondern passt sich auch wunderbar anschmiegsam an jede K\u00f6rperhaltung an, die Sie im Laufe eines langen Tages einnehmen. Aktive Bewegung und regelm\u00e4\u00dfig wechselnde K\u00f6rperhaltungen tun Ihrer Wirbels\u00e4ule gut. Mit der serienm\u00e4\u00dfigen individuell einstellbaren Sitzneigungsverstellung und einer wunderbar weich reagierenden Beckenbalance k\u00f6nnen Sie spielend leicht Ihr Becken richtig justieren und gleichzeitig Ihre Wirbels\u00e4ule in die nat\u00fcrliche S-Form bringen. Das aktiviert zus\u00e4tzliche Potenziale f\u00fcr K\u00f6rper und Geist.  Produktblatt herunterladen (PDF)\" \/>\n<meta property=\"og:url\" content=\"https:\/\/staging.bioswing.ee\/de\/toode\/660-iq-mesh\/\" \/>\n<meta property=\"og:site_name\" content=\"BIOSWING\" \/>\n<meta property=\"article:modified_time\" content=\"2023-08-24T13:31:58+00:00\" \/>\n<meta property=\"og:image\" content=\"https:\/\/bioswing.ee\/wp-content\/uploads\/2023\/04\/660_IQ_Netz_v2.jpg\" \/>\n\t<meta property=\"og:image:width\" content=\"1874\" \/>\n\t<meta property=\"og:image:height\" content=\"2500\" \/>\n\t<meta property=\"og:image:type\" content=\"image\/jpeg\" \/>\n<meta name=\"twitter:card\" content=\"summary_large_image\" \/>\n<script type=\"application\/ld+json\" class=\"yoast-schema-graph\">{\"@context\":\"https:\/\/schema.org\",\"@graph\":[{\"@type\":\"WebPage\",\"@id\":\"https:\/\/staging.bioswing.ee\/de\/toode\/660-iq-mesh\/\",\"url\":\"https:\/\/staging.bioswing.ee\/de\/toode\/660-iq-mesh\/\",\"name\":\"BIOSWING 660 iQ MESH - BIOSWING\",\"isPartOf\":{\"@id\":\"https:\/\/staging.bioswing.ee\/de\/#website\"},\"primaryImageOfPage\":{\"@id\":\"https:\/\/staging.bioswing.ee\/de\/toode\/660-iq-mesh\/#primaryimage\"},\"image\":{\"@id\":\"https:\/\/staging.bioswing.ee\/de\/toode\/660-iq-mesh\/#primaryimage\"},\"thumbnailUrl\":\"https:\/\/staging.bioswing.ee\/wp-content\/uploads\/2023\/04\/660_IQ_Netz_v2.jpg\",\"datePublished\":\"2023-04-13T12:57:48+00:00\",\"dateModified\":\"2023-08-24T13:31:58+00:00\",\"breadcrumb\":{\"@id\":\"https:\/\/staging.bioswing.ee\/de\/toode\/660-iq-mesh\/#breadcrumb\"},\"inLanguage\":\"de\",\"potentialAction\":[{\"@type\":\"ReadAction\",\"target\":[\"https:\/\/staging.bioswing.ee\/de\/toode\/660-iq-mesh\/\"]}]},{\"@type\":\"ImageObject\",\"inLanguage\":\"de\",\"@id\":\"https:\/\/staging.bioswing.ee\/de\/toode\/660-iq-mesh\/#primaryimage\",\"url\":\"https:\/\/staging.bioswing.ee\/wp-content\/uploads\/2023\/04\/660_IQ_Netz_v2.jpg\",\"contentUrl\":\"https:\/\/staging.bioswing.ee\/wp-content\/uploads\/2023\/04\/660_IQ_Netz_v2.jpg\",\"width\":1874,\"height\":2500},{\"@type\":\"BreadcrumbList\",\"@id\":\"https:\/\/staging.bioswing.ee\/de\/toode\/660-iq-mesh\/#breadcrumb\",\"itemListElement\":[{\"@type\":\"ListItem\",\"position\":1,\"name\":\"Home\",\"item\":\"https:\/\/bioswing.ee\/de\/\"},{\"@type\":\"ListItem\",\"position\":2,\"name\":\"SHOP\",\"item\":\"https:\/\/bioswing.ee\/de\/shop\/\"},{\"@type\":\"ListItem\",\"position\":3,\"name\":\"BIOSWING 660 iQ MESH\"}]},{\"@type\":\"WebSite\",\"@id\":\"https:\/\/staging.bioswing.ee\/de\/#website\",\"url\":\"https:\/\/staging.bioswing.ee\/de\/\",\"name\":\"BIOSWING\",\"description\":\"Smart solutions for healthy sitting\",\"publisher\":{\"@id\":\"https:\/\/staging.bioswing.ee\/de\/#organization\"},\"potentialAction\":[{\"@type\":\"SearchAction\",\"target\":{\"@type\":\"EntryPoint\",\"urlTemplate\":\"https:\/\/staging.bioswing.ee\/de\/?s={search_term_string}\"},\"query-input\":{\"@type\":\"PropertyValueSpecification\",\"valueRequired\":true,\"valueName\":\"search_term_string\"}}],\"inLanguage\":\"de\"},{\"@type\":\"Organization\",\"@id\":\"https:\/\/staging.bioswing.ee\/de\/#organization\",\"name\":\"BIOSWING\",\"url\":\"https:\/\/staging.bioswing.ee\/de\/\",\"logo\":{\"@type\":\"ImageObject\",\"inLanguage\":\"de\",\"@id\":\"https:\/\/staging.bioswing.ee\/de\/#\/schema\/logo\/image\/\",\"url\":\"https:\/\/staging.bioswing.ee\/wp-content\/uploads\/2023\/04\/logo_web.png\",\"contentUrl\":\"https:\/\/staging.bioswing.ee\/wp-content\/uploads\/2023\/04\/logo_web.png\",\"width\":140,\"height\":122,\"caption\":\"BIOSWING\"},\"image\":{\"@id\":\"https:\/\/staging.bioswing.ee\/de\/#\/schema\/logo\/image\/\"}}]}<\/script>\n<!-- \/ Yoast SEO plugin. -->","yoast_head_json":{"title":"BIOSWING 660 iQ MESH - BIOSWING","robots":{"index":"noindex","follow":"follow","max-snippet":"max-snippet:-1","max-image-preview":"max-image-preview:large","max-video-preview":"max-video-preview:-1"},"og_locale":"de_DE","og_type":"article","og_title":"BIOSWING 660 iQ MESH - BIOSWING","og_description":"Wer t\u00e4glich maximale Performance bringen muss, braucht einen B\u00fcrostuhl, der mehr kann: BIOSWING, der Performance-Booster. Entdecken Sie auf dieser Seite alles, wie diese Technologie Ihnen hilft, mehr Leistung zu bringen. Wichtig hierbei ist, dass Ihre individuelle Anatomie ber\u00fccksichtigt wird und der B\u00fcrostuhl die perfekten Verstell- und Anpassungsm\u00f6glichkeiten bietet. Ein BIOSWING-B\u00fcrostuhl der 6er-Reihe bietet ein Maximum an zus\u00e4tzlicher Bewegung. Denn durch die raffinierten integrierten Mechaniken reagiert der 6er nicht nur auf jeden Ihrer Bewegungsimpulse, sondern passt sich auch wunderbar anschmiegsam an jede K\u00f6rperhaltung an, die Sie im Laufe eines langen Tages einnehmen. Aktive Bewegung und regelm\u00e4\u00dfig wechselnde K\u00f6rperhaltungen tun Ihrer Wirbels\u00e4ule gut. Mit der serienm\u00e4\u00dfigen individuell einstellbaren Sitzneigungsverstellung und einer wunderbar weich reagierenden Beckenbalance k\u00f6nnen Sie spielend leicht Ihr Becken richtig justieren und gleichzeitig Ihre Wirbels\u00e4ule in die nat\u00fcrliche S-Form bringen. Das aktiviert zus\u00e4tzliche Potenziale f\u00fcr K\u00f6rper und Geist.  Produktblatt herunterladen (PDF)","og_url":"https:\/\/staging.bioswing.ee\/de\/toode\/660-iq-mesh\/","og_site_name":"BIOSWING","article_modified_time":"2023-08-24T13:31:58+00:00","og_image":[{"width":1874,"height":2500,"url":"https:\/\/bioswing.ee\/wp-content\/uploads\/2023\/04\/660_IQ_Netz_v2.jpg","type":"image\/jpeg"}],"twitter_card":"summary_large_image","schema":{"@context":"https:\/\/schema.org","@graph":[{"@type":"WebPage","@id":"https:\/\/staging.bioswing.ee\/de\/toode\/660-iq-mesh\/","url":"https:\/\/staging.bioswing.ee\/de\/toode\/660-iq-mesh\/","name":"BIOSWING 660 iQ MESH - BIOSWING","isPartOf":{"@id":"https:\/\/staging.bioswing.ee\/de\/#website"},"primaryImageOfPage":{"@id":"https:\/\/staging.bioswing.ee\/de\/toode\/660-iq-mesh\/#primaryimage"},"image":{"@id":"https:\/\/staging.bioswing.ee\/de\/toode\/660-iq-mesh\/#primaryimage"},"thumbnailUrl":"https:\/\/staging.bioswing.ee\/wp-content\/uploads\/2023\/04\/660_IQ_Netz_v2.jpg","datePublished":"2023-04-13T12:57:48+00:00","dateModified":"2023-08-24T13:31:58+00:00","breadcrumb":{"@id":"https:\/\/staging.bioswing.ee\/de\/toode\/660-iq-mesh\/#breadcrumb"},"inLanguage":"de","potentialAction":[{"@type":"ReadAction","target":["https:\/\/staging.bioswing.ee\/de\/toode\/660-iq-mesh\/"]}]},{"@type":"ImageObject","inLanguage":"de","@id":"https:\/\/staging.bioswing.ee\/de\/toode\/660-iq-mesh\/#primaryimage","url":"https:\/\/staging.bioswing.ee\/wp-content\/uploads\/2023\/04\/660_IQ_Netz_v2.jpg","contentUrl":"https:\/\/staging.bioswing.ee\/wp-content\/uploads\/2023\/04\/660_IQ_Netz_v2.jpg","width":1874,"height":2500},{"@type":"BreadcrumbList","@id":"https:\/\/staging.bioswing.ee\/de\/toode\/660-iq-mesh\/#breadcrumb","itemListElement":[{"@type":"ListItem","position":1,"name":"Home","item":"https:\/\/bioswing.ee\/de\/"},{"@type":"ListItem","position":2,"name":"SHOP","item":"https:\/\/bioswing.ee\/de\/shop\/"},{"@type":"ListItem","position":3,"name":"BIOSWING 660 iQ MESH"}]},{"@type":"WebSite","@id":"https:\/\/staging.bioswing.ee\/de\/#website","url":"https:\/\/staging.bioswing.ee\/de\/","name":"BIOSWING","description":"Smart solutions for healthy sitting","publisher":{"@id":"https:\/\/staging.bioswing.ee\/de\/#organization"},"potentialAction":[{"@type":"SearchAction","target":{"@type":"EntryPoint","urlTemplate":"https:\/\/staging.bioswing.ee\/de\/?s={search_term_string}"},"query-input":{"@type":"PropertyValueSpecification","valueRequired":true,"valueName":"search_term_string"}}],"inLanguage":"de"},{"@type":"Organization","@id":"https:\/\/staging.bioswing.ee\/de\/#organization","name":"BIOSWING","url":"https:\/\/staging.bioswing.ee\/de\/","logo":{"@type":"ImageObject","inLanguage":"de","@id":"https:\/\/staging.bioswing.ee\/de\/#\/schema\/logo\/image\/","url":"https:\/\/staging.bioswing.ee\/wp-content\/uploads\/2023\/04\/logo_web.png","contentUrl":"https:\/\/staging.bioswing.ee\/wp-content\/uploads\/2023\/04\/logo_web.png","width":140,"height":122,"caption":"BIOSWING"},"image":{"@id":"https:\/\/staging.bioswing.ee\/de\/#\/schema\/logo\/image\/"}}]}},"_links":{"self":[{"href":"https:\/\/staging.bioswing.ee\/de\/wp-json\/wp\/v2\/product\/3366","targetHints":{"allow":["GET"]}}],"collection":[{"href":"https:\/\/staging.bioswing.ee\/de\/wp-json\/wp\/v2\/product"}],"about":[{"href":"https:\/\/staging.bioswing.ee\/de\/wp-json\/wp\/v2\/types\/product"}],"wp:featuredmedia":[{"embeddable":true,"href":"https:\/\/staging.bioswing.ee\/de\/wp-json\/wp\/v2\/media\/18425"}],"wp:attachment":[{"href":"https:\/\/staging.bioswing.ee\/de\/wp-json\/wp\/v2\/media?parent=3366"}],"wp:term":[{"taxonomy":"product_brand","embeddable":true,"href":"https:\/\/staging.bioswing.ee\/de\/wp-json\/wp\/v2\/product_brand?post=3366"},{"taxonomy":"product_cat","embeddable":true,"href":"https:\/\/staging.bioswing.ee\/de\/wp-json\/wp\/v2\/product_cat?post=3366"},{"taxonomy":"product_tag","embeddable":true,"href":"https:\/\/staging.bioswing.ee\/de\/wp-json\/wp\/v2\/product_tag?post=3366"}],"curies":[{"name":"wp","href":"https:\/\/api.w.org\/{rel}","templated":true}]}}