{"id":3692,"date":"2023-04-14T11:41:18","date_gmt":"2023-04-14T11:41:18","guid":{"rendered":"https:\/\/staging.bioswing.ee\/toode\/780-iq\/"},"modified":"2023-08-24T13:32:05","modified_gmt":"2023-08-24T13:32:05","slug":"780-iq","status":"publish","type":"product","link":"https:\/\/staging.bioswing.ee\/de\/toode\/780-iq\/","title":{"rendered":"BIOSWING 780 iQ"},"content":{"rendered":"<h3>BIOSWING 780 iQ<\/h3>\n<ul>\n<li>Ergonomischer und orthop\u00e4disch wirksamer B\u00fcrodrehstuhl<\/li>\n<li>Integriertes, adaptives 3D-Sitzwerk<\/li>\n<li>Synchronmechanik mit individueller Gewichtsanpassung.<\/li>\n<li>Leder-Armlehnen mit individueller H\u00f6heneinstellung.<\/li>\n<li>Individuelle Sitzneigungsverstellung mit Gasfeder, stufenlos einstellbar<\/li>\n<li>Zus\u00e4tzliche Beckenbalance<\/li>\n<li>Sitztiefenanpassung f\u00fcr unterschiedlich lange Beinl\u00e4ngen<\/li>\n<li>R\u00fcckenlehne mit integrierter, in der H\u00f6he einstellbarer Nackenst\u00fctze, zus\u00e4tzlich mit individuell in der W\u00f6lbung und H\u00f6he einstellbarer Lordosenst\u00fctze<\/li>\n<li>R\u00fcckenlehnenh\u00f6he: 80 cm<\/li>\n<li>Bezug: Rindsleder in verschiedenen Farben<\/li>\n<li>Fu\u00dfkreuz: Alu poliert<\/li>\n<li>Rollen: Chrom<\/li>\n<\/ul>\n<p><iframe width=\"100%\" height=\"450\" src=\"https:\/\/www.youtube.com\/embed\/WkNjcHLZfsA\" title=\"YouTube video player\" frameborder=\"0\" allow=\"accelerometer; autoplay; clipboard-write; encrypted-media; gyroscope; picture-in-picture; web-share\" allowfullscreen=\"\"><\/iframe><\/p>\n<p><iframe width=\"100%\" height=\"450\" src=\"https:\/\/www.youtube.com\/embed\/RdAkGYfQRU0?si=iZjPFPN7BfNfVNQH\" title=\"YouTube video player\" frameborder=\"0\" allow=\"accelerometer; autoplay; clipboard-write; encrypted-media; gyroscope; picture-in-picture; web-share\" allowfullscreen=\"\"><\/iframe><\/p>\n","protected":false},"excerpt":{"rendered":"<h4>Wer t\u00e4glich maximale Performance bringen muss, braucht einen B\u00fcrostuhl, der mehr kann: BIOSWING, der Performance-Booster.<\/h4>\n<p>Entdecken Sie auf dieser Seite alles, wie diese Technologie Ihnen hilft, <strong>mehr Leistung<\/strong> zu bringen.<\/p>\n<p>Wichtig hierbei ist, dass Ihre <strong>individuelle Anatomie ber\u00fccksichtigt wird<\/strong> und der B\u00fcrostuhl die perfekten Verstell- und Anpassungsm\u00f6glichkeiten bietet.<\/p>\n<h4>Die BIOSWING 7er-Reihe bietet ein Maximum an Komfort und Luxus. Ohne jedoch die gesundheitlichen Aspekte wie gezielte Bewegungsf\u00f6rderung beim Sitzen und Ergonomie zu vernachl\u00e4ssigen.<\/h4>\n<p>Auch diese Modellreihe passt sich wunderbar harmonisch an jede K\u00f6rperhaltung an, die man im Laufe eines langen Tages einnimmt und bietet zus\u00e4tzlich unnachahmliche Entspannungsm\u00f6glichkeiten.<\/p>\n<p>Aktive Bewegung und regelm\u00e4\u00dfig wechselnde K\u00f6rperhaltungen tun Ihrer Wirbels\u00e4ule gut. Mit der serienm\u00e4\u00dfigen <strong>individuell einstellbaren Sitzneigungsverstellung<\/strong> und einer wunderbar weich reagierenden <strong>Beckenbalance<\/strong> k\u00f6nnen Sie spielend leicht Ihr Becken richtig justieren und gleichzeitig Ihre Wirbels\u00e4ule in die <strong>nat\u00fcrliche S-Form<\/strong> bringen.<\/p>\n<h4>Die BIOSWING 7er-Reihe bietet ein Maximum an Komfort und Luxus. Ohne jedoch die gesundheitlichen Aspekte wie gezielte Bewegungsf\u00f6rderung beim Sitzen und Ergonomie zu vernachl\u00e4ssigen.<\/h4>\n<p>Auch diese Modellreihe passt sich wunderbar harmonisch an jede K\u00f6rperhaltung an, die man im Laufe eines langen Tages einnimmt und bietet zus\u00e4tzlich unnachahmliche Entspannungsm\u00f6glichkeiten.<\/p>\n<p><img decoding=\"async\" class=\"alignnone wp-image-916\" src=\"https:\/\/staging.bioswing.ee\/wp-content\/uploads\/2023\/04\/pdf.png\" alt=\"pdf\" width=\"19\" height=\"20\"> <a href=\"https:\/\/staging.bioswing.ee\/wp-content\/uploads\/2023\/04\/produktblatt_780_v02_EN.pdf\" target=\"_blank\" rel=\"noopener\">Produktblatt herunterladen (PDF)<\/a><\/p>\n","protected":false},"featured_media":3693,"template":"","meta":[],"product_brand":[],"product_cat":[102],"product_tag":[],"class_list":{"0":"post-3692","1":"product","2":"type-product","3":"status-publish","4":"has-post-thumbnail","6":"product_cat-management-de","8":"first","9":"instock","10":"taxable","11":"shipping-taxable","12":"product-type-simple"},"yoast_head":"<!-- This site is optimized with the Yoast SEO plugin v27.1.1 - https:\/\/yoast.com\/product\/yoast-seo-wordpress\/ -->\n<title>BIOSWING 780 iQ - BIOSWING<\/title>\n<meta name=\"robots\" content=\"noindex, follow, max-snippet:-1, max-image-preview:large, max-video-preview:-1\" \/>\n<meta property=\"og:locale\" content=\"de_DE\" \/>\n<meta property=\"og:type\" content=\"article\" \/>\n<meta property=\"og:title\" content=\"BIOSWING 780 iQ - BIOSWING\" \/>\n<meta property=\"og:description\" content=\"Wer t\u00e4glich maximale Performance bringen muss, braucht einen B\u00fcrostuhl, der mehr kann: BIOSWING, der Performance-Booster. Entdecken Sie auf dieser Seite alles, wie diese Technologie Ihnen hilft, mehr Leistung zu bringen. Wichtig hierbei ist, dass Ihre individuelle Anatomie ber\u00fccksichtigt wird und der B\u00fcrostuhl die perfekten Verstell- und Anpassungsm\u00f6glichkeiten bietet. Die BIOSWING 7er-Reihe bietet ein Maximum an Komfort und Luxus. Ohne jedoch die gesundheitlichen Aspekte wie gezielte Bewegungsf\u00f6rderung beim Sitzen und Ergonomie zu vernachl\u00e4ssigen. Auch diese Modellreihe passt sich wunderbar harmonisch an jede K\u00f6rperhaltung an, die man im Laufe eines langen Tages einnimmt und bietet zus\u00e4tzlich unnachahmliche Entspannungsm\u00f6glichkeiten. Aktive Bewegung und regelm\u00e4\u00dfig wechselnde K\u00f6rperhaltungen tun Ihrer Wirbels\u00e4ule gut. Mit der serienm\u00e4\u00dfigen individuell einstellbaren Sitzneigungsverstellung und einer wunderbar weich reagierenden Beckenbalance k\u00f6nnen Sie spielend leicht Ihr Becken richtig justieren und gleichzeitig Ihre Wirbels\u00e4ule in die nat\u00fcrliche S-Form bringen. Die BIOSWING 7er-Reihe bietet ein Maximum an Komfort und Luxus. Ohne jedoch die gesundheitlichen Aspekte wie gezielte Bewegungsf\u00f6rderung beim Sitzen und Ergonomie zu vernachl\u00e4ssigen. Auch diese Modellreihe passt sich wunderbar harmonisch an jede K\u00f6rperhaltung an, die man im Laufe eines langen Tages einnimmt und bietet zus\u00e4tzlich unnachahmliche Entspannungsm\u00f6glichkeiten.  Produktblatt herunterladen (PDF)\" \/>\n<meta property=\"og:url\" content=\"https:\/\/staging.bioswing.ee\/de\/toode\/780-iq\/\" \/>\n<meta property=\"og:site_name\" content=\"BIOSWING\" \/>\n<meta property=\"article:modified_time\" content=\"2023-08-24T13:32:05+00:00\" \/>\n<meta property=\"og:image\" content=\"https:\/\/bioswing.ee\/wp-content\/uploads\/2023\/04\/780_IQ.jpg\" \/>\n\t<meta property=\"og:image:width\" content=\"1874\" \/>\n\t<meta property=\"og:image:height\" content=\"2500\" \/>\n\t<meta property=\"og:image:type\" content=\"image\/jpeg\" \/>\n<meta name=\"twitter:card\" content=\"summary_large_image\" \/>\n<script type=\"application\/ld+json\" class=\"yoast-schema-graph\">{\"@context\":\"https:\/\/schema.org\",\"@graph\":[{\"@type\":\"WebPage\",\"@id\":\"https:\/\/staging.bioswing.ee\/de\/toode\/780-iq\/\",\"url\":\"https:\/\/staging.bioswing.ee\/de\/toode\/780-iq\/\",\"name\":\"BIOSWING 780 iQ - BIOSWING\",\"isPartOf\":{\"@id\":\"https:\/\/staging.bioswing.ee\/de\/#website\"},\"primaryImageOfPage\":{\"@id\":\"https:\/\/staging.bioswing.ee\/de\/toode\/780-iq\/#primaryimage\"},\"image\":{\"@id\":\"https:\/\/staging.bioswing.ee\/de\/toode\/780-iq\/#primaryimage\"},\"thumbnailUrl\":\"https:\/\/staging.bioswing.ee\/wp-content\/uploads\/2023\/04\/780_IQ.jpg\",\"datePublished\":\"2023-04-14T11:41:18+00:00\",\"dateModified\":\"2023-08-24T13:32:05+00:00\",\"breadcrumb\":{\"@id\":\"https:\/\/staging.bioswing.ee\/de\/toode\/780-iq\/#breadcrumb\"},\"inLanguage\":\"de\",\"potentialAction\":[{\"@type\":\"ReadAction\",\"target\":[\"https:\/\/staging.bioswing.ee\/de\/toode\/780-iq\/\"]}]},{\"@type\":\"ImageObject\",\"inLanguage\":\"de\",\"@id\":\"https:\/\/staging.bioswing.ee\/de\/toode\/780-iq\/#primaryimage\",\"url\":\"https:\/\/staging.bioswing.ee\/wp-content\/uploads\/2023\/04\/780_IQ.jpg\",\"contentUrl\":\"https:\/\/staging.bioswing.ee\/wp-content\/uploads\/2023\/04\/780_IQ.jpg\",\"width\":1874,\"height\":2500},{\"@type\":\"BreadcrumbList\",\"@id\":\"https:\/\/staging.bioswing.ee\/de\/toode\/780-iq\/#breadcrumb\",\"itemListElement\":[{\"@type\":\"ListItem\",\"position\":1,\"name\":\"Home\",\"item\":\"https:\/\/bioswing.ee\/de\/\"},{\"@type\":\"ListItem\",\"position\":2,\"name\":\"SHOP\",\"item\":\"https:\/\/bioswing.ee\/de\/shop\/\"},{\"@type\":\"ListItem\",\"position\":3,\"name\":\"BIOSWING 780 iQ\"}]},{\"@type\":\"WebSite\",\"@id\":\"https:\/\/staging.bioswing.ee\/de\/#website\",\"url\":\"https:\/\/staging.bioswing.ee\/de\/\",\"name\":\"BIOSWING\",\"description\":\"Smart solutions for healthy sitting\",\"publisher\":{\"@id\":\"https:\/\/staging.bioswing.ee\/de\/#organization\"},\"potentialAction\":[{\"@type\":\"SearchAction\",\"target\":{\"@type\":\"EntryPoint\",\"urlTemplate\":\"https:\/\/staging.bioswing.ee\/de\/?s={search_term_string}\"},\"query-input\":{\"@type\":\"PropertyValueSpecification\",\"valueRequired\":true,\"valueName\":\"search_term_string\"}}],\"inLanguage\":\"de\"},{\"@type\":\"Organization\",\"@id\":\"https:\/\/staging.bioswing.ee\/de\/#organization\",\"name\":\"BIOSWING\",\"url\":\"https:\/\/staging.bioswing.ee\/de\/\",\"logo\":{\"@type\":\"ImageObject\",\"inLanguage\":\"de\",\"@id\":\"https:\/\/staging.bioswing.ee\/de\/#\/schema\/logo\/image\/\",\"url\":\"https:\/\/staging.bioswing.ee\/wp-content\/uploads\/2023\/04\/logo_web.png\",\"contentUrl\":\"https:\/\/staging.bioswing.ee\/wp-content\/uploads\/2023\/04\/logo_web.png\",\"width\":140,\"height\":122,\"caption\":\"BIOSWING\"},\"image\":{\"@id\":\"https:\/\/staging.bioswing.ee\/de\/#\/schema\/logo\/image\/\"}}]}<\/script>\n<!-- \/ Yoast SEO plugin. -->","yoast_head_json":{"title":"BIOSWING 780 iQ - BIOSWING","robots":{"index":"noindex","follow":"follow","max-snippet":"max-snippet:-1","max-image-preview":"max-image-preview:large","max-video-preview":"max-video-preview:-1"},"og_locale":"de_DE","og_type":"article","og_title":"BIOSWING 780 iQ - BIOSWING","og_description":"Wer t\u00e4glich maximale Performance bringen muss, braucht einen B\u00fcrostuhl, der mehr kann: BIOSWING, der Performance-Booster. Entdecken Sie auf dieser Seite alles, wie diese Technologie Ihnen hilft, mehr Leistung zu bringen. Wichtig hierbei ist, dass Ihre individuelle Anatomie ber\u00fccksichtigt wird und der B\u00fcrostuhl die perfekten Verstell- und Anpassungsm\u00f6glichkeiten bietet. Die BIOSWING 7er-Reihe bietet ein Maximum an Komfort und Luxus. Ohne jedoch die gesundheitlichen Aspekte wie gezielte Bewegungsf\u00f6rderung beim Sitzen und Ergonomie zu vernachl\u00e4ssigen. Auch diese Modellreihe passt sich wunderbar harmonisch an jede K\u00f6rperhaltung an, die man im Laufe eines langen Tages einnimmt und bietet zus\u00e4tzlich unnachahmliche Entspannungsm\u00f6glichkeiten. Aktive Bewegung und regelm\u00e4\u00dfig wechselnde K\u00f6rperhaltungen tun Ihrer Wirbels\u00e4ule gut. Mit der serienm\u00e4\u00dfigen individuell einstellbaren Sitzneigungsverstellung und einer wunderbar weich reagierenden Beckenbalance k\u00f6nnen Sie spielend leicht Ihr Becken richtig justieren und gleichzeitig Ihre Wirbels\u00e4ule in die nat\u00fcrliche S-Form bringen. Die BIOSWING 7er-Reihe bietet ein Maximum an Komfort und Luxus. Ohne jedoch die gesundheitlichen Aspekte wie gezielte Bewegungsf\u00f6rderung beim Sitzen und Ergonomie zu vernachl\u00e4ssigen. Auch diese Modellreihe passt sich wunderbar harmonisch an jede K\u00f6rperhaltung an, die man im Laufe eines langen Tages einnimmt und bietet zus\u00e4tzlich unnachahmliche Entspannungsm\u00f6glichkeiten.  Produktblatt herunterladen (PDF)","og_url":"https:\/\/staging.bioswing.ee\/de\/toode\/780-iq\/","og_site_name":"BIOSWING","article_modified_time":"2023-08-24T13:32:05+00:00","og_image":[{"width":1874,"height":2500,"url":"https:\/\/bioswing.ee\/wp-content\/uploads\/2023\/04\/780_IQ.jpg","type":"image\/jpeg"}],"twitter_card":"summary_large_image","schema":{"@context":"https:\/\/schema.org","@graph":[{"@type":"WebPage","@id":"https:\/\/staging.bioswing.ee\/de\/toode\/780-iq\/","url":"https:\/\/staging.bioswing.ee\/de\/toode\/780-iq\/","name":"BIOSWING 780 iQ - BIOSWING","isPartOf":{"@id":"https:\/\/staging.bioswing.ee\/de\/#website"},"primaryImageOfPage":{"@id":"https:\/\/staging.bioswing.ee\/de\/toode\/780-iq\/#primaryimage"},"image":{"@id":"https:\/\/staging.bioswing.ee\/de\/toode\/780-iq\/#primaryimage"},"thumbnailUrl":"https:\/\/staging.bioswing.ee\/wp-content\/uploads\/2023\/04\/780_IQ.jpg","datePublished":"2023-04-14T11:41:18+00:00","dateModified":"2023-08-24T13:32:05+00:00","breadcrumb":{"@id":"https:\/\/staging.bioswing.ee\/de\/toode\/780-iq\/#breadcrumb"},"inLanguage":"de","potentialAction":[{"@type":"ReadAction","target":["https:\/\/staging.bioswing.ee\/de\/toode\/780-iq\/"]}]},{"@type":"ImageObject","inLanguage":"de","@id":"https:\/\/staging.bioswing.ee\/de\/toode\/780-iq\/#primaryimage","url":"https:\/\/staging.bioswing.ee\/wp-content\/uploads\/2023\/04\/780_IQ.jpg","contentUrl":"https:\/\/staging.bioswing.ee\/wp-content\/uploads\/2023\/04\/780_IQ.jpg","width":1874,"height":2500},{"@type":"BreadcrumbList","@id":"https:\/\/staging.bioswing.ee\/de\/toode\/780-iq\/#breadcrumb","itemListElement":[{"@type":"ListItem","position":1,"name":"Home","item":"https:\/\/bioswing.ee\/de\/"},{"@type":"ListItem","position":2,"name":"SHOP","item":"https:\/\/bioswing.ee\/de\/shop\/"},{"@type":"ListItem","position":3,"name":"BIOSWING 780 iQ"}]},{"@type":"WebSite","@id":"https:\/\/staging.bioswing.ee\/de\/#website","url":"https:\/\/staging.bioswing.ee\/de\/","name":"BIOSWING","description":"Smart solutions for healthy sitting","publisher":{"@id":"https:\/\/staging.bioswing.ee\/de\/#organization"},"potentialAction":[{"@type":"SearchAction","target":{"@type":"EntryPoint","urlTemplate":"https:\/\/staging.bioswing.ee\/de\/?s={search_term_string}"},"query-input":{"@type":"PropertyValueSpecification","valueRequired":true,"valueName":"search_term_string"}}],"inLanguage":"de"},{"@type":"Organization","@id":"https:\/\/staging.bioswing.ee\/de\/#organization","name":"BIOSWING","url":"https:\/\/staging.bioswing.ee\/de\/","logo":{"@type":"ImageObject","inLanguage":"de","@id":"https:\/\/staging.bioswing.ee\/de\/#\/schema\/logo\/image\/","url":"https:\/\/staging.bioswing.ee\/wp-content\/uploads\/2023\/04\/logo_web.png","contentUrl":"https:\/\/staging.bioswing.ee\/wp-content\/uploads\/2023\/04\/logo_web.png","width":140,"height":122,"caption":"BIOSWING"},"image":{"@id":"https:\/\/staging.bioswing.ee\/de\/#\/schema\/logo\/image\/"}}]}},"_links":{"self":[{"href":"https:\/\/staging.bioswing.ee\/de\/wp-json\/wp\/v2\/product\/3692","targetHints":{"allow":["GET"]}}],"collection":[{"href":"https:\/\/staging.bioswing.ee\/de\/wp-json\/wp\/v2\/product"}],"about":[{"href":"https:\/\/staging.bioswing.ee\/de\/wp-json\/wp\/v2\/types\/product"}],"wp:featuredmedia":[{"embeddable":true,"href":"https:\/\/staging.bioswing.ee\/de\/wp-json\/wp\/v2\/media\/3693"}],"wp:attachment":[{"href":"https:\/\/staging.bioswing.ee\/de\/wp-json\/wp\/v2\/media?parent=3692"}],"wp:term":[{"taxonomy":"product_brand","embeddable":true,"href":"https:\/\/staging.bioswing.ee\/de\/wp-json\/wp\/v2\/product_brand?post=3692"},{"taxonomy":"product_cat","embeddable":true,"href":"https:\/\/staging.bioswing.ee\/de\/wp-json\/wp\/v2\/product_cat?post=3692"},{"taxonomy":"product_tag","embeddable":true,"href":"https:\/\/staging.bioswing.ee\/de\/wp-json\/wp\/v2\/product_tag?post=3692"}],"curies":[{"name":"wp","href":"https:\/\/api.w.org\/{rel}","templated":true}]}}