{"id":4044,"date":"2023-04-13T11:10:47","date_gmt":"2023-04-13T11:10:47","guid":{"rendered":"https:\/\/staging.bioswing.ee\/toode\/boogie-classic\/"},"modified":"2023-08-24T12:44:55","modified_gmt":"2023-08-24T12:44:55","slug":"boogie-classic","status":"publish","type":"product","link":"https:\/\/staging.bioswing.ee\/de\/toode\/boogie-classic\/","title":{"rendered":"BIOSWING Boogie Classic"},"content":{"rendered":"<h4>BIOSWING Boogie<\/h4>\n<ul>\n<li>Ergonomischer und orthop\u00e4disch wirksamer Hocker f\u00fcr Praxis und Office<\/li>\n<li>Integriertes, adaptives 3D-Sitzwerk<\/li>\n<li>Flachsitz<\/li>\n<li>Ergonomische R\u00fcckenst\u00fctze mit integrierten Armauflagen<\/li>\n<li>Beckenbalance-Mechanik zur physiologischen Positionierung des Beckens<\/li>\n<li>Stoffbezug: X-treme FR schwarz<\/li>\n<li>Fu\u00dfkreuz: Alu poliert<\/li>\n<li>Rollen \u00f8 60 mm mit Chromgeh\u00e4use<\/li>\n<\/ul>\n<p><iframe title=\"YouTube video player\" src=\"https:\/\/www.youtube.com\/embed\/N2VSN7bLghI\" width=\"100%\" height=\"450\" frameborder=\"0\" allowfullscreen=\"allowfullscreen\"><\/iframe><\/p>\n<p><iframe width=\"100%\" height=\"450\" src=\"https:\/\/www.youtube.com\/embed\/BT8pISMfc4A?si=t-7XvezoVs5aMeyF\" title=\"YouTube video player\" frameborder=\"0\" allow=\"accelerometer; autoplay; clipboard-write; encrypted-media; gyroscope; picture-in-picture; web-share\" allowfullscreen=\"\"><\/iframe><\/p>\n","protected":false},"excerpt":{"rendered":"<p>Nutzen Sie die vielf\u00e4ltigen M\u00f6glichkeiten eines h\u00f6henverstellbaren Tisches schon aus?<\/p>\n<p>Jede Position zwischen Stehen und erh\u00f6htem Sitzen bietet Ihnen die Vielfalt unterschiedlichster K\u00f6rperhaltungen. Das Ziel dabei: Je \u00f6fter man die Position wechselt, desto besser f\u00fcr K\u00f6rper und Geist. Denn unser muskuloskelettales System ist auf Bewegung programmiert, sowohl im <strong>Mikro\u2013<\/strong> als auch im <strong>Makrobereich<\/strong>.<\/p>\n<p>Der BIOSWING Boogie ist ein echtes <strong>Allroundtalent<\/strong>. Denn durch die Gestaltung der verschiedenen Sitzfl\u00e4chen sowie Becken- oder R\u00fcckenst\u00fctzen bietet er f\u00fcr die unterschiedlichsten Einsatzbereiche eine ideale Basis f\u00fcr ergonomisches \u2013 und dank dem integrierten 3D-Sitzwerk \u2013 auch sehr bewegungsreiches Sitzen.<\/p>\n<p>Ob <strong>Arztpraxis, Physiotherapie oder B\u00fcro<\/strong>: der Boogie macht immer eine gute Figur.<\/p>\n<p>Den BIOSWING Boogie gibt es in unterschiedlichen Sitzh\u00f6hen, mit oder ohne Fu\u00dfring und sogar f\u00fcr die Bereiche, in denen steril gearbeitet wird, mit Fu\u00dfausl\u00f6sung.<\/p>\n<p>F\u00fcr jeden Einsatzbereich bieten wir einen entsprechenden, speziellen Bezugsstoff an, der sich vorschriftsm\u00e4\u00dfig reinigen und desinfizieren l\u00e4sst.<\/p>\n<p>Wer gerne steht, wird seinen Boogie m\u00f6glicherweise auch \u00f6fter in der h\u00f6chsten Position als Stehhilfe nutzen und sich nur ab und zu setzen wollen. Daf\u00fcr bietet sich der optionale Fu\u00dfring an, auf dem Sie zwischendurch Ihre F\u00fc\u00dfe abst\u00fctzen k\u00f6nnen.<\/p>\n<p>Ideal auch f\u00fcr Counter-L\u00f6sungen, bei denen Kundenkontakt auf Augenh\u00f6he stattfinden soll.<\/p>\n","protected":false},"featured_media":4045,"template":"","meta":[],"product_brand":[],"product_cat":[120],"product_tag":[],"class_list":{"0":"post-4044","1":"product","2":"type-product","3":"status-publish","4":"has-post-thumbnail","6":"product_cat-buro-und-home-office","8":"first","9":"instock","10":"sale","11":"taxable","12":"shipping-taxable","13":"purchasable","14":"product-type-variable","15":"has-default-attributes"},"yoast_head":"<!-- This site is optimized with the Yoast SEO plugin v27.1.1 - https:\/\/yoast.com\/product\/yoast-seo-wordpress\/ -->\n<title>BIOSWING Boogie Classic - BIOSWING<\/title>\n<meta name=\"robots\" content=\"noindex, follow, max-snippet:-1, max-image-preview:large, max-video-preview:-1\" \/>\n<meta property=\"og:locale\" content=\"de_DE\" \/>\n<meta property=\"og:type\" content=\"article\" \/>\n<meta property=\"og:title\" content=\"BIOSWING Boogie Classic - BIOSWING\" \/>\n<meta property=\"og:description\" content=\"Nutzen Sie die vielf\u00e4ltigen M\u00f6glichkeiten eines h\u00f6henverstellbaren Tisches schon aus? Jede Position zwischen Stehen und erh\u00f6htem Sitzen bietet Ihnen die Vielfalt unterschiedlichster K\u00f6rperhaltungen. Das Ziel dabei: Je \u00f6fter man die Position wechselt, desto besser f\u00fcr K\u00f6rper und Geist. Denn unser muskuloskelettales System ist auf Bewegung programmiert, sowohl im Mikro\u2013 als auch im Makrobereich. Der BIOSWING Boogie ist ein echtes Allroundtalent. Denn durch die Gestaltung der verschiedenen Sitzfl\u00e4chen sowie Becken- oder R\u00fcckenst\u00fctzen bietet er f\u00fcr die unterschiedlichsten Einsatzbereiche eine ideale Basis f\u00fcr ergonomisches \u2013 und dank dem integrierten 3D-Sitzwerk \u2013 auch sehr bewegungsreiches Sitzen. Ob Arztpraxis, Physiotherapie oder B\u00fcro: der Boogie macht immer eine gute Figur. Den BIOSWING Boogie gibt es in unterschiedlichen Sitzh\u00f6hen, mit oder ohne Fu\u00dfring und sogar f\u00fcr die Bereiche, in denen steril gearbeitet wird, mit Fu\u00dfausl\u00f6sung. F\u00fcr jeden Einsatzbereich bieten wir einen entsprechenden, speziellen Bezugsstoff an, der sich vorschriftsm\u00e4\u00dfig reinigen und desinfizieren l\u00e4sst. Wer gerne steht, wird seinen Boogie m\u00f6glicherweise auch \u00f6fter in der h\u00f6chsten Position als Stehhilfe nutzen und sich nur ab und zu setzen wollen. Daf\u00fcr bietet sich der optionale Fu\u00dfring an, auf dem Sie zwischendurch Ihre F\u00fc\u00dfe abst\u00fctzen k\u00f6nnen. Ideal auch f\u00fcr Counter-L\u00f6sungen, bei denen Kundenkontakt auf Augenh\u00f6he stattfinden soll.\" \/>\n<meta property=\"og:url\" content=\"https:\/\/staging.bioswing.ee\/de\/toode\/boogie-classic\/\" \/>\n<meta property=\"og:site_name\" content=\"BIOSWING\" \/>\n<meta property=\"article:modified_time\" content=\"2023-08-24T12:44:55+00:00\" \/>\n<meta property=\"og:image\" content=\"https:\/\/bioswing.ee\/wp-content\/uploads\/2023\/04\/Boogie_Classic01.jpg\" \/>\n\t<meta property=\"og:image:width\" content=\"1874\" \/>\n\t<meta property=\"og:image:height\" content=\"2500\" \/>\n\t<meta property=\"og:image:type\" content=\"image\/jpeg\" \/>\n<meta name=\"twitter:card\" content=\"summary_large_image\" \/>\n<script type=\"application\/ld+json\" class=\"yoast-schema-graph\">{\"@context\":\"https:\/\/schema.org\",\"@graph\":[{\"@type\":\"WebPage\",\"@id\":\"https:\/\/staging.bioswing.ee\/de\/toode\/boogie-classic\/\",\"url\":\"https:\/\/staging.bioswing.ee\/de\/toode\/boogie-classic\/\",\"name\":\"BIOSWING Boogie Classic - BIOSWING\",\"isPartOf\":{\"@id\":\"https:\/\/staging.bioswing.ee\/de\/#website\"},\"primaryImageOfPage\":{\"@id\":\"https:\/\/staging.bioswing.ee\/de\/toode\/boogie-classic\/#primaryimage\"},\"image\":{\"@id\":\"https:\/\/staging.bioswing.ee\/de\/toode\/boogie-classic\/#primaryimage\"},\"thumbnailUrl\":\"https:\/\/staging.bioswing.ee\/wp-content\/uploads\/2023\/04\/Boogie_Classic01.jpg\",\"datePublished\":\"2023-04-13T11:10:47+00:00\",\"dateModified\":\"2023-08-24T12:44:55+00:00\",\"breadcrumb\":{\"@id\":\"https:\/\/staging.bioswing.ee\/de\/toode\/boogie-classic\/#breadcrumb\"},\"inLanguage\":\"de\",\"potentialAction\":[{\"@type\":\"ReadAction\",\"target\":[\"https:\/\/staging.bioswing.ee\/de\/toode\/boogie-classic\/\"]}]},{\"@type\":\"ImageObject\",\"inLanguage\":\"de\",\"@id\":\"https:\/\/staging.bioswing.ee\/de\/toode\/boogie-classic\/#primaryimage\",\"url\":\"https:\/\/staging.bioswing.ee\/wp-content\/uploads\/2023\/04\/Boogie_Classic01.jpg\",\"contentUrl\":\"https:\/\/staging.bioswing.ee\/wp-content\/uploads\/2023\/04\/Boogie_Classic01.jpg\",\"width\":1874,\"height\":2500},{\"@type\":\"BreadcrumbList\",\"@id\":\"https:\/\/staging.bioswing.ee\/de\/toode\/boogie-classic\/#breadcrumb\",\"itemListElement\":[{\"@type\":\"ListItem\",\"position\":1,\"name\":\"Home\",\"item\":\"https:\/\/bioswing.ee\/de\/\"},{\"@type\":\"ListItem\",\"position\":2,\"name\":\"SHOP\",\"item\":\"https:\/\/bioswing.ee\/de\/shop\/\"},{\"@type\":\"ListItem\",\"position\":3,\"name\":\"BIOSWING Boogie Classic\"}]},{\"@type\":\"WebSite\",\"@id\":\"https:\/\/staging.bioswing.ee\/de\/#website\",\"url\":\"https:\/\/staging.bioswing.ee\/de\/\",\"name\":\"BIOSWING\",\"description\":\"Smart solutions for healthy sitting\",\"publisher\":{\"@id\":\"https:\/\/staging.bioswing.ee\/de\/#organization\"},\"potentialAction\":[{\"@type\":\"SearchAction\",\"target\":{\"@type\":\"EntryPoint\",\"urlTemplate\":\"https:\/\/staging.bioswing.ee\/de\/?s={search_term_string}\"},\"query-input\":{\"@type\":\"PropertyValueSpecification\",\"valueRequired\":true,\"valueName\":\"search_term_string\"}}],\"inLanguage\":\"de\"},{\"@type\":\"Organization\",\"@id\":\"https:\/\/staging.bioswing.ee\/de\/#organization\",\"name\":\"BIOSWING\",\"url\":\"https:\/\/staging.bioswing.ee\/de\/\",\"logo\":{\"@type\":\"ImageObject\",\"inLanguage\":\"de\",\"@id\":\"https:\/\/staging.bioswing.ee\/de\/#\/schema\/logo\/image\/\",\"url\":\"https:\/\/staging.bioswing.ee\/wp-content\/uploads\/2023\/04\/logo_web.png\",\"contentUrl\":\"https:\/\/staging.bioswing.ee\/wp-content\/uploads\/2023\/04\/logo_web.png\",\"width\":140,\"height\":122,\"caption\":\"BIOSWING\"},\"image\":{\"@id\":\"https:\/\/staging.bioswing.ee\/de\/#\/schema\/logo\/image\/\"}}]}<\/script>\n<!-- \/ Yoast SEO plugin. -->","yoast_head_json":{"title":"BIOSWING Boogie Classic - BIOSWING","robots":{"index":"noindex","follow":"follow","max-snippet":"max-snippet:-1","max-image-preview":"max-image-preview:large","max-video-preview":"max-video-preview:-1"},"og_locale":"de_DE","og_type":"article","og_title":"BIOSWING Boogie Classic - BIOSWING","og_description":"Nutzen Sie die vielf\u00e4ltigen M\u00f6glichkeiten eines h\u00f6henverstellbaren Tisches schon aus? Jede Position zwischen Stehen und erh\u00f6htem Sitzen bietet Ihnen die Vielfalt unterschiedlichster K\u00f6rperhaltungen. Das Ziel dabei: Je \u00f6fter man die Position wechselt, desto besser f\u00fcr K\u00f6rper und Geist. Denn unser muskuloskelettales System ist auf Bewegung programmiert, sowohl im Mikro\u2013 als auch im Makrobereich. Der BIOSWING Boogie ist ein echtes Allroundtalent. Denn durch die Gestaltung der verschiedenen Sitzfl\u00e4chen sowie Becken- oder R\u00fcckenst\u00fctzen bietet er f\u00fcr die unterschiedlichsten Einsatzbereiche eine ideale Basis f\u00fcr ergonomisches \u2013 und dank dem integrierten 3D-Sitzwerk \u2013 auch sehr bewegungsreiches Sitzen. Ob Arztpraxis, Physiotherapie oder B\u00fcro: der Boogie macht immer eine gute Figur. Den BIOSWING Boogie gibt es in unterschiedlichen Sitzh\u00f6hen, mit oder ohne Fu\u00dfring und sogar f\u00fcr die Bereiche, in denen steril gearbeitet wird, mit Fu\u00dfausl\u00f6sung. F\u00fcr jeden Einsatzbereich bieten wir einen entsprechenden, speziellen Bezugsstoff an, der sich vorschriftsm\u00e4\u00dfig reinigen und desinfizieren l\u00e4sst. Wer gerne steht, wird seinen Boogie m\u00f6glicherweise auch \u00f6fter in der h\u00f6chsten Position als Stehhilfe nutzen und sich nur ab und zu setzen wollen. Daf\u00fcr bietet sich der optionale Fu\u00dfring an, auf dem Sie zwischendurch Ihre F\u00fc\u00dfe abst\u00fctzen k\u00f6nnen. Ideal auch f\u00fcr Counter-L\u00f6sungen, bei denen Kundenkontakt auf Augenh\u00f6he stattfinden soll.","og_url":"https:\/\/staging.bioswing.ee\/de\/toode\/boogie-classic\/","og_site_name":"BIOSWING","article_modified_time":"2023-08-24T12:44:55+00:00","og_image":[{"width":1874,"height":2500,"url":"https:\/\/bioswing.ee\/wp-content\/uploads\/2023\/04\/Boogie_Classic01.jpg","type":"image\/jpeg"}],"twitter_card":"summary_large_image","schema":{"@context":"https:\/\/schema.org","@graph":[{"@type":"WebPage","@id":"https:\/\/staging.bioswing.ee\/de\/toode\/boogie-classic\/","url":"https:\/\/staging.bioswing.ee\/de\/toode\/boogie-classic\/","name":"BIOSWING Boogie Classic - BIOSWING","isPartOf":{"@id":"https:\/\/staging.bioswing.ee\/de\/#website"},"primaryImageOfPage":{"@id":"https:\/\/staging.bioswing.ee\/de\/toode\/boogie-classic\/#primaryimage"},"image":{"@id":"https:\/\/staging.bioswing.ee\/de\/toode\/boogie-classic\/#primaryimage"},"thumbnailUrl":"https:\/\/staging.bioswing.ee\/wp-content\/uploads\/2023\/04\/Boogie_Classic01.jpg","datePublished":"2023-04-13T11:10:47+00:00","dateModified":"2023-08-24T12:44:55+00:00","breadcrumb":{"@id":"https:\/\/staging.bioswing.ee\/de\/toode\/boogie-classic\/#breadcrumb"},"inLanguage":"de","potentialAction":[{"@type":"ReadAction","target":["https:\/\/staging.bioswing.ee\/de\/toode\/boogie-classic\/"]}]},{"@type":"ImageObject","inLanguage":"de","@id":"https:\/\/staging.bioswing.ee\/de\/toode\/boogie-classic\/#primaryimage","url":"https:\/\/staging.bioswing.ee\/wp-content\/uploads\/2023\/04\/Boogie_Classic01.jpg","contentUrl":"https:\/\/staging.bioswing.ee\/wp-content\/uploads\/2023\/04\/Boogie_Classic01.jpg","width":1874,"height":2500},{"@type":"BreadcrumbList","@id":"https:\/\/staging.bioswing.ee\/de\/toode\/boogie-classic\/#breadcrumb","itemListElement":[{"@type":"ListItem","position":1,"name":"Home","item":"https:\/\/bioswing.ee\/de\/"},{"@type":"ListItem","position":2,"name":"SHOP","item":"https:\/\/bioswing.ee\/de\/shop\/"},{"@type":"ListItem","position":3,"name":"BIOSWING Boogie Classic"}]},{"@type":"WebSite","@id":"https:\/\/staging.bioswing.ee\/de\/#website","url":"https:\/\/staging.bioswing.ee\/de\/","name":"BIOSWING","description":"Smart solutions for healthy sitting","publisher":{"@id":"https:\/\/staging.bioswing.ee\/de\/#organization"},"potentialAction":[{"@type":"SearchAction","target":{"@type":"EntryPoint","urlTemplate":"https:\/\/staging.bioswing.ee\/de\/?s={search_term_string}"},"query-input":{"@type":"PropertyValueSpecification","valueRequired":true,"valueName":"search_term_string"}}],"inLanguage":"de"},{"@type":"Organization","@id":"https:\/\/staging.bioswing.ee\/de\/#organization","name":"BIOSWING","url":"https:\/\/staging.bioswing.ee\/de\/","logo":{"@type":"ImageObject","inLanguage":"de","@id":"https:\/\/staging.bioswing.ee\/de\/#\/schema\/logo\/image\/","url":"https:\/\/staging.bioswing.ee\/wp-content\/uploads\/2023\/04\/logo_web.png","contentUrl":"https:\/\/staging.bioswing.ee\/wp-content\/uploads\/2023\/04\/logo_web.png","width":140,"height":122,"caption":"BIOSWING"},"image":{"@id":"https:\/\/staging.bioswing.ee\/de\/#\/schema\/logo\/image\/"}}]}},"_links":{"self":[{"href":"https:\/\/staging.bioswing.ee\/de\/wp-json\/wp\/v2\/product\/4044","targetHints":{"allow":["GET"]}}],"collection":[{"href":"https:\/\/staging.bioswing.ee\/de\/wp-json\/wp\/v2\/product"}],"about":[{"href":"https:\/\/staging.bioswing.ee\/de\/wp-json\/wp\/v2\/types\/product"}],"wp:featuredmedia":[{"embeddable":true,"href":"https:\/\/staging.bioswing.ee\/de\/wp-json\/wp\/v2\/media\/4045"}],"wp:attachment":[{"href":"https:\/\/staging.bioswing.ee\/de\/wp-json\/wp\/v2\/media?parent=4044"}],"wp:term":[{"taxonomy":"product_brand","embeddable":true,"href":"https:\/\/staging.bioswing.ee\/de\/wp-json\/wp\/v2\/product_brand?post=4044"},{"taxonomy":"product_cat","embeddable":true,"href":"https:\/\/staging.bioswing.ee\/de\/wp-json\/wp\/v2\/product_cat?post=4044"},{"taxonomy":"product_tag","embeddable":true,"href":"https:\/\/staging.bioswing.ee\/de\/wp-json\/wp\/v2\/product_tag?post=4044"}],"curies":[{"name":"wp","href":"https:\/\/api.w.org\/{rel}","templated":true}]}}