{"id":12260,"date":"2023-11-16T11:47:03","date_gmt":"2023-11-16T11:47:03","guid":{"rendered":"https:\/\/staging.bioswing.ee\/toode\/bioswing-loop\/"},"modified":"2023-11-24T10:09:37","modified_gmt":"2023-11-24T10:09:37","slug":"bioswing-loop","status":"publish","type":"product","link":"https:\/\/staging.bioswing.ee\/et\/toode\/bioswing-loop\/","title":{"rendered":"BIOSWING LOOP"},"content":{"rendered":"<p><strong>BIOSWING LOOP<\/strong><\/p>\n<ul>\n<li>Ergonoomiliselt ja ortopeediliselt t\u00f5hus universaalne tool kontorisse ja kodukontorisse<\/li>\n<li>Integreeritud, kohandatav 3D-toolis\u00fcsteem<\/li>\n<li>Automaatne istumisasendi tasakaalustus<\/li>\n<li>Tekstiilkate: Xtreme-FR must (YS009) v\u00f5i helehall (YS094)<\/li>\n<li>K\u00e4etoed (fikseeritud k\u00f5rgusel), poleeritud alumiinium<\/li>\n<li>Jalarist: poleeritud alumiinium<\/li>\n<li>Rattad \u00f8 6 cm<\/li>\n<\/ul>\n<div style=\"width: 1200px;\" class=\"wp-video\"><video class=\"wp-video-shortcode\" id=\"video-12260-1\" width=\"1200\" height=\"675\" loop autoplay preload=\"metadata\" controls=\"controls\"><source type=\"video\/mp4\" src=\"https:\/\/staging.bioswing.ee\/wp-content\/uploads\/2023\/11\/website-loop_klein.mp4?_=1\" \/><a href=\"https:\/\/staging.bioswing.ee\/wp-content\/uploads\/2023\/11\/website-loop_klein.mp4\">https:\/\/staging.bioswing.ee\/wp-content\/uploads\/2023\/11\/website-loop_klein.mp4<\/a><\/video><\/div>\n<p><iframe title=\"YouTube video player\" src=\"https:\/\/www.youtube.com\/embed\/uaDd-9wsIHc?si=veDAb3pf3vOby3uj\" width=\"100%\" height=\"450\" frameborder=\"0\" allowfullscreen=\"allowfullscreen\"><\/iframe><\/p>\n","protected":false},"excerpt":{"rendered":"<h2>LOOP \u2013 Intelligentne lahendus, milles on kombineeritud stiil ja ergonoomia.<\/h2>\n<p>Teadusuuringutes on selgunud, et f\u00fc\u00fcsiline ja vaimne v\u00f5imekus on inimese liikumisk\u00e4itumisega otseselt seotud. L\u00fchidalt kokku v\u00f5ttes: mida rohkem liikumisv\u00f5imalusi me kasutame, seda v\u00f5imekamad ja loovamad oleme.<\/p>\n<h3>BIOSWING LOOP toimib oma tundliku, harmoonilise ning v\u00e4ga kergena tajutava liikumisega justkui hooandja, innustades nii keha kui ka hinge.<\/h3>\n<p>Tooli konstruktsiooni <strong>integreeritud<\/strong> ja <strong>kohandatav 3D-toolis\u00fcsteem<\/strong> peegeldab keha iga viimset kui liigutust \u2013 ka k\u00f5ige minimaalsemaid neist, n\u00e4iteks s\u00fcdamel\u00f6\u00f6ke ja hingamist \u2013 ning l\u00e4kitab selle tulemusena <strong>ajusse<\/strong> pidevalt <strong>liikumissignaale<\/strong>.<\/p>\n<p>Ajus toimub saabunud signaalide hierarhiline eri andme\u00fchendustesse \u00fcmber suunamine ning <strong>aju liikumiskeskuse v\u00f5rgustikus\u00fcsteemi<\/strong> integreerimine. Ainulaadne BIOSWING-tehnoloogia aktiveerib need v\u00f5rgustikud ka istumise ajal automaatselt ning suurendab seel\u00e4bi loovust ja v\u00f5imekust.<\/p>\n","protected":false},"featured_media":12169,"template":"","meta":[],"product_brand":[],"product_cat":[118,106],"product_tag":[],"class_list":{"0":"post-12260","1":"product","2":"type-product","3":"status-publish","4":"has-post-thumbnail","6":"product_cat-kontori-ja-kodukontori-toolid-et","7":"product_cat-kontori-ja-kodukontori-toolid","9":"first","10":"instock","11":"taxable","12":"shipping-taxable","13":"purchasable","14":"product-type-variable"},"yoast_head":"<!-- This site is optimized with the Yoast SEO plugin v27.1.1 - https:\/\/yoast.com\/product\/yoast-seo-wordpress\/ -->\n<title>BIOSWING LOOP - BIOSWING<\/title>\n<meta name=\"robots\" content=\"noindex, follow, max-snippet:-1, max-image-preview:large, max-video-preview:-1\" \/>\n<meta property=\"og:locale\" content=\"et_EE\" \/>\n<meta property=\"og:type\" content=\"article\" \/>\n<meta property=\"og:title\" content=\"BIOSWING LOOP - BIOSWING\" \/>\n<meta property=\"og:description\" content=\"LOOP \u2013 Intelligentne lahendus, milles on kombineeritud stiil ja ergonoomia. Teadusuuringutes on selgunud, et f\u00fc\u00fcsiline ja vaimne v\u00f5imekus on inimese liikumisk\u00e4itumisega otseselt seotud. L\u00fchidalt kokku v\u00f5ttes: mida rohkem liikumisv\u00f5imalusi me kasutame, seda v\u00f5imekamad ja loovamad oleme. BIOSWING LOOP toimib oma tundliku, harmoonilise ning v\u00e4ga kergena tajutava liikumisega justkui hooandja, innustades nii keha kui ka hinge. Tooli konstruktsiooni integreeritud ja kohandatav 3D-toolis\u00fcsteem peegeldab keha iga viimset kui liigutust \u2013 ka k\u00f5ige minimaalsemaid neist, n\u00e4iteks s\u00fcdamel\u00f6\u00f6ke ja hingamist \u2013 ning l\u00e4kitab selle tulemusena ajusse pidevalt liikumissignaale. Ajus toimub saabunud signaalide hierarhiline eri andme\u00fchendustesse \u00fcmber suunamine ning aju liikumiskeskuse v\u00f5rgustikus\u00fcsteemi integreerimine. Ainulaadne BIOSWING-tehnoloogia aktiveerib need v\u00f5rgustikud ka istumise ajal automaatselt ning suurendab seel\u00e4bi loovust ja v\u00f5imekust.\" \/>\n<meta property=\"og:url\" content=\"https:\/\/staging.bioswing.ee\/et\/toode\/bioswing-loop\/\" \/>\n<meta property=\"og:site_name\" content=\"BIOSWING\" \/>\n<meta property=\"article:modified_time\" content=\"2023-11-24T10:09:37+00:00\" \/>\n<meta property=\"og:image\" content=\"https:\/\/bioswing.ee\/wp-content\/uploads\/2023\/11\/Loop_Produkt_Rollen_02-1.jpg\" \/>\n\t<meta property=\"og:image:width\" content=\"1874\" \/>\n\t<meta property=\"og:image:height\" content=\"2500\" \/>\n\t<meta property=\"og:image:type\" content=\"image\/jpeg\" \/>\n<meta name=\"twitter:card\" content=\"summary_large_image\" \/>\n<meta name=\"twitter:label1\" content=\"Est. reading time\" \/>\n\t<meta name=\"twitter:data1\" content=\"1 minut\" \/>\n<script type=\"application\/ld+json\" class=\"yoast-schema-graph\">{\"@context\":\"https:\/\/schema.org\",\"@graph\":[{\"@type\":\"WebPage\",\"@id\":\"https:\/\/staging.bioswing.ee\/et\/toode\/bioswing-loop\/\",\"url\":\"https:\/\/staging.bioswing.ee\/et\/toode\/bioswing-loop\/\",\"name\":\"BIOSWING LOOP - BIOSWING\",\"isPartOf\":{\"@id\":\"https:\/\/staging.bioswing.ee\/et\/#website\"},\"primaryImageOfPage\":{\"@id\":\"https:\/\/staging.bioswing.ee\/et\/toode\/bioswing-loop\/#primaryimage\"},\"image\":{\"@id\":\"https:\/\/staging.bioswing.ee\/et\/toode\/bioswing-loop\/#primaryimage\"},\"thumbnailUrl\":\"https:\/\/staging.bioswing.ee\/wp-content\/uploads\/2023\/11\/Loop_Produkt_Rollen_02-1.jpg\",\"datePublished\":\"2023-11-16T11:47:03+00:00\",\"dateModified\":\"2023-11-24T10:09:37+00:00\",\"breadcrumb\":{\"@id\":\"https:\/\/staging.bioswing.ee\/et\/toode\/bioswing-loop\/#breadcrumb\"},\"inLanguage\":\"et\",\"potentialAction\":[{\"@type\":\"ReadAction\",\"target\":[\"https:\/\/staging.bioswing.ee\/et\/toode\/bioswing-loop\/\"]}]},{\"@type\":\"ImageObject\",\"inLanguage\":\"et\",\"@id\":\"https:\/\/staging.bioswing.ee\/et\/toode\/bioswing-loop\/#primaryimage\",\"url\":\"https:\/\/staging.bioswing.ee\/wp-content\/uploads\/2023\/11\/Loop_Produkt_Rollen_02-1.jpg\",\"contentUrl\":\"https:\/\/staging.bioswing.ee\/wp-content\/uploads\/2023\/11\/Loop_Produkt_Rollen_02-1.jpg\",\"width\":1874,\"height\":2500},{\"@type\":\"BreadcrumbList\",\"@id\":\"https:\/\/staging.bioswing.ee\/et\/toode\/bioswing-loop\/#breadcrumb\",\"itemListElement\":[{\"@type\":\"ListItem\",\"position\":1,\"name\":\"Home\",\"item\":\"https:\/\/bioswing.ee\/et\/\"},{\"@type\":\"ListItem\",\"position\":2,\"name\":\"POOD\",\"item\":\"https:\/\/bioswing.ee\/et\/pood\/\"},{\"@type\":\"ListItem\",\"position\":3,\"name\":\"BIOSWING LOOP\"}]},{\"@type\":\"WebSite\",\"@id\":\"https:\/\/staging.bioswing.ee\/et\/#website\",\"url\":\"https:\/\/staging.bioswing.ee\/et\/\",\"name\":\"BIOSWING\",\"description\":\"Smart solutions for healthy sitting\",\"publisher\":{\"@id\":\"https:\/\/staging.bioswing.ee\/et\/#organization\"},\"potentialAction\":[{\"@type\":\"SearchAction\",\"target\":{\"@type\":\"EntryPoint\",\"urlTemplate\":\"https:\/\/staging.bioswing.ee\/et\/?s={search_term_string}\"},\"query-input\":{\"@type\":\"PropertyValueSpecification\",\"valueRequired\":true,\"valueName\":\"search_term_string\"}}],\"inLanguage\":\"et\"},{\"@type\":\"Organization\",\"@id\":\"https:\/\/staging.bioswing.ee\/et\/#organization\",\"name\":\"BIOSWING\",\"url\":\"https:\/\/staging.bioswing.ee\/et\/\",\"logo\":{\"@type\":\"ImageObject\",\"inLanguage\":\"et\",\"@id\":\"https:\/\/staging.bioswing.ee\/et\/#\/schema\/logo\/image\/\",\"url\":\"https:\/\/staging.bioswing.ee\/wp-content\/uploads\/2023\/04\/logo_web.png\",\"contentUrl\":\"https:\/\/staging.bioswing.ee\/wp-content\/uploads\/2023\/04\/logo_web.png\",\"width\":140,\"height\":122,\"caption\":\"BIOSWING\"},\"image\":{\"@id\":\"https:\/\/staging.bioswing.ee\/et\/#\/schema\/logo\/image\/\"}}]}<\/script>\n<!-- \/ Yoast SEO plugin. -->","yoast_head_json":{"title":"BIOSWING LOOP - BIOSWING","robots":{"index":"noindex","follow":"follow","max-snippet":"max-snippet:-1","max-image-preview":"max-image-preview:large","max-video-preview":"max-video-preview:-1"},"og_locale":"et_EE","og_type":"article","og_title":"BIOSWING LOOP - BIOSWING","og_description":"LOOP \u2013 Intelligentne lahendus, milles on kombineeritud stiil ja ergonoomia. Teadusuuringutes on selgunud, et f\u00fc\u00fcsiline ja vaimne v\u00f5imekus on inimese liikumisk\u00e4itumisega otseselt seotud. L\u00fchidalt kokku v\u00f5ttes: mida rohkem liikumisv\u00f5imalusi me kasutame, seda v\u00f5imekamad ja loovamad oleme. BIOSWING LOOP toimib oma tundliku, harmoonilise ning v\u00e4ga kergena tajutava liikumisega justkui hooandja, innustades nii keha kui ka hinge. Tooli konstruktsiooni integreeritud ja kohandatav 3D-toolis\u00fcsteem peegeldab keha iga viimset kui liigutust \u2013 ka k\u00f5ige minimaalsemaid neist, n\u00e4iteks s\u00fcdamel\u00f6\u00f6ke ja hingamist \u2013 ning l\u00e4kitab selle tulemusena ajusse pidevalt liikumissignaale. Ajus toimub saabunud signaalide hierarhiline eri andme\u00fchendustesse \u00fcmber suunamine ning aju liikumiskeskuse v\u00f5rgustikus\u00fcsteemi integreerimine. Ainulaadne BIOSWING-tehnoloogia aktiveerib need v\u00f5rgustikud ka istumise ajal automaatselt ning suurendab seel\u00e4bi loovust ja v\u00f5imekust.","og_url":"https:\/\/staging.bioswing.ee\/et\/toode\/bioswing-loop\/","og_site_name":"BIOSWING","article_modified_time":"2023-11-24T10:09:37+00:00","og_image":[{"width":1874,"height":2500,"url":"https:\/\/bioswing.ee\/wp-content\/uploads\/2023\/11\/Loop_Produkt_Rollen_02-1.jpg","type":"image\/jpeg"}],"twitter_card":"summary_large_image","twitter_misc":{"Est. reading time":"1 minut"},"schema":{"@context":"https:\/\/schema.org","@graph":[{"@type":"WebPage","@id":"https:\/\/staging.bioswing.ee\/et\/toode\/bioswing-loop\/","url":"https:\/\/staging.bioswing.ee\/et\/toode\/bioswing-loop\/","name":"BIOSWING LOOP - BIOSWING","isPartOf":{"@id":"https:\/\/staging.bioswing.ee\/et\/#website"},"primaryImageOfPage":{"@id":"https:\/\/staging.bioswing.ee\/et\/toode\/bioswing-loop\/#primaryimage"},"image":{"@id":"https:\/\/staging.bioswing.ee\/et\/toode\/bioswing-loop\/#primaryimage"},"thumbnailUrl":"https:\/\/staging.bioswing.ee\/wp-content\/uploads\/2023\/11\/Loop_Produkt_Rollen_02-1.jpg","datePublished":"2023-11-16T11:47:03+00:00","dateModified":"2023-11-24T10:09:37+00:00","breadcrumb":{"@id":"https:\/\/staging.bioswing.ee\/et\/toode\/bioswing-loop\/#breadcrumb"},"inLanguage":"et","potentialAction":[{"@type":"ReadAction","target":["https:\/\/staging.bioswing.ee\/et\/toode\/bioswing-loop\/"]}]},{"@type":"ImageObject","inLanguage":"et","@id":"https:\/\/staging.bioswing.ee\/et\/toode\/bioswing-loop\/#primaryimage","url":"https:\/\/staging.bioswing.ee\/wp-content\/uploads\/2023\/11\/Loop_Produkt_Rollen_02-1.jpg","contentUrl":"https:\/\/staging.bioswing.ee\/wp-content\/uploads\/2023\/11\/Loop_Produkt_Rollen_02-1.jpg","width":1874,"height":2500},{"@type":"BreadcrumbList","@id":"https:\/\/staging.bioswing.ee\/et\/toode\/bioswing-loop\/#breadcrumb","itemListElement":[{"@type":"ListItem","position":1,"name":"Home","item":"https:\/\/bioswing.ee\/et\/"},{"@type":"ListItem","position":2,"name":"POOD","item":"https:\/\/bioswing.ee\/et\/pood\/"},{"@type":"ListItem","position":3,"name":"BIOSWING LOOP"}]},{"@type":"WebSite","@id":"https:\/\/staging.bioswing.ee\/et\/#website","url":"https:\/\/staging.bioswing.ee\/et\/","name":"BIOSWING","description":"Smart solutions for healthy sitting","publisher":{"@id":"https:\/\/staging.bioswing.ee\/et\/#organization"},"potentialAction":[{"@type":"SearchAction","target":{"@type":"EntryPoint","urlTemplate":"https:\/\/staging.bioswing.ee\/et\/?s={search_term_string}"},"query-input":{"@type":"PropertyValueSpecification","valueRequired":true,"valueName":"search_term_string"}}],"inLanguage":"et"},{"@type":"Organization","@id":"https:\/\/staging.bioswing.ee\/et\/#organization","name":"BIOSWING","url":"https:\/\/staging.bioswing.ee\/et\/","logo":{"@type":"ImageObject","inLanguage":"et","@id":"https:\/\/staging.bioswing.ee\/et\/#\/schema\/logo\/image\/","url":"https:\/\/staging.bioswing.ee\/wp-content\/uploads\/2023\/04\/logo_web.png","contentUrl":"https:\/\/staging.bioswing.ee\/wp-content\/uploads\/2023\/04\/logo_web.png","width":140,"height":122,"caption":"BIOSWING"},"image":{"@id":"https:\/\/staging.bioswing.ee\/et\/#\/schema\/logo\/image\/"}}]}},"_links":{"self":[{"href":"https:\/\/staging.bioswing.ee\/et\/wp-json\/wp\/v2\/product\/12260","targetHints":{"allow":["GET"]}}],"collection":[{"href":"https:\/\/staging.bioswing.ee\/et\/wp-json\/wp\/v2\/product"}],"about":[{"href":"https:\/\/staging.bioswing.ee\/et\/wp-json\/wp\/v2\/types\/product"}],"wp:featuredmedia":[{"embeddable":true,"href":"https:\/\/staging.bioswing.ee\/et\/wp-json\/wp\/v2\/media\/12169"}],"wp:attachment":[{"href":"https:\/\/staging.bioswing.ee\/et\/wp-json\/wp\/v2\/media?parent=12260"}],"wp:term":[{"taxonomy":"product_brand","embeddable":true,"href":"https:\/\/staging.bioswing.ee\/et\/wp-json\/wp\/v2\/product_brand?post=12260"},{"taxonomy":"product_cat","embeddable":true,"href":"https:\/\/staging.bioswing.ee\/et\/wp-json\/wp\/v2\/product_cat?post=12260"},{"taxonomy":"product_tag","embeddable":true,"href":"https:\/\/staging.bioswing.ee\/et\/wp-json\/wp\/v2\/product_tag?post=12260"}],"curies":[{"name":"wp","href":"https:\/\/api.w.org\/{rel}","templated":true}]}}