{"id":20004,"date":"2024-12-03T11:34:12","date_gmt":"2024-12-03T11:34:12","guid":{"rendered":"https:\/\/staging.bioswing.ee\/toode\/bioswing-balancecoach-iq\/"},"modified":"2024-12-10T10:55:16","modified_gmt":"2024-12-10T10:55:16","slug":"bioswing-balancecoach-iq","status":"publish","type":"product","link":"https:\/\/staging.bioswing.ee\/et\/toode\/bioswing-balancecoach-iq\/","title":{"rendered":"BIOSWING BalanceCoach iQ"},"content":{"rendered":"<p>S\u00fcsteem tarnitakse t\u00e4ielikult komplekteerituna ning see on lihtne ja kiirelt paigaldatav. Juba t\u00e4ielikult monteeritud Posturomed\u00ae 202-le asetatakse r\u00f5hujaotusm\u00f5\u00f5teplaat ja see \u00fchendatakse statiivi k\u00fclge.  <strong>Komponendid:<\/strong><\/p>\n<ul>\n<li>Statiiv<\/li>\n<li>32-tolline ekraan<\/li>\n<li>3D-kaamera<\/li>\n<li>V\u00f5imas integreeritud arvuti<\/li>\n<li>M\u00f5\u00f5teplaat<\/li>\n<li>Posturomed\u00ae<\/li>\n<\/ul>\n<p> M\u00f5\u00f5tmistulemused saab eksportida QR-koodi abil.<br \/><strong>BALANCECOACH iQ<\/strong> rakenduse abil saab treeningu edusamme salvestada ja dokumenteerida.<br \/>Zebris\u00ae r\u00f5hujaotusm\u00f5\u00f5teplaat on spetsiaalselt kohandatud Posturomed\u00ae seadmele. See on selgelt jaotatud keskseks treeningalaks ja paremale ning vasakule j\u00e4\u00e4vateks navigeerimisaladeks.    <strong>Tehnilised andmed:<\/strong><\/p>\n<ul>\n<li><strong>M\u00f5\u00f5tmed:<\/strong> 60 x 60 x 1.6 cm<\/li>\n<li><strong>Andurite arv:<\/strong> 672<\/li>\n<li><strong>Prooviv\u00f5tu kiirus:<\/strong> 100 Hz<\/li>\n<li><strong>M\u00f5\u00f5tmisp\u00f5him\u00f5te: <\/strong>Mahtuvuslikud r\u00f5huandurid<\/li>\n<li><strong>\u00dchendus:<\/strong> USB<\/li>\n<\/ul>\n<p> Posturomed\u00ae treeningseadmel on k\u00f5igis horisontaalsetes suundades pendeldav treeningpind, mida saab reguleerida kolmes tasemes (fikseeritud ja kaks v\u00f5nkeamplituudi).<br \/>R\u00f5hujaotusm\u00f5\u00f5teplaat asetatakse t\u00e4ielikult monteeritud Posturomed\u00ae seadmele ja \u00fchendatakse statiivi k\u00fclge. Paigaldamisel tuleb j\u00e4lgida, et statiiv oleks suunatud otse ette ja paigaldatud 1,5 meetri kaugusele. Ligi t\u00e4ielikult komplekteeritud statiivil tuleb kinnitada vaid paneelid ja ekraan \u00fchendada \u2013 valmis!<br \/><strong>Ruumivajadus:<\/strong> Umbes 2,50 x 1,00 meetrit   <\/p>\n","protected":false},"excerpt":{"rendered":"<p>Alates 1995. aastast on BIOSWING Posturomed\u00ae olnud teie sensomotoorse ennetus- ja treeninguedu garantii. 25. aastap\u00e4eva puhul tutvustame Posturomed\u00ae seadmele t\u00e4ienduseks uut treenerit: <strong>BIOSWING BalanceCoach iQ<\/strong>!<br \/><strong>BIOSWING BalanceCoach iQ<\/strong> on tarkvarap\u00f5hine intelligentne treenings\u00fcsteem, millel on integreeritud virtuaalne treener.<br \/>Posturomed\u00ae seadmel treenija liikumise kvaliteeti j\u00e4lgivad spetsiaalsed r\u00f5huandurid treeningplaadil ning see kuvatakse graafiliselt reaalajas \u201er\u00f5hutsentri\u201d (COP) n\u00e4ol. Kaamera abil n\u00e4eb treenija ennast enda ees asuval ekraanil ning saab vahetut visuaalset tagasisidet oma harjutuse soorituse kohta. Lisaks n\u00e4eb treenija oma virtuaalset treenerit, kes demonstreerib harjutusi, mida treenija peaks samal ajal sooritama. Iga koordinatsiooniharjutus on individuaalselt kohandatud treenija tasemele, tagamaks optimaalne treeninguv\u00e4ljakutse.<br \/>See teeb BalanceCoach iQ-st ideaalse koordinatsioonitreeneri teie tervise-, ennetus-, fitness-, spordi- ja heaoluasutustele.       <iframe width=\"100%\" height=\"315\" src=\"https:\/\/www.youtube.com\/embed\/s86k6aLgLfA?si=y-lqt7T4qBL3w59i\" title=\"YouTube video player\" frameborder=\"0\" allow=\"accelerometer; autoplay; clipboard-write; encrypted-media; gyroscope; picture-in-picture; web-share\" referrerpolicy=\"strict-origin-when-cross-origin\" allowfullscreen=\"\"><\/iframe><\/p>\n<p><iframe width=\"100%\" height=\"315\" src=\"https:\/\/www.youtube.com\/embed\/csY_Mt0uEZM?si=2nhhzGhK8-J4Bx1T\" title=\"YouTube video player\" frameborder=\"0\" allow=\"accelerometer; autoplay; clipboard-write; encrypted-media; gyroscope; picture-in-picture; web-share\" referrerpolicy=\"strict-origin-when-cross-origin\" allowfullscreen=\"\"><\/iframe><\/p>\n","protected":false},"featured_media":19529,"template":"","meta":[],"product_brand":[],"product_cat":[1015],"product_tag":[],"class_list":{"0":"post-20004","1":"product","2":"type-product","3":"status-publish","4":"has-post-thumbnail","6":"product_cat-balancecoach-et","8":"first","9":"instock","10":"taxable","11":"shipping-taxable","12":"purchasable","13":"product-type-simple"},"yoast_head":"<!-- This site is optimized with the Yoast SEO plugin v27.1.1 - https:\/\/yoast.com\/product\/yoast-seo-wordpress\/ -->\n<title>BIOSWING BalanceCoach iQ - BIOSWING<\/title>\n<meta name=\"robots\" content=\"noindex, follow, max-snippet:-1, max-image-preview:large, max-video-preview:-1\" \/>\n<meta property=\"og:locale\" content=\"et_EE\" \/>\n<meta property=\"og:type\" content=\"article\" \/>\n<meta property=\"og:title\" content=\"BIOSWING BalanceCoach iQ - BIOSWING\" \/>\n<meta property=\"og:description\" content=\"Alates 1995. aastast on BIOSWING Posturomed\u00ae olnud teie sensomotoorse ennetus- ja treeninguedu garantii. 25. aastap\u00e4eva puhul tutvustame Posturomed\u00ae seadmele t\u00e4ienduseks uut treenerit: BIOSWING BalanceCoach iQ!BIOSWING BalanceCoach iQ on tarkvarap\u00f5hine intelligentne treenings\u00fcsteem, millel on integreeritud virtuaalne treener.Posturomed\u00ae seadmel treenija liikumise kvaliteeti j\u00e4lgivad spetsiaalsed r\u00f5huandurid treeningplaadil ning see kuvatakse graafiliselt reaalajas \u201er\u00f5hutsentri\u201d (COP) n\u00e4ol. Kaamera abil n\u00e4eb treenija ennast enda ees asuval ekraanil ning saab vahetut visuaalset tagasisidet oma harjutuse soorituse kohta. Lisaks n\u00e4eb treenija oma virtuaalset treenerit, kes demonstreerib harjutusi, mida treenija peaks samal ajal sooritama. Iga koordinatsiooniharjutus on individuaalselt kohandatud treenija tasemele, tagamaks optimaalne treeninguv\u00e4ljakutse.See teeb BalanceCoach iQ-st ideaalse koordinatsioonitreeneri teie tervise-, ennetus-, fitness-, spordi- ja heaoluasutustele.\" \/>\n<meta property=\"og:url\" content=\"https:\/\/staging.bioswing.ee\/et\/toode\/bioswing-balancecoach-iq\/\" \/>\n<meta property=\"og:site_name\" content=\"BIOSWING\" \/>\n<meta property=\"article:modified_time\" content=\"2024-12-10T10:55:16+00:00\" \/>\n<meta property=\"og:image\" content=\"https:\/\/bioswing.ee\/wp-content\/uploads\/2024\/12\/BalanceCoach_iQ.jpg\" \/>\n\t<meta property=\"og:image:width\" content=\"900\" \/>\n\t<meta property=\"og:image:height\" content=\"1200\" \/>\n\t<meta property=\"og:image:type\" content=\"image\/jpeg\" \/>\n<meta name=\"twitter:card\" content=\"summary_large_image\" \/>\n<meta name=\"twitter:label1\" content=\"Est. reading time\" \/>\n\t<meta name=\"twitter:data1\" content=\"2 minutit\" \/>\n<script type=\"application\/ld+json\" class=\"yoast-schema-graph\">{\"@context\":\"https:\/\/schema.org\",\"@graph\":[{\"@type\":\"WebPage\",\"@id\":\"https:\/\/staging.bioswing.ee\/et\/toode\/bioswing-balancecoach-iq\/\",\"url\":\"https:\/\/staging.bioswing.ee\/et\/toode\/bioswing-balancecoach-iq\/\",\"name\":\"BIOSWING BalanceCoach iQ - BIOSWING\",\"isPartOf\":{\"@id\":\"https:\/\/staging.bioswing.ee\/et\/#website\"},\"primaryImageOfPage\":{\"@id\":\"https:\/\/staging.bioswing.ee\/et\/toode\/bioswing-balancecoach-iq\/#primaryimage\"},\"image\":{\"@id\":\"https:\/\/staging.bioswing.ee\/et\/toode\/bioswing-balancecoach-iq\/#primaryimage\"},\"thumbnailUrl\":\"https:\/\/staging.bioswing.ee\/wp-content\/uploads\/2024\/12\/BalanceCoach_iQ.jpg\",\"datePublished\":\"2024-12-03T11:34:12+00:00\",\"dateModified\":\"2024-12-10T10:55:16+00:00\",\"breadcrumb\":{\"@id\":\"https:\/\/staging.bioswing.ee\/et\/toode\/bioswing-balancecoach-iq\/#breadcrumb\"},\"inLanguage\":\"et\",\"potentialAction\":[{\"@type\":\"ReadAction\",\"target\":[\"https:\/\/staging.bioswing.ee\/et\/toode\/bioswing-balancecoach-iq\/\"]}]},{\"@type\":\"ImageObject\",\"inLanguage\":\"et\",\"@id\":\"https:\/\/staging.bioswing.ee\/et\/toode\/bioswing-balancecoach-iq\/#primaryimage\",\"url\":\"https:\/\/staging.bioswing.ee\/wp-content\/uploads\/2024\/12\/BalanceCoach_iQ.jpg\",\"contentUrl\":\"https:\/\/staging.bioswing.ee\/wp-content\/uploads\/2024\/12\/BalanceCoach_iQ.jpg\",\"width\":900,\"height\":1200,\"caption\":\"BIOSWING BalanceCoach iQ\"},{\"@type\":\"BreadcrumbList\",\"@id\":\"https:\/\/staging.bioswing.ee\/et\/toode\/bioswing-balancecoach-iq\/#breadcrumb\",\"itemListElement\":[{\"@type\":\"ListItem\",\"position\":1,\"name\":\"Home\",\"item\":\"https:\/\/bioswing.ee\/et\/\"},{\"@type\":\"ListItem\",\"position\":2,\"name\":\"POOD\",\"item\":\"https:\/\/bioswing.ee\/et\/pood\/\"},{\"@type\":\"ListItem\",\"position\":3,\"name\":\"BIOSWING BalanceCoach iQ\"}]},{\"@type\":\"WebSite\",\"@id\":\"https:\/\/staging.bioswing.ee\/et\/#website\",\"url\":\"https:\/\/staging.bioswing.ee\/et\/\",\"name\":\"BIOSWING\",\"description\":\"Smart solutions for healthy sitting\",\"publisher\":{\"@id\":\"https:\/\/staging.bioswing.ee\/et\/#organization\"},\"potentialAction\":[{\"@type\":\"SearchAction\",\"target\":{\"@type\":\"EntryPoint\",\"urlTemplate\":\"https:\/\/staging.bioswing.ee\/et\/?s={search_term_string}\"},\"query-input\":{\"@type\":\"PropertyValueSpecification\",\"valueRequired\":true,\"valueName\":\"search_term_string\"}}],\"inLanguage\":\"et\"},{\"@type\":\"Organization\",\"@id\":\"https:\/\/staging.bioswing.ee\/et\/#organization\",\"name\":\"BIOSWING\",\"url\":\"https:\/\/staging.bioswing.ee\/et\/\",\"logo\":{\"@type\":\"ImageObject\",\"inLanguage\":\"et\",\"@id\":\"https:\/\/staging.bioswing.ee\/et\/#\/schema\/logo\/image\/\",\"url\":\"https:\/\/staging.bioswing.ee\/wp-content\/uploads\/2023\/04\/logo_web.png\",\"contentUrl\":\"https:\/\/staging.bioswing.ee\/wp-content\/uploads\/2023\/04\/logo_web.png\",\"width\":140,\"height\":122,\"caption\":\"BIOSWING\"},\"image\":{\"@id\":\"https:\/\/staging.bioswing.ee\/et\/#\/schema\/logo\/image\/\"}}]}<\/script>\n<!-- \/ Yoast SEO plugin. -->","yoast_head_json":{"title":"BIOSWING BalanceCoach iQ - BIOSWING","robots":{"index":"noindex","follow":"follow","max-snippet":"max-snippet:-1","max-image-preview":"max-image-preview:large","max-video-preview":"max-video-preview:-1"},"og_locale":"et_EE","og_type":"article","og_title":"BIOSWING BalanceCoach iQ - BIOSWING","og_description":"Alates 1995. aastast on BIOSWING Posturomed\u00ae olnud teie sensomotoorse ennetus- ja treeninguedu garantii. 25. aastap\u00e4eva puhul tutvustame Posturomed\u00ae seadmele t\u00e4ienduseks uut treenerit: BIOSWING BalanceCoach iQ!BIOSWING BalanceCoach iQ on tarkvarap\u00f5hine intelligentne treenings\u00fcsteem, millel on integreeritud virtuaalne treener.Posturomed\u00ae seadmel treenija liikumise kvaliteeti j\u00e4lgivad spetsiaalsed r\u00f5huandurid treeningplaadil ning see kuvatakse graafiliselt reaalajas \u201er\u00f5hutsentri\u201d (COP) n\u00e4ol. Kaamera abil n\u00e4eb treenija ennast enda ees asuval ekraanil ning saab vahetut visuaalset tagasisidet oma harjutuse soorituse kohta. Lisaks n\u00e4eb treenija oma virtuaalset treenerit, kes demonstreerib harjutusi, mida treenija peaks samal ajal sooritama. Iga koordinatsiooniharjutus on individuaalselt kohandatud treenija tasemele, tagamaks optimaalne treeninguv\u00e4ljakutse.See teeb BalanceCoach iQ-st ideaalse koordinatsioonitreeneri teie tervise-, ennetus-, fitness-, spordi- ja heaoluasutustele.","og_url":"https:\/\/staging.bioswing.ee\/et\/toode\/bioswing-balancecoach-iq\/","og_site_name":"BIOSWING","article_modified_time":"2024-12-10T10:55:16+00:00","og_image":[{"width":900,"height":1200,"url":"https:\/\/bioswing.ee\/wp-content\/uploads\/2024\/12\/BalanceCoach_iQ.jpg","type":"image\/jpeg"}],"twitter_card":"summary_large_image","twitter_misc":{"Est. reading time":"2 minutit"},"schema":{"@context":"https:\/\/schema.org","@graph":[{"@type":"WebPage","@id":"https:\/\/staging.bioswing.ee\/et\/toode\/bioswing-balancecoach-iq\/","url":"https:\/\/staging.bioswing.ee\/et\/toode\/bioswing-balancecoach-iq\/","name":"BIOSWING BalanceCoach iQ - BIOSWING","isPartOf":{"@id":"https:\/\/staging.bioswing.ee\/et\/#website"},"primaryImageOfPage":{"@id":"https:\/\/staging.bioswing.ee\/et\/toode\/bioswing-balancecoach-iq\/#primaryimage"},"image":{"@id":"https:\/\/staging.bioswing.ee\/et\/toode\/bioswing-balancecoach-iq\/#primaryimage"},"thumbnailUrl":"https:\/\/staging.bioswing.ee\/wp-content\/uploads\/2024\/12\/BalanceCoach_iQ.jpg","datePublished":"2024-12-03T11:34:12+00:00","dateModified":"2024-12-10T10:55:16+00:00","breadcrumb":{"@id":"https:\/\/staging.bioswing.ee\/et\/toode\/bioswing-balancecoach-iq\/#breadcrumb"},"inLanguage":"et","potentialAction":[{"@type":"ReadAction","target":["https:\/\/staging.bioswing.ee\/et\/toode\/bioswing-balancecoach-iq\/"]}]},{"@type":"ImageObject","inLanguage":"et","@id":"https:\/\/staging.bioswing.ee\/et\/toode\/bioswing-balancecoach-iq\/#primaryimage","url":"https:\/\/staging.bioswing.ee\/wp-content\/uploads\/2024\/12\/BalanceCoach_iQ.jpg","contentUrl":"https:\/\/staging.bioswing.ee\/wp-content\/uploads\/2024\/12\/BalanceCoach_iQ.jpg","width":900,"height":1200,"caption":"BIOSWING BalanceCoach iQ"},{"@type":"BreadcrumbList","@id":"https:\/\/staging.bioswing.ee\/et\/toode\/bioswing-balancecoach-iq\/#breadcrumb","itemListElement":[{"@type":"ListItem","position":1,"name":"Home","item":"https:\/\/bioswing.ee\/et\/"},{"@type":"ListItem","position":2,"name":"POOD","item":"https:\/\/bioswing.ee\/et\/pood\/"},{"@type":"ListItem","position":3,"name":"BIOSWING BalanceCoach iQ"}]},{"@type":"WebSite","@id":"https:\/\/staging.bioswing.ee\/et\/#website","url":"https:\/\/staging.bioswing.ee\/et\/","name":"BIOSWING","description":"Smart solutions for healthy sitting","publisher":{"@id":"https:\/\/staging.bioswing.ee\/et\/#organization"},"potentialAction":[{"@type":"SearchAction","target":{"@type":"EntryPoint","urlTemplate":"https:\/\/staging.bioswing.ee\/et\/?s={search_term_string}"},"query-input":{"@type":"PropertyValueSpecification","valueRequired":true,"valueName":"search_term_string"}}],"inLanguage":"et"},{"@type":"Organization","@id":"https:\/\/staging.bioswing.ee\/et\/#organization","name":"BIOSWING","url":"https:\/\/staging.bioswing.ee\/et\/","logo":{"@type":"ImageObject","inLanguage":"et","@id":"https:\/\/staging.bioswing.ee\/et\/#\/schema\/logo\/image\/","url":"https:\/\/staging.bioswing.ee\/wp-content\/uploads\/2023\/04\/logo_web.png","contentUrl":"https:\/\/staging.bioswing.ee\/wp-content\/uploads\/2023\/04\/logo_web.png","width":140,"height":122,"caption":"BIOSWING"},"image":{"@id":"https:\/\/staging.bioswing.ee\/et\/#\/schema\/logo\/image\/"}}]}},"_links":{"self":[{"href":"https:\/\/staging.bioswing.ee\/et\/wp-json\/wp\/v2\/product\/20004","targetHints":{"allow":["GET"]}}],"collection":[{"href":"https:\/\/staging.bioswing.ee\/et\/wp-json\/wp\/v2\/product"}],"about":[{"href":"https:\/\/staging.bioswing.ee\/et\/wp-json\/wp\/v2\/types\/product"}],"wp:featuredmedia":[{"embeddable":true,"href":"https:\/\/staging.bioswing.ee\/et\/wp-json\/wp\/v2\/media\/19529"}],"wp:attachment":[{"href":"https:\/\/staging.bioswing.ee\/et\/wp-json\/wp\/v2\/media?parent=20004"}],"wp:term":[{"taxonomy":"product_brand","embeddable":true,"href":"https:\/\/staging.bioswing.ee\/et\/wp-json\/wp\/v2\/product_brand?post=20004"},{"taxonomy":"product_cat","embeddable":true,"href":"https:\/\/staging.bioswing.ee\/et\/wp-json\/wp\/v2\/product_cat?post=20004"},{"taxonomy":"product_tag","embeddable":true,"href":"https:\/\/staging.bioswing.ee\/et\/wp-json\/wp\/v2\/product_tag?post=20004"}],"curies":[{"name":"wp","href":"https:\/\/api.w.org\/{rel}","templated":true}]}}