{"id":2438,"date":"2023-04-13T12:24:55","date_gmt":"2023-04-13T12:24:55","guid":{"rendered":"https:\/\/staging.bioswing.ee\/toode\/460-iq-diamond\/"},"modified":"2025-01-23T07:29:32","modified_gmt":"2025-01-23T07:29:32","slug":"460-iq-diamond","status":"publish","type":"product","link":"https:\/\/staging.bioswing.ee\/et\/toode\/460-iq-diamond\/","title":{"rendered":"BIOSWING 460 iQ RAUTE"},"content":{"rendered":"<h3>BIOSWING 460 iQ RAUTE<\/h3>\n<ul>\n<li>Ergonoomiline ortopeedilise toimega p\u00f6\u00f6rdtool kontorisse<\/li>\n<li>Integreeritud reguleeritava 3D-toolimehhanismiga<\/li>\n<li>Individuaalse kaalukohandusega s\u00fcnkroonmehhanism (peenh\u00e4\u00e4lestusega)<\/li>\n<li>Erinevateks t\u00f6\u00f6asenditeks multifunktsionaalselt reguleeritavad 3D-k\u00e4etoed<\/li>\n<li>Individuaalne ja igal ajahetkel muudetav istme kalde regulaator gaasvedruga<\/li>\n<li>Vaagnapiirkonna lisastabilisaator<\/li>\n<li>Jalgade pikkusele sobivaks reguleeritav istmes\u00fcgavus<\/li>\n<li>Reguleeritava k\u00f5rgusega seljatugi, lisaks individuaalselt reguleeritava kaarega l\u00fclisambatugi<\/li>\n<li>3D-kaelatugi igal ajahetkel reguleeritava k\u00f5rguse, s\u00fcgavuse ja kaldega<\/li>\n<li>Seljatoe k\u00f5rgus: 60 cm<\/li>\n<li>Kattekangas: stepp, erinevad toonid<\/li>\n<li>Viieharuline alus: poleeritud alumiinium<\/li>\n<\/ul>\n<p><iframe title=\"YouTube video player\" src=\"https:\/\/www.youtube.com\/embed\/Nnmzwdy52aQ\" width=\"100%\" height=\"450\" frameborder=\"0\" allowfullscreen=\"allowfullscreen\"><\/iframe><\/p>\n<p><iframe title=\"YouTube video player\" src=\"https:\/\/www.youtube.com\/embed\/uaDd-9wsIHc?si=veDAb3pf3vOby3uj\" width=\"100%\" height=\"450\" frameborder=\"0\" allowfullscreen=\"allowfullscreen\"><\/iframe><\/p>\n","protected":false},"excerpt":{"rendered":"<h4>T\u00f6\u00f6\u00fclesanded v\u00f5ivad olla v\u00e4ga erin\u00e4olised.<br \/>\nKui teie kontoritooli saab teie individuaalsete vajaduste p\u00f5hjal t\u00e4psemalt kohandada, v\u00f5ite p\u00fcsida tervemana ja motiveerituna ka pikemate istumisperioodide v\u00e4ltel. <\/h4>\n<p>On oluline, et tool <strong>arvestaks teie individuaalse kehaehitusega <\/strong> ning pakuks piisavalt v\u00f5imalusi reguleerimiseks ja kohandamiseks.<br \/>\nJ\u00e4rgnevalt on toodud peamised v\u00f5imalused.<\/p>\n<h4>BIOSWINGi 4. seeria kontoritool kohandub ergonoomiliselt teie individuaalse r\u00fchiga.<\/h4>\n<p>T\u00e4nu erinevatele mehhanismidele vastab 4. seeria tool igale kasutaja liigutusele ja toetab samal ajal kasutajat individuaalselt kogu pika t\u00f6\u00f6p\u00e4eva v\u00e4ltel.<\/p>\n<p>Kui t\u00f6\u00f6tate enamjaolt klaviatuuri ja hiirega, peaksite j\u00e4lgima, et <strong>l\u00f5dvestate regulaarselt<\/strong> <strong>oma \u00f5lalihaseid<\/strong>. <strong>Individuaalsetele vajadustele<\/strong> <strong>vastavaks kohandatavad k\u00e4etoed<\/strong> v\u00f5ivad selleks v\u00e4\u00e4rtuslikku tuge pakkuda. 4. seeria on saadaval erinevate variantidena, mida m\u00f5ni meie ligi 150st Saksamaa, \u0160veitsi ja Austria konsultatsioonifirmade konsultandist v\u00f5ib teile tutvustada.<\/p>\n<p><img decoding=\"async\" class=\"alignnone wp-image-916\" src=\"https:\/\/staging.bioswing.ee\/wp-content\/uploads\/2023\/04\/pdf.png\" alt=\"pdf\" width=\"19\" height=\"20\"> <a href=\"https:\/\/staging.bioswing.ee\/wp-content\/uploads\/2023\/04\/produktblatt_460_v02_EN.pdf\" target=\"_blank\" rel=\"noopener\">Laadi alla tooteleht (PDF)<\/a><\/p>\n","protected":false},"featured_media":1139,"template":"","meta":[],"product_brand":[],"product_cat":[100,118],"product_tag":[],"class_list":{"0":"post-2438","1":"product","2":"type-product","3":"status-publish","4":"has-post-thumbnail","6":"product_cat-juhitoolid","7":"product_cat-kontori-ja-kodukontori-toolid-et","9":"first","10":"instock","11":"taxable","12":"shipping-taxable","13":"purchasable","14":"product-type-variable","15":"has-default-attributes"},"yoast_head":"<!-- This site is optimized with the Yoast SEO plugin v27.1.1 - https:\/\/yoast.com\/product\/yoast-seo-wordpress\/ -->\n<title>BIOSWING 460 iQ RAUTE - BIOSWING<\/title>\n<meta name=\"robots\" content=\"noindex, follow, max-snippet:-1, max-image-preview:large, max-video-preview:-1\" \/>\n<meta property=\"og:locale\" content=\"et_EE\" \/>\n<meta property=\"og:type\" content=\"article\" \/>\n<meta property=\"og:title\" content=\"BIOSWING 460 iQ RAUTE - BIOSWING\" \/>\n<meta property=\"og:description\" content=\"T\u00f6\u00f6\u00fclesanded v\u00f5ivad olla v\u00e4ga erin\u00e4olised. Kui teie kontoritooli saab teie individuaalsete vajaduste p\u00f5hjal t\u00e4psemalt kohandada, v\u00f5ite p\u00fcsida tervemana ja motiveerituna ka pikemate istumisperioodide v\u00e4ltel. On oluline, et tool arvestaks teie individuaalse kehaehitusega ning pakuks piisavalt v\u00f5imalusi reguleerimiseks ja kohandamiseks. J\u00e4rgnevalt on toodud peamised v\u00f5imalused.  BIOSWINGi 4. seeria kontoritool kohandub ergonoomiliselt teie individuaalse r\u00fchiga. T\u00e4nu erinevatele mehhanismidele vastab 4. seeria tool igale kasutaja liigutusele ja toetab samal ajal kasutajat individuaalselt kogu pika t\u00f6\u00f6p\u00e4eva v\u00e4ltel. Kui t\u00f6\u00f6tate enamjaolt klaviatuuri ja hiirega, peaksite j\u00e4lgima, et l\u00f5dvestate regulaarselt oma \u00f5lalihaseid. Individuaalsetele vajadustele vastavaks kohandatavad k\u00e4etoed v\u00f5ivad selleks v\u00e4\u00e4rtuslikku tuge pakkuda. 4. seeria on saadaval erinevate variantidena, mida m\u00f5ni meie ligi 150st Saksamaa, \u0160veitsi ja Austria konsultatsioonifirmade konsultandist v\u00f5ib teile tutvustada.  Laadi alla tooteleht (PDF)\" \/>\n<meta property=\"og:url\" content=\"https:\/\/staging.bioswing.ee\/et\/toode\/460-iq-diamond\/\" \/>\n<meta property=\"og:site_name\" content=\"BIOSWING\" \/>\n<meta property=\"article:modified_time\" content=\"2025-01-23T07:29:32+00:00\" \/>\n<meta property=\"og:image\" content=\"https:\/\/bioswing.ee\/wp-content\/uploads\/2023\/04\/460_IQ_Raute.jpg\" \/>\n\t<meta property=\"og:image:width\" content=\"1874\" \/>\n\t<meta property=\"og:image:height\" content=\"2500\" \/>\n\t<meta property=\"og:image:type\" content=\"image\/jpeg\" \/>\n<meta name=\"twitter:card\" content=\"summary_large_image\" \/>\n<script type=\"application\/ld+json\" class=\"yoast-schema-graph\">{\"@context\":\"https:\/\/schema.org\",\"@graph\":[{\"@type\":\"WebPage\",\"@id\":\"https:\/\/staging.bioswing.ee\/et\/toode\/460-iq-diamond\/\",\"url\":\"https:\/\/staging.bioswing.ee\/et\/toode\/460-iq-diamond\/\",\"name\":\"BIOSWING 460 iQ RAUTE - BIOSWING\",\"isPartOf\":{\"@id\":\"https:\/\/staging.bioswing.ee\/et\/#website\"},\"primaryImageOfPage\":{\"@id\":\"https:\/\/staging.bioswing.ee\/et\/toode\/460-iq-diamond\/#primaryimage\"},\"image\":{\"@id\":\"https:\/\/staging.bioswing.ee\/et\/toode\/460-iq-diamond\/#primaryimage\"},\"thumbnailUrl\":\"https:\/\/staging.bioswing.ee\/wp-content\/uploads\/2023\/04\/460_IQ_Raute.jpg\",\"datePublished\":\"2023-04-13T12:24:55+00:00\",\"dateModified\":\"2025-01-23T07:29:32+00:00\",\"breadcrumb\":{\"@id\":\"https:\/\/staging.bioswing.ee\/et\/toode\/460-iq-diamond\/#breadcrumb\"},\"inLanguage\":\"et\",\"potentialAction\":[{\"@type\":\"ReadAction\",\"target\":[\"https:\/\/staging.bioswing.ee\/et\/toode\/460-iq-diamond\/\"]}]},{\"@type\":\"ImageObject\",\"inLanguage\":\"et\",\"@id\":\"https:\/\/staging.bioswing.ee\/et\/toode\/460-iq-diamond\/#primaryimage\",\"url\":\"https:\/\/staging.bioswing.ee\/wp-content\/uploads\/2023\/04\/460_IQ_Raute.jpg\",\"contentUrl\":\"https:\/\/staging.bioswing.ee\/wp-content\/uploads\/2023\/04\/460_IQ_Raute.jpg\",\"width\":1874,\"height\":2500},{\"@type\":\"BreadcrumbList\",\"@id\":\"https:\/\/staging.bioswing.ee\/et\/toode\/460-iq-diamond\/#breadcrumb\",\"itemListElement\":[{\"@type\":\"ListItem\",\"position\":1,\"name\":\"Home\",\"item\":\"https:\/\/bioswing.ee\/et\/\"},{\"@type\":\"ListItem\",\"position\":2,\"name\":\"POOD\",\"item\":\"https:\/\/bioswing.ee\/et\/pood\/\"},{\"@type\":\"ListItem\",\"position\":3,\"name\":\"BIOSWING 460 iQ RAUTE\"}]},{\"@type\":\"WebSite\",\"@id\":\"https:\/\/staging.bioswing.ee\/et\/#website\",\"url\":\"https:\/\/staging.bioswing.ee\/et\/\",\"name\":\"BIOSWING\",\"description\":\"Smart solutions for healthy sitting\",\"publisher\":{\"@id\":\"https:\/\/staging.bioswing.ee\/et\/#organization\"},\"potentialAction\":[{\"@type\":\"SearchAction\",\"target\":{\"@type\":\"EntryPoint\",\"urlTemplate\":\"https:\/\/staging.bioswing.ee\/et\/?s={search_term_string}\"},\"query-input\":{\"@type\":\"PropertyValueSpecification\",\"valueRequired\":true,\"valueName\":\"search_term_string\"}}],\"inLanguage\":\"et\"},{\"@type\":\"Organization\",\"@id\":\"https:\/\/staging.bioswing.ee\/et\/#organization\",\"name\":\"BIOSWING\",\"url\":\"https:\/\/staging.bioswing.ee\/et\/\",\"logo\":{\"@type\":\"ImageObject\",\"inLanguage\":\"et\",\"@id\":\"https:\/\/staging.bioswing.ee\/et\/#\/schema\/logo\/image\/\",\"url\":\"https:\/\/staging.bioswing.ee\/wp-content\/uploads\/2023\/04\/logo_web.png\",\"contentUrl\":\"https:\/\/staging.bioswing.ee\/wp-content\/uploads\/2023\/04\/logo_web.png\",\"width\":140,\"height\":122,\"caption\":\"BIOSWING\"},\"image\":{\"@id\":\"https:\/\/staging.bioswing.ee\/et\/#\/schema\/logo\/image\/\"}}]}<\/script>\n<!-- \/ Yoast SEO plugin. -->","yoast_head_json":{"title":"BIOSWING 460 iQ RAUTE - BIOSWING","robots":{"index":"noindex","follow":"follow","max-snippet":"max-snippet:-1","max-image-preview":"max-image-preview:large","max-video-preview":"max-video-preview:-1"},"og_locale":"et_EE","og_type":"article","og_title":"BIOSWING 460 iQ RAUTE - BIOSWING","og_description":"T\u00f6\u00f6\u00fclesanded v\u00f5ivad olla v\u00e4ga erin\u00e4olised. Kui teie kontoritooli saab teie individuaalsete vajaduste p\u00f5hjal t\u00e4psemalt kohandada, v\u00f5ite p\u00fcsida tervemana ja motiveerituna ka pikemate istumisperioodide v\u00e4ltel. On oluline, et tool arvestaks teie individuaalse kehaehitusega ning pakuks piisavalt v\u00f5imalusi reguleerimiseks ja kohandamiseks. J\u00e4rgnevalt on toodud peamised v\u00f5imalused.  BIOSWINGi 4. seeria kontoritool kohandub ergonoomiliselt teie individuaalse r\u00fchiga. T\u00e4nu erinevatele mehhanismidele vastab 4. seeria tool igale kasutaja liigutusele ja toetab samal ajal kasutajat individuaalselt kogu pika t\u00f6\u00f6p\u00e4eva v\u00e4ltel. Kui t\u00f6\u00f6tate enamjaolt klaviatuuri ja hiirega, peaksite j\u00e4lgima, et l\u00f5dvestate regulaarselt oma \u00f5lalihaseid. Individuaalsetele vajadustele vastavaks kohandatavad k\u00e4etoed v\u00f5ivad selleks v\u00e4\u00e4rtuslikku tuge pakkuda. 4. seeria on saadaval erinevate variantidena, mida m\u00f5ni meie ligi 150st Saksamaa, \u0160veitsi ja Austria konsultatsioonifirmade konsultandist v\u00f5ib teile tutvustada.  Laadi alla tooteleht (PDF)","og_url":"https:\/\/staging.bioswing.ee\/et\/toode\/460-iq-diamond\/","og_site_name":"BIOSWING","article_modified_time":"2025-01-23T07:29:32+00:00","og_image":[{"width":1874,"height":2500,"url":"https:\/\/bioswing.ee\/wp-content\/uploads\/2023\/04\/460_IQ_Raute.jpg","type":"image\/jpeg"}],"twitter_card":"summary_large_image","schema":{"@context":"https:\/\/schema.org","@graph":[{"@type":"WebPage","@id":"https:\/\/staging.bioswing.ee\/et\/toode\/460-iq-diamond\/","url":"https:\/\/staging.bioswing.ee\/et\/toode\/460-iq-diamond\/","name":"BIOSWING 460 iQ RAUTE - BIOSWING","isPartOf":{"@id":"https:\/\/staging.bioswing.ee\/et\/#website"},"primaryImageOfPage":{"@id":"https:\/\/staging.bioswing.ee\/et\/toode\/460-iq-diamond\/#primaryimage"},"image":{"@id":"https:\/\/staging.bioswing.ee\/et\/toode\/460-iq-diamond\/#primaryimage"},"thumbnailUrl":"https:\/\/staging.bioswing.ee\/wp-content\/uploads\/2023\/04\/460_IQ_Raute.jpg","datePublished":"2023-04-13T12:24:55+00:00","dateModified":"2025-01-23T07:29:32+00:00","breadcrumb":{"@id":"https:\/\/staging.bioswing.ee\/et\/toode\/460-iq-diamond\/#breadcrumb"},"inLanguage":"et","potentialAction":[{"@type":"ReadAction","target":["https:\/\/staging.bioswing.ee\/et\/toode\/460-iq-diamond\/"]}]},{"@type":"ImageObject","inLanguage":"et","@id":"https:\/\/staging.bioswing.ee\/et\/toode\/460-iq-diamond\/#primaryimage","url":"https:\/\/staging.bioswing.ee\/wp-content\/uploads\/2023\/04\/460_IQ_Raute.jpg","contentUrl":"https:\/\/staging.bioswing.ee\/wp-content\/uploads\/2023\/04\/460_IQ_Raute.jpg","width":1874,"height":2500},{"@type":"BreadcrumbList","@id":"https:\/\/staging.bioswing.ee\/et\/toode\/460-iq-diamond\/#breadcrumb","itemListElement":[{"@type":"ListItem","position":1,"name":"Home","item":"https:\/\/bioswing.ee\/et\/"},{"@type":"ListItem","position":2,"name":"POOD","item":"https:\/\/bioswing.ee\/et\/pood\/"},{"@type":"ListItem","position":3,"name":"BIOSWING 460 iQ RAUTE"}]},{"@type":"WebSite","@id":"https:\/\/staging.bioswing.ee\/et\/#website","url":"https:\/\/staging.bioswing.ee\/et\/","name":"BIOSWING","description":"Smart solutions for healthy sitting","publisher":{"@id":"https:\/\/staging.bioswing.ee\/et\/#organization"},"potentialAction":[{"@type":"SearchAction","target":{"@type":"EntryPoint","urlTemplate":"https:\/\/staging.bioswing.ee\/et\/?s={search_term_string}"},"query-input":{"@type":"PropertyValueSpecification","valueRequired":true,"valueName":"search_term_string"}}],"inLanguage":"et"},{"@type":"Organization","@id":"https:\/\/staging.bioswing.ee\/et\/#organization","name":"BIOSWING","url":"https:\/\/staging.bioswing.ee\/et\/","logo":{"@type":"ImageObject","inLanguage":"et","@id":"https:\/\/staging.bioswing.ee\/et\/#\/schema\/logo\/image\/","url":"https:\/\/staging.bioswing.ee\/wp-content\/uploads\/2023\/04\/logo_web.png","contentUrl":"https:\/\/staging.bioswing.ee\/wp-content\/uploads\/2023\/04\/logo_web.png","width":140,"height":122,"caption":"BIOSWING"},"image":{"@id":"https:\/\/staging.bioswing.ee\/et\/#\/schema\/logo\/image\/"}}]}},"_links":{"self":[{"href":"https:\/\/staging.bioswing.ee\/et\/wp-json\/wp\/v2\/product\/2438","targetHints":{"allow":["GET"]}}],"collection":[{"href":"https:\/\/staging.bioswing.ee\/et\/wp-json\/wp\/v2\/product"}],"about":[{"href":"https:\/\/staging.bioswing.ee\/et\/wp-json\/wp\/v2\/types\/product"}],"wp:featuredmedia":[{"embeddable":true,"href":"https:\/\/staging.bioswing.ee\/et\/wp-json\/wp\/v2\/media\/1139"}],"wp:attachment":[{"href":"https:\/\/staging.bioswing.ee\/et\/wp-json\/wp\/v2\/media?parent=2438"}],"wp:term":[{"taxonomy":"product_brand","embeddable":true,"href":"https:\/\/staging.bioswing.ee\/et\/wp-json\/wp\/v2\/product_brand?post=2438"},{"taxonomy":"product_cat","embeddable":true,"href":"https:\/\/staging.bioswing.ee\/et\/wp-json\/wp\/v2\/product_cat?post=2438"},{"taxonomy":"product_tag","embeddable":true,"href":"https:\/\/staging.bioswing.ee\/et\/wp-json\/wp\/v2\/product_tag?post=2438"}],"curies":[{"name":"wp","href":"https:\/\/api.w.org\/{rel}","templated":true}]}}