{"id":2869,"date":"2023-04-13T12:36:39","date_gmt":"2023-04-13T12:36:39","guid":{"rendered":"https:\/\/staging.bioswing.ee\/toode\/560-iq-detensor\/"},"modified":"2023-08-24T13:25:49","modified_gmt":"2023-08-24T13:25:49","slug":"560-iq-detensor","status":"publish","type":"product","link":"https:\/\/staging.bioswing.ee\/et\/toode\/560-iq-detensor\/","title":{"rendered":"BIOSWING 560 iQ DETENSOR"},"content":{"rendered":"<h3>BIOSWING 560 iQ DETENSOR<\/h3>\n<ul>\n<li>Ergonoomiline ortopeedilise toimega p\u00f6\u00f6rdtool kontorisse<\/li>\n<li>Integreeritud reguleeritava 3D-toolimehhanismiga<\/li>\n<li>Individuaalse kaalukohandusega s\u00fcnkroonmehhanism (peenh\u00e4\u00e4lestusega)<\/li>\n<li>Erinevateks t\u00f6\u00f6asenditeks multifunktsionaalselt reguleeritavad 3D-k\u00e4etoed<\/li>\n<li>Individuaalne ja igal ajahetkel muudetav istme kalde regulaator gaasvedruga<\/li>\n<li>Vaagnapiirkonna lisastabilisaator<\/li>\n<li>Jalgade pikkusele sobivaks reguleeritav istmes\u00fcgavus<\/li>\n<li>Reguleeritava k\u00f5rgusega seljatugi, lisaks individuaalselt reguleeritava kaarega l\u00fclisambatugi<\/li>\n<li>3D-kaelatugi igal ajahetkel reguleeritava k\u00f5rguse, s\u00fcgavuse ja kaldega<\/li>\n<li>Seljatoe k\u00f5rgus: 60 cm<\/li>\n<li>Kattekangas: stepp, erinevad toonid<\/li>\n<li>Viieharuline alus: poleeritud alumiinium<\/li>\n<\/ul>\n<p><iframe width=\"100%\" height=\"450\" src=\"https:\/\/www.youtube.com\/embed\/K0Ht8x3OJnU\" title=\"YouTube video player\" frameborder=\"0\" allow=\"accelerometer; autoplay; clipboard-write; encrypted-media; gyroscope; picture-in-picture; web-share\" allowfullscreen=\"\"><\/iframe><\/p>\n<p><iframe width=\"100%\" height=\"450\" src=\"https:\/\/www.youtube.com\/embed\/uaDd-9wsIHc?si=veDAb3pf3vOby3uj\" title=\"YouTube video player\" frameborder=\"0\" allow=\"accelerometer; autoplay; clipboard-write; encrypted-media; gyroscope; picture-in-picture; web-share\" allowfullscreen=\"\"><\/iframe><\/p>\n","protected":false},"excerpt":{"rendered":"<h4>Kui teie kontoritooli saab teie m\u00f5\u00f5tmete p\u00f5hjal t\u00e4psemalt kohandada, v\u00f5ite p\u00fcsida tervemana ja motiveerituna ka pikemate istumisperioodide v\u00e4ltel.<\/h4>\n<p>On oluline, et tool <strong>arvestaks teie individuaalse kehaehitusega <\/strong> ning pakuks piisavalt v\u00f5imalusi reguleerimiseks ja kohandamiseks.<\/p>\n<p>J\u00e4rgnevalt on toodud peamised v\u00f5imalused.<\/p>\n<h4>BIOSWINGi 5. seeria kontoritool pakub teile maksimaalset liikuvust.<\/h4>\n<p>T\u00e4nu integreeritud tehnoloogiatele vastab 5. seeria tool igale kasutaja liigutusele ning samal ajal kohandub igale asendile, mille kasutaja pika t\u00f6\u00f6p\u00e4eva jooksul v\u00f5tab. L\u00f5ppude l\u00f5puks: <strong>parim asend on see, mille j\u00e4rgmisena v\u00f5tate<\/strong>.<\/p>\n<p>Aktiivne liigutamine koos p\u00fcstise kehahoiakuga on l\u00fclisambale hea. <strong>Individuaalselt reguleeritava istme kalde<\/strong> abil saate kohandada k\u00f5ikide 5. seeria toolide istmekallet oma vajaduste j\u00e4rgi, et teie <strong>l\u00fclisammas s\u00e4ilitaks on loomuliku S-kuju<\/strong> t\u00e4nu vaagnapiirkonna asendi korrigeerimisele.<\/p>\n<p><img decoding=\"async\" class=\"alignnone wp-image-916\" src=\"https:\/\/staging.bioswing.ee\/wp-content\/uploads\/2023\/04\/pdf.png\" alt=\"pdf\" width=\"19\" height=\"20\"> <a href=\"https:\/\/staging.bioswing.ee\/wp-content\/uploads\/2023\/04\/produktblatt_560_v02_EN.pdf\" target=\"_blank\" rel=\"noopener\">Laadi alla tooteleht (PDF)<\/a><\/p>\n","protected":false},"featured_media":1149,"template":"","meta":[],"product_brand":[],"product_cat":[100,118],"product_tag":[],"class_list":{"0":"post-2869","1":"product","2":"type-product","3":"status-publish","4":"has-post-thumbnail","6":"product_cat-juhitoolid","7":"product_cat-kontori-ja-kodukontori-toolid-et","9":"first","10":"instock","11":"sale","12":"taxable","13":"shipping-taxable","14":"purchasable","15":"product-type-variable","16":"has-default-attributes"},"yoast_head":"<!-- This site is optimized with the Yoast SEO plugin v27.1.1 - https:\/\/yoast.com\/product\/yoast-seo-wordpress\/ -->\n<title>BIOSWING 560 iQ DETENSOR - BIOSWING<\/title>\n<meta name=\"robots\" content=\"noindex, follow, max-snippet:-1, max-image-preview:large, max-video-preview:-1\" \/>\n<meta property=\"og:locale\" content=\"et_EE\" \/>\n<meta property=\"og:type\" content=\"article\" \/>\n<meta property=\"og:title\" content=\"BIOSWING 560 iQ DETENSOR - BIOSWING\" \/>\n<meta property=\"og:description\" content=\"Kui teie kontoritooli saab teie m\u00f5\u00f5tmete p\u00f5hjal t\u00e4psemalt kohandada, v\u00f5ite p\u00fcsida tervemana ja motiveerituna ka pikemate istumisperioodide v\u00e4ltel. On oluline, et tool arvestaks teie individuaalse kehaehitusega ning pakuks piisavalt v\u00f5imalusi reguleerimiseks ja kohandamiseks. J\u00e4rgnevalt on toodud peamised v\u00f5imalused. BIOSWINGi 5. seeria kontoritool pakub teile maksimaalset liikuvust. T\u00e4nu integreeritud tehnoloogiatele vastab 5. seeria tool igale kasutaja liigutusele ning samal ajal kohandub igale asendile, mille kasutaja pika t\u00f6\u00f6p\u00e4eva jooksul v\u00f5tab. L\u00f5ppude l\u00f5puks: parim asend on see, mille j\u00e4rgmisena v\u00f5tate. Aktiivne liigutamine koos p\u00fcstise kehahoiakuga on l\u00fclisambale hea. Individuaalselt reguleeritava istme kalde abil saate kohandada k\u00f5ikide 5. seeria toolide istmekallet oma vajaduste j\u00e4rgi, et teie l\u00fclisammas s\u00e4ilitaks on loomuliku S-kuju t\u00e4nu vaagnapiirkonna asendi korrigeerimisele.  Laadi alla tooteleht (PDF)\" \/>\n<meta property=\"og:url\" content=\"https:\/\/staging.bioswing.ee\/et\/toode\/560-iq-detensor\/\" \/>\n<meta property=\"og:site_name\" content=\"BIOSWING\" \/>\n<meta property=\"article:modified_time\" content=\"2023-08-24T13:25:49+00:00\" \/>\n<meta property=\"og:image\" content=\"https:\/\/bioswing.ee\/wp-content\/uploads\/2023\/04\/560_IQ_Detensor.jpg\" \/>\n\t<meta property=\"og:image:width\" content=\"1874\" \/>\n\t<meta property=\"og:image:height\" content=\"2500\" \/>\n\t<meta property=\"og:image:type\" content=\"image\/jpeg\" \/>\n<meta name=\"twitter:card\" content=\"summary_large_image\" \/>\n<script type=\"application\/ld+json\" class=\"yoast-schema-graph\">{\"@context\":\"https:\/\/schema.org\",\"@graph\":[{\"@type\":\"WebPage\",\"@id\":\"https:\/\/staging.bioswing.ee\/et\/toode\/560-iq-detensor\/\",\"url\":\"https:\/\/staging.bioswing.ee\/et\/toode\/560-iq-detensor\/\",\"name\":\"BIOSWING 560 iQ DETENSOR - BIOSWING\",\"isPartOf\":{\"@id\":\"https:\/\/staging.bioswing.ee\/et\/#website\"},\"primaryImageOfPage\":{\"@id\":\"https:\/\/staging.bioswing.ee\/et\/toode\/560-iq-detensor\/#primaryimage\"},\"image\":{\"@id\":\"https:\/\/staging.bioswing.ee\/et\/toode\/560-iq-detensor\/#primaryimage\"},\"thumbnailUrl\":\"https:\/\/staging.bioswing.ee\/wp-content\/uploads\/2023\/04\/560_IQ_Detensor.jpg\",\"datePublished\":\"2023-04-13T12:36:39+00:00\",\"dateModified\":\"2023-08-24T13:25:49+00:00\",\"breadcrumb\":{\"@id\":\"https:\/\/staging.bioswing.ee\/et\/toode\/560-iq-detensor\/#breadcrumb\"},\"inLanguage\":\"et\",\"potentialAction\":[{\"@type\":\"ReadAction\",\"target\":[\"https:\/\/staging.bioswing.ee\/et\/toode\/560-iq-detensor\/\"]}]},{\"@type\":\"ImageObject\",\"inLanguage\":\"et\",\"@id\":\"https:\/\/staging.bioswing.ee\/et\/toode\/560-iq-detensor\/#primaryimage\",\"url\":\"https:\/\/staging.bioswing.ee\/wp-content\/uploads\/2023\/04\/560_IQ_Detensor.jpg\",\"contentUrl\":\"https:\/\/staging.bioswing.ee\/wp-content\/uploads\/2023\/04\/560_IQ_Detensor.jpg\",\"width\":1874,\"height\":2500},{\"@type\":\"BreadcrumbList\",\"@id\":\"https:\/\/staging.bioswing.ee\/et\/toode\/560-iq-detensor\/#breadcrumb\",\"itemListElement\":[{\"@type\":\"ListItem\",\"position\":1,\"name\":\"Home\",\"item\":\"https:\/\/bioswing.ee\/et\/\"},{\"@type\":\"ListItem\",\"position\":2,\"name\":\"POOD\",\"item\":\"https:\/\/bioswing.ee\/et\/pood\/\"},{\"@type\":\"ListItem\",\"position\":3,\"name\":\"BIOSWING 560 iQ DETENSOR\"}]},{\"@type\":\"WebSite\",\"@id\":\"https:\/\/staging.bioswing.ee\/et\/#website\",\"url\":\"https:\/\/staging.bioswing.ee\/et\/\",\"name\":\"BIOSWING\",\"description\":\"Smart solutions for healthy sitting\",\"publisher\":{\"@id\":\"https:\/\/staging.bioswing.ee\/et\/#organization\"},\"potentialAction\":[{\"@type\":\"SearchAction\",\"target\":{\"@type\":\"EntryPoint\",\"urlTemplate\":\"https:\/\/staging.bioswing.ee\/et\/?s={search_term_string}\"},\"query-input\":{\"@type\":\"PropertyValueSpecification\",\"valueRequired\":true,\"valueName\":\"search_term_string\"}}],\"inLanguage\":\"et\"},{\"@type\":\"Organization\",\"@id\":\"https:\/\/staging.bioswing.ee\/et\/#organization\",\"name\":\"BIOSWING\",\"url\":\"https:\/\/staging.bioswing.ee\/et\/\",\"logo\":{\"@type\":\"ImageObject\",\"inLanguage\":\"et\",\"@id\":\"https:\/\/staging.bioswing.ee\/et\/#\/schema\/logo\/image\/\",\"url\":\"https:\/\/staging.bioswing.ee\/wp-content\/uploads\/2023\/04\/logo_web.png\",\"contentUrl\":\"https:\/\/staging.bioswing.ee\/wp-content\/uploads\/2023\/04\/logo_web.png\",\"width\":140,\"height\":122,\"caption\":\"BIOSWING\"},\"image\":{\"@id\":\"https:\/\/staging.bioswing.ee\/et\/#\/schema\/logo\/image\/\"}}]}<\/script>\n<!-- \/ Yoast SEO plugin. -->","yoast_head_json":{"title":"BIOSWING 560 iQ DETENSOR - BIOSWING","robots":{"index":"noindex","follow":"follow","max-snippet":"max-snippet:-1","max-image-preview":"max-image-preview:large","max-video-preview":"max-video-preview:-1"},"og_locale":"et_EE","og_type":"article","og_title":"BIOSWING 560 iQ DETENSOR - BIOSWING","og_description":"Kui teie kontoritooli saab teie m\u00f5\u00f5tmete p\u00f5hjal t\u00e4psemalt kohandada, v\u00f5ite p\u00fcsida tervemana ja motiveerituna ka pikemate istumisperioodide v\u00e4ltel. On oluline, et tool arvestaks teie individuaalse kehaehitusega ning pakuks piisavalt v\u00f5imalusi reguleerimiseks ja kohandamiseks. J\u00e4rgnevalt on toodud peamised v\u00f5imalused. BIOSWINGi 5. seeria kontoritool pakub teile maksimaalset liikuvust. T\u00e4nu integreeritud tehnoloogiatele vastab 5. seeria tool igale kasutaja liigutusele ning samal ajal kohandub igale asendile, mille kasutaja pika t\u00f6\u00f6p\u00e4eva jooksul v\u00f5tab. L\u00f5ppude l\u00f5puks: parim asend on see, mille j\u00e4rgmisena v\u00f5tate. Aktiivne liigutamine koos p\u00fcstise kehahoiakuga on l\u00fclisambale hea. Individuaalselt reguleeritava istme kalde abil saate kohandada k\u00f5ikide 5. seeria toolide istmekallet oma vajaduste j\u00e4rgi, et teie l\u00fclisammas s\u00e4ilitaks on loomuliku S-kuju t\u00e4nu vaagnapiirkonna asendi korrigeerimisele.  Laadi alla tooteleht (PDF)","og_url":"https:\/\/staging.bioswing.ee\/et\/toode\/560-iq-detensor\/","og_site_name":"BIOSWING","article_modified_time":"2023-08-24T13:25:49+00:00","og_image":[{"width":1874,"height":2500,"url":"https:\/\/bioswing.ee\/wp-content\/uploads\/2023\/04\/560_IQ_Detensor.jpg","type":"image\/jpeg"}],"twitter_card":"summary_large_image","schema":{"@context":"https:\/\/schema.org","@graph":[{"@type":"WebPage","@id":"https:\/\/staging.bioswing.ee\/et\/toode\/560-iq-detensor\/","url":"https:\/\/staging.bioswing.ee\/et\/toode\/560-iq-detensor\/","name":"BIOSWING 560 iQ DETENSOR - BIOSWING","isPartOf":{"@id":"https:\/\/staging.bioswing.ee\/et\/#website"},"primaryImageOfPage":{"@id":"https:\/\/staging.bioswing.ee\/et\/toode\/560-iq-detensor\/#primaryimage"},"image":{"@id":"https:\/\/staging.bioswing.ee\/et\/toode\/560-iq-detensor\/#primaryimage"},"thumbnailUrl":"https:\/\/staging.bioswing.ee\/wp-content\/uploads\/2023\/04\/560_IQ_Detensor.jpg","datePublished":"2023-04-13T12:36:39+00:00","dateModified":"2023-08-24T13:25:49+00:00","breadcrumb":{"@id":"https:\/\/staging.bioswing.ee\/et\/toode\/560-iq-detensor\/#breadcrumb"},"inLanguage":"et","potentialAction":[{"@type":"ReadAction","target":["https:\/\/staging.bioswing.ee\/et\/toode\/560-iq-detensor\/"]}]},{"@type":"ImageObject","inLanguage":"et","@id":"https:\/\/staging.bioswing.ee\/et\/toode\/560-iq-detensor\/#primaryimage","url":"https:\/\/staging.bioswing.ee\/wp-content\/uploads\/2023\/04\/560_IQ_Detensor.jpg","contentUrl":"https:\/\/staging.bioswing.ee\/wp-content\/uploads\/2023\/04\/560_IQ_Detensor.jpg","width":1874,"height":2500},{"@type":"BreadcrumbList","@id":"https:\/\/staging.bioswing.ee\/et\/toode\/560-iq-detensor\/#breadcrumb","itemListElement":[{"@type":"ListItem","position":1,"name":"Home","item":"https:\/\/bioswing.ee\/et\/"},{"@type":"ListItem","position":2,"name":"POOD","item":"https:\/\/bioswing.ee\/et\/pood\/"},{"@type":"ListItem","position":3,"name":"BIOSWING 560 iQ DETENSOR"}]},{"@type":"WebSite","@id":"https:\/\/staging.bioswing.ee\/et\/#website","url":"https:\/\/staging.bioswing.ee\/et\/","name":"BIOSWING","description":"Smart solutions for healthy sitting","publisher":{"@id":"https:\/\/staging.bioswing.ee\/et\/#organization"},"potentialAction":[{"@type":"SearchAction","target":{"@type":"EntryPoint","urlTemplate":"https:\/\/staging.bioswing.ee\/et\/?s={search_term_string}"},"query-input":{"@type":"PropertyValueSpecification","valueRequired":true,"valueName":"search_term_string"}}],"inLanguage":"et"},{"@type":"Organization","@id":"https:\/\/staging.bioswing.ee\/et\/#organization","name":"BIOSWING","url":"https:\/\/staging.bioswing.ee\/et\/","logo":{"@type":"ImageObject","inLanguage":"et","@id":"https:\/\/staging.bioswing.ee\/et\/#\/schema\/logo\/image\/","url":"https:\/\/staging.bioswing.ee\/wp-content\/uploads\/2023\/04\/logo_web.png","contentUrl":"https:\/\/staging.bioswing.ee\/wp-content\/uploads\/2023\/04\/logo_web.png","width":140,"height":122,"caption":"BIOSWING"},"image":{"@id":"https:\/\/staging.bioswing.ee\/et\/#\/schema\/logo\/image\/"}}]}},"_links":{"self":[{"href":"https:\/\/staging.bioswing.ee\/et\/wp-json\/wp\/v2\/product\/2869","targetHints":{"allow":["GET"]}}],"collection":[{"href":"https:\/\/staging.bioswing.ee\/et\/wp-json\/wp\/v2\/product"}],"about":[{"href":"https:\/\/staging.bioswing.ee\/et\/wp-json\/wp\/v2\/types\/product"}],"wp:featuredmedia":[{"embeddable":true,"href":"https:\/\/staging.bioswing.ee\/et\/wp-json\/wp\/v2\/media\/1149"}],"wp:attachment":[{"href":"https:\/\/staging.bioswing.ee\/et\/wp-json\/wp\/v2\/media?parent=2869"}],"wp:term":[{"taxonomy":"product_brand","embeddable":true,"href":"https:\/\/staging.bioswing.ee\/et\/wp-json\/wp\/v2\/product_brand?post=2869"},{"taxonomy":"product_cat","embeddable":true,"href":"https:\/\/staging.bioswing.ee\/et\/wp-json\/wp\/v2\/product_cat?post=2869"},{"taxonomy":"product_tag","embeddable":true,"href":"https:\/\/staging.bioswing.ee\/et\/wp-json\/wp\/v2\/product_tag?post=2869"}],"curies":[{"name":"wp","href":"https:\/\/api.w.org\/{rel}","templated":true}]}}