{"id":2919,"date":"2023-04-13T13:22:21","date_gmt":"2023-04-13T13:22:21","guid":{"rendered":"https:\/\/staging.bioswing.ee\/toode\/660-iq\/"},"modified":"2025-03-11T12:42:02","modified_gmt":"2025-03-11T12:42:02","slug":"660-iq","status":"publish","type":"product","link":"https:\/\/staging.bioswing.ee\/et\/toode\/660-iq\/","title":{"rendered":"BIOSWING 660 iQ"},"content":{"rendered":"<h3>BIOSWING 660 iQ<\/h3>\n<ul>\n<li>Ergonoomiline ortopeedilise toimega p\u00f6\u00f6rdtool kontorisse<\/li>\n<li>Integreeritud reguleeritava 3D-toolimehhanismiga<\/li>\n<li>Automaatse kaalukohandusega s\u00fcnkroonmehhanism (peenh\u00e4\u00e4lestusega)<\/li>\n<li>Erinevateks t\u00f6\u00f6asenditeks multifunktsionaalselt reguleeritavad 3D-k\u00e4etoed<\/li>\n<li>Individuaalne ja igal ajahetkel muudetav istme kalde regulaator gaasvedruga<\/li>\n<li>Vaagnapiirkonna lisastabilisaator<\/li>\n<li>Jalgade pikkusele sobivaks reguleeritav istmes\u00fcgavus<\/li>\n<li>Reguleeritava k\u00f5rgusega seljatugi, lisaks individuaalselt reguleeritava kaarega l\u00fclisambatugi<\/li>\n<li>3D-kaelatugi igal ajahetkel reguleeritava k\u00f5rguse, s\u00fcgavuse ja kaldega<\/li>\n<li>Seljatoe k\u00f5rgus: 60 cm<\/li>\n<li>Kattekangas: stepp, erinevad toonid<\/li>\n<li>Viieharuline alus: poleeritud alumiinium<\/li>\n<\/ul>\n<p><iframe title=\"YouTube video player\" src=\"https:\/\/www.youtube.com\/embed\/HZcjV5Wtxhk\" width=\"100%\" height=\"450\" frameborder=\"0\" allowfullscreen=\"allowfullscreen\"><\/iframe><\/p>\n<p><iframe title=\"YouTube video player\" src=\"https:\/\/www.youtube.com\/embed\/uaDd-9wsIHc?si=veDAb3pf3vOby3uj\" width=\"100%\" height=\"450\" frameborder=\"0\" allowfullscreen=\"allowfullscreen\"><\/iframe><\/p>\n","protected":false},"excerpt":{"rendered":"<h4>Kui peate igap\u00e4evaselt saavutama maksimaalseid tulemusi, vajate ka kontoritooli, mis suudab enamat: tulemuslikkust suurendavat BIOSWINGi.<\/h4>\n<p>Sellelt lehelt saate lugeda, kuidas meie tehnoloogia abil <strong>oma tulemuslikkust suurendada<\/strong>.<\/p>\n<p>On oluline, et tool <strong>arvestaks teie individuaalse kehaehitusega<\/strong> ning pakuks t\u00e4iuslikke reguleerimis- ja kohandamisv\u00f5imalusi.<\/p>\n<h4>BIOSWINGi 6. seeria kontoritoolid pakuvad teile maksimaalset lisaliikuvust.<\/h4>\n<p>T\u00e4nu keerukatele integreeritud mehhanismidele vastavad 6. seeria kontoritoolid teie igale liigutusele, samuti kohanduvad imelise sujuvusega igale kehaasendile, mille pika t\u00f6\u00f6p\u00e4eva jooksul v\u00f5tate.<\/p>\n<p>Aktiivne liikumine ning regulaarne kehaasendi vahetamine on teie l\u00fclisambale hea. Standardvarustusse kuuluva ning imeliselt sujuva s\u00fcsteemiga <strong>kasutajale vastavaks reguleeritav istmekalle<\/strong> ning <strong>vaagnapiirkonna stabilisaator<\/strong> aitavad teil kerge vaevaga korrektset vaagnapiirkonna asendit ning <strong>l\u00fclisamba loomulikku S-kuju hoida<\/strong>. See hoiab \u00e4rksamana nii keha kui vaimu.<\/p>\n<p>Tundidepikkune arvutiga t\u00f6\u00f6tamine tekitab kurnatustunnet. Peame oma umbes 5 kilo kaaluvat pead pidevalt samas asendis hoidma, mis kurnab kaelalihaseid ja tekitab valusaid pingeid.<\/p>\n<p>Leevendust pakub <strong>3D-reguleeritav kaelatugi<\/strong>, mis v\u00f5imaldab tekitada <strong>l\u00fchikesi vahelduvaid l\u00f5dvestumishetki<\/strong> \u2013 et saaksite <strong>lihaspingeid leevendada<\/strong>.<\/p>\n<p><strong>BIOSWING 660 iQ seljatoe k\u00f5rgus on 60 cm<\/strong> (BIOSWING 670 iQ seljatoe k\u00f5rgus on 70 cm).<\/p>\n<p><img decoding=\"async\" class=\"alignnone wp-image-916\" src=\"https:\/\/staging.bioswing.ee\/wp-content\/uploads\/2023\/04\/pdf.png\" alt=\"pdf\" width=\"19\" height=\"20\"> <a href=\"https:\/\/staging.bioswing.ee\/wp-content\/uploads\/2023\/04\/produktblatt_660_v05_EN.pdf\" target=\"_blank\" rel=\"noopener\">Laadi alla tooteleht (PDF)<\/a><\/p>\n","protected":false},"featured_media":1174,"template":"","meta":[],"product_brand":[],"product_cat":[100],"product_tag":[],"class_list":{"0":"post-2919","1":"product","2":"type-product","3":"status-publish","4":"has-post-thumbnail","6":"product_cat-juhitoolid","8":"first","9":"instock","10":"sale","11":"taxable","12":"shipping-taxable","13":"purchasable","14":"product-type-variable","15":"has-default-attributes"},"yoast_head":"<!-- This site is optimized with the Yoast SEO plugin v27.1.1 - https:\/\/yoast.com\/product\/yoast-seo-wordpress\/ -->\n<title>BIOSWING 660 iQ - BIOSWING<\/title>\n<meta name=\"robots\" content=\"noindex, follow, max-snippet:-1, max-image-preview:large, max-video-preview:-1\" \/>\n<meta property=\"og:locale\" content=\"et_EE\" \/>\n<meta property=\"og:type\" content=\"article\" \/>\n<meta property=\"og:title\" content=\"BIOSWING 660 iQ - BIOSWING\" \/>\n<meta property=\"og:description\" content=\"Kui peate igap\u00e4evaselt saavutama maksimaalseid tulemusi, vajate ka kontoritooli, mis suudab enamat: tulemuslikkust suurendavat BIOSWINGi. Sellelt lehelt saate lugeda, kuidas meie tehnoloogia abil oma tulemuslikkust suurendada. On oluline, et tool arvestaks teie individuaalse kehaehitusega ning pakuks t\u00e4iuslikke reguleerimis- ja kohandamisv\u00f5imalusi. BIOSWINGi 6. seeria kontoritoolid pakuvad teile maksimaalset lisaliikuvust. T\u00e4nu keerukatele integreeritud mehhanismidele vastavad 6. seeria kontoritoolid teie igale liigutusele, samuti kohanduvad imelise sujuvusega igale kehaasendile, mille pika t\u00f6\u00f6p\u00e4eva jooksul v\u00f5tate. Aktiivne liikumine ning regulaarne kehaasendi vahetamine on teie l\u00fclisambale hea. Standardvarustusse kuuluva ning imeliselt sujuva s\u00fcsteemiga kasutajale vastavaks reguleeritav istmekalle ning vaagnapiirkonna stabilisaator aitavad teil kerge vaevaga korrektset vaagnapiirkonna asendit ning l\u00fclisamba loomulikku S-kuju hoida. See hoiab \u00e4rksamana nii keha kui vaimu. Tundidepikkune arvutiga t\u00f6\u00f6tamine tekitab kurnatustunnet. Peame oma umbes 5 kilo kaaluvat pead pidevalt samas asendis hoidma, mis kurnab kaelalihaseid ja tekitab valusaid pingeid. Leevendust pakub 3D-reguleeritav kaelatugi, mis v\u00f5imaldab tekitada l\u00fchikesi vahelduvaid l\u00f5dvestumishetki \u2013 et saaksite lihaspingeid leevendada. BIOSWING 660 iQ seljatoe k\u00f5rgus on 60 cm (BIOSWING 670 iQ seljatoe k\u00f5rgus on 70 cm).  Laadi alla tooteleht (PDF)\" \/>\n<meta property=\"og:url\" content=\"https:\/\/staging.bioswing.ee\/et\/toode\/660-iq\/\" \/>\n<meta property=\"og:site_name\" content=\"BIOSWING\" \/>\n<meta property=\"article:modified_time\" content=\"2025-03-11T12:42:02+00:00\" \/>\n<meta property=\"og:image\" content=\"https:\/\/bioswing.ee\/wp-content\/uploads\/2023\/04\/660_IQ.jpg\" \/>\n\t<meta property=\"og:image:width\" content=\"1874\" \/>\n\t<meta property=\"og:image:height\" content=\"2500\" \/>\n\t<meta property=\"og:image:type\" content=\"image\/jpeg\" \/>\n<meta name=\"twitter:card\" content=\"summary_large_image\" \/>\n<script type=\"application\/ld+json\" class=\"yoast-schema-graph\">{\"@context\":\"https:\/\/schema.org\",\"@graph\":[{\"@type\":\"WebPage\",\"@id\":\"https:\/\/staging.bioswing.ee\/et\/toode\/660-iq\/\",\"url\":\"https:\/\/staging.bioswing.ee\/et\/toode\/660-iq\/\",\"name\":\"BIOSWING 660 iQ - BIOSWING\",\"isPartOf\":{\"@id\":\"https:\/\/staging.bioswing.ee\/et\/#website\"},\"primaryImageOfPage\":{\"@id\":\"https:\/\/staging.bioswing.ee\/et\/toode\/660-iq\/#primaryimage\"},\"image\":{\"@id\":\"https:\/\/staging.bioswing.ee\/et\/toode\/660-iq\/#primaryimage\"},\"thumbnailUrl\":\"https:\/\/staging.bioswing.ee\/wp-content\/uploads\/2023\/04\/660_IQ.jpg\",\"datePublished\":\"2023-04-13T13:22:21+00:00\",\"dateModified\":\"2025-03-11T12:42:02+00:00\",\"breadcrumb\":{\"@id\":\"https:\/\/staging.bioswing.ee\/et\/toode\/660-iq\/#breadcrumb\"},\"inLanguage\":\"et\",\"potentialAction\":[{\"@type\":\"ReadAction\",\"target\":[\"https:\/\/staging.bioswing.ee\/et\/toode\/660-iq\/\"]}]},{\"@type\":\"ImageObject\",\"inLanguage\":\"et\",\"@id\":\"https:\/\/staging.bioswing.ee\/et\/toode\/660-iq\/#primaryimage\",\"url\":\"https:\/\/staging.bioswing.ee\/wp-content\/uploads\/2023\/04\/660_IQ.jpg\",\"contentUrl\":\"https:\/\/staging.bioswing.ee\/wp-content\/uploads\/2023\/04\/660_IQ.jpg\",\"width\":1874,\"height\":2500},{\"@type\":\"BreadcrumbList\",\"@id\":\"https:\/\/staging.bioswing.ee\/et\/toode\/660-iq\/#breadcrumb\",\"itemListElement\":[{\"@type\":\"ListItem\",\"position\":1,\"name\":\"Home\",\"item\":\"https:\/\/bioswing.ee\/et\/\"},{\"@type\":\"ListItem\",\"position\":2,\"name\":\"POOD\",\"item\":\"https:\/\/bioswing.ee\/et\/pood\/\"},{\"@type\":\"ListItem\",\"position\":3,\"name\":\"BIOSWING 660 iQ\"}]},{\"@type\":\"WebSite\",\"@id\":\"https:\/\/staging.bioswing.ee\/et\/#website\",\"url\":\"https:\/\/staging.bioswing.ee\/et\/\",\"name\":\"BIOSWING\",\"description\":\"Smart solutions for healthy sitting\",\"publisher\":{\"@id\":\"https:\/\/staging.bioswing.ee\/et\/#organization\"},\"potentialAction\":[{\"@type\":\"SearchAction\",\"target\":{\"@type\":\"EntryPoint\",\"urlTemplate\":\"https:\/\/staging.bioswing.ee\/et\/?s={search_term_string}\"},\"query-input\":{\"@type\":\"PropertyValueSpecification\",\"valueRequired\":true,\"valueName\":\"search_term_string\"}}],\"inLanguage\":\"et\"},{\"@type\":\"Organization\",\"@id\":\"https:\/\/staging.bioswing.ee\/et\/#organization\",\"name\":\"BIOSWING\",\"url\":\"https:\/\/staging.bioswing.ee\/et\/\",\"logo\":{\"@type\":\"ImageObject\",\"inLanguage\":\"et\",\"@id\":\"https:\/\/staging.bioswing.ee\/et\/#\/schema\/logo\/image\/\",\"url\":\"https:\/\/staging.bioswing.ee\/wp-content\/uploads\/2023\/04\/logo_web.png\",\"contentUrl\":\"https:\/\/staging.bioswing.ee\/wp-content\/uploads\/2023\/04\/logo_web.png\",\"width\":140,\"height\":122,\"caption\":\"BIOSWING\"},\"image\":{\"@id\":\"https:\/\/staging.bioswing.ee\/et\/#\/schema\/logo\/image\/\"}}]}<\/script>\n<!-- \/ Yoast SEO plugin. -->","yoast_head_json":{"title":"BIOSWING 660 iQ - BIOSWING","robots":{"index":"noindex","follow":"follow","max-snippet":"max-snippet:-1","max-image-preview":"max-image-preview:large","max-video-preview":"max-video-preview:-1"},"og_locale":"et_EE","og_type":"article","og_title":"BIOSWING 660 iQ - BIOSWING","og_description":"Kui peate igap\u00e4evaselt saavutama maksimaalseid tulemusi, vajate ka kontoritooli, mis suudab enamat: tulemuslikkust suurendavat BIOSWINGi. Sellelt lehelt saate lugeda, kuidas meie tehnoloogia abil oma tulemuslikkust suurendada. On oluline, et tool arvestaks teie individuaalse kehaehitusega ning pakuks t\u00e4iuslikke reguleerimis- ja kohandamisv\u00f5imalusi. BIOSWINGi 6. seeria kontoritoolid pakuvad teile maksimaalset lisaliikuvust. T\u00e4nu keerukatele integreeritud mehhanismidele vastavad 6. seeria kontoritoolid teie igale liigutusele, samuti kohanduvad imelise sujuvusega igale kehaasendile, mille pika t\u00f6\u00f6p\u00e4eva jooksul v\u00f5tate. Aktiivne liikumine ning regulaarne kehaasendi vahetamine on teie l\u00fclisambale hea. Standardvarustusse kuuluva ning imeliselt sujuva s\u00fcsteemiga kasutajale vastavaks reguleeritav istmekalle ning vaagnapiirkonna stabilisaator aitavad teil kerge vaevaga korrektset vaagnapiirkonna asendit ning l\u00fclisamba loomulikku S-kuju hoida. See hoiab \u00e4rksamana nii keha kui vaimu. Tundidepikkune arvutiga t\u00f6\u00f6tamine tekitab kurnatustunnet. Peame oma umbes 5 kilo kaaluvat pead pidevalt samas asendis hoidma, mis kurnab kaelalihaseid ja tekitab valusaid pingeid. Leevendust pakub 3D-reguleeritav kaelatugi, mis v\u00f5imaldab tekitada l\u00fchikesi vahelduvaid l\u00f5dvestumishetki \u2013 et saaksite lihaspingeid leevendada. BIOSWING 660 iQ seljatoe k\u00f5rgus on 60 cm (BIOSWING 670 iQ seljatoe k\u00f5rgus on 70 cm).  Laadi alla tooteleht (PDF)","og_url":"https:\/\/staging.bioswing.ee\/et\/toode\/660-iq\/","og_site_name":"BIOSWING","article_modified_time":"2025-03-11T12:42:02+00:00","og_image":[{"width":1874,"height":2500,"url":"https:\/\/bioswing.ee\/wp-content\/uploads\/2023\/04\/660_IQ.jpg","type":"image\/jpeg"}],"twitter_card":"summary_large_image","schema":{"@context":"https:\/\/schema.org","@graph":[{"@type":"WebPage","@id":"https:\/\/staging.bioswing.ee\/et\/toode\/660-iq\/","url":"https:\/\/staging.bioswing.ee\/et\/toode\/660-iq\/","name":"BIOSWING 660 iQ - BIOSWING","isPartOf":{"@id":"https:\/\/staging.bioswing.ee\/et\/#website"},"primaryImageOfPage":{"@id":"https:\/\/staging.bioswing.ee\/et\/toode\/660-iq\/#primaryimage"},"image":{"@id":"https:\/\/staging.bioswing.ee\/et\/toode\/660-iq\/#primaryimage"},"thumbnailUrl":"https:\/\/staging.bioswing.ee\/wp-content\/uploads\/2023\/04\/660_IQ.jpg","datePublished":"2023-04-13T13:22:21+00:00","dateModified":"2025-03-11T12:42:02+00:00","breadcrumb":{"@id":"https:\/\/staging.bioswing.ee\/et\/toode\/660-iq\/#breadcrumb"},"inLanguage":"et","potentialAction":[{"@type":"ReadAction","target":["https:\/\/staging.bioswing.ee\/et\/toode\/660-iq\/"]}]},{"@type":"ImageObject","inLanguage":"et","@id":"https:\/\/staging.bioswing.ee\/et\/toode\/660-iq\/#primaryimage","url":"https:\/\/staging.bioswing.ee\/wp-content\/uploads\/2023\/04\/660_IQ.jpg","contentUrl":"https:\/\/staging.bioswing.ee\/wp-content\/uploads\/2023\/04\/660_IQ.jpg","width":1874,"height":2500},{"@type":"BreadcrumbList","@id":"https:\/\/staging.bioswing.ee\/et\/toode\/660-iq\/#breadcrumb","itemListElement":[{"@type":"ListItem","position":1,"name":"Home","item":"https:\/\/bioswing.ee\/et\/"},{"@type":"ListItem","position":2,"name":"POOD","item":"https:\/\/bioswing.ee\/et\/pood\/"},{"@type":"ListItem","position":3,"name":"BIOSWING 660 iQ"}]},{"@type":"WebSite","@id":"https:\/\/staging.bioswing.ee\/et\/#website","url":"https:\/\/staging.bioswing.ee\/et\/","name":"BIOSWING","description":"Smart solutions for healthy sitting","publisher":{"@id":"https:\/\/staging.bioswing.ee\/et\/#organization"},"potentialAction":[{"@type":"SearchAction","target":{"@type":"EntryPoint","urlTemplate":"https:\/\/staging.bioswing.ee\/et\/?s={search_term_string}"},"query-input":{"@type":"PropertyValueSpecification","valueRequired":true,"valueName":"search_term_string"}}],"inLanguage":"et"},{"@type":"Organization","@id":"https:\/\/staging.bioswing.ee\/et\/#organization","name":"BIOSWING","url":"https:\/\/staging.bioswing.ee\/et\/","logo":{"@type":"ImageObject","inLanguage":"et","@id":"https:\/\/staging.bioswing.ee\/et\/#\/schema\/logo\/image\/","url":"https:\/\/staging.bioswing.ee\/wp-content\/uploads\/2023\/04\/logo_web.png","contentUrl":"https:\/\/staging.bioswing.ee\/wp-content\/uploads\/2023\/04\/logo_web.png","width":140,"height":122,"caption":"BIOSWING"},"image":{"@id":"https:\/\/staging.bioswing.ee\/et\/#\/schema\/logo\/image\/"}}]}},"_links":{"self":[{"href":"https:\/\/staging.bioswing.ee\/et\/wp-json\/wp\/v2\/product\/2919","targetHints":{"allow":["GET"]}}],"collection":[{"href":"https:\/\/staging.bioswing.ee\/et\/wp-json\/wp\/v2\/product"}],"about":[{"href":"https:\/\/staging.bioswing.ee\/et\/wp-json\/wp\/v2\/types\/product"}],"wp:featuredmedia":[{"embeddable":true,"href":"https:\/\/staging.bioswing.ee\/et\/wp-json\/wp\/v2\/media\/1174"}],"wp:attachment":[{"href":"https:\/\/staging.bioswing.ee\/et\/wp-json\/wp\/v2\/media?parent=2919"}],"wp:term":[{"taxonomy":"product_brand","embeddable":true,"href":"https:\/\/staging.bioswing.ee\/et\/wp-json\/wp\/v2\/product_brand?post=2919"},{"taxonomy":"product_cat","embeddable":true,"href":"https:\/\/staging.bioswing.ee\/et\/wp-json\/wp\/v2\/product_cat?post=2919"},{"taxonomy":"product_tag","embeddable":true,"href":"https:\/\/staging.bioswing.ee\/et\/wp-json\/wp\/v2\/product_tag?post=2919"}],"curies":[{"name":"wp","href":"https:\/\/api.w.org\/{rel}","templated":true}]}}