{"id":31616,"date":"2025-09-25T12:44:52","date_gmt":"2025-09-25T12:44:52","guid":{"rendered":"https:\/\/staging.bioswing.ee\/toode\/oneup-easy-with-pelvic-support\/"},"modified":"2025-09-25T13:21:29","modified_gmt":"2025-09-25T13:21:29","slug":"oneup-easy-with-pelvic-support","status":"publish","type":"product","link":"https:\/\/staging.bioswing.ee\/et\/toode\/oneup-easy-with-pelvic-support\/","title":{"rendered":"oneUP EASY vaagnatoega"},"content":{"rendered":"<p><strong>BIOSWING oneUP EASY<\/strong><\/p>\n<ul>\n<li>Ergonoomiline ja ortopeediliselt toimiv iste-seise-lahendus kontorisse, kodukontorisse ja praktikasse<\/li>\n<li>Integreeritud reguleeritava 3D-toolimehhanismiga<\/li>\n<li>Saduliste<\/li>\n<li>Individuaalselt reguleeritav vaagnatugi<\/li>\n<li>Vaagnabalansi mehhanism (lisatasu eest)<\/li>\n<li>Kangaskate: Felicity must<\/li>\n<li>Saadaval ka meditsiinilise kunstnahaga<\/li>\n<li>Jalarist: plast<\/li>\n<li>Rattad \u00f8 60 mm<\/li>\n<\/ul>\n<p><iframe title=\"YouTube video player\" src=\"https:\/\/www.youtube.com\/embed\/uaDd-9wsIHc?si=veDAb3pf3vOby3uj\" width=\"100%\" height=\"450\" frameborder=\"0\" allowfullscreen=\"allowfullscreen\"><\/iframe><\/p>\n","protected":false},"excerpt":{"rendered":"<h2>\u201eUp and down \u2013 and turn around\u201c on oneUP-i moto.<\/h2>\n<p>Kas olete juba k\u00f5rgusreguleeritava laua mitmek\u00fclgseid v\u00f5imalusi proovinud?<\/p>\n<p>Iga asend seismise ja k\u00f5rgendatud istumisasendi vahel pakub teile rohkesti erinevaid kehaasendeid. Peamine eesm\u00e4rk selle juures: <strong>mida sagedamini asendit vahetatakse, seda parem kehale ja vaimule<\/strong>. Meie lihasskeletti toetav s\u00fcsteem on programmeeritud liikuma nii seistes kui ka istudes. <\/p>\n<h2>BIOSWING oneUP on t\u00f5eline universaaltalent.<\/h2>\n<p>See on <strong>intelligentne lahendus k\u00f5igile, kes soovivad istumist ja seismist kombineerida<\/strong>, ning loob ideaalse l\u00e4htekoha k\u00f5ige erinevamate istumisasendite ja kasutusv\u00f5imaluste saavutamiseks ning t\u00e4nu integreeritud 3D-toolis\u00fcsteemile ka keha intensiivselt liikuma panevaks istumiseks.<\/p>\n<p>Pole vahet, kas olete <strong>lennujaama teenindussaalis, kodukontoris, f\u00fcsioteraapiakabinetis v\u00f5i b\u00fcroos<\/strong>: oneUP hoolitseb alati hea figuuri eest.<\/p>\n","protected":false},"featured_media":31376,"template":"","meta":[],"product_brand":[],"product_cat":[118],"product_tag":[],"class_list":{"0":"post-31616","1":"product","2":"type-product","3":"status-publish","4":"has-post-thumbnail","6":"product_cat-kontori-ja-kodukontori-toolid-et","8":"first","9":"instock","10":"sale","11":"taxable","12":"shipping-taxable","13":"purchasable","14":"product-type-variable","15":"has-default-attributes"},"yoast_head":"<!-- This site is optimized with the Yoast SEO plugin v27.1.1 - https:\/\/yoast.com\/product\/yoast-seo-wordpress\/ -->\n<title>oneUP EASY vaagnatoega - BIOSWING<\/title>\n<meta name=\"robots\" content=\"noindex, follow, max-snippet:-1, max-image-preview:large, max-video-preview:-1\" \/>\n<meta property=\"og:locale\" content=\"et_EE\" \/>\n<meta property=\"og:type\" content=\"article\" \/>\n<meta property=\"og:title\" content=\"oneUP EASY vaagnatoega - BIOSWING\" \/>\n<meta property=\"og:description\" content=\"\u201eUp and down \u2013 and turn around\u201c on oneUP-i moto. Kas olete juba k\u00f5rgusreguleeritava laua mitmek\u00fclgseid v\u00f5imalusi proovinud? Iga asend seismise ja k\u00f5rgendatud istumisasendi vahel pakub teile rohkesti erinevaid kehaasendeid. Peamine eesm\u00e4rk selle juures: mida sagedamini asendit vahetatakse, seda parem kehale ja vaimule. Meie lihasskeletti toetav s\u00fcsteem on programmeeritud liikuma nii seistes kui ka istudes. BIOSWING oneUP on t\u00f5eline universaaltalent. See on intelligentne lahendus k\u00f5igile, kes soovivad istumist ja seismist kombineerida, ning loob ideaalse l\u00e4htekoha k\u00f5ige erinevamate istumisasendite ja kasutusv\u00f5imaluste saavutamiseks ning t\u00e4nu integreeritud 3D-toolis\u00fcsteemile ka keha intensiivselt liikuma panevaks istumiseks. Pole vahet, kas olete lennujaama teenindussaalis, kodukontoris, f\u00fcsioteraapiakabinetis v\u00f5i b\u00fcroos: oneUP hoolitseb alati hea figuuri eest.\" \/>\n<meta property=\"og:url\" content=\"https:\/\/staging.bioswing.ee\/et\/toode\/oneup-easy-with-pelvic-support\/\" \/>\n<meta property=\"og:site_name\" content=\"BIOSWING\" \/>\n<meta property=\"article:modified_time\" content=\"2025-09-25T13:21:29+00:00\" \/>\n<meta property=\"og:image\" content=\"https:\/\/bioswing.ee\/wp-content\/uploads\/2025\/09\/oneUp_EASY_BS05-min.jpg\" \/>\n\t<meta property=\"og:image:width\" content=\"1874\" \/>\n\t<meta property=\"og:image:height\" content=\"2500\" \/>\n\t<meta property=\"og:image:type\" content=\"image\/jpeg\" \/>\n<meta name=\"twitter:card\" content=\"summary_large_image\" \/>\n<script type=\"application\/ld+json\" class=\"yoast-schema-graph\">{\"@context\":\"https:\/\/schema.org\",\"@graph\":[{\"@type\":\"WebPage\",\"@id\":\"https:\/\/staging.bioswing.ee\/et\/toode\/oneup-easy-with-pelvic-support\/\",\"url\":\"https:\/\/staging.bioswing.ee\/et\/toode\/oneup-easy-with-pelvic-support\/\",\"name\":\"oneUP EASY vaagnatoega - BIOSWING\",\"isPartOf\":{\"@id\":\"https:\/\/staging.bioswing.ee\/et\/#website\"},\"primaryImageOfPage\":{\"@id\":\"https:\/\/staging.bioswing.ee\/et\/toode\/oneup-easy-with-pelvic-support\/#primaryimage\"},\"image\":{\"@id\":\"https:\/\/staging.bioswing.ee\/et\/toode\/oneup-easy-with-pelvic-support\/#primaryimage\"},\"thumbnailUrl\":\"https:\/\/staging.bioswing.ee\/wp-content\/uploads\/2025\/09\/oneUp_EASY_BS05-min.jpg\",\"datePublished\":\"2025-09-25T12:44:52+00:00\",\"dateModified\":\"2025-09-25T13:21:29+00:00\",\"breadcrumb\":{\"@id\":\"https:\/\/staging.bioswing.ee\/et\/toode\/oneup-easy-with-pelvic-support\/#breadcrumb\"},\"inLanguage\":\"et\",\"potentialAction\":[{\"@type\":\"ReadAction\",\"target\":[\"https:\/\/staging.bioswing.ee\/et\/toode\/oneup-easy-with-pelvic-support\/\"]}]},{\"@type\":\"ImageObject\",\"inLanguage\":\"et\",\"@id\":\"https:\/\/staging.bioswing.ee\/et\/toode\/oneup-easy-with-pelvic-support\/#primaryimage\",\"url\":\"https:\/\/staging.bioswing.ee\/wp-content\/uploads\/2025\/09\/oneUp_EASY_BS05-min.jpg\",\"contentUrl\":\"https:\/\/staging.bioswing.ee\/wp-content\/uploads\/2025\/09\/oneUp_EASY_BS05-min.jpg\",\"width\":1874,\"height\":2500,\"caption\":\"oneUP EASY with pelvic support\"},{\"@type\":\"BreadcrumbList\",\"@id\":\"https:\/\/staging.bioswing.ee\/et\/toode\/oneup-easy-with-pelvic-support\/#breadcrumb\",\"itemListElement\":[{\"@type\":\"ListItem\",\"position\":1,\"name\":\"Home\",\"item\":\"https:\/\/bioswing.ee\/et\/\"},{\"@type\":\"ListItem\",\"position\":2,\"name\":\"POOD\",\"item\":\"https:\/\/bioswing.ee\/et\/pood\/\"},{\"@type\":\"ListItem\",\"position\":3,\"name\":\"oneUP EASY vaagnatoega\"}]},{\"@type\":\"WebSite\",\"@id\":\"https:\/\/staging.bioswing.ee\/et\/#website\",\"url\":\"https:\/\/staging.bioswing.ee\/et\/\",\"name\":\"BIOSWING\",\"description\":\"Smart solutions for healthy sitting\",\"publisher\":{\"@id\":\"https:\/\/staging.bioswing.ee\/et\/#organization\"},\"potentialAction\":[{\"@type\":\"SearchAction\",\"target\":{\"@type\":\"EntryPoint\",\"urlTemplate\":\"https:\/\/staging.bioswing.ee\/et\/?s={search_term_string}\"},\"query-input\":{\"@type\":\"PropertyValueSpecification\",\"valueRequired\":true,\"valueName\":\"search_term_string\"}}],\"inLanguage\":\"et\"},{\"@type\":\"Organization\",\"@id\":\"https:\/\/staging.bioswing.ee\/et\/#organization\",\"name\":\"BIOSWING\",\"url\":\"https:\/\/staging.bioswing.ee\/et\/\",\"logo\":{\"@type\":\"ImageObject\",\"inLanguage\":\"et\",\"@id\":\"https:\/\/staging.bioswing.ee\/et\/#\/schema\/logo\/image\/\",\"url\":\"https:\/\/staging.bioswing.ee\/wp-content\/uploads\/2023\/04\/logo_web.png\",\"contentUrl\":\"https:\/\/staging.bioswing.ee\/wp-content\/uploads\/2023\/04\/logo_web.png\",\"width\":140,\"height\":122,\"caption\":\"BIOSWING\"},\"image\":{\"@id\":\"https:\/\/staging.bioswing.ee\/et\/#\/schema\/logo\/image\/\"}}]}<\/script>\n<!-- \/ Yoast SEO plugin. -->","yoast_head_json":{"title":"oneUP EASY vaagnatoega - BIOSWING","robots":{"index":"noindex","follow":"follow","max-snippet":"max-snippet:-1","max-image-preview":"max-image-preview:large","max-video-preview":"max-video-preview:-1"},"og_locale":"et_EE","og_type":"article","og_title":"oneUP EASY vaagnatoega - BIOSWING","og_description":"\u201eUp and down \u2013 and turn around\u201c on oneUP-i moto. Kas olete juba k\u00f5rgusreguleeritava laua mitmek\u00fclgseid v\u00f5imalusi proovinud? Iga asend seismise ja k\u00f5rgendatud istumisasendi vahel pakub teile rohkesti erinevaid kehaasendeid. Peamine eesm\u00e4rk selle juures: mida sagedamini asendit vahetatakse, seda parem kehale ja vaimule. Meie lihasskeletti toetav s\u00fcsteem on programmeeritud liikuma nii seistes kui ka istudes. BIOSWING oneUP on t\u00f5eline universaaltalent. See on intelligentne lahendus k\u00f5igile, kes soovivad istumist ja seismist kombineerida, ning loob ideaalse l\u00e4htekoha k\u00f5ige erinevamate istumisasendite ja kasutusv\u00f5imaluste saavutamiseks ning t\u00e4nu integreeritud 3D-toolis\u00fcsteemile ka keha intensiivselt liikuma panevaks istumiseks. Pole vahet, kas olete lennujaama teenindussaalis, kodukontoris, f\u00fcsioteraapiakabinetis v\u00f5i b\u00fcroos: oneUP hoolitseb alati hea figuuri eest.","og_url":"https:\/\/staging.bioswing.ee\/et\/toode\/oneup-easy-with-pelvic-support\/","og_site_name":"BIOSWING","article_modified_time":"2025-09-25T13:21:29+00:00","og_image":[{"width":1874,"height":2500,"url":"https:\/\/bioswing.ee\/wp-content\/uploads\/2025\/09\/oneUp_EASY_BS05-min.jpg","type":"image\/jpeg"}],"twitter_card":"summary_large_image","schema":{"@context":"https:\/\/schema.org","@graph":[{"@type":"WebPage","@id":"https:\/\/staging.bioswing.ee\/et\/toode\/oneup-easy-with-pelvic-support\/","url":"https:\/\/staging.bioswing.ee\/et\/toode\/oneup-easy-with-pelvic-support\/","name":"oneUP EASY vaagnatoega - BIOSWING","isPartOf":{"@id":"https:\/\/staging.bioswing.ee\/et\/#website"},"primaryImageOfPage":{"@id":"https:\/\/staging.bioswing.ee\/et\/toode\/oneup-easy-with-pelvic-support\/#primaryimage"},"image":{"@id":"https:\/\/staging.bioswing.ee\/et\/toode\/oneup-easy-with-pelvic-support\/#primaryimage"},"thumbnailUrl":"https:\/\/staging.bioswing.ee\/wp-content\/uploads\/2025\/09\/oneUp_EASY_BS05-min.jpg","datePublished":"2025-09-25T12:44:52+00:00","dateModified":"2025-09-25T13:21:29+00:00","breadcrumb":{"@id":"https:\/\/staging.bioswing.ee\/et\/toode\/oneup-easy-with-pelvic-support\/#breadcrumb"},"inLanguage":"et","potentialAction":[{"@type":"ReadAction","target":["https:\/\/staging.bioswing.ee\/et\/toode\/oneup-easy-with-pelvic-support\/"]}]},{"@type":"ImageObject","inLanguage":"et","@id":"https:\/\/staging.bioswing.ee\/et\/toode\/oneup-easy-with-pelvic-support\/#primaryimage","url":"https:\/\/staging.bioswing.ee\/wp-content\/uploads\/2025\/09\/oneUp_EASY_BS05-min.jpg","contentUrl":"https:\/\/staging.bioswing.ee\/wp-content\/uploads\/2025\/09\/oneUp_EASY_BS05-min.jpg","width":1874,"height":2500,"caption":"oneUP EASY with pelvic support"},{"@type":"BreadcrumbList","@id":"https:\/\/staging.bioswing.ee\/et\/toode\/oneup-easy-with-pelvic-support\/#breadcrumb","itemListElement":[{"@type":"ListItem","position":1,"name":"Home","item":"https:\/\/bioswing.ee\/et\/"},{"@type":"ListItem","position":2,"name":"POOD","item":"https:\/\/bioswing.ee\/et\/pood\/"},{"@type":"ListItem","position":3,"name":"oneUP EASY vaagnatoega"}]},{"@type":"WebSite","@id":"https:\/\/staging.bioswing.ee\/et\/#website","url":"https:\/\/staging.bioswing.ee\/et\/","name":"BIOSWING","description":"Smart solutions for healthy sitting","publisher":{"@id":"https:\/\/staging.bioswing.ee\/et\/#organization"},"potentialAction":[{"@type":"SearchAction","target":{"@type":"EntryPoint","urlTemplate":"https:\/\/staging.bioswing.ee\/et\/?s={search_term_string}"},"query-input":{"@type":"PropertyValueSpecification","valueRequired":true,"valueName":"search_term_string"}}],"inLanguage":"et"},{"@type":"Organization","@id":"https:\/\/staging.bioswing.ee\/et\/#organization","name":"BIOSWING","url":"https:\/\/staging.bioswing.ee\/et\/","logo":{"@type":"ImageObject","inLanguage":"et","@id":"https:\/\/staging.bioswing.ee\/et\/#\/schema\/logo\/image\/","url":"https:\/\/staging.bioswing.ee\/wp-content\/uploads\/2023\/04\/logo_web.png","contentUrl":"https:\/\/staging.bioswing.ee\/wp-content\/uploads\/2023\/04\/logo_web.png","width":140,"height":122,"caption":"BIOSWING"},"image":{"@id":"https:\/\/staging.bioswing.ee\/et\/#\/schema\/logo\/image\/"}}]}},"_links":{"self":[{"href":"https:\/\/staging.bioswing.ee\/et\/wp-json\/wp\/v2\/product\/31616","targetHints":{"allow":["GET"]}}],"collection":[{"href":"https:\/\/staging.bioswing.ee\/et\/wp-json\/wp\/v2\/product"}],"about":[{"href":"https:\/\/staging.bioswing.ee\/et\/wp-json\/wp\/v2\/types\/product"}],"wp:featuredmedia":[{"embeddable":true,"href":"https:\/\/staging.bioswing.ee\/et\/wp-json\/wp\/v2\/media\/31376"}],"wp:attachment":[{"href":"https:\/\/staging.bioswing.ee\/et\/wp-json\/wp\/v2\/media?parent=31616"}],"wp:term":[{"taxonomy":"product_brand","embeddable":true,"href":"https:\/\/staging.bioswing.ee\/et\/wp-json\/wp\/v2\/product_brand?post=31616"},{"taxonomy":"product_cat","embeddable":true,"href":"https:\/\/staging.bioswing.ee\/et\/wp-json\/wp\/v2\/product_cat?post=31616"},{"taxonomy":"product_tag","embeddable":true,"href":"https:\/\/staging.bioswing.ee\/et\/wp-json\/wp\/v2\/product_tag?post=31616"}],"curies":[{"name":"wp","href":"https:\/\/api.w.org\/{rel}","templated":true}]}}