{"id":3674,"date":"2023-04-14T11:41:18","date_gmt":"2023-04-14T11:41:18","guid":{"rendered":"https:\/\/staging.bioswing.ee\/toode\/780-iq\/"},"modified":"2023-08-24T13:25:52","modified_gmt":"2023-08-24T13:25:52","slug":"780-iq","status":"publish","type":"product","link":"https:\/\/staging.bioswing.ee\/et\/toode\/780-iq\/","title":{"rendered":"BIOSWING 780 iQ"},"content":{"rendered":"<h3>BIOSWING 780 iQ<\/h3>\n<ul>\n<li>Ergonoomiline ortopeedilise toimega p\u00f6\u00f6rdtool kontorisse<\/li>\n<li>Integreeritud reguleeritava 3D-toolimehhanismiga<\/li>\n<li>Individuaalse kaalukohandusega s\u00fcnkroonmehhanism<\/li>\n<li>Individuaalse kaalukohandusega nahast k\u00e4etoed<\/li>\n<li>Individuaalne ja igal ajahetkel muudetav istme kalde regulaator gaasvedruga<\/li>\n<li>Vaagnapiirkonna lisastabilisaator<\/li>\n<li>Jalgade pikkusele sobivaks reguleeritav istmes\u00fcgavus<\/li>\n<li>Reguleeritava k\u00f5rgusega integreeritud kaelatoega seljatugi, lisaks individuaalselt reguleeritava kaare ja k\u00f5rgusega l\u00fclisambatugi<\/li>\n<li>Seljatoe k\u00f5rgus: 80 cm<\/li>\n<li>Kate: Erinevates toonides veisenahk<\/li>\n<li>Viieharuline alus: poleeritud alumiinium<\/li>\n<li>Rattad: kroom<\/li>\n<\/ul>\n<p><iframe width=\"100%\" height=\"450\" src=\"https:\/\/www.youtube.com\/embed\/WkNjcHLZfsA\" title=\"YouTube video player\" frameborder=\"0\" allow=\"accelerometer; autoplay; clipboard-write; encrypted-media; gyroscope; picture-in-picture; web-share\" allowfullscreen=\"\"><\/iframe><\/p>\n<p><iframe width=\"100%\" height=\"450\" src=\"https:\/\/www.youtube.com\/embed\/RdAkGYfQRU0?si=iZjPFPN7BfNfVNQH\" title=\"YouTube video player\" frameborder=\"0\" allow=\"accelerometer; autoplay; clipboard-write; encrypted-media; gyroscope; picture-in-picture; web-share\" allowfullscreen=\"\"><\/iframe><\/p>\n","protected":false},"excerpt":{"rendered":"<h4>Kui peate igap\u00e4evaselt saavutama maksimaalseid tulemusi, vajate ka kontoritooli, mis suudab enamat: tulemuslikkust suurendavat BIOSWINGi.<\/h4>\n<p>Sellelt lehelt saate lugeda, kuidas meie tehnoloogia abil <strong>oma tulemuslikkust suurendada<\/strong>.<\/p>\n<p>On oluline, et tool <strong>arvestaks teie individuaalse kehaehitusega<\/strong> ning pakuks t\u00e4iuslikke reguleerimis- ja kohandamisv\u00f5imalusi.<\/p>\n<h4>BIOSWINGi 7. seeria pakub maksimaalset mugavust ja luksust. Samal ajal peetakse silmas tervist toetavaid aspekte, nagu suunatud liigutuste stimuleerimine istumise ajal ning ergonoomilisus.<\/h4>\n<p>See seeria, nagu k\u00f5ik teisedki, kohandub t\u00e4iuslikus harmoonias iga kehaasendiga, mille pika t\u00f6\u00f6p\u00e4eva jooksul v\u00f5tate, ning sellel on mitmeid ainulaadseid lisafunktsioone t\u00e4ielikumaks l\u00f5dvestumiseks.<\/p>\n<p>Aktiivne liikumine ning regulaarne kehaasendi vahetamine on teie l\u00fclisambale hea. Standardvarustusse kuuluva ning imeliselt sujuva s\u00fcsteemiga <strong>kasutajale vastavaks reguleeritav istmekalle<\/strong> ning <strong>vaagnapiirkonna stabilisaator<\/strong> aitavad teil kerge vaevaga korrektset vaagnapiirkonna asendit ning l\u00fclisamba loomulikku <strong>S-kuju<\/strong> hoida.<\/p>\n<h4>BIOSWINGi 7. seeria pakub maksimaalset mugavust ja luksust. Samal ajal peetakse silmas tervist toetavaid aspekte, nagu suunatud liigutuste stimuleerimine istumise ajal ning ergonoomilisus.<\/h4>\n<p>See seeria, nagu k\u00f5ik teisedki, kohandub t\u00e4iuslikus harmoonias iga kehaasendiga, mille pika t\u00f6\u00f6p\u00e4eva jooksul v\u00f5tate, ning sellel on mitmeid ainulaadseid lisafunktsioone t\u00e4ielikumaks l\u00f5dvestumiseks.<\/p>\n<p><img decoding=\"async\" class=\"alignnone wp-image-916\" src=\"https:\/\/staging.bioswing.ee\/wp-content\/uploads\/2023\/04\/pdf.png\" alt=\"pdf\" width=\"19\" height=\"20\"> <a href=\"https:\/\/staging.bioswing.ee\/wp-content\/uploads\/2023\/04\/produktblatt_780_v02_EN.pdf\" target=\"_blank\" rel=\"noopener\">Laadi alla tooteleht (PDF)<\/a><\/p>\n","protected":false},"featured_media":1219,"template":"","meta":[],"product_brand":[],"product_cat":[100],"product_tag":[],"class_list":{"0":"post-3674","1":"product","2":"type-product","3":"status-publish","4":"has-post-thumbnail","6":"product_cat-juhitoolid","8":"first","9":"instock","10":"taxable","11":"shipping-taxable","12":"product-type-simple"},"yoast_head":"<!-- This site is optimized with the Yoast SEO plugin v27.1.1 - https:\/\/yoast.com\/product\/yoast-seo-wordpress\/ -->\n<title>BIOSWING 780 iQ - BIOSWING<\/title>\n<meta name=\"robots\" content=\"noindex, follow, max-snippet:-1, max-image-preview:large, max-video-preview:-1\" \/>\n<meta property=\"og:locale\" content=\"et_EE\" \/>\n<meta property=\"og:type\" content=\"article\" \/>\n<meta property=\"og:title\" content=\"BIOSWING 780 iQ - BIOSWING\" \/>\n<meta property=\"og:description\" content=\"Kui peate igap\u00e4evaselt saavutama maksimaalseid tulemusi, vajate ka kontoritooli, mis suudab enamat: tulemuslikkust suurendavat BIOSWINGi. Sellelt lehelt saate lugeda, kuidas meie tehnoloogia abil oma tulemuslikkust suurendada. On oluline, et tool arvestaks teie individuaalse kehaehitusega ning pakuks t\u00e4iuslikke reguleerimis- ja kohandamisv\u00f5imalusi. BIOSWINGi 7. seeria pakub maksimaalset mugavust ja luksust. Samal ajal peetakse silmas tervist toetavaid aspekte, nagu suunatud liigutuste stimuleerimine istumise ajal ning ergonoomilisus. See seeria, nagu k\u00f5ik teisedki, kohandub t\u00e4iuslikus harmoonias iga kehaasendiga, mille pika t\u00f6\u00f6p\u00e4eva jooksul v\u00f5tate, ning sellel on mitmeid ainulaadseid lisafunktsioone t\u00e4ielikumaks l\u00f5dvestumiseks. Aktiivne liikumine ning regulaarne kehaasendi vahetamine on teie l\u00fclisambale hea. Standardvarustusse kuuluva ning imeliselt sujuva s\u00fcsteemiga kasutajale vastavaks reguleeritav istmekalle ning vaagnapiirkonna stabilisaator aitavad teil kerge vaevaga korrektset vaagnapiirkonna asendit ning l\u00fclisamba loomulikku S-kuju hoida. BIOSWINGi 7. seeria pakub maksimaalset mugavust ja luksust. Samal ajal peetakse silmas tervist toetavaid aspekte, nagu suunatud liigutuste stimuleerimine istumise ajal ning ergonoomilisus. See seeria, nagu k\u00f5ik teisedki, kohandub t\u00e4iuslikus harmoonias iga kehaasendiga, mille pika t\u00f6\u00f6p\u00e4eva jooksul v\u00f5tate, ning sellel on mitmeid ainulaadseid lisafunktsioone t\u00e4ielikumaks l\u00f5dvestumiseks.  Laadi alla tooteleht (PDF)\" \/>\n<meta property=\"og:url\" content=\"https:\/\/staging.bioswing.ee\/et\/toode\/780-iq\/\" \/>\n<meta property=\"og:site_name\" content=\"BIOSWING\" \/>\n<meta property=\"article:modified_time\" content=\"2023-08-24T13:25:52+00:00\" \/>\n<meta property=\"og:image\" content=\"https:\/\/bioswing.ee\/wp-content\/uploads\/2023\/04\/780_IQ.jpg\" \/>\n\t<meta property=\"og:image:width\" content=\"1874\" \/>\n\t<meta property=\"og:image:height\" content=\"2500\" \/>\n\t<meta property=\"og:image:type\" content=\"image\/jpeg\" \/>\n<meta name=\"twitter:card\" content=\"summary_large_image\" \/>\n<script type=\"application\/ld+json\" class=\"yoast-schema-graph\">{\"@context\":\"https:\/\/schema.org\",\"@graph\":[{\"@type\":\"WebPage\",\"@id\":\"https:\/\/staging.bioswing.ee\/et\/toode\/780-iq\/\",\"url\":\"https:\/\/staging.bioswing.ee\/et\/toode\/780-iq\/\",\"name\":\"BIOSWING 780 iQ - BIOSWING\",\"isPartOf\":{\"@id\":\"https:\/\/staging.bioswing.ee\/et\/#website\"},\"primaryImageOfPage\":{\"@id\":\"https:\/\/staging.bioswing.ee\/et\/toode\/780-iq\/#primaryimage\"},\"image\":{\"@id\":\"https:\/\/staging.bioswing.ee\/et\/toode\/780-iq\/#primaryimage\"},\"thumbnailUrl\":\"https:\/\/staging.bioswing.ee\/wp-content\/uploads\/2023\/04\/780_IQ.jpg\",\"datePublished\":\"2023-04-14T11:41:18+00:00\",\"dateModified\":\"2023-08-24T13:25:52+00:00\",\"breadcrumb\":{\"@id\":\"https:\/\/staging.bioswing.ee\/et\/toode\/780-iq\/#breadcrumb\"},\"inLanguage\":\"et\",\"potentialAction\":[{\"@type\":\"ReadAction\",\"target\":[\"https:\/\/staging.bioswing.ee\/et\/toode\/780-iq\/\"]}]},{\"@type\":\"ImageObject\",\"inLanguage\":\"et\",\"@id\":\"https:\/\/staging.bioswing.ee\/et\/toode\/780-iq\/#primaryimage\",\"url\":\"https:\/\/staging.bioswing.ee\/wp-content\/uploads\/2023\/04\/780_IQ.jpg\",\"contentUrl\":\"https:\/\/staging.bioswing.ee\/wp-content\/uploads\/2023\/04\/780_IQ.jpg\",\"width\":1874,\"height\":2500},{\"@type\":\"BreadcrumbList\",\"@id\":\"https:\/\/staging.bioswing.ee\/et\/toode\/780-iq\/#breadcrumb\",\"itemListElement\":[{\"@type\":\"ListItem\",\"position\":1,\"name\":\"Home\",\"item\":\"https:\/\/bioswing.ee\/et\/\"},{\"@type\":\"ListItem\",\"position\":2,\"name\":\"POOD\",\"item\":\"https:\/\/bioswing.ee\/et\/pood\/\"},{\"@type\":\"ListItem\",\"position\":3,\"name\":\"BIOSWING 780 iQ\"}]},{\"@type\":\"WebSite\",\"@id\":\"https:\/\/staging.bioswing.ee\/et\/#website\",\"url\":\"https:\/\/staging.bioswing.ee\/et\/\",\"name\":\"BIOSWING\",\"description\":\"Smart solutions for healthy sitting\",\"publisher\":{\"@id\":\"https:\/\/staging.bioswing.ee\/et\/#organization\"},\"potentialAction\":[{\"@type\":\"SearchAction\",\"target\":{\"@type\":\"EntryPoint\",\"urlTemplate\":\"https:\/\/staging.bioswing.ee\/et\/?s={search_term_string}\"},\"query-input\":{\"@type\":\"PropertyValueSpecification\",\"valueRequired\":true,\"valueName\":\"search_term_string\"}}],\"inLanguage\":\"et\"},{\"@type\":\"Organization\",\"@id\":\"https:\/\/staging.bioswing.ee\/et\/#organization\",\"name\":\"BIOSWING\",\"url\":\"https:\/\/staging.bioswing.ee\/et\/\",\"logo\":{\"@type\":\"ImageObject\",\"inLanguage\":\"et\",\"@id\":\"https:\/\/staging.bioswing.ee\/et\/#\/schema\/logo\/image\/\",\"url\":\"https:\/\/staging.bioswing.ee\/wp-content\/uploads\/2023\/04\/logo_web.png\",\"contentUrl\":\"https:\/\/staging.bioswing.ee\/wp-content\/uploads\/2023\/04\/logo_web.png\",\"width\":140,\"height\":122,\"caption\":\"BIOSWING\"},\"image\":{\"@id\":\"https:\/\/staging.bioswing.ee\/et\/#\/schema\/logo\/image\/\"}}]}<\/script>\n<!-- \/ Yoast SEO plugin. -->","yoast_head_json":{"title":"BIOSWING 780 iQ - BIOSWING","robots":{"index":"noindex","follow":"follow","max-snippet":"max-snippet:-1","max-image-preview":"max-image-preview:large","max-video-preview":"max-video-preview:-1"},"og_locale":"et_EE","og_type":"article","og_title":"BIOSWING 780 iQ - BIOSWING","og_description":"Kui peate igap\u00e4evaselt saavutama maksimaalseid tulemusi, vajate ka kontoritooli, mis suudab enamat: tulemuslikkust suurendavat BIOSWINGi. Sellelt lehelt saate lugeda, kuidas meie tehnoloogia abil oma tulemuslikkust suurendada. On oluline, et tool arvestaks teie individuaalse kehaehitusega ning pakuks t\u00e4iuslikke reguleerimis- ja kohandamisv\u00f5imalusi. BIOSWINGi 7. seeria pakub maksimaalset mugavust ja luksust. Samal ajal peetakse silmas tervist toetavaid aspekte, nagu suunatud liigutuste stimuleerimine istumise ajal ning ergonoomilisus. See seeria, nagu k\u00f5ik teisedki, kohandub t\u00e4iuslikus harmoonias iga kehaasendiga, mille pika t\u00f6\u00f6p\u00e4eva jooksul v\u00f5tate, ning sellel on mitmeid ainulaadseid lisafunktsioone t\u00e4ielikumaks l\u00f5dvestumiseks. Aktiivne liikumine ning regulaarne kehaasendi vahetamine on teie l\u00fclisambale hea. Standardvarustusse kuuluva ning imeliselt sujuva s\u00fcsteemiga kasutajale vastavaks reguleeritav istmekalle ning vaagnapiirkonna stabilisaator aitavad teil kerge vaevaga korrektset vaagnapiirkonna asendit ning l\u00fclisamba loomulikku S-kuju hoida. BIOSWINGi 7. seeria pakub maksimaalset mugavust ja luksust. Samal ajal peetakse silmas tervist toetavaid aspekte, nagu suunatud liigutuste stimuleerimine istumise ajal ning ergonoomilisus. See seeria, nagu k\u00f5ik teisedki, kohandub t\u00e4iuslikus harmoonias iga kehaasendiga, mille pika t\u00f6\u00f6p\u00e4eva jooksul v\u00f5tate, ning sellel on mitmeid ainulaadseid lisafunktsioone t\u00e4ielikumaks l\u00f5dvestumiseks.  Laadi alla tooteleht (PDF)","og_url":"https:\/\/staging.bioswing.ee\/et\/toode\/780-iq\/","og_site_name":"BIOSWING","article_modified_time":"2023-08-24T13:25:52+00:00","og_image":[{"width":1874,"height":2500,"url":"https:\/\/bioswing.ee\/wp-content\/uploads\/2023\/04\/780_IQ.jpg","type":"image\/jpeg"}],"twitter_card":"summary_large_image","schema":{"@context":"https:\/\/schema.org","@graph":[{"@type":"WebPage","@id":"https:\/\/staging.bioswing.ee\/et\/toode\/780-iq\/","url":"https:\/\/staging.bioswing.ee\/et\/toode\/780-iq\/","name":"BIOSWING 780 iQ - BIOSWING","isPartOf":{"@id":"https:\/\/staging.bioswing.ee\/et\/#website"},"primaryImageOfPage":{"@id":"https:\/\/staging.bioswing.ee\/et\/toode\/780-iq\/#primaryimage"},"image":{"@id":"https:\/\/staging.bioswing.ee\/et\/toode\/780-iq\/#primaryimage"},"thumbnailUrl":"https:\/\/staging.bioswing.ee\/wp-content\/uploads\/2023\/04\/780_IQ.jpg","datePublished":"2023-04-14T11:41:18+00:00","dateModified":"2023-08-24T13:25:52+00:00","breadcrumb":{"@id":"https:\/\/staging.bioswing.ee\/et\/toode\/780-iq\/#breadcrumb"},"inLanguage":"et","potentialAction":[{"@type":"ReadAction","target":["https:\/\/staging.bioswing.ee\/et\/toode\/780-iq\/"]}]},{"@type":"ImageObject","inLanguage":"et","@id":"https:\/\/staging.bioswing.ee\/et\/toode\/780-iq\/#primaryimage","url":"https:\/\/staging.bioswing.ee\/wp-content\/uploads\/2023\/04\/780_IQ.jpg","contentUrl":"https:\/\/staging.bioswing.ee\/wp-content\/uploads\/2023\/04\/780_IQ.jpg","width":1874,"height":2500},{"@type":"BreadcrumbList","@id":"https:\/\/staging.bioswing.ee\/et\/toode\/780-iq\/#breadcrumb","itemListElement":[{"@type":"ListItem","position":1,"name":"Home","item":"https:\/\/bioswing.ee\/et\/"},{"@type":"ListItem","position":2,"name":"POOD","item":"https:\/\/bioswing.ee\/et\/pood\/"},{"@type":"ListItem","position":3,"name":"BIOSWING 780 iQ"}]},{"@type":"WebSite","@id":"https:\/\/staging.bioswing.ee\/et\/#website","url":"https:\/\/staging.bioswing.ee\/et\/","name":"BIOSWING","description":"Smart solutions for healthy sitting","publisher":{"@id":"https:\/\/staging.bioswing.ee\/et\/#organization"},"potentialAction":[{"@type":"SearchAction","target":{"@type":"EntryPoint","urlTemplate":"https:\/\/staging.bioswing.ee\/et\/?s={search_term_string}"},"query-input":{"@type":"PropertyValueSpecification","valueRequired":true,"valueName":"search_term_string"}}],"inLanguage":"et"},{"@type":"Organization","@id":"https:\/\/staging.bioswing.ee\/et\/#organization","name":"BIOSWING","url":"https:\/\/staging.bioswing.ee\/et\/","logo":{"@type":"ImageObject","inLanguage":"et","@id":"https:\/\/staging.bioswing.ee\/et\/#\/schema\/logo\/image\/","url":"https:\/\/staging.bioswing.ee\/wp-content\/uploads\/2023\/04\/logo_web.png","contentUrl":"https:\/\/staging.bioswing.ee\/wp-content\/uploads\/2023\/04\/logo_web.png","width":140,"height":122,"caption":"BIOSWING"},"image":{"@id":"https:\/\/staging.bioswing.ee\/et\/#\/schema\/logo\/image\/"}}]}},"_links":{"self":[{"href":"https:\/\/staging.bioswing.ee\/et\/wp-json\/wp\/v2\/product\/3674","targetHints":{"allow":["GET"]}}],"collection":[{"href":"https:\/\/staging.bioswing.ee\/et\/wp-json\/wp\/v2\/product"}],"about":[{"href":"https:\/\/staging.bioswing.ee\/et\/wp-json\/wp\/v2\/types\/product"}],"wp:featuredmedia":[{"embeddable":true,"href":"https:\/\/staging.bioswing.ee\/et\/wp-json\/wp\/v2\/media\/1219"}],"wp:attachment":[{"href":"https:\/\/staging.bioswing.ee\/et\/wp-json\/wp\/v2\/media?parent=3674"}],"wp:term":[{"taxonomy":"product_brand","embeddable":true,"href":"https:\/\/staging.bioswing.ee\/et\/wp-json\/wp\/v2\/product_brand?post=3674"},{"taxonomy":"product_cat","embeddable":true,"href":"https:\/\/staging.bioswing.ee\/et\/wp-json\/wp\/v2\/product_cat?post=3674"},{"taxonomy":"product_tag","embeddable":true,"href":"https:\/\/staging.bioswing.ee\/et\/wp-json\/wp\/v2\/product_tag?post=3674"}],"curies":[{"name":"wp","href":"https:\/\/api.w.org\/{rel}","templated":true}]}}