{"id":3882,"date":"2023-04-13T11:45:56","date_gmt":"2023-04-13T11:45:56","guid":{"rendered":"https:\/\/staging.bioswing.ee\/toode\/360-iq\/"},"modified":"2023-08-24T13:09:48","modified_gmt":"2023-08-24T13:09:48","slug":"360-iq","status":"publish","type":"product","link":"https:\/\/staging.bioswing.ee\/et\/toode\/360-iq\/","title":{"rendered":"BIOSWING 360 iQ"},"content":{"rendered":"<h3>BIOSWING 360 iQ<\/h3>\n<ul>\n<li>Ergonoomiline ortopeedilise toimega p\u00f6\u00f6rdtool kontorisse<\/li>\n<li>Integreeritud reguleeritava 3D-toolimehhanismiga<\/li>\n<li>Automaatse kaalukohandusega s\u00fcnkroonmehhanism (peenh\u00e4\u00e4lestusega)<\/li>\n<li>Individuaalseks kohandatav istme kalle kas vaagnapiirkonna stabiliseerija v\u00f5i gaasvedruga<\/li>\n<li>Jalgade pikkusele sobivaks reguleeritav istmes\u00fcgavus<\/li>\n<li>Individuaalsetele vajadustele vastavaks reguleeritava k\u00f5rgusega k\u00e4etoed<\/li>\n<li>Reguleeritava k\u00f5rgusega seljatugi, lisaks individuaalselt reguleeritava kaarega l\u00fclisambatugi<\/li>\n<li>Seljatoe k\u00f5rgus: 60 cm<\/li>\n<li>Kattekangas: X-treme FR, must<\/li>\n<li>Viieharuline alus: plastik, must<\/li>\n<li>Kvaliteetsed pehme kattega topeltrattad<\/li>\n<\/ul>\n<p><iframe width=\"100%\" height=\"450\" src=\"https:\/\/www.youtube.com\/embed\/nxXvBXxMZ50\" title=\"YouTube video player\" frameborder=\"0\" allow=\"accelerometer; autoplay; clipboard-write; encrypted-media; gyroscope; picture-in-picture; web-share\" allowfullscreen=\"\"><\/iframe><\/p>\n<p><iframe width=\"100%\" height=\"450\" src=\"https:\/\/www.youtube.com\/embed\/uaDd-9wsIHc?si=veDAb3pf3vOby3uj\" title=\"YouTube video player\" frameborder=\"0\" allow=\"accelerometer; autoplay; clipboard-write; encrypted-media; gyroscope; picture-in-picture; web-share\" allowfullscreen=\"\"><\/iframe><\/p>\n","protected":false},"excerpt":{"rendered":"<h4>Kui teie kontoritooli saab teie m\u00f5\u00f5tmete p\u00f5hjal t\u00e4psemalt kohandada, v\u00f5ite p\u00fcsida tervemana ja motiveerituna ka pikemate istumisperioodide v\u00e4ltel.<\/h4>\n<p>On oluline, et tool <strong>arvestaks teie individuaalse kehaehitusega <\/strong> ning pakuks piisavalt v\u00f5imalusi reguleerimiseks ja kohandamiseks.<\/p>\n<p>J\u00e4rgnevalt on toodud peamised v\u00f5imalused.<\/p>\n<h4>BIOSWINGi 3. seeria kontoritoolid pakuvad teile maksimaalset liikuvust.<\/h4>\n<p>T\u00e4nu erinevatele mehhanismidele vastab 3. seeria tool igale kasutaja liigutusele ning samal ajal kohandub igale asendile, mille kasutaja pika t\u00f6\u00f6p\u00e4eva jooksul v\u00f5tab. L\u00f5ppude l\u00f5puks on <strong>parim asend alati see, mille j\u00e4rgmisena v\u00f5tate<\/strong>.<\/p>\n<p>Kui t\u00f6\u00f6tate enamjaolt klaviatuuri ja hiirega, peaksite j\u00e4lgima, et <strong>l\u00f5dvestate regulaarselt<\/strong> <strong>oma \u00f5lalihaseid<\/strong>. <strong>Individuaalsetele vajadustele<\/strong> <strong>vastavaks kohandatavad k\u00e4etoed<\/strong> v\u00f5ivad selleks v\u00e4\u00e4rtuslikku tuge pakkuda. 3. seeria on saadaval erinevate variantidena, mida m\u00f5ni meie ligi 150st Saksamaa, \u0160veitsi ja Austria konsultatsioonifirmade konsultandist v\u00f5ib teile tutvustada.<\/p>\n<p><img decoding=\"async\" class=\"alignnone wp-image-916\" src=\"https:\/\/staging.bioswing.ee\/wp-content\/uploads\/2023\/04\/pdf.png\" alt=\"pdf\" width=\"19\" height=\"20\"> <a href=\"https:\/\/staging.bioswing.ee\/wp-content\/uploads\/2023\/04\/produktblatt_360_v04_EN.pdf\" target=\"_blank\" rel=\"noopener\">Laadi alla tooteleht (PDF)<\/a><\/p>\n","protected":false},"featured_media":1119,"template":"","meta":[],"product_brand":[],"product_cat":[118],"product_tag":[],"class_list":{"0":"post-3882","1":"product","2":"type-product","3":"status-publish","4":"has-post-thumbnail","6":"product_cat-kontori-ja-kodukontori-toolid-et","8":"first","9":"instock","10":"sale","11":"taxable","12":"shipping-taxable","13":"purchasable","14":"product-type-variable","15":"has-default-attributes"},"yoast_head":"<!-- This site is optimized with the Yoast SEO plugin v27.1.1 - https:\/\/yoast.com\/product\/yoast-seo-wordpress\/ -->\n<title>BIOSWING 360 iQ - BIOSWING<\/title>\n<meta name=\"robots\" content=\"noindex, follow, max-snippet:-1, max-image-preview:large, max-video-preview:-1\" \/>\n<meta property=\"og:locale\" content=\"et_EE\" \/>\n<meta property=\"og:type\" content=\"article\" \/>\n<meta property=\"og:title\" content=\"BIOSWING 360 iQ - BIOSWING\" \/>\n<meta property=\"og:description\" content=\"Kui teie kontoritooli saab teie m\u00f5\u00f5tmete p\u00f5hjal t\u00e4psemalt kohandada, v\u00f5ite p\u00fcsida tervemana ja motiveerituna ka pikemate istumisperioodide v\u00e4ltel. On oluline, et tool arvestaks teie individuaalse kehaehitusega ning pakuks piisavalt v\u00f5imalusi reguleerimiseks ja kohandamiseks. J\u00e4rgnevalt on toodud peamised v\u00f5imalused. BIOSWINGi 3. seeria kontoritoolid pakuvad teile maksimaalset liikuvust. T\u00e4nu erinevatele mehhanismidele vastab 3. seeria tool igale kasutaja liigutusele ning samal ajal kohandub igale asendile, mille kasutaja pika t\u00f6\u00f6p\u00e4eva jooksul v\u00f5tab. L\u00f5ppude l\u00f5puks on parim asend alati see, mille j\u00e4rgmisena v\u00f5tate. Kui t\u00f6\u00f6tate enamjaolt klaviatuuri ja hiirega, peaksite j\u00e4lgima, et l\u00f5dvestate regulaarselt oma \u00f5lalihaseid. Individuaalsetele vajadustele vastavaks kohandatavad k\u00e4etoed v\u00f5ivad selleks v\u00e4\u00e4rtuslikku tuge pakkuda. 3. seeria on saadaval erinevate variantidena, mida m\u00f5ni meie ligi 150st Saksamaa, \u0160veitsi ja Austria konsultatsioonifirmade konsultandist v\u00f5ib teile tutvustada.  Laadi alla tooteleht (PDF)\" \/>\n<meta property=\"og:url\" content=\"https:\/\/staging.bioswing.ee\/et\/toode\/360-iq\/\" \/>\n<meta property=\"og:site_name\" content=\"BIOSWING\" \/>\n<meta property=\"article:modified_time\" content=\"2023-08-24T13:09:48+00:00\" \/>\n<meta property=\"og:image\" content=\"https:\/\/bioswing.ee\/wp-content\/uploads\/2023\/04\/360_IQ_Nackenstuetze.jpg\" \/>\n\t<meta property=\"og:image:width\" content=\"1874\" \/>\n\t<meta property=\"og:image:height\" content=\"2500\" \/>\n\t<meta property=\"og:image:type\" content=\"image\/jpeg\" \/>\n<meta name=\"twitter:card\" content=\"summary_large_image\" \/>\n<script type=\"application\/ld+json\" class=\"yoast-schema-graph\">{\"@context\":\"https:\/\/schema.org\",\"@graph\":[{\"@type\":\"WebPage\",\"@id\":\"https:\/\/staging.bioswing.ee\/et\/toode\/360-iq\/\",\"url\":\"https:\/\/staging.bioswing.ee\/et\/toode\/360-iq\/\",\"name\":\"BIOSWING 360 iQ - BIOSWING\",\"isPartOf\":{\"@id\":\"https:\/\/staging.bioswing.ee\/et\/#website\"},\"primaryImageOfPage\":{\"@id\":\"https:\/\/staging.bioswing.ee\/et\/toode\/360-iq\/#primaryimage\"},\"image\":{\"@id\":\"https:\/\/staging.bioswing.ee\/et\/toode\/360-iq\/#primaryimage\"},\"thumbnailUrl\":\"https:\/\/staging.bioswing.ee\/wp-content\/uploads\/2023\/04\/360_IQ_Nackenstuetze.jpg\",\"datePublished\":\"2023-04-13T11:45:56+00:00\",\"dateModified\":\"2023-08-24T13:09:48+00:00\",\"breadcrumb\":{\"@id\":\"https:\/\/staging.bioswing.ee\/et\/toode\/360-iq\/#breadcrumb\"},\"inLanguage\":\"et\",\"potentialAction\":[{\"@type\":\"ReadAction\",\"target\":[\"https:\/\/staging.bioswing.ee\/et\/toode\/360-iq\/\"]}]},{\"@type\":\"ImageObject\",\"inLanguage\":\"et\",\"@id\":\"https:\/\/staging.bioswing.ee\/et\/toode\/360-iq\/#primaryimage\",\"url\":\"https:\/\/staging.bioswing.ee\/wp-content\/uploads\/2023\/04\/360_IQ_Nackenstuetze.jpg\",\"contentUrl\":\"https:\/\/staging.bioswing.ee\/wp-content\/uploads\/2023\/04\/360_IQ_Nackenstuetze.jpg\",\"width\":1874,\"height\":2500},{\"@type\":\"BreadcrumbList\",\"@id\":\"https:\/\/staging.bioswing.ee\/et\/toode\/360-iq\/#breadcrumb\",\"itemListElement\":[{\"@type\":\"ListItem\",\"position\":1,\"name\":\"Home\",\"item\":\"https:\/\/bioswing.ee\/et\/\"},{\"@type\":\"ListItem\",\"position\":2,\"name\":\"POOD\",\"item\":\"https:\/\/bioswing.ee\/et\/pood\/\"},{\"@type\":\"ListItem\",\"position\":3,\"name\":\"BIOSWING 360 iQ\"}]},{\"@type\":\"WebSite\",\"@id\":\"https:\/\/staging.bioswing.ee\/et\/#website\",\"url\":\"https:\/\/staging.bioswing.ee\/et\/\",\"name\":\"BIOSWING\",\"description\":\"Smart solutions for healthy sitting\",\"publisher\":{\"@id\":\"https:\/\/staging.bioswing.ee\/et\/#organization\"},\"potentialAction\":[{\"@type\":\"SearchAction\",\"target\":{\"@type\":\"EntryPoint\",\"urlTemplate\":\"https:\/\/staging.bioswing.ee\/et\/?s={search_term_string}\"},\"query-input\":{\"@type\":\"PropertyValueSpecification\",\"valueRequired\":true,\"valueName\":\"search_term_string\"}}],\"inLanguage\":\"et\"},{\"@type\":\"Organization\",\"@id\":\"https:\/\/staging.bioswing.ee\/et\/#organization\",\"name\":\"BIOSWING\",\"url\":\"https:\/\/staging.bioswing.ee\/et\/\",\"logo\":{\"@type\":\"ImageObject\",\"inLanguage\":\"et\",\"@id\":\"https:\/\/staging.bioswing.ee\/et\/#\/schema\/logo\/image\/\",\"url\":\"https:\/\/staging.bioswing.ee\/wp-content\/uploads\/2023\/04\/logo_web.png\",\"contentUrl\":\"https:\/\/staging.bioswing.ee\/wp-content\/uploads\/2023\/04\/logo_web.png\",\"width\":140,\"height\":122,\"caption\":\"BIOSWING\"},\"image\":{\"@id\":\"https:\/\/staging.bioswing.ee\/et\/#\/schema\/logo\/image\/\"}}]}<\/script>\n<!-- \/ Yoast SEO plugin. -->","yoast_head_json":{"title":"BIOSWING 360 iQ - BIOSWING","robots":{"index":"noindex","follow":"follow","max-snippet":"max-snippet:-1","max-image-preview":"max-image-preview:large","max-video-preview":"max-video-preview:-1"},"og_locale":"et_EE","og_type":"article","og_title":"BIOSWING 360 iQ - BIOSWING","og_description":"Kui teie kontoritooli saab teie m\u00f5\u00f5tmete p\u00f5hjal t\u00e4psemalt kohandada, v\u00f5ite p\u00fcsida tervemana ja motiveerituna ka pikemate istumisperioodide v\u00e4ltel. On oluline, et tool arvestaks teie individuaalse kehaehitusega ning pakuks piisavalt v\u00f5imalusi reguleerimiseks ja kohandamiseks. J\u00e4rgnevalt on toodud peamised v\u00f5imalused. BIOSWINGi 3. seeria kontoritoolid pakuvad teile maksimaalset liikuvust. T\u00e4nu erinevatele mehhanismidele vastab 3. seeria tool igale kasutaja liigutusele ning samal ajal kohandub igale asendile, mille kasutaja pika t\u00f6\u00f6p\u00e4eva jooksul v\u00f5tab. L\u00f5ppude l\u00f5puks on parim asend alati see, mille j\u00e4rgmisena v\u00f5tate. Kui t\u00f6\u00f6tate enamjaolt klaviatuuri ja hiirega, peaksite j\u00e4lgima, et l\u00f5dvestate regulaarselt oma \u00f5lalihaseid. Individuaalsetele vajadustele vastavaks kohandatavad k\u00e4etoed v\u00f5ivad selleks v\u00e4\u00e4rtuslikku tuge pakkuda. 3. seeria on saadaval erinevate variantidena, mida m\u00f5ni meie ligi 150st Saksamaa, \u0160veitsi ja Austria konsultatsioonifirmade konsultandist v\u00f5ib teile tutvustada.  Laadi alla tooteleht (PDF)","og_url":"https:\/\/staging.bioswing.ee\/et\/toode\/360-iq\/","og_site_name":"BIOSWING","article_modified_time":"2023-08-24T13:09:48+00:00","og_image":[{"width":1874,"height":2500,"url":"https:\/\/bioswing.ee\/wp-content\/uploads\/2023\/04\/360_IQ_Nackenstuetze.jpg","type":"image\/jpeg"}],"twitter_card":"summary_large_image","schema":{"@context":"https:\/\/schema.org","@graph":[{"@type":"WebPage","@id":"https:\/\/staging.bioswing.ee\/et\/toode\/360-iq\/","url":"https:\/\/staging.bioswing.ee\/et\/toode\/360-iq\/","name":"BIOSWING 360 iQ - BIOSWING","isPartOf":{"@id":"https:\/\/staging.bioswing.ee\/et\/#website"},"primaryImageOfPage":{"@id":"https:\/\/staging.bioswing.ee\/et\/toode\/360-iq\/#primaryimage"},"image":{"@id":"https:\/\/staging.bioswing.ee\/et\/toode\/360-iq\/#primaryimage"},"thumbnailUrl":"https:\/\/staging.bioswing.ee\/wp-content\/uploads\/2023\/04\/360_IQ_Nackenstuetze.jpg","datePublished":"2023-04-13T11:45:56+00:00","dateModified":"2023-08-24T13:09:48+00:00","breadcrumb":{"@id":"https:\/\/staging.bioswing.ee\/et\/toode\/360-iq\/#breadcrumb"},"inLanguage":"et","potentialAction":[{"@type":"ReadAction","target":["https:\/\/staging.bioswing.ee\/et\/toode\/360-iq\/"]}]},{"@type":"ImageObject","inLanguage":"et","@id":"https:\/\/staging.bioswing.ee\/et\/toode\/360-iq\/#primaryimage","url":"https:\/\/staging.bioswing.ee\/wp-content\/uploads\/2023\/04\/360_IQ_Nackenstuetze.jpg","contentUrl":"https:\/\/staging.bioswing.ee\/wp-content\/uploads\/2023\/04\/360_IQ_Nackenstuetze.jpg","width":1874,"height":2500},{"@type":"BreadcrumbList","@id":"https:\/\/staging.bioswing.ee\/et\/toode\/360-iq\/#breadcrumb","itemListElement":[{"@type":"ListItem","position":1,"name":"Home","item":"https:\/\/bioswing.ee\/et\/"},{"@type":"ListItem","position":2,"name":"POOD","item":"https:\/\/bioswing.ee\/et\/pood\/"},{"@type":"ListItem","position":3,"name":"BIOSWING 360 iQ"}]},{"@type":"WebSite","@id":"https:\/\/staging.bioswing.ee\/et\/#website","url":"https:\/\/staging.bioswing.ee\/et\/","name":"BIOSWING","description":"Smart solutions for healthy sitting","publisher":{"@id":"https:\/\/staging.bioswing.ee\/et\/#organization"},"potentialAction":[{"@type":"SearchAction","target":{"@type":"EntryPoint","urlTemplate":"https:\/\/staging.bioswing.ee\/et\/?s={search_term_string}"},"query-input":{"@type":"PropertyValueSpecification","valueRequired":true,"valueName":"search_term_string"}}],"inLanguage":"et"},{"@type":"Organization","@id":"https:\/\/staging.bioswing.ee\/et\/#organization","name":"BIOSWING","url":"https:\/\/staging.bioswing.ee\/et\/","logo":{"@type":"ImageObject","inLanguage":"et","@id":"https:\/\/staging.bioswing.ee\/et\/#\/schema\/logo\/image\/","url":"https:\/\/staging.bioswing.ee\/wp-content\/uploads\/2023\/04\/logo_web.png","contentUrl":"https:\/\/staging.bioswing.ee\/wp-content\/uploads\/2023\/04\/logo_web.png","width":140,"height":122,"caption":"BIOSWING"},"image":{"@id":"https:\/\/staging.bioswing.ee\/et\/#\/schema\/logo\/image\/"}}]}},"_links":{"self":[{"href":"https:\/\/staging.bioswing.ee\/et\/wp-json\/wp\/v2\/product\/3882","targetHints":{"allow":["GET"]}}],"collection":[{"href":"https:\/\/staging.bioswing.ee\/et\/wp-json\/wp\/v2\/product"}],"about":[{"href":"https:\/\/staging.bioswing.ee\/et\/wp-json\/wp\/v2\/types\/product"}],"wp:featuredmedia":[{"embeddable":true,"href":"https:\/\/staging.bioswing.ee\/et\/wp-json\/wp\/v2\/media\/1119"}],"wp:attachment":[{"href":"https:\/\/staging.bioswing.ee\/et\/wp-json\/wp\/v2\/media?parent=3882"}],"wp:term":[{"taxonomy":"product_brand","embeddable":true,"href":"https:\/\/staging.bioswing.ee\/et\/wp-json\/wp\/v2\/product_brand?post=3882"},{"taxonomy":"product_cat","embeddable":true,"href":"https:\/\/staging.bioswing.ee\/et\/wp-json\/wp\/v2\/product_cat?post=3882"},{"taxonomy":"product_tag","embeddable":true,"href":"https:\/\/staging.bioswing.ee\/et\/wp-json\/wp\/v2\/product_tag?post=3882"}],"curies":[{"name":"wp","href":"https:\/\/api.w.org\/{rel}","templated":true}]}}