{"id":4062,"date":"2023-04-13T11:16:49","date_gmt":"2023-04-13T11:16:49","guid":{"rendered":"https:\/\/staging.bioswing.ee\/toode\/boogie-switch\/"},"modified":"2023-08-24T12:49:33","modified_gmt":"2023-08-24T12:49:33","slug":"boogie-switch","status":"publish","type":"product","link":"https:\/\/staging.bioswing.ee\/et\/toode\/boogie-switch\/","title":{"rendered":"BIOSWING Boogie Switch"},"content":{"rendered":"<h4>BIOSWING Boogie<\/h4>\n<ul>\n<li>Ortopeedilise toimega ergonoomiline iste kabinetti ja kontorisse<\/li>\n<li>Integreeritud reguleeritava 3D-toolimehhanismiga<\/li>\n<li>Tasapinnalise istmega<\/li>\n<li>Ergonoomilise seljatoe ning sisseehitatud k\u00e4etugedega<\/li>\n<li>Vaagnapiirkonna stabiliseerimise mehhanism vaagnapiirkonna asendi f\u00fcsioloogiliseks korrigeerimiseks<\/li>\n<li>Kattekangas: X-treme FR, must<\/li>\n<li>Viieharuline alus: poleeritud alumiinium<\/li>\n<li>\u00f860 mm kroom\u00fcmbrisega rattad<\/li>\n<\/ul>\n<p><iframe title=\"YouTube video player\" src=\"https:\/\/www.youtube.com\/embed\/N2VSN7bLghI\" width=\"100%\" height=\"450\" frameborder=\"0\" allowfullscreen=\"allowfullscreen\"><\/iframe><\/p>\n<p><iframe width=\"100%\" height=\"450\" src=\"https:\/\/www.youtube.com\/embed\/uaDd-9wsIHc?si=veDAb3pf3vOby3uj\" title=\"YouTube video player\" frameborder=\"0\" allow=\"accelerometer; autoplay; clipboard-write; encrypted-media; gyroscope; picture-in-picture; web-share\" allowfullscreen=\"\"><\/iframe><\/p>\n","protected":false},"excerpt":{"rendered":"<p>Kas kasutate oma reguleeritava k\u00f5rgusega t\u00f6\u00f6laua v\u00f5imalusi maksimaalselt \u00e4ra?<\/p>\n<p>Iga v\u00f5etud kehaasend seismisest kuni k\u00f5rgendatud asendis toolil istumiseni on teie r\u00fchile kasulik. Idee seisneb selles, et kehaasendi tihe vahetamine on kasulik nii kehale kui ka m\u00f5istusele. Seda seep\u00e4rast, et meie lihas-skeletts\u00fcsteem on programmeeritud liikuma nii <strong>mikro-<\/strong> kui ka <strong>makrotasandil<\/strong>.<\/p>\n<p>BIOSWING Boogie on t\u00f5eline <strong>multitalent<\/strong>. Kuna tooli sisse on ehitatud mitmeid istme- ning vaagnapiirkonna ja selgroo toetamise variante, on tegemist t\u00e4iusliku alusega ergonoomiliseks istumiseks mistahes olukorras \u2013 sisseehitatud 3D-mehhanism tagab piisava liikuvuse.<\/p>\n<p><strong>Arstikabinetti, f\u00fcsioteraapia saali v\u00f5i kontorisse<\/strong>: Boogie on alati muljetavaldav.<\/p>\n<p>BIOSWINGi toolid on saadaval erinevate istumisk\u00f5rgustega, koos jalatoetamisr\u00f5ngaga v\u00f5i ilma selleta ning isegi steriilsust n\u00f5udvatele t\u00f6\u00f6kohtadele koos jalahoovaga.<\/p>\n<p>Pakume rakendusvaldkonnale spetsiifilisi istmekatteid, mida saab n\u00f5uetekohaselt puhastada ja desinfitseerida.<\/p>\n<p>Kui eelistate seista, saate kasutada oma Boogiet peamiselt k\u00f5ige k\u00f5rgemas asendis seisutoena ning istuda vaid aeg-ajalt. V\u00f5ite lisaks valida jalatoetusr\u00f5nga, kuhu toetada jalgu nii seismise kui ka istumise ajal.<\/p>\n<p>Ideaalne ka letiteeninduslahendustesse, et klientidega suheldes h\u00e4sti toetatud olla.<\/p>\n","protected":false},"featured_media":1074,"template":"","meta":[],"product_brand":[],"product_cat":[118],"product_tag":[],"class_list":{"0":"post-4062","1":"product","2":"type-product","3":"status-publish","4":"has-post-thumbnail","6":"product_cat-kontori-ja-kodukontori-toolid-et","8":"first","9":"instock","10":"sale","11":"taxable","12":"shipping-taxable","13":"purchasable","14":"product-type-variable","15":"has-default-attributes"},"yoast_head":"<!-- This site is optimized with the Yoast SEO plugin v27.1.1 - https:\/\/yoast.com\/product\/yoast-seo-wordpress\/ -->\n<title>BIOSWING Boogie Switch - BIOSWING<\/title>\n<meta name=\"robots\" content=\"noindex, follow, max-snippet:-1, max-image-preview:large, max-video-preview:-1\" \/>\n<meta property=\"og:locale\" content=\"et_EE\" \/>\n<meta property=\"og:type\" content=\"article\" \/>\n<meta property=\"og:title\" content=\"BIOSWING Boogie Switch - BIOSWING\" \/>\n<meta property=\"og:description\" content=\"Kas kasutate oma reguleeritava k\u00f5rgusega t\u00f6\u00f6laua v\u00f5imalusi maksimaalselt \u00e4ra? Iga v\u00f5etud kehaasend seismisest kuni k\u00f5rgendatud asendis toolil istumiseni on teie r\u00fchile kasulik. Idee seisneb selles, et kehaasendi tihe vahetamine on kasulik nii kehale kui ka m\u00f5istusele. Seda seep\u00e4rast, et meie lihas-skeletts\u00fcsteem on programmeeritud liikuma nii mikro- kui ka makrotasandil. BIOSWING Boogie on t\u00f5eline multitalent. Kuna tooli sisse on ehitatud mitmeid istme- ning vaagnapiirkonna ja selgroo toetamise variante, on tegemist t\u00e4iusliku alusega ergonoomiliseks istumiseks mistahes olukorras \u2013 sisseehitatud 3D-mehhanism tagab piisava liikuvuse. Arstikabinetti, f\u00fcsioteraapia saali v\u00f5i kontorisse: Boogie on alati muljetavaldav. BIOSWINGi toolid on saadaval erinevate istumisk\u00f5rgustega, koos jalatoetamisr\u00f5ngaga v\u00f5i ilma selleta ning isegi steriilsust n\u00f5udvatele t\u00f6\u00f6kohtadele koos jalahoovaga. Pakume rakendusvaldkonnale spetsiifilisi istmekatteid, mida saab n\u00f5uetekohaselt puhastada ja desinfitseerida. Kui eelistate seista, saate kasutada oma Boogiet peamiselt k\u00f5ige k\u00f5rgemas asendis seisutoena ning istuda vaid aeg-ajalt. V\u00f5ite lisaks valida jalatoetusr\u00f5nga, kuhu toetada jalgu nii seismise kui ka istumise ajal. Ideaalne ka letiteeninduslahendustesse, et klientidega suheldes h\u00e4sti toetatud olla.\" \/>\n<meta property=\"og:url\" content=\"https:\/\/staging.bioswing.ee\/et\/toode\/boogie-switch\/\" \/>\n<meta property=\"og:site_name\" content=\"BIOSWING\" \/>\n<meta property=\"article:modified_time\" content=\"2023-08-24T12:49:33+00:00\" \/>\n<meta property=\"og:image\" content=\"https:\/\/bioswing.ee\/wp-content\/uploads\/2023\/04\/Boogie_Switch.jpg\" \/>\n\t<meta property=\"og:image:width\" content=\"1874\" \/>\n\t<meta property=\"og:image:height\" content=\"2500\" \/>\n\t<meta property=\"og:image:type\" content=\"image\/jpeg\" \/>\n<meta name=\"twitter:card\" content=\"summary_large_image\" \/>\n<script type=\"application\/ld+json\" class=\"yoast-schema-graph\">{\"@context\":\"https:\/\/schema.org\",\"@graph\":[{\"@type\":\"WebPage\",\"@id\":\"https:\/\/staging.bioswing.ee\/et\/toode\/boogie-switch\/\",\"url\":\"https:\/\/staging.bioswing.ee\/et\/toode\/boogie-switch\/\",\"name\":\"BIOSWING Boogie Switch - BIOSWING\",\"isPartOf\":{\"@id\":\"https:\/\/staging.bioswing.ee\/et\/#website\"},\"primaryImageOfPage\":{\"@id\":\"https:\/\/staging.bioswing.ee\/et\/toode\/boogie-switch\/#primaryimage\"},\"image\":{\"@id\":\"https:\/\/staging.bioswing.ee\/et\/toode\/boogie-switch\/#primaryimage\"},\"thumbnailUrl\":\"https:\/\/staging.bioswing.ee\/wp-content\/uploads\/2023\/04\/Boogie_Switch.jpg\",\"datePublished\":\"2023-04-13T11:16:49+00:00\",\"dateModified\":\"2023-08-24T12:49:33+00:00\",\"breadcrumb\":{\"@id\":\"https:\/\/staging.bioswing.ee\/et\/toode\/boogie-switch\/#breadcrumb\"},\"inLanguage\":\"et\",\"potentialAction\":[{\"@type\":\"ReadAction\",\"target\":[\"https:\/\/staging.bioswing.ee\/et\/toode\/boogie-switch\/\"]}]},{\"@type\":\"ImageObject\",\"inLanguage\":\"et\",\"@id\":\"https:\/\/staging.bioswing.ee\/et\/toode\/boogie-switch\/#primaryimage\",\"url\":\"https:\/\/staging.bioswing.ee\/wp-content\/uploads\/2023\/04\/Boogie_Switch.jpg\",\"contentUrl\":\"https:\/\/staging.bioswing.ee\/wp-content\/uploads\/2023\/04\/Boogie_Switch.jpg\",\"width\":1874,\"height\":2500},{\"@type\":\"BreadcrumbList\",\"@id\":\"https:\/\/staging.bioswing.ee\/et\/toode\/boogie-switch\/#breadcrumb\",\"itemListElement\":[{\"@type\":\"ListItem\",\"position\":1,\"name\":\"Home\",\"item\":\"https:\/\/bioswing.ee\/et\/\"},{\"@type\":\"ListItem\",\"position\":2,\"name\":\"POOD\",\"item\":\"https:\/\/bioswing.ee\/et\/pood\/\"},{\"@type\":\"ListItem\",\"position\":3,\"name\":\"BIOSWING Boogie Switch\"}]},{\"@type\":\"WebSite\",\"@id\":\"https:\/\/staging.bioswing.ee\/et\/#website\",\"url\":\"https:\/\/staging.bioswing.ee\/et\/\",\"name\":\"BIOSWING\",\"description\":\"Smart solutions for healthy sitting\",\"publisher\":{\"@id\":\"https:\/\/staging.bioswing.ee\/et\/#organization\"},\"potentialAction\":[{\"@type\":\"SearchAction\",\"target\":{\"@type\":\"EntryPoint\",\"urlTemplate\":\"https:\/\/staging.bioswing.ee\/et\/?s={search_term_string}\"},\"query-input\":{\"@type\":\"PropertyValueSpecification\",\"valueRequired\":true,\"valueName\":\"search_term_string\"}}],\"inLanguage\":\"et\"},{\"@type\":\"Organization\",\"@id\":\"https:\/\/staging.bioswing.ee\/et\/#organization\",\"name\":\"BIOSWING\",\"url\":\"https:\/\/staging.bioswing.ee\/et\/\",\"logo\":{\"@type\":\"ImageObject\",\"inLanguage\":\"et\",\"@id\":\"https:\/\/staging.bioswing.ee\/et\/#\/schema\/logo\/image\/\",\"url\":\"https:\/\/staging.bioswing.ee\/wp-content\/uploads\/2023\/04\/logo_web.png\",\"contentUrl\":\"https:\/\/staging.bioswing.ee\/wp-content\/uploads\/2023\/04\/logo_web.png\",\"width\":140,\"height\":122,\"caption\":\"BIOSWING\"},\"image\":{\"@id\":\"https:\/\/staging.bioswing.ee\/et\/#\/schema\/logo\/image\/\"}}]}<\/script>\n<!-- \/ Yoast SEO plugin. -->","yoast_head_json":{"title":"BIOSWING Boogie Switch - BIOSWING","robots":{"index":"noindex","follow":"follow","max-snippet":"max-snippet:-1","max-image-preview":"max-image-preview:large","max-video-preview":"max-video-preview:-1"},"og_locale":"et_EE","og_type":"article","og_title":"BIOSWING Boogie Switch - BIOSWING","og_description":"Kas kasutate oma reguleeritava k\u00f5rgusega t\u00f6\u00f6laua v\u00f5imalusi maksimaalselt \u00e4ra? Iga v\u00f5etud kehaasend seismisest kuni k\u00f5rgendatud asendis toolil istumiseni on teie r\u00fchile kasulik. Idee seisneb selles, et kehaasendi tihe vahetamine on kasulik nii kehale kui ka m\u00f5istusele. Seda seep\u00e4rast, et meie lihas-skeletts\u00fcsteem on programmeeritud liikuma nii mikro- kui ka makrotasandil. BIOSWING Boogie on t\u00f5eline multitalent. Kuna tooli sisse on ehitatud mitmeid istme- ning vaagnapiirkonna ja selgroo toetamise variante, on tegemist t\u00e4iusliku alusega ergonoomiliseks istumiseks mistahes olukorras \u2013 sisseehitatud 3D-mehhanism tagab piisava liikuvuse. Arstikabinetti, f\u00fcsioteraapia saali v\u00f5i kontorisse: Boogie on alati muljetavaldav. BIOSWINGi toolid on saadaval erinevate istumisk\u00f5rgustega, koos jalatoetamisr\u00f5ngaga v\u00f5i ilma selleta ning isegi steriilsust n\u00f5udvatele t\u00f6\u00f6kohtadele koos jalahoovaga. Pakume rakendusvaldkonnale spetsiifilisi istmekatteid, mida saab n\u00f5uetekohaselt puhastada ja desinfitseerida. Kui eelistate seista, saate kasutada oma Boogiet peamiselt k\u00f5ige k\u00f5rgemas asendis seisutoena ning istuda vaid aeg-ajalt. V\u00f5ite lisaks valida jalatoetusr\u00f5nga, kuhu toetada jalgu nii seismise kui ka istumise ajal. Ideaalne ka letiteeninduslahendustesse, et klientidega suheldes h\u00e4sti toetatud olla.","og_url":"https:\/\/staging.bioswing.ee\/et\/toode\/boogie-switch\/","og_site_name":"BIOSWING","article_modified_time":"2023-08-24T12:49:33+00:00","og_image":[{"width":1874,"height":2500,"url":"https:\/\/bioswing.ee\/wp-content\/uploads\/2023\/04\/Boogie_Switch.jpg","type":"image\/jpeg"}],"twitter_card":"summary_large_image","schema":{"@context":"https:\/\/schema.org","@graph":[{"@type":"WebPage","@id":"https:\/\/staging.bioswing.ee\/et\/toode\/boogie-switch\/","url":"https:\/\/staging.bioswing.ee\/et\/toode\/boogie-switch\/","name":"BIOSWING Boogie Switch - BIOSWING","isPartOf":{"@id":"https:\/\/staging.bioswing.ee\/et\/#website"},"primaryImageOfPage":{"@id":"https:\/\/staging.bioswing.ee\/et\/toode\/boogie-switch\/#primaryimage"},"image":{"@id":"https:\/\/staging.bioswing.ee\/et\/toode\/boogie-switch\/#primaryimage"},"thumbnailUrl":"https:\/\/staging.bioswing.ee\/wp-content\/uploads\/2023\/04\/Boogie_Switch.jpg","datePublished":"2023-04-13T11:16:49+00:00","dateModified":"2023-08-24T12:49:33+00:00","breadcrumb":{"@id":"https:\/\/staging.bioswing.ee\/et\/toode\/boogie-switch\/#breadcrumb"},"inLanguage":"et","potentialAction":[{"@type":"ReadAction","target":["https:\/\/staging.bioswing.ee\/et\/toode\/boogie-switch\/"]}]},{"@type":"ImageObject","inLanguage":"et","@id":"https:\/\/staging.bioswing.ee\/et\/toode\/boogie-switch\/#primaryimage","url":"https:\/\/staging.bioswing.ee\/wp-content\/uploads\/2023\/04\/Boogie_Switch.jpg","contentUrl":"https:\/\/staging.bioswing.ee\/wp-content\/uploads\/2023\/04\/Boogie_Switch.jpg","width":1874,"height":2500},{"@type":"BreadcrumbList","@id":"https:\/\/staging.bioswing.ee\/et\/toode\/boogie-switch\/#breadcrumb","itemListElement":[{"@type":"ListItem","position":1,"name":"Home","item":"https:\/\/bioswing.ee\/et\/"},{"@type":"ListItem","position":2,"name":"POOD","item":"https:\/\/bioswing.ee\/et\/pood\/"},{"@type":"ListItem","position":3,"name":"BIOSWING Boogie Switch"}]},{"@type":"WebSite","@id":"https:\/\/staging.bioswing.ee\/et\/#website","url":"https:\/\/staging.bioswing.ee\/et\/","name":"BIOSWING","description":"Smart solutions for healthy sitting","publisher":{"@id":"https:\/\/staging.bioswing.ee\/et\/#organization"},"potentialAction":[{"@type":"SearchAction","target":{"@type":"EntryPoint","urlTemplate":"https:\/\/staging.bioswing.ee\/et\/?s={search_term_string}"},"query-input":{"@type":"PropertyValueSpecification","valueRequired":true,"valueName":"search_term_string"}}],"inLanguage":"et"},{"@type":"Organization","@id":"https:\/\/staging.bioswing.ee\/et\/#organization","name":"BIOSWING","url":"https:\/\/staging.bioswing.ee\/et\/","logo":{"@type":"ImageObject","inLanguage":"et","@id":"https:\/\/staging.bioswing.ee\/et\/#\/schema\/logo\/image\/","url":"https:\/\/staging.bioswing.ee\/wp-content\/uploads\/2023\/04\/logo_web.png","contentUrl":"https:\/\/staging.bioswing.ee\/wp-content\/uploads\/2023\/04\/logo_web.png","width":140,"height":122,"caption":"BIOSWING"},"image":{"@id":"https:\/\/staging.bioswing.ee\/et\/#\/schema\/logo\/image\/"}}]}},"_links":{"self":[{"href":"https:\/\/staging.bioswing.ee\/et\/wp-json\/wp\/v2\/product\/4062","targetHints":{"allow":["GET"]}}],"collection":[{"href":"https:\/\/staging.bioswing.ee\/et\/wp-json\/wp\/v2\/product"}],"about":[{"href":"https:\/\/staging.bioswing.ee\/et\/wp-json\/wp\/v2\/types\/product"}],"wp:featuredmedia":[{"embeddable":true,"href":"https:\/\/staging.bioswing.ee\/et\/wp-json\/wp\/v2\/media\/1074"}],"wp:attachment":[{"href":"https:\/\/staging.bioswing.ee\/et\/wp-json\/wp\/v2\/media?parent=4062"}],"wp:term":[{"taxonomy":"product_brand","embeddable":true,"href":"https:\/\/staging.bioswing.ee\/et\/wp-json\/wp\/v2\/product_brand?post=4062"},{"taxonomy":"product_cat","embeddable":true,"href":"https:\/\/staging.bioswing.ee\/et\/wp-json\/wp\/v2\/product_cat?post=4062"},{"taxonomy":"product_tag","embeddable":true,"href":"https:\/\/staging.bioswing.ee\/et\/wp-json\/wp\/v2\/product_tag?post=4062"}],"curies":[{"name":"wp","href":"https:\/\/api.w.org\/{rel}","templated":true}]}}