{"id":4137,"date":"2023-04-13T11:21:14","date_gmt":"2023-04-13T11:21:14","guid":{"rendered":"https:\/\/staging.bioswing.ee\/toode\/foxter\/"},"modified":"2023-08-24T13:02:23","modified_gmt":"2023-08-24T13:02:23","slug":"foxter","status":"publish","type":"product","link":"https:\/\/staging.bioswing.ee\/et\/toode\/foxter\/","title":{"rendered":"Foxter"},"content":{"rendered":"<h3>Foxteri m\u00fc\u00fcgihitt<\/h3>\n<ul>\n<li>Ortopeedilise toimega ergonoomiline iste kabinetti ja kontorisse<\/li>\n<li>Integreeritud reguleeritava 3D-toolimehhanismiga<\/li>\n<li>\u00dcmar iste<\/li>\n<li>Kattekangas: X-treme-FR, must<\/li>\n<li>Viieharuline alus: alumiinium, hall v\u00e4rv<\/li>\n<li>\u00f850 mm rattad, hallid<\/li>\n<\/ul>\n<p><iframe width=\"100%\" height=\"450\" src=\"https:\/\/www.youtube.com\/embed\/5cLboTxOnh4\" title=\"YouTube video player\" frameborder=\"0\" allow=\"accelerometer; autoplay; clipboard-write; encrypted-media; gyroscope; picture-in-picture; web-share\" allowfullscreen=\"\"><\/iframe><\/p>\n<p><iframe width=\"100%\" height=\"450\" src=\"https:\/\/www.youtube.com\/embed\/uaDd-9wsIHc?si=veDAb3pf3vOby3uj\" title=\"YouTube video player\" frameborder=\"0\" allow=\"accelerometer; autoplay; clipboard-write; encrypted-media; gyroscope; picture-in-picture; web-share\" allowfullscreen=\"\"><\/iframe><\/p>\n","protected":false},"excerpt":{"rendered":"<p class=\"p1\"><strong>Kiirkoosolek<\/strong> on tegevustep\u00f5hises kontoris k\u00f5ige uuem trend. Meeskonnad kohtuvad spontaanselt ruumides, mis on m\u00f5eldud loovusele vaba voli andmiseks. Istutakse ja seistakse vaheldumisi ning istumise ajal pakub tuge <strong>keha<\/strong> ja <strong>vaimu turgutav<\/strong> BIOSWING Foxter.<\/p>\n<p>Tooli iste on p\u00f5randapinnast lahti sidestatud ning sellel on eriline funktsioon: iste <strong>peegeldab k\u00f5iki istuja liikumisimpulsse<\/strong> erilisel viisil, luues kehas <strong>stimuleeriva ja loovust ergutava toime<\/strong>.<\/p>\n<p>Kuna iste on kergesti k\u00e4sitsetav ning igal ajahetkel reguleeritav, on see kasulik toode nii noortele kui ka vanadele.<\/p>\n<p>T\u00e4nu istmesse <strong>sisse ehitatud 3D-mehhanismile<\/strong> peegeldab see k\u00f5iki kehaliigutusi \u2013 ka k\u00f5ige v\u00e4iksemaid, n\u00e4iteks s\u00fcdamel\u00f6\u00f6ke ja hingamisliigutusi \u2013 ning edastab neid <strong>pidevate liikumisstiimulitena ajule<\/strong>. Vastavad stiimulid edastatakse seej\u00e4rel aju mitmetasandilise neurov\u00f5rgustiku kaudu <strong>liikumisega seotud ajukeskustesse<\/strong>. BIOSWINGi ainulaadne tehnoloogia aktiveerib aju liikumiskeskusi automaatselt sel ajal, kui teie istute, ja suurendab seel\u00e4bi teie tulemuslikkust ja loovust.<\/p>\n<p>Foxterit kasutatakse ka haridusasutustes: lasteaia\u00f5petajatele meeldivad tooli peenliigutused, mis v\u00f5imaldavad <strong>seljale mugavat istumisasendit<\/strong> isegi siis, kui tool on l\u00fchikese gaasvedruga ja istumisasend on v\u00e4ga madal.<\/p>\n","protected":false},"featured_media":1099,"template":"","meta":[],"product_brand":[],"product_cat":[118,106],"product_tag":[],"class_list":{"0":"post-4137","1":"product","2":"type-product","3":"status-publish","4":"has-post-thumbnail","6":"product_cat-kontori-ja-kodukontori-toolid-et","7":"product_cat-kontori-ja-kodukontori-toolid","9":"first","10":"instock","11":"sale","12":"taxable","13":"shipping-taxable","14":"purchasable","15":"product-type-simple"},"yoast_head":"<!-- This site is optimized with the Yoast SEO plugin v27.1.1 - https:\/\/yoast.com\/product\/yoast-seo-wordpress\/ -->\n<title>Foxter - BIOSWING<\/title>\n<meta name=\"robots\" content=\"noindex, follow, max-snippet:-1, max-image-preview:large, max-video-preview:-1\" \/>\n<meta property=\"og:locale\" content=\"et_EE\" \/>\n<meta property=\"og:type\" content=\"article\" \/>\n<meta property=\"og:title\" content=\"Foxter - BIOSWING\" \/>\n<meta property=\"og:description\" content=\"Kiirkoosolek on tegevustep\u00f5hises kontoris k\u00f5ige uuem trend. Meeskonnad kohtuvad spontaanselt ruumides, mis on m\u00f5eldud loovusele vaba voli andmiseks. Istutakse ja seistakse vaheldumisi ning istumise ajal pakub tuge keha ja vaimu turgutav BIOSWING Foxter. Tooli iste on p\u00f5randapinnast lahti sidestatud ning sellel on eriline funktsioon: iste peegeldab k\u00f5iki istuja liikumisimpulsse erilisel viisil, luues kehas stimuleeriva ja loovust ergutava toime. Kuna iste on kergesti k\u00e4sitsetav ning igal ajahetkel reguleeritav, on see kasulik toode nii noortele kui ka vanadele. T\u00e4nu istmesse sisse ehitatud 3D-mehhanismile peegeldab see k\u00f5iki kehaliigutusi \u2013 ka k\u00f5ige v\u00e4iksemaid, n\u00e4iteks s\u00fcdamel\u00f6\u00f6ke ja hingamisliigutusi \u2013 ning edastab neid pidevate liikumisstiimulitena ajule. Vastavad stiimulid edastatakse seej\u00e4rel aju mitmetasandilise neurov\u00f5rgustiku kaudu liikumisega seotud ajukeskustesse. BIOSWINGi ainulaadne tehnoloogia aktiveerib aju liikumiskeskusi automaatselt sel ajal, kui teie istute, ja suurendab seel\u00e4bi teie tulemuslikkust ja loovust. Foxterit kasutatakse ka haridusasutustes: lasteaia\u00f5petajatele meeldivad tooli peenliigutused, mis v\u00f5imaldavad seljale mugavat istumisasendit isegi siis, kui tool on l\u00fchikese gaasvedruga ja istumisasend on v\u00e4ga madal.\" \/>\n<meta property=\"og:url\" content=\"https:\/\/staging.bioswing.ee\/et\/toode\/foxter\/\" \/>\n<meta property=\"og:site_name\" content=\"BIOSWING\" \/>\n<meta property=\"article:modified_time\" content=\"2023-08-24T13:02:23+00:00\" \/>\n<meta property=\"og:image\" content=\"https:\/\/bioswing.ee\/wp-content\/uploads\/2023\/04\/Foxter.jpg\" \/>\n\t<meta property=\"og:image:width\" content=\"1874\" \/>\n\t<meta property=\"og:image:height\" content=\"2500\" \/>\n\t<meta property=\"og:image:type\" content=\"image\/jpeg\" \/>\n<meta name=\"twitter:card\" content=\"summary_large_image\" \/>\n<script type=\"application\/ld+json\" class=\"yoast-schema-graph\">{\"@context\":\"https:\/\/schema.org\",\"@graph\":[{\"@type\":\"WebPage\",\"@id\":\"https:\/\/staging.bioswing.ee\/et\/toode\/foxter\/\",\"url\":\"https:\/\/staging.bioswing.ee\/et\/toode\/foxter\/\",\"name\":\"Foxter - BIOSWING\",\"isPartOf\":{\"@id\":\"https:\/\/staging.bioswing.ee\/et\/#website\"},\"primaryImageOfPage\":{\"@id\":\"https:\/\/staging.bioswing.ee\/et\/toode\/foxter\/#primaryimage\"},\"image\":{\"@id\":\"https:\/\/staging.bioswing.ee\/et\/toode\/foxter\/#primaryimage\"},\"thumbnailUrl\":\"https:\/\/staging.bioswing.ee\/wp-content\/uploads\/2023\/04\/Foxter.jpg\",\"datePublished\":\"2023-04-13T11:21:14+00:00\",\"dateModified\":\"2023-08-24T13:02:23+00:00\",\"breadcrumb\":{\"@id\":\"https:\/\/staging.bioswing.ee\/et\/toode\/foxter\/#breadcrumb\"},\"inLanguage\":\"et\",\"potentialAction\":[{\"@type\":\"ReadAction\",\"target\":[\"https:\/\/staging.bioswing.ee\/et\/toode\/foxter\/\"]}]},{\"@type\":\"ImageObject\",\"inLanguage\":\"et\",\"@id\":\"https:\/\/staging.bioswing.ee\/et\/toode\/foxter\/#primaryimage\",\"url\":\"https:\/\/staging.bioswing.ee\/wp-content\/uploads\/2023\/04\/Foxter.jpg\",\"contentUrl\":\"https:\/\/staging.bioswing.ee\/wp-content\/uploads\/2023\/04\/Foxter.jpg\",\"width\":1874,\"height\":2500},{\"@type\":\"BreadcrumbList\",\"@id\":\"https:\/\/staging.bioswing.ee\/et\/toode\/foxter\/#breadcrumb\",\"itemListElement\":[{\"@type\":\"ListItem\",\"position\":1,\"name\":\"Home\",\"item\":\"https:\/\/bioswing.ee\/et\/\"},{\"@type\":\"ListItem\",\"position\":2,\"name\":\"POOD\",\"item\":\"https:\/\/bioswing.ee\/et\/pood\/\"},{\"@type\":\"ListItem\",\"position\":3,\"name\":\"Foxter\"}]},{\"@type\":\"WebSite\",\"@id\":\"https:\/\/staging.bioswing.ee\/et\/#website\",\"url\":\"https:\/\/staging.bioswing.ee\/et\/\",\"name\":\"BIOSWING\",\"description\":\"Smart solutions for healthy sitting\",\"publisher\":{\"@id\":\"https:\/\/staging.bioswing.ee\/et\/#organization\"},\"potentialAction\":[{\"@type\":\"SearchAction\",\"target\":{\"@type\":\"EntryPoint\",\"urlTemplate\":\"https:\/\/staging.bioswing.ee\/et\/?s={search_term_string}\"},\"query-input\":{\"@type\":\"PropertyValueSpecification\",\"valueRequired\":true,\"valueName\":\"search_term_string\"}}],\"inLanguage\":\"et\"},{\"@type\":\"Organization\",\"@id\":\"https:\/\/staging.bioswing.ee\/et\/#organization\",\"name\":\"BIOSWING\",\"url\":\"https:\/\/staging.bioswing.ee\/et\/\",\"logo\":{\"@type\":\"ImageObject\",\"inLanguage\":\"et\",\"@id\":\"https:\/\/staging.bioswing.ee\/et\/#\/schema\/logo\/image\/\",\"url\":\"https:\/\/staging.bioswing.ee\/wp-content\/uploads\/2023\/04\/logo_web.png\",\"contentUrl\":\"https:\/\/staging.bioswing.ee\/wp-content\/uploads\/2023\/04\/logo_web.png\",\"width\":140,\"height\":122,\"caption\":\"BIOSWING\"},\"image\":{\"@id\":\"https:\/\/staging.bioswing.ee\/et\/#\/schema\/logo\/image\/\"}}]}<\/script>\n<!-- \/ Yoast SEO plugin. -->","yoast_head_json":{"title":"Foxter - BIOSWING","robots":{"index":"noindex","follow":"follow","max-snippet":"max-snippet:-1","max-image-preview":"max-image-preview:large","max-video-preview":"max-video-preview:-1"},"og_locale":"et_EE","og_type":"article","og_title":"Foxter - BIOSWING","og_description":"Kiirkoosolek on tegevustep\u00f5hises kontoris k\u00f5ige uuem trend. Meeskonnad kohtuvad spontaanselt ruumides, mis on m\u00f5eldud loovusele vaba voli andmiseks. Istutakse ja seistakse vaheldumisi ning istumise ajal pakub tuge keha ja vaimu turgutav BIOSWING Foxter. Tooli iste on p\u00f5randapinnast lahti sidestatud ning sellel on eriline funktsioon: iste peegeldab k\u00f5iki istuja liikumisimpulsse erilisel viisil, luues kehas stimuleeriva ja loovust ergutava toime. Kuna iste on kergesti k\u00e4sitsetav ning igal ajahetkel reguleeritav, on see kasulik toode nii noortele kui ka vanadele. T\u00e4nu istmesse sisse ehitatud 3D-mehhanismile peegeldab see k\u00f5iki kehaliigutusi \u2013 ka k\u00f5ige v\u00e4iksemaid, n\u00e4iteks s\u00fcdamel\u00f6\u00f6ke ja hingamisliigutusi \u2013 ning edastab neid pidevate liikumisstiimulitena ajule. Vastavad stiimulid edastatakse seej\u00e4rel aju mitmetasandilise neurov\u00f5rgustiku kaudu liikumisega seotud ajukeskustesse. BIOSWINGi ainulaadne tehnoloogia aktiveerib aju liikumiskeskusi automaatselt sel ajal, kui teie istute, ja suurendab seel\u00e4bi teie tulemuslikkust ja loovust. Foxterit kasutatakse ka haridusasutustes: lasteaia\u00f5petajatele meeldivad tooli peenliigutused, mis v\u00f5imaldavad seljale mugavat istumisasendit isegi siis, kui tool on l\u00fchikese gaasvedruga ja istumisasend on v\u00e4ga madal.","og_url":"https:\/\/staging.bioswing.ee\/et\/toode\/foxter\/","og_site_name":"BIOSWING","article_modified_time":"2023-08-24T13:02:23+00:00","og_image":[{"width":1874,"height":2500,"url":"https:\/\/bioswing.ee\/wp-content\/uploads\/2023\/04\/Foxter.jpg","type":"image\/jpeg"}],"twitter_card":"summary_large_image","schema":{"@context":"https:\/\/schema.org","@graph":[{"@type":"WebPage","@id":"https:\/\/staging.bioswing.ee\/et\/toode\/foxter\/","url":"https:\/\/staging.bioswing.ee\/et\/toode\/foxter\/","name":"Foxter - BIOSWING","isPartOf":{"@id":"https:\/\/staging.bioswing.ee\/et\/#website"},"primaryImageOfPage":{"@id":"https:\/\/staging.bioswing.ee\/et\/toode\/foxter\/#primaryimage"},"image":{"@id":"https:\/\/staging.bioswing.ee\/et\/toode\/foxter\/#primaryimage"},"thumbnailUrl":"https:\/\/staging.bioswing.ee\/wp-content\/uploads\/2023\/04\/Foxter.jpg","datePublished":"2023-04-13T11:21:14+00:00","dateModified":"2023-08-24T13:02:23+00:00","breadcrumb":{"@id":"https:\/\/staging.bioswing.ee\/et\/toode\/foxter\/#breadcrumb"},"inLanguage":"et","potentialAction":[{"@type":"ReadAction","target":["https:\/\/staging.bioswing.ee\/et\/toode\/foxter\/"]}]},{"@type":"ImageObject","inLanguage":"et","@id":"https:\/\/staging.bioswing.ee\/et\/toode\/foxter\/#primaryimage","url":"https:\/\/staging.bioswing.ee\/wp-content\/uploads\/2023\/04\/Foxter.jpg","contentUrl":"https:\/\/staging.bioswing.ee\/wp-content\/uploads\/2023\/04\/Foxter.jpg","width":1874,"height":2500},{"@type":"BreadcrumbList","@id":"https:\/\/staging.bioswing.ee\/et\/toode\/foxter\/#breadcrumb","itemListElement":[{"@type":"ListItem","position":1,"name":"Home","item":"https:\/\/bioswing.ee\/et\/"},{"@type":"ListItem","position":2,"name":"POOD","item":"https:\/\/bioswing.ee\/et\/pood\/"},{"@type":"ListItem","position":3,"name":"Foxter"}]},{"@type":"WebSite","@id":"https:\/\/staging.bioswing.ee\/et\/#website","url":"https:\/\/staging.bioswing.ee\/et\/","name":"BIOSWING","description":"Smart solutions for healthy sitting","publisher":{"@id":"https:\/\/staging.bioswing.ee\/et\/#organization"},"potentialAction":[{"@type":"SearchAction","target":{"@type":"EntryPoint","urlTemplate":"https:\/\/staging.bioswing.ee\/et\/?s={search_term_string}"},"query-input":{"@type":"PropertyValueSpecification","valueRequired":true,"valueName":"search_term_string"}}],"inLanguage":"et"},{"@type":"Organization","@id":"https:\/\/staging.bioswing.ee\/et\/#organization","name":"BIOSWING","url":"https:\/\/staging.bioswing.ee\/et\/","logo":{"@type":"ImageObject","inLanguage":"et","@id":"https:\/\/staging.bioswing.ee\/et\/#\/schema\/logo\/image\/","url":"https:\/\/staging.bioswing.ee\/wp-content\/uploads\/2023\/04\/logo_web.png","contentUrl":"https:\/\/staging.bioswing.ee\/wp-content\/uploads\/2023\/04\/logo_web.png","width":140,"height":122,"caption":"BIOSWING"},"image":{"@id":"https:\/\/staging.bioswing.ee\/et\/#\/schema\/logo\/image\/"}}]}},"_links":{"self":[{"href":"https:\/\/staging.bioswing.ee\/et\/wp-json\/wp\/v2\/product\/4137","targetHints":{"allow":["GET"]}}],"collection":[{"href":"https:\/\/staging.bioswing.ee\/et\/wp-json\/wp\/v2\/product"}],"about":[{"href":"https:\/\/staging.bioswing.ee\/et\/wp-json\/wp\/v2\/types\/product"}],"wp:featuredmedia":[{"embeddable":true,"href":"https:\/\/staging.bioswing.ee\/et\/wp-json\/wp\/v2\/media\/1099"}],"wp:attachment":[{"href":"https:\/\/staging.bioswing.ee\/et\/wp-json\/wp\/v2\/media?parent=4137"}],"wp:term":[{"taxonomy":"product_brand","embeddable":true,"href":"https:\/\/staging.bioswing.ee\/et\/wp-json\/wp\/v2\/product_brand?post=4137"},{"taxonomy":"product_cat","embeddable":true,"href":"https:\/\/staging.bioswing.ee\/et\/wp-json\/wp\/v2\/product_cat?post=4137"},{"taxonomy":"product_tag","embeddable":true,"href":"https:\/\/staging.bioswing.ee\/et\/wp-json\/wp\/v2\/product_tag?post=4137"}],"curies":[{"name":"wp","href":"https:\/\/api.w.org\/{rel}","templated":true}]}}