{"id":12265,"date":"2023-11-16T11:47:03","date_gmt":"2023-11-16T11:47:03","guid":{"rendered":"https:\/\/staging.bioswing.ee\/toode\/bioswing-loop\/"},"modified":"2023-11-24T10:12:17","modified_gmt":"2023-11-24T10:12:17","slug":"bioswing-loop","status":"publish","type":"product","link":"https:\/\/staging.bioswing.ee\/fi\/toode\/bioswing-loop\/","title":{"rendered":"BIOSWING LOOP"},"content":{"rendered":"<p><strong>BIOSWING LOOP<\/strong><\/p>\n<ul>\n<li>Ergonomisesti ja ortopedisesti hyvin toimiva ja monipuolinen tuoli toimistoon ja et\u00e4ty\u00f6pisteeseen<\/li>\n<li>Integroitu, s\u00e4\u00e4dett\u00e4v\u00e4 3D-istuinosa<\/li>\n<li>Automaattinen istuma-asennon tasapainotus<\/li>\n<li>Kangasp\u00e4\u00e4llyste: Xtreme-FR musta (YS009) tai vaaleanharmaa (YS094)<\/li>\n<li>K\u00e4sinojat (vakiokorkeudella), kiillotettu alumiini<\/li>\n<li>Jalkaristi: kiillotettu alumiini<\/li>\n<li>Rullapy\u00f6r\u00e4t \u00f8 6 cm<\/li>\n<\/ul>\n<div style=\"width: 1200px;\" class=\"wp-video\"><video class=\"wp-video-shortcode\" id=\"video-12265-1\" width=\"1200\" height=\"675\" loop autoplay preload=\"metadata\" controls=\"controls\"><source type=\"video\/mp4\" src=\"https:\/\/staging.bioswing.ee\/wp-content\/uploads\/2023\/11\/website-loop_klein.mp4?_=1\" \/><a href=\"https:\/\/staging.bioswing.ee\/wp-content\/uploads\/2023\/11\/website-loop_klein.mp4\">https:\/\/staging.bioswing.ee\/wp-content\/uploads\/2023\/11\/website-loop_klein.mp4<\/a><\/video><\/div>\n<p><iframe title=\"YouTube video player\" src=\"https:\/\/www.youtube.com\/embed\/vBvp52qPDAI?si=n3jBuRxrQ_7U5sHV\" width=\"100%\" height=\"450\" frameborder=\"0\" allowfullscreen=\"allowfullscreen\"><\/iframe><\/p>\n","protected":false},"excerpt":{"rendered":"<h2>LOOP \u2013 \u00c4lyk\u00e4s ratkaisu, jossa on yhdistetty tyyli ja ergonomia.<\/h2>\n<p>Tieteellisiss\u00e4 tutkimuksissa on selvitetty, ett\u00e4 fyysinen ja henkinen suorituskyky ovat suorassa yhteydess\u00e4 ihmisen liikkuvuuteen. Lyhyesti sanottuna: mit\u00e4 enemm\u00e4n erilaisia liikkumismahdollisuuksia hy\u00f6dynnet\u00e4\u00e4n, sen luovempi ja kyvykk\u00e4\u00e4mpi ihminen on.<\/p>\n<h3>BIOSWING LOOP toimii herk\u00e4ll\u00e4, tasapainoisella ja hyvin kevyesti aistittavana liikkeell\u00e4\u00e4n ik\u00e4\u00e4n kuin vauhdittajana, luoden kehoon ja mieleen uutta vauhtia.<\/h3>\n<p>Tuolin rakenteeseen <strong>yhdistetty<\/strong> ja <strong>s\u00e4\u00e4dett\u00e4v\u00e4 3D-istuinosa<\/strong> heijastaa vartalon pienimm\u00e4tkin liikkeet, jopa syd\u00e4men sykkeen ja hengityksen ja l\u00e4hett\u00e4\u00e4 sen kautta aivoihin jatkuvasti <strong>uusia<\/strong> <strong>liikesignaaleja<\/strong>.<\/p>\n<p>Aivoissa ohjataan saapuneet signaalit hierakisesti eri tietopoluille ja yhdistet\u00e4\u00e4n <strong>aivojen liikekeskuksen verkostoj\u00e4rjestelm\u00e4\u00e4n<\/strong>. Ainutlaatuinen BIOSWING-teknologia aktivoi n\u00e4m\u00e4 verkostot toimimaan automaattisesti my\u00f6s ihmisen istuessa ja parantaa sen kautta luovuutta ja kyvykkyytt\u00e4.<\/p>\n","protected":false},"featured_media":12170,"template":"","meta":[],"product_brand":[],"product_cat":[107,119],"product_tag":[],"class_list":{"0":"post-12265","1":"product","2":"type-product","3":"status-publish","4":"has-post-thumbnail","6":"product_cat-toimisto-ja-kotitoimisto","7":"product_cat-toimisto-ja-kotitoimisto-fi","9":"first","10":"instock","11":"taxable","12":"shipping-taxable","13":"purchasable","14":"product-type-variable"},"yoast_head":"<!-- This site is optimized with the Yoast SEO plugin v27.1.1 - https:\/\/yoast.com\/product\/yoast-seo-wordpress\/ -->\n<title>BIOSWING LOOP - BIOSWING<\/title>\n<meta name=\"robots\" content=\"noindex, follow, max-snippet:-1, max-image-preview:large, max-video-preview:-1\" \/>\n<meta property=\"og:locale\" content=\"fi_FI\" \/>\n<meta property=\"og:type\" content=\"article\" \/>\n<meta property=\"og:title\" content=\"BIOSWING LOOP - BIOSWING\" \/>\n<meta property=\"og:description\" content=\"LOOP \u2013 \u00c4lyk\u00e4s ratkaisu, jossa on yhdistetty tyyli ja ergonomia. Tieteellisiss\u00e4 tutkimuksissa on selvitetty, ett\u00e4 fyysinen ja henkinen suorituskyky ovat suorassa yhteydess\u00e4 ihmisen liikkuvuuteen. Lyhyesti sanottuna: mit\u00e4 enemm\u00e4n erilaisia liikkumismahdollisuuksia hy\u00f6dynnet\u00e4\u00e4n, sen luovempi ja kyvykk\u00e4\u00e4mpi ihminen on. BIOSWING LOOP toimii herk\u00e4ll\u00e4, tasapainoisella ja hyvin kevyesti aistittavana liikkeell\u00e4\u00e4n ik\u00e4\u00e4n kuin vauhdittajana, luoden kehoon ja mieleen uutta vauhtia. Tuolin rakenteeseen yhdistetty ja s\u00e4\u00e4dett\u00e4v\u00e4 3D-istuinosa heijastaa vartalon pienimm\u00e4tkin liikkeet, jopa syd\u00e4men sykkeen ja hengityksen ja l\u00e4hett\u00e4\u00e4 sen kautta aivoihin jatkuvasti uusia liikesignaaleja. Aivoissa ohjataan saapuneet signaalit hierakisesti eri tietopoluille ja yhdistet\u00e4\u00e4n aivojen liikekeskuksen verkostoj\u00e4rjestelm\u00e4\u00e4n. Ainutlaatuinen BIOSWING-teknologia aktivoi n\u00e4m\u00e4 verkostot toimimaan automaattisesti my\u00f6s ihmisen istuessa ja parantaa sen kautta luovuutta ja kyvykkyytt\u00e4.\" \/>\n<meta property=\"og:url\" content=\"https:\/\/staging.bioswing.ee\/fi\/toode\/bioswing-loop\/\" \/>\n<meta property=\"og:site_name\" content=\"BIOSWING\" \/>\n<meta property=\"article:modified_time\" content=\"2023-11-24T10:12:17+00:00\" \/>\n<meta property=\"og:image\" content=\"https:\/\/bioswing.ee\/wp-content\/uploads\/2023\/11\/Loop_Produkt_Rollen_02-1.jpg\" \/>\n\t<meta property=\"og:image:width\" content=\"1874\" \/>\n\t<meta property=\"og:image:height\" content=\"2500\" \/>\n\t<meta property=\"og:image:type\" content=\"image\/jpeg\" \/>\n<meta name=\"twitter:card\" content=\"summary_large_image\" \/>\n<script type=\"application\/ld+json\" class=\"yoast-schema-graph\">{\"@context\":\"https:\/\/schema.org\",\"@graph\":[{\"@type\":\"WebPage\",\"@id\":\"https:\/\/staging.bioswing.ee\/fi\/toode\/bioswing-loop\/\",\"url\":\"https:\/\/staging.bioswing.ee\/fi\/toode\/bioswing-loop\/\",\"name\":\"BIOSWING LOOP - BIOSWING\",\"isPartOf\":{\"@id\":\"https:\/\/staging.bioswing.ee\/fi\/#website\"},\"primaryImageOfPage\":{\"@id\":\"https:\/\/staging.bioswing.ee\/fi\/toode\/bioswing-loop\/#primaryimage\"},\"image\":{\"@id\":\"https:\/\/staging.bioswing.ee\/fi\/toode\/bioswing-loop\/#primaryimage\"},\"thumbnailUrl\":\"https:\/\/staging.bioswing.ee\/wp-content\/uploads\/2023\/11\/Loop_Produkt_Rollen_02-1.jpg\",\"datePublished\":\"2023-11-16T11:47:03+00:00\",\"dateModified\":\"2023-11-24T10:12:17+00:00\",\"breadcrumb\":{\"@id\":\"https:\/\/staging.bioswing.ee\/fi\/toode\/bioswing-loop\/#breadcrumb\"},\"inLanguage\":\"fi\",\"potentialAction\":[{\"@type\":\"ReadAction\",\"target\":[\"https:\/\/staging.bioswing.ee\/fi\/toode\/bioswing-loop\/\"]}]},{\"@type\":\"ImageObject\",\"inLanguage\":\"fi\",\"@id\":\"https:\/\/staging.bioswing.ee\/fi\/toode\/bioswing-loop\/#primaryimage\",\"url\":\"https:\/\/staging.bioswing.ee\/wp-content\/uploads\/2023\/11\/Loop_Produkt_Rollen_02-1.jpg\",\"contentUrl\":\"https:\/\/staging.bioswing.ee\/wp-content\/uploads\/2023\/11\/Loop_Produkt_Rollen_02-1.jpg\",\"width\":1874,\"height\":2500},{\"@type\":\"BreadcrumbList\",\"@id\":\"https:\/\/staging.bioswing.ee\/fi\/toode\/bioswing-loop\/#breadcrumb\",\"itemListElement\":[{\"@type\":\"ListItem\",\"position\":1,\"name\":\"Home\",\"item\":\"https:\/\/bioswing.ee\/fi\/\"},{\"@type\":\"ListItem\",\"position\":2,\"name\":\"Shop\",\"item\":\"https:\/\/bioswing.ee\/fi\/shop-2\/\"},{\"@type\":\"ListItem\",\"position\":3,\"name\":\"BIOSWING LOOP\"}]},{\"@type\":\"WebSite\",\"@id\":\"https:\/\/staging.bioswing.ee\/fi\/#website\",\"url\":\"https:\/\/staging.bioswing.ee\/fi\/\",\"name\":\"BIOSWING\",\"description\":\"Smart solutions for healthy sitting\",\"publisher\":{\"@id\":\"https:\/\/staging.bioswing.ee\/fi\/#organization\"},\"potentialAction\":[{\"@type\":\"SearchAction\",\"target\":{\"@type\":\"EntryPoint\",\"urlTemplate\":\"https:\/\/staging.bioswing.ee\/fi\/?s={search_term_string}\"},\"query-input\":{\"@type\":\"PropertyValueSpecification\",\"valueRequired\":true,\"valueName\":\"search_term_string\"}}],\"inLanguage\":\"fi\"},{\"@type\":\"Organization\",\"@id\":\"https:\/\/staging.bioswing.ee\/fi\/#organization\",\"name\":\"BIOSWING\",\"url\":\"https:\/\/staging.bioswing.ee\/fi\/\",\"logo\":{\"@type\":\"ImageObject\",\"inLanguage\":\"fi\",\"@id\":\"https:\/\/staging.bioswing.ee\/fi\/#\/schema\/logo\/image\/\",\"url\":\"https:\/\/staging.bioswing.ee\/wp-content\/uploads\/2023\/04\/logo_web.png\",\"contentUrl\":\"https:\/\/staging.bioswing.ee\/wp-content\/uploads\/2023\/04\/logo_web.png\",\"width\":140,\"height\":122,\"caption\":\"BIOSWING\"},\"image\":{\"@id\":\"https:\/\/staging.bioswing.ee\/fi\/#\/schema\/logo\/image\/\"}}]}<\/script>\n<!-- \/ Yoast SEO plugin. -->","yoast_head_json":{"title":"BIOSWING LOOP - BIOSWING","robots":{"index":"noindex","follow":"follow","max-snippet":"max-snippet:-1","max-image-preview":"max-image-preview:large","max-video-preview":"max-video-preview:-1"},"og_locale":"fi_FI","og_type":"article","og_title":"BIOSWING LOOP - BIOSWING","og_description":"LOOP \u2013 \u00c4lyk\u00e4s ratkaisu, jossa on yhdistetty tyyli ja ergonomia. Tieteellisiss\u00e4 tutkimuksissa on selvitetty, ett\u00e4 fyysinen ja henkinen suorituskyky ovat suorassa yhteydess\u00e4 ihmisen liikkuvuuteen. Lyhyesti sanottuna: mit\u00e4 enemm\u00e4n erilaisia liikkumismahdollisuuksia hy\u00f6dynnet\u00e4\u00e4n, sen luovempi ja kyvykk\u00e4\u00e4mpi ihminen on. BIOSWING LOOP toimii herk\u00e4ll\u00e4, tasapainoisella ja hyvin kevyesti aistittavana liikkeell\u00e4\u00e4n ik\u00e4\u00e4n kuin vauhdittajana, luoden kehoon ja mieleen uutta vauhtia. Tuolin rakenteeseen yhdistetty ja s\u00e4\u00e4dett\u00e4v\u00e4 3D-istuinosa heijastaa vartalon pienimm\u00e4tkin liikkeet, jopa syd\u00e4men sykkeen ja hengityksen ja l\u00e4hett\u00e4\u00e4 sen kautta aivoihin jatkuvasti uusia liikesignaaleja. Aivoissa ohjataan saapuneet signaalit hierakisesti eri tietopoluille ja yhdistet\u00e4\u00e4n aivojen liikekeskuksen verkostoj\u00e4rjestelm\u00e4\u00e4n. Ainutlaatuinen BIOSWING-teknologia aktivoi n\u00e4m\u00e4 verkostot toimimaan automaattisesti my\u00f6s ihmisen istuessa ja parantaa sen kautta luovuutta ja kyvykkyytt\u00e4.","og_url":"https:\/\/staging.bioswing.ee\/fi\/toode\/bioswing-loop\/","og_site_name":"BIOSWING","article_modified_time":"2023-11-24T10:12:17+00:00","og_image":[{"width":1874,"height":2500,"url":"https:\/\/bioswing.ee\/wp-content\/uploads\/2023\/11\/Loop_Produkt_Rollen_02-1.jpg","type":"image\/jpeg"}],"twitter_card":"summary_large_image","schema":{"@context":"https:\/\/schema.org","@graph":[{"@type":"WebPage","@id":"https:\/\/staging.bioswing.ee\/fi\/toode\/bioswing-loop\/","url":"https:\/\/staging.bioswing.ee\/fi\/toode\/bioswing-loop\/","name":"BIOSWING LOOP - BIOSWING","isPartOf":{"@id":"https:\/\/staging.bioswing.ee\/fi\/#website"},"primaryImageOfPage":{"@id":"https:\/\/staging.bioswing.ee\/fi\/toode\/bioswing-loop\/#primaryimage"},"image":{"@id":"https:\/\/staging.bioswing.ee\/fi\/toode\/bioswing-loop\/#primaryimage"},"thumbnailUrl":"https:\/\/staging.bioswing.ee\/wp-content\/uploads\/2023\/11\/Loop_Produkt_Rollen_02-1.jpg","datePublished":"2023-11-16T11:47:03+00:00","dateModified":"2023-11-24T10:12:17+00:00","breadcrumb":{"@id":"https:\/\/staging.bioswing.ee\/fi\/toode\/bioswing-loop\/#breadcrumb"},"inLanguage":"fi","potentialAction":[{"@type":"ReadAction","target":["https:\/\/staging.bioswing.ee\/fi\/toode\/bioswing-loop\/"]}]},{"@type":"ImageObject","inLanguage":"fi","@id":"https:\/\/staging.bioswing.ee\/fi\/toode\/bioswing-loop\/#primaryimage","url":"https:\/\/staging.bioswing.ee\/wp-content\/uploads\/2023\/11\/Loop_Produkt_Rollen_02-1.jpg","contentUrl":"https:\/\/staging.bioswing.ee\/wp-content\/uploads\/2023\/11\/Loop_Produkt_Rollen_02-1.jpg","width":1874,"height":2500},{"@type":"BreadcrumbList","@id":"https:\/\/staging.bioswing.ee\/fi\/toode\/bioswing-loop\/#breadcrumb","itemListElement":[{"@type":"ListItem","position":1,"name":"Home","item":"https:\/\/bioswing.ee\/fi\/"},{"@type":"ListItem","position":2,"name":"Shop","item":"https:\/\/bioswing.ee\/fi\/shop-2\/"},{"@type":"ListItem","position":3,"name":"BIOSWING LOOP"}]},{"@type":"WebSite","@id":"https:\/\/staging.bioswing.ee\/fi\/#website","url":"https:\/\/staging.bioswing.ee\/fi\/","name":"BIOSWING","description":"Smart solutions for healthy sitting","publisher":{"@id":"https:\/\/staging.bioswing.ee\/fi\/#organization"},"potentialAction":[{"@type":"SearchAction","target":{"@type":"EntryPoint","urlTemplate":"https:\/\/staging.bioswing.ee\/fi\/?s={search_term_string}"},"query-input":{"@type":"PropertyValueSpecification","valueRequired":true,"valueName":"search_term_string"}}],"inLanguage":"fi"},{"@type":"Organization","@id":"https:\/\/staging.bioswing.ee\/fi\/#organization","name":"BIOSWING","url":"https:\/\/staging.bioswing.ee\/fi\/","logo":{"@type":"ImageObject","inLanguage":"fi","@id":"https:\/\/staging.bioswing.ee\/fi\/#\/schema\/logo\/image\/","url":"https:\/\/staging.bioswing.ee\/wp-content\/uploads\/2023\/04\/logo_web.png","contentUrl":"https:\/\/staging.bioswing.ee\/wp-content\/uploads\/2023\/04\/logo_web.png","width":140,"height":122,"caption":"BIOSWING"},"image":{"@id":"https:\/\/staging.bioswing.ee\/fi\/#\/schema\/logo\/image\/"}}]}},"_links":{"self":[{"href":"https:\/\/staging.bioswing.ee\/fi\/wp-json\/wp\/v2\/product\/12265","targetHints":{"allow":["GET"]}}],"collection":[{"href":"https:\/\/staging.bioswing.ee\/fi\/wp-json\/wp\/v2\/product"}],"about":[{"href":"https:\/\/staging.bioswing.ee\/fi\/wp-json\/wp\/v2\/types\/product"}],"wp:featuredmedia":[{"embeddable":true,"href":"https:\/\/staging.bioswing.ee\/fi\/wp-json\/wp\/v2\/media\/12170"}],"wp:attachment":[{"href":"https:\/\/staging.bioswing.ee\/fi\/wp-json\/wp\/v2\/media?parent=12265"}],"wp:term":[{"taxonomy":"product_brand","embeddable":true,"href":"https:\/\/staging.bioswing.ee\/fi\/wp-json\/wp\/v2\/product_brand?post=12265"},{"taxonomy":"product_cat","embeddable":true,"href":"https:\/\/staging.bioswing.ee\/fi\/wp-json\/wp\/v2\/product_cat?post=12265"},{"taxonomy":"product_tag","embeddable":true,"href":"https:\/\/staging.bioswing.ee\/fi\/wp-json\/wp\/v2\/product_tag?post=12265"}],"curies":[{"name":"wp","href":"https:\/\/api.w.org\/{rel}","templated":true}]}}