{"id":12392,"date":"2023-11-17T10:36:50","date_gmt":"2023-11-17T10:36:50","guid":{"rendered":"https:\/\/staging.bioswing.ee\/toode\/oneup-eco\/"},"modified":"2024-12-05T11:39:46","modified_gmt":"2024-12-05T11:39:46","slug":"oneup-eco","status":"publish","type":"product","link":"https:\/\/staging.bioswing.ee\/fi\/toode\/oneup-eco\/","title":{"rendered":"BIOSWING oneUP ECO"},"content":{"rendered":"<p><strong>BIOSWING oneUP<\/strong><\/p>\n<ul>\n<li>Ergonominen ja ortopedisesti toimiva istuin- ja seisontaratkaisu toimistolle, et\u00e4ty\u00f6pisteeseen ja vastaanottotilaan<\/li>\n<li>Integroitu, s\u00e4\u00e4dett\u00e4v\u00e4 3D-istuinosa<\/li>\n<li>Satulaistuin<\/li>\n<li>Heiluriliikkeell\u00e4 toimiva ja synkronoitu ergonominen selk\u00e4noja kallistettavilla k\u00e4sinojilla<\/li>\n<li>Yksil\u00f6llisesti s\u00e4\u00e4dett\u00e4v\u00e4 niskatuki<\/li>\n<li>Istuinasentoa tasapainottava mekanismi (lis\u00e4maksusta) lantion fysiologisesti oikean asennon varmistamiseen<\/li>\n<li>Kangasp\u00e4\u00e4llyste: Felicity musta<\/li>\n<li>Jalkaristi: muovi<\/li>\n<li>Rullapy\u00f6r\u00e4t \u00f8 60 mm<\/li>\n<li>Selk\u00e4nojan korkeus: 50 cm<\/li>\n<\/ul>\n<div style=\"width: 1200px;\" class=\"wp-video\"><video class=\"wp-video-shortcode\" id=\"video-12392-1\" width=\"1200\" height=\"675\" loop autoplay preload=\"metadata\" controls=\"controls\"><source type=\"video\/mp4\" src=\"https:\/\/staging.bioswing.ee\/wp-content\/uploads\/2023\/11\/oneUP_V2-1.mp4?_=1\" \/><a href=\"https:\/\/staging.bioswing.ee\/wp-content\/uploads\/2023\/11\/oneUP_V2-1.mp4\">https:\/\/staging.bioswing.ee\/wp-content\/uploads\/2023\/11\/oneUP_V2-1.mp4<\/a><\/video><\/div>\n<p><iframe title=\"YouTube video player\" src=\"https:\/\/www.youtube.com\/embed\/vBvp52qPDAI?si=n3jBuRxrQ_7U5sHV\" width=\"100%\" height=\"450\" frameborder=\"0\" allowfullscreen=\"allowfullscreen\"><\/iframe><\/p>\n","protected":false},"excerpt":{"rendered":"<h2>\u201eUp and down \u2013 and turn around\u201c Se on onUP-motto.<\/h2>\n<p>Oletko jo kokeillut korkeuss\u00e4\u00e4dett\u00e4v\u00e4n p\u00f6yd\u00e4n tarjoamia monipuolisia mahdollisuuksia?<br \/>\nJokainen asento seisomisen ja korotetun istuma-asennon v\u00e4list\u00e4 tarjoaa runsaasti monenlaisia vartalon asentoja.<br \/>\nT\u00e4rkein tavoite niiden kohdalla on: <strong>mit\u00e4 useammin asentoa vaihdetaan, sit\u00e4 enemm\u00e4n keho ja mieli siit\u00e4 hy\u00f6tyv\u00e4t<\/strong>. Sill\u00e4 meid\u00e4n lihasrankaa tukeva j\u00e4rjestelm\u00e4 on ohjelmoitu liikkumaan, sek\u00e4 seisoen ett\u00e4 istuen.<\/p>\n<h2>BIOSWING oneUP on todellinen monipuolinen lahjakkuus.<\/h2>\n<p><strong>Sill\u00e4 t\u00e4m\u00e4 on \u00e4lyk\u00e4s ratkaisu kaikille, jotka haluavat yhdist\u00e4\u00e4 istumisen ja seisomisen<\/strong>, ja luo samalla t\u00e4ydellisen l\u00e4ht\u00f6kohdan monipuolisten istuin- ja sovellusmahdollisuuksien saavuttamiseen sek\u00e4 \u2013 integroidun 3D-istuinosan ansiosta \u2013 my\u00f6s vartaloa aktiivisesti liikkeelle pakottavaan istumiseen.<br \/>\nNiin <strong>lentokent\u00e4n palvelupisteiss\u00e4, et\u00e4ty\u00f6pisteiss\u00e4, fysioterapeutin vastaanotolla kuin toimistolla<\/strong>: oneUP pit\u00e4\u00e4 aina huolen vartalon kauniiden muotojen yll\u00e4pit\u00e4misest\u00e4.<\/p>\n","protected":false},"featured_media":12210,"template":"","meta":[],"product_brand":[],"product_cat":[119],"product_tag":[],"class_list":{"0":"post-12392","1":"product","2":"type-product","3":"status-publish","4":"has-post-thumbnail","6":"product_cat-toimisto-ja-kotitoimisto-fi","8":"first","9":"instock","10":"sale","11":"taxable","12":"shipping-taxable","13":"purchasable","14":"product-type-variable","15":"has-default-attributes"},"yoast_head":"<!-- This site is optimized with the Yoast SEO plugin v27.1.1 - https:\/\/yoast.com\/product\/yoast-seo-wordpress\/ -->\n<title>BIOSWING oneUP ECO - BIOSWING<\/title>\n<meta name=\"robots\" content=\"noindex, follow, max-snippet:-1, max-image-preview:large, max-video-preview:-1\" \/>\n<meta property=\"og:locale\" content=\"fi_FI\" \/>\n<meta property=\"og:type\" content=\"article\" \/>\n<meta property=\"og:title\" content=\"BIOSWING oneUP ECO - BIOSWING\" \/>\n<meta property=\"og:description\" content=\"\u201eUp and down \u2013 and turn around\u201c Se on onUP-motto. Oletko jo kokeillut korkeuss\u00e4\u00e4dett\u00e4v\u00e4n p\u00f6yd\u00e4n tarjoamia monipuolisia mahdollisuuksia? Jokainen asento seisomisen ja korotetun istuma-asennon v\u00e4list\u00e4 tarjoaa runsaasti monenlaisia vartalon asentoja. T\u00e4rkein tavoite niiden kohdalla on: mit\u00e4 useammin asentoa vaihdetaan, sit\u00e4 enemm\u00e4n keho ja mieli siit\u00e4 hy\u00f6tyv\u00e4t. Sill\u00e4 meid\u00e4n lihasrankaa tukeva j\u00e4rjestelm\u00e4 on ohjelmoitu liikkumaan, sek\u00e4 seisoen ett\u00e4 istuen.  BIOSWING oneUP on todellinen monipuolinen lahjakkuus. Sill\u00e4 t\u00e4m\u00e4 on \u00e4lyk\u00e4s ratkaisu kaikille, jotka haluavat yhdist\u00e4\u00e4 istumisen ja seisomisen, ja luo samalla t\u00e4ydellisen l\u00e4ht\u00f6kohdan monipuolisten istuin- ja sovellusmahdollisuuksien saavuttamiseen sek\u00e4 \u2013 integroidun 3D-istuinosan ansiosta \u2013 my\u00f6s vartaloa aktiivisesti liikkeelle pakottavaan istumiseen. Niin lentokent\u00e4n palvelupisteiss\u00e4, et\u00e4ty\u00f6pisteiss\u00e4, fysioterapeutin vastaanotolla kuin toimistolla: oneUP pit\u00e4\u00e4 aina huolen vartalon kauniiden muotojen yll\u00e4pit\u00e4misest\u00e4.\" \/>\n<meta property=\"og:url\" content=\"https:\/\/staging.bioswing.ee\/fi\/toode\/oneup-eco\/\" \/>\n<meta property=\"og:site_name\" content=\"BIOSWING\" \/>\n<meta property=\"article:modified_time\" content=\"2024-12-05T11:39:46+00:00\" \/>\n<meta property=\"og:image\" content=\"https:\/\/bioswing.ee\/wp-content\/uploads\/2023\/11\/oneUP_ECO_Produkt_11-2.jpg\" \/>\n\t<meta property=\"og:image:width\" content=\"1874\" \/>\n\t<meta property=\"og:image:height\" content=\"2500\" \/>\n\t<meta property=\"og:image:type\" content=\"image\/jpeg\" \/>\n<meta name=\"twitter:card\" content=\"summary_large_image\" \/>\n<script type=\"application\/ld+json\" class=\"yoast-schema-graph\">{\"@context\":\"https:\/\/schema.org\",\"@graph\":[{\"@type\":\"WebPage\",\"@id\":\"https:\/\/staging.bioswing.ee\/fi\/toode\/oneup-eco\/\",\"url\":\"https:\/\/staging.bioswing.ee\/fi\/toode\/oneup-eco\/\",\"name\":\"BIOSWING oneUP ECO - BIOSWING\",\"isPartOf\":{\"@id\":\"https:\/\/staging.bioswing.ee\/fi\/#website\"},\"primaryImageOfPage\":{\"@id\":\"https:\/\/staging.bioswing.ee\/fi\/toode\/oneup-eco\/#primaryimage\"},\"image\":{\"@id\":\"https:\/\/staging.bioswing.ee\/fi\/toode\/oneup-eco\/#primaryimage\"},\"thumbnailUrl\":\"https:\/\/staging.bioswing.ee\/wp-content\/uploads\/2023\/11\/oneUP_ECO_Produkt_11-2.jpg\",\"datePublished\":\"2023-11-17T10:36:50+00:00\",\"dateModified\":\"2024-12-05T11:39:46+00:00\",\"breadcrumb\":{\"@id\":\"https:\/\/staging.bioswing.ee\/fi\/toode\/oneup-eco\/#breadcrumb\"},\"inLanguage\":\"fi\",\"potentialAction\":[{\"@type\":\"ReadAction\",\"target\":[\"https:\/\/staging.bioswing.ee\/fi\/toode\/oneup-eco\/\"]}]},{\"@type\":\"ImageObject\",\"inLanguage\":\"fi\",\"@id\":\"https:\/\/staging.bioswing.ee\/fi\/toode\/oneup-eco\/#primaryimage\",\"url\":\"https:\/\/staging.bioswing.ee\/wp-content\/uploads\/2023\/11\/oneUP_ECO_Produkt_11-2.jpg\",\"contentUrl\":\"https:\/\/staging.bioswing.ee\/wp-content\/uploads\/2023\/11\/oneUP_ECO_Produkt_11-2.jpg\",\"width\":1874,\"height\":2500},{\"@type\":\"BreadcrumbList\",\"@id\":\"https:\/\/staging.bioswing.ee\/fi\/toode\/oneup-eco\/#breadcrumb\",\"itemListElement\":[{\"@type\":\"ListItem\",\"position\":1,\"name\":\"Home\",\"item\":\"https:\/\/bioswing.ee\/fi\/\"},{\"@type\":\"ListItem\",\"position\":2,\"name\":\"Shop\",\"item\":\"https:\/\/bioswing.ee\/fi\/shop-2\/\"},{\"@type\":\"ListItem\",\"position\":3,\"name\":\"BIOSWING oneUP ECO\"}]},{\"@type\":\"WebSite\",\"@id\":\"https:\/\/staging.bioswing.ee\/fi\/#website\",\"url\":\"https:\/\/staging.bioswing.ee\/fi\/\",\"name\":\"BIOSWING\",\"description\":\"Smart solutions for healthy sitting\",\"publisher\":{\"@id\":\"https:\/\/staging.bioswing.ee\/fi\/#organization\"},\"potentialAction\":[{\"@type\":\"SearchAction\",\"target\":{\"@type\":\"EntryPoint\",\"urlTemplate\":\"https:\/\/staging.bioswing.ee\/fi\/?s={search_term_string}\"},\"query-input\":{\"@type\":\"PropertyValueSpecification\",\"valueRequired\":true,\"valueName\":\"search_term_string\"}}],\"inLanguage\":\"fi\"},{\"@type\":\"Organization\",\"@id\":\"https:\/\/staging.bioswing.ee\/fi\/#organization\",\"name\":\"BIOSWING\",\"url\":\"https:\/\/staging.bioswing.ee\/fi\/\",\"logo\":{\"@type\":\"ImageObject\",\"inLanguage\":\"fi\",\"@id\":\"https:\/\/staging.bioswing.ee\/fi\/#\/schema\/logo\/image\/\",\"url\":\"https:\/\/staging.bioswing.ee\/wp-content\/uploads\/2023\/04\/logo_web.png\",\"contentUrl\":\"https:\/\/staging.bioswing.ee\/wp-content\/uploads\/2023\/04\/logo_web.png\",\"width\":140,\"height\":122,\"caption\":\"BIOSWING\"},\"image\":{\"@id\":\"https:\/\/staging.bioswing.ee\/fi\/#\/schema\/logo\/image\/\"}}]}<\/script>\n<!-- \/ Yoast SEO plugin. -->","yoast_head_json":{"title":"BIOSWING oneUP ECO - BIOSWING","robots":{"index":"noindex","follow":"follow","max-snippet":"max-snippet:-1","max-image-preview":"max-image-preview:large","max-video-preview":"max-video-preview:-1"},"og_locale":"fi_FI","og_type":"article","og_title":"BIOSWING oneUP ECO - BIOSWING","og_description":"\u201eUp and down \u2013 and turn around\u201c Se on onUP-motto. Oletko jo kokeillut korkeuss\u00e4\u00e4dett\u00e4v\u00e4n p\u00f6yd\u00e4n tarjoamia monipuolisia mahdollisuuksia? Jokainen asento seisomisen ja korotetun istuma-asennon v\u00e4list\u00e4 tarjoaa runsaasti monenlaisia vartalon asentoja. T\u00e4rkein tavoite niiden kohdalla on: mit\u00e4 useammin asentoa vaihdetaan, sit\u00e4 enemm\u00e4n keho ja mieli siit\u00e4 hy\u00f6tyv\u00e4t. Sill\u00e4 meid\u00e4n lihasrankaa tukeva j\u00e4rjestelm\u00e4 on ohjelmoitu liikkumaan, sek\u00e4 seisoen ett\u00e4 istuen.  BIOSWING oneUP on todellinen monipuolinen lahjakkuus. Sill\u00e4 t\u00e4m\u00e4 on \u00e4lyk\u00e4s ratkaisu kaikille, jotka haluavat yhdist\u00e4\u00e4 istumisen ja seisomisen, ja luo samalla t\u00e4ydellisen l\u00e4ht\u00f6kohdan monipuolisten istuin- ja sovellusmahdollisuuksien saavuttamiseen sek\u00e4 \u2013 integroidun 3D-istuinosan ansiosta \u2013 my\u00f6s vartaloa aktiivisesti liikkeelle pakottavaan istumiseen. Niin lentokent\u00e4n palvelupisteiss\u00e4, et\u00e4ty\u00f6pisteiss\u00e4, fysioterapeutin vastaanotolla kuin toimistolla: oneUP pit\u00e4\u00e4 aina huolen vartalon kauniiden muotojen yll\u00e4pit\u00e4misest\u00e4.","og_url":"https:\/\/staging.bioswing.ee\/fi\/toode\/oneup-eco\/","og_site_name":"BIOSWING","article_modified_time":"2024-12-05T11:39:46+00:00","og_image":[{"width":1874,"height":2500,"url":"https:\/\/bioswing.ee\/wp-content\/uploads\/2023\/11\/oneUP_ECO_Produkt_11-2.jpg","type":"image\/jpeg"}],"twitter_card":"summary_large_image","schema":{"@context":"https:\/\/schema.org","@graph":[{"@type":"WebPage","@id":"https:\/\/staging.bioswing.ee\/fi\/toode\/oneup-eco\/","url":"https:\/\/staging.bioswing.ee\/fi\/toode\/oneup-eco\/","name":"BIOSWING oneUP ECO - BIOSWING","isPartOf":{"@id":"https:\/\/staging.bioswing.ee\/fi\/#website"},"primaryImageOfPage":{"@id":"https:\/\/staging.bioswing.ee\/fi\/toode\/oneup-eco\/#primaryimage"},"image":{"@id":"https:\/\/staging.bioswing.ee\/fi\/toode\/oneup-eco\/#primaryimage"},"thumbnailUrl":"https:\/\/staging.bioswing.ee\/wp-content\/uploads\/2023\/11\/oneUP_ECO_Produkt_11-2.jpg","datePublished":"2023-11-17T10:36:50+00:00","dateModified":"2024-12-05T11:39:46+00:00","breadcrumb":{"@id":"https:\/\/staging.bioswing.ee\/fi\/toode\/oneup-eco\/#breadcrumb"},"inLanguage":"fi","potentialAction":[{"@type":"ReadAction","target":["https:\/\/staging.bioswing.ee\/fi\/toode\/oneup-eco\/"]}]},{"@type":"ImageObject","inLanguage":"fi","@id":"https:\/\/staging.bioswing.ee\/fi\/toode\/oneup-eco\/#primaryimage","url":"https:\/\/staging.bioswing.ee\/wp-content\/uploads\/2023\/11\/oneUP_ECO_Produkt_11-2.jpg","contentUrl":"https:\/\/staging.bioswing.ee\/wp-content\/uploads\/2023\/11\/oneUP_ECO_Produkt_11-2.jpg","width":1874,"height":2500},{"@type":"BreadcrumbList","@id":"https:\/\/staging.bioswing.ee\/fi\/toode\/oneup-eco\/#breadcrumb","itemListElement":[{"@type":"ListItem","position":1,"name":"Home","item":"https:\/\/bioswing.ee\/fi\/"},{"@type":"ListItem","position":2,"name":"Shop","item":"https:\/\/bioswing.ee\/fi\/shop-2\/"},{"@type":"ListItem","position":3,"name":"BIOSWING oneUP ECO"}]},{"@type":"WebSite","@id":"https:\/\/staging.bioswing.ee\/fi\/#website","url":"https:\/\/staging.bioswing.ee\/fi\/","name":"BIOSWING","description":"Smart solutions for healthy sitting","publisher":{"@id":"https:\/\/staging.bioswing.ee\/fi\/#organization"},"potentialAction":[{"@type":"SearchAction","target":{"@type":"EntryPoint","urlTemplate":"https:\/\/staging.bioswing.ee\/fi\/?s={search_term_string}"},"query-input":{"@type":"PropertyValueSpecification","valueRequired":true,"valueName":"search_term_string"}}],"inLanguage":"fi"},{"@type":"Organization","@id":"https:\/\/staging.bioswing.ee\/fi\/#organization","name":"BIOSWING","url":"https:\/\/staging.bioswing.ee\/fi\/","logo":{"@type":"ImageObject","inLanguage":"fi","@id":"https:\/\/staging.bioswing.ee\/fi\/#\/schema\/logo\/image\/","url":"https:\/\/staging.bioswing.ee\/wp-content\/uploads\/2023\/04\/logo_web.png","contentUrl":"https:\/\/staging.bioswing.ee\/wp-content\/uploads\/2023\/04\/logo_web.png","width":140,"height":122,"caption":"BIOSWING"},"image":{"@id":"https:\/\/staging.bioswing.ee\/fi\/#\/schema\/logo\/image\/"}}]}},"_links":{"self":[{"href":"https:\/\/staging.bioswing.ee\/fi\/wp-json\/wp\/v2\/product\/12392","targetHints":{"allow":["GET"]}}],"collection":[{"href":"https:\/\/staging.bioswing.ee\/fi\/wp-json\/wp\/v2\/product"}],"about":[{"href":"https:\/\/staging.bioswing.ee\/fi\/wp-json\/wp\/v2\/types\/product"}],"wp:featuredmedia":[{"embeddable":true,"href":"https:\/\/staging.bioswing.ee\/fi\/wp-json\/wp\/v2\/media\/12210"}],"wp:attachment":[{"href":"https:\/\/staging.bioswing.ee\/fi\/wp-json\/wp\/v2\/media?parent=12392"}],"wp:term":[{"taxonomy":"product_brand","embeddable":true,"href":"https:\/\/staging.bioswing.ee\/fi\/wp-json\/wp\/v2\/product_brand?post=12392"},{"taxonomy":"product_cat","embeddable":true,"href":"https:\/\/staging.bioswing.ee\/fi\/wp-json\/wp\/v2\/product_cat?post=12392"},{"taxonomy":"product_tag","embeddable":true,"href":"https:\/\/staging.bioswing.ee\/fi\/wp-json\/wp\/v2\/product_tag?post=12392"}],"curies":[{"name":"wp","href":"https:\/\/api.w.org\/{rel}","templated":true}]}}