{"id":15743,"date":"2024-11-18T12:47:08","date_gmt":"2024-11-18T12:47:08","guid":{"rendered":"https:\/\/staging.bioswing.ee\/toode\/bioswing-posturomed-202\/"},"modified":"2025-02-05T15:52:20","modified_gmt":"2025-02-05T15:52:20","slug":"bioswing-posturomed-202","status":"publish","type":"product","link":"https:\/\/staging.bioswing.ee\/fi\/toode\/bioswing-posturomed-202\/","title":{"rendered":"BIOSWING\u00ae Posturomed\u00ae 202"},"content":{"rendered":"","protected":false},"excerpt":{"rendered":"<p class=\"p1\">BIOSWING Posturomed\u00ae 202 on suunniteltu 60 x 60 cm terapiatasolla ja kolmella sivulla olevalla kaiteella paikalliseen k\u00e4ytt\u00f6\u00f6n.<\/p>\n<ul>\n<li>Terapiapinta-ala 60 x 60 cm, muovipinnoitettu<\/li>\n<li>2 v\u00e4r\u00e4htelev\u00e4\u00e4 piiri\u00e4, yksi kaksoislukolla<\/li>\n<li>Ergonominen lukitusjatke 30 cm<\/li>\n<li>3-sivuinen kaide, kuljetuspy\u00f6r\u00e4t ja kaatumisestoppari<\/li>\n<li>Interventioveto karabiineilla, kahva ja lenkit<\/li>\n<li>Mitat K 1143 x L 900 x S 855 mm<\/li>\n<li>Maksimikuormitus 180 kg, kokonaispaino 42 kg<\/li>\n<li>V\u00e4ri hopea\/musta\/punainen, l\u00e4\u00e4kinn\u00e4llinen laite luokka I<\/li>\n<\/ul>\n<p><a href=\"https:\/\/staging.bioswing.ee\/wp-content\/uploads\/2025\/02\/Posturomed_FI.pdf\" target=\"_blank\" rel=\"noopener\">POSTUROMED-TERAPIAHARJOITUKSET (pdf)<\/a><\/p>\n","protected":false},"featured_media":14205,"template":"","meta":[],"product_brand":[],"product_cat":[850],"product_tag":[],"class_list":{"0":"post-15743","1":"product","2":"type-product","3":"status-publish","4":"has-post-thumbnail","6":"product_cat-posturomed-fi","8":"first","9":"instock","10":"taxable","11":"shipping-taxable","12":"purchasable","13":"product-type-simple"},"yoast_head":"<!-- This site is optimized with the Yoast SEO plugin v27.1.1 - https:\/\/yoast.com\/product\/yoast-seo-wordpress\/ -->\n<title>BIOSWING\u00ae Posturomed\u00ae 202 - BIOSWING<\/title>\n<meta name=\"robots\" content=\"noindex, follow, max-snippet:-1, max-image-preview:large, max-video-preview:-1\" \/>\n<meta property=\"og:locale\" content=\"fi_FI\" \/>\n<meta property=\"og:type\" content=\"article\" \/>\n<meta property=\"og:title\" content=\"BIOSWING\u00ae Posturomed\u00ae 202 - BIOSWING\" \/>\n<meta property=\"og:description\" content=\"BIOSWING Posturomed\u00ae 202 on suunniteltu 60 x 60 cm terapiatasolla ja kolmella sivulla olevalla kaiteella paikalliseen k\u00e4ytt\u00f6\u00f6n.    Terapiapinta-ala 60 x 60 cm, muovipinnoitettu  2 v\u00e4r\u00e4htelev\u00e4\u00e4 piiri\u00e4, yksi kaksoislukolla  Ergonominen lukitusjatke 30 cm  3-sivuinen kaide, kuljetuspy\u00f6r\u00e4t ja kaatumisestoppari  Interventioveto karabiineilla, kahva ja lenkit  Mitat K 1143 x L 900 x S 855 mm  Maksimikuormitus 180 kg, kokonaispaino 42 kg  V\u00e4ri hopea\/musta\/punainen, l\u00e4\u00e4kinn\u00e4llinen laite luokka I  POSTUROMED-TERAPIAHARJOITUKSET (pdf)\" \/>\n<meta property=\"og:url\" content=\"https:\/\/staging.bioswing.ee\/fi\/toode\/bioswing-posturomed-202\/\" \/>\n<meta property=\"og:site_name\" content=\"BIOSWING\" \/>\n<meta property=\"article:modified_time\" content=\"2025-02-05T15:52:20+00:00\" \/>\n<meta property=\"og:image\" content=\"https:\/\/bioswing.ee\/wp-content\/uploads\/2024\/11\/posturomed202.jpg\" \/>\n\t<meta property=\"og:image:width\" content=\"1500\" \/>\n\t<meta property=\"og:image:height\" content=\"2000\" \/>\n\t<meta property=\"og:image:type\" content=\"image\/jpeg\" \/>\n<meta name=\"twitter:card\" content=\"summary_large_image\" \/>\n<meta name=\"twitter:label1\" content=\"Arvioitu lukuaika\" \/>\n\t<meta name=\"twitter:data1\" content=\"1 minuutti\" \/>\n<script type=\"application\/ld+json\" class=\"yoast-schema-graph\">{\"@context\":\"https:\/\/schema.org\",\"@graph\":[{\"@type\":\"WebPage\",\"@id\":\"https:\/\/staging.bioswing.ee\/fi\/toode\/bioswing-posturomed-202\/\",\"url\":\"https:\/\/staging.bioswing.ee\/fi\/toode\/bioswing-posturomed-202\/\",\"name\":\"BIOSWING\u00ae Posturomed\u00ae 202 - BIOSWING\",\"isPartOf\":{\"@id\":\"https:\/\/staging.bioswing.ee\/fi\/#website\"},\"primaryImageOfPage\":{\"@id\":\"https:\/\/staging.bioswing.ee\/fi\/toode\/bioswing-posturomed-202\/#primaryimage\"},\"image\":{\"@id\":\"https:\/\/staging.bioswing.ee\/fi\/toode\/bioswing-posturomed-202\/#primaryimage\"},\"thumbnailUrl\":\"https:\/\/staging.bioswing.ee\/wp-content\/uploads\/2024\/11\/posturomed202.jpg\",\"datePublished\":\"2024-11-18T12:47:08+00:00\",\"dateModified\":\"2025-02-05T15:52:20+00:00\",\"breadcrumb\":{\"@id\":\"https:\/\/staging.bioswing.ee\/fi\/toode\/bioswing-posturomed-202\/#breadcrumb\"},\"inLanguage\":\"fi\",\"potentialAction\":[{\"@type\":\"ReadAction\",\"target\":[\"https:\/\/staging.bioswing.ee\/fi\/toode\/bioswing-posturomed-202\/\"]}]},{\"@type\":\"ImageObject\",\"inLanguage\":\"fi\",\"@id\":\"https:\/\/staging.bioswing.ee\/fi\/toode\/bioswing-posturomed-202\/#primaryimage\",\"url\":\"https:\/\/staging.bioswing.ee\/wp-content\/uploads\/2024\/11\/posturomed202.jpg\",\"contentUrl\":\"https:\/\/staging.bioswing.ee\/wp-content\/uploads\/2024\/11\/posturomed202.jpg\",\"width\":1500,\"height\":2000,\"caption\":\"BIOSWING\u00ae Posturomed\u00ae 202\"},{\"@type\":\"BreadcrumbList\",\"@id\":\"https:\/\/staging.bioswing.ee\/fi\/toode\/bioswing-posturomed-202\/#breadcrumb\",\"itemListElement\":[{\"@type\":\"ListItem\",\"position\":1,\"name\":\"Home\",\"item\":\"https:\/\/bioswing.ee\/fi\/\"},{\"@type\":\"ListItem\",\"position\":2,\"name\":\"Shop\",\"item\":\"https:\/\/bioswing.ee\/fi\/shop-2\/\"},{\"@type\":\"ListItem\",\"position\":3,\"name\":\"BIOSWING\u00ae Posturomed\u00ae 202\"}]},{\"@type\":\"WebSite\",\"@id\":\"https:\/\/staging.bioswing.ee\/fi\/#website\",\"url\":\"https:\/\/staging.bioswing.ee\/fi\/\",\"name\":\"BIOSWING\",\"description\":\"Smart solutions for healthy sitting\",\"publisher\":{\"@id\":\"https:\/\/staging.bioswing.ee\/fi\/#organization\"},\"potentialAction\":[{\"@type\":\"SearchAction\",\"target\":{\"@type\":\"EntryPoint\",\"urlTemplate\":\"https:\/\/staging.bioswing.ee\/fi\/?s={search_term_string}\"},\"query-input\":{\"@type\":\"PropertyValueSpecification\",\"valueRequired\":true,\"valueName\":\"search_term_string\"}}],\"inLanguage\":\"fi\"},{\"@type\":\"Organization\",\"@id\":\"https:\/\/staging.bioswing.ee\/fi\/#organization\",\"name\":\"BIOSWING\",\"url\":\"https:\/\/staging.bioswing.ee\/fi\/\",\"logo\":{\"@type\":\"ImageObject\",\"inLanguage\":\"fi\",\"@id\":\"https:\/\/staging.bioswing.ee\/fi\/#\/schema\/logo\/image\/\",\"url\":\"https:\/\/staging.bioswing.ee\/wp-content\/uploads\/2023\/04\/logo_web.png\",\"contentUrl\":\"https:\/\/staging.bioswing.ee\/wp-content\/uploads\/2023\/04\/logo_web.png\",\"width\":140,\"height\":122,\"caption\":\"BIOSWING\"},\"image\":{\"@id\":\"https:\/\/staging.bioswing.ee\/fi\/#\/schema\/logo\/image\/\"}}]}<\/script>\n<!-- \/ Yoast SEO plugin. -->","yoast_head_json":{"title":"BIOSWING\u00ae Posturomed\u00ae 202 - BIOSWING","robots":{"index":"noindex","follow":"follow","max-snippet":"max-snippet:-1","max-image-preview":"max-image-preview:large","max-video-preview":"max-video-preview:-1"},"og_locale":"fi_FI","og_type":"article","og_title":"BIOSWING\u00ae Posturomed\u00ae 202 - BIOSWING","og_description":"BIOSWING Posturomed\u00ae 202 on suunniteltu 60 x 60 cm terapiatasolla ja kolmella sivulla olevalla kaiteella paikalliseen k\u00e4ytt\u00f6\u00f6n.    Terapiapinta-ala 60 x 60 cm, muovipinnoitettu  2 v\u00e4r\u00e4htelev\u00e4\u00e4 piiri\u00e4, yksi kaksoislukolla  Ergonominen lukitusjatke 30 cm  3-sivuinen kaide, kuljetuspy\u00f6r\u00e4t ja kaatumisestoppari  Interventioveto karabiineilla, kahva ja lenkit  Mitat K 1143 x L 900 x S 855 mm  Maksimikuormitus 180 kg, kokonaispaino 42 kg  V\u00e4ri hopea\/musta\/punainen, l\u00e4\u00e4kinn\u00e4llinen laite luokka I  POSTUROMED-TERAPIAHARJOITUKSET (pdf)","og_url":"https:\/\/staging.bioswing.ee\/fi\/toode\/bioswing-posturomed-202\/","og_site_name":"BIOSWING","article_modified_time":"2025-02-05T15:52:20+00:00","og_image":[{"width":1500,"height":2000,"url":"https:\/\/bioswing.ee\/wp-content\/uploads\/2024\/11\/posturomed202.jpg","type":"image\/jpeg"}],"twitter_card":"summary_large_image","twitter_misc":{"Arvioitu lukuaika":"1 minuutti"},"schema":{"@context":"https:\/\/schema.org","@graph":[{"@type":"WebPage","@id":"https:\/\/staging.bioswing.ee\/fi\/toode\/bioswing-posturomed-202\/","url":"https:\/\/staging.bioswing.ee\/fi\/toode\/bioswing-posturomed-202\/","name":"BIOSWING\u00ae Posturomed\u00ae 202 - BIOSWING","isPartOf":{"@id":"https:\/\/staging.bioswing.ee\/fi\/#website"},"primaryImageOfPage":{"@id":"https:\/\/staging.bioswing.ee\/fi\/toode\/bioswing-posturomed-202\/#primaryimage"},"image":{"@id":"https:\/\/staging.bioswing.ee\/fi\/toode\/bioswing-posturomed-202\/#primaryimage"},"thumbnailUrl":"https:\/\/staging.bioswing.ee\/wp-content\/uploads\/2024\/11\/posturomed202.jpg","datePublished":"2024-11-18T12:47:08+00:00","dateModified":"2025-02-05T15:52:20+00:00","breadcrumb":{"@id":"https:\/\/staging.bioswing.ee\/fi\/toode\/bioswing-posturomed-202\/#breadcrumb"},"inLanguage":"fi","potentialAction":[{"@type":"ReadAction","target":["https:\/\/staging.bioswing.ee\/fi\/toode\/bioswing-posturomed-202\/"]}]},{"@type":"ImageObject","inLanguage":"fi","@id":"https:\/\/staging.bioswing.ee\/fi\/toode\/bioswing-posturomed-202\/#primaryimage","url":"https:\/\/staging.bioswing.ee\/wp-content\/uploads\/2024\/11\/posturomed202.jpg","contentUrl":"https:\/\/staging.bioswing.ee\/wp-content\/uploads\/2024\/11\/posturomed202.jpg","width":1500,"height":2000,"caption":"BIOSWING\u00ae Posturomed\u00ae 202"},{"@type":"BreadcrumbList","@id":"https:\/\/staging.bioswing.ee\/fi\/toode\/bioswing-posturomed-202\/#breadcrumb","itemListElement":[{"@type":"ListItem","position":1,"name":"Home","item":"https:\/\/bioswing.ee\/fi\/"},{"@type":"ListItem","position":2,"name":"Shop","item":"https:\/\/bioswing.ee\/fi\/shop-2\/"},{"@type":"ListItem","position":3,"name":"BIOSWING\u00ae Posturomed\u00ae 202"}]},{"@type":"WebSite","@id":"https:\/\/staging.bioswing.ee\/fi\/#website","url":"https:\/\/staging.bioswing.ee\/fi\/","name":"BIOSWING","description":"Smart solutions for healthy sitting","publisher":{"@id":"https:\/\/staging.bioswing.ee\/fi\/#organization"},"potentialAction":[{"@type":"SearchAction","target":{"@type":"EntryPoint","urlTemplate":"https:\/\/staging.bioswing.ee\/fi\/?s={search_term_string}"},"query-input":{"@type":"PropertyValueSpecification","valueRequired":true,"valueName":"search_term_string"}}],"inLanguage":"fi"},{"@type":"Organization","@id":"https:\/\/staging.bioswing.ee\/fi\/#organization","name":"BIOSWING","url":"https:\/\/staging.bioswing.ee\/fi\/","logo":{"@type":"ImageObject","inLanguage":"fi","@id":"https:\/\/staging.bioswing.ee\/fi\/#\/schema\/logo\/image\/","url":"https:\/\/staging.bioswing.ee\/wp-content\/uploads\/2023\/04\/logo_web.png","contentUrl":"https:\/\/staging.bioswing.ee\/wp-content\/uploads\/2023\/04\/logo_web.png","width":140,"height":122,"caption":"BIOSWING"},"image":{"@id":"https:\/\/staging.bioswing.ee\/fi\/#\/schema\/logo\/image\/"}}]}},"_links":{"self":[{"href":"https:\/\/staging.bioswing.ee\/fi\/wp-json\/wp\/v2\/product\/15743","targetHints":{"allow":["GET"]}}],"collection":[{"href":"https:\/\/staging.bioswing.ee\/fi\/wp-json\/wp\/v2\/product"}],"about":[{"href":"https:\/\/staging.bioswing.ee\/fi\/wp-json\/wp\/v2\/types\/product"}],"wp:featuredmedia":[{"embeddable":true,"href":"https:\/\/staging.bioswing.ee\/fi\/wp-json\/wp\/v2\/media\/14205"}],"wp:attachment":[{"href":"https:\/\/staging.bioswing.ee\/fi\/wp-json\/wp\/v2\/media?parent=15743"}],"wp:term":[{"taxonomy":"product_brand","embeddable":true,"href":"https:\/\/staging.bioswing.ee\/fi\/wp-json\/wp\/v2\/product_brand?post=15743"},{"taxonomy":"product_cat","embeddable":true,"href":"https:\/\/staging.bioswing.ee\/fi\/wp-json\/wp\/v2\/product_cat?post=15743"},{"taxonomy":"product_tag","embeddable":true,"href":"https:\/\/staging.bioswing.ee\/fi\/wp-json\/wp\/v2\/product_tag?post=15743"}],"curies":[{"name":"wp","href":"https:\/\/api.w.org\/{rel}","templated":true}]}}