{"id":18900,"date":"2024-12-02T09:13:45","date_gmt":"2024-12-02T09:13:45","guid":{"rendered":"https:\/\/staging.bioswing.ee\/toode\/bioswing-golf-performer-3-0\/"},"modified":"2024-12-05T10:09:27","modified_gmt":"2024-12-05T10:09:27","slug":"bioswing-golf-performer-3-0","status":"publish","type":"product","link":"https:\/\/staging.bioswing.ee\/fi\/toode\/bioswing-golf-performer-3-0\/","title":{"rendered":"BIOSWING\u00ae Golf Performer 3.0"},"content":{"rendered":"<div><iframe title=\"YouTube video player\" src=\"https:\/\/www.youtube.com\/embed\/VqFnX6sJnwY?si=Bfao19Eqq8l6ZFmY\" width=\"100%\" height=\"500\" frameborder=\"0\" allowfullscreen=\"allowfullscreen\"><\/iframe><\/div>\n<p><strong>Heilurimekanismi<\/strong><br \/>T\u00e4m\u00e4 on BIOSWING\u00ae Golf Performer -laitteen ydin. Mekanismi varmistaa, ett\u00e4 seisoma-alusta on dynaamisesti asennettu, ja siin\u00e4 on kaksi erikseen p\u00e4\u00e4lle ja pois kytkett\u00e4v\u00e4\u00e4 heiluripiiri\u00e4 sek\u00e4 v\u00e4liosa. Heiluripiirit voidaan tarvittaessa my\u00f6s pys\u00e4ytt\u00e4\u00e4 kokonaan.<\/p>\n<p><strong>Seisoma-alusta<\/strong><br \/>BIOSWING\u00ae Golf Performer -laitteen seisoma-alusta on p\u00e4\u00e4llystetty korkealaatuisella golfmatolla, joka on valmistettu keinotekoisesta nylonruohosta. Matto soveltuu kaikille tavallisille golfkengille, joissa on pehme\u00e4t piikit tai muoviset nastat. Alustan kallistuskulmaa voidaan s\u00e4\u00e4t\u00e4\u00e4 kahdessa asennossa kaikilla nelj\u00e4ll\u00e4 akselilla, jopa 7,5\u00b0, mik\u00e4 mahdollistaa optimaalisen rinneharjoittelun sek\u00e4 kiinte\u00e4ll\u00e4 ett\u00e4 vapaasti heiluvalla alustalla.<\/p>\n<p><strong>Tii-alusta<\/strong><br \/>Tii-alusta on varustettu laadukkaalla fairway-maton osalla, joka v\u00e4hent\u00e4\u00e4 mailan t\u00e4rin\u00e4\u00e4 huonosti osuvissa ly\u00f6nneiss\u00e4 (fat shots). Matossa on viisi upotettua pidikett\u00e4 kierrett\u00e4ville tiille. Tii-alustan korkeutta voidaan s\u00e4\u00e4t\u00e4\u00e4 portaattomasti \u2013 sek\u00e4 nostaa ett\u00e4 laskea tarpeen mukaan. Lis\u00e4ksi et\u00e4isyytt\u00e4 tii-alustasta seisoma-alustalle voidaan muuttaa, jotta niin lyhyet kuin pitk\u00e4tkin pelaajat voivat l\u00f6yt\u00e4\u00e4 itselleen t\u00e4ydellisen asennon, riippumatta siit\u00e4, k\u00e4ytet\u00e4\u00e4nk\u00f6 lyhyit\u00e4 rautoja tai pitki\u00e4 draivereita. Iso pallokori on kiinnitetty suoraan fairway-maton yhteyteen, jolloin pallo voidaan nostaa mailalla. Lis\u00e4ksi on pidike, johon mahtuu jopa nelj\u00e4 tiit\u00e4.<\/p>\n<p><strong>Alusrakenne<\/strong><br \/>Alusrakenne tukee koko BIOSWING\u00ae Golf Performer -laitetta ja on varustettu pneumaattisilla renkailla. T\u00e4m\u00e4 mahdollistaa laitteen siirt\u00e4misen driving rangelle kiinte\u00e4n kahvan avulla.<br \/>S\u00e4\u00e4dett\u00e4vien jalkojen ansiosta renkaiden takana laite voidaan my\u00f6s varastoida pystyasennossa sein\u00e4\u00e4 vasten.           <\/p>\n","protected":false},"excerpt":{"rendered":"<p>BIOSWING\u00ae Golf Performer on sensomotorinen harjoituslaite, joka on suunniteltu golfille tyypillisten liikeratojen harjoitteluun, mukaan lukien pitk\u00e4t ja lyhyet ly\u00f6nnit sek\u00e4 rinteist\u00e4 pelaaminen. Se tarjoaa kehittynytt\u00e4 sensorista palautetta.<br \/>Golf Performer perustuu BIOSWING\u00ae Posturomed -laitteeseen. BIOSWING Posturomed\u00ae lanseerattiin vuonna 1995 ensimm\u00e4isen\u00e4 sensomotorisena terapialaitteena, jossa oli vaimennettu ja ep\u00e4vakaa heiluriliike. Kehitys alkoi jo 1980-luvun lopulla tiiviiss\u00e4 yhteisty\u00f6ss\u00e4 yrityksen perustajan Eduard Haiderin, k\u00e4yt\u00e4nn\u00f6n ja tutkimuksen parissa ty\u00f6skentelevien fysioterapeuttien sek\u00e4 l\u00e4\u00e4ketieteen asiantuntijoiden kanssa.   <\/p>\n","protected":false},"featured_media":18846,"template":"","meta":[],"product_brand":[],"product_cat":[929],"product_tag":[],"class_list":{"0":"post-18900","1":"product","2":"type-product","3":"status-publish","4":"has-post-thumbnail","6":"product_cat-golf-performer-fi","8":"first","9":"instock","10":"taxable","11":"shipping-taxable","12":"purchasable","13":"product-type-simple"},"yoast_head":"<!-- This site is optimized with the Yoast SEO plugin v27.1.1 - https:\/\/yoast.com\/product\/yoast-seo-wordpress\/ -->\n<title>BIOSWING\u00ae Golf Performer 3.0 - BIOSWING<\/title>\n<meta name=\"robots\" content=\"noindex, follow, max-snippet:-1, max-image-preview:large, max-video-preview:-1\" \/>\n<meta property=\"og:locale\" content=\"fi_FI\" \/>\n<meta property=\"og:type\" content=\"article\" \/>\n<meta property=\"og:title\" content=\"BIOSWING\u00ae Golf Performer 3.0 - BIOSWING\" \/>\n<meta property=\"og:description\" content=\"BIOSWING\u00ae Golf Performer on sensomotorinen harjoituslaite, joka on suunniteltu golfille tyypillisten liikeratojen harjoitteluun, mukaan lukien pitk\u00e4t ja lyhyet ly\u00f6nnit sek\u00e4 rinteist\u00e4 pelaaminen. Se tarjoaa kehittynytt\u00e4 sensorista palautetta.Golf Performer perustuu BIOSWING\u00ae Posturomed -laitteeseen. BIOSWING Posturomed\u00ae lanseerattiin vuonna 1995 ensimm\u00e4isen\u00e4 sensomotorisena terapialaitteena, jossa oli vaimennettu ja ep\u00e4vakaa heiluriliike. Kehitys alkoi jo 1980-luvun lopulla tiiviiss\u00e4 yhteisty\u00f6ss\u00e4 yrityksen perustajan Eduard Haiderin, k\u00e4yt\u00e4nn\u00f6n ja tutkimuksen parissa ty\u00f6skentelevien fysioterapeuttien sek\u00e4 l\u00e4\u00e4ketieteen asiantuntijoiden kanssa.\" \/>\n<meta property=\"og:url\" content=\"https:\/\/staging.bioswing.ee\/fi\/toode\/bioswing-golf-performer-3-0\/\" \/>\n<meta property=\"og:site_name\" content=\"BIOSWING\" \/>\n<meta property=\"article:modified_time\" content=\"2024-12-05T10:09:27+00:00\" \/>\n<meta property=\"og:image\" content=\"https:\/\/bioswing.ee\/wp-content\/uploads\/2024\/12\/jon_taylor_perfomer_bearbeitet.jpg\" \/>\n\t<meta property=\"og:image:width\" content=\"1500\" \/>\n\t<meta property=\"og:image:height\" content=\"2000\" \/>\n\t<meta property=\"og:image:type\" content=\"image\/jpeg\" \/>\n<meta name=\"twitter:card\" content=\"summary_large_image\" \/>\n<meta name=\"twitter:label1\" content=\"Arvioitu lukuaika\" \/>\n\t<meta name=\"twitter:data1\" content=\"1 minuutti\" \/>\n<script type=\"application\/ld+json\" class=\"yoast-schema-graph\">{\"@context\":\"https:\/\/schema.org\",\"@graph\":[{\"@type\":\"WebPage\",\"@id\":\"https:\/\/staging.bioswing.ee\/fi\/toode\/bioswing-golf-performer-3-0\/\",\"url\":\"https:\/\/staging.bioswing.ee\/fi\/toode\/bioswing-golf-performer-3-0\/\",\"name\":\"BIOSWING\u00ae Golf Performer 3.0 - BIOSWING\",\"isPartOf\":{\"@id\":\"https:\/\/staging.bioswing.ee\/fi\/#website\"},\"primaryImageOfPage\":{\"@id\":\"https:\/\/staging.bioswing.ee\/fi\/toode\/bioswing-golf-performer-3-0\/#primaryimage\"},\"image\":{\"@id\":\"https:\/\/staging.bioswing.ee\/fi\/toode\/bioswing-golf-performer-3-0\/#primaryimage\"},\"thumbnailUrl\":\"https:\/\/staging.bioswing.ee\/wp-content\/uploads\/2024\/12\/jon_taylor_perfomer_bearbeitet.jpg\",\"datePublished\":\"2024-12-02T09:13:45+00:00\",\"dateModified\":\"2024-12-05T10:09:27+00:00\",\"breadcrumb\":{\"@id\":\"https:\/\/staging.bioswing.ee\/fi\/toode\/bioswing-golf-performer-3-0\/#breadcrumb\"},\"inLanguage\":\"fi\",\"potentialAction\":[{\"@type\":\"ReadAction\",\"target\":[\"https:\/\/staging.bioswing.ee\/fi\/toode\/bioswing-golf-performer-3-0\/\"]}]},{\"@type\":\"ImageObject\",\"inLanguage\":\"fi\",\"@id\":\"https:\/\/staging.bioswing.ee\/fi\/toode\/bioswing-golf-performer-3-0\/#primaryimage\",\"url\":\"https:\/\/staging.bioswing.ee\/wp-content\/uploads\/2024\/12\/jon_taylor_perfomer_bearbeitet.jpg\",\"contentUrl\":\"https:\/\/staging.bioswing.ee\/wp-content\/uploads\/2024\/12\/jon_taylor_perfomer_bearbeitet.jpg\",\"width\":1500,\"height\":2000,\"caption\":\"BIOSWING\u00ae Golf Performer\"},{\"@type\":\"BreadcrumbList\",\"@id\":\"https:\/\/staging.bioswing.ee\/fi\/toode\/bioswing-golf-performer-3-0\/#breadcrumb\",\"itemListElement\":[{\"@type\":\"ListItem\",\"position\":1,\"name\":\"Home\",\"item\":\"https:\/\/bioswing.ee\/fi\/\"},{\"@type\":\"ListItem\",\"position\":2,\"name\":\"Shop\",\"item\":\"https:\/\/bioswing.ee\/fi\/shop-2\/\"},{\"@type\":\"ListItem\",\"position\":3,\"name\":\"BIOSWING\u00ae Golf Performer 3.0\"}]},{\"@type\":\"WebSite\",\"@id\":\"https:\/\/staging.bioswing.ee\/fi\/#website\",\"url\":\"https:\/\/staging.bioswing.ee\/fi\/\",\"name\":\"BIOSWING\",\"description\":\"Smart solutions for healthy sitting\",\"publisher\":{\"@id\":\"https:\/\/staging.bioswing.ee\/fi\/#organization\"},\"potentialAction\":[{\"@type\":\"SearchAction\",\"target\":{\"@type\":\"EntryPoint\",\"urlTemplate\":\"https:\/\/staging.bioswing.ee\/fi\/?s={search_term_string}\"},\"query-input\":{\"@type\":\"PropertyValueSpecification\",\"valueRequired\":true,\"valueName\":\"search_term_string\"}}],\"inLanguage\":\"fi\"},{\"@type\":\"Organization\",\"@id\":\"https:\/\/staging.bioswing.ee\/fi\/#organization\",\"name\":\"BIOSWING\",\"url\":\"https:\/\/staging.bioswing.ee\/fi\/\",\"logo\":{\"@type\":\"ImageObject\",\"inLanguage\":\"fi\",\"@id\":\"https:\/\/staging.bioswing.ee\/fi\/#\/schema\/logo\/image\/\",\"url\":\"https:\/\/staging.bioswing.ee\/wp-content\/uploads\/2023\/04\/logo_web.png\",\"contentUrl\":\"https:\/\/staging.bioswing.ee\/wp-content\/uploads\/2023\/04\/logo_web.png\",\"width\":140,\"height\":122,\"caption\":\"BIOSWING\"},\"image\":{\"@id\":\"https:\/\/staging.bioswing.ee\/fi\/#\/schema\/logo\/image\/\"}}]}<\/script>\n<!-- \/ Yoast SEO plugin. -->","yoast_head_json":{"title":"BIOSWING\u00ae Golf Performer 3.0 - BIOSWING","robots":{"index":"noindex","follow":"follow","max-snippet":"max-snippet:-1","max-image-preview":"max-image-preview:large","max-video-preview":"max-video-preview:-1"},"og_locale":"fi_FI","og_type":"article","og_title":"BIOSWING\u00ae Golf Performer 3.0 - BIOSWING","og_description":"BIOSWING\u00ae Golf Performer on sensomotorinen harjoituslaite, joka on suunniteltu golfille tyypillisten liikeratojen harjoitteluun, mukaan lukien pitk\u00e4t ja lyhyet ly\u00f6nnit sek\u00e4 rinteist\u00e4 pelaaminen. Se tarjoaa kehittynytt\u00e4 sensorista palautetta.Golf Performer perustuu BIOSWING\u00ae Posturomed -laitteeseen. BIOSWING Posturomed\u00ae lanseerattiin vuonna 1995 ensimm\u00e4isen\u00e4 sensomotorisena terapialaitteena, jossa oli vaimennettu ja ep\u00e4vakaa heiluriliike. Kehitys alkoi jo 1980-luvun lopulla tiiviiss\u00e4 yhteisty\u00f6ss\u00e4 yrityksen perustajan Eduard Haiderin, k\u00e4yt\u00e4nn\u00f6n ja tutkimuksen parissa ty\u00f6skentelevien fysioterapeuttien sek\u00e4 l\u00e4\u00e4ketieteen asiantuntijoiden kanssa.","og_url":"https:\/\/staging.bioswing.ee\/fi\/toode\/bioswing-golf-performer-3-0\/","og_site_name":"BIOSWING","article_modified_time":"2024-12-05T10:09:27+00:00","og_image":[{"width":1500,"height":2000,"url":"https:\/\/bioswing.ee\/wp-content\/uploads\/2024\/12\/jon_taylor_perfomer_bearbeitet.jpg","type":"image\/jpeg"}],"twitter_card":"summary_large_image","twitter_misc":{"Arvioitu lukuaika":"1 minuutti"},"schema":{"@context":"https:\/\/schema.org","@graph":[{"@type":"WebPage","@id":"https:\/\/staging.bioswing.ee\/fi\/toode\/bioswing-golf-performer-3-0\/","url":"https:\/\/staging.bioswing.ee\/fi\/toode\/bioswing-golf-performer-3-0\/","name":"BIOSWING\u00ae Golf Performer 3.0 - BIOSWING","isPartOf":{"@id":"https:\/\/staging.bioswing.ee\/fi\/#website"},"primaryImageOfPage":{"@id":"https:\/\/staging.bioswing.ee\/fi\/toode\/bioswing-golf-performer-3-0\/#primaryimage"},"image":{"@id":"https:\/\/staging.bioswing.ee\/fi\/toode\/bioswing-golf-performer-3-0\/#primaryimage"},"thumbnailUrl":"https:\/\/staging.bioswing.ee\/wp-content\/uploads\/2024\/12\/jon_taylor_perfomer_bearbeitet.jpg","datePublished":"2024-12-02T09:13:45+00:00","dateModified":"2024-12-05T10:09:27+00:00","breadcrumb":{"@id":"https:\/\/staging.bioswing.ee\/fi\/toode\/bioswing-golf-performer-3-0\/#breadcrumb"},"inLanguage":"fi","potentialAction":[{"@type":"ReadAction","target":["https:\/\/staging.bioswing.ee\/fi\/toode\/bioswing-golf-performer-3-0\/"]}]},{"@type":"ImageObject","inLanguage":"fi","@id":"https:\/\/staging.bioswing.ee\/fi\/toode\/bioswing-golf-performer-3-0\/#primaryimage","url":"https:\/\/staging.bioswing.ee\/wp-content\/uploads\/2024\/12\/jon_taylor_perfomer_bearbeitet.jpg","contentUrl":"https:\/\/staging.bioswing.ee\/wp-content\/uploads\/2024\/12\/jon_taylor_perfomer_bearbeitet.jpg","width":1500,"height":2000,"caption":"BIOSWING\u00ae Golf Performer"},{"@type":"BreadcrumbList","@id":"https:\/\/staging.bioswing.ee\/fi\/toode\/bioswing-golf-performer-3-0\/#breadcrumb","itemListElement":[{"@type":"ListItem","position":1,"name":"Home","item":"https:\/\/bioswing.ee\/fi\/"},{"@type":"ListItem","position":2,"name":"Shop","item":"https:\/\/bioswing.ee\/fi\/shop-2\/"},{"@type":"ListItem","position":3,"name":"BIOSWING\u00ae Golf Performer 3.0"}]},{"@type":"WebSite","@id":"https:\/\/staging.bioswing.ee\/fi\/#website","url":"https:\/\/staging.bioswing.ee\/fi\/","name":"BIOSWING","description":"Smart solutions for healthy sitting","publisher":{"@id":"https:\/\/staging.bioswing.ee\/fi\/#organization"},"potentialAction":[{"@type":"SearchAction","target":{"@type":"EntryPoint","urlTemplate":"https:\/\/staging.bioswing.ee\/fi\/?s={search_term_string}"},"query-input":{"@type":"PropertyValueSpecification","valueRequired":true,"valueName":"search_term_string"}}],"inLanguage":"fi"},{"@type":"Organization","@id":"https:\/\/staging.bioswing.ee\/fi\/#organization","name":"BIOSWING","url":"https:\/\/staging.bioswing.ee\/fi\/","logo":{"@type":"ImageObject","inLanguage":"fi","@id":"https:\/\/staging.bioswing.ee\/fi\/#\/schema\/logo\/image\/","url":"https:\/\/staging.bioswing.ee\/wp-content\/uploads\/2023\/04\/logo_web.png","contentUrl":"https:\/\/staging.bioswing.ee\/wp-content\/uploads\/2023\/04\/logo_web.png","width":140,"height":122,"caption":"BIOSWING"},"image":{"@id":"https:\/\/staging.bioswing.ee\/fi\/#\/schema\/logo\/image\/"}}]}},"_links":{"self":[{"href":"https:\/\/staging.bioswing.ee\/fi\/wp-json\/wp\/v2\/product\/18900","targetHints":{"allow":["GET"]}}],"collection":[{"href":"https:\/\/staging.bioswing.ee\/fi\/wp-json\/wp\/v2\/product"}],"about":[{"href":"https:\/\/staging.bioswing.ee\/fi\/wp-json\/wp\/v2\/types\/product"}],"wp:featuredmedia":[{"embeddable":true,"href":"https:\/\/staging.bioswing.ee\/fi\/wp-json\/wp\/v2\/media\/18846"}],"wp:attachment":[{"href":"https:\/\/staging.bioswing.ee\/fi\/wp-json\/wp\/v2\/media?parent=18900"}],"wp:term":[{"taxonomy":"product_brand","embeddable":true,"href":"https:\/\/staging.bioswing.ee\/fi\/wp-json\/wp\/v2\/product_brand?post=18900"},{"taxonomy":"product_cat","embeddable":true,"href":"https:\/\/staging.bioswing.ee\/fi\/wp-json\/wp\/v2\/product_cat?post=18900"},{"taxonomy":"product_tag","embeddable":true,"href":"https:\/\/staging.bioswing.ee\/fi\/wp-json\/wp\/v2\/product_tag?post=18900"}],"curies":[{"name":"wp","href":"https:\/\/api.w.org\/{rel}","templated":true}]}}