{"id":20028,"date":"2024-12-03T11:34:12","date_gmt":"2024-12-03T11:34:12","guid":{"rendered":"https:\/\/staging.bioswing.ee\/toode\/bioswing-balancecoach-iq\/"},"modified":"2024-12-10T10:57:23","modified_gmt":"2024-12-10T10:57:23","slug":"bioswing-balancecoach-iq","status":"publish","type":"product","link":"https:\/\/staging.bioswing.ee\/fi\/toode\/bioswing-balancecoach-iq\/","title":{"rendered":"BIOSWING BalanceCoach iQ"},"content":{"rendered":"<p>J\u00e4rjestelm\u00e4 toimitetaan t\u00e4ysin valmiina ja se on helppo ja nopea asentaa. Jo valmiiksi koottuun Posturomed\u00ae 202 -laitteeseen asetetaan paineenjakaumamittauslevy ja yhdistet\u00e4\u00e4n jalustaan.  <strong>Komponentit:<\/strong><\/p>\n<ul>\n<li>Jalusta<\/li>\n<li>32 tuuman n\u00e4ytt\u00f6<\/li>\n<li>3D-kamera<\/li>\n<li>Tehokas sis\u00e4\u00e4nrakennettu tietokone<\/li>\n<li>Mittauslevy<\/li>\n<li>Posturomed\u00ae<\/li>\n<\/ul>\n<p> Mittausarvot voidaan vied\u00e4 ulos QR-koodin avulla.<br \/><strong>BALANCECOACH iQ<\/strong> -sovelluksen avulla harjoittelun edistymist\u00e4 voidaan tallentaa ja dokumentoida.<br \/>Zebris\u00ae-paineenjakaumamittauslevy on erityisesti sovitettu Posturomed\u00ae-laitteeseen. Se on selke\u00e4sti jaettu keskusharjoittelualueeseen sek\u00e4 navigointialueisiin oikealla ja vasemmalla.    <strong>Tekniset tiedot:<\/strong><\/p>\n<ul>\n<li><strong>Mitat:<\/strong> 60 x 60 x 1.6 cm<\/li>\n<li><strong>Antureiden m\u00e4\u00e4r\u00e4:<\/strong> 672<\/li>\n<li><strong>N\u00e4ytteenottotaajuus:<\/strong> 100 Hz<\/li>\n<li><strong>Mittausperiaate: <\/strong>Kapasitiiviset paineanturit<\/li>\n<li><strong>Liit\u00e4nt\u00e4:<\/strong> USB<\/li>\n<\/ul>\n<p> Posturomed\u00ae-harjoittelulaite sis\u00e4lt\u00e4\u00e4 harjoitusalustan, joka liikkuu kaikkiin vaakasuuntaisiin suuntiin ja jota voidaan s\u00e4\u00e4t\u00e4\u00e4 kolmessa tasossa (kiinte\u00e4 ja kaksi v\u00e4r\u00e4htelyamplitudia).<br \/>Paineenjakaumamittauslevy asetetaan t\u00e4ysin koottuun Posturomed\u00ae-laitteeseen ja yhdistet\u00e4\u00e4n jalustaan. Ainoa asennusvaatimus on varmistaa, ett\u00e4 jalusta sijoitetaan eteenp\u00e4in suuntautuen 1,5 metrin p\u00e4\u00e4h\u00e4n. L\u00e4hes t\u00e4ysin valmiiksi varustetussa jalustassa tarvitsee vain kiinnitt\u00e4\u00e4 paneelit ja ripustaa n\u00e4ytt\u00f6 paikalleen \u2013 valmista!<br \/><strong>Tilantarve:<\/strong> Noin 2,50 x 1,00 metri\u00e4   <\/p>\n","protected":false},"excerpt":{"rendered":"<p>Vuodesta 1995 l\u00e4htien BIOSWING Posturomed\u00ae on ollut tae sensomotorisen ennaltaehk\u00e4isyn ja harjoittelun menestykselle. 25-vuotisjuhlan kunniaksi esittelemme Posturomed\u00ae-laitteelle uuden valmentajan: <strong>BIOSWING BalanceCoach iQ<\/strong>!<br \/><strong>BIOSWING BalanceCoach iQ<\/strong> on ohjelmistopohjainen, \u00e4lyk\u00e4s harjoitteluj\u00e4rjestelm\u00e4, jossa on integroitu virtuaalivalmentaja.<br \/>Posturomed\u00ae-laitteella harjoittelevan liikkeiden laatua valvovat erityiset paineanturit harjoittelulevyll\u00e4, ja se esitet\u00e4\u00e4n graafisesti reaaliaikaisesti \u201epainekeski\u00f6n\u00e4\u201d (COP). Kameran avulla harjoittelija n\u00e4kee itsens\u00e4 edess\u00e4\u00e4n olevasta n\u00e4yt\u00f6st\u00e4 ja saa v\u00e4lit\u00f6nt\u00e4 visuaalista palautetta harjoituksen suorittamisesta. Lis\u00e4ksi harjoittelija n\u00e4kee virtuaalivalmentajansa, joka n\u00e4ytt\u00e4\u00e4 harjoitukset, joita h\u00e4nen tulisi suorittaa samanaikaisesti. Jokainen n\u00e4ist\u00e4 koordinaatioharjoituksista on yksil\u00f6llisesti r\u00e4\u00e4t\u00e4l\u00f6ity harjoittelijan tasolle optimaalisen harjoitushaasteen takaamiseksi.<br \/>N\u00e4in BalanceCoach iQ on ihanteellinen koordinaatiovalmentaja terveys-, ennaltaehk\u00e4isy-, kuntoilu-, urheilu- ja hyvinvointilaitoksiin.       <iframe width=\"100%\" height=\"315\" src=\"https:\/\/www.youtube.com\/embed\/s86k6aLgLfA?si=y-lqt7T4qBL3w59i\" title=\"YouTube video player\" frameborder=\"0\" allow=\"accelerometer; autoplay; clipboard-write; encrypted-media; gyroscope; picture-in-picture; web-share\" referrerpolicy=\"strict-origin-when-cross-origin\" allowfullscreen=\"\"><\/iframe><\/p>\n<p><iframe width=\"100%\" height=\"315\" src=\"https:\/\/www.youtube.com\/embed\/csY_Mt0uEZM?si=2nhhzGhK8-J4Bx1T\" title=\"YouTube video player\" frameborder=\"0\" allow=\"accelerometer; autoplay; clipboard-write; encrypted-media; gyroscope; picture-in-picture; web-share\" referrerpolicy=\"strict-origin-when-cross-origin\" allowfullscreen=\"\"><\/iframe><\/p>\n","protected":false},"featured_media":19530,"template":"","meta":[],"product_brand":[],"product_cat":[1016],"product_tag":[],"class_list":{"0":"post-20028","1":"product","2":"type-product","3":"status-publish","4":"has-post-thumbnail","6":"product_cat-balancecoach-fi","8":"first","9":"instock","10":"taxable","11":"shipping-taxable","12":"purchasable","13":"product-type-simple"},"yoast_head":"<!-- This site is optimized with the Yoast SEO plugin v27.1.1 - https:\/\/yoast.com\/product\/yoast-seo-wordpress\/ -->\n<title>BIOSWING BalanceCoach iQ - BIOSWING<\/title>\n<meta name=\"robots\" content=\"noindex, follow, max-snippet:-1, max-image-preview:large, max-video-preview:-1\" \/>\n<meta property=\"og:locale\" content=\"fi_FI\" \/>\n<meta property=\"og:type\" content=\"article\" \/>\n<meta property=\"og:title\" content=\"BIOSWING BalanceCoach iQ - BIOSWING\" \/>\n<meta property=\"og:description\" content=\"Vuodesta 1995 l\u00e4htien BIOSWING Posturomed\u00ae on ollut tae sensomotorisen ennaltaehk\u00e4isyn ja harjoittelun menestykselle. 25-vuotisjuhlan kunniaksi esittelemme Posturomed\u00ae-laitteelle uuden valmentajan: BIOSWING BalanceCoach iQ!BIOSWING BalanceCoach iQ on ohjelmistopohjainen, \u00e4lyk\u00e4s harjoitteluj\u00e4rjestelm\u00e4, jossa on integroitu virtuaalivalmentaja.Posturomed\u00ae-laitteella harjoittelevan liikkeiden laatua valvovat erityiset paineanturit harjoittelulevyll\u00e4, ja se esitet\u00e4\u00e4n graafisesti reaaliaikaisesti \u201epainekeski\u00f6n\u00e4\u201d (COP). Kameran avulla harjoittelija n\u00e4kee itsens\u00e4 edess\u00e4\u00e4n olevasta n\u00e4yt\u00f6st\u00e4 ja saa v\u00e4lit\u00f6nt\u00e4 visuaalista palautetta harjoituksen suorittamisesta. Lis\u00e4ksi harjoittelija n\u00e4kee virtuaalivalmentajansa, joka n\u00e4ytt\u00e4\u00e4 harjoitukset, joita h\u00e4nen tulisi suorittaa samanaikaisesti. Jokainen n\u00e4ist\u00e4 koordinaatioharjoituksista on yksil\u00f6llisesti r\u00e4\u00e4t\u00e4l\u00f6ity harjoittelijan tasolle optimaalisen harjoitushaasteen takaamiseksi.N\u00e4in BalanceCoach iQ on ihanteellinen koordinaatiovalmentaja terveys-, ennaltaehk\u00e4isy-, kuntoilu-, urheilu- ja hyvinvointilaitoksiin.\" \/>\n<meta property=\"og:url\" content=\"https:\/\/staging.bioswing.ee\/fi\/toode\/bioswing-balancecoach-iq\/\" \/>\n<meta property=\"og:site_name\" content=\"BIOSWING\" \/>\n<meta property=\"article:modified_time\" content=\"2024-12-10T10:57:23+00:00\" \/>\n<meta property=\"og:image\" content=\"https:\/\/bioswing.ee\/wp-content\/uploads\/2024\/12\/BalanceCoach_iQ.jpg\" \/>\n\t<meta property=\"og:image:width\" content=\"900\" \/>\n\t<meta property=\"og:image:height\" content=\"1200\" \/>\n\t<meta property=\"og:image:type\" content=\"image\/jpeg\" \/>\n<meta name=\"twitter:card\" content=\"summary_large_image\" \/>\n<meta name=\"twitter:label1\" content=\"Arvioitu lukuaika\" \/>\n\t<meta name=\"twitter:data1\" content=\"2 minuuttia\" \/>\n<script type=\"application\/ld+json\" class=\"yoast-schema-graph\">{\"@context\":\"https:\/\/schema.org\",\"@graph\":[{\"@type\":\"WebPage\",\"@id\":\"https:\/\/staging.bioswing.ee\/fi\/toode\/bioswing-balancecoach-iq\/\",\"url\":\"https:\/\/staging.bioswing.ee\/fi\/toode\/bioswing-balancecoach-iq\/\",\"name\":\"BIOSWING BalanceCoach iQ - BIOSWING\",\"isPartOf\":{\"@id\":\"https:\/\/staging.bioswing.ee\/fi\/#website\"},\"primaryImageOfPage\":{\"@id\":\"https:\/\/staging.bioswing.ee\/fi\/toode\/bioswing-balancecoach-iq\/#primaryimage\"},\"image\":{\"@id\":\"https:\/\/staging.bioswing.ee\/fi\/toode\/bioswing-balancecoach-iq\/#primaryimage\"},\"thumbnailUrl\":\"https:\/\/staging.bioswing.ee\/wp-content\/uploads\/2024\/12\/BalanceCoach_iQ.jpg\",\"datePublished\":\"2024-12-03T11:34:12+00:00\",\"dateModified\":\"2024-12-10T10:57:23+00:00\",\"breadcrumb\":{\"@id\":\"https:\/\/staging.bioswing.ee\/fi\/toode\/bioswing-balancecoach-iq\/#breadcrumb\"},\"inLanguage\":\"fi\",\"potentialAction\":[{\"@type\":\"ReadAction\",\"target\":[\"https:\/\/staging.bioswing.ee\/fi\/toode\/bioswing-balancecoach-iq\/\"]}]},{\"@type\":\"ImageObject\",\"inLanguage\":\"fi\",\"@id\":\"https:\/\/staging.bioswing.ee\/fi\/toode\/bioswing-balancecoach-iq\/#primaryimage\",\"url\":\"https:\/\/staging.bioswing.ee\/wp-content\/uploads\/2024\/12\/BalanceCoach_iQ.jpg\",\"contentUrl\":\"https:\/\/staging.bioswing.ee\/wp-content\/uploads\/2024\/12\/BalanceCoach_iQ.jpg\",\"width\":900,\"height\":1200,\"caption\":\"BIOSWING BalanceCoach iQ\"},{\"@type\":\"BreadcrumbList\",\"@id\":\"https:\/\/staging.bioswing.ee\/fi\/toode\/bioswing-balancecoach-iq\/#breadcrumb\",\"itemListElement\":[{\"@type\":\"ListItem\",\"position\":1,\"name\":\"Home\",\"item\":\"https:\/\/bioswing.ee\/fi\/\"},{\"@type\":\"ListItem\",\"position\":2,\"name\":\"Shop\",\"item\":\"https:\/\/bioswing.ee\/fi\/shop-2\/\"},{\"@type\":\"ListItem\",\"position\":3,\"name\":\"BIOSWING BalanceCoach iQ\"}]},{\"@type\":\"WebSite\",\"@id\":\"https:\/\/staging.bioswing.ee\/fi\/#website\",\"url\":\"https:\/\/staging.bioswing.ee\/fi\/\",\"name\":\"BIOSWING\",\"description\":\"Smart solutions for healthy sitting\",\"publisher\":{\"@id\":\"https:\/\/staging.bioswing.ee\/fi\/#organization\"},\"potentialAction\":[{\"@type\":\"SearchAction\",\"target\":{\"@type\":\"EntryPoint\",\"urlTemplate\":\"https:\/\/staging.bioswing.ee\/fi\/?s={search_term_string}\"},\"query-input\":{\"@type\":\"PropertyValueSpecification\",\"valueRequired\":true,\"valueName\":\"search_term_string\"}}],\"inLanguage\":\"fi\"},{\"@type\":\"Organization\",\"@id\":\"https:\/\/staging.bioswing.ee\/fi\/#organization\",\"name\":\"BIOSWING\",\"url\":\"https:\/\/staging.bioswing.ee\/fi\/\",\"logo\":{\"@type\":\"ImageObject\",\"inLanguage\":\"fi\",\"@id\":\"https:\/\/staging.bioswing.ee\/fi\/#\/schema\/logo\/image\/\",\"url\":\"https:\/\/staging.bioswing.ee\/wp-content\/uploads\/2023\/04\/logo_web.png\",\"contentUrl\":\"https:\/\/staging.bioswing.ee\/wp-content\/uploads\/2023\/04\/logo_web.png\",\"width\":140,\"height\":122,\"caption\":\"BIOSWING\"},\"image\":{\"@id\":\"https:\/\/staging.bioswing.ee\/fi\/#\/schema\/logo\/image\/\"}}]}<\/script>\n<!-- \/ Yoast SEO plugin. -->","yoast_head_json":{"title":"BIOSWING BalanceCoach iQ - BIOSWING","robots":{"index":"noindex","follow":"follow","max-snippet":"max-snippet:-1","max-image-preview":"max-image-preview:large","max-video-preview":"max-video-preview:-1"},"og_locale":"fi_FI","og_type":"article","og_title":"BIOSWING BalanceCoach iQ - BIOSWING","og_description":"Vuodesta 1995 l\u00e4htien BIOSWING Posturomed\u00ae on ollut tae sensomotorisen ennaltaehk\u00e4isyn ja harjoittelun menestykselle. 25-vuotisjuhlan kunniaksi esittelemme Posturomed\u00ae-laitteelle uuden valmentajan: BIOSWING BalanceCoach iQ!BIOSWING BalanceCoach iQ on ohjelmistopohjainen, \u00e4lyk\u00e4s harjoitteluj\u00e4rjestelm\u00e4, jossa on integroitu virtuaalivalmentaja.Posturomed\u00ae-laitteella harjoittelevan liikkeiden laatua valvovat erityiset paineanturit harjoittelulevyll\u00e4, ja se esitet\u00e4\u00e4n graafisesti reaaliaikaisesti \u201epainekeski\u00f6n\u00e4\u201d (COP). Kameran avulla harjoittelija n\u00e4kee itsens\u00e4 edess\u00e4\u00e4n olevasta n\u00e4yt\u00f6st\u00e4 ja saa v\u00e4lit\u00f6nt\u00e4 visuaalista palautetta harjoituksen suorittamisesta. Lis\u00e4ksi harjoittelija n\u00e4kee virtuaalivalmentajansa, joka n\u00e4ytt\u00e4\u00e4 harjoitukset, joita h\u00e4nen tulisi suorittaa samanaikaisesti. Jokainen n\u00e4ist\u00e4 koordinaatioharjoituksista on yksil\u00f6llisesti r\u00e4\u00e4t\u00e4l\u00f6ity harjoittelijan tasolle optimaalisen harjoitushaasteen takaamiseksi.N\u00e4in BalanceCoach iQ on ihanteellinen koordinaatiovalmentaja terveys-, ennaltaehk\u00e4isy-, kuntoilu-, urheilu- ja hyvinvointilaitoksiin.","og_url":"https:\/\/staging.bioswing.ee\/fi\/toode\/bioswing-balancecoach-iq\/","og_site_name":"BIOSWING","article_modified_time":"2024-12-10T10:57:23+00:00","og_image":[{"width":900,"height":1200,"url":"https:\/\/bioswing.ee\/wp-content\/uploads\/2024\/12\/BalanceCoach_iQ.jpg","type":"image\/jpeg"}],"twitter_card":"summary_large_image","twitter_misc":{"Arvioitu lukuaika":"2 minuuttia"},"schema":{"@context":"https:\/\/schema.org","@graph":[{"@type":"WebPage","@id":"https:\/\/staging.bioswing.ee\/fi\/toode\/bioswing-balancecoach-iq\/","url":"https:\/\/staging.bioswing.ee\/fi\/toode\/bioswing-balancecoach-iq\/","name":"BIOSWING BalanceCoach iQ - BIOSWING","isPartOf":{"@id":"https:\/\/staging.bioswing.ee\/fi\/#website"},"primaryImageOfPage":{"@id":"https:\/\/staging.bioswing.ee\/fi\/toode\/bioswing-balancecoach-iq\/#primaryimage"},"image":{"@id":"https:\/\/staging.bioswing.ee\/fi\/toode\/bioswing-balancecoach-iq\/#primaryimage"},"thumbnailUrl":"https:\/\/staging.bioswing.ee\/wp-content\/uploads\/2024\/12\/BalanceCoach_iQ.jpg","datePublished":"2024-12-03T11:34:12+00:00","dateModified":"2024-12-10T10:57:23+00:00","breadcrumb":{"@id":"https:\/\/staging.bioswing.ee\/fi\/toode\/bioswing-balancecoach-iq\/#breadcrumb"},"inLanguage":"fi","potentialAction":[{"@type":"ReadAction","target":["https:\/\/staging.bioswing.ee\/fi\/toode\/bioswing-balancecoach-iq\/"]}]},{"@type":"ImageObject","inLanguage":"fi","@id":"https:\/\/staging.bioswing.ee\/fi\/toode\/bioswing-balancecoach-iq\/#primaryimage","url":"https:\/\/staging.bioswing.ee\/wp-content\/uploads\/2024\/12\/BalanceCoach_iQ.jpg","contentUrl":"https:\/\/staging.bioswing.ee\/wp-content\/uploads\/2024\/12\/BalanceCoach_iQ.jpg","width":900,"height":1200,"caption":"BIOSWING BalanceCoach iQ"},{"@type":"BreadcrumbList","@id":"https:\/\/staging.bioswing.ee\/fi\/toode\/bioswing-balancecoach-iq\/#breadcrumb","itemListElement":[{"@type":"ListItem","position":1,"name":"Home","item":"https:\/\/bioswing.ee\/fi\/"},{"@type":"ListItem","position":2,"name":"Shop","item":"https:\/\/bioswing.ee\/fi\/shop-2\/"},{"@type":"ListItem","position":3,"name":"BIOSWING BalanceCoach iQ"}]},{"@type":"WebSite","@id":"https:\/\/staging.bioswing.ee\/fi\/#website","url":"https:\/\/staging.bioswing.ee\/fi\/","name":"BIOSWING","description":"Smart solutions for healthy sitting","publisher":{"@id":"https:\/\/staging.bioswing.ee\/fi\/#organization"},"potentialAction":[{"@type":"SearchAction","target":{"@type":"EntryPoint","urlTemplate":"https:\/\/staging.bioswing.ee\/fi\/?s={search_term_string}"},"query-input":{"@type":"PropertyValueSpecification","valueRequired":true,"valueName":"search_term_string"}}],"inLanguage":"fi"},{"@type":"Organization","@id":"https:\/\/staging.bioswing.ee\/fi\/#organization","name":"BIOSWING","url":"https:\/\/staging.bioswing.ee\/fi\/","logo":{"@type":"ImageObject","inLanguage":"fi","@id":"https:\/\/staging.bioswing.ee\/fi\/#\/schema\/logo\/image\/","url":"https:\/\/staging.bioswing.ee\/wp-content\/uploads\/2023\/04\/logo_web.png","contentUrl":"https:\/\/staging.bioswing.ee\/wp-content\/uploads\/2023\/04\/logo_web.png","width":140,"height":122,"caption":"BIOSWING"},"image":{"@id":"https:\/\/staging.bioswing.ee\/fi\/#\/schema\/logo\/image\/"}}]}},"_links":{"self":[{"href":"https:\/\/staging.bioswing.ee\/fi\/wp-json\/wp\/v2\/product\/20028","targetHints":{"allow":["GET"]}}],"collection":[{"href":"https:\/\/staging.bioswing.ee\/fi\/wp-json\/wp\/v2\/product"}],"about":[{"href":"https:\/\/staging.bioswing.ee\/fi\/wp-json\/wp\/v2\/types\/product"}],"wp:featuredmedia":[{"embeddable":true,"href":"https:\/\/staging.bioswing.ee\/fi\/wp-json\/wp\/v2\/media\/19530"}],"wp:attachment":[{"href":"https:\/\/staging.bioswing.ee\/fi\/wp-json\/wp\/v2\/media?parent=20028"}],"wp:term":[{"taxonomy":"product_brand","embeddable":true,"href":"https:\/\/staging.bioswing.ee\/fi\/wp-json\/wp\/v2\/product_brand?post=20028"},{"taxonomy":"product_cat","embeddable":true,"href":"https:\/\/staging.bioswing.ee\/fi\/wp-json\/wp\/v2\/product_cat?post=20028"},{"taxonomy":"product_tag","embeddable":true,"href":"https:\/\/staging.bioswing.ee\/fi\/wp-json\/wp\/v2\/product_tag?post=20028"}],"curies":[{"name":"wp","href":"https:\/\/api.w.org\/{rel}","templated":true}]}}