{"id":2245,"date":"2023-04-13T11:47:44","date_gmt":"2023-04-13T11:47:44","guid":{"rendered":"https:\/\/staging.bioswing.ee\/toode\/460-iq\/"},"modified":"2023-08-24T13:11:20","modified_gmt":"2023-08-24T13:11:20","slug":"460-iq","status":"publish","type":"product","link":"https:\/\/staging.bioswing.ee\/fi\/toode\/460-iq\/","title":{"rendered":"BIOSWING 460 iQ"},"content":{"rendered":"<h3>BIOSWING 460 iQ<\/h3>\n<ul>\n<li>Ergonominen py\u00f6riv\u00e4 toimistotuoli ortopedisell\u00e4 efektill\u00e4<\/li>\n<li>Sis\u00e4\u00e4n rakennettuna mukautuva 3D istuinmekanismi<\/li>\n<li>Synkronimekanismi yksil\u00f6llisell\u00e4 painons\u00e4\u00e4d\u00f6ll\u00e4 (hienos\u00e4\u00e4d\u00f6n lis\u00e4ksi)<\/li>\n<li>3D monipuolisesti s\u00e4\u00e4dett\u00e4v\u00e4t k\u00e4sinojat erilaisia ty\u00f6asentoja varten<\/li>\n<li>Yksil\u00f6llinen istuimen kallistuksen s\u00e4\u00e4t\u00f6 kaasujousella, sujuvasti s\u00e4\u00e4dett\u00e4viss\u00e4<\/li>\n<li>Lantion lis\u00e4vakautus<\/li>\n<li>Istumissyvyytt\u00e4 voi s\u00e4\u00e4t\u00e4\u00e4 jalkojen pituuden mukaan<\/li>\n<li>Pituudeltaan s\u00e4\u00e4dett\u00e4v\u00e4 selk\u00e4noja, lis\u00e4ksi ristisel\u00e4n tuki yksil\u00f6llisesti s\u00e4\u00e4dett\u00e4v\u00e4ll\u00e4 kaarevuudella<\/li>\n<li>3D niskatuki sujuvalla korkeuden, syvyyden ja kallistuksen s\u00e4\u00e4d\u00f6ll\u00e4<\/li>\n<li>Selk\u00e4nojan korkeus: 60 cm<\/li>\n<li>Kangasp\u00e4\u00e4llys: tikattu, eri v\u00e4rivaihtoehdot<\/li>\n<li>T\u00e4htijalka: Alumiini, kiillotettu<\/li>\n<\/ul>\n<p><iframe title=\"YouTube video player\" src=\"https:\/\/www.youtube.com\/embed\/Nnmzwdy52aQ\" width=\"100%\" height=\"450\" frameborder=\"0\" allowfullscreen=\"allowfullscreen\"><span data-mce-type=\"bookmark\" style=\"display: inline-block; width: 0px; overflow: hidden; line-height: 0;\" class=\"mce_SELRES_start\"><\/span><\/iframe><\/p>\n<p><iframe width=\"100%\" height=\"450\" src=\"https:\/\/www.youtube.com\/embed\/RdAkGYfQRU0?si=iZjPFPN7BfNfVNQH\" title=\"YouTube video player\" frameborder=\"0\" allow=\"accelerometer; autoplay; clipboard-write; encrypted-media; gyroscope; picture-in-picture; web-share\" allowfullscreen=\"\"><\/iframe><\/p>\n","protected":false},"excerpt":{"rendered":"<h4>Ty\u00f6h\u00f6n saattaa liitty\u00e4 kaikenlaisia teht\u00e4vi\u00e4. Kun ty\u00f6tuolia voi s\u00e4\u00e4t\u00e4\u00e4 yksil\u00f6lliseen tilanteeseen sopivammaksi, pysyt terveemp\u00e4n\u00e4 ja motivoituneempana my\u00f6s pitkien istumisjaksojen aikana.<\/h4>\n<p>On t\u00e4rke\u00e4\u00e4, ett\u00e4 tuoli <strong>huomioisi yksil\u00f6llisen anatomiasi<\/strong> ja tarjoaisi riitt\u00e4v\u00e4t muutos- ja s\u00e4\u00e4t\u00f6vaihtoehdot.<\/p>\n<p>T\u00e4rkeimm\u00e4t vaihtoehdot on esitetty alla.<\/p>\n<h4>BIOSWING 4 -sarjan ty\u00f6tuoli mukautuu ergonomisesti juuri sinun asentoosi sopivaksi.<\/h4>\n<p>4-sarja reagoi eri mekanismien ansiosta sek\u00e4 k\u00e4ytt\u00e4j\u00e4n jokaiseen liikkeeseen ett\u00e4 my\u00f6s tukee k\u00e4ytt\u00e4j\u00e4\u00e4 yksil\u00f6llisesti pitk\u00e4n p\u00e4iv\u00e4n aikana.<\/p>\n<p>Jos ty\u00f6h\u00f6si kuuluu runsaasti p\u00e4\u00e4tety\u00f6skentely\u00e4, n\u00e4pp\u00e4imist\u00f6n ja hiiren k\u00e4ytt\u00f6\u00e4, varmista, ett\u00e4 <strong>hartialihaksesi<\/strong> rentoutuvat <strong>s\u00e4\u00e4nn\u00f6llisesti<\/strong>. <strong>Yksil\u00f6llisesti s\u00e4\u00e4dett\u00e4v\u00e4<\/strong> <strong>k\u00e4sinojat<\/strong> tarjoavat t\u00e4ss\u00e4 oleellista tukea. 4-sarjan tuolit ovat saatavana eri versioita ja monet ergonomian asiantuntijamme voivat esitell\u00e4 sinulle noin 150 konsulttiyrityksess\u00e4 Saksassa, Sveitsiss\u00e4 ja It\u00e4vallassa.<\/p>\n<p><img decoding=\"async\" class=\"alignnone wp-image-916\" src=\"https:\/\/staging.bioswing.ee\/wp-content\/uploads\/2023\/04\/pdf.png\" alt=\"pdf\" width=\"19\" height=\"20\"> <a href=\"https:\/\/staging.bioswing.ee\/wp-content\/uploads\/2023\/04\/produktblatt_460_v02_EN.pdf\" target=\"_blank\" rel=\"noopener\">Lataa tuotekuvaus (PDF)<\/a><\/p>\n","protected":false},"featured_media":1130,"template":"","meta":[],"product_brand":[],"product_cat":[101,119],"product_tag":[],"class_list":{"0":"post-2245","1":"product","2":"type-product","3":"status-publish","4":"has-post-thumbnail","6":"product_cat-hallintotehtavat","7":"product_cat-toimisto-ja-kotitoimisto-fi","9":"first","10":"instock","11":"sale","12":"taxable","13":"shipping-taxable","14":"purchasable","15":"product-type-variable","16":"has-default-attributes"},"yoast_head":"<!-- This site is optimized with the Yoast SEO plugin v27.1.1 - https:\/\/yoast.com\/product\/yoast-seo-wordpress\/ -->\n<title>BIOSWING 460 iQ - BIOSWING<\/title>\n<meta name=\"robots\" content=\"noindex, follow, max-snippet:-1, max-image-preview:large, max-video-preview:-1\" \/>\n<meta property=\"og:locale\" content=\"fi_FI\" \/>\n<meta property=\"og:type\" content=\"article\" \/>\n<meta property=\"og:title\" content=\"BIOSWING 460 iQ - BIOSWING\" \/>\n<meta property=\"og:description\" content=\"Ty\u00f6h\u00f6n saattaa liitty\u00e4 kaikenlaisia teht\u00e4vi\u00e4. Kun ty\u00f6tuolia voi s\u00e4\u00e4t\u00e4\u00e4 yksil\u00f6lliseen tilanteeseen sopivammaksi, pysyt terveemp\u00e4n\u00e4 ja motivoituneempana my\u00f6s pitkien istumisjaksojen aikana. On t\u00e4rke\u00e4\u00e4, ett\u00e4 tuoli huomioisi yksil\u00f6llisen anatomiasi ja tarjoaisi riitt\u00e4v\u00e4t muutos- ja s\u00e4\u00e4t\u00f6vaihtoehdot. T\u00e4rkeimm\u00e4t vaihtoehdot on esitetty alla. BIOSWING 4 -sarjan ty\u00f6tuoli mukautuu ergonomisesti juuri sinun asentoosi sopivaksi. 4-sarja reagoi eri mekanismien ansiosta sek\u00e4 k\u00e4ytt\u00e4j\u00e4n jokaiseen liikkeeseen ett\u00e4 my\u00f6s tukee k\u00e4ytt\u00e4j\u00e4\u00e4 yksil\u00f6llisesti pitk\u00e4n p\u00e4iv\u00e4n aikana. Jos ty\u00f6h\u00f6si kuuluu runsaasti p\u00e4\u00e4tety\u00f6skentely\u00e4, n\u00e4pp\u00e4imist\u00f6n ja hiiren k\u00e4ytt\u00f6\u00e4, varmista, ett\u00e4 hartialihaksesi rentoutuvat s\u00e4\u00e4nn\u00f6llisesti. Yksil\u00f6llisesti s\u00e4\u00e4dett\u00e4v\u00e4 k\u00e4sinojat tarjoavat t\u00e4ss\u00e4 oleellista tukea. 4-sarjan tuolit ovat saatavana eri versioita ja monet ergonomian asiantuntijamme voivat esitell\u00e4 sinulle noin 150 konsulttiyrityksess\u00e4 Saksassa, Sveitsiss\u00e4 ja It\u00e4vallassa.  Lataa tuotekuvaus (PDF)\" \/>\n<meta property=\"og:url\" content=\"https:\/\/staging.bioswing.ee\/fi\/toode\/460-iq\/\" \/>\n<meta property=\"og:site_name\" content=\"BIOSWING\" \/>\n<meta property=\"article:modified_time\" content=\"2023-08-24T13:11:20+00:00\" \/>\n<meta property=\"og:image\" content=\"https:\/\/bioswing.ee\/wp-content\/uploads\/2023\/04\/460_IQ.jpg\" \/>\n\t<meta property=\"og:image:width\" content=\"1874\" \/>\n\t<meta property=\"og:image:height\" content=\"2500\" \/>\n\t<meta property=\"og:image:type\" content=\"image\/jpeg\" \/>\n<meta name=\"twitter:card\" content=\"summary_large_image\" \/>\n<meta name=\"twitter:label1\" content=\"Arvioitu lukuaika\" \/>\n\t<meta name=\"twitter:data1\" content=\"1 minuutti\" \/>\n<script type=\"application\/ld+json\" class=\"yoast-schema-graph\">{\"@context\":\"https:\/\/schema.org\",\"@graph\":[{\"@type\":\"WebPage\",\"@id\":\"https:\/\/staging.bioswing.ee\/fi\/toode\/460-iq\/\",\"url\":\"https:\/\/staging.bioswing.ee\/fi\/toode\/460-iq\/\",\"name\":\"BIOSWING 460 iQ - BIOSWING\",\"isPartOf\":{\"@id\":\"https:\/\/staging.bioswing.ee\/fi\/#website\"},\"primaryImageOfPage\":{\"@id\":\"https:\/\/staging.bioswing.ee\/fi\/toode\/460-iq\/#primaryimage\"},\"image\":{\"@id\":\"https:\/\/staging.bioswing.ee\/fi\/toode\/460-iq\/#primaryimage\"},\"thumbnailUrl\":\"https:\/\/staging.bioswing.ee\/wp-content\/uploads\/2023\/04\/460_IQ.jpg\",\"datePublished\":\"2023-04-13T11:47:44+00:00\",\"dateModified\":\"2023-08-24T13:11:20+00:00\",\"breadcrumb\":{\"@id\":\"https:\/\/staging.bioswing.ee\/fi\/toode\/460-iq\/#breadcrumb\"},\"inLanguage\":\"fi\",\"potentialAction\":[{\"@type\":\"ReadAction\",\"target\":[\"https:\/\/staging.bioswing.ee\/fi\/toode\/460-iq\/\"]}]},{\"@type\":\"ImageObject\",\"inLanguage\":\"fi\",\"@id\":\"https:\/\/staging.bioswing.ee\/fi\/toode\/460-iq\/#primaryimage\",\"url\":\"https:\/\/staging.bioswing.ee\/wp-content\/uploads\/2023\/04\/460_IQ.jpg\",\"contentUrl\":\"https:\/\/staging.bioswing.ee\/wp-content\/uploads\/2023\/04\/460_IQ.jpg\",\"width\":1874,\"height\":2500},{\"@type\":\"BreadcrumbList\",\"@id\":\"https:\/\/staging.bioswing.ee\/fi\/toode\/460-iq\/#breadcrumb\",\"itemListElement\":[{\"@type\":\"ListItem\",\"position\":1,\"name\":\"Home\",\"item\":\"https:\/\/bioswing.ee\/fi\/\"},{\"@type\":\"ListItem\",\"position\":2,\"name\":\"Shop\",\"item\":\"https:\/\/bioswing.ee\/fi\/shop-2\/\"},{\"@type\":\"ListItem\",\"position\":3,\"name\":\"BIOSWING 460 iQ\"}]},{\"@type\":\"WebSite\",\"@id\":\"https:\/\/staging.bioswing.ee\/fi\/#website\",\"url\":\"https:\/\/staging.bioswing.ee\/fi\/\",\"name\":\"BIOSWING\",\"description\":\"Smart solutions for healthy sitting\",\"publisher\":{\"@id\":\"https:\/\/staging.bioswing.ee\/fi\/#organization\"},\"potentialAction\":[{\"@type\":\"SearchAction\",\"target\":{\"@type\":\"EntryPoint\",\"urlTemplate\":\"https:\/\/staging.bioswing.ee\/fi\/?s={search_term_string}\"},\"query-input\":{\"@type\":\"PropertyValueSpecification\",\"valueRequired\":true,\"valueName\":\"search_term_string\"}}],\"inLanguage\":\"fi\"},{\"@type\":\"Organization\",\"@id\":\"https:\/\/staging.bioswing.ee\/fi\/#organization\",\"name\":\"BIOSWING\",\"url\":\"https:\/\/staging.bioswing.ee\/fi\/\",\"logo\":{\"@type\":\"ImageObject\",\"inLanguage\":\"fi\",\"@id\":\"https:\/\/staging.bioswing.ee\/fi\/#\/schema\/logo\/image\/\",\"url\":\"https:\/\/staging.bioswing.ee\/wp-content\/uploads\/2023\/04\/logo_web.png\",\"contentUrl\":\"https:\/\/staging.bioswing.ee\/wp-content\/uploads\/2023\/04\/logo_web.png\",\"width\":140,\"height\":122,\"caption\":\"BIOSWING\"},\"image\":{\"@id\":\"https:\/\/staging.bioswing.ee\/fi\/#\/schema\/logo\/image\/\"}}]}<\/script>\n<!-- \/ Yoast SEO plugin. -->","yoast_head_json":{"title":"BIOSWING 460 iQ - BIOSWING","robots":{"index":"noindex","follow":"follow","max-snippet":"max-snippet:-1","max-image-preview":"max-image-preview:large","max-video-preview":"max-video-preview:-1"},"og_locale":"fi_FI","og_type":"article","og_title":"BIOSWING 460 iQ - BIOSWING","og_description":"Ty\u00f6h\u00f6n saattaa liitty\u00e4 kaikenlaisia teht\u00e4vi\u00e4. Kun ty\u00f6tuolia voi s\u00e4\u00e4t\u00e4\u00e4 yksil\u00f6lliseen tilanteeseen sopivammaksi, pysyt terveemp\u00e4n\u00e4 ja motivoituneempana my\u00f6s pitkien istumisjaksojen aikana. On t\u00e4rke\u00e4\u00e4, ett\u00e4 tuoli huomioisi yksil\u00f6llisen anatomiasi ja tarjoaisi riitt\u00e4v\u00e4t muutos- ja s\u00e4\u00e4t\u00f6vaihtoehdot. T\u00e4rkeimm\u00e4t vaihtoehdot on esitetty alla. BIOSWING 4 -sarjan ty\u00f6tuoli mukautuu ergonomisesti juuri sinun asentoosi sopivaksi. 4-sarja reagoi eri mekanismien ansiosta sek\u00e4 k\u00e4ytt\u00e4j\u00e4n jokaiseen liikkeeseen ett\u00e4 my\u00f6s tukee k\u00e4ytt\u00e4j\u00e4\u00e4 yksil\u00f6llisesti pitk\u00e4n p\u00e4iv\u00e4n aikana. Jos ty\u00f6h\u00f6si kuuluu runsaasti p\u00e4\u00e4tety\u00f6skentely\u00e4, n\u00e4pp\u00e4imist\u00f6n ja hiiren k\u00e4ytt\u00f6\u00e4, varmista, ett\u00e4 hartialihaksesi rentoutuvat s\u00e4\u00e4nn\u00f6llisesti. Yksil\u00f6llisesti s\u00e4\u00e4dett\u00e4v\u00e4 k\u00e4sinojat tarjoavat t\u00e4ss\u00e4 oleellista tukea. 4-sarjan tuolit ovat saatavana eri versioita ja monet ergonomian asiantuntijamme voivat esitell\u00e4 sinulle noin 150 konsulttiyrityksess\u00e4 Saksassa, Sveitsiss\u00e4 ja It\u00e4vallassa.  Lataa tuotekuvaus (PDF)","og_url":"https:\/\/staging.bioswing.ee\/fi\/toode\/460-iq\/","og_site_name":"BIOSWING","article_modified_time":"2023-08-24T13:11:20+00:00","og_image":[{"width":1874,"height":2500,"url":"https:\/\/bioswing.ee\/wp-content\/uploads\/2023\/04\/460_IQ.jpg","type":"image\/jpeg"}],"twitter_card":"summary_large_image","twitter_misc":{"Arvioitu lukuaika":"1 minuutti"},"schema":{"@context":"https:\/\/schema.org","@graph":[{"@type":"WebPage","@id":"https:\/\/staging.bioswing.ee\/fi\/toode\/460-iq\/","url":"https:\/\/staging.bioswing.ee\/fi\/toode\/460-iq\/","name":"BIOSWING 460 iQ - BIOSWING","isPartOf":{"@id":"https:\/\/staging.bioswing.ee\/fi\/#website"},"primaryImageOfPage":{"@id":"https:\/\/staging.bioswing.ee\/fi\/toode\/460-iq\/#primaryimage"},"image":{"@id":"https:\/\/staging.bioswing.ee\/fi\/toode\/460-iq\/#primaryimage"},"thumbnailUrl":"https:\/\/staging.bioswing.ee\/wp-content\/uploads\/2023\/04\/460_IQ.jpg","datePublished":"2023-04-13T11:47:44+00:00","dateModified":"2023-08-24T13:11:20+00:00","breadcrumb":{"@id":"https:\/\/staging.bioswing.ee\/fi\/toode\/460-iq\/#breadcrumb"},"inLanguage":"fi","potentialAction":[{"@type":"ReadAction","target":["https:\/\/staging.bioswing.ee\/fi\/toode\/460-iq\/"]}]},{"@type":"ImageObject","inLanguage":"fi","@id":"https:\/\/staging.bioswing.ee\/fi\/toode\/460-iq\/#primaryimage","url":"https:\/\/staging.bioswing.ee\/wp-content\/uploads\/2023\/04\/460_IQ.jpg","contentUrl":"https:\/\/staging.bioswing.ee\/wp-content\/uploads\/2023\/04\/460_IQ.jpg","width":1874,"height":2500},{"@type":"BreadcrumbList","@id":"https:\/\/staging.bioswing.ee\/fi\/toode\/460-iq\/#breadcrumb","itemListElement":[{"@type":"ListItem","position":1,"name":"Home","item":"https:\/\/bioswing.ee\/fi\/"},{"@type":"ListItem","position":2,"name":"Shop","item":"https:\/\/bioswing.ee\/fi\/shop-2\/"},{"@type":"ListItem","position":3,"name":"BIOSWING 460 iQ"}]},{"@type":"WebSite","@id":"https:\/\/staging.bioswing.ee\/fi\/#website","url":"https:\/\/staging.bioswing.ee\/fi\/","name":"BIOSWING","description":"Smart solutions for healthy sitting","publisher":{"@id":"https:\/\/staging.bioswing.ee\/fi\/#organization"},"potentialAction":[{"@type":"SearchAction","target":{"@type":"EntryPoint","urlTemplate":"https:\/\/staging.bioswing.ee\/fi\/?s={search_term_string}"},"query-input":{"@type":"PropertyValueSpecification","valueRequired":true,"valueName":"search_term_string"}}],"inLanguage":"fi"},{"@type":"Organization","@id":"https:\/\/staging.bioswing.ee\/fi\/#organization","name":"BIOSWING","url":"https:\/\/staging.bioswing.ee\/fi\/","logo":{"@type":"ImageObject","inLanguage":"fi","@id":"https:\/\/staging.bioswing.ee\/fi\/#\/schema\/logo\/image\/","url":"https:\/\/staging.bioswing.ee\/wp-content\/uploads\/2023\/04\/logo_web.png","contentUrl":"https:\/\/staging.bioswing.ee\/wp-content\/uploads\/2023\/04\/logo_web.png","width":140,"height":122,"caption":"BIOSWING"},"image":{"@id":"https:\/\/staging.bioswing.ee\/fi\/#\/schema\/logo\/image\/"}}]}},"_links":{"self":[{"href":"https:\/\/staging.bioswing.ee\/fi\/wp-json\/wp\/v2\/product\/2245","targetHints":{"allow":["GET"]}}],"collection":[{"href":"https:\/\/staging.bioswing.ee\/fi\/wp-json\/wp\/v2\/product"}],"about":[{"href":"https:\/\/staging.bioswing.ee\/fi\/wp-json\/wp\/v2\/types\/product"}],"wp:featuredmedia":[{"embeddable":true,"href":"https:\/\/staging.bioswing.ee\/fi\/wp-json\/wp\/v2\/media\/1130"}],"wp:attachment":[{"href":"https:\/\/staging.bioswing.ee\/fi\/wp-json\/wp\/v2\/media?parent=2245"}],"wp:term":[{"taxonomy":"product_brand","embeddable":true,"href":"https:\/\/staging.bioswing.ee\/fi\/wp-json\/wp\/v2\/product_brand?post=2245"},{"taxonomy":"product_cat","embeddable":true,"href":"https:\/\/staging.bioswing.ee\/fi\/wp-json\/wp\/v2\/product_cat?post=2245"},{"taxonomy":"product_tag","embeddable":true,"href":"https:\/\/staging.bioswing.ee\/fi\/wp-json\/wp\/v2\/product_tag?post=2245"}],"curies":[{"name":"wp","href":"https:\/\/api.w.org\/{rel}","templated":true}]}}