{"id":31633,"date":"2025-09-25T12:44:52","date_gmt":"2025-09-25T12:44:52","guid":{"rendered":"https:\/\/staging.bioswing.ee\/toode\/oneup-easy-with-pelvic-support\/"},"modified":"2025-09-25T13:20:52","modified_gmt":"2025-09-25T13:20:52","slug":"oneup-easy-with-pelvic-support","status":"publish","type":"product","link":"https:\/\/staging.bioswing.ee\/fi\/toode\/oneup-easy-with-pelvic-support\/","title":{"rendered":"oneUP EASY lantiotuella"},"content":{"rendered":"<p><strong>BIOSWING oneUP EASY<\/strong><\/p>\n<ul>\n<li>Ergonominen ja ortopedisesti toimiva istuma-seisomaratkaisu toimistoon, kotitoimistoon ja vastaanotolle<\/li>\n<li>Sis\u00e4\u00e4n rakennettuna mukautuva 3D istuinmekanismi<\/li>\n<li>Satulaistuin<\/li>\n<li>Yksil\u00f6llisesti s\u00e4\u00e4dett\u00e4v\u00e4 lantiotuki<\/li>\n<li>Lantion tasapainomekanismi (lis\u00e4maksusta)<\/li>\n<li>Kangasverhoilu: Felicity musta<\/li>\n<li>Saatavana my\u00f6s l\u00e4\u00e4kinn\u00e4llisell\u00e4 keinonahkaverhoilulla<\/li>\n<li>Jalkaristi: muovi<\/li>\n<li>Py\u00f6r\u00e4t \u00f8 60 mm<\/li>\n<\/ul>\n<p><iframe title=\"YouTube video player\" src=\"https:\/\/www.youtube.com\/embed\/vBvp52qPDAI?si=n3jBuRxrQ_7U5sHV\" width=\"100%\" height=\"450\" frameborder=\"0\" allowfullscreen=\"allowfullscreen\"><\/iframe><\/p>\n","protected":false},"excerpt":{"rendered":"<h2>\u201eUp and down \u2013 and turn around\u201c Se on onUP-motto.<\/h2>\n<p>Oletko jo kokeillut korkeuss\u00e4\u00e4dett\u00e4v\u00e4n p\u00f6yd\u00e4n tarjoamia monipuolisia mahdollisuuksia?<\/p>\n<p>Jokainen asento seisomisen ja korotetun istuma-asennon v\u00e4list\u00e4 tarjoaa runsaasti monenlaisia vartalon asentoja. T\u00e4rkein tavoite niiden kohdalla on: <strong>mit\u00e4 useammin asentoa vaihdetaan, sit\u00e4 enemm\u00e4n keho ja mieli siit\u00e4 hy\u00f6tyv\u00e4t<\/strong>. Sill\u00e4 meid\u00e4n lihasrankaa tukeva j\u00e4rjestelm\u00e4 on ohjelmoitu liikkumaan, sek\u00e4 seisoen ett\u00e4 istuen. <\/p>\n<h2>BIOSWING oneUP on todellinen monipuolinen lahjakkuus.<\/h2>\n<p><strong>Sill\u00e4 t\u00e4m\u00e4 on \u00e4lyk\u00e4s ratkaisu kaikille, jotka haluavat yhdist\u00e4\u00e4 istumisen ja seisomisen<\/strong>, ja luo samalla t\u00e4ydellisen l\u00e4ht\u00f6kohdan monipuolisten istuin- ja sovellusmahdollisuuksien saavuttamiseen sek\u00e4 \u2013 integroidun 3D-istuinosan ansiosta \u2013 my\u00f6s vartaloa aktiivisesti liikkeelle pakottavaan istumiseen.<\/p>\n<p>Niin <strong>lentokent\u00e4n palvelupisteiss\u00e4, et\u00e4ty\u00f6pisteiss\u00e4, fysioterapeutin vastaanotolla kuin toimistolla<\/strong>: oneUP pit\u00e4\u00e4 aina huolen vartalon kauniiden muotojen yll\u00e4pit\u00e4misest\u00e4.<\/p>\n","protected":false},"featured_media":31377,"template":"","meta":[],"product_brand":[],"product_cat":[119],"product_tag":[],"class_list":{"0":"post-31633","1":"product","2":"type-product","3":"status-publish","4":"has-post-thumbnail","6":"product_cat-toimisto-ja-kotitoimisto-fi","8":"first","9":"instock","10":"sale","11":"taxable","12":"shipping-taxable","13":"purchasable","14":"product-type-variable","15":"has-default-attributes"},"yoast_head":"<!-- This site is optimized with the Yoast SEO plugin v27.1.1 - https:\/\/yoast.com\/product\/yoast-seo-wordpress\/ -->\n<title>oneUP EASY lantiotuella - BIOSWING<\/title>\n<meta name=\"robots\" content=\"noindex, follow, max-snippet:-1, max-image-preview:large, max-video-preview:-1\" \/>\n<meta property=\"og:locale\" content=\"fi_FI\" \/>\n<meta property=\"og:type\" content=\"article\" \/>\n<meta property=\"og:title\" content=\"oneUP EASY lantiotuella - BIOSWING\" \/>\n<meta property=\"og:description\" content=\"\u201eUp and down \u2013 and turn around\u201c Se on onUP-motto. Oletko jo kokeillut korkeuss\u00e4\u00e4dett\u00e4v\u00e4n p\u00f6yd\u00e4n tarjoamia monipuolisia mahdollisuuksia? Jokainen asento seisomisen ja korotetun istuma-asennon v\u00e4list\u00e4 tarjoaa runsaasti monenlaisia vartalon asentoja. T\u00e4rkein tavoite niiden kohdalla on: mit\u00e4 useammin asentoa vaihdetaan, sit\u00e4 enemm\u00e4n keho ja mieli siit\u00e4 hy\u00f6tyv\u00e4t. Sill\u00e4 meid\u00e4n lihasrankaa tukeva j\u00e4rjestelm\u00e4 on ohjelmoitu liikkumaan, sek\u00e4 seisoen ett\u00e4 istuen. BIOSWING oneUP on todellinen monipuolinen lahjakkuus. Sill\u00e4 t\u00e4m\u00e4 on \u00e4lyk\u00e4s ratkaisu kaikille, jotka haluavat yhdist\u00e4\u00e4 istumisen ja seisomisen, ja luo samalla t\u00e4ydellisen l\u00e4ht\u00f6kohdan monipuolisten istuin- ja sovellusmahdollisuuksien saavuttamiseen sek\u00e4 \u2013 integroidun 3D-istuinosan ansiosta \u2013 my\u00f6s vartaloa aktiivisesti liikkeelle pakottavaan istumiseen. Niin lentokent\u00e4n palvelupisteiss\u00e4, et\u00e4ty\u00f6pisteiss\u00e4, fysioterapeutin vastaanotolla kuin toimistolla: oneUP pit\u00e4\u00e4 aina huolen vartalon kauniiden muotojen yll\u00e4pit\u00e4misest\u00e4.\" \/>\n<meta property=\"og:url\" content=\"https:\/\/staging.bioswing.ee\/fi\/toode\/oneup-easy-with-pelvic-support\/\" \/>\n<meta property=\"og:site_name\" content=\"BIOSWING\" \/>\n<meta property=\"article:modified_time\" content=\"2025-09-25T13:20:52+00:00\" \/>\n<meta property=\"og:image\" content=\"https:\/\/bioswing.ee\/wp-content\/uploads\/2025\/09\/oneUp_EASY_BS05-min.jpg\" \/>\n\t<meta property=\"og:image:width\" content=\"1874\" \/>\n\t<meta property=\"og:image:height\" content=\"2500\" \/>\n\t<meta property=\"og:image:type\" content=\"image\/jpeg\" \/>\n<meta name=\"twitter:card\" content=\"summary_large_image\" \/>\n<script type=\"application\/ld+json\" class=\"yoast-schema-graph\">{\"@context\":\"https:\/\/schema.org\",\"@graph\":[{\"@type\":\"WebPage\",\"@id\":\"https:\/\/staging.bioswing.ee\/fi\/toode\/oneup-easy-with-pelvic-support\/\",\"url\":\"https:\/\/staging.bioswing.ee\/fi\/toode\/oneup-easy-with-pelvic-support\/\",\"name\":\"oneUP EASY lantiotuella - BIOSWING\",\"isPartOf\":{\"@id\":\"https:\/\/staging.bioswing.ee\/fi\/#website\"},\"primaryImageOfPage\":{\"@id\":\"https:\/\/staging.bioswing.ee\/fi\/toode\/oneup-easy-with-pelvic-support\/#primaryimage\"},\"image\":{\"@id\":\"https:\/\/staging.bioswing.ee\/fi\/toode\/oneup-easy-with-pelvic-support\/#primaryimage\"},\"thumbnailUrl\":\"https:\/\/staging.bioswing.ee\/wp-content\/uploads\/2025\/09\/oneUp_EASY_BS05-min.jpg\",\"datePublished\":\"2025-09-25T12:44:52+00:00\",\"dateModified\":\"2025-09-25T13:20:52+00:00\",\"breadcrumb\":{\"@id\":\"https:\/\/staging.bioswing.ee\/fi\/toode\/oneup-easy-with-pelvic-support\/#breadcrumb\"},\"inLanguage\":\"fi\",\"potentialAction\":[{\"@type\":\"ReadAction\",\"target\":[\"https:\/\/staging.bioswing.ee\/fi\/toode\/oneup-easy-with-pelvic-support\/\"]}]},{\"@type\":\"ImageObject\",\"inLanguage\":\"fi\",\"@id\":\"https:\/\/staging.bioswing.ee\/fi\/toode\/oneup-easy-with-pelvic-support\/#primaryimage\",\"url\":\"https:\/\/staging.bioswing.ee\/wp-content\/uploads\/2025\/09\/oneUp_EASY_BS05-min.jpg\",\"contentUrl\":\"https:\/\/staging.bioswing.ee\/wp-content\/uploads\/2025\/09\/oneUp_EASY_BS05-min.jpg\",\"width\":1874,\"height\":2500,\"caption\":\"oneUP EASY with pelvic support\"},{\"@type\":\"BreadcrumbList\",\"@id\":\"https:\/\/staging.bioswing.ee\/fi\/toode\/oneup-easy-with-pelvic-support\/#breadcrumb\",\"itemListElement\":[{\"@type\":\"ListItem\",\"position\":1,\"name\":\"Home\",\"item\":\"https:\/\/bioswing.ee\/fi\/\"},{\"@type\":\"ListItem\",\"position\":2,\"name\":\"Shop\",\"item\":\"https:\/\/bioswing.ee\/fi\/shop-2\/\"},{\"@type\":\"ListItem\",\"position\":3,\"name\":\"oneUP EASY lantiotuella\"}]},{\"@type\":\"WebSite\",\"@id\":\"https:\/\/staging.bioswing.ee\/fi\/#website\",\"url\":\"https:\/\/staging.bioswing.ee\/fi\/\",\"name\":\"BIOSWING\",\"description\":\"Smart solutions for healthy sitting\",\"publisher\":{\"@id\":\"https:\/\/staging.bioswing.ee\/fi\/#organization\"},\"potentialAction\":[{\"@type\":\"SearchAction\",\"target\":{\"@type\":\"EntryPoint\",\"urlTemplate\":\"https:\/\/staging.bioswing.ee\/fi\/?s={search_term_string}\"},\"query-input\":{\"@type\":\"PropertyValueSpecification\",\"valueRequired\":true,\"valueName\":\"search_term_string\"}}],\"inLanguage\":\"fi\"},{\"@type\":\"Organization\",\"@id\":\"https:\/\/staging.bioswing.ee\/fi\/#organization\",\"name\":\"BIOSWING\",\"url\":\"https:\/\/staging.bioswing.ee\/fi\/\",\"logo\":{\"@type\":\"ImageObject\",\"inLanguage\":\"fi\",\"@id\":\"https:\/\/staging.bioswing.ee\/fi\/#\/schema\/logo\/image\/\",\"url\":\"https:\/\/staging.bioswing.ee\/wp-content\/uploads\/2023\/04\/logo_web.png\",\"contentUrl\":\"https:\/\/staging.bioswing.ee\/wp-content\/uploads\/2023\/04\/logo_web.png\",\"width\":140,\"height\":122,\"caption\":\"BIOSWING\"},\"image\":{\"@id\":\"https:\/\/staging.bioswing.ee\/fi\/#\/schema\/logo\/image\/\"}}]}<\/script>\n<!-- \/ Yoast SEO plugin. -->","yoast_head_json":{"title":"oneUP EASY lantiotuella - BIOSWING","robots":{"index":"noindex","follow":"follow","max-snippet":"max-snippet:-1","max-image-preview":"max-image-preview:large","max-video-preview":"max-video-preview:-1"},"og_locale":"fi_FI","og_type":"article","og_title":"oneUP EASY lantiotuella - BIOSWING","og_description":"\u201eUp and down \u2013 and turn around\u201c Se on onUP-motto. Oletko jo kokeillut korkeuss\u00e4\u00e4dett\u00e4v\u00e4n p\u00f6yd\u00e4n tarjoamia monipuolisia mahdollisuuksia? Jokainen asento seisomisen ja korotetun istuma-asennon v\u00e4list\u00e4 tarjoaa runsaasti monenlaisia vartalon asentoja. T\u00e4rkein tavoite niiden kohdalla on: mit\u00e4 useammin asentoa vaihdetaan, sit\u00e4 enemm\u00e4n keho ja mieli siit\u00e4 hy\u00f6tyv\u00e4t. Sill\u00e4 meid\u00e4n lihasrankaa tukeva j\u00e4rjestelm\u00e4 on ohjelmoitu liikkumaan, sek\u00e4 seisoen ett\u00e4 istuen. BIOSWING oneUP on todellinen monipuolinen lahjakkuus. Sill\u00e4 t\u00e4m\u00e4 on \u00e4lyk\u00e4s ratkaisu kaikille, jotka haluavat yhdist\u00e4\u00e4 istumisen ja seisomisen, ja luo samalla t\u00e4ydellisen l\u00e4ht\u00f6kohdan monipuolisten istuin- ja sovellusmahdollisuuksien saavuttamiseen sek\u00e4 \u2013 integroidun 3D-istuinosan ansiosta \u2013 my\u00f6s vartaloa aktiivisesti liikkeelle pakottavaan istumiseen. Niin lentokent\u00e4n palvelupisteiss\u00e4, et\u00e4ty\u00f6pisteiss\u00e4, fysioterapeutin vastaanotolla kuin toimistolla: oneUP pit\u00e4\u00e4 aina huolen vartalon kauniiden muotojen yll\u00e4pit\u00e4misest\u00e4.","og_url":"https:\/\/staging.bioswing.ee\/fi\/toode\/oneup-easy-with-pelvic-support\/","og_site_name":"BIOSWING","article_modified_time":"2025-09-25T13:20:52+00:00","og_image":[{"width":1874,"height":2500,"url":"https:\/\/bioswing.ee\/wp-content\/uploads\/2025\/09\/oneUp_EASY_BS05-min.jpg","type":"image\/jpeg"}],"twitter_card":"summary_large_image","schema":{"@context":"https:\/\/schema.org","@graph":[{"@type":"WebPage","@id":"https:\/\/staging.bioswing.ee\/fi\/toode\/oneup-easy-with-pelvic-support\/","url":"https:\/\/staging.bioswing.ee\/fi\/toode\/oneup-easy-with-pelvic-support\/","name":"oneUP EASY lantiotuella - BIOSWING","isPartOf":{"@id":"https:\/\/staging.bioswing.ee\/fi\/#website"},"primaryImageOfPage":{"@id":"https:\/\/staging.bioswing.ee\/fi\/toode\/oneup-easy-with-pelvic-support\/#primaryimage"},"image":{"@id":"https:\/\/staging.bioswing.ee\/fi\/toode\/oneup-easy-with-pelvic-support\/#primaryimage"},"thumbnailUrl":"https:\/\/staging.bioswing.ee\/wp-content\/uploads\/2025\/09\/oneUp_EASY_BS05-min.jpg","datePublished":"2025-09-25T12:44:52+00:00","dateModified":"2025-09-25T13:20:52+00:00","breadcrumb":{"@id":"https:\/\/staging.bioswing.ee\/fi\/toode\/oneup-easy-with-pelvic-support\/#breadcrumb"},"inLanguage":"fi","potentialAction":[{"@type":"ReadAction","target":["https:\/\/staging.bioswing.ee\/fi\/toode\/oneup-easy-with-pelvic-support\/"]}]},{"@type":"ImageObject","inLanguage":"fi","@id":"https:\/\/staging.bioswing.ee\/fi\/toode\/oneup-easy-with-pelvic-support\/#primaryimage","url":"https:\/\/staging.bioswing.ee\/wp-content\/uploads\/2025\/09\/oneUp_EASY_BS05-min.jpg","contentUrl":"https:\/\/staging.bioswing.ee\/wp-content\/uploads\/2025\/09\/oneUp_EASY_BS05-min.jpg","width":1874,"height":2500,"caption":"oneUP EASY with pelvic support"},{"@type":"BreadcrumbList","@id":"https:\/\/staging.bioswing.ee\/fi\/toode\/oneup-easy-with-pelvic-support\/#breadcrumb","itemListElement":[{"@type":"ListItem","position":1,"name":"Home","item":"https:\/\/bioswing.ee\/fi\/"},{"@type":"ListItem","position":2,"name":"Shop","item":"https:\/\/bioswing.ee\/fi\/shop-2\/"},{"@type":"ListItem","position":3,"name":"oneUP EASY lantiotuella"}]},{"@type":"WebSite","@id":"https:\/\/staging.bioswing.ee\/fi\/#website","url":"https:\/\/staging.bioswing.ee\/fi\/","name":"BIOSWING","description":"Smart solutions for healthy sitting","publisher":{"@id":"https:\/\/staging.bioswing.ee\/fi\/#organization"},"potentialAction":[{"@type":"SearchAction","target":{"@type":"EntryPoint","urlTemplate":"https:\/\/staging.bioswing.ee\/fi\/?s={search_term_string}"},"query-input":{"@type":"PropertyValueSpecification","valueRequired":true,"valueName":"search_term_string"}}],"inLanguage":"fi"},{"@type":"Organization","@id":"https:\/\/staging.bioswing.ee\/fi\/#organization","name":"BIOSWING","url":"https:\/\/staging.bioswing.ee\/fi\/","logo":{"@type":"ImageObject","inLanguage":"fi","@id":"https:\/\/staging.bioswing.ee\/fi\/#\/schema\/logo\/image\/","url":"https:\/\/staging.bioswing.ee\/wp-content\/uploads\/2023\/04\/logo_web.png","contentUrl":"https:\/\/staging.bioswing.ee\/wp-content\/uploads\/2023\/04\/logo_web.png","width":140,"height":122,"caption":"BIOSWING"},"image":{"@id":"https:\/\/staging.bioswing.ee\/fi\/#\/schema\/logo\/image\/"}}]}},"_links":{"self":[{"href":"https:\/\/staging.bioswing.ee\/fi\/wp-json\/wp\/v2\/product\/31633","targetHints":{"allow":["GET"]}}],"collection":[{"href":"https:\/\/staging.bioswing.ee\/fi\/wp-json\/wp\/v2\/product"}],"about":[{"href":"https:\/\/staging.bioswing.ee\/fi\/wp-json\/wp\/v2\/types\/product"}],"wp:featuredmedia":[{"embeddable":true,"href":"https:\/\/staging.bioswing.ee\/fi\/wp-json\/wp\/v2\/media\/31377"}],"wp:attachment":[{"href":"https:\/\/staging.bioswing.ee\/fi\/wp-json\/wp\/v2\/media?parent=31633"}],"wp:term":[{"taxonomy":"product_brand","embeddable":true,"href":"https:\/\/staging.bioswing.ee\/fi\/wp-json\/wp\/v2\/product_brand?post=31633"},{"taxonomy":"product_cat","embeddable":true,"href":"https:\/\/staging.bioswing.ee\/fi\/wp-json\/wp\/v2\/product_cat?post=31633"},{"taxonomy":"product_tag","embeddable":true,"href":"https:\/\/staging.bioswing.ee\/fi\/wp-json\/wp\/v2\/product_tag?post=31633"}],"curies":[{"name":"wp","href":"https:\/\/api.w.org\/{rel}","templated":true}]}}