{"id":3546,"date":"2023-04-13T13:43:17","date_gmt":"2023-04-13T13:43:17","guid":{"rendered":"https:\/\/staging.bioswing.ee\/toode\/670-iq\/"},"modified":"2024-12-05T12:01:33","modified_gmt":"2024-12-05T12:01:33","slug":"670-iq","status":"publish","type":"product","link":"https:\/\/staging.bioswing.ee\/fi\/toode\/670-iq\/","title":{"rendered":"BIOSWING 670 iQ"},"content":{"rendered":"<h3>BIOSWING 670 iQ<\/h3>\n<ul>\n<li>Ergonominen py\u00f6riv\u00e4 toimistotuoli ortopedisell\u00e4 efektill\u00e4<\/li>\n<li>Sis\u00e4\u00e4n rakennettuna mukautuva 3D istuinmekanismi<\/li>\n<li>Synkronimekanismi automaattisella painos\u00e4\u00e4d\u00f6ll\u00e4 (hienos\u00e4\u00e4d\u00f6n lis\u00e4ksi)<\/li>\n<li>3D monipuolisesti s\u00e4\u00e4dett\u00e4v\u00e4t k\u00e4sinojat erilaisia ty\u00f6asentoja varten<\/li>\n<li>Yksil\u00f6llinen istuimen kallistuksen s\u00e4\u00e4t\u00f6 kaasujousella, sujuvasti s\u00e4\u00e4dett\u00e4viss\u00e4<\/li>\n<li>Lantion lis\u00e4vakautus<\/li>\n<li>Istumissyvyytt\u00e4 voi s\u00e4\u00e4t\u00e4\u00e4 jalkojen pituuden mukaan<\/li>\n<li>Pituudeltaan s\u00e4\u00e4dett\u00e4v\u00e4 selk\u00e4noja, lis\u00e4ksi ristisel\u00e4n tuki yksil\u00f6llisesti s\u00e4\u00e4dett\u00e4v\u00e4ll\u00e4 kaarevuudella<\/li>\n<li>3D niskatuki sujuvalla korkeuden, syvyyden ja kallistuksen s\u00e4\u00e4d\u00f6ll\u00e4<\/li>\n<li>Selk\u00e4nojan korkeus: 70 cm<\/li>\n<li>Kangasp\u00e4\u00e4llys: tikattu, eri v\u00e4rivaihtoehdot<\/li>\n<li>T\u00e4htijalka: Alumiini, kiillotettu<\/li>\n<\/ul>\n<p><iframe title=\"YouTube video player\" src=\"https:\/\/www.youtube.com\/embed\/vBvp52qPDAI?si=n3jBuRxrQ_7U5sHV\" width=\"100%\" height=\"450\" frameborder=\"0\" allowfullscreen=\"allowfullscreen\"><\/iframe><\/p>\n","protected":false},"excerpt":{"rendered":"<h4>Jos haluat tarjota p\u00e4ivitt\u00e4isen maksimaalisen suorituskyvyn, tarvitset paremmin toimivan ty\u00f6tuolin ja sellainen on: BIOSWING, suorituskyvyn tehostaja.<\/h4>\n<p>T\u00e4lt\u00e4 sivulta l\u00f6yd\u00e4t tietoja siit\u00e4, miten t\u00e4m\u00e4 tekniikka voi auttaa sinua <strong>parantamaan suorituskyky\u00e4si<\/strong>.<br \/>\nOn t\u00e4rke\u00e4\u00e4, ett\u00e4 tuolissa <strong>huomioidaan yksil\u00f6llinen anatomia<\/strong> ja se tarjoaa t\u00e4ydelliset vaihtoehdot muutoksiin ja s\u00e4\u00e4t\u00f6ihin.<\/p>\n<h4>BIOSWING 6 -sarjan ty\u00f6tuoli tarjoaa maksimaalisen lis\u00e4liikkeen.<\/h4>\n<p>6-sarja reagoi pitk\u00e4lle kehitettyjen integroitujen mekanismien ansiosta jokaiseen liikeimpulssiin ja my\u00f6s mukautuu h\u00e4mm\u00e4stytt\u00e4v\u00e4n joustavasti jokaiseen asentoon, jonka pitk\u00e4n p\u00e4iv\u00e4n aikana otat.<\/p>\n<p>Aktiivinen liike ja s\u00e4\u00e4nn\u00f6lliset asennon muutokset ovat hyv\u00e4ksi selk\u00e4rangalle. Tuoliin vakiona kuuluvan <strong>yksil\u00f6llisesti s\u00e4\u00e4dett\u00e4v\u00e4n istuimen kallistuksen s\u00e4\u00e4d\u00f6n<\/strong> ja ihanan pehme\u00e4n <strong>lantionvakaajan<\/strong> avulla kohdistat lantiosi oikein ja selk\u00e4ranka sijoittuu samalla luonnolliseen <strong>S-muotoon<\/strong>. T\u00e4m\u00e4 aktivoi kehon ja mielen lis\u00e4potentiaalin.<\/p>\n<p><strong>BIOSWING 670 iQ:n selk\u00e4nojan korkeus on 70 cm<\/strong> (BIOSWING 660 iQ:n selk\u00e4nojan korkeus on 60 cm).<\/p>\n","protected":false},"featured_media":1205,"template":"","meta":[],"product_brand":[],"product_cat":[101],"product_tag":[],"class_list":{"0":"post-3546","1":"product","2":"type-product","3":"status-publish","4":"has-post-thumbnail","6":"product_cat-hallintotehtavat","8":"first","9":"instock","10":"sale","11":"taxable","12":"shipping-taxable","13":"purchasable","14":"product-type-variable","15":"has-default-attributes"},"yoast_head":"<!-- This site is optimized with the Yoast SEO plugin v27.1.1 - https:\/\/yoast.com\/product\/yoast-seo-wordpress\/ -->\n<title>BIOSWING 670 iQ - BIOSWING<\/title>\n<meta name=\"robots\" content=\"noindex, follow, max-snippet:-1, max-image-preview:large, max-video-preview:-1\" \/>\n<meta property=\"og:locale\" content=\"fi_FI\" \/>\n<meta property=\"og:type\" content=\"article\" \/>\n<meta property=\"og:title\" content=\"BIOSWING 670 iQ - BIOSWING\" \/>\n<meta property=\"og:description\" content=\"Jos haluat tarjota p\u00e4ivitt\u00e4isen maksimaalisen suorituskyvyn, tarvitset paremmin toimivan ty\u00f6tuolin ja sellainen on: BIOSWING, suorituskyvyn tehostaja. T\u00e4lt\u00e4 sivulta l\u00f6yd\u00e4t tietoja siit\u00e4, miten t\u00e4m\u00e4 tekniikka voi auttaa sinua parantamaan suorituskyky\u00e4si. On t\u00e4rke\u00e4\u00e4, ett\u00e4 tuolissa huomioidaan yksil\u00f6llinen anatomia ja se tarjoaa t\u00e4ydelliset vaihtoehdot muutoksiin ja s\u00e4\u00e4t\u00f6ihin.  BIOSWING 6 -sarjan ty\u00f6tuoli tarjoaa maksimaalisen lis\u00e4liikkeen. 6-sarja reagoi pitk\u00e4lle kehitettyjen integroitujen mekanismien ansiosta jokaiseen liikeimpulssiin ja my\u00f6s mukautuu h\u00e4mm\u00e4stytt\u00e4v\u00e4n joustavasti jokaiseen asentoon, jonka pitk\u00e4n p\u00e4iv\u00e4n aikana otat. Aktiivinen liike ja s\u00e4\u00e4nn\u00f6lliset asennon muutokset ovat hyv\u00e4ksi selk\u00e4rangalle. Tuoliin vakiona kuuluvan yksil\u00f6llisesti s\u00e4\u00e4dett\u00e4v\u00e4n istuimen kallistuksen s\u00e4\u00e4d\u00f6n ja ihanan pehme\u00e4n lantionvakaajan avulla kohdistat lantiosi oikein ja selk\u00e4ranka sijoittuu samalla luonnolliseen S-muotoon. T\u00e4m\u00e4 aktivoi kehon ja mielen lis\u00e4potentiaalin. BIOSWING 670 iQ:n selk\u00e4nojan korkeus on 70 cm (BIOSWING 660 iQ:n selk\u00e4nojan korkeus on 60 cm).\" \/>\n<meta property=\"og:url\" content=\"https:\/\/staging.bioswing.ee\/fi\/toode\/670-iq\/\" \/>\n<meta property=\"og:site_name\" content=\"BIOSWING\" \/>\n<meta property=\"article:modified_time\" content=\"2024-12-05T12:01:33+00:00\" \/>\n<meta property=\"og:image\" content=\"https:\/\/bioswing.ee\/wp-content\/uploads\/2023\/04\/670_IQ_Leder.jpg\" \/>\n\t<meta property=\"og:image:width\" content=\"1874\" \/>\n\t<meta property=\"og:image:height\" content=\"2500\" \/>\n\t<meta property=\"og:image:type\" content=\"image\/jpeg\" \/>\n<meta name=\"twitter:card\" content=\"summary_large_image\" \/>\n<script type=\"application\/ld+json\" class=\"yoast-schema-graph\">{\"@context\":\"https:\/\/schema.org\",\"@graph\":[{\"@type\":\"WebPage\",\"@id\":\"https:\/\/staging.bioswing.ee\/fi\/toode\/670-iq\/\",\"url\":\"https:\/\/staging.bioswing.ee\/fi\/toode\/670-iq\/\",\"name\":\"BIOSWING 670 iQ - BIOSWING\",\"isPartOf\":{\"@id\":\"https:\/\/staging.bioswing.ee\/fi\/#website\"},\"primaryImageOfPage\":{\"@id\":\"https:\/\/staging.bioswing.ee\/fi\/toode\/670-iq\/#primaryimage\"},\"image\":{\"@id\":\"https:\/\/staging.bioswing.ee\/fi\/toode\/670-iq\/#primaryimage\"},\"thumbnailUrl\":\"https:\/\/staging.bioswing.ee\/wp-content\/uploads\/2023\/04\/670_IQ_Leder.jpg\",\"datePublished\":\"2023-04-13T13:43:17+00:00\",\"dateModified\":\"2024-12-05T12:01:33+00:00\",\"breadcrumb\":{\"@id\":\"https:\/\/staging.bioswing.ee\/fi\/toode\/670-iq\/#breadcrumb\"},\"inLanguage\":\"fi\",\"potentialAction\":[{\"@type\":\"ReadAction\",\"target\":[\"https:\/\/staging.bioswing.ee\/fi\/toode\/670-iq\/\"]}]},{\"@type\":\"ImageObject\",\"inLanguage\":\"fi\",\"@id\":\"https:\/\/staging.bioswing.ee\/fi\/toode\/670-iq\/#primaryimage\",\"url\":\"https:\/\/staging.bioswing.ee\/wp-content\/uploads\/2023\/04\/670_IQ_Leder.jpg\",\"contentUrl\":\"https:\/\/staging.bioswing.ee\/wp-content\/uploads\/2023\/04\/670_IQ_Leder.jpg\",\"width\":1874,\"height\":2500},{\"@type\":\"BreadcrumbList\",\"@id\":\"https:\/\/staging.bioswing.ee\/fi\/toode\/670-iq\/#breadcrumb\",\"itemListElement\":[{\"@type\":\"ListItem\",\"position\":1,\"name\":\"Home\",\"item\":\"https:\/\/bioswing.ee\/fi\/\"},{\"@type\":\"ListItem\",\"position\":2,\"name\":\"Shop\",\"item\":\"https:\/\/bioswing.ee\/fi\/shop-2\/\"},{\"@type\":\"ListItem\",\"position\":3,\"name\":\"BIOSWING 670 iQ\"}]},{\"@type\":\"WebSite\",\"@id\":\"https:\/\/staging.bioswing.ee\/fi\/#website\",\"url\":\"https:\/\/staging.bioswing.ee\/fi\/\",\"name\":\"BIOSWING\",\"description\":\"Smart solutions for healthy sitting\",\"publisher\":{\"@id\":\"https:\/\/staging.bioswing.ee\/fi\/#organization\"},\"potentialAction\":[{\"@type\":\"SearchAction\",\"target\":{\"@type\":\"EntryPoint\",\"urlTemplate\":\"https:\/\/staging.bioswing.ee\/fi\/?s={search_term_string}\"},\"query-input\":{\"@type\":\"PropertyValueSpecification\",\"valueRequired\":true,\"valueName\":\"search_term_string\"}}],\"inLanguage\":\"fi\"},{\"@type\":\"Organization\",\"@id\":\"https:\/\/staging.bioswing.ee\/fi\/#organization\",\"name\":\"BIOSWING\",\"url\":\"https:\/\/staging.bioswing.ee\/fi\/\",\"logo\":{\"@type\":\"ImageObject\",\"inLanguage\":\"fi\",\"@id\":\"https:\/\/staging.bioswing.ee\/fi\/#\/schema\/logo\/image\/\",\"url\":\"https:\/\/staging.bioswing.ee\/wp-content\/uploads\/2023\/04\/logo_web.png\",\"contentUrl\":\"https:\/\/staging.bioswing.ee\/wp-content\/uploads\/2023\/04\/logo_web.png\",\"width\":140,\"height\":122,\"caption\":\"BIOSWING\"},\"image\":{\"@id\":\"https:\/\/staging.bioswing.ee\/fi\/#\/schema\/logo\/image\/\"}}]}<\/script>\n<!-- \/ Yoast SEO plugin. -->","yoast_head_json":{"title":"BIOSWING 670 iQ - BIOSWING","robots":{"index":"noindex","follow":"follow","max-snippet":"max-snippet:-1","max-image-preview":"max-image-preview:large","max-video-preview":"max-video-preview:-1"},"og_locale":"fi_FI","og_type":"article","og_title":"BIOSWING 670 iQ - BIOSWING","og_description":"Jos haluat tarjota p\u00e4ivitt\u00e4isen maksimaalisen suorituskyvyn, tarvitset paremmin toimivan ty\u00f6tuolin ja sellainen on: BIOSWING, suorituskyvyn tehostaja. T\u00e4lt\u00e4 sivulta l\u00f6yd\u00e4t tietoja siit\u00e4, miten t\u00e4m\u00e4 tekniikka voi auttaa sinua parantamaan suorituskyky\u00e4si. On t\u00e4rke\u00e4\u00e4, ett\u00e4 tuolissa huomioidaan yksil\u00f6llinen anatomia ja se tarjoaa t\u00e4ydelliset vaihtoehdot muutoksiin ja s\u00e4\u00e4t\u00f6ihin.  BIOSWING 6 -sarjan ty\u00f6tuoli tarjoaa maksimaalisen lis\u00e4liikkeen. 6-sarja reagoi pitk\u00e4lle kehitettyjen integroitujen mekanismien ansiosta jokaiseen liikeimpulssiin ja my\u00f6s mukautuu h\u00e4mm\u00e4stytt\u00e4v\u00e4n joustavasti jokaiseen asentoon, jonka pitk\u00e4n p\u00e4iv\u00e4n aikana otat. Aktiivinen liike ja s\u00e4\u00e4nn\u00f6lliset asennon muutokset ovat hyv\u00e4ksi selk\u00e4rangalle. Tuoliin vakiona kuuluvan yksil\u00f6llisesti s\u00e4\u00e4dett\u00e4v\u00e4n istuimen kallistuksen s\u00e4\u00e4d\u00f6n ja ihanan pehme\u00e4n lantionvakaajan avulla kohdistat lantiosi oikein ja selk\u00e4ranka sijoittuu samalla luonnolliseen S-muotoon. T\u00e4m\u00e4 aktivoi kehon ja mielen lis\u00e4potentiaalin. BIOSWING 670 iQ:n selk\u00e4nojan korkeus on 70 cm (BIOSWING 660 iQ:n selk\u00e4nojan korkeus on 60 cm).","og_url":"https:\/\/staging.bioswing.ee\/fi\/toode\/670-iq\/","og_site_name":"BIOSWING","article_modified_time":"2024-12-05T12:01:33+00:00","og_image":[{"width":1874,"height":2500,"url":"https:\/\/bioswing.ee\/wp-content\/uploads\/2023\/04\/670_IQ_Leder.jpg","type":"image\/jpeg"}],"twitter_card":"summary_large_image","schema":{"@context":"https:\/\/schema.org","@graph":[{"@type":"WebPage","@id":"https:\/\/staging.bioswing.ee\/fi\/toode\/670-iq\/","url":"https:\/\/staging.bioswing.ee\/fi\/toode\/670-iq\/","name":"BIOSWING 670 iQ - BIOSWING","isPartOf":{"@id":"https:\/\/staging.bioswing.ee\/fi\/#website"},"primaryImageOfPage":{"@id":"https:\/\/staging.bioswing.ee\/fi\/toode\/670-iq\/#primaryimage"},"image":{"@id":"https:\/\/staging.bioswing.ee\/fi\/toode\/670-iq\/#primaryimage"},"thumbnailUrl":"https:\/\/staging.bioswing.ee\/wp-content\/uploads\/2023\/04\/670_IQ_Leder.jpg","datePublished":"2023-04-13T13:43:17+00:00","dateModified":"2024-12-05T12:01:33+00:00","breadcrumb":{"@id":"https:\/\/staging.bioswing.ee\/fi\/toode\/670-iq\/#breadcrumb"},"inLanguage":"fi","potentialAction":[{"@type":"ReadAction","target":["https:\/\/staging.bioswing.ee\/fi\/toode\/670-iq\/"]}]},{"@type":"ImageObject","inLanguage":"fi","@id":"https:\/\/staging.bioswing.ee\/fi\/toode\/670-iq\/#primaryimage","url":"https:\/\/staging.bioswing.ee\/wp-content\/uploads\/2023\/04\/670_IQ_Leder.jpg","contentUrl":"https:\/\/staging.bioswing.ee\/wp-content\/uploads\/2023\/04\/670_IQ_Leder.jpg","width":1874,"height":2500},{"@type":"BreadcrumbList","@id":"https:\/\/staging.bioswing.ee\/fi\/toode\/670-iq\/#breadcrumb","itemListElement":[{"@type":"ListItem","position":1,"name":"Home","item":"https:\/\/bioswing.ee\/fi\/"},{"@type":"ListItem","position":2,"name":"Shop","item":"https:\/\/bioswing.ee\/fi\/shop-2\/"},{"@type":"ListItem","position":3,"name":"BIOSWING 670 iQ"}]},{"@type":"WebSite","@id":"https:\/\/staging.bioswing.ee\/fi\/#website","url":"https:\/\/staging.bioswing.ee\/fi\/","name":"BIOSWING","description":"Smart solutions for healthy sitting","publisher":{"@id":"https:\/\/staging.bioswing.ee\/fi\/#organization"},"potentialAction":[{"@type":"SearchAction","target":{"@type":"EntryPoint","urlTemplate":"https:\/\/staging.bioswing.ee\/fi\/?s={search_term_string}"},"query-input":{"@type":"PropertyValueSpecification","valueRequired":true,"valueName":"search_term_string"}}],"inLanguage":"fi"},{"@type":"Organization","@id":"https:\/\/staging.bioswing.ee\/fi\/#organization","name":"BIOSWING","url":"https:\/\/staging.bioswing.ee\/fi\/","logo":{"@type":"ImageObject","inLanguage":"fi","@id":"https:\/\/staging.bioswing.ee\/fi\/#\/schema\/logo\/image\/","url":"https:\/\/staging.bioswing.ee\/wp-content\/uploads\/2023\/04\/logo_web.png","contentUrl":"https:\/\/staging.bioswing.ee\/wp-content\/uploads\/2023\/04\/logo_web.png","width":140,"height":122,"caption":"BIOSWING"},"image":{"@id":"https:\/\/staging.bioswing.ee\/fi\/#\/schema\/logo\/image\/"}}]}},"_links":{"self":[{"href":"https:\/\/staging.bioswing.ee\/fi\/wp-json\/wp\/v2\/product\/3546","targetHints":{"allow":["GET"]}}],"collection":[{"href":"https:\/\/staging.bioswing.ee\/fi\/wp-json\/wp\/v2\/product"}],"about":[{"href":"https:\/\/staging.bioswing.ee\/fi\/wp-json\/wp\/v2\/types\/product"}],"wp:featuredmedia":[{"embeddable":true,"href":"https:\/\/staging.bioswing.ee\/fi\/wp-json\/wp\/v2\/media\/1205"}],"wp:attachment":[{"href":"https:\/\/staging.bioswing.ee\/fi\/wp-json\/wp\/v2\/media?parent=3546"}],"wp:term":[{"taxonomy":"product_brand","embeddable":true,"href":"https:\/\/staging.bioswing.ee\/fi\/wp-json\/wp\/v2\/product_brand?post=3546"},{"taxonomy":"product_cat","embeddable":true,"href":"https:\/\/staging.bioswing.ee\/fi\/wp-json\/wp\/v2\/product_cat?post=3546"},{"taxonomy":"product_tag","embeddable":true,"href":"https:\/\/staging.bioswing.ee\/fi\/wp-json\/wp\/v2\/product_tag?post=3546"}],"curies":[{"name":"wp","href":"https:\/\/api.w.org\/{rel}","templated":true}]}}