{"id":4041,"date":"2023-04-13T11:10:47","date_gmt":"2023-04-13T11:10:47","guid":{"rendered":"https:\/\/staging.bioswing.ee\/toode\/boogie-classic\/"},"modified":"2023-08-24T12:43:20","modified_gmt":"2023-08-24T12:43:20","slug":"boogie-classic","status":"publish","type":"product","link":"https:\/\/staging.bioswing.ee\/fi\/toode\/boogie-classic\/","title":{"rendered":"BIOSWING Boogie Classic"},"content":{"rendered":"<h4>BIOSWING Boogie<\/h4>\n<ul>\n<li>Ergonominen jakkara ortopedisell\u00e4 efektill\u00e4 vastaanotolle ja toimistoon<\/li>\n<li>Sis\u00e4\u00e4n rakennettuna mukautuva 3D istuinmekanismi<\/li>\n<li>Laakea istuin<\/li>\n<li>Ergonominen selk\u00e4tuki integroiduilla k\u00e4sinojilla<\/li>\n<li>Lantion vakautusmekanismi lantion fysiologisesti oikeaan asentoon<\/li>\n<li>Kangasp\u00e4\u00e4llys: X-treme FR musta<\/li>\n<li>T\u00e4htijalka: Alumiini, kiillotettu<\/li>\n<li>Py\u00f6r\u00e4t \u00f860 mm kromikotelolla<\/li>\n<\/ul>\n<p><iframe title=\"YouTube video player\" src=\"https:\/\/www.youtube.com\/embed\/N2VSN7bLghI\" width=\"100%\" height=\"450\" frameborder=\"0\" allowfullscreen=\"allowfullscreen\"><\/iframe><\/p>\n<p><iframe width=\"100%\" height=\"450\" src=\"https:\/\/www.youtube.com\/embed\/vBvp52qPDAI?si=n3jBuRxrQ_7U5sHV\" title=\"YouTube video player\" frameborder=\"0\" allow=\"accelerometer; autoplay; clipboard-write; encrypted-media; gyroscope; picture-in-picture; web-share\" allowfullscreen=\"\"><\/iframe><\/p>\n","protected":false},"excerpt":{"rendered":"<p>Saatko korkeus-s\u00e4\u00e4dett\u00e4v\u00e4n p\u00f6yd\u00e4n k\u00e4yt\u00f6st\u00e4 kaikki mahdolliset hy\u00f6dyt irti?<\/p>\n<p>Jokainen asento, jonka valitset seisomisen ja koholla istumisen v\u00e4lill\u00e4, auttaa nauttimaan erilaisten asentojen eduista. L\u00e4ht\u00f6kohtana on, ett\u00e4 fyysisen asennon toistuva vaihtaminen tekee hyv\u00e4\u00e4 keholle ja mielelle. T\u00e4m\u00e4 perustuu siihen, ett\u00e4 tuki- ja liikuntaelimist\u00f6mme on ohjelmoitu suorittamaan liikett\u00e4 sek\u00e4 <strong>mikro-<\/strong> ett\u00e4 <strong>makrotasolla<\/strong>.<\/p>\n<p>BIOSWING Boogie on todella <strong>monipuolinen tuote<\/strong>. T\u00e4m\u00e4 tuote luo erilaisten istuinten ja lantion tai selk\u00e4tukien muotoilun ansiosta t\u00e4ydellisen perustan ergonomiselle istumiselle sen kaikenlaisissa sovelluksissa \u2013 ja tarjoaa integroidun 3D-istuinmekanisminsa ansiosta runsaasti liikuntaa.<\/p>\n<p>L\u00e4\u00e4k\u00e4rin <strong>vastaanotolla, fysioterapiassa tai toimistolla<\/strong>: Boogie tekee aina hyv\u00e4n vaikutelman.<\/p>\n<p>BIOSWING on saatavana useilla istumakorkeuksilla, jalkarenkaalla ja ilman, ja jopa steriiliytt\u00e4 vaativissa kohteissa irrotettavalla jalalla.<\/p>\n<p>Tarjoamme kuhunkin k\u00e4ytt\u00f6kohteeseen sopivan p\u00e4\u00e4llystekankaan, jonka voi m\u00e4\u00e4r\u00e4ysten mukaisesti puhdistaa ja desinfioida.<\/p>\n<p>Jos haluat seist\u00e4, voit k\u00e4ytt\u00e4\u00e4 Boogieta enimm\u00e4kseen yl\u00e4asennoissa seisomisen tukena ja istua vain satunnaisesti. Silloin t\u00e4ll\u00f6in istuessasi voit k\u00e4ytt\u00e4\u00e4 valinnaista jalkarengasta jalkoja tukemaan.<\/p>\n<p>Ihanteellinen my\u00f6s tiskill\u00e4 ty\u00f6skentelemiseen samalla tasolla toimivan asiakaskontaktin kohdalla.<\/p>\n","protected":false},"featured_media":1060,"template":"","meta":[],"product_brand":[],"product_cat":[119],"product_tag":[],"class_list":{"0":"post-4041","1":"product","2":"type-product","3":"status-publish","4":"has-post-thumbnail","6":"product_cat-toimisto-ja-kotitoimisto-fi","8":"first","9":"instock","10":"sale","11":"taxable","12":"shipping-taxable","13":"purchasable","14":"product-type-variable","15":"has-default-attributes"},"yoast_head":"<!-- This site is optimized with the Yoast SEO plugin v27.1.1 - https:\/\/yoast.com\/product\/yoast-seo-wordpress\/ -->\n<title>BIOSWING Boogie Classic - BIOSWING<\/title>\n<meta name=\"robots\" content=\"noindex, follow, max-snippet:-1, max-image-preview:large, max-video-preview:-1\" \/>\n<meta property=\"og:locale\" content=\"fi_FI\" \/>\n<meta property=\"og:type\" content=\"article\" \/>\n<meta property=\"og:title\" content=\"BIOSWING Boogie Classic - BIOSWING\" \/>\n<meta property=\"og:description\" content=\"Saatko korkeus-s\u00e4\u00e4dett\u00e4v\u00e4n p\u00f6yd\u00e4n k\u00e4yt\u00f6st\u00e4 kaikki mahdolliset hy\u00f6dyt irti? Jokainen asento, jonka valitset seisomisen ja koholla istumisen v\u00e4lill\u00e4, auttaa nauttimaan erilaisten asentojen eduista. L\u00e4ht\u00f6kohtana on, ett\u00e4 fyysisen asennon toistuva vaihtaminen tekee hyv\u00e4\u00e4 keholle ja mielelle. T\u00e4m\u00e4 perustuu siihen, ett\u00e4 tuki- ja liikuntaelimist\u00f6mme on ohjelmoitu suorittamaan liikett\u00e4 sek\u00e4 mikro- ett\u00e4 makrotasolla. BIOSWING Boogie on todella monipuolinen tuote. T\u00e4m\u00e4 tuote luo erilaisten istuinten ja lantion tai selk\u00e4tukien muotoilun ansiosta t\u00e4ydellisen perustan ergonomiselle istumiselle sen kaikenlaisissa sovelluksissa \u2013 ja tarjoaa integroidun 3D-istuinmekanisminsa ansiosta runsaasti liikuntaa. L\u00e4\u00e4k\u00e4rin vastaanotolla, fysioterapiassa tai toimistolla: Boogie tekee aina hyv\u00e4n vaikutelman. BIOSWING on saatavana useilla istumakorkeuksilla, jalkarenkaalla ja ilman, ja jopa steriiliytt\u00e4 vaativissa kohteissa irrotettavalla jalalla. Tarjoamme kuhunkin k\u00e4ytt\u00f6kohteeseen sopivan p\u00e4\u00e4llystekankaan, jonka voi m\u00e4\u00e4r\u00e4ysten mukaisesti puhdistaa ja desinfioida. Jos haluat seist\u00e4, voit k\u00e4ytt\u00e4\u00e4 Boogieta enimm\u00e4kseen yl\u00e4asennoissa seisomisen tukena ja istua vain satunnaisesti. Silloin t\u00e4ll\u00f6in istuessasi voit k\u00e4ytt\u00e4\u00e4 valinnaista jalkarengasta jalkoja tukemaan. Ihanteellinen my\u00f6s tiskill\u00e4 ty\u00f6skentelemiseen samalla tasolla toimivan asiakaskontaktin kohdalla.\" \/>\n<meta property=\"og:url\" content=\"https:\/\/staging.bioswing.ee\/fi\/toode\/boogie-classic\/\" \/>\n<meta property=\"og:site_name\" content=\"BIOSWING\" \/>\n<meta property=\"article:modified_time\" content=\"2023-08-24T12:43:20+00:00\" \/>\n<meta property=\"og:image\" content=\"https:\/\/bioswing.ee\/wp-content\/uploads\/2023\/04\/Boogie_Classic01.jpg\" \/>\n\t<meta property=\"og:image:width\" content=\"1874\" \/>\n\t<meta property=\"og:image:height\" content=\"2500\" \/>\n\t<meta property=\"og:image:type\" content=\"image\/jpeg\" \/>\n<meta name=\"twitter:card\" content=\"summary_large_image\" \/>\n<script type=\"application\/ld+json\" class=\"yoast-schema-graph\">{\"@context\":\"https:\/\/schema.org\",\"@graph\":[{\"@type\":\"WebPage\",\"@id\":\"https:\/\/staging.bioswing.ee\/fi\/toode\/boogie-classic\/\",\"url\":\"https:\/\/staging.bioswing.ee\/fi\/toode\/boogie-classic\/\",\"name\":\"BIOSWING Boogie Classic - BIOSWING\",\"isPartOf\":{\"@id\":\"https:\/\/staging.bioswing.ee\/fi\/#website\"},\"primaryImageOfPage\":{\"@id\":\"https:\/\/staging.bioswing.ee\/fi\/toode\/boogie-classic\/#primaryimage\"},\"image\":{\"@id\":\"https:\/\/staging.bioswing.ee\/fi\/toode\/boogie-classic\/#primaryimage\"},\"thumbnailUrl\":\"https:\/\/staging.bioswing.ee\/wp-content\/uploads\/2023\/04\/Boogie_Classic01.jpg\",\"datePublished\":\"2023-04-13T11:10:47+00:00\",\"dateModified\":\"2023-08-24T12:43:20+00:00\",\"breadcrumb\":{\"@id\":\"https:\/\/staging.bioswing.ee\/fi\/toode\/boogie-classic\/#breadcrumb\"},\"inLanguage\":\"fi\",\"potentialAction\":[{\"@type\":\"ReadAction\",\"target\":[\"https:\/\/staging.bioswing.ee\/fi\/toode\/boogie-classic\/\"]}]},{\"@type\":\"ImageObject\",\"inLanguage\":\"fi\",\"@id\":\"https:\/\/staging.bioswing.ee\/fi\/toode\/boogie-classic\/#primaryimage\",\"url\":\"https:\/\/staging.bioswing.ee\/wp-content\/uploads\/2023\/04\/Boogie_Classic01.jpg\",\"contentUrl\":\"https:\/\/staging.bioswing.ee\/wp-content\/uploads\/2023\/04\/Boogie_Classic01.jpg\",\"width\":1874,\"height\":2500},{\"@type\":\"BreadcrumbList\",\"@id\":\"https:\/\/staging.bioswing.ee\/fi\/toode\/boogie-classic\/#breadcrumb\",\"itemListElement\":[{\"@type\":\"ListItem\",\"position\":1,\"name\":\"Home\",\"item\":\"https:\/\/bioswing.ee\/fi\/\"},{\"@type\":\"ListItem\",\"position\":2,\"name\":\"Shop\",\"item\":\"https:\/\/bioswing.ee\/fi\/shop-2\/\"},{\"@type\":\"ListItem\",\"position\":3,\"name\":\"BIOSWING Boogie Classic\"}]},{\"@type\":\"WebSite\",\"@id\":\"https:\/\/staging.bioswing.ee\/fi\/#website\",\"url\":\"https:\/\/staging.bioswing.ee\/fi\/\",\"name\":\"BIOSWING\",\"description\":\"Smart solutions for healthy sitting\",\"publisher\":{\"@id\":\"https:\/\/staging.bioswing.ee\/fi\/#organization\"},\"potentialAction\":[{\"@type\":\"SearchAction\",\"target\":{\"@type\":\"EntryPoint\",\"urlTemplate\":\"https:\/\/staging.bioswing.ee\/fi\/?s={search_term_string}\"},\"query-input\":{\"@type\":\"PropertyValueSpecification\",\"valueRequired\":true,\"valueName\":\"search_term_string\"}}],\"inLanguage\":\"fi\"},{\"@type\":\"Organization\",\"@id\":\"https:\/\/staging.bioswing.ee\/fi\/#organization\",\"name\":\"BIOSWING\",\"url\":\"https:\/\/staging.bioswing.ee\/fi\/\",\"logo\":{\"@type\":\"ImageObject\",\"inLanguage\":\"fi\",\"@id\":\"https:\/\/staging.bioswing.ee\/fi\/#\/schema\/logo\/image\/\",\"url\":\"https:\/\/staging.bioswing.ee\/wp-content\/uploads\/2023\/04\/logo_web.png\",\"contentUrl\":\"https:\/\/staging.bioswing.ee\/wp-content\/uploads\/2023\/04\/logo_web.png\",\"width\":140,\"height\":122,\"caption\":\"BIOSWING\"},\"image\":{\"@id\":\"https:\/\/staging.bioswing.ee\/fi\/#\/schema\/logo\/image\/\"}}]}<\/script>\n<!-- \/ Yoast SEO plugin. -->","yoast_head_json":{"title":"BIOSWING Boogie Classic - BIOSWING","robots":{"index":"noindex","follow":"follow","max-snippet":"max-snippet:-1","max-image-preview":"max-image-preview:large","max-video-preview":"max-video-preview:-1"},"og_locale":"fi_FI","og_type":"article","og_title":"BIOSWING Boogie Classic - BIOSWING","og_description":"Saatko korkeus-s\u00e4\u00e4dett\u00e4v\u00e4n p\u00f6yd\u00e4n k\u00e4yt\u00f6st\u00e4 kaikki mahdolliset hy\u00f6dyt irti? Jokainen asento, jonka valitset seisomisen ja koholla istumisen v\u00e4lill\u00e4, auttaa nauttimaan erilaisten asentojen eduista. L\u00e4ht\u00f6kohtana on, ett\u00e4 fyysisen asennon toistuva vaihtaminen tekee hyv\u00e4\u00e4 keholle ja mielelle. T\u00e4m\u00e4 perustuu siihen, ett\u00e4 tuki- ja liikuntaelimist\u00f6mme on ohjelmoitu suorittamaan liikett\u00e4 sek\u00e4 mikro- ett\u00e4 makrotasolla. BIOSWING Boogie on todella monipuolinen tuote. T\u00e4m\u00e4 tuote luo erilaisten istuinten ja lantion tai selk\u00e4tukien muotoilun ansiosta t\u00e4ydellisen perustan ergonomiselle istumiselle sen kaikenlaisissa sovelluksissa \u2013 ja tarjoaa integroidun 3D-istuinmekanisminsa ansiosta runsaasti liikuntaa. L\u00e4\u00e4k\u00e4rin vastaanotolla, fysioterapiassa tai toimistolla: Boogie tekee aina hyv\u00e4n vaikutelman. BIOSWING on saatavana useilla istumakorkeuksilla, jalkarenkaalla ja ilman, ja jopa steriiliytt\u00e4 vaativissa kohteissa irrotettavalla jalalla. Tarjoamme kuhunkin k\u00e4ytt\u00f6kohteeseen sopivan p\u00e4\u00e4llystekankaan, jonka voi m\u00e4\u00e4r\u00e4ysten mukaisesti puhdistaa ja desinfioida. Jos haluat seist\u00e4, voit k\u00e4ytt\u00e4\u00e4 Boogieta enimm\u00e4kseen yl\u00e4asennoissa seisomisen tukena ja istua vain satunnaisesti. Silloin t\u00e4ll\u00f6in istuessasi voit k\u00e4ytt\u00e4\u00e4 valinnaista jalkarengasta jalkoja tukemaan. Ihanteellinen my\u00f6s tiskill\u00e4 ty\u00f6skentelemiseen samalla tasolla toimivan asiakaskontaktin kohdalla.","og_url":"https:\/\/staging.bioswing.ee\/fi\/toode\/boogie-classic\/","og_site_name":"BIOSWING","article_modified_time":"2023-08-24T12:43:20+00:00","og_image":[{"width":1874,"height":2500,"url":"https:\/\/bioswing.ee\/wp-content\/uploads\/2023\/04\/Boogie_Classic01.jpg","type":"image\/jpeg"}],"twitter_card":"summary_large_image","schema":{"@context":"https:\/\/schema.org","@graph":[{"@type":"WebPage","@id":"https:\/\/staging.bioswing.ee\/fi\/toode\/boogie-classic\/","url":"https:\/\/staging.bioswing.ee\/fi\/toode\/boogie-classic\/","name":"BIOSWING Boogie Classic - BIOSWING","isPartOf":{"@id":"https:\/\/staging.bioswing.ee\/fi\/#website"},"primaryImageOfPage":{"@id":"https:\/\/staging.bioswing.ee\/fi\/toode\/boogie-classic\/#primaryimage"},"image":{"@id":"https:\/\/staging.bioswing.ee\/fi\/toode\/boogie-classic\/#primaryimage"},"thumbnailUrl":"https:\/\/staging.bioswing.ee\/wp-content\/uploads\/2023\/04\/Boogie_Classic01.jpg","datePublished":"2023-04-13T11:10:47+00:00","dateModified":"2023-08-24T12:43:20+00:00","breadcrumb":{"@id":"https:\/\/staging.bioswing.ee\/fi\/toode\/boogie-classic\/#breadcrumb"},"inLanguage":"fi","potentialAction":[{"@type":"ReadAction","target":["https:\/\/staging.bioswing.ee\/fi\/toode\/boogie-classic\/"]}]},{"@type":"ImageObject","inLanguage":"fi","@id":"https:\/\/staging.bioswing.ee\/fi\/toode\/boogie-classic\/#primaryimage","url":"https:\/\/staging.bioswing.ee\/wp-content\/uploads\/2023\/04\/Boogie_Classic01.jpg","contentUrl":"https:\/\/staging.bioswing.ee\/wp-content\/uploads\/2023\/04\/Boogie_Classic01.jpg","width":1874,"height":2500},{"@type":"BreadcrumbList","@id":"https:\/\/staging.bioswing.ee\/fi\/toode\/boogie-classic\/#breadcrumb","itemListElement":[{"@type":"ListItem","position":1,"name":"Home","item":"https:\/\/bioswing.ee\/fi\/"},{"@type":"ListItem","position":2,"name":"Shop","item":"https:\/\/bioswing.ee\/fi\/shop-2\/"},{"@type":"ListItem","position":3,"name":"BIOSWING Boogie Classic"}]},{"@type":"WebSite","@id":"https:\/\/staging.bioswing.ee\/fi\/#website","url":"https:\/\/staging.bioswing.ee\/fi\/","name":"BIOSWING","description":"Smart solutions for healthy sitting","publisher":{"@id":"https:\/\/staging.bioswing.ee\/fi\/#organization"},"potentialAction":[{"@type":"SearchAction","target":{"@type":"EntryPoint","urlTemplate":"https:\/\/staging.bioswing.ee\/fi\/?s={search_term_string}"},"query-input":{"@type":"PropertyValueSpecification","valueRequired":true,"valueName":"search_term_string"}}],"inLanguage":"fi"},{"@type":"Organization","@id":"https:\/\/staging.bioswing.ee\/fi\/#organization","name":"BIOSWING","url":"https:\/\/staging.bioswing.ee\/fi\/","logo":{"@type":"ImageObject","inLanguage":"fi","@id":"https:\/\/staging.bioswing.ee\/fi\/#\/schema\/logo\/image\/","url":"https:\/\/staging.bioswing.ee\/wp-content\/uploads\/2023\/04\/logo_web.png","contentUrl":"https:\/\/staging.bioswing.ee\/wp-content\/uploads\/2023\/04\/logo_web.png","width":140,"height":122,"caption":"BIOSWING"},"image":{"@id":"https:\/\/staging.bioswing.ee\/fi\/#\/schema\/logo\/image\/"}}]}},"_links":{"self":[{"href":"https:\/\/staging.bioswing.ee\/fi\/wp-json\/wp\/v2\/product\/4041","targetHints":{"allow":["GET"]}}],"collection":[{"href":"https:\/\/staging.bioswing.ee\/fi\/wp-json\/wp\/v2\/product"}],"about":[{"href":"https:\/\/staging.bioswing.ee\/fi\/wp-json\/wp\/v2\/types\/product"}],"wp:featuredmedia":[{"embeddable":true,"href":"https:\/\/staging.bioswing.ee\/fi\/wp-json\/wp\/v2\/media\/1060"}],"wp:attachment":[{"href":"https:\/\/staging.bioswing.ee\/fi\/wp-json\/wp\/v2\/media?parent=4041"}],"wp:term":[{"taxonomy":"product_brand","embeddable":true,"href":"https:\/\/staging.bioswing.ee\/fi\/wp-json\/wp\/v2\/product_brand?post=4041"},{"taxonomy":"product_cat","embeddable":true,"href":"https:\/\/staging.bioswing.ee\/fi\/wp-json\/wp\/v2\/product_cat?post=4041"},{"taxonomy":"product_tag","embeddable":true,"href":"https:\/\/staging.bioswing.ee\/fi\/wp-json\/wp\/v2\/product_tag?post=4041"}],"curies":[{"name":"wp","href":"https:\/\/api.w.org\/{rel}","templated":true}]}}