{"id":4138,"date":"2023-04-13T11:21:14","date_gmt":"2023-04-13T11:21:14","guid":{"rendered":"https:\/\/staging.bioswing.ee\/toode\/foxter\/"},"modified":"2023-08-24T13:03:08","modified_gmt":"2023-08-24T13:03:08","slug":"foxter","status":"publish","type":"product","link":"https:\/\/staging.bioswing.ee\/fi\/toode\/foxter\/","title":{"rendered":"Foxter"},"content":{"rendered":"<h3>Foxter bestseller<\/h3>\n<ul>\n<li>Ergonominen jakkara ortopedisell\u00e4 efektill\u00e4 vastaanotolle ja toimistoon<\/li>\n<li>Sis\u00e4\u00e4n rakennettuna mukautuva 3D istuinmekanismi<\/li>\n<li>Palloistuin<\/li>\n<li>Kangasp\u00e4\u00e4llys: Xtreme-FR musta<\/li>\n<li>T\u00e4htijalka: Alumiini, harmaa maali<\/li>\n<li>Py\u00f6r\u00e4t \u00f850cm, harmaa<\/li>\n<\/ul>\n<p><iframe width=\"100%\" height=\"450\" src=\"https:\/\/www.youtube.com\/embed\/5cLboTxOnh4\" title=\"YouTube video player\" frameborder=\"0\" allow=\"accelerometer; autoplay; clipboard-write; encrypted-media; gyroscope; picture-in-picture; web-share\" allowfullscreen=\"\"><\/iframe><\/p>\n<p><iframe width=\"100%\" height=\"450\" src=\"https:\/\/www.youtube.com\/embed\/vBvp52qPDAI?si=n3jBuRxrQ_7U5sHV\" title=\"YouTube video player\" frameborder=\"0\" allow=\"accelerometer; autoplay; clipboard-write; encrypted-media; gyroscope; picture-in-picture; web-share\" allowfullscreen=\"\"><\/iframe><\/p>\n","protected":false},"excerpt":{"rendered":"<p class=\"p1\"><strong>Pikapalaveri<\/strong> on monitilatoimistojen uusin trendi. Tiimit tapaavat tiloissaan spontaanisti, jotta luovuus p\u00e4\u00e4sisi parhaiten valloilleen. Istuminen ja seisominen tapahtuvat vuorotellen, BIOSWING Foxter tarjoaa tukea istuessa ja <strong>pirist\u00e4\u00e4<\/strong> samalla <strong>kehoa ja mielt\u00e4<\/strong>.<\/p>\n<p>Jakkaranmallinen, j\u00e4yk\u00e4st\u00e4 lattiasta irrotettu istuin toimii erityisell\u00e4 tavalla: se <strong>heijastaa kaikkia istujan impulsseja<\/strong> ainutlaatuisella tavalla ja laukaisee kehossa <strong>stimuloivan ja luovuutta lis\u00e4\u00e4v\u00e4n vaikutuksen<\/strong>.<\/p>\n<p>Jakkaran ominaisuuksista on sen helppok\u00e4ytt\u00f6isyyden ja jatkuvasti s\u00e4\u00e4dett\u00e4v\u00e4n korkeuden ansiosta hy\u00f6ty\u00e4 niin nuorille kuin vanhoillekin.<\/p>\n<p>Kaikki liikkeet\u2013 pienimm\u00e4tkin liikkeet, kuten syke ja hengitys \u2013 heijastuvat jakkaran integroidun <strong>3D-istuinmekanismin ansiosta<\/strong> ja palautetaan jatkuvasti <strong>liike\u00e4rsykkein\u00e4 takaisin aivoihin<\/strong>. N\u00e4m\u00e4 \u00e4rsykkeet l\u00e4hetet\u00e4\u00e4n sitten erilaisten hierarkkisten tietokanavien kautta <strong>aivojen liikkumiskeskuksen verkkorakenteeseen<\/strong>. Ainutlaatuinen BIOSWING-tekniikka aktivoi t\u00e4m\u00e4n verkostorakenteen istuessasi automaattisesti, tukien sill\u00e4 suorituskyky\u00e4 ja luovuuden kehittymist\u00e4 entisest\u00e4\u00e4n.<\/p>\n<p>Foxteria k\u00e4ytet\u00e4\u00e4n my\u00f6s koulutusalalla: lastentarhanopettajat rakastavat niit\u00e4 v\u00e4h\u00e4isi\u00e4 liikkeit\u00e4, jotka mahdollistavat lyhyen kaasujousen avulla <strong>mukavan, selk\u00e4\u00e4 tukevan istumisen<\/strong>.<\/p>\n","protected":false},"featured_media":1100,"template":"","meta":[],"product_brand":[],"product_cat":[107,119],"product_tag":[],"class_list":{"0":"post-4138","1":"product","2":"type-product","3":"status-publish","4":"has-post-thumbnail","6":"product_cat-toimisto-ja-kotitoimisto","7":"product_cat-toimisto-ja-kotitoimisto-fi","9":"first","10":"instock","11":"sale","12":"taxable","13":"shipping-taxable","14":"purchasable","15":"product-type-simple"},"yoast_head":"<!-- This site is optimized with the Yoast SEO plugin v27.1.1 - https:\/\/yoast.com\/product\/yoast-seo-wordpress\/ -->\n<title>Foxter - BIOSWING<\/title>\n<meta name=\"robots\" content=\"noindex, follow, max-snippet:-1, max-image-preview:large, max-video-preview:-1\" \/>\n<meta property=\"og:locale\" content=\"fi_FI\" \/>\n<meta property=\"og:type\" content=\"article\" \/>\n<meta property=\"og:title\" content=\"Foxter - BIOSWING\" \/>\n<meta property=\"og:description\" content=\"Pikapalaveri on monitilatoimistojen uusin trendi. Tiimit tapaavat tiloissaan spontaanisti, jotta luovuus p\u00e4\u00e4sisi parhaiten valloilleen. Istuminen ja seisominen tapahtuvat vuorotellen, BIOSWING Foxter tarjoaa tukea istuessa ja pirist\u00e4\u00e4 samalla kehoa ja mielt\u00e4. Jakkaranmallinen, j\u00e4yk\u00e4st\u00e4 lattiasta irrotettu istuin toimii erityisell\u00e4 tavalla: se heijastaa kaikkia istujan impulsseja ainutlaatuisella tavalla ja laukaisee kehossa stimuloivan ja luovuutta lis\u00e4\u00e4v\u00e4n vaikutuksen. Jakkaran ominaisuuksista on sen helppok\u00e4ytt\u00f6isyyden ja jatkuvasti s\u00e4\u00e4dett\u00e4v\u00e4n korkeuden ansiosta hy\u00f6ty\u00e4 niin nuorille kuin vanhoillekin. Kaikki liikkeet\u2013 pienimm\u00e4tkin liikkeet, kuten syke ja hengitys \u2013 heijastuvat jakkaran integroidun 3D-istuinmekanismin ansiosta ja palautetaan jatkuvasti liike\u00e4rsykkein\u00e4 takaisin aivoihin. N\u00e4m\u00e4 \u00e4rsykkeet l\u00e4hetet\u00e4\u00e4n sitten erilaisten hierarkkisten tietokanavien kautta aivojen liikkumiskeskuksen verkkorakenteeseen. Ainutlaatuinen BIOSWING-tekniikka aktivoi t\u00e4m\u00e4n verkostorakenteen istuessasi automaattisesti, tukien sill\u00e4 suorituskyky\u00e4 ja luovuuden kehittymist\u00e4 entisest\u00e4\u00e4n. Foxteria k\u00e4ytet\u00e4\u00e4n my\u00f6s koulutusalalla: lastentarhanopettajat rakastavat niit\u00e4 v\u00e4h\u00e4isi\u00e4 liikkeit\u00e4, jotka mahdollistavat lyhyen kaasujousen avulla mukavan, selk\u00e4\u00e4 tukevan istumisen.\" \/>\n<meta property=\"og:url\" content=\"https:\/\/staging.bioswing.ee\/fi\/toode\/foxter\/\" \/>\n<meta property=\"og:site_name\" content=\"BIOSWING\" \/>\n<meta property=\"article:modified_time\" content=\"2023-08-24T13:03:08+00:00\" \/>\n<meta property=\"og:image\" content=\"https:\/\/bioswing.ee\/wp-content\/uploads\/2023\/04\/Foxter.jpg\" \/>\n\t<meta property=\"og:image:width\" content=\"1874\" \/>\n\t<meta property=\"og:image:height\" content=\"2500\" \/>\n\t<meta property=\"og:image:type\" content=\"image\/jpeg\" \/>\n<meta name=\"twitter:card\" content=\"summary_large_image\" \/>\n<script type=\"application\/ld+json\" class=\"yoast-schema-graph\">{\"@context\":\"https:\/\/schema.org\",\"@graph\":[{\"@type\":\"WebPage\",\"@id\":\"https:\/\/staging.bioswing.ee\/fi\/toode\/foxter\/\",\"url\":\"https:\/\/staging.bioswing.ee\/fi\/toode\/foxter\/\",\"name\":\"Foxter - BIOSWING\",\"isPartOf\":{\"@id\":\"https:\/\/staging.bioswing.ee\/fi\/#website\"},\"primaryImageOfPage\":{\"@id\":\"https:\/\/staging.bioswing.ee\/fi\/toode\/foxter\/#primaryimage\"},\"image\":{\"@id\":\"https:\/\/staging.bioswing.ee\/fi\/toode\/foxter\/#primaryimage\"},\"thumbnailUrl\":\"https:\/\/staging.bioswing.ee\/wp-content\/uploads\/2023\/04\/Foxter.jpg\",\"datePublished\":\"2023-04-13T11:21:14+00:00\",\"dateModified\":\"2023-08-24T13:03:08+00:00\",\"breadcrumb\":{\"@id\":\"https:\/\/staging.bioswing.ee\/fi\/toode\/foxter\/#breadcrumb\"},\"inLanguage\":\"fi\",\"potentialAction\":[{\"@type\":\"ReadAction\",\"target\":[\"https:\/\/staging.bioswing.ee\/fi\/toode\/foxter\/\"]}]},{\"@type\":\"ImageObject\",\"inLanguage\":\"fi\",\"@id\":\"https:\/\/staging.bioswing.ee\/fi\/toode\/foxter\/#primaryimage\",\"url\":\"https:\/\/staging.bioswing.ee\/wp-content\/uploads\/2023\/04\/Foxter.jpg\",\"contentUrl\":\"https:\/\/staging.bioswing.ee\/wp-content\/uploads\/2023\/04\/Foxter.jpg\",\"width\":1874,\"height\":2500},{\"@type\":\"BreadcrumbList\",\"@id\":\"https:\/\/staging.bioswing.ee\/fi\/toode\/foxter\/#breadcrumb\",\"itemListElement\":[{\"@type\":\"ListItem\",\"position\":1,\"name\":\"Home\",\"item\":\"https:\/\/bioswing.ee\/fi\/\"},{\"@type\":\"ListItem\",\"position\":2,\"name\":\"Shop\",\"item\":\"https:\/\/bioswing.ee\/fi\/shop-2\/\"},{\"@type\":\"ListItem\",\"position\":3,\"name\":\"Foxter\"}]},{\"@type\":\"WebSite\",\"@id\":\"https:\/\/staging.bioswing.ee\/fi\/#website\",\"url\":\"https:\/\/staging.bioswing.ee\/fi\/\",\"name\":\"BIOSWING\",\"description\":\"Smart solutions for healthy sitting\",\"publisher\":{\"@id\":\"https:\/\/staging.bioswing.ee\/fi\/#organization\"},\"potentialAction\":[{\"@type\":\"SearchAction\",\"target\":{\"@type\":\"EntryPoint\",\"urlTemplate\":\"https:\/\/staging.bioswing.ee\/fi\/?s={search_term_string}\"},\"query-input\":{\"@type\":\"PropertyValueSpecification\",\"valueRequired\":true,\"valueName\":\"search_term_string\"}}],\"inLanguage\":\"fi\"},{\"@type\":\"Organization\",\"@id\":\"https:\/\/staging.bioswing.ee\/fi\/#organization\",\"name\":\"BIOSWING\",\"url\":\"https:\/\/staging.bioswing.ee\/fi\/\",\"logo\":{\"@type\":\"ImageObject\",\"inLanguage\":\"fi\",\"@id\":\"https:\/\/staging.bioswing.ee\/fi\/#\/schema\/logo\/image\/\",\"url\":\"https:\/\/staging.bioswing.ee\/wp-content\/uploads\/2023\/04\/logo_web.png\",\"contentUrl\":\"https:\/\/staging.bioswing.ee\/wp-content\/uploads\/2023\/04\/logo_web.png\",\"width\":140,\"height\":122,\"caption\":\"BIOSWING\"},\"image\":{\"@id\":\"https:\/\/staging.bioswing.ee\/fi\/#\/schema\/logo\/image\/\"}}]}<\/script>\n<!-- \/ Yoast SEO plugin. -->","yoast_head_json":{"title":"Foxter - BIOSWING","robots":{"index":"noindex","follow":"follow","max-snippet":"max-snippet:-1","max-image-preview":"max-image-preview:large","max-video-preview":"max-video-preview:-1"},"og_locale":"fi_FI","og_type":"article","og_title":"Foxter - BIOSWING","og_description":"Pikapalaveri on monitilatoimistojen uusin trendi. Tiimit tapaavat tiloissaan spontaanisti, jotta luovuus p\u00e4\u00e4sisi parhaiten valloilleen. Istuminen ja seisominen tapahtuvat vuorotellen, BIOSWING Foxter tarjoaa tukea istuessa ja pirist\u00e4\u00e4 samalla kehoa ja mielt\u00e4. Jakkaranmallinen, j\u00e4yk\u00e4st\u00e4 lattiasta irrotettu istuin toimii erityisell\u00e4 tavalla: se heijastaa kaikkia istujan impulsseja ainutlaatuisella tavalla ja laukaisee kehossa stimuloivan ja luovuutta lis\u00e4\u00e4v\u00e4n vaikutuksen. Jakkaran ominaisuuksista on sen helppok\u00e4ytt\u00f6isyyden ja jatkuvasti s\u00e4\u00e4dett\u00e4v\u00e4n korkeuden ansiosta hy\u00f6ty\u00e4 niin nuorille kuin vanhoillekin. Kaikki liikkeet\u2013 pienimm\u00e4tkin liikkeet, kuten syke ja hengitys \u2013 heijastuvat jakkaran integroidun 3D-istuinmekanismin ansiosta ja palautetaan jatkuvasti liike\u00e4rsykkein\u00e4 takaisin aivoihin. N\u00e4m\u00e4 \u00e4rsykkeet l\u00e4hetet\u00e4\u00e4n sitten erilaisten hierarkkisten tietokanavien kautta aivojen liikkumiskeskuksen verkkorakenteeseen. Ainutlaatuinen BIOSWING-tekniikka aktivoi t\u00e4m\u00e4n verkostorakenteen istuessasi automaattisesti, tukien sill\u00e4 suorituskyky\u00e4 ja luovuuden kehittymist\u00e4 entisest\u00e4\u00e4n. Foxteria k\u00e4ytet\u00e4\u00e4n my\u00f6s koulutusalalla: lastentarhanopettajat rakastavat niit\u00e4 v\u00e4h\u00e4isi\u00e4 liikkeit\u00e4, jotka mahdollistavat lyhyen kaasujousen avulla mukavan, selk\u00e4\u00e4 tukevan istumisen.","og_url":"https:\/\/staging.bioswing.ee\/fi\/toode\/foxter\/","og_site_name":"BIOSWING","article_modified_time":"2023-08-24T13:03:08+00:00","og_image":[{"width":1874,"height":2500,"url":"https:\/\/bioswing.ee\/wp-content\/uploads\/2023\/04\/Foxter.jpg","type":"image\/jpeg"}],"twitter_card":"summary_large_image","schema":{"@context":"https:\/\/schema.org","@graph":[{"@type":"WebPage","@id":"https:\/\/staging.bioswing.ee\/fi\/toode\/foxter\/","url":"https:\/\/staging.bioswing.ee\/fi\/toode\/foxter\/","name":"Foxter - BIOSWING","isPartOf":{"@id":"https:\/\/staging.bioswing.ee\/fi\/#website"},"primaryImageOfPage":{"@id":"https:\/\/staging.bioswing.ee\/fi\/toode\/foxter\/#primaryimage"},"image":{"@id":"https:\/\/staging.bioswing.ee\/fi\/toode\/foxter\/#primaryimage"},"thumbnailUrl":"https:\/\/staging.bioswing.ee\/wp-content\/uploads\/2023\/04\/Foxter.jpg","datePublished":"2023-04-13T11:21:14+00:00","dateModified":"2023-08-24T13:03:08+00:00","breadcrumb":{"@id":"https:\/\/staging.bioswing.ee\/fi\/toode\/foxter\/#breadcrumb"},"inLanguage":"fi","potentialAction":[{"@type":"ReadAction","target":["https:\/\/staging.bioswing.ee\/fi\/toode\/foxter\/"]}]},{"@type":"ImageObject","inLanguage":"fi","@id":"https:\/\/staging.bioswing.ee\/fi\/toode\/foxter\/#primaryimage","url":"https:\/\/staging.bioswing.ee\/wp-content\/uploads\/2023\/04\/Foxter.jpg","contentUrl":"https:\/\/staging.bioswing.ee\/wp-content\/uploads\/2023\/04\/Foxter.jpg","width":1874,"height":2500},{"@type":"BreadcrumbList","@id":"https:\/\/staging.bioswing.ee\/fi\/toode\/foxter\/#breadcrumb","itemListElement":[{"@type":"ListItem","position":1,"name":"Home","item":"https:\/\/bioswing.ee\/fi\/"},{"@type":"ListItem","position":2,"name":"Shop","item":"https:\/\/bioswing.ee\/fi\/shop-2\/"},{"@type":"ListItem","position":3,"name":"Foxter"}]},{"@type":"WebSite","@id":"https:\/\/staging.bioswing.ee\/fi\/#website","url":"https:\/\/staging.bioswing.ee\/fi\/","name":"BIOSWING","description":"Smart solutions for healthy sitting","publisher":{"@id":"https:\/\/staging.bioswing.ee\/fi\/#organization"},"potentialAction":[{"@type":"SearchAction","target":{"@type":"EntryPoint","urlTemplate":"https:\/\/staging.bioswing.ee\/fi\/?s={search_term_string}"},"query-input":{"@type":"PropertyValueSpecification","valueRequired":true,"valueName":"search_term_string"}}],"inLanguage":"fi"},{"@type":"Organization","@id":"https:\/\/staging.bioswing.ee\/fi\/#organization","name":"BIOSWING","url":"https:\/\/staging.bioswing.ee\/fi\/","logo":{"@type":"ImageObject","inLanguage":"fi","@id":"https:\/\/staging.bioswing.ee\/fi\/#\/schema\/logo\/image\/","url":"https:\/\/staging.bioswing.ee\/wp-content\/uploads\/2023\/04\/logo_web.png","contentUrl":"https:\/\/staging.bioswing.ee\/wp-content\/uploads\/2023\/04\/logo_web.png","width":140,"height":122,"caption":"BIOSWING"},"image":{"@id":"https:\/\/staging.bioswing.ee\/fi\/#\/schema\/logo\/image\/"}}]}},"_links":{"self":[{"href":"https:\/\/staging.bioswing.ee\/fi\/wp-json\/wp\/v2\/product\/4138","targetHints":{"allow":["GET"]}}],"collection":[{"href":"https:\/\/staging.bioswing.ee\/fi\/wp-json\/wp\/v2\/product"}],"about":[{"href":"https:\/\/staging.bioswing.ee\/fi\/wp-json\/wp\/v2\/types\/product"}],"wp:featuredmedia":[{"embeddable":true,"href":"https:\/\/staging.bioswing.ee\/fi\/wp-json\/wp\/v2\/media\/1100"}],"wp:attachment":[{"href":"https:\/\/staging.bioswing.ee\/fi\/wp-json\/wp\/v2\/media?parent=4138"}],"wp:term":[{"taxonomy":"product_brand","embeddable":true,"href":"https:\/\/staging.bioswing.ee\/fi\/wp-json\/wp\/v2\/product_brand?post=4138"},{"taxonomy":"product_cat","embeddable":true,"href":"https:\/\/staging.bioswing.ee\/fi\/wp-json\/wp\/v2\/product_cat?post=4138"},{"taxonomy":"product_tag","embeddable":true,"href":"https:\/\/staging.bioswing.ee\/fi\/wp-json\/wp\/v2\/product_tag?post=4138"}],"curies":[{"name":"wp","href":"https:\/\/api.w.org\/{rel}","templated":true}]}}