{"id":12270,"date":"2023-11-16T11:47:03","date_gmt":"2023-11-16T11:47:03","guid":{"rendered":"https:\/\/staging.bioswing.ee\/toode\/bioswing-loop\/"},"modified":"2023-11-24T10:15:20","modified_gmt":"2023-11-24T10:15:20","slug":"bioswing-loop","status":"publish","type":"product","link":"https:\/\/staging.bioswing.ee\/fr\/toode\/bioswing-loop\/","title":{"rendered":"BIOSWING LOOP"},"content":{"rendered":"<p><strong>BIOSWING LOOP<\/strong><\/p>\n<ul>\n<li>Chaise universelle avec une efficacit\u00e9 ergonomique et orthop\u00e9dique pour le bureau et la maison<\/li>\n<li>Syst\u00e8me d&rsquo;assise 3D int\u00e9gr\u00e9 et adaptable<\/li>\n<li>Compensation automatique de la position assise<\/li>\n<li>Rev\u00eatement textile : Xtreme-FR noir (YS009) ou gris clair (YS094)<\/li>\n<li>Accoudoirs (hauteur fixe), aluminium poli<\/li>\n<li>Pi\u00e8tement : aluminium poli<\/li>\n<li>Roulettes : \u00f8 6 cm<\/li>\n<\/ul>\n<div style=\"width: 1200px;\" class=\"wp-video\"><video class=\"wp-video-shortcode\" id=\"video-12270-1\" width=\"1200\" height=\"675\" loop autoplay preload=\"metadata\" controls=\"controls\"><source type=\"video\/mp4\" src=\"https:\/\/staging.bioswing.ee\/wp-content\/uploads\/2023\/11\/website-loop_klein.mp4?_=1\" \/><a href=\"https:\/\/staging.bioswing.ee\/wp-content\/uploads\/2023\/11\/website-loop_klein.mp4\">https:\/\/staging.bioswing.ee\/wp-content\/uploads\/2023\/11\/website-loop_klein.mp4<\/a><\/video><\/div>\n<p><iframe title=\"YouTube video player\" src=\"https:\/\/www.youtube.com\/embed\/qK7H8w5w384?si=Agl9WEqG2YR7YQtd\" width=\"100%\" height=\"450\" frameborder=\"0\" allowfullscreen=\"allowfullscreen\"><\/iframe><\/p>\n","protected":false},"excerpt":{"rendered":"<h2>LOOP \u2013 Une solution intelligente alliant style et ergonomie.<\/h2>\n<p>La recherche a d\u00e9montr\u00e9 que la capacit\u00e9 physique et mentale est directement li\u00e9e \u00e0 l&rsquo;activit\u00e9 physique humaine. En bref, plus nous bougeons, plus nous sommes performants et cr\u00e9atifs.<\/p>\n<h3>BIOSWING LOOP agit comme un booster avec son mouvement d\u00e9licat, harmonieux et per\u00e7u comme l\u00e9ger, stimulant \u00e0 la fois le corps et l&rsquo;\u00e2me.<\/h3>\n<p><strong>Lesyst\u00e8me d&rsquo;assise 3D int\u00e9gr\u00e9 dans la<\/strong> conception de la chaise <strong>et adaptable<\/strong> aux besoins de l&rsquo;utilisateur, refl\u00e8te les moindres mouvements du corps, m\u00eame les plus minimes, tels que les battements de c\u0153ur et la respiration, et envoie ainsi en permanence des <strong>signaux de<\/strong> <strong>mouvement au cerveau<\/strong>.<\/p>\n<p>Dans le cerveau, les signaux entrants sont r\u00e9achemin\u00e9s de mani\u00e8re hi\u00e9rarchique dans diff\u00e9rentes liaisons de donn\u00e9es et int\u00e9gr\u00e9s dans le <strong>syst\u00e8me de r\u00e9seau locomoteur du cerveau<\/strong>. La technologie unique BIOSWING active automatiquement ces r\u00e9seaux m\u00eame en position assise, ce qui am\u00e9liore la cr\u00e9ativit\u00e9 et les performances.<\/p>\n","protected":false},"featured_media":12171,"template":"","meta":[],"product_brand":[],"product_cat":[305,307],"product_tag":[],"class_list":{"0":"post-12270","1":"product","2":"type-product","3":"status-publish","4":"has-post-thumbnail","6":"product_cat-bureau-et-bureau-a-domicile","7":"product_cat-reunion","9":"first","10":"instock","11":"taxable","12":"shipping-taxable","13":"purchasable","14":"product-type-variable"},"yoast_head":"<!-- This site is optimized with the Yoast SEO plugin v27.1.1 - https:\/\/yoast.com\/product\/yoast-seo-wordpress\/ -->\n<title>BIOSWING LOOP - BIOSWING<\/title>\n<meta name=\"robots\" content=\"noindex, follow, max-snippet:-1, max-image-preview:large, max-video-preview:-1\" \/>\n<meta property=\"og:locale\" content=\"fr_FR\" \/>\n<meta property=\"og:type\" content=\"article\" \/>\n<meta property=\"og:title\" content=\"BIOSWING LOOP - BIOSWING\" \/>\n<meta property=\"og:description\" content=\"LOOP \u2013 Une solution intelligente alliant style et ergonomie. La recherche a d\u00e9montr\u00e9 que la capacit\u00e9 physique et mentale est directement li\u00e9e \u00e0 l&#039;activit\u00e9 physique humaine. En bref, plus nous bougeons, plus nous sommes performants et cr\u00e9atifs. BIOSWING LOOP agit comme un booster avec son mouvement d\u00e9licat, harmonieux et per\u00e7u comme l\u00e9ger, stimulant \u00e0 la fois le corps et l&#039;\u00e2me. Lesyst\u00e8me d&#039;assise 3D int\u00e9gr\u00e9 dans la conception de la chaise et adaptable aux besoins de l&#039;utilisateur, refl\u00e8te les moindres mouvements du corps, m\u00eame les plus minimes, tels que les battements de c\u0153ur et la respiration, et envoie ainsi en permanence des signaux de mouvement au cerveau. Dans le cerveau, les signaux entrants sont r\u00e9achemin\u00e9s de mani\u00e8re hi\u00e9rarchique dans diff\u00e9rentes liaisons de donn\u00e9es et int\u00e9gr\u00e9s dans le syst\u00e8me de r\u00e9seau locomoteur du cerveau. La technologie unique BIOSWING active automatiquement ces r\u00e9seaux m\u00eame en position assise, ce qui am\u00e9liore la cr\u00e9ativit\u00e9 et les performances.\" \/>\n<meta property=\"og:url\" content=\"https:\/\/staging.bioswing.ee\/fr\/toode\/bioswing-loop\/\" \/>\n<meta property=\"og:site_name\" content=\"BIOSWING\" \/>\n<meta property=\"article:modified_time\" content=\"2023-11-24T10:15:20+00:00\" \/>\n<meta property=\"og:image\" content=\"https:\/\/bioswing.ee\/wp-content\/uploads\/2023\/11\/Loop_Produkt_Rollen_02-1.jpg\" \/>\n\t<meta property=\"og:image:width\" content=\"1874\" \/>\n\t<meta property=\"og:image:height\" content=\"2500\" \/>\n\t<meta property=\"og:image:type\" content=\"image\/jpeg\" \/>\n<meta name=\"twitter:card\" content=\"summary_large_image\" \/>\n<script type=\"application\/ld+json\" class=\"yoast-schema-graph\">{\"@context\":\"https:\/\/schema.org\",\"@graph\":[{\"@type\":\"WebPage\",\"@id\":\"https:\/\/staging.bioswing.ee\/fr\/toode\/bioswing-loop\/\",\"url\":\"https:\/\/staging.bioswing.ee\/fr\/toode\/bioswing-loop\/\",\"name\":\"BIOSWING LOOP - BIOSWING\",\"isPartOf\":{\"@id\":\"https:\/\/staging.bioswing.ee\/fr\/#website\"},\"primaryImageOfPage\":{\"@id\":\"https:\/\/staging.bioswing.ee\/fr\/toode\/bioswing-loop\/#primaryimage\"},\"image\":{\"@id\":\"https:\/\/staging.bioswing.ee\/fr\/toode\/bioswing-loop\/#primaryimage\"},\"thumbnailUrl\":\"https:\/\/staging.bioswing.ee\/wp-content\/uploads\/2023\/11\/Loop_Produkt_Rollen_02-1.jpg\",\"datePublished\":\"2023-11-16T11:47:03+00:00\",\"dateModified\":\"2023-11-24T10:15:20+00:00\",\"breadcrumb\":{\"@id\":\"https:\/\/staging.bioswing.ee\/fr\/toode\/bioswing-loop\/#breadcrumb\"},\"inLanguage\":\"fr-FR\",\"potentialAction\":[{\"@type\":\"ReadAction\",\"target\":[\"https:\/\/staging.bioswing.ee\/fr\/toode\/bioswing-loop\/\"]}]},{\"@type\":\"ImageObject\",\"inLanguage\":\"fr-FR\",\"@id\":\"https:\/\/staging.bioswing.ee\/fr\/toode\/bioswing-loop\/#primaryimage\",\"url\":\"https:\/\/staging.bioswing.ee\/wp-content\/uploads\/2023\/11\/Loop_Produkt_Rollen_02-1.jpg\",\"contentUrl\":\"https:\/\/staging.bioswing.ee\/wp-content\/uploads\/2023\/11\/Loop_Produkt_Rollen_02-1.jpg\",\"width\":1874,\"height\":2500},{\"@type\":\"BreadcrumbList\",\"@id\":\"https:\/\/staging.bioswing.ee\/fr\/toode\/bioswing-loop\/#breadcrumb\",\"itemListElement\":[{\"@type\":\"ListItem\",\"position\":1,\"name\":\"Home\",\"item\":\"https:\/\/bioswing.ee\/fr\/\"},{\"@type\":\"ListItem\",\"position\":2,\"name\":\"BOUTIQUE\",\"item\":\"https:\/\/bioswing.ee\/fr\/shop\/\"},{\"@type\":\"ListItem\",\"position\":3,\"name\":\"BIOSWING LOOP\"}]},{\"@type\":\"WebSite\",\"@id\":\"https:\/\/staging.bioswing.ee\/fr\/#website\",\"url\":\"https:\/\/staging.bioswing.ee\/fr\/\",\"name\":\"BIOSWING\",\"description\":\"Smart solutions for healthy sitting\",\"publisher\":{\"@id\":\"https:\/\/staging.bioswing.ee\/fr\/#organization\"},\"potentialAction\":[{\"@type\":\"SearchAction\",\"target\":{\"@type\":\"EntryPoint\",\"urlTemplate\":\"https:\/\/staging.bioswing.ee\/fr\/?s={search_term_string}\"},\"query-input\":{\"@type\":\"PropertyValueSpecification\",\"valueRequired\":true,\"valueName\":\"search_term_string\"}}],\"inLanguage\":\"fr-FR\"},{\"@type\":\"Organization\",\"@id\":\"https:\/\/staging.bioswing.ee\/fr\/#organization\",\"name\":\"BIOSWING\",\"url\":\"https:\/\/staging.bioswing.ee\/fr\/\",\"logo\":{\"@type\":\"ImageObject\",\"inLanguage\":\"fr-FR\",\"@id\":\"https:\/\/staging.bioswing.ee\/fr\/#\/schema\/logo\/image\/\",\"url\":\"https:\/\/staging.bioswing.ee\/wp-content\/uploads\/2023\/04\/logo_web.png\",\"contentUrl\":\"https:\/\/staging.bioswing.ee\/wp-content\/uploads\/2023\/04\/logo_web.png\",\"width\":140,\"height\":122,\"caption\":\"BIOSWING\"},\"image\":{\"@id\":\"https:\/\/staging.bioswing.ee\/fr\/#\/schema\/logo\/image\/\"}}]}<\/script>\n<!-- \/ Yoast SEO plugin. -->","yoast_head_json":{"title":"BIOSWING LOOP - BIOSWING","robots":{"index":"noindex","follow":"follow","max-snippet":"max-snippet:-1","max-image-preview":"max-image-preview:large","max-video-preview":"max-video-preview:-1"},"og_locale":"fr_FR","og_type":"article","og_title":"BIOSWING LOOP - BIOSWING","og_description":"LOOP \u2013 Une solution intelligente alliant style et ergonomie. La recherche a d\u00e9montr\u00e9 que la capacit\u00e9 physique et mentale est directement li\u00e9e \u00e0 l'activit\u00e9 physique humaine. En bref, plus nous bougeons, plus nous sommes performants et cr\u00e9atifs. BIOSWING LOOP agit comme un booster avec son mouvement d\u00e9licat, harmonieux et per\u00e7u comme l\u00e9ger, stimulant \u00e0 la fois le corps et l'\u00e2me. Lesyst\u00e8me d'assise 3D int\u00e9gr\u00e9 dans la conception de la chaise et adaptable aux besoins de l'utilisateur, refl\u00e8te les moindres mouvements du corps, m\u00eame les plus minimes, tels que les battements de c\u0153ur et la respiration, et envoie ainsi en permanence des signaux de mouvement au cerveau. Dans le cerveau, les signaux entrants sont r\u00e9achemin\u00e9s de mani\u00e8re hi\u00e9rarchique dans diff\u00e9rentes liaisons de donn\u00e9es et int\u00e9gr\u00e9s dans le syst\u00e8me de r\u00e9seau locomoteur du cerveau. La technologie unique BIOSWING active automatiquement ces r\u00e9seaux m\u00eame en position assise, ce qui am\u00e9liore la cr\u00e9ativit\u00e9 et les performances.","og_url":"https:\/\/staging.bioswing.ee\/fr\/toode\/bioswing-loop\/","og_site_name":"BIOSWING","article_modified_time":"2023-11-24T10:15:20+00:00","og_image":[{"width":1874,"height":2500,"url":"https:\/\/bioswing.ee\/wp-content\/uploads\/2023\/11\/Loop_Produkt_Rollen_02-1.jpg","type":"image\/jpeg"}],"twitter_card":"summary_large_image","schema":{"@context":"https:\/\/schema.org","@graph":[{"@type":"WebPage","@id":"https:\/\/staging.bioswing.ee\/fr\/toode\/bioswing-loop\/","url":"https:\/\/staging.bioswing.ee\/fr\/toode\/bioswing-loop\/","name":"BIOSWING LOOP - BIOSWING","isPartOf":{"@id":"https:\/\/staging.bioswing.ee\/fr\/#website"},"primaryImageOfPage":{"@id":"https:\/\/staging.bioswing.ee\/fr\/toode\/bioswing-loop\/#primaryimage"},"image":{"@id":"https:\/\/staging.bioswing.ee\/fr\/toode\/bioswing-loop\/#primaryimage"},"thumbnailUrl":"https:\/\/staging.bioswing.ee\/wp-content\/uploads\/2023\/11\/Loop_Produkt_Rollen_02-1.jpg","datePublished":"2023-11-16T11:47:03+00:00","dateModified":"2023-11-24T10:15:20+00:00","breadcrumb":{"@id":"https:\/\/staging.bioswing.ee\/fr\/toode\/bioswing-loop\/#breadcrumb"},"inLanguage":"fr-FR","potentialAction":[{"@type":"ReadAction","target":["https:\/\/staging.bioswing.ee\/fr\/toode\/bioswing-loop\/"]}]},{"@type":"ImageObject","inLanguage":"fr-FR","@id":"https:\/\/staging.bioswing.ee\/fr\/toode\/bioswing-loop\/#primaryimage","url":"https:\/\/staging.bioswing.ee\/wp-content\/uploads\/2023\/11\/Loop_Produkt_Rollen_02-1.jpg","contentUrl":"https:\/\/staging.bioswing.ee\/wp-content\/uploads\/2023\/11\/Loop_Produkt_Rollen_02-1.jpg","width":1874,"height":2500},{"@type":"BreadcrumbList","@id":"https:\/\/staging.bioswing.ee\/fr\/toode\/bioswing-loop\/#breadcrumb","itemListElement":[{"@type":"ListItem","position":1,"name":"Home","item":"https:\/\/bioswing.ee\/fr\/"},{"@type":"ListItem","position":2,"name":"BOUTIQUE","item":"https:\/\/bioswing.ee\/fr\/shop\/"},{"@type":"ListItem","position":3,"name":"BIOSWING LOOP"}]},{"@type":"WebSite","@id":"https:\/\/staging.bioswing.ee\/fr\/#website","url":"https:\/\/staging.bioswing.ee\/fr\/","name":"BIOSWING","description":"Smart solutions for healthy sitting","publisher":{"@id":"https:\/\/staging.bioswing.ee\/fr\/#organization"},"potentialAction":[{"@type":"SearchAction","target":{"@type":"EntryPoint","urlTemplate":"https:\/\/staging.bioswing.ee\/fr\/?s={search_term_string}"},"query-input":{"@type":"PropertyValueSpecification","valueRequired":true,"valueName":"search_term_string"}}],"inLanguage":"fr-FR"},{"@type":"Organization","@id":"https:\/\/staging.bioswing.ee\/fr\/#organization","name":"BIOSWING","url":"https:\/\/staging.bioswing.ee\/fr\/","logo":{"@type":"ImageObject","inLanguage":"fr-FR","@id":"https:\/\/staging.bioswing.ee\/fr\/#\/schema\/logo\/image\/","url":"https:\/\/staging.bioswing.ee\/wp-content\/uploads\/2023\/04\/logo_web.png","contentUrl":"https:\/\/staging.bioswing.ee\/wp-content\/uploads\/2023\/04\/logo_web.png","width":140,"height":122,"caption":"BIOSWING"},"image":{"@id":"https:\/\/staging.bioswing.ee\/fr\/#\/schema\/logo\/image\/"}}]}},"_links":{"self":[{"href":"https:\/\/staging.bioswing.ee\/fr\/wp-json\/wp\/v2\/product\/12270","targetHints":{"allow":["GET"]}}],"collection":[{"href":"https:\/\/staging.bioswing.ee\/fr\/wp-json\/wp\/v2\/product"}],"about":[{"href":"https:\/\/staging.bioswing.ee\/fr\/wp-json\/wp\/v2\/types\/product"}],"wp:featuredmedia":[{"embeddable":true,"href":"https:\/\/staging.bioswing.ee\/fr\/wp-json\/wp\/v2\/media\/12171"}],"wp:attachment":[{"href":"https:\/\/staging.bioswing.ee\/fr\/wp-json\/wp\/v2\/media?parent=12270"}],"wp:term":[{"taxonomy":"product_brand","embeddable":true,"href":"https:\/\/staging.bioswing.ee\/fr\/wp-json\/wp\/v2\/product_brand?post=12270"},{"taxonomy":"product_cat","embeddable":true,"href":"https:\/\/staging.bioswing.ee\/fr\/wp-json\/wp\/v2\/product_cat?post=12270"},{"taxonomy":"product_tag","embeddable":true,"href":"https:\/\/staging.bioswing.ee\/fr\/wp-json\/wp\/v2\/product_tag?post=12270"}],"curies":[{"name":"wp","href":"https:\/\/api.w.org\/{rel}","templated":true}]}}