{"id":13104,"date":"2023-11-17T11:25:34","date_gmt":"2023-11-17T11:25:34","guid":{"rendered":"https:\/\/staging.bioswing.ee\/toode\/oneup\/"},"modified":"2024-12-05T11:32:30","modified_gmt":"2024-12-05T11:32:30","slug":"oneup","status":"publish","type":"product","link":"https:\/\/staging.bioswing.ee\/fr\/toode\/oneup\/","title":{"rendered":"BIOSWING oneUP"},"content":{"rendered":"<p><strong>BIOSWING oneUP<\/strong><\/p>\n<ul>\n<li>Solution ergonomique et orthop\u00e9dique pour s&rsquo;asseoir et se tenir debout au bureau, \u00e0 la maison et au cabinet m\u00e9dical<\/li>\n<li>Syst\u00e8me d&rsquo;assise 3D int\u00e9gr\u00e9 et adaptable<\/li>\n<li>Si\u00e8ge-selle<\/li>\n<li>Dossier ergonomique oscillant et synchronis\u00e9 avec accoudoirs inclinables<\/li>\n<li>Appuie-t\u00eate r\u00e9glable individuellement<\/li>\n<li>M\u00e9canique de compensation de la position assise (frais suppl\u00e9mentaires) pour assurer un positionnement physiologiquement correct du bassin<\/li>\n<li>Rev\u00eatement textile : Felicity, noir<\/li>\n<li>Pi\u00e8tement : plastique<\/li>\n<li>Roulettes : \u00f8 60 mm<\/li>\n<li>Hauteur du dossier : 50 cm<\/li>\n<\/ul>\n<div style=\"width: 1200px;\" class=\"wp-video\"><video class=\"wp-video-shortcode\" id=\"video-13104-1\" width=\"1200\" height=\"675\" loop autoplay preload=\"metadata\" controls=\"controls\"><source type=\"video\/mp4\" src=\"https:\/\/staging.bioswing.ee\/wp-content\/uploads\/2023\/11\/oneUP_V2.mp4?_=1\" \/><a href=\"https:\/\/staging.bioswing.ee\/wp-content\/uploads\/2023\/11\/oneUP_V2.mp4\">https:\/\/staging.bioswing.ee\/wp-content\/uploads\/2023\/11\/oneUP_V2.mp4<\/a><\/video><\/div>\n<p><iframe title=\"YouTube video player\" src=\"https:\/\/www.youtube.com\/embed\/qK7H8w5w384?si=Agl9WEqG2YR7YQtd\" width=\"100%\" height=\"450\" frameborder=\"0\" allowfullscreen=\"allowfullscreen\"><\/iframe><\/p>\n","protected":false},"excerpt":{"rendered":"<h2>\u00ab Up and down \u2013 and turn around \u00bb est la devise de oneUP.<\/h2>\n<p>Avez-vous d\u00e9j\u00e0 test\u00e9 les multiples possibilit\u00e9s d&rsquo;une table r\u00e9glable en hauteur ?<br \/>\nToute position entre la position debout et la position assise sur\u00e9lev\u00e9e offre une grande vari\u00e9t\u00e9 de positions du corps.<br \/>\nL&rsquo;objectif principal est le suivant : <strong>plus vous changez de position souvent, mieux c&rsquo;est pour votre corps et votre esprit<\/strong>. Notre appareil de soutien locomoteur est programm\u00e9 pour bouger aussi bien en position debout qu&rsquo;en position assise.<\/p>\n<h2>BIOSWING oneUP est un v\u00e9ritable multitalent.<\/h2>\n<p>Il s&rsquo;agit d&rsquo;une <strong>solution intelligente pour tous ceux qui souhaitent combiner la position assise et la position debout<\/strong>, et constitue le point de d\u00e9part id\u00e9al pour un large choix de positions assises et d&rsquo;utilisations, ainsi que pour une assise tr\u00e8s mobile gr\u00e2ce au syst\u00e8me d&rsquo;assise 3D int\u00e9gr\u00e9.<br \/>\nQue vous soyez dans un <strong>salon d&rsquo;a\u00e9roport, dans un bureau \u00e0 domicile, dans un cabinet de physioth\u00e9rapie ou dans un bureau<\/strong>, oneUP vous maintient toujours en forme.<\/p>\n","protected":false},"featured_media":12195,"template":"","meta":[],"product_brand":[],"product_cat":[305],"product_tag":[],"class_list":{"0":"post-13104","1":"product","2":"type-product","3":"status-publish","4":"has-post-thumbnail","6":"product_cat-bureau-et-bureau-a-domicile","8":"first","9":"instock","10":"sale","11":"taxable","12":"shipping-taxable","13":"purchasable","14":"product-type-variable","15":"has-default-attributes"},"yoast_head":"<!-- This site is optimized with the Yoast SEO plugin v27.1.1 - https:\/\/yoast.com\/product\/yoast-seo-wordpress\/ -->\n<title>BIOSWING oneUP - BIOSWING<\/title>\n<meta name=\"robots\" content=\"noindex, follow, max-snippet:-1, max-image-preview:large, max-video-preview:-1\" \/>\n<meta property=\"og:locale\" content=\"fr_FR\" \/>\n<meta property=\"og:type\" content=\"article\" \/>\n<meta property=\"og:title\" content=\"BIOSWING oneUP - BIOSWING\" \/>\n<meta property=\"og:description\" content=\"\u00ab Up and down \u2013 and turn around \u00bb est la devise de oneUP. Avez-vous d\u00e9j\u00e0 test\u00e9 les multiples possibilit\u00e9s d&#039;une table r\u00e9glable en hauteur ? Toute position entre la position debout et la position assise sur\u00e9lev\u00e9e offre une grande vari\u00e9t\u00e9 de positions du corps. L&#039;objectif principal est le suivant : plus vous changez de position souvent, mieux c&#039;est pour votre corps et votre esprit. Notre appareil de soutien locomoteur est programm\u00e9 pour bouger aussi bien en position debout qu&#039;en position assise.  BIOSWING oneUP est un v\u00e9ritable multitalent. Il s&#039;agit d&#039;une solution intelligente pour tous ceux qui souhaitent combiner la position assise et la position debout, et constitue le point de d\u00e9part id\u00e9al pour un large choix de positions assises et d&#039;utilisations, ainsi que pour une assise tr\u00e8s mobile gr\u00e2ce au syst\u00e8me d&#039;assise 3D int\u00e9gr\u00e9. Que vous soyez dans un salon d&#039;a\u00e9roport, dans un bureau \u00e0 domicile, dans un cabinet de physioth\u00e9rapie ou dans un bureau, oneUP vous maintient toujours en forme.\" \/>\n<meta property=\"og:url\" content=\"https:\/\/staging.bioswing.ee\/fr\/toode\/oneup\/\" \/>\n<meta property=\"og:site_name\" content=\"BIOSWING\" \/>\n<meta property=\"article:modified_time\" content=\"2024-12-05T11:32:30+00:00\" \/>\n<meta property=\"og:image\" content=\"https:\/\/bioswing.ee\/wp-content\/uploads\/2023\/11\/oneUP_Produkt_01-1.jpg\" \/>\n\t<meta property=\"og:image:width\" content=\"1874\" \/>\n\t<meta property=\"og:image:height\" content=\"2500\" \/>\n\t<meta property=\"og:image:type\" content=\"image\/jpeg\" \/>\n<meta name=\"twitter:card\" content=\"summary_large_image\" \/>\n<script type=\"application\/ld+json\" class=\"yoast-schema-graph\">{\"@context\":\"https:\/\/schema.org\",\"@graph\":[{\"@type\":\"WebPage\",\"@id\":\"https:\/\/staging.bioswing.ee\/fr\/toode\/oneup\/\",\"url\":\"https:\/\/staging.bioswing.ee\/fr\/toode\/oneup\/\",\"name\":\"BIOSWING oneUP - BIOSWING\",\"isPartOf\":{\"@id\":\"https:\/\/staging.bioswing.ee\/fr\/#website\"},\"primaryImageOfPage\":{\"@id\":\"https:\/\/staging.bioswing.ee\/fr\/toode\/oneup\/#primaryimage\"},\"image\":{\"@id\":\"https:\/\/staging.bioswing.ee\/fr\/toode\/oneup\/#primaryimage\"},\"thumbnailUrl\":\"https:\/\/staging.bioswing.ee\/wp-content\/uploads\/2023\/11\/oneUP_Produkt_01-1.jpg\",\"datePublished\":\"2023-11-17T11:25:34+00:00\",\"dateModified\":\"2024-12-05T11:32:30+00:00\",\"breadcrumb\":{\"@id\":\"https:\/\/staging.bioswing.ee\/fr\/toode\/oneup\/#breadcrumb\"},\"inLanguage\":\"fr-FR\",\"potentialAction\":[{\"@type\":\"ReadAction\",\"target\":[\"https:\/\/staging.bioswing.ee\/fr\/toode\/oneup\/\"]}]},{\"@type\":\"ImageObject\",\"inLanguage\":\"fr-FR\",\"@id\":\"https:\/\/staging.bioswing.ee\/fr\/toode\/oneup\/#primaryimage\",\"url\":\"https:\/\/staging.bioswing.ee\/wp-content\/uploads\/2023\/11\/oneUP_Produkt_01-1.jpg\",\"contentUrl\":\"https:\/\/staging.bioswing.ee\/wp-content\/uploads\/2023\/11\/oneUP_Produkt_01-1.jpg\",\"width\":1874,\"height\":2500},{\"@type\":\"BreadcrumbList\",\"@id\":\"https:\/\/staging.bioswing.ee\/fr\/toode\/oneup\/#breadcrumb\",\"itemListElement\":[{\"@type\":\"ListItem\",\"position\":1,\"name\":\"Home\",\"item\":\"https:\/\/bioswing.ee\/fr\/\"},{\"@type\":\"ListItem\",\"position\":2,\"name\":\"BOUTIQUE\",\"item\":\"https:\/\/bioswing.ee\/fr\/shop\/\"},{\"@type\":\"ListItem\",\"position\":3,\"name\":\"BIOSWING oneUP\"}]},{\"@type\":\"WebSite\",\"@id\":\"https:\/\/staging.bioswing.ee\/fr\/#website\",\"url\":\"https:\/\/staging.bioswing.ee\/fr\/\",\"name\":\"BIOSWING\",\"description\":\"Smart solutions for healthy sitting\",\"publisher\":{\"@id\":\"https:\/\/staging.bioswing.ee\/fr\/#organization\"},\"potentialAction\":[{\"@type\":\"SearchAction\",\"target\":{\"@type\":\"EntryPoint\",\"urlTemplate\":\"https:\/\/staging.bioswing.ee\/fr\/?s={search_term_string}\"},\"query-input\":{\"@type\":\"PropertyValueSpecification\",\"valueRequired\":true,\"valueName\":\"search_term_string\"}}],\"inLanguage\":\"fr-FR\"},{\"@type\":\"Organization\",\"@id\":\"https:\/\/staging.bioswing.ee\/fr\/#organization\",\"name\":\"BIOSWING\",\"url\":\"https:\/\/staging.bioswing.ee\/fr\/\",\"logo\":{\"@type\":\"ImageObject\",\"inLanguage\":\"fr-FR\",\"@id\":\"https:\/\/staging.bioswing.ee\/fr\/#\/schema\/logo\/image\/\",\"url\":\"https:\/\/staging.bioswing.ee\/wp-content\/uploads\/2023\/04\/logo_web.png\",\"contentUrl\":\"https:\/\/staging.bioswing.ee\/wp-content\/uploads\/2023\/04\/logo_web.png\",\"width\":140,\"height\":122,\"caption\":\"BIOSWING\"},\"image\":{\"@id\":\"https:\/\/staging.bioswing.ee\/fr\/#\/schema\/logo\/image\/\"}}]}<\/script>\n<!-- \/ Yoast SEO plugin. -->","yoast_head_json":{"title":"BIOSWING oneUP - BIOSWING","robots":{"index":"noindex","follow":"follow","max-snippet":"max-snippet:-1","max-image-preview":"max-image-preview:large","max-video-preview":"max-video-preview:-1"},"og_locale":"fr_FR","og_type":"article","og_title":"BIOSWING oneUP - BIOSWING","og_description":"\u00ab Up and down \u2013 and turn around \u00bb est la devise de oneUP. Avez-vous d\u00e9j\u00e0 test\u00e9 les multiples possibilit\u00e9s d'une table r\u00e9glable en hauteur ? Toute position entre la position debout et la position assise sur\u00e9lev\u00e9e offre une grande vari\u00e9t\u00e9 de positions du corps. L'objectif principal est le suivant : plus vous changez de position souvent, mieux c'est pour votre corps et votre esprit. Notre appareil de soutien locomoteur est programm\u00e9 pour bouger aussi bien en position debout qu'en position assise.  BIOSWING oneUP est un v\u00e9ritable multitalent. Il s'agit d'une solution intelligente pour tous ceux qui souhaitent combiner la position assise et la position debout, et constitue le point de d\u00e9part id\u00e9al pour un large choix de positions assises et d'utilisations, ainsi que pour une assise tr\u00e8s mobile gr\u00e2ce au syst\u00e8me d'assise 3D int\u00e9gr\u00e9. Que vous soyez dans un salon d'a\u00e9roport, dans un bureau \u00e0 domicile, dans un cabinet de physioth\u00e9rapie ou dans un bureau, oneUP vous maintient toujours en forme.","og_url":"https:\/\/staging.bioswing.ee\/fr\/toode\/oneup\/","og_site_name":"BIOSWING","article_modified_time":"2024-12-05T11:32:30+00:00","og_image":[{"width":1874,"height":2500,"url":"https:\/\/bioswing.ee\/wp-content\/uploads\/2023\/11\/oneUP_Produkt_01-1.jpg","type":"image\/jpeg"}],"twitter_card":"summary_large_image","schema":{"@context":"https:\/\/schema.org","@graph":[{"@type":"WebPage","@id":"https:\/\/staging.bioswing.ee\/fr\/toode\/oneup\/","url":"https:\/\/staging.bioswing.ee\/fr\/toode\/oneup\/","name":"BIOSWING oneUP - BIOSWING","isPartOf":{"@id":"https:\/\/staging.bioswing.ee\/fr\/#website"},"primaryImageOfPage":{"@id":"https:\/\/staging.bioswing.ee\/fr\/toode\/oneup\/#primaryimage"},"image":{"@id":"https:\/\/staging.bioswing.ee\/fr\/toode\/oneup\/#primaryimage"},"thumbnailUrl":"https:\/\/staging.bioswing.ee\/wp-content\/uploads\/2023\/11\/oneUP_Produkt_01-1.jpg","datePublished":"2023-11-17T11:25:34+00:00","dateModified":"2024-12-05T11:32:30+00:00","breadcrumb":{"@id":"https:\/\/staging.bioswing.ee\/fr\/toode\/oneup\/#breadcrumb"},"inLanguage":"fr-FR","potentialAction":[{"@type":"ReadAction","target":["https:\/\/staging.bioswing.ee\/fr\/toode\/oneup\/"]}]},{"@type":"ImageObject","inLanguage":"fr-FR","@id":"https:\/\/staging.bioswing.ee\/fr\/toode\/oneup\/#primaryimage","url":"https:\/\/staging.bioswing.ee\/wp-content\/uploads\/2023\/11\/oneUP_Produkt_01-1.jpg","contentUrl":"https:\/\/staging.bioswing.ee\/wp-content\/uploads\/2023\/11\/oneUP_Produkt_01-1.jpg","width":1874,"height":2500},{"@type":"BreadcrumbList","@id":"https:\/\/staging.bioswing.ee\/fr\/toode\/oneup\/#breadcrumb","itemListElement":[{"@type":"ListItem","position":1,"name":"Home","item":"https:\/\/bioswing.ee\/fr\/"},{"@type":"ListItem","position":2,"name":"BOUTIQUE","item":"https:\/\/bioswing.ee\/fr\/shop\/"},{"@type":"ListItem","position":3,"name":"BIOSWING oneUP"}]},{"@type":"WebSite","@id":"https:\/\/staging.bioswing.ee\/fr\/#website","url":"https:\/\/staging.bioswing.ee\/fr\/","name":"BIOSWING","description":"Smart solutions for healthy sitting","publisher":{"@id":"https:\/\/staging.bioswing.ee\/fr\/#organization"},"potentialAction":[{"@type":"SearchAction","target":{"@type":"EntryPoint","urlTemplate":"https:\/\/staging.bioswing.ee\/fr\/?s={search_term_string}"},"query-input":{"@type":"PropertyValueSpecification","valueRequired":true,"valueName":"search_term_string"}}],"inLanguage":"fr-FR"},{"@type":"Organization","@id":"https:\/\/staging.bioswing.ee\/fr\/#organization","name":"BIOSWING","url":"https:\/\/staging.bioswing.ee\/fr\/","logo":{"@type":"ImageObject","inLanguage":"fr-FR","@id":"https:\/\/staging.bioswing.ee\/fr\/#\/schema\/logo\/image\/","url":"https:\/\/staging.bioswing.ee\/wp-content\/uploads\/2023\/04\/logo_web.png","contentUrl":"https:\/\/staging.bioswing.ee\/wp-content\/uploads\/2023\/04\/logo_web.png","width":140,"height":122,"caption":"BIOSWING"},"image":{"@id":"https:\/\/staging.bioswing.ee\/fr\/#\/schema\/logo\/image\/"}}]}},"_links":{"self":[{"href":"https:\/\/staging.bioswing.ee\/fr\/wp-json\/wp\/v2\/product\/13104","targetHints":{"allow":["GET"]}}],"collection":[{"href":"https:\/\/staging.bioswing.ee\/fr\/wp-json\/wp\/v2\/product"}],"about":[{"href":"https:\/\/staging.bioswing.ee\/fr\/wp-json\/wp\/v2\/types\/product"}],"wp:featuredmedia":[{"embeddable":true,"href":"https:\/\/staging.bioswing.ee\/fr\/wp-json\/wp\/v2\/media\/12195"}],"wp:attachment":[{"href":"https:\/\/staging.bioswing.ee\/fr\/wp-json\/wp\/v2\/media?parent=13104"}],"wp:term":[{"taxonomy":"product_brand","embeddable":true,"href":"https:\/\/staging.bioswing.ee\/fr\/wp-json\/wp\/v2\/product_brand?post=13104"},{"taxonomy":"product_cat","embeddable":true,"href":"https:\/\/staging.bioswing.ee\/fr\/wp-json\/wp\/v2\/product_cat?post=13104"},{"taxonomy":"product_tag","embeddable":true,"href":"https:\/\/staging.bioswing.ee\/fr\/wp-json\/wp\/v2\/product_tag?post=13104"}],"curies":[{"name":"wp","href":"https:\/\/api.w.org\/{rel}","templated":true}]}}