{"id":15497,"date":"2024-11-22T06:47:20","date_gmt":"2024-11-22T06:47:20","guid":{"rendered":"https:\/\/staging.bioswing.ee\/toode\/bioswing-rolling-stand-improve\/"},"modified":"2024-11-28T13:31:40","modified_gmt":"2024-11-28T13:31:40","slug":"bioswing-rolling-stand-improve","status":"publish","type":"product","link":"https:\/\/staging.bioswing.ee\/fr\/toode\/bioswing-rolling-stand-improve\/","title":{"rendered":"Support roulant BIOSWING\u00ae"},"content":{"rendered":"","protected":false},"excerpt":{"rendered":"<p>Le tr\u00e9pied est utilis\u00e9 pour le stockage suspendu optimal de jusqu\u2019\u00e0 20 appareils BIOSWING Propriomed<sup>\u00ae<\/sup> ou Improve<sup>\u00ae<\/sup>. Le support en acier rev\u00eatu est mobile et peut \u00eatre verrouill\u00e9 avec un verrou \u00e0 ba\u00efonnette et un cadenas (non inclus dans la livraison) pour s\u00e9curiser les b\u00e2tons. <\/p>\n<ul>\n<li>20 supports verrouillables \/ Option verrouillable (cadenas non inclus)<\/li>\n<li>Acier rev\u00eatu argent\u00e9 avec verrou \u00e0 ba\u00efonnette rouge<\/li>\n<li>Base en aluminium argent\u00e9 avec roues de 65 mm<\/li>\n<li>Inclut le mat\u00e9riel de montage<\/li>\n<\/ul>\n","protected":false},"featured_media":14400,"template":"","meta":[],"product_brand":[],"product_cat":[831],"product_tag":[],"class_list":{"0":"post-15497","1":"product","2":"type-product","3":"status-publish","4":"has-post-thumbnail","6":"product_cat-improve-fr","8":"first","9":"instock","10":"taxable","11":"shipping-taxable","12":"purchasable","13":"product-type-simple"},"yoast_head":"<!-- This site is optimized with the Yoast SEO plugin v27.1.1 - https:\/\/yoast.com\/product\/yoast-seo-wordpress\/ -->\n<title>Support roulant BIOSWING\u00ae - BIOSWING<\/title>\n<meta name=\"robots\" content=\"noindex, follow, max-snippet:-1, max-image-preview:large, max-video-preview:-1\" \/>\n<meta property=\"og:locale\" content=\"fr_FR\" \/>\n<meta property=\"og:type\" content=\"article\" \/>\n<meta property=\"og:title\" content=\"Support roulant BIOSWING\u00ae - BIOSWING\" \/>\n<meta property=\"og:description\" content=\"Le tr\u00e9pied est utilis\u00e9 pour le stockage suspendu optimal de jusqu\u2019\u00e0 20 appareils BIOSWING Propriomed\u00ae ou Improve\u00ae. Le support en acier rev\u00eatu est mobile et peut \u00eatre verrouill\u00e9 avec un verrou \u00e0 ba\u00efonnette et un cadenas (non inclus dans la livraison) pour s\u00e9curiser les b\u00e2tons.   20 supports verrouillables \/ Option verrouillable (cadenas non inclus)  Acier rev\u00eatu argent\u00e9 avec verrou \u00e0 ba\u00efonnette rouge  Base en aluminium argent\u00e9 avec roues de 65 mm  Inclut le mat\u00e9riel de montage\" \/>\n<meta property=\"og:url\" content=\"https:\/\/staging.bioswing.ee\/fr\/toode\/bioswing-rolling-stand-improve\/\" \/>\n<meta property=\"og:site_name\" content=\"BIOSWING\" \/>\n<meta property=\"article:modified_time\" content=\"2024-11-28T13:31:40+00:00\" \/>\n<meta property=\"og:image\" content=\"https:\/\/bioswing.ee\/wp-content\/uploads\/2024\/11\/Improve-stand.jpg\" \/>\n\t<meta property=\"og:image:width\" content=\"1500\" \/>\n\t<meta property=\"og:image:height\" content=\"2000\" \/>\n\t<meta property=\"og:image:type\" content=\"image\/jpeg\" \/>\n<meta name=\"twitter:card\" content=\"summary_large_image\" \/>\n<script type=\"application\/ld+json\" class=\"yoast-schema-graph\">{\"@context\":\"https:\/\/schema.org\",\"@graph\":[{\"@type\":\"WebPage\",\"@id\":\"https:\/\/staging.bioswing.ee\/fr\/toode\/bioswing-rolling-stand-improve\/\",\"url\":\"https:\/\/staging.bioswing.ee\/fr\/toode\/bioswing-rolling-stand-improve\/\",\"name\":\"Support roulant BIOSWING\u00ae - BIOSWING\",\"isPartOf\":{\"@id\":\"https:\/\/staging.bioswing.ee\/fr\/#website\"},\"primaryImageOfPage\":{\"@id\":\"https:\/\/staging.bioswing.ee\/fr\/toode\/bioswing-rolling-stand-improve\/#primaryimage\"},\"image\":{\"@id\":\"https:\/\/staging.bioswing.ee\/fr\/toode\/bioswing-rolling-stand-improve\/#primaryimage\"},\"thumbnailUrl\":\"https:\/\/staging.bioswing.ee\/wp-content\/uploads\/2024\/11\/Improve-stand.jpg\",\"datePublished\":\"2024-11-22T06:47:20+00:00\",\"dateModified\":\"2024-11-28T13:31:40+00:00\",\"breadcrumb\":{\"@id\":\"https:\/\/staging.bioswing.ee\/fr\/toode\/bioswing-rolling-stand-improve\/#breadcrumb\"},\"inLanguage\":\"fr-FR\",\"potentialAction\":[{\"@type\":\"ReadAction\",\"target\":[\"https:\/\/staging.bioswing.ee\/fr\/toode\/bioswing-rolling-stand-improve\/\"]}]},{\"@type\":\"ImageObject\",\"inLanguage\":\"fr-FR\",\"@id\":\"https:\/\/staging.bioswing.ee\/fr\/toode\/bioswing-rolling-stand-improve\/#primaryimage\",\"url\":\"https:\/\/staging.bioswing.ee\/wp-content\/uploads\/2024\/11\/Improve-stand.jpg\",\"contentUrl\":\"https:\/\/staging.bioswing.ee\/wp-content\/uploads\/2024\/11\/Improve-stand.jpg\",\"width\":1500,\"height\":2000,\"caption\":\"BIOSWING Improve\u00ae stand\"},{\"@type\":\"BreadcrumbList\",\"@id\":\"https:\/\/staging.bioswing.ee\/fr\/toode\/bioswing-rolling-stand-improve\/#breadcrumb\",\"itemListElement\":[{\"@type\":\"ListItem\",\"position\":1,\"name\":\"Home\",\"item\":\"https:\/\/bioswing.ee\/fr\/\"},{\"@type\":\"ListItem\",\"position\":2,\"name\":\"BOUTIQUE\",\"item\":\"https:\/\/bioswing.ee\/fr\/shop\/\"},{\"@type\":\"ListItem\",\"position\":3,\"name\":\"Support roulant BIOSWING\u00ae\"}]},{\"@type\":\"WebSite\",\"@id\":\"https:\/\/staging.bioswing.ee\/fr\/#website\",\"url\":\"https:\/\/staging.bioswing.ee\/fr\/\",\"name\":\"BIOSWING\",\"description\":\"Smart solutions for healthy sitting\",\"publisher\":{\"@id\":\"https:\/\/staging.bioswing.ee\/fr\/#organization\"},\"potentialAction\":[{\"@type\":\"SearchAction\",\"target\":{\"@type\":\"EntryPoint\",\"urlTemplate\":\"https:\/\/staging.bioswing.ee\/fr\/?s={search_term_string}\"},\"query-input\":{\"@type\":\"PropertyValueSpecification\",\"valueRequired\":true,\"valueName\":\"search_term_string\"}}],\"inLanguage\":\"fr-FR\"},{\"@type\":\"Organization\",\"@id\":\"https:\/\/staging.bioswing.ee\/fr\/#organization\",\"name\":\"BIOSWING\",\"url\":\"https:\/\/staging.bioswing.ee\/fr\/\",\"logo\":{\"@type\":\"ImageObject\",\"inLanguage\":\"fr-FR\",\"@id\":\"https:\/\/staging.bioswing.ee\/fr\/#\/schema\/logo\/image\/\",\"url\":\"https:\/\/staging.bioswing.ee\/wp-content\/uploads\/2023\/04\/logo_web.png\",\"contentUrl\":\"https:\/\/staging.bioswing.ee\/wp-content\/uploads\/2023\/04\/logo_web.png\",\"width\":140,\"height\":122,\"caption\":\"BIOSWING\"},\"image\":{\"@id\":\"https:\/\/staging.bioswing.ee\/fr\/#\/schema\/logo\/image\/\"}}]}<\/script>\n<!-- \/ Yoast SEO plugin. -->","yoast_head_json":{"title":"Support roulant BIOSWING\u00ae - BIOSWING","robots":{"index":"noindex","follow":"follow","max-snippet":"max-snippet:-1","max-image-preview":"max-image-preview:large","max-video-preview":"max-video-preview:-1"},"og_locale":"fr_FR","og_type":"article","og_title":"Support roulant BIOSWING\u00ae - BIOSWING","og_description":"Le tr\u00e9pied est utilis\u00e9 pour le stockage suspendu optimal de jusqu\u2019\u00e0 20 appareils BIOSWING Propriomed\u00ae ou Improve\u00ae. Le support en acier rev\u00eatu est mobile et peut \u00eatre verrouill\u00e9 avec un verrou \u00e0 ba\u00efonnette et un cadenas (non inclus dans la livraison) pour s\u00e9curiser les b\u00e2tons.   20 supports verrouillables \/ Option verrouillable (cadenas non inclus)  Acier rev\u00eatu argent\u00e9 avec verrou \u00e0 ba\u00efonnette rouge  Base en aluminium argent\u00e9 avec roues de 65 mm  Inclut le mat\u00e9riel de montage","og_url":"https:\/\/staging.bioswing.ee\/fr\/toode\/bioswing-rolling-stand-improve\/","og_site_name":"BIOSWING","article_modified_time":"2024-11-28T13:31:40+00:00","og_image":[{"width":1500,"height":2000,"url":"https:\/\/bioswing.ee\/wp-content\/uploads\/2024\/11\/Improve-stand.jpg","type":"image\/jpeg"}],"twitter_card":"summary_large_image","schema":{"@context":"https:\/\/schema.org","@graph":[{"@type":"WebPage","@id":"https:\/\/staging.bioswing.ee\/fr\/toode\/bioswing-rolling-stand-improve\/","url":"https:\/\/staging.bioswing.ee\/fr\/toode\/bioswing-rolling-stand-improve\/","name":"Support roulant BIOSWING\u00ae - BIOSWING","isPartOf":{"@id":"https:\/\/staging.bioswing.ee\/fr\/#website"},"primaryImageOfPage":{"@id":"https:\/\/staging.bioswing.ee\/fr\/toode\/bioswing-rolling-stand-improve\/#primaryimage"},"image":{"@id":"https:\/\/staging.bioswing.ee\/fr\/toode\/bioswing-rolling-stand-improve\/#primaryimage"},"thumbnailUrl":"https:\/\/staging.bioswing.ee\/wp-content\/uploads\/2024\/11\/Improve-stand.jpg","datePublished":"2024-11-22T06:47:20+00:00","dateModified":"2024-11-28T13:31:40+00:00","breadcrumb":{"@id":"https:\/\/staging.bioswing.ee\/fr\/toode\/bioswing-rolling-stand-improve\/#breadcrumb"},"inLanguage":"fr-FR","potentialAction":[{"@type":"ReadAction","target":["https:\/\/staging.bioswing.ee\/fr\/toode\/bioswing-rolling-stand-improve\/"]}]},{"@type":"ImageObject","inLanguage":"fr-FR","@id":"https:\/\/staging.bioswing.ee\/fr\/toode\/bioswing-rolling-stand-improve\/#primaryimage","url":"https:\/\/staging.bioswing.ee\/wp-content\/uploads\/2024\/11\/Improve-stand.jpg","contentUrl":"https:\/\/staging.bioswing.ee\/wp-content\/uploads\/2024\/11\/Improve-stand.jpg","width":1500,"height":2000,"caption":"BIOSWING Improve\u00ae stand"},{"@type":"BreadcrumbList","@id":"https:\/\/staging.bioswing.ee\/fr\/toode\/bioswing-rolling-stand-improve\/#breadcrumb","itemListElement":[{"@type":"ListItem","position":1,"name":"Home","item":"https:\/\/bioswing.ee\/fr\/"},{"@type":"ListItem","position":2,"name":"BOUTIQUE","item":"https:\/\/bioswing.ee\/fr\/shop\/"},{"@type":"ListItem","position":3,"name":"Support roulant BIOSWING\u00ae"}]},{"@type":"WebSite","@id":"https:\/\/staging.bioswing.ee\/fr\/#website","url":"https:\/\/staging.bioswing.ee\/fr\/","name":"BIOSWING","description":"Smart solutions for healthy sitting","publisher":{"@id":"https:\/\/staging.bioswing.ee\/fr\/#organization"},"potentialAction":[{"@type":"SearchAction","target":{"@type":"EntryPoint","urlTemplate":"https:\/\/staging.bioswing.ee\/fr\/?s={search_term_string}"},"query-input":{"@type":"PropertyValueSpecification","valueRequired":true,"valueName":"search_term_string"}}],"inLanguage":"fr-FR"},{"@type":"Organization","@id":"https:\/\/staging.bioswing.ee\/fr\/#organization","name":"BIOSWING","url":"https:\/\/staging.bioswing.ee\/fr\/","logo":{"@type":"ImageObject","inLanguage":"fr-FR","@id":"https:\/\/staging.bioswing.ee\/fr\/#\/schema\/logo\/image\/","url":"https:\/\/staging.bioswing.ee\/wp-content\/uploads\/2023\/04\/logo_web.png","contentUrl":"https:\/\/staging.bioswing.ee\/wp-content\/uploads\/2023\/04\/logo_web.png","width":140,"height":122,"caption":"BIOSWING"},"image":{"@id":"https:\/\/staging.bioswing.ee\/fr\/#\/schema\/logo\/image\/"}}]}},"_links":{"self":[{"href":"https:\/\/staging.bioswing.ee\/fr\/wp-json\/wp\/v2\/product\/15497","targetHints":{"allow":["GET"]}}],"collection":[{"href":"https:\/\/staging.bioswing.ee\/fr\/wp-json\/wp\/v2\/product"}],"about":[{"href":"https:\/\/staging.bioswing.ee\/fr\/wp-json\/wp\/v2\/types\/product"}],"wp:featuredmedia":[{"embeddable":true,"href":"https:\/\/staging.bioswing.ee\/fr\/wp-json\/wp\/v2\/media\/14400"}],"wp:attachment":[{"href":"https:\/\/staging.bioswing.ee\/fr\/wp-json\/wp\/v2\/media?parent=15497"}],"wp:term":[{"taxonomy":"product_brand","embeddable":true,"href":"https:\/\/staging.bioswing.ee\/fr\/wp-json\/wp\/v2\/product_brand?post=15497"},{"taxonomy":"product_cat","embeddable":true,"href":"https:\/\/staging.bioswing.ee\/fr\/wp-json\/wp\/v2\/product_cat?post=15497"},{"taxonomy":"product_tag","embeddable":true,"href":"https:\/\/staging.bioswing.ee\/fr\/wp-json\/wp\/v2\/product_tag?post=15497"}],"curies":[{"name":"wp","href":"https:\/\/api.w.org\/{rel}","templated":true}]}}