{"id":15535,"date":"2024-11-21T14:33:29","date_gmt":"2024-11-21T14:33:29","guid":{"rendered":"https:\/\/staging.bioswing.ee\/toode\/bioswing-improve-150\/"},"modified":"2024-12-05T13:18:02","modified_gmt":"2024-12-05T13:18:02","slug":"bioswing-improve-150","status":"publish","type":"product","link":"https:\/\/staging.bioswing.ee\/fr\/toode\/bioswing-improve-150\/","title":{"rendered":"BIOSWING Improve\u00ae 150"},"content":{"rendered":"","protected":false},"excerpt":{"rendered":"<p><strong>BIOSWING Improve<sup>\u00ae<\/sup> 150<\/strong> : Avec une longueur de 150 cm et des fr\u00e9quences r\u00e9glables en continu de 3,8 \u00e0 4,8 oscillations par seconde, ce b\u00e2ton oscillant est parfait pour l\u2019entra\u00eenement sant\u00e9 et fitness, ainsi que pour les enfants d\u2019environ six ans et plus.<\/p>\n<ul>\n<li>Poign\u00e9e\/\u00c9l\u00e9ments d\u2019amortissement : Noir Desmopan\u00ae<\/li>\n<li>Fil de balancement: Argent, acier \u00e0 ressort raffin\u00e9 plusieurs fois<\/li>\n<li>Embouts\/R\u00e9gulateur de fr\u00e9quence : Noir PU avec bandes grises<\/li>\n<li>Livr\u00e9 dans un sac de transport avec bandouli\u00e8re<\/li>\n<\/ul>\n<p><iframe title=\"YouTube video player\" src=\"https:\/\/www.youtube.com\/embed\/QaT-O9yNqYc?si=rqKlGGFH7zPSjBrT\" width=\"100%\" height=\"315\" frameborder=\"0\" allowfullscreen=\"allowfullscreen\"><\/iframe><\/p>\n","protected":false},"featured_media":14390,"template":"","meta":[],"product_brand":[],"product_cat":[831],"product_tag":[],"class_list":{"0":"post-15535","1":"product","2":"type-product","3":"status-publish","4":"has-post-thumbnail","6":"product_cat-improve-fr","8":"first","9":"instock","10":"taxable","11":"shipping-taxable","12":"purchasable","13":"product-type-simple"},"yoast_head":"<!-- This site is optimized with the Yoast SEO plugin v27.1.1 - https:\/\/yoast.com\/product\/yoast-seo-wordpress\/ -->\n<title>BIOSWING Improve\u00ae 150 - BIOSWING<\/title>\n<meta name=\"robots\" content=\"noindex, follow, max-snippet:-1, max-image-preview:large, max-video-preview:-1\" \/>\n<meta property=\"og:locale\" content=\"fr_FR\" \/>\n<meta property=\"og:type\" content=\"article\" \/>\n<meta property=\"og:title\" content=\"BIOSWING Improve\u00ae 150 - BIOSWING\" \/>\n<meta property=\"og:description\" content=\"BIOSWING Improve\u00ae 150 : Avec une longueur de 150 cm et des fr\u00e9quences r\u00e9glables en continu de 3,8 \u00e0 4,8 oscillations par seconde, ce b\u00e2ton oscillant est parfait pour l\u2019entra\u00eenement sant\u00e9 et fitness, ainsi que pour les enfants d\u2019environ six ans et plus.  Poign\u00e9e\/\u00c9l\u00e9ments d\u2019amortissement : Noir Desmopan\u00ae  Fil de balancement: Argent, acier \u00e0 ressort raffin\u00e9 plusieurs fois  Embouts\/R\u00e9gulateur de fr\u00e9quence : Noir PU avec bandes grises  Livr\u00e9 dans un sac de transport avec bandouli\u00e8re\" \/>\n<meta property=\"og:url\" content=\"https:\/\/staging.bioswing.ee\/fr\/toode\/bioswing-improve-150\/\" \/>\n<meta property=\"og:site_name\" content=\"BIOSWING\" \/>\n<meta property=\"article:modified_time\" content=\"2024-12-05T13:18:02+00:00\" \/>\n<meta property=\"og:image\" content=\"https:\/\/bioswing.ee\/wp-content\/uploads\/2024\/11\/Improve-130-150.jpg\" \/>\n\t<meta property=\"og:image:width\" content=\"1500\" \/>\n\t<meta property=\"og:image:height\" content=\"2000\" \/>\n\t<meta property=\"og:image:type\" content=\"image\/jpeg\" \/>\n<meta name=\"twitter:card\" content=\"summary_large_image\" \/>\n<script type=\"application\/ld+json\" class=\"yoast-schema-graph\">{\"@context\":\"https:\/\/schema.org\",\"@graph\":[{\"@type\":\"WebPage\",\"@id\":\"https:\/\/staging.bioswing.ee\/fr\/toode\/bioswing-improve-150\/\",\"url\":\"https:\/\/staging.bioswing.ee\/fr\/toode\/bioswing-improve-150\/\",\"name\":\"BIOSWING Improve\u00ae 150 - BIOSWING\",\"isPartOf\":{\"@id\":\"https:\/\/staging.bioswing.ee\/fr\/#website\"},\"primaryImageOfPage\":{\"@id\":\"https:\/\/staging.bioswing.ee\/fr\/toode\/bioswing-improve-150\/#primaryimage\"},\"image\":{\"@id\":\"https:\/\/staging.bioswing.ee\/fr\/toode\/bioswing-improve-150\/#primaryimage\"},\"thumbnailUrl\":\"https:\/\/staging.bioswing.ee\/wp-content\/uploads\/2024\/11\/Improve-130-150.jpg\",\"datePublished\":\"2024-11-21T14:33:29+00:00\",\"dateModified\":\"2024-12-05T13:18:02+00:00\",\"breadcrumb\":{\"@id\":\"https:\/\/staging.bioswing.ee\/fr\/toode\/bioswing-improve-150\/#breadcrumb\"},\"inLanguage\":\"fr-FR\",\"potentialAction\":[{\"@type\":\"ReadAction\",\"target\":[\"https:\/\/staging.bioswing.ee\/fr\/toode\/bioswing-improve-150\/\"]}]},{\"@type\":\"ImageObject\",\"inLanguage\":\"fr-FR\",\"@id\":\"https:\/\/staging.bioswing.ee\/fr\/toode\/bioswing-improve-150\/#primaryimage\",\"url\":\"https:\/\/staging.bioswing.ee\/wp-content\/uploads\/2024\/11\/Improve-130-150.jpg\",\"contentUrl\":\"https:\/\/staging.bioswing.ee\/wp-content\/uploads\/2024\/11\/Improve-130-150.jpg\",\"width\":1500,\"height\":2000,\"caption\":\"BIOSWING Improve\u00ae 150 & 130\"},{\"@type\":\"BreadcrumbList\",\"@id\":\"https:\/\/staging.bioswing.ee\/fr\/toode\/bioswing-improve-150\/#breadcrumb\",\"itemListElement\":[{\"@type\":\"ListItem\",\"position\":1,\"name\":\"Home\",\"item\":\"https:\/\/bioswing.ee\/fr\/\"},{\"@type\":\"ListItem\",\"position\":2,\"name\":\"BOUTIQUE\",\"item\":\"https:\/\/bioswing.ee\/fr\/shop\/\"},{\"@type\":\"ListItem\",\"position\":3,\"name\":\"BIOSWING Improve\u00ae 150\"}]},{\"@type\":\"WebSite\",\"@id\":\"https:\/\/staging.bioswing.ee\/fr\/#website\",\"url\":\"https:\/\/staging.bioswing.ee\/fr\/\",\"name\":\"BIOSWING\",\"description\":\"Smart solutions for healthy sitting\",\"publisher\":{\"@id\":\"https:\/\/staging.bioswing.ee\/fr\/#organization\"},\"potentialAction\":[{\"@type\":\"SearchAction\",\"target\":{\"@type\":\"EntryPoint\",\"urlTemplate\":\"https:\/\/staging.bioswing.ee\/fr\/?s={search_term_string}\"},\"query-input\":{\"@type\":\"PropertyValueSpecification\",\"valueRequired\":true,\"valueName\":\"search_term_string\"}}],\"inLanguage\":\"fr-FR\"},{\"@type\":\"Organization\",\"@id\":\"https:\/\/staging.bioswing.ee\/fr\/#organization\",\"name\":\"BIOSWING\",\"url\":\"https:\/\/staging.bioswing.ee\/fr\/\",\"logo\":{\"@type\":\"ImageObject\",\"inLanguage\":\"fr-FR\",\"@id\":\"https:\/\/staging.bioswing.ee\/fr\/#\/schema\/logo\/image\/\",\"url\":\"https:\/\/staging.bioswing.ee\/wp-content\/uploads\/2023\/04\/logo_web.png\",\"contentUrl\":\"https:\/\/staging.bioswing.ee\/wp-content\/uploads\/2023\/04\/logo_web.png\",\"width\":140,\"height\":122,\"caption\":\"BIOSWING\"},\"image\":{\"@id\":\"https:\/\/staging.bioswing.ee\/fr\/#\/schema\/logo\/image\/\"}}]}<\/script>\n<!-- \/ Yoast SEO plugin. -->","yoast_head_json":{"title":"BIOSWING Improve\u00ae 150 - BIOSWING","robots":{"index":"noindex","follow":"follow","max-snippet":"max-snippet:-1","max-image-preview":"max-image-preview:large","max-video-preview":"max-video-preview:-1"},"og_locale":"fr_FR","og_type":"article","og_title":"BIOSWING Improve\u00ae 150 - BIOSWING","og_description":"BIOSWING Improve\u00ae 150 : Avec une longueur de 150 cm et des fr\u00e9quences r\u00e9glables en continu de 3,8 \u00e0 4,8 oscillations par seconde, ce b\u00e2ton oscillant est parfait pour l\u2019entra\u00eenement sant\u00e9 et fitness, ainsi que pour les enfants d\u2019environ six ans et plus.  Poign\u00e9e\/\u00c9l\u00e9ments d\u2019amortissement : Noir Desmopan\u00ae  Fil de balancement: Argent, acier \u00e0 ressort raffin\u00e9 plusieurs fois  Embouts\/R\u00e9gulateur de fr\u00e9quence : Noir PU avec bandes grises  Livr\u00e9 dans un sac de transport avec bandouli\u00e8re","og_url":"https:\/\/staging.bioswing.ee\/fr\/toode\/bioswing-improve-150\/","og_site_name":"BIOSWING","article_modified_time":"2024-12-05T13:18:02+00:00","og_image":[{"width":1500,"height":2000,"url":"https:\/\/bioswing.ee\/wp-content\/uploads\/2024\/11\/Improve-130-150.jpg","type":"image\/jpeg"}],"twitter_card":"summary_large_image","schema":{"@context":"https:\/\/schema.org","@graph":[{"@type":"WebPage","@id":"https:\/\/staging.bioswing.ee\/fr\/toode\/bioswing-improve-150\/","url":"https:\/\/staging.bioswing.ee\/fr\/toode\/bioswing-improve-150\/","name":"BIOSWING Improve\u00ae 150 - BIOSWING","isPartOf":{"@id":"https:\/\/staging.bioswing.ee\/fr\/#website"},"primaryImageOfPage":{"@id":"https:\/\/staging.bioswing.ee\/fr\/toode\/bioswing-improve-150\/#primaryimage"},"image":{"@id":"https:\/\/staging.bioswing.ee\/fr\/toode\/bioswing-improve-150\/#primaryimage"},"thumbnailUrl":"https:\/\/staging.bioswing.ee\/wp-content\/uploads\/2024\/11\/Improve-130-150.jpg","datePublished":"2024-11-21T14:33:29+00:00","dateModified":"2024-12-05T13:18:02+00:00","breadcrumb":{"@id":"https:\/\/staging.bioswing.ee\/fr\/toode\/bioswing-improve-150\/#breadcrumb"},"inLanguage":"fr-FR","potentialAction":[{"@type":"ReadAction","target":["https:\/\/staging.bioswing.ee\/fr\/toode\/bioswing-improve-150\/"]}]},{"@type":"ImageObject","inLanguage":"fr-FR","@id":"https:\/\/staging.bioswing.ee\/fr\/toode\/bioswing-improve-150\/#primaryimage","url":"https:\/\/staging.bioswing.ee\/wp-content\/uploads\/2024\/11\/Improve-130-150.jpg","contentUrl":"https:\/\/staging.bioswing.ee\/wp-content\/uploads\/2024\/11\/Improve-130-150.jpg","width":1500,"height":2000,"caption":"BIOSWING Improve\u00ae 150 & 130"},{"@type":"BreadcrumbList","@id":"https:\/\/staging.bioswing.ee\/fr\/toode\/bioswing-improve-150\/#breadcrumb","itemListElement":[{"@type":"ListItem","position":1,"name":"Home","item":"https:\/\/bioswing.ee\/fr\/"},{"@type":"ListItem","position":2,"name":"BOUTIQUE","item":"https:\/\/bioswing.ee\/fr\/shop\/"},{"@type":"ListItem","position":3,"name":"BIOSWING Improve\u00ae 150"}]},{"@type":"WebSite","@id":"https:\/\/staging.bioswing.ee\/fr\/#website","url":"https:\/\/staging.bioswing.ee\/fr\/","name":"BIOSWING","description":"Smart solutions for healthy sitting","publisher":{"@id":"https:\/\/staging.bioswing.ee\/fr\/#organization"},"potentialAction":[{"@type":"SearchAction","target":{"@type":"EntryPoint","urlTemplate":"https:\/\/staging.bioswing.ee\/fr\/?s={search_term_string}"},"query-input":{"@type":"PropertyValueSpecification","valueRequired":true,"valueName":"search_term_string"}}],"inLanguage":"fr-FR"},{"@type":"Organization","@id":"https:\/\/staging.bioswing.ee\/fr\/#organization","name":"BIOSWING","url":"https:\/\/staging.bioswing.ee\/fr\/","logo":{"@type":"ImageObject","inLanguage":"fr-FR","@id":"https:\/\/staging.bioswing.ee\/fr\/#\/schema\/logo\/image\/","url":"https:\/\/staging.bioswing.ee\/wp-content\/uploads\/2023\/04\/logo_web.png","contentUrl":"https:\/\/staging.bioswing.ee\/wp-content\/uploads\/2023\/04\/logo_web.png","width":140,"height":122,"caption":"BIOSWING"},"image":{"@id":"https:\/\/staging.bioswing.ee\/fr\/#\/schema\/logo\/image\/"}}]}},"_links":{"self":[{"href":"https:\/\/staging.bioswing.ee\/fr\/wp-json\/wp\/v2\/product\/15535","targetHints":{"allow":["GET"]}}],"collection":[{"href":"https:\/\/staging.bioswing.ee\/fr\/wp-json\/wp\/v2\/product"}],"about":[{"href":"https:\/\/staging.bioswing.ee\/fr\/wp-json\/wp\/v2\/types\/product"}],"wp:featuredmedia":[{"embeddable":true,"href":"https:\/\/staging.bioswing.ee\/fr\/wp-json\/wp\/v2\/media\/14390"}],"wp:attachment":[{"href":"https:\/\/staging.bioswing.ee\/fr\/wp-json\/wp\/v2\/media?parent=15535"}],"wp:term":[{"taxonomy":"product_brand","embeddable":true,"href":"https:\/\/staging.bioswing.ee\/fr\/wp-json\/wp\/v2\/product_brand?post=15535"},{"taxonomy":"product_cat","embeddable":true,"href":"https:\/\/staging.bioswing.ee\/fr\/wp-json\/wp\/v2\/product_cat?post=15535"},{"taxonomy":"product_tag","embeddable":true,"href":"https:\/\/staging.bioswing.ee\/fr\/wp-json\/wp\/v2\/product_tag?post=15535"}],"curies":[{"name":"wp","href":"https:\/\/api.w.org\/{rel}","templated":true}]}}